
{"id":9842,"date":"2023-02-23T15:59:41","date_gmt":"2023-02-23T14:59:41","guid":{"rendered":"https:\/\/www.plantedforests.org\/?page_id=9842"},"modified":"2025-06-24T08:28:56","modified_gmt":"2025-06-24T06:28:56","slug":"membership","status":"publish","type":"page","link":"https:\/\/www.plantedforests.org\/pt\/membership\/","title":{"rendered":"ADES\u00c3O AO IEFC"},"content":{"rendered":"<h2> ADES\u00c3O al IEFC<\/h2>\n<h2>Porqu\u00ea tornar-se um membro?<\/h2>\n<ul>\n<li>Participar em grupos de trabalho existentes no \u00e2mbito do IEFC<\/li>\n<li>Preprarar projetos transnacionais<\/li>\n<li>Facilitar o contacto com outras organiza\u00e7\u00f5es de investiga\u00e7\u00e3o e forma\u00e7\u00e3o profissional para organizar interc\u00e2mbios e experi\u00eancias cient\u00edficas<\/li>\n<li>Organizar eventos e fazer publica\u00e7\u00f5es<\/li>\n<li>Melhorar o sentimento do p\u00fablico em rela\u00e7\u00e3o \u00e0s florestas cultivadas<\/li>\n<li>Participar em reuni\u00f5es e assembleias gerais capazes de modificar as orienta\u00e7\u00f5es do IEFC<\/li>\n<li>Receber a vers\u00e3o eletr\u00f3nica da\u00a0<em>Newsletter<\/em>\u00a0do IEFC<\/li>\n<li>Beneficiar de tarifas reduzidas para participar em eventos organizados pelo IEFC<\/li>\n<\/ul>\n<h2>Porqu\u00ea tornar-se um membro associado?<br \/>\n<\/h2>\n<p>Para mostrar o seu interesse nas atividades do IEFC e tirar partido da rede.<\/p>\n<h2>Quem pode tornar-se membro?<br \/>\n<\/h2>\n<p>Os membros do IEFC s\u00e3o pessoas coletivas. Qualquer organiza\u00e7\u00e3o (Centro de Investiga\u00e7\u00e3o, Associa\u00e7\u00e3o para o desenvolvimento florestal, Centros de forma\u00e7\u00e3o profissional,\u2026) que pretenda trabalhar para a melhoria e promo\u00e7\u00e3o da gest\u00e3o sustent\u00e1vel das florestas do sul da Europa pode associar-se ao IEFC. Organiza\u00e7\u00e3o profissional e organiza\u00e7\u00e3o de investiga\u00e7\u00e3o relacionada com florestas plantadas ou empresas com a maior parte das suas actividades relacionadas com planta\u00e7\u00f5es florestais.<\/p>\n<h2>Como tornar-se membro?<br \/>\n<\/h2>\n<p>A ades\u00e3o est\u00e1 sujeita \u00e0 aprova\u00e7\u00e3o da Assembleia Geral (CA). Ser\u00e1 necess\u00e1ria uma apresenta\u00e7\u00e3o online de 2 a 5 minutos sobre a sua organiza\u00e7\u00e3o para entender melhor suas atividades e discutir poss\u00edveis sinergias com o IEFC.<\/p>\n<p>Preencha sua solicita\u00e7\u00e3o de ades\u00e3o atrav\u00e9s do nosso formul\u00e1rio online. Assim que a sua candidatura for aprovada pelo Conselho de Administra\u00e7\u00e3o, voc\u00ea receber\u00e1 uma fatura referente \u00e0 taxa de ades\u00e3o.<\/p>\n<p><strong>Email :<\/strong> secretariat[at]iefc.net<\/p>\n<p>\t\t\t\t\t<a href=\"https:\/\/nextcloud.iefc.net\/index.php\/apps\/forms\/s\/WDnPgbEte4AXxwKXj7qs66F2\" target=\"_blank\"><br \/>\n\t\t\t\t<svg aria-hidden=\"true\" viewBox=\"0 0 448 512\" xmlns=\"http:\/\/www.w3.org\/2000\/svg\"><path d=\"M16 132h416c8.837 0 16-7.163 16-16V76c0-8.837-7.163-16-16-16H16C7.163 60 0 67.163 0 76v40c0 8.837 7.163 16 16 16zm0 160h416c8.837 0 16-7.163 16-16v-40c0-8.837-7.163-16-16-16H16c-8.837 0-16 7.163-16 16v40c0 8.837 7.163 16 16 16zm0 160h416c8.837 0 16-7.163 16-16v-40c0-8.837-7.163-16-16-16H16c-8.837 0-16 7.163-16 16v40c0 8.837 7.163 16 16 16z\"><\/path><\/svg><br \/>\n\t\t\t\t\t\t\t\t\tPreencha o formul\u00e1rio de inscri\u00e7\u00e3o<br \/>\n\t\t\t\t\t<\/a><\/p>\n<p style=\"text-align: center;\">O montante atual da quota anual \u00e9 de 300 Euros \u2013 Gr\u00e1tis para membros associados<\/p>\n","protected":false},"excerpt":{"rendered":"<p>ADES\u00c3O al IEFC Porqu\u00ea tornar-se um membro? Participar em grupos de trabalho existentes no \u00e2mbito do IEFC Preprarar projetos transnacionais Facilitar o contacto com outras organiza\u00e7\u00f5es de investiga\u00e7\u00e3o e forma\u00e7\u00e3o [&hellip;]<\/p>\n","protected":false},"author":101,"featured_media":0,"parent":0,"menu_order":0,"comment_status":"closed","ping_status":"closed","template":"","meta":{"_acf_changed":false,"_eb_attr":"","_EventAllDay":false,"_EventTimezone":"","_EventStartDate":"","_EventEndDate":"","_EventStartDateUTC":"","_EventEndDateUTC":"","_EventShowMap":false,"_EventShowMapLink":false,"_EventURL":"","_EventCost":"","_EventCostDescription":"","_EventCurrencySymbol":"","_EventCurrencyCode":"","_EventCurrencyPosition":"","_EventDateTimeSeparator":"","_EventTimeRangeSeparator":"","_EventOrganizerID":[],"_EventVenueID":[],"_OrganizerEmail":"","_OrganizerPhone":"","_OrganizerWebsite":"","_VenueAddress":"","_VenueCity":"","_VenueCountry":"","_VenueProvince":"","_VenueState":"","_VenueZip":"","_VenuePhone":"","_VenueURL":"","_VenueStateProvince":"","_VenueLat":"","_VenueLng":"","_VenueShowMap":false,"_VenueShowMapLink":false,"activitypub_content_warning":"","activitypub_content_visibility":"","activitypub_max_image_attachments":4,"activitypub_interaction_policy_quote":"anyone","activitypub_status":"federated","footnotes":""},"class_list":["post-9842","page","type-page","status-publish","hentry"],"translation":{"provider":"WPGlobus","version":"3.0.2","language":"pt","enabled_languages":["gb","fr","es","pt"],"languages":{"gb":{"title":true,"content":true,"excerpt":false},"fr":{"title":true,"content":true,"excerpt":false},"es":{"title":true,"content":true,"excerpt":false},"pt":{"title":true,"content":true,"excerpt":false}}},"acf":[],"yoast_head":"<!-- This site is optimized with the Yoast SEO plugin v27.4 - https:\/\/yoast.com\/product\/yoast-seo-wordpress\/ -->\n<title>ADES\u00c3O AO IEFC - Instituto Europeu De Floresta Plantada - IEFC<\/title>\n<meta name=\"robots\" content=\"index, follow, max-snippet:-1, max-image-preview:large, max-video-preview:-1\" \/>\n<link rel=\"canonical\" href=\"https:\/\/www.plantedforests.org\/pt\/membership\/\" \/>\n<meta property=\"og:locale\" content=\"pt_PT\" \/>\n<meta property=\"og:type\" content=\"article\" \/>\n<meta property=\"og:title\" content=\"ADES\u00c3O AO IEFC - Instituto Europeu De Floresta Plantada - IEFC\" \/>\n<meta property=\"og:url\" content=\"https:\/\/www.plantedforests.org\/pt\/membership\/\" \/>\n<meta property=\"og:site_name\" content=\"Instituto Europeu De Floresta Plantada - IEFC\" \/>\n<meta property=\"article:modified_time\" content=\"2025-06-24T06:28:56+00:00\" \/>\n<meta name=\"twitter:card\" content=\"summary_large_image\" \/>\n<meta name=\"twitter:site\" content=\"@IEFCPlantForest\" \/>\n<meta name=\"twitter:label1\" content=\"Tempo estimado de leitura\" \/>\n\t<meta name=\"twitter:data1\" content=\"2 minutos\" \/>\n<script type=\"application\/ld+json\" class=\"yoast-schema-graph\">{\"@context\":\"https:\\\/\\\/schema.org\",\"@graph\":[{\"@type\":\"WebPage\",\"@id\":\"https:\\\/\\\/www.plantedforests.org\\\/pt\\\/membership\\\/\",\"url\":\"https:\\\/\\\/www.plantedforests.org\\\/pt\\\/membership\\\/\",\"name\":\"ADES\u00c3O AO IEFC - Instituto Europeu De Floresta Plantada - IEFC\",\"isPartOf\":{\"@id\":\"https:\\\/\\\/www.plantedforests.org\\\/fr\\\/#website\"},\"datePublished\":\"2023-02-23T14:59:41+00:00\",\"dateModified\":\"2025-06-24T06:28:56+00:00\",\"breadcrumb\":{\"@id\":\"https:\\\/\\\/www.plantedforests.org\\\/pt\\\/membership\\\/#breadcrumb\"},\"inLanguage\":\"pt-PT\",\"potentialAction\":[{\"@type\":\"ReadAction\",\"target\":[\"https:\\\/\\\/www.plantedforests.org\\\/pt\\\/membership\\\/\"]}]},{\"@type\":\"BreadcrumbList\",\"@id\":\"https:\\\/\\\/www.plantedforests.org\\\/pt\\\/membership\\\/#breadcrumb\",\"itemListElement\":[{\"@type\":\"ListItem\",\"position\":1,\"name\":\"Accueil\",\"item\":\"https:\\\/\\\/www.plantedforests.org\\\/\"},{\"@type\":\"ListItem\",\"position\":2,\"name\":\"ADES\u00c3O AO IEFC\"}]},{\"@type\":\"WebSite\",\"@id\":\"https:\\\/\\\/www.plantedforests.org\\\/fr\\\/#website\",\"url\":\"https:\\\/\\\/www.plantedforests.org\\\/fr\\\/\",\"name\":\"Instituto Europeu De Floresta Plantada - IEFC\",\"description\":\"A rede IEFC para a gest\u00e3o sustent\u00e1vel e resili\u00eancia das florestas cultivadas\",\"publisher\":{\"@id\":\"https:\\\/\\\/www.plantedforests.org\\\/fr\\\/#organization\"},\"potentialAction\":[{\"@type\":\"SearchAction\",\"target\":{\"@type\":\"EntryPoint\",\"urlTemplate\":\"https:\\\/\\\/www.plantedforests.org\\\/fr\\\/?s={search_term_string}\"},\"query-input\":{\"@type\":\"PropertyValueSpecification\",\"valueRequired\":true,\"valueName\":\"search_term_string\"}}],\"inLanguage\":\"pt-PT\"},{\"@type\":\"Organization\",\"@id\":\"https:\\\/\\\/www.plantedforests.org\\\/fr\\\/#organization\",\"name\":\"Institut Europ\u00e9en de la For\u00eat Cultiv\u00e9e - Plantedforests.org\",\"url\":\"https:\\\/\\\/www.plantedforests.org\\\/fr\\\/\",\"logo\":{\"@type\":\"ImageObject\",\"inLanguage\":\"pt-PT\",\"@id\":\"https:\\\/\\\/www.plantedforests.org\\\/fr\\\/#\\\/schema\\\/logo\\\/image\\\/\",\"url\":\"https:\\\/\\\/www.plantedforests.org\\\/wp-content\\\/uploads\\\/2022\\\/07\\\/Logo_iefc__FR.png\",\"contentUrl\":\"https:\\\/\\\/www.plantedforests.org\\\/wp-content\\\/uploads\\\/2022\\\/07\\\/Logo_iefc__FR.png\",\"width\":2031,\"height\":1001,\"caption\":\"Institut Europ\u00e9en de la For\u00eat Cultiv\u00e9e - Plantedforests.org\"},\"image\":{\"@id\":\"https:\\\/\\\/www.plantedforests.org\\\/fr\\\/#\\\/schema\\\/logo\\\/image\\\/\"},\"sameAs\":[\"https:\\\/\\\/x.com\\\/IEFCPlantForest\",\"https:\\\/\\\/www.linkedin.com\\\/company\\\/71728047\\\/\"]}]}<\/script>\n<!-- \/ Yoast SEO plugin. -->","yoast_head_json":{"title":"ADES\u00c3O AO IEFC - Instituto Europeu De Floresta Plantada - IEFC","robots":{"index":"index","follow":"follow","max-snippet":"max-snippet:-1","max-image-preview":"max-image-preview:large","max-video-preview":"max-video-preview:-1"},"canonical":"https:\/\/www.plantedforests.org\/pt\/membership\/","og_locale":"pt_PT","og_type":"article","og_title":"ADES\u00c3O AO IEFC - Instituto Europeu De Floresta Plantada - IEFC","og_url":"https:\/\/www.plantedforests.org\/pt\/membership\/","og_site_name":"Instituto Europeu De Floresta Plantada - IEFC","article_modified_time":"2025-06-24T06:28:56+00:00","twitter_card":"summary_large_image","twitter_site":"@IEFCPlantForest","twitter_misc":{"Tempo estimado de leitura":"2 minutos"},"schema":{"@context":"https:\/\/schema.org","@graph":[{"@type":"WebPage","@id":"https:\/\/www.plantedforests.org\/pt\/membership\/","url":"https:\/\/www.plantedforests.org\/pt\/membership\/","name":"ADES\u00c3O AO IEFC - Instituto Europeu De Floresta Plantada - IEFC","isPartOf":{"@id":"https:\/\/www.plantedforests.org\/fr\/#website"},"datePublished":"2023-02-23T14:59:41+00:00","dateModified":"2025-06-24T06:28:56+00:00","breadcrumb":{"@id":"https:\/\/www.plantedforests.org\/pt\/membership\/#breadcrumb"},"inLanguage":"pt-PT","potentialAction":[{"@type":"ReadAction","target":["https:\/\/www.plantedforests.org\/pt\/membership\/"]}]},{"@type":"BreadcrumbList","@id":"https:\/\/www.plantedforests.org\/pt\/membership\/#breadcrumb","itemListElement":[{"@type":"ListItem","position":1,"name":"Accueil","item":"https:\/\/www.plantedforests.org\/"},{"@type":"ListItem","position":2,"name":"ADES\u00c3O AO IEFC"}]},{"@type":"WebSite","@id":"https:\/\/www.plantedforests.org\/fr\/#website","url":"https:\/\/www.plantedforests.org\/fr\/","name":"Instituto Europeu De Floresta Plantada - IEFC","description":"A rede IEFC para a gest\u00e3o sustent\u00e1vel e resili\u00eancia das florestas cultivadas","publisher":{"@id":"https:\/\/www.plantedforests.org\/fr\/#organization"},"potentialAction":[{"@type":"SearchAction","target":{"@type":"EntryPoint","urlTemplate":"https:\/\/www.plantedforests.org\/fr\/?s={search_term_string}"},"query-input":{"@type":"PropertyValueSpecification","valueRequired":true,"valueName":"search_term_string"}}],"inLanguage":"pt-PT"},{"@type":"Organization","@id":"https:\/\/www.plantedforests.org\/fr\/#organization","name":"Institut Europ\u00e9en de la For\u00eat Cultiv\u00e9e - Plantedforests.org","url":"https:\/\/www.plantedforests.org\/fr\/","logo":{"@type":"ImageObject","inLanguage":"pt-PT","@id":"https:\/\/www.plantedforests.org\/fr\/#\/schema\/logo\/image\/","url":"https:\/\/www.plantedforests.org\/wp-content\/uploads\/2022\/07\/Logo_iefc__FR.png","contentUrl":"https:\/\/www.plantedforests.org\/wp-content\/uploads\/2022\/07\/Logo_iefc__FR.png","width":2031,"height":1001,"caption":"Institut Europ\u00e9en de la For\u00eat Cultiv\u00e9e - Plantedforests.org"},"image":{"@id":"https:\/\/www.plantedforests.org\/fr\/#\/schema\/logo\/image\/"},"sameAs":["https:\/\/x.com\/IEFCPlantForest","https:\/\/www.linkedin.com\/company\/71728047\/"]}]}},"_links":{"self":[{"href":"https:\/\/www.plantedforests.org\/pt\/wp-json\/wp\/v2\/pages\/9842","targetHints":{"allow":["GET"]}}],"collection":[{"href":"https:\/\/www.plantedforests.org\/pt\/wp-json\/wp\/v2\/pages"}],"about":[{"href":"https:\/\/www.plantedforests.org\/pt\/wp-json\/wp\/v2\/types\/page"}],"author":[{"embeddable":true,"href":"https:\/\/www.plantedforests.org\/pt\/wp-json\/wp\/v2\/users\/101"}],"replies":[{"embeddable":true,"href":"https:\/\/www.plantedforests.org\/pt\/wp-json\/wp\/v2\/comments?post=9842"}],"version-history":[{"count":194,"href":"https:\/\/www.plantedforests.org\/pt\/wp-json\/wp\/v2\/pages\/9842\/revisions"}],"predecessor-version":[{"id":25424,"href":"https:\/\/www.plantedforests.org\/pt\/wp-json\/wp\/v2\/pages\/9842\/revisions\/25424"}],"wp:attachment":[{"href":"https:\/\/www.plantedforests.org\/pt\/wp-json\/wp\/v2\/media?parent=9842"}],"curies":[{"name":"wp","href":"https:\/\/api.w.org\/{rel}","templated":true}]}}