
{"id":8210,"date":"2022-12-15T09:29:48","date_gmt":"2022-12-15T08:29:48","guid":{"rendered":"https:\/\/www.iefc.net\/?page_id=8210"},"modified":"2026-01-26T10:02:00","modified_gmt":"2026-01-26T09:02:00","slug":"geff","status":"publish","type":"page","link":"https:\/\/www.plantedforests.org\/pt\/geff\/","title":{"rendered":"GEFF"},"content":{"rendered":"\n<h2 class=\"wp-block-heading has-black-color has-text-color\">Group of French-Speaking Forest Entomologists<\/h2>\n\n\n\n<p class=\"has-text-color\" style=\"color:#006633\"><strong>Pourquoi le GEFF ?<\/strong><\/p>\n\n\n\n<p class=\"has-black-color has-text-color\">Les for\u00eats abritent sans doute plus de la moiti\u00e9 des esp\u00e8ces terrestres. Or pr\u00e8s de la moiti\u00e9 des esp\u00e8ces connues sont des insectes. Les <strong>insectes forestiers<\/strong> repr\u00e9sentent donc un objet d\u2019\u00e9tude essentiel pour \u00e9valuer la <strong>biodiversit\u00e9 en for\u00eat<\/strong>, suivre son \u00e9volution, pr\u00e9dire sa r\u00e9ponse aux effets de la gestion.<br>Les insectes participent \u00e9galement au fonctionnement de l\u2019\u00e9cosyst\u00e8me forestier en affectant la croissance et la survie des arbres (phytophages), en r\u00e9gulant les populations de phytophages (parasito\u00efdes et pr\u00e9dateurs), ainsi qu\u2019en recyclant la mati\u00e8re organique (saproxyliques).<\/p>\n\n\n\n<p class=\"has-black-color has-text-color\">Au-del\u00e0 de ces fonctions multiples, les insectes forestiers partagent des traits de vie communs en termes de reproduction, dispersion et nutrition, dont la connaissance nourrit des disciplines aussi vari\u00e9es que l\u2019\u00e9thologie, la biologie \u00e9volutive, la biologie de la conservation ou l\u2019\u00e9cologie. Cette connaissance est fond\u00e9e sur l\u2019observation in natura, le suivi de r\u00e9seaux syst\u00e9matiques et le d\u00e9veloppement d\u2019exp\u00e9rimentations. Elle renseigne sur l\u2019\u00e9tat de la biodiversit\u00e9 et la sant\u00e9 des for\u00eats, et permet de pr\u00e9dire leur \u00e9volution et de proposer des solutions pour leur gestion.<\/p>\n\n\n\n<p class=\"has-black-color has-text-color\">Or cette <strong>connaissance des insectes forestiers <\/strong>est diffuse, partag\u00e9e entre naturalistes, scientifiques ou gestionnaires, dispers\u00e9e entre associations, institutions ou p\u00f4les g\u00e9ographiques vari\u00e9s. Il nous est donc apparu qu\u2019un <strong>cadre d\u2019\u00e9change<\/strong> entre tous les <strong>passionn\u00e9s d\u2019entomologie foresti\u00e8re<\/strong> permettrait de mieux partager cette connaissance et donc de progresser ensemble dans notre compr\u00e9hension du fonctionnement des communaut\u00e9s d\u2019insectes forestiers. Ce cadre n\u2019existait pas, nous l\u2019avons cr\u00e9\u00e9 en fondant le Groupe des Entomologistes Forestiers Francophones (GEFF). Il permet de faciliter le <strong>dialogue entre professionnels<\/strong> de tous horizons s\u2019int\u00e9ressant aux insectes des for\u00eats dans la communaut\u00e9 francophone au sens large.<\/p>\n\n\n\n<figure class=\"wp-block-image size-full is-resized\"><img fetchpriority=\"high\" decoding=\"async\" width=\"224\" height=\"336\" src=\"https:\/\/www.plantedforests.org\/wp-content\/uploads\/2022\/12\/Image1.jpg\" alt=\"\" class=\"wp-image-8243\" style=\"width:331px;height:497px\" srcset=\"https:\/\/www.plantedforests.org\/wp-content\/uploads\/2022\/12\/Image1.jpg 224w, https:\/\/www.plantedforests.org\/wp-content\/uploads\/2022\/12\/Image1-200x300.jpg 200w, https:\/\/www.plantedforests.org\/wp-content\/uploads\/2022\/12\/Image1-100x150.jpg 100w\" sizes=\"(max-width: 224px) 100vw, 224px\" \/><\/figure>\n\n\n\n<p><\/p>\n\n\n\n<p class=\"has-text-color\" style=\"color:#006633\"><strong>Qui participe au GEFF ?<\/strong><\/p>\n\n\n\n<p class=\"has-black-color has-text-color\">Le GEFF rassemble \u00e0 l\u2019heure actuelle des<strong> entomologistes forestiers de France, Belgique, Luxembourg et de Suisse<\/strong>. Il a vocation \u00e0 accueillir \u00e9galement les coll\u00e8gues francophones du reste de l\u2019Europe.<\/p>\n\n\n\n<p class=\"has-black-color has-text-color\">Ses participants comprennent notamment des \u00e9quipes de recherche suivantes :<\/p>\n\n\n\n<p class=\"has-black-color has-text-color\">\u2022 INRA (Avignon, Bordeaux, Orl\u00e9ans, Toulouse)<br>\u2022 IRSTEA (Nogent)<br>\u2022 Mus\u00e9ums d\u2019Histoire Naturelle en France (Paris), Suisse (Neufch\u00e2tel), au Luxembourg<br>\u2022 CABI (Del\u00e9mont, Suisse)<br>\u2022 Institut f\u00e9d\u00e9ral de recherches sur la for\u00eat, la neige et le paysage ( WSL, Suisse)<br>\u2022 Universit\u00e9 en France (Grenoble, Lyon, Orl\u00e9ans, Rennes, Tours) et en Belgique (Bruxelles, Gand, Gembloux, Li\u00e8ge)<br>\u2022 Organismes en charge de la surveillance des for\u00eats (D\u00e9partement de la Sant\u00e9 des For\u00eats, DSF)<br>\u2022 Organismes en charge de la biodiversit\u00e9 (OPIE, Biodiversit\u00e9 \u2013 Wallonie)<br>\u2022 Organismes de gestion des for\u00eats (ONF, CRPF en France)<br>\u2022 Associations de naturalistes (Soci\u00e9t\u00e9s Linn\u00e9ennes)<\/p>\n\n\n\n<figure class=\"wp-block-image size-full is-resized\"><img decoding=\"async\" width=\"336\" height=\"189\" src=\"https:\/\/www.plantedforests.org\/wp-content\/uploads\/2022\/12\/Image2.jpg\" alt=\"\" class=\"wp-image-8246\" style=\"width:733px;height:412px\" srcset=\"https:\/\/www.plantedforests.org\/wp-content\/uploads\/2022\/12\/Image2.jpg 336w, https:\/\/www.plantedforests.org\/wp-content\/uploads\/2022\/12\/Image2-300x169.jpg 300w, https:\/\/www.plantedforests.org\/wp-content\/uploads\/2022\/12\/Image2-150x84.jpg 150w\" sizes=\"(max-width: 336px) 100vw, 336px\" \/><\/figure>\n\n\n\n<p class=\"has-text-color\" style=\"color:#006622\"><strong>Quelles sont les activit\u00e9s du GEFF ?<\/strong><\/p>\n\n\n\n<p class=\"has-black-color has-text-color\">Le GEFF organise une fois par an des rencontres de trois jours au cours desquelles se succ\u00e8dent des pr\u00e9sentations de r\u00e9sultats en salle et des sorties de terrain. Depuis 2011, ces activit\u00e9s b\u00e9n\u00e9ficient de l\u2019appui d\u2019EFIPLANT. \u00c0 terme le GEFF d\u00e9veloppera un outil web d\u2019\u00e9changes d\u2019information entre entomologistes forestiers.<\/p>\n\n\n\n<p><\/p>\n\n\n\n<div class=\"wp-block-buttons is-layout-flex wp-block-buttons-is-layout-flex\">\n<div class=\"wp-block-button\"><a class=\"wp-block-button__link has-background wp-element-button\" href=\"https:\/\/www.plantedforests.org\/fr\/geff-2021-presentations\/\" style=\"background-color:#006633\">GEFF 2021<\/a><\/div>\n\n\n\n<div class=\"wp-block-button\"><a class=\"wp-block-button__link has-background wp-element-button\" href=\"https:\/\/www.plantedforests.org\/fr\/geff-2022\/\" style=\"background-color:#006633\">GEFF 2022<\/a><\/div>\n\n\n\n<div class=\"wp-block-button\"><a class=\"wp-block-button__link has-background wp-element-button\" href=\"https:\/\/www.plantedforests.org\/fr\/geff-2025\/\" style=\"background-color:#006633\">GEFF 2025<\/a><\/div>\n<\/div>\n\n\n\n<p><\/p>\n\n\n\n<p class=\"has-black-color has-text-color\"><em>Pour plus d&#8217;informations sur les r\u00e9unions annuelles pr\u00e9c\u00e9dentes du GEFF, veuillez nous contacter<\/em> : <a href=\"https:\/\/www.plantedforests.org\/fr\/contact\/\" target=\"_blank\" rel=\"noreferrer noopener\">cliquez i<\/a><a href=\"https:\/\/www.plantedforests.org\/contact\/\" target=\"_blank\" rel=\"noreferrer noopener\">ci<\/a><\/p>\n","protected":false},"excerpt":{"rendered":"<p>Group of French-Speaking Forest Entomologists Pourquoi le GEFF ? Les for\u00eats abritent sans doute plus de la moiti\u00e9 des esp\u00e8ces terrestres. Or pr\u00e8s de la moiti\u00e9 des esp\u00e8ces connues sont [&hellip;]<\/p>\n","protected":false},"author":101,"featured_media":0,"parent":0,"menu_order":0,"comment_status":"closed","ping_status":"closed","template":"","meta":{"_acf_changed":false,"_eb_attr":"","_EventAllDay":false,"_EventTimezone":"","_EventStartDate":"","_EventEndDate":"","_EventStartDateUTC":"","_EventEndDateUTC":"","_EventShowMap":false,"_EventShowMapLink":false,"_EventURL":"","_EventCost":"","_EventCostDescription":"","_EventCurrencySymbol":"","_EventCurrencyCode":"","_EventCurrencyPosition":"","_EventDateTimeSeparator":"","_EventTimeRangeSeparator":"","_EventOrganizerID":[],"_EventVenueID":[],"_OrganizerEmail":"","_OrganizerPhone":"","_OrganizerWebsite":"","_VenueAddress":"","_VenueCity":"","_VenueCountry":"","_VenueProvince":"","_VenueState":"","_VenueZip":"","_VenuePhone":"","_VenueURL":"","_VenueStateProvince":"","_VenueLat":"","_VenueLng":"","_VenueShowMap":false,"_VenueShowMapLink":false,"activitypub_content_warning":"","activitypub_content_visibility":"local","activitypub_max_image_attachments":4,"activitypub_interaction_policy_quote":"anyone","activitypub_status":"pending","footnotes":""},"class_list":["post-8210","page","type-page","status-publish","hentry"],"translation":{"provider":"WPGlobus","version":"3.0.2","language":"pt","enabled_languages":["gb","fr","es","pt"],"languages":{"gb":{"title":true,"content":true,"excerpt":false},"fr":{"title":false,"content":false,"excerpt":false},"es":{"title":false,"content":false,"excerpt":false},"pt":{"title":false,"content":false,"excerpt":false}}},"acf":[],"yoast_head":"<!-- This site is optimized with the Yoast SEO plugin v27.3 - https:\/\/yoast.com\/product\/yoast-seo-wordpress\/ -->\n<title>GEFF - Instituto Europeu De Floresta Plantada - IEFC<\/title>\n<meta name=\"robots\" content=\"index, follow, max-snippet:-1, max-image-preview:large, max-video-preview:-1\" \/>\n<link rel=\"canonical\" href=\"https:\/\/www.plantedforests.org\/geff\/\" \/>\n<meta property=\"og:locale\" content=\"pt_PT\" \/>\n<meta property=\"og:type\" content=\"article\" \/>\n<meta property=\"og:title\" content=\"GEFF - Instituto Europeu De Floresta Plantada - IEFC\" \/>\n<meta property=\"og:url\" content=\"https:\/\/www.plantedforests.org\/geff\/\" \/>\n<meta property=\"og:site_name\" content=\"Instituto Europeu De Floresta Plantada - IEFC\" \/>\n<meta property=\"article:modified_time\" content=\"2026-01-26T09:02:00+00:00\" \/>\n<meta property=\"og:image\" content=\"https:\/\/www.plantedforests.org\/wp-content\/uploads\/2022\/12\/Image1.jpg\" \/>\n\t<meta property=\"og:image:width\" content=\"224\" \/>\n\t<meta property=\"og:image:height\" content=\"336\" \/>\n\t<meta property=\"og:image:type\" content=\"image\/jpeg\" \/>\n<meta name=\"twitter:card\" content=\"summary_large_image\" \/>\n<meta name=\"twitter:site\" content=\"@IEFCPlantForest\" \/>\n<meta name=\"twitter:label1\" content=\"Tempo estimado de leitura\" \/>\n\t<meta name=\"twitter:data1\" content=\"3 minutos\" \/>\n<script type=\"application\/ld+json\" class=\"yoast-schema-graph\">{\"@context\":\"https:\\\/\\\/schema.org\",\"@graph\":[{\"@type\":\"WebPage\",\"@id\":\"https:\\\/\\\/www.plantedforests.org\\\/geff\\\/\",\"url\":\"https:\\\/\\\/www.plantedforests.org\\\/geff\\\/\",\"name\":\"GEFF - Instituto Europeu De Floresta Plantada - IEFC\",\"isPartOf\":{\"@id\":\"https:\\\/\\\/www.plantedforests.org\\\/fr\\\/#website\"},\"primaryImageOfPage\":{\"@id\":\"https:\\\/\\\/www.plantedforests.org\\\/geff\\\/#primaryimage\"},\"image\":{\"@id\":\"https:\\\/\\\/www.plantedforests.org\\\/geff\\\/#primaryimage\"},\"thumbnailUrl\":\"https:\\\/\\\/www.plantedforests.org\\\/wp-content\\\/uploads\\\/2022\\\/12\\\/Image1.jpg\",\"datePublished\":\"2022-12-15T08:29:48+00:00\",\"dateModified\":\"2026-01-26T09:02:00+00:00\",\"breadcrumb\":{\"@id\":\"https:\\\/\\\/www.plantedforests.org\\\/geff\\\/#breadcrumb\"},\"inLanguage\":\"pt-PT\",\"potentialAction\":[{\"@type\":\"ReadAction\",\"target\":[\"https:\\\/\\\/www.plantedforests.org\\\/geff\\\/\"]}]},{\"@type\":\"ImageObject\",\"inLanguage\":\"pt-PT\",\"@id\":\"https:\\\/\\\/www.plantedforests.org\\\/geff\\\/#primaryimage\",\"url\":\"https:\\\/\\\/www.plantedforests.org\\\/wp-content\\\/uploads\\\/2022\\\/12\\\/Image1.jpg\",\"contentUrl\":\"https:\\\/\\\/www.plantedforests.org\\\/wp-content\\\/uploads\\\/2022\\\/12\\\/Image1.jpg\"},{\"@type\":\"BreadcrumbList\",\"@id\":\"https:\\\/\\\/www.plantedforests.org\\\/geff\\\/#breadcrumb\",\"itemListElement\":[{\"@type\":\"ListItem\",\"position\":1,\"name\":\"Accueil\",\"item\":\"https:\\\/\\\/www.plantedforests.org\\\/\"},{\"@type\":\"ListItem\",\"position\":2,\"name\":\"GEFF\"}]},{\"@type\":\"WebSite\",\"@id\":\"https:\\\/\\\/www.plantedforests.org\\\/fr\\\/#website\",\"url\":\"https:\\\/\\\/www.plantedforests.org\\\/fr\\\/\",\"name\":\"Instituto Europeu De Floresta Plantada - IEFC\",\"description\":\"A rede IEFC para a gest\u00e3o sustent\u00e1vel e resili\u00eancia das florestas cultivadas\",\"publisher\":{\"@id\":\"https:\\\/\\\/www.plantedforests.org\\\/fr\\\/#organization\"},\"potentialAction\":[{\"@type\":\"SearchAction\",\"target\":{\"@type\":\"EntryPoint\",\"urlTemplate\":\"https:\\\/\\\/www.plantedforests.org\\\/fr\\\/?s={search_term_string}\"},\"query-input\":{\"@type\":\"PropertyValueSpecification\",\"valueRequired\":true,\"valueName\":\"search_term_string\"}}],\"inLanguage\":\"pt-PT\"},{\"@type\":\"Organization\",\"@id\":\"https:\\\/\\\/www.plantedforests.org\\\/fr\\\/#organization\",\"name\":\"Institut Europ\u00e9en de la For\u00eat Cultiv\u00e9e - Plantedforests.org\",\"url\":\"https:\\\/\\\/www.plantedforests.org\\\/fr\\\/\",\"logo\":{\"@type\":\"ImageObject\",\"inLanguage\":\"pt-PT\",\"@id\":\"https:\\\/\\\/www.plantedforests.org\\\/fr\\\/#\\\/schema\\\/logo\\\/image\\\/\",\"url\":\"https:\\\/\\\/www.plantedforests.org\\\/wp-content\\\/uploads\\\/2022\\\/07\\\/Logo_iefc__FR.png\",\"contentUrl\":\"https:\\\/\\\/www.plantedforests.org\\\/wp-content\\\/uploads\\\/2022\\\/07\\\/Logo_iefc__FR.png\",\"width\":2031,\"height\":1001,\"caption\":\"Institut Europ\u00e9en de la For\u00eat Cultiv\u00e9e - Plantedforests.org\"},\"image\":{\"@id\":\"https:\\\/\\\/www.plantedforests.org\\\/fr\\\/#\\\/schema\\\/logo\\\/image\\\/\"},\"sameAs\":[\"https:\\\/\\\/x.com\\\/IEFCPlantForest\",\"https:\\\/\\\/www.linkedin.com\\\/company\\\/71728047\\\/\"]}]}<\/script>\n<!-- \/ Yoast SEO plugin. -->","yoast_head_json":{"title":"GEFF - Instituto Europeu De Floresta Plantada - IEFC","robots":{"index":"index","follow":"follow","max-snippet":"max-snippet:-1","max-image-preview":"max-image-preview:large","max-video-preview":"max-video-preview:-1"},"canonical":"https:\/\/www.plantedforests.org\/geff\/","og_locale":"pt_PT","og_type":"article","og_title":"GEFF - Instituto Europeu De Floresta Plantada - IEFC","og_url":"https:\/\/www.plantedforests.org\/geff\/","og_site_name":"Instituto Europeu De Floresta Plantada - IEFC","article_modified_time":"2026-01-26T09:02:00+00:00","og_image":[{"width":224,"height":336,"url":"https:\/\/www.plantedforests.org\/wp-content\/uploads\/2022\/12\/Image1.jpg","type":"image\/jpeg"}],"twitter_card":"summary_large_image","twitter_site":"@IEFCPlantForest","twitter_misc":{"Tempo estimado de leitura":"3 minutos"},"schema":{"@context":"https:\/\/schema.org","@graph":[{"@type":"WebPage","@id":"https:\/\/www.plantedforests.org\/geff\/","url":"https:\/\/www.plantedforests.org\/geff\/","name":"GEFF - Instituto Europeu De Floresta Plantada - IEFC","isPartOf":{"@id":"https:\/\/www.plantedforests.org\/fr\/#website"},"primaryImageOfPage":{"@id":"https:\/\/www.plantedforests.org\/geff\/#primaryimage"},"image":{"@id":"https:\/\/www.plantedforests.org\/geff\/#primaryimage"},"thumbnailUrl":"https:\/\/www.plantedforests.org\/wp-content\/uploads\/2022\/12\/Image1.jpg","datePublished":"2022-12-15T08:29:48+00:00","dateModified":"2026-01-26T09:02:00+00:00","breadcrumb":{"@id":"https:\/\/www.plantedforests.org\/geff\/#breadcrumb"},"inLanguage":"pt-PT","potentialAction":[{"@type":"ReadAction","target":["https:\/\/www.plantedforests.org\/geff\/"]}]},{"@type":"ImageObject","inLanguage":"pt-PT","@id":"https:\/\/www.plantedforests.org\/geff\/#primaryimage","url":"https:\/\/www.plantedforests.org\/wp-content\/uploads\/2022\/12\/Image1.jpg","contentUrl":"https:\/\/www.plantedforests.org\/wp-content\/uploads\/2022\/12\/Image1.jpg"},{"@type":"BreadcrumbList","@id":"https:\/\/www.plantedforests.org\/geff\/#breadcrumb","itemListElement":[{"@type":"ListItem","position":1,"name":"Accueil","item":"https:\/\/www.plantedforests.org\/"},{"@type":"ListItem","position":2,"name":"GEFF"}]},{"@type":"WebSite","@id":"https:\/\/www.plantedforests.org\/fr\/#website","url":"https:\/\/www.plantedforests.org\/fr\/","name":"Instituto Europeu De Floresta Plantada - IEFC","description":"A rede IEFC para a gest\u00e3o sustent\u00e1vel e resili\u00eancia das florestas cultivadas","publisher":{"@id":"https:\/\/www.plantedforests.org\/fr\/#organization"},"potentialAction":[{"@type":"SearchAction","target":{"@type":"EntryPoint","urlTemplate":"https:\/\/www.plantedforests.org\/fr\/?s={search_term_string}"},"query-input":{"@type":"PropertyValueSpecification","valueRequired":true,"valueName":"search_term_string"}}],"inLanguage":"pt-PT"},{"@type":"Organization","@id":"https:\/\/www.plantedforests.org\/fr\/#organization","name":"Institut Europ\u00e9en de la For\u00eat Cultiv\u00e9e - Plantedforests.org","url":"https:\/\/www.plantedforests.org\/fr\/","logo":{"@type":"ImageObject","inLanguage":"pt-PT","@id":"https:\/\/www.plantedforests.org\/fr\/#\/schema\/logo\/image\/","url":"https:\/\/www.plantedforests.org\/wp-content\/uploads\/2022\/07\/Logo_iefc__FR.png","contentUrl":"https:\/\/www.plantedforests.org\/wp-content\/uploads\/2022\/07\/Logo_iefc__FR.png","width":2031,"height":1001,"caption":"Institut Europ\u00e9en de la For\u00eat Cultiv\u00e9e - Plantedforests.org"},"image":{"@id":"https:\/\/www.plantedforests.org\/fr\/#\/schema\/logo\/image\/"},"sameAs":["https:\/\/x.com\/IEFCPlantForest","https:\/\/www.linkedin.com\/company\/71728047\/"]}]}},"_links":{"self":[{"href":"https:\/\/www.plantedforests.org\/pt\/wp-json\/wp\/v2\/pages\/8210","targetHints":{"allow":["GET"]}}],"collection":[{"href":"https:\/\/www.plantedforests.org\/pt\/wp-json\/wp\/v2\/pages"}],"about":[{"href":"https:\/\/www.plantedforests.org\/pt\/wp-json\/wp\/v2\/types\/page"}],"author":[{"embeddable":true,"href":"https:\/\/www.plantedforests.org\/pt\/wp-json\/wp\/v2\/users\/101"}],"replies":[{"embeddable":true,"href":"https:\/\/www.plantedforests.org\/pt\/wp-json\/wp\/v2\/comments?post=8210"}],"version-history":[{"count":9,"href":"https:\/\/www.plantedforests.org\/pt\/wp-json\/wp\/v2\/pages\/8210\/revisions"}],"predecessor-version":[{"id":30115,"href":"https:\/\/www.plantedforests.org\/pt\/wp-json\/wp\/v2\/pages\/8210\/revisions\/30115"}],"wp:attachment":[{"href":"https:\/\/www.plantedforests.org\/pt\/wp-json\/wp\/v2\/media?parent=8210"}],"curies":[{"name":"wp","href":"https:\/\/api.w.org\/{rel}","templated":true}]}}