
{"id":4569,"date":"2021-02-09T10:42:38","date_gmt":"2021-02-09T09:42:38","guid":{"rendered":"https:\/\/www.iefc.net\/?page_id=4569"},"modified":"2022-02-07T13:53:09","modified_gmt":"2022-02-07T12:53:09","slug":"marcsman-norsk","status":"publish","type":"page","link":"https:\/\/www.plantedforests.org\/pt\/marcsman-norsk\/","title":{"rendered":"Prosjektet MARCSMAN"},"content":{"rendered":"\n<div class=\"wp-block-image\"><figure class=\"aligncenter\"><a href=\"https:\/\/www.plantedforests.org\/project-marcsman\/\"><img decoding=\"async\" width=\"150\" height=\"75\" src=\"https:\/\/www.plantedforests.org\/wp-content\/uploads\/2021\/02\/british-flag-small-150x75.jpg\" alt=\"\" class=\"wp-image-4582\" srcset=\"https:\/\/www.plantedforests.org\/wp-content\/uploads\/2021\/02\/british-flag-small-150x75.jpg 150w, https:\/\/www.plantedforests.org\/wp-content\/uploads\/2021\/02\/british-flag-small.jpg 200w\" sizes=\"(max-width: 150px) 100vw, 150px\" \/><\/a><figcaption>English version<\/figcaption><\/figure><\/div>\n\n\n\n<div class=\"wp-block-image\"><figure class=\"aligncenter\"><img decoding=\"async\" width=\"150\" height=\"150\" src=\"https:\/\/www.plantedforests.org\/wp-content\/uploads\/2021\/01\/MARCSMAN_logo2_small-150x150.png\" alt=\"\" class=\"wp-image-4525\" srcset=\"https:\/\/www.plantedforests.org\/wp-content\/uploads\/2021\/01\/MARCSMAN_logo2_small-150x150.png 150w, https:\/\/www.plantedforests.org\/wp-content\/uploads\/2021\/01\/MARCSMAN_logo2_small-298x300.png 298w, https:\/\/www.plantedforests.org\/wp-content\/uploads\/2021\/01\/MARCSMAN_logo2_small.png 600w\" sizes=\"(max-width: 150px) 100vw, 150px\" \/><\/figure><\/div>\n\n\n\n<div class=\"wp-block-image\"><figure class=\"aligncenter\"><img fetchpriority=\"high\" decoding=\"async\" width=\"1024\" height=\"682\" src=\"https:\/\/www.plantedforests.org\/wp-content\/uploads\/2021\/01\/Gammelskog-i-t\u00e5ke2-1024x682.jpg\" alt=\"\" class=\"wp-image-4445\" srcset=\"https:\/\/www.plantedforests.org\/wp-content\/uploads\/2021\/01\/Gammelskog-i-t\u00e5ke2-1024x682.jpg 1024w, https:\/\/www.plantedforests.org\/wp-content\/uploads\/2021\/01\/Gammelskog-i-t\u00e5ke2-150x100.jpg 150w, https:\/\/www.plantedforests.org\/wp-content\/uploads\/2021\/01\/Gammelskog-i-t\u00e5ke2-300x200.jpg 300w, https:\/\/www.plantedforests.org\/wp-content\/uploads\/2021\/01\/Gammelskog-i-t\u00e5ke2-768x512.jpg 768w, https:\/\/www.plantedforests.org\/wp-content\/uploads\/2021\/01\/Gammelskog-i-t\u00e5ke2-600x400.jpg 600w, https:\/\/www.plantedforests.org\/wp-content\/uploads\/2021\/01\/Gammelskog-i-t\u00e5ke2.jpg 1076w\" sizes=\"(max-width: 1024px) 100vw, 1024px\" \/><figcaption>Norsk skog<\/figcaption><\/figure><\/div>\n\n\n\n<h2 class=\"wp-block-heading\">Bakgrunn<\/h2>\n\n\n\n<p style=\"font-size:18px\"> Mens vi forventer at \u00f8kte temperaturer i vekstsesongen vil f\u00f8re til \u00f8kt produktivitet for gran (Picea abies (L.) Karst) i store deler av treslagets utbredelsomr\u00e5de i boreal skog, vil et endret klima ogs\u00e5 kunne gj\u00f8re grana mere utsatt for biotiske og abiotiske skader.S\u00e6rlig viktig er risikoen for stormfelling og sn\u00f8brekk etter episoder med v\u00e5t sn\u00f8, som kan medf\u00f8re store \u00f8konomiske tap og potensielt endre et skogomr\u00e5de fra \u00e5 v\u00e6re et karbonsluk til \u00e5 bli en kilde til karbonutslipp. Risikoen for slike skader er avhengig av lokale klima- og jordbunnsforhold, men ogs\u00e5 av tr\u00e6rnes stabilitet som i stor grad p\u00e5virkes gjennom skogbehandlingen. For \u00e5 optimalisere b\u00e5de virkeproduksjon og opptak av karbon p\u00e5 skogarealene trengs kunnskap om samspillet mellom tr\u00e6rnes vekstforhold, skogbehandlingen og klima- og v\u00e6rforhold som p\u00e5virker risiko for for vind- og sn\u00f8brekkskader.<\/p>\n\n\n\n<div class=\"wp-block-image\"><figure class=\"aligncenter\"><a href=\"#\"><img loading=\"lazy\" decoding=\"async\" width=\"1072\" height=\"712\" src=\"https:\/\/www.plantedforests.org\/wp-content\/uploads\/2020\/11\/DAL-031011-1508592.jpg\" alt=\"\" class=\"wp-image-4085\" srcset=\"https:\/\/www.plantedforests.org\/wp-content\/uploads\/2020\/11\/DAL-031011-1508592.jpg 1072w, https:\/\/www.plantedforests.org\/wp-content\/uploads\/2020\/11\/DAL-031011-1508592-150x100.jpg 150w, https:\/\/www.plantedforests.org\/wp-content\/uploads\/2020\/11\/DAL-031011-1508592-300x199.jpg 300w, https:\/\/www.plantedforests.org\/wp-content\/uploads\/2020\/11\/DAL-031011-1508592-768x510.jpg 768w, https:\/\/www.plantedforests.org\/wp-content\/uploads\/2020\/11\/DAL-031011-1508592-1024x680.jpg 1024w, https:\/\/www.plantedforests.org\/wp-content\/uploads\/2020\/11\/DAL-031011-1508592-600x399.jpg 600w\" sizes=\"(max-width: 1072px) 100vw, 1072px\" \/><\/a><figcaption>Knust gran gran<\/figcaption><\/figure><\/div>\n\n\n\n<p style=\"font-size:18px\"> Hovedm\u00e5let med MARCSMAN er \u00e5 framskaffe kunnskap og verkt\u00f8y som trengs for \u00e5 optimalisere skogbehandlingen i et endret klima og ved ulik risiko for vind- og sn\u00f8brekkskader. I prosjektet skal det utvikles metoder og modeller som skal gj\u00f8re det mulig \u00e5: <br>(1) oppdatere estimater for granskogens produksjonsevne under endrede vekstforhold med en ny aldersfri boniteringsmetode; <br>(2) kartlegge sannsynligheten for stormfelling og sn\u00f8brekk for enkelttr\u00e6r og skogbestand; og <br>(3) forutsi produksjon og skaderisiko i granskog ved ulike tetthets- og tynningsregimer i et endret klima. <\/p>\n\n\n\n<h2 class=\"wp-block-heading\">Delprosjekt (DP)<\/h2>\n\n\n\n<p class=\"has-medium-font-size\"><a href=\"https:\/\/www.plantedforests.org\/dp1-bonitet\/\">DP1 Bonitet<\/a><br><a href=\"https:\/\/www.plantedforests.org\/dp2-vekst-i-ungskog\/\">DP2 Vekst i ungskog<\/a><br><a href=\"https:\/\/www.plantedforests.org\/ttynning\/\">DP3 Ttynning<\/a><br><a href=\"https:\/\/www.plantedforests.org\/dp4-risiko-for-sno-og-vindskader\/\">DP4 Risiko for sn\u00f8- og vindskader<\/a><br><a href=\"https:\/\/www.plantedforests.org\/dp5-beslutningstotte-leder-tron-eid-nmbu\/\">DP5 Beslutningst\u00f8tte<\/a><\/p>\n\n\n\n<figure class=\"wp-block-image\"><img loading=\"lazy\" decoding=\"async\" width=\"608\" height=\"608\" src=\"https:\/\/www.plantedforests.org\/wp-content\/uploads\/2021\/01\/MARCSMAN-WPs.png\" alt=\"\" class=\"wp-image-4498\" srcset=\"https:\/\/www.plantedforests.org\/wp-content\/uploads\/2021\/01\/MARCSMAN-WPs.png 608w, https:\/\/www.plantedforests.org\/wp-content\/uploads\/2021\/01\/MARCSMAN-WPs-150x150.png 150w, https:\/\/www.plantedforests.org\/wp-content\/uploads\/2021\/01\/MARCSMAN-WPs-300x300.png 300w, https:\/\/www.plantedforests.org\/wp-content\/uploads\/2021\/01\/MARCSMAN-WPs-600x600.png 600w\" sizes=\"(max-width: 608px) 100vw, 608px\" \/><figcaption>Connections between WorkPackages<\/figcaption><\/figure>\n\n\n\n<h2 class=\"wp-block-heading\">Medlemsorganisasjoner<\/h2>\n\n\n\n<h4 class=\"wp-block-heading\"><a href=\"http:\/\/www.nibio.no\"> NIBIO &#8211; Norwegian Institute of Bioeconomy Research<\/a><\/h4>\n\n\n\n<h4 class=\"wp-block-heading\"><a href=\"https:\/\/www.nmbu.no\">NMBU &#8211; Norwegian University of Life Sciences<\/a><\/h4>\n\n\n\n<h4 class=\"wp-block-heading\"><a href=\"https:\/\/www.met.no\/\"> The Norwegian Meteorological Institute<\/a><\/h4>\n\n\n\n<h4 class=\"wp-block-heading\"><a href=\"https:\/\/www.statskog.no\/\">STATSKOG SF &#8211; The Norwegian State Forest Service <\/a><\/h4>\n\n\n\n<h4 class=\"wp-block-heading\"><a href=\"https:\/\/www.slu.se\/en\/\">SLU- Swedish University of Agricultural Sciences <\/a><\/h4>\n\n\n\n<h4 class=\"wp-block-heading\"><a href=\"https:\/\/www.plantedforests.org\">IEFC &#8211; Institut Europ\u00e9en de la For\u00eat Cultiv\u00e9e<\/a><\/h4>\n\n\n\n<h4 class=\"wp-block-heading\"><a href=\"https:\/\/www.fritzoeskoger.no\">Fritz\u00f8e Skoger AS<\/a><\/h4>\n\n\n\n<h2 class=\"wp-block-heading\">Brosjyre<\/h2>\n\n\n\n<h4 class=\"wp-block-heading\"><a href=\"https:\/\/nextcloud.iefc.net\/index.php\/s\/ezjp3TMGeeajrdr\">A5 brosjyre for visning<\/a><\/h4>\n\n\n\n<h4 class=\"wp-block-heading\"><a href=\"https:\/\/nextcloud.iefc.net\/index.php\/s\/rxptki4CfXjgjit\">A5 brosjyre for utskrift<\/a><\/h4>\n\n\n\n<p><\/p>\n","protected":false},"excerpt":{"rendered":"<p>Bakgrunn Mens vi forventer at \u00f8kte temperaturer i vekstsesongen vil f\u00f8re til \u00f8kt produktivitet for gran (Picea abies (L.) Karst) i store deler av treslagets utbredelsomr\u00e5de i boreal skog, vil [&hellip;]<\/p>\n","protected":false},"author":3,"featured_media":0,"parent":0,"menu_order":0,"comment_status":"closed","ping_status":"closed","template":"","meta":{"_acf_changed":false,"_eb_attr":"","_EventAllDay":false,"_EventTimezone":"","_EventStartDate":"","_EventEndDate":"","_EventStartDateUTC":"","_EventEndDateUTC":"","_EventShowMap":false,"_EventShowMapLink":false,"_EventURL":"","_EventCost":"","_EventCostDescription":"","_EventCurrencySymbol":"","_EventCurrencyCode":"","_EventCurrencyPosition":"","_EventDateTimeSeparator":"","_EventTimeRangeSeparator":"","_EventOrganizerID":[],"_EventVenueID":[],"_OrganizerEmail":"","_OrganizerPhone":"","_OrganizerWebsite":"","_VenueAddress":"","_VenueCity":"","_VenueCountry":"","_VenueProvince":"","_VenueState":"","_VenueZip":"","_VenuePhone":"","_VenueURL":"","_VenueStateProvince":"","_VenueLat":"","_VenueLng":"","_VenueShowMap":false,"_VenueShowMapLink":false,"activitypub_content_warning":"","activitypub_content_visibility":"","activitypub_max_image_attachments":4,"activitypub_interaction_policy_quote":"anyone","activitypub_status":"","footnotes":""},"class_list":["post-4569","page","type-page","status-publish","hentry"],"translation":{"provider":"WPGlobus","version":"3.0.2","language":"pt","enabled_languages":["gb","fr","es","pt"],"languages":{"gb":{"title":true,"content":true,"excerpt":false},"fr":{"title":false,"content":false,"excerpt":false},"es":{"title":false,"content":false,"excerpt":false},"pt":{"title":false,"content":false,"excerpt":false}}},"acf":[],"yoast_head":"<!-- This site is optimized with the Yoast SEO plugin v27.4 - https:\/\/yoast.com\/product\/yoast-seo-wordpress\/ -->\n<title>Prosjektet MARCSMAN - Instituto Europeu De Floresta Plantada - IEFC<\/title>\n<meta name=\"robots\" content=\"index, follow, max-snippet:-1, max-image-preview:large, max-video-preview:-1\" \/>\n<link rel=\"canonical\" href=\"https:\/\/www.plantedforests.org\/marcsman-norsk\/\" \/>\n<meta property=\"og:locale\" content=\"pt_PT\" \/>\n<meta property=\"og:type\" content=\"article\" \/>\n<meta property=\"og:title\" content=\"Prosjektet MARCSMAN - Instituto Europeu De Floresta Plantada - IEFC\" \/>\n<meta property=\"og:url\" content=\"https:\/\/www.plantedforests.org\/marcsman-norsk\/\" \/>\n<meta property=\"og:site_name\" content=\"Instituto Europeu De Floresta Plantada - IEFC\" \/>\n<meta property=\"article:modified_time\" content=\"2022-02-07T12:53:09+00:00\" \/>\n<meta property=\"og:image\" content=\"https:\/\/www.plantedforests.org\/wp-content\/uploads\/2021\/02\/british-flag-small-150x75.jpg\" \/>\n<meta name=\"twitter:card\" content=\"summary_large_image\" \/>\n<meta name=\"twitter:site\" content=\"@IEFCPlantForest\" \/>\n<meta name=\"twitter:label1\" content=\"Tempo estimado de leitura\" \/>\n\t<meta name=\"twitter:data1\" content=\"2 minutos\" \/>\n<script type=\"application\/ld+json\" class=\"yoast-schema-graph\">{\"@context\":\"https:\\\/\\\/schema.org\",\"@graph\":[{\"@type\":\"WebPage\",\"@id\":\"https:\\\/\\\/www.plantedforests.org\\\/marcsman-norsk\\\/\",\"url\":\"https:\\\/\\\/www.plantedforests.org\\\/marcsman-norsk\\\/\",\"name\":\"Prosjektet MARCSMAN - Instituto Europeu De Floresta Plantada - IEFC\",\"isPartOf\":{\"@id\":\"https:\\\/\\\/www.plantedforests.org\\\/fr\\\/#website\"},\"primaryImageOfPage\":{\"@id\":\"https:\\\/\\\/www.plantedforests.org\\\/marcsman-norsk\\\/#primaryimage\"},\"image\":{\"@id\":\"https:\\\/\\\/www.plantedforests.org\\\/marcsman-norsk\\\/#primaryimage\"},\"thumbnailUrl\":\"https:\\\/\\\/www.plantedforests.org\\\/wp-content\\\/uploads\\\/2021\\\/02\\\/british-flag-small-150x75.jpg\",\"datePublished\":\"2021-02-09T09:42:38+00:00\",\"dateModified\":\"2022-02-07T12:53:09+00:00\",\"breadcrumb\":{\"@id\":\"https:\\\/\\\/www.plantedforests.org\\\/marcsman-norsk\\\/#breadcrumb\"},\"inLanguage\":\"pt-PT\",\"potentialAction\":[{\"@type\":\"ReadAction\",\"target\":[\"https:\\\/\\\/www.plantedforests.org\\\/marcsman-norsk\\\/\"]}]},{\"@type\":\"ImageObject\",\"inLanguage\":\"pt-PT\",\"@id\":\"https:\\\/\\\/www.plantedforests.org\\\/marcsman-norsk\\\/#primaryimage\",\"url\":\"https:\\\/\\\/www.plantedforests.org\\\/wp-content\\\/uploads\\\/2021\\\/02\\\/british-flag-small-150x75.jpg\",\"contentUrl\":\"https:\\\/\\\/www.plantedforests.org\\\/wp-content\\\/uploads\\\/2021\\\/02\\\/british-flag-small-150x75.jpg\"},{\"@type\":\"BreadcrumbList\",\"@id\":\"https:\\\/\\\/www.plantedforests.org\\\/marcsman-norsk\\\/#breadcrumb\",\"itemListElement\":[{\"@type\":\"ListItem\",\"position\":1,\"name\":\"Accueil\",\"item\":\"https:\\\/\\\/www.plantedforests.org\\\/\"},{\"@type\":\"ListItem\",\"position\":2,\"name\":\"Prosjektet MARCSMAN\"}]},{\"@type\":\"WebSite\",\"@id\":\"https:\\\/\\\/www.plantedforests.org\\\/fr\\\/#website\",\"url\":\"https:\\\/\\\/www.plantedforests.org\\\/fr\\\/\",\"name\":\"Instituto Europeu De Floresta Plantada - IEFC\",\"description\":\"A rede IEFC para a gest\u00e3o sustent\u00e1vel e resili\u00eancia das florestas cultivadas\",\"publisher\":{\"@id\":\"https:\\\/\\\/www.plantedforests.org\\\/fr\\\/#organization\"},\"potentialAction\":[{\"@type\":\"SearchAction\",\"target\":{\"@type\":\"EntryPoint\",\"urlTemplate\":\"https:\\\/\\\/www.plantedforests.org\\\/fr\\\/?s={search_term_string}\"},\"query-input\":{\"@type\":\"PropertyValueSpecification\",\"valueRequired\":true,\"valueName\":\"search_term_string\"}}],\"inLanguage\":\"pt-PT\"},{\"@type\":\"Organization\",\"@id\":\"https:\\\/\\\/www.plantedforests.org\\\/fr\\\/#organization\",\"name\":\"Institut Europ\u00e9en de la For\u00eat Cultiv\u00e9e - Plantedforests.org\",\"url\":\"https:\\\/\\\/www.plantedforests.org\\\/fr\\\/\",\"logo\":{\"@type\":\"ImageObject\",\"inLanguage\":\"pt-PT\",\"@id\":\"https:\\\/\\\/www.plantedforests.org\\\/fr\\\/#\\\/schema\\\/logo\\\/image\\\/\",\"url\":\"https:\\\/\\\/www.plantedforests.org\\\/wp-content\\\/uploads\\\/2022\\\/07\\\/Logo_iefc__FR.png\",\"contentUrl\":\"https:\\\/\\\/www.plantedforests.org\\\/wp-content\\\/uploads\\\/2022\\\/07\\\/Logo_iefc__FR.png\",\"width\":2031,\"height\":1001,\"caption\":\"Institut Europ\u00e9en de la For\u00eat Cultiv\u00e9e - Plantedforests.org\"},\"image\":{\"@id\":\"https:\\\/\\\/www.plantedforests.org\\\/fr\\\/#\\\/schema\\\/logo\\\/image\\\/\"},\"sameAs\":[\"https:\\\/\\\/x.com\\\/IEFCPlantForest\",\"https:\\\/\\\/www.linkedin.com\\\/company\\\/71728047\\\/\"]}]}<\/script>\n<!-- \/ Yoast SEO plugin. -->","yoast_head_json":{"title":"Prosjektet MARCSMAN - Instituto Europeu De Floresta Plantada - IEFC","robots":{"index":"index","follow":"follow","max-snippet":"max-snippet:-1","max-image-preview":"max-image-preview:large","max-video-preview":"max-video-preview:-1"},"canonical":"https:\/\/www.plantedforests.org\/marcsman-norsk\/","og_locale":"pt_PT","og_type":"article","og_title":"Prosjektet MARCSMAN - Instituto Europeu De Floresta Plantada - IEFC","og_url":"https:\/\/www.plantedforests.org\/marcsman-norsk\/","og_site_name":"Instituto Europeu De Floresta Plantada - IEFC","article_modified_time":"2022-02-07T12:53:09+00:00","og_image":[{"url":"https:\/\/www.plantedforests.org\/wp-content\/uploads\/2021\/02\/british-flag-small-150x75.jpg","type":"","width":"","height":""}],"twitter_card":"summary_large_image","twitter_site":"@IEFCPlantForest","twitter_misc":{"Tempo estimado de leitura":"2 minutos"},"schema":{"@context":"https:\/\/schema.org","@graph":[{"@type":"WebPage","@id":"https:\/\/www.plantedforests.org\/marcsman-norsk\/","url":"https:\/\/www.plantedforests.org\/marcsman-norsk\/","name":"Prosjektet MARCSMAN - Instituto Europeu De Floresta Plantada - IEFC","isPartOf":{"@id":"https:\/\/www.plantedforests.org\/fr\/#website"},"primaryImageOfPage":{"@id":"https:\/\/www.plantedforests.org\/marcsman-norsk\/#primaryimage"},"image":{"@id":"https:\/\/www.plantedforests.org\/marcsman-norsk\/#primaryimage"},"thumbnailUrl":"https:\/\/www.plantedforests.org\/wp-content\/uploads\/2021\/02\/british-flag-small-150x75.jpg","datePublished":"2021-02-09T09:42:38+00:00","dateModified":"2022-02-07T12:53:09+00:00","breadcrumb":{"@id":"https:\/\/www.plantedforests.org\/marcsman-norsk\/#breadcrumb"},"inLanguage":"pt-PT","potentialAction":[{"@type":"ReadAction","target":["https:\/\/www.plantedforests.org\/marcsman-norsk\/"]}]},{"@type":"ImageObject","inLanguage":"pt-PT","@id":"https:\/\/www.plantedforests.org\/marcsman-norsk\/#primaryimage","url":"https:\/\/www.plantedforests.org\/wp-content\/uploads\/2021\/02\/british-flag-small-150x75.jpg","contentUrl":"https:\/\/www.plantedforests.org\/wp-content\/uploads\/2021\/02\/british-flag-small-150x75.jpg"},{"@type":"BreadcrumbList","@id":"https:\/\/www.plantedforests.org\/marcsman-norsk\/#breadcrumb","itemListElement":[{"@type":"ListItem","position":1,"name":"Accueil","item":"https:\/\/www.plantedforests.org\/"},{"@type":"ListItem","position":2,"name":"Prosjektet MARCSMAN"}]},{"@type":"WebSite","@id":"https:\/\/www.plantedforests.org\/fr\/#website","url":"https:\/\/www.plantedforests.org\/fr\/","name":"Instituto Europeu De Floresta Plantada - IEFC","description":"A rede IEFC para a gest\u00e3o sustent\u00e1vel e resili\u00eancia das florestas cultivadas","publisher":{"@id":"https:\/\/www.plantedforests.org\/fr\/#organization"},"potentialAction":[{"@type":"SearchAction","target":{"@type":"EntryPoint","urlTemplate":"https:\/\/www.plantedforests.org\/fr\/?s={search_term_string}"},"query-input":{"@type":"PropertyValueSpecification","valueRequired":true,"valueName":"search_term_string"}}],"inLanguage":"pt-PT"},{"@type":"Organization","@id":"https:\/\/www.plantedforests.org\/fr\/#organization","name":"Institut Europ\u00e9en de la For\u00eat Cultiv\u00e9e - Plantedforests.org","url":"https:\/\/www.plantedforests.org\/fr\/","logo":{"@type":"ImageObject","inLanguage":"pt-PT","@id":"https:\/\/www.plantedforests.org\/fr\/#\/schema\/logo\/image\/","url":"https:\/\/www.plantedforests.org\/wp-content\/uploads\/2022\/07\/Logo_iefc__FR.png","contentUrl":"https:\/\/www.plantedforests.org\/wp-content\/uploads\/2022\/07\/Logo_iefc__FR.png","width":2031,"height":1001,"caption":"Institut Europ\u00e9en de la For\u00eat Cultiv\u00e9e - Plantedforests.org"},"image":{"@id":"https:\/\/www.plantedforests.org\/fr\/#\/schema\/logo\/image\/"},"sameAs":["https:\/\/x.com\/IEFCPlantForest","https:\/\/www.linkedin.com\/company\/71728047\/"]}]}},"_links":{"self":[{"href":"https:\/\/www.plantedforests.org\/pt\/wp-json\/wp\/v2\/pages\/4569","targetHints":{"allow":["GET"]}}],"collection":[{"href":"https:\/\/www.plantedforests.org\/pt\/wp-json\/wp\/v2\/pages"}],"about":[{"href":"https:\/\/www.plantedforests.org\/pt\/wp-json\/wp\/v2\/types\/page"}],"author":[{"embeddable":true,"href":"https:\/\/www.plantedforests.org\/pt\/wp-json\/wp\/v2\/users\/3"}],"replies":[{"embeddable":true,"href":"https:\/\/www.plantedforests.org\/pt\/wp-json\/wp\/v2\/comments?post=4569"}],"version-history":[{"count":14,"href":"https:\/\/www.plantedforests.org\/pt\/wp-json\/wp\/v2\/pages\/4569\/revisions"}],"predecessor-version":[{"id":5650,"href":"https:\/\/www.plantedforests.org\/pt\/wp-json\/wp\/v2\/pages\/4569\/revisions\/5650"}],"wp:attachment":[{"href":"https:\/\/www.plantedforests.org\/pt\/wp-json\/wp\/v2\/media?parent=4569"}],"curies":[{"name":"wp","href":"https:\/\/api.w.org\/{rel}","templated":true}]}}