
{"id":3047,"date":"2018-06-05T23:36:22","date_gmt":"2018-06-05T21:36:22","guid":{"rendered":"https:\/\/www.iefc.net\/?page_id=3047"},"modified":"2024-03-07T15:02:51","modified_gmt":"2024-03-07T14:02:51","slug":"les-proprietaires-forestiers-gascons-face-au-risque","status":"publish","type":"page","link":"https:\/\/www.plantedforests.org\/pt\/les-proprietaires-forestiers-gascons-face-au-risque\/","title":{"rendered":"Os propriet\u00e1rios florestais Gascons face ao risco"},"content":{"rendered":"<p class=\"titre\">\n<p class=\"vert\">Estudo s\u00f3cio-econ\u00f3mico (IAE-Guenneguez)<\/p>\n<p><a class=\"icone_lien\" href=\"https:\/\/www.plantedforests.org\/?page=activites\/PROPRISK\/proprisk1.1.pdf\" target=\"_top\" hreflang=\"\" rel=\"noopener\"> Sociologia: o comportamento dos propriet\u00e1rios<\/a><br \/>\n<img decoding=\"async\" src=\"https:\/\/www.plantedforests.org\/old_resources\/images\/lien_inactif.gif\" align=\"absbottom\" border=\"0\" \/> Ec\u00f3nomia: utiliza\u00e7\u00e3o do CAPSIS para avaliar as consequ\u00eancias econ\u00f3micas<\/p>\n<p class=\"vert\">Desenvolvimento de uma ferramenta econ\u00f3mica no CAPSIS (IEFC)<\/p>\n<p><a class=\"icone_lien\" href=\"https:\/\/www.plantedforests.org\/?page=activites\/PROPRISK\/proprisk1.2.pdf\" target=\"_top\" hreflang=\"\" rel=\"noopener\"> Desenvolvimento de uma ferramenta para p\u00f4r em paralelo os modelos de crescimento e de ec\u00f3nomia no CAPSIS (C. Orazio)<\/a><\/p>\n<p><br clear=\"all\" \/><\/p>\n<div align=\"right\">\n<table id=\"GIP ECOFOR\" class=\"piedpage\" border=\"0\" summary=\"\">\n<tbody>\n<tr class=\"piedpage\">\n<td class=\"piedpage\">GIP ECOFOR<\/td>\n<\/tr>\n<tr>\n<td><img decoding=\"async\" src=\"https:\/\/www.plantedforests.org\/old_resources\/images\/logo_ecofor.gif\" alt=\"\" height=\"80\" border=\"0\" \/><\/td>\n<\/tr>\n<\/tbody>\n<\/table>\n<\/div>\n","protected":false},"excerpt":{"rendered":"<p>Estudo s\u00f3cio-econ\u00f3mico (IAE-Guenneguez) Sociologia: o comportamento dos propriet\u00e1rios Ec\u00f3nomia: utiliza\u00e7\u00e3o do CAPSIS para avaliar as consequ\u00eancias econ\u00f3micas Desenvolvimento de uma ferramenta econ\u00f3mica no CAPSIS (IEFC) Desenvolvimento de uma ferramenta para [&hellip;]<\/p>\n","protected":false},"author":3,"featured_media":0,"parent":0,"menu_order":0,"comment_status":"closed","ping_status":"closed","template":"","meta":{"_acf_changed":false,"_eb_attr":"","_EventAllDay":false,"_EventTimezone":"","_EventStartDate":"","_EventEndDate":"","_EventStartDateUTC":"","_EventEndDateUTC":"","_EventShowMap":false,"_EventShowMapLink":false,"_EventURL":"","_EventCost":"","_EventCostDescription":"","_EventCurrencySymbol":"","_EventCurrencyCode":"","_EventCurrencyPosition":"","_EventDateTimeSeparator":"","_EventTimeRangeSeparator":"","_EventOrganizerID":[],"_EventVenueID":[],"_OrganizerEmail":"","_OrganizerPhone":"","_OrganizerWebsite":"","_VenueAddress":"","_VenueCity":"","_VenueCountry":"","_VenueProvince":"","_VenueState":"","_VenueZip":"","_VenuePhone":"","_VenueURL":"","_VenueStateProvince":"","_VenueLat":"","_VenueLng":"","_VenueShowMap":false,"_VenueShowMapLink":false,"activitypub_content_warning":"","activitypub_content_visibility":"","activitypub_max_image_attachments":4,"activitypub_interaction_policy_quote":"anyone","activitypub_status":"","footnotes":""},"class_list":["post-3047","page","type-page","status-publish","hentry"],"translation":{"provider":"WPGlobus","version":"3.0.2","language":"pt","enabled_languages":["gb","fr","es","pt"],"languages":{"gb":{"title":true,"content":true,"excerpt":false},"fr":{"title":true,"content":true,"excerpt":false},"es":{"title":true,"content":true,"excerpt":false},"pt":{"title":true,"content":true,"excerpt":false}}},"acf":[],"yoast_head":"<!-- This site is optimized with the Yoast SEO plugin v27.5 - https:\/\/yoast.com\/product\/yoast-seo-wordpress\/ -->\n<title>Os propriet\u00e1rios florestais Gascons face ao risco - Instituto Europeu De Floresta Plantada - IEFC<\/title>\n<meta name=\"robots\" content=\"index, follow, max-snippet:-1, max-image-preview:large, max-video-preview:-1\" \/>\n<link rel=\"canonical\" href=\"https:\/\/www.plantedforests.org\/les-proprietaires-forestiers-gascons-face-au-risque\/\" \/>\n<meta property=\"og:locale\" content=\"pt_PT\" \/>\n<meta property=\"og:type\" content=\"article\" \/>\n<meta property=\"og:title\" content=\"Os propriet\u00e1rios florestais Gascons face ao risco - Instituto Europeu De Floresta Plantada - IEFC\" \/>\n<meta property=\"og:url\" content=\"https:\/\/www.plantedforests.org\/les-proprietaires-forestiers-gascons-face-au-risque\/\" \/>\n<meta property=\"og:site_name\" content=\"Instituto Europeu De Floresta Plantada - IEFC\" \/>\n<meta property=\"article:modified_time\" content=\"2024-03-07T14:02:51+00:00\" \/>\n<meta property=\"og:image\" content=\"https:\/\/www.plantedforests.org\/old_resources\/images\/lien_inactif.gif\" \/>\n<meta name=\"twitter:card\" content=\"summary_large_image\" \/>\n<meta name=\"twitter:site\" content=\"@IEFCPlantForest\" \/>\n<meta name=\"twitter:label1\" content=\"Tempo estimado de leitura\" \/>\n\t<meta name=\"twitter:data1\" content=\"1 minuto\" \/>\n<script type=\"application\/ld+json\" class=\"yoast-schema-graph\">{\"@context\":\"https:\\\/\\\/schema.org\",\"@graph\":[{\"@type\":\"WebPage\",\"@id\":\"https:\\\/\\\/www.plantedforests.org\\\/les-proprietaires-forestiers-gascons-face-au-risque\\\/\",\"url\":\"https:\\\/\\\/www.plantedforests.org\\\/les-proprietaires-forestiers-gascons-face-au-risque\\\/\",\"name\":\"Os propriet\u00e1rios florestais Gascons face ao risco - Instituto Europeu De Floresta Plantada - IEFC\",\"isPartOf\":{\"@id\":\"https:\\\/\\\/www.plantedforests.org\\\/fr\\\/#website\"},\"primaryImageOfPage\":{\"@id\":\"https:\\\/\\\/www.plantedforests.org\\\/les-proprietaires-forestiers-gascons-face-au-risque\\\/#primaryimage\"},\"image\":{\"@id\":\"https:\\\/\\\/www.plantedforests.org\\\/les-proprietaires-forestiers-gascons-face-au-risque\\\/#primaryimage\"},\"thumbnailUrl\":\"https:\\\/\\\/www.plantedforests.org\\\/old_resources\\\/images\\\/lien_inactif.gif\",\"datePublished\":\"2018-06-05T21:36:22+00:00\",\"dateModified\":\"2024-03-07T14:02:51+00:00\",\"breadcrumb\":{\"@id\":\"https:\\\/\\\/www.plantedforests.org\\\/les-proprietaires-forestiers-gascons-face-au-risque\\\/#breadcrumb\"},\"inLanguage\":\"pt-PT\",\"potentialAction\":[{\"@type\":\"ReadAction\",\"target\":[\"https:\\\/\\\/www.plantedforests.org\\\/les-proprietaires-forestiers-gascons-face-au-risque\\\/\"]}]},{\"@type\":\"ImageObject\",\"inLanguage\":\"pt-PT\",\"@id\":\"https:\\\/\\\/www.plantedforests.org\\\/les-proprietaires-forestiers-gascons-face-au-risque\\\/#primaryimage\",\"url\":\"https:\\\/\\\/www.plantedforests.org\\\/old_resources\\\/images\\\/lien_inactif.gif\",\"contentUrl\":\"https:\\\/\\\/www.plantedforests.org\\\/old_resources\\\/images\\\/lien_inactif.gif\"},{\"@type\":\"BreadcrumbList\",\"@id\":\"https:\\\/\\\/www.plantedforests.org\\\/les-proprietaires-forestiers-gascons-face-au-risque\\\/#breadcrumb\",\"itemListElement\":[{\"@type\":\"ListItem\",\"position\":1,\"name\":\"Accueil\",\"item\":\"https:\\\/\\\/www.plantedforests.org\\\/\"},{\"@type\":\"ListItem\",\"position\":2,\"name\":\"The Gascons forest owners face to risk\"}]},{\"@type\":\"WebSite\",\"@id\":\"https:\\\/\\\/www.plantedforests.org\\\/fr\\\/#website\",\"url\":\"https:\\\/\\\/www.plantedforests.org\\\/fr\\\/\",\"name\":\"Instituto Europeu De Floresta Plantada - IEFC\",\"description\":\"A rede IEFC para a gest\u00e3o sustent\u00e1vel e resili\u00eancia das florestas cultivadas\",\"publisher\":{\"@id\":\"https:\\\/\\\/www.plantedforests.org\\\/fr\\\/#organization\"},\"potentialAction\":[{\"@type\":\"SearchAction\",\"target\":{\"@type\":\"EntryPoint\",\"urlTemplate\":\"https:\\\/\\\/www.plantedforests.org\\\/fr\\\/?s={search_term_string}\"},\"query-input\":{\"@type\":\"PropertyValueSpecification\",\"valueRequired\":true,\"valueName\":\"search_term_string\"}}],\"inLanguage\":\"pt-PT\"},{\"@type\":\"Organization\",\"@id\":\"https:\\\/\\\/www.plantedforests.org\\\/fr\\\/#organization\",\"name\":\"Institut Europ\u00e9en de la For\u00eat Cultiv\u00e9e - Plantedforests.org\",\"url\":\"https:\\\/\\\/www.plantedforests.org\\\/fr\\\/\",\"logo\":{\"@type\":\"ImageObject\",\"inLanguage\":\"pt-PT\",\"@id\":\"https:\\\/\\\/www.plantedforests.org\\\/fr\\\/#\\\/schema\\\/logo\\\/image\\\/\",\"url\":\"https:\\\/\\\/www.plantedforests.org\\\/wp-content\\\/uploads\\\/2022\\\/07\\\/Logo_iefc__FR.png\",\"contentUrl\":\"https:\\\/\\\/www.plantedforests.org\\\/wp-content\\\/uploads\\\/2022\\\/07\\\/Logo_iefc__FR.png\",\"width\":2031,\"height\":1001,\"caption\":\"Institut Europ\u00e9en de la For\u00eat Cultiv\u00e9e - Plantedforests.org\"},\"image\":{\"@id\":\"https:\\\/\\\/www.plantedforests.org\\\/fr\\\/#\\\/schema\\\/logo\\\/image\\\/\"},\"sameAs\":[\"https:\\\/\\\/x.com\\\/IEFCPlantForest\",\"https:\\\/\\\/www.linkedin.com\\\/company\\\/71728047\\\/\"]}]}<\/script>\n<!-- \/ Yoast SEO plugin. -->","yoast_head_json":{"title":"Os propriet\u00e1rios florestais Gascons face ao risco - Instituto Europeu De Floresta Plantada - IEFC","robots":{"index":"index","follow":"follow","max-snippet":"max-snippet:-1","max-image-preview":"max-image-preview:large","max-video-preview":"max-video-preview:-1"},"canonical":"https:\/\/www.plantedforests.org\/les-proprietaires-forestiers-gascons-face-au-risque\/","og_locale":"pt_PT","og_type":"article","og_title":"Os propriet\u00e1rios florestais Gascons face ao risco - Instituto Europeu De Floresta Plantada - IEFC","og_url":"https:\/\/www.plantedforests.org\/les-proprietaires-forestiers-gascons-face-au-risque\/","og_site_name":"Instituto Europeu De Floresta Plantada - IEFC","article_modified_time":"2024-03-07T14:02:51+00:00","og_image":[{"url":"https:\/\/www.plantedforests.org\/old_resources\/images\/lien_inactif.gif","type":"","width":"","height":""}],"twitter_card":"summary_large_image","twitter_site":"@IEFCPlantForest","twitter_misc":{"Tempo estimado de leitura":"1 minuto"},"schema":{"@context":"https:\/\/schema.org","@graph":[{"@type":"WebPage","@id":"https:\/\/www.plantedforests.org\/les-proprietaires-forestiers-gascons-face-au-risque\/","url":"https:\/\/www.plantedforests.org\/les-proprietaires-forestiers-gascons-face-au-risque\/","name":"Os propriet\u00e1rios florestais Gascons face ao risco - Instituto Europeu De Floresta Plantada - IEFC","isPartOf":{"@id":"https:\/\/www.plantedforests.org\/fr\/#website"},"primaryImageOfPage":{"@id":"https:\/\/www.plantedforests.org\/les-proprietaires-forestiers-gascons-face-au-risque\/#primaryimage"},"image":{"@id":"https:\/\/www.plantedforests.org\/les-proprietaires-forestiers-gascons-face-au-risque\/#primaryimage"},"thumbnailUrl":"https:\/\/www.plantedforests.org\/old_resources\/images\/lien_inactif.gif","datePublished":"2018-06-05T21:36:22+00:00","dateModified":"2024-03-07T14:02:51+00:00","breadcrumb":{"@id":"https:\/\/www.plantedforests.org\/les-proprietaires-forestiers-gascons-face-au-risque\/#breadcrumb"},"inLanguage":"pt-PT","potentialAction":[{"@type":"ReadAction","target":["https:\/\/www.plantedforests.org\/les-proprietaires-forestiers-gascons-face-au-risque\/"]}]},{"@type":"ImageObject","inLanguage":"pt-PT","@id":"https:\/\/www.plantedforests.org\/les-proprietaires-forestiers-gascons-face-au-risque\/#primaryimage","url":"https:\/\/www.plantedforests.org\/old_resources\/images\/lien_inactif.gif","contentUrl":"https:\/\/www.plantedforests.org\/old_resources\/images\/lien_inactif.gif"},{"@type":"BreadcrumbList","@id":"https:\/\/www.plantedforests.org\/les-proprietaires-forestiers-gascons-face-au-risque\/#breadcrumb","itemListElement":[{"@type":"ListItem","position":1,"name":"Accueil","item":"https:\/\/www.plantedforests.org\/"},{"@type":"ListItem","position":2,"name":"The Gascons forest owners face to risk"}]},{"@type":"WebSite","@id":"https:\/\/www.plantedforests.org\/fr\/#website","url":"https:\/\/www.plantedforests.org\/fr\/","name":"Instituto Europeu De Floresta Plantada - IEFC","description":"A rede IEFC para a gest\u00e3o sustent\u00e1vel e resili\u00eancia das florestas cultivadas","publisher":{"@id":"https:\/\/www.plantedforests.org\/fr\/#organization"},"potentialAction":[{"@type":"SearchAction","target":{"@type":"EntryPoint","urlTemplate":"https:\/\/www.plantedforests.org\/fr\/?s={search_term_string}"},"query-input":{"@type":"PropertyValueSpecification","valueRequired":true,"valueName":"search_term_string"}}],"inLanguage":"pt-PT"},{"@type":"Organization","@id":"https:\/\/www.plantedforests.org\/fr\/#organization","name":"Institut Europ\u00e9en de la For\u00eat Cultiv\u00e9e - Plantedforests.org","url":"https:\/\/www.plantedforests.org\/fr\/","logo":{"@type":"ImageObject","inLanguage":"pt-PT","@id":"https:\/\/www.plantedforests.org\/fr\/#\/schema\/logo\/image\/","url":"https:\/\/www.plantedforests.org\/wp-content\/uploads\/2022\/07\/Logo_iefc__FR.png","contentUrl":"https:\/\/www.plantedforests.org\/wp-content\/uploads\/2022\/07\/Logo_iefc__FR.png","width":2031,"height":1001,"caption":"Institut Europ\u00e9en de la For\u00eat Cultiv\u00e9e - Plantedforests.org"},"image":{"@id":"https:\/\/www.plantedforests.org\/fr\/#\/schema\/logo\/image\/"},"sameAs":["https:\/\/x.com\/IEFCPlantForest","https:\/\/www.linkedin.com\/company\/71728047\/"]}]}},"_links":{"self":[{"href":"https:\/\/www.plantedforests.org\/pt\/wp-json\/wp\/v2\/pages\/3047","targetHints":{"allow":["GET"]}}],"collection":[{"href":"https:\/\/www.plantedforests.org\/pt\/wp-json\/wp\/v2\/pages"}],"about":[{"href":"https:\/\/www.plantedforests.org\/pt\/wp-json\/wp\/v2\/types\/page"}],"author":[{"embeddable":true,"href":"https:\/\/www.plantedforests.org\/pt\/wp-json\/wp\/v2\/users\/3"}],"replies":[{"embeddable":true,"href":"https:\/\/www.plantedforests.org\/pt\/wp-json\/wp\/v2\/comments?post=3047"}],"version-history":[{"count":7,"href":"https:\/\/www.plantedforests.org\/pt\/wp-json\/wp\/v2\/pages\/3047\/revisions"}],"predecessor-version":[{"id":17452,"href":"https:\/\/www.plantedforests.org\/pt\/wp-json\/wp\/v2\/pages\/3047\/revisions\/17452"}],"wp:attachment":[{"href":"https:\/\/www.plantedforests.org\/pt\/wp-json\/wp\/v2\/media?parent=3047"}],"curies":[{"name":"wp","href":"https:\/\/api.w.org\/{rel}","templated":true}]}}