
{"id":3027,"date":"2018-06-05T23:17:18","date_gmt":"2018-06-05T21:17:18","guid":{"rendered":"https:\/\/www.iefc.net\/?page_id=3027"},"modified":"2023-08-24T16:27:50","modified_gmt":"2023-08-24T14:27:50","slug":"strategies-de-prevention-contre-les-incendies-dans-les-forets-deurope-du-sud","status":"publish","type":"page","link":"https:\/\/www.plantedforests.org\/pt\/strategies-de-prevention-contre-les-incendies-dans-les-forets-deurope-du-sud\/","title":{"rendered":"ESTRAT\u00c9GIAS DE PREVEN\u00c7\u00c3O DE FOGOS FLORESTAIS NO SUL DA EUROPA."},"content":{"rendered":"<p class=\"titre\">\n<p><img decoding=\"async\" src=\"https:\/\/www.plantedforests.org\/old_resources\/images\/USSE.gif\" width=\"100\" height=\"100\" align=\"left\" border=\"0\" \/> <img decoding=\"async\" src=\"https:\/\/www.plantedforests.org\/old_resources\/images\/logo.gif\" width=\"100\" height=\"100\" align=\"right\" border=\"0\" \/> <b><\/b><\/p>\n<div align=\"center\">O FORUM EUROPEU DOS PROFISSIONAIS DE GEST\u00c3O DO RISCO DE INC\u00caNDIO<\/div>\n<div align=\"center\">Bord\u00e9us, 31 de Janeiro, 1 e 2 de Fevereiro de 2002<\/div>\n<p>&nbsp;<\/p>\n<p class=\"vert\">OBJECTIVOS:<\/p>\n<p>O principal objectivo deste forum \u00e9 de promover o interc\u00e2mbio entre as regi\u00f5es europeias quanto ao tema da preven\u00e7\u00e3o de fogos florestais e contribuir, deste modo, para p\u00f4r em pr\u00e1tica estrat\u00e9gias de preven\u00e7\u00e3o efectivas, passo pr\u00e9vio indispens\u00e1vel para um combate eficaz. Atrav\u00e9s de uma s\u00e9rie de confer\u00eancias bienais itinerantes, propomos confrontar as experi\u00eancias regionais referentes aos compromissos e \u00e0s estrat\u00e9gias preventivas no que respeita \u00e0 defesa das florestas contra os inc\u00eandios .<br \/>\nAssim, convidamos todas as pessoas com compet\u00eancias no dom\u00ednio dos \u0093fogos florestais\u0094 (propriet\u00e1rios, gestores, investigadores, juristas, economistas, etc,&#8230;) a participarem, submetendo comunica\u00e7\u00f5es ilustrativas das ac\u00e7\u00f5es positivas ou negativas referentes da preven\u00e7\u00e3o de inc\u00eandios florestais, de forma a que esta experi\u00eancia possa ser \u00fatil para todos.<\/p>\n<p class=\"vert\">TEM\u00c1TICAS<\/p>\n<p>As interven\u00e7\u00f5es dever\u00e3o ilustrar uma ac\u00e7\u00e3o de preven\u00e7\u00e3o representativa da estrat\u00e9gia de uma regi\u00e3o europeia ou analisar as modifica\u00e7\u00f5es resultantes de uma ac\u00e7\u00e3o inovadora em mat\u00e9ria de preven\u00e7\u00e3o, no contexto regional de cada experi\u00eancia apresentada (natureza do risco, combust\u00edvel, condi\u00e7\u00f5es meteorol\u00f3gicas, legisla\u00e7\u00e3o em vigor, contexto socio-econ\u00f3mico, etc,&#8230;)<br \/>\nEstas interven\u00e7\u00f5es ir\u00e3o ser enquadradas em quatro grandes temas:<\/p>\n<ul>\n<li>M\u00e9todos de avalia\u00e7\u00e3o do risco e consequ\u00eancias econ\u00f3micas ou financeiras<\/li>\n<li>Pol\u00edticas de preven\u00e7\u00e3o do risco de inc\u00eandios florestais<\/li>\n<li>Planeamento e instala\u00e7\u00e3o de infraestruturas de preven\u00e7\u00e3o<\/li>\n<li>Coordena\u00e7\u00e3o entre ac\u00e7\u00f5es de preven\u00e7\u00e3o,previs\u00e3o e de combate de fogos floretais<\/li>\n<\/ul>\n<p>As interven\u00e7\u00f5es dever\u00e3o n\u00e3o apenas incentivar \u00e0 reflex\u00e3o global sobre as estrat\u00e9gias de preven\u00e7\u00e3o, como tamb\u00e9m apresentar m\u00e9todos concretos de forma a que os participantes no semin\u00e1rio possam utiliz\u00e1-los e transp\u00f4-los para outros contextos.<\/p>\n<p class=\"vert\">NORMAS PARA AS APRESENTA\u00c7\u00d5ES.<\/p>\n<p>As comunica\u00e7\u00f5es orais ter\u00e3o uma dura\u00e7\u00e3o de 20 a 30 minutos seguidos de 10 a 20 minutos de discuss\u00e3o. Os resumos ter\u00e3o que ser enviados antes de 30 de Novembro deste ano e os artigos antes de 4 de Janeiro de 2002. As tradu\u00e7\u00f5es simult\u00e2neas ser\u00e3o disponibilizadas em fun\u00e7\u00e3o do n\u00famero e pa\u00eds de origem dos participantes<\/p>\n<p class=\"vert\">INSCRI\u00c7\u00d5ES:<\/p>\n<p>Inscri\u00e7\u00e3o: 230 Euros (inclui almo\u00e7os e visita de campo)<\/p>\n<p>Contact : <a href=\"https:\/\/www.plantedforests.org\/message.php?destinataire=christophe.orazio\">C. Orazio<\/a><br \/>\nVersion PDF<\/p>\n<p><a class=\"icone_lien\" href=\"http:\/\/www.tourisme.voila.fr\/villes\/bordeaux\/fra\/sit\/ville\/cmondial\/acc.htm\" target=\"_blank\" rel=\"noopener\" hreflang=\"\"> Lugar da reuni\u00e3o : cit\u00e9 mondiale (<\/a><a href=\"http:\/\/www.viamichelin.com\/viamichelin\/fra\/dyn\/controller\/savedMapGet?mapId=68868\">plan <\/a>)<br \/>\n<a class=\"icone_lien\" href=\"http:\/\/www.gaf.tm.fr\/fr\/france\/hotels\/aquitaine\/gironde\/bordeaux.php\" target=\"_blank\" rel=\"noopener\" hreflang=\"\"> O hotel Claret encontra-se no lugar da reuni\u00e3o<\/a><br \/>\n<a class=\"icone_lien\" href=\"https:\/\/www.plantedforests.org\/manifestations\/2002_forumDFCI.fr.html\" target=\"_top\" hreflang=\"\" rel=\"noopener\"> Prograla e resumos (inicio dos debates 5a feira, 31 de Janeiro \u00e0s 14h30, final dos debates Sbado, 2 de Janeiro \u00e0s 12h, Sabado \u00e0 tarde: paseio)<\/a><\/p>\n<table border=\"0\" summary=\"organisation\" align=\"center\">\n<tbody>\n<tr>\n<th>Comit\u00e9 de lecture<\/th>\n<th>Partenaires<\/th>\n<\/tr>\n<tr>\n<td>C. Orazio (IEFC Aquitaine)<br \/>\nC. Pinaudeau (ARDFCI Aquitaine)<br \/>\nM. Colin (CIRCOSC Bordeaux)<br \/>\nE. rigolot (INRA Avignon)<br \/>\nH. Bothello (UTAD Villa real)<br \/>\nM. Seillan (Editions pr\u00e9ventique)<br \/>\nJos\u00e9 Antonio V\u00e9ga (Espagne)<\/td>\n<td>Commission europ\u00e9enne (21-58)<br \/>\nMinist\u00e8re de l&#8217;Agriculture et de la For\u00eat<br \/>\nConseil R\u00e9gional D&#8217;aquitaine<br \/>\nAssociation R\u00e9gionale de DFCI<br \/>\nUSSE<br \/>\nIEFC<\/td>\n<\/tr>\n<\/tbody>\n<\/table>\n<p><br clear=\"all\" \/><\/p>\n<div align=\"right\">\n<table id=\"Aquitaine\" class=\"piedpage\" border=\"0\" summary=\"\">\n<tbody>\n<tr>\n<td class=\"piedpage\"><img decoding=\"async\" src=\"https:\/\/www.plantedforests.org\/old_resources\/images\/CRaquitaine.jpg\" alt=\"\" height=\"80\" border=\"0\" \/><\/td>\n<\/tr>\n<\/tbody>\n<\/table>\n<\/div>\n","protected":false},"excerpt":{"rendered":"<p>O FORUM EUROPEU DOS PROFISSIONAIS DE GEST\u00c3O DO RISCO DE INC\u00caNDIO Bord\u00e9us, 31 de Janeiro, 1 e 2 de Fevereiro de 2002 &nbsp; OBJECTIVOS: O principal objectivo deste forum \u00e9 [&hellip;]<\/p>\n","protected":false},"author":3,"featured_media":0,"parent":0,"menu_order":0,"comment_status":"closed","ping_status":"closed","template":"","meta":{"_acf_changed":false,"_eb_attr":"","_EventAllDay":false,"_EventTimezone":"","_EventStartDate":"","_EventEndDate":"","_EventStartDateUTC":"","_EventEndDateUTC":"","_EventShowMap":false,"_EventShowMapLink":false,"_EventURL":"","_EventCost":"","_EventCostDescription":"","_EventCurrencySymbol":"","_EventCurrencyCode":"","_EventCurrencyPosition":"","_EventDateTimeSeparator":"","_EventTimeRangeSeparator":"","_EventOrganizerID":[],"_EventVenueID":[],"_OrganizerEmail":"","_OrganizerPhone":"","_OrganizerWebsite":"","_VenueAddress":"","_VenueCity":"","_VenueCountry":"","_VenueProvince":"","_VenueState":"","_VenueZip":"","_VenuePhone":"","_VenueURL":"","_VenueStateProvince":"","_VenueLat":"","_VenueLng":"","_VenueShowMap":false,"_VenueShowMapLink":false,"activitypub_content_warning":"","activitypub_content_visibility":"","activitypub_max_image_attachments":4,"activitypub_interaction_policy_quote":"anyone","activitypub_status":"","footnotes":""},"class_list":["post-3027","page","type-page","status-publish","hentry"],"translation":{"provider":"WPGlobus","version":"3.0.2","language":"pt","enabled_languages":["gb","fr","es","pt"],"languages":{"gb":{"title":true,"content":true,"excerpt":false},"fr":{"title":true,"content":true,"excerpt":false},"es":{"title":true,"content":true,"excerpt":false},"pt":{"title":true,"content":true,"excerpt":false}}},"acf":[],"yoast_head":"<!-- This site is optimized with the Yoast SEO plugin v27.3 - https:\/\/yoast.com\/product\/yoast-seo-wordpress\/ -->\n<title>ESTRAT\u00c9GIAS DE PREVEN\u00c7\u00c3O DE FOGOS FLORESTAIS NO SUL DA EUROPA. - Instituto Europeu De Floresta Plantada - IEFC<\/title>\n<meta name=\"robots\" content=\"index, follow, max-snippet:-1, max-image-preview:large, max-video-preview:-1\" \/>\n<link rel=\"canonical\" href=\"https:\/\/www.plantedforests.org\/strategies-de-prevention-contre-les-incendies-dans-les-forets-deurope-du-sud\/\" \/>\n<meta property=\"og:locale\" content=\"pt_PT\" \/>\n<meta property=\"og:type\" content=\"article\" \/>\n<meta property=\"og:title\" content=\"ESTRAT\u00c9GIAS DE PREVEN\u00c7\u00c3O DE FOGOS FLORESTAIS NO SUL DA EUROPA. - Instituto Europeu De Floresta Plantada - IEFC\" \/>\n<meta property=\"og:url\" content=\"https:\/\/www.plantedforests.org\/strategies-de-prevention-contre-les-incendies-dans-les-forets-deurope-du-sud\/\" \/>\n<meta property=\"og:site_name\" content=\"Instituto Europeu De Floresta Plantada - IEFC\" \/>\n<meta property=\"article:modified_time\" content=\"2023-08-24T14:27:50+00:00\" \/>\n<meta property=\"og:image\" content=\"https:\/\/www.plantedforests.org\/old_resources\/images\/USSE.gif\" \/>\n<meta name=\"twitter:card\" content=\"summary_large_image\" \/>\n<meta name=\"twitter:site\" content=\"@IEFCPlantForest\" \/>\n<meta name=\"twitter:label1\" content=\"Tempo estimado de leitura\" \/>\n\t<meta name=\"twitter:data1\" content=\"9 minutos\" \/>\n<script type=\"application\/ld+json\" class=\"yoast-schema-graph\">{\"@context\":\"https:\\\/\\\/schema.org\",\"@graph\":[{\"@type\":\"WebPage\",\"@id\":\"https:\\\/\\\/www.plantedforests.org\\\/strategies-de-prevention-contre-les-incendies-dans-les-forets-deurope-du-sud\\\/\",\"url\":\"https:\\\/\\\/www.plantedforests.org\\\/strategies-de-prevention-contre-les-incendies-dans-les-forets-deurope-du-sud\\\/\",\"name\":\"ESTRAT\u00c9GIAS DE PREVEN\u00c7\u00c3O DE FOGOS FLORESTAIS NO SUL DA EUROPA. - Instituto Europeu De Floresta Plantada - IEFC\",\"isPartOf\":{\"@id\":\"https:\\\/\\\/www.plantedforests.org\\\/fr\\\/#website\"},\"primaryImageOfPage\":{\"@id\":\"https:\\\/\\\/www.plantedforests.org\\\/strategies-de-prevention-contre-les-incendies-dans-les-forets-deurope-du-sud\\\/#primaryimage\"},\"image\":{\"@id\":\"https:\\\/\\\/www.plantedforests.org\\\/strategies-de-prevention-contre-les-incendies-dans-les-forets-deurope-du-sud\\\/#primaryimage\"},\"thumbnailUrl\":\"https:\\\/\\\/www.plantedforests.org\\\/old_resources\\\/images\\\/USSE.gif\",\"datePublished\":\"2018-06-05T21:17:18+00:00\",\"dateModified\":\"2023-08-24T14:27:50+00:00\",\"breadcrumb\":{\"@id\":\"https:\\\/\\\/www.plantedforests.org\\\/strategies-de-prevention-contre-les-incendies-dans-les-forets-deurope-du-sud\\\/#breadcrumb\"},\"inLanguage\":\"pt-PT\",\"potentialAction\":[{\"@type\":\"ReadAction\",\"target\":[\"https:\\\/\\\/www.plantedforests.org\\\/strategies-de-prevention-contre-les-incendies-dans-les-forets-deurope-du-sud\\\/\"]}]},{\"@type\":\"ImageObject\",\"inLanguage\":\"pt-PT\",\"@id\":\"https:\\\/\\\/www.plantedforests.org\\\/strategies-de-prevention-contre-les-incendies-dans-les-forets-deurope-du-sud\\\/#primaryimage\",\"url\":\"https:\\\/\\\/www.plantedforests.org\\\/old_resources\\\/images\\\/USSE.gif\",\"contentUrl\":\"https:\\\/\\\/www.plantedforests.org\\\/old_resources\\\/images\\\/USSE.gif\"},{\"@type\":\"BreadcrumbList\",\"@id\":\"https:\\\/\\\/www.plantedforests.org\\\/strategies-de-prevention-contre-les-incendies-dans-les-forets-deurope-du-sud\\\/#breadcrumb\",\"itemListElement\":[{\"@type\":\"ListItem\",\"position\":1,\"name\":\"Accueil\",\"item\":\"https:\\\/\\\/www.plantedforests.org\\\/\"},{\"@type\":\"ListItem\",\"position\":2,\"name\":\"STRATEGIES DE PREVENTION CONTRE LES INCENDIES DANS LES FOR\u00caTS D\u00b4EUROPE DU SUD\"}]},{\"@type\":\"WebSite\",\"@id\":\"https:\\\/\\\/www.plantedforests.org\\\/fr\\\/#website\",\"url\":\"https:\\\/\\\/www.plantedforests.org\\\/fr\\\/\",\"name\":\"Instituto Europeu De Floresta Plantada - IEFC\",\"description\":\"A rede IEFC para a gest\u00e3o sustent\u00e1vel e resili\u00eancia das florestas cultivadas\",\"publisher\":{\"@id\":\"https:\\\/\\\/www.plantedforests.org\\\/fr\\\/#organization\"},\"potentialAction\":[{\"@type\":\"SearchAction\",\"target\":{\"@type\":\"EntryPoint\",\"urlTemplate\":\"https:\\\/\\\/www.plantedforests.org\\\/fr\\\/?s={search_term_string}\"},\"query-input\":{\"@type\":\"PropertyValueSpecification\",\"valueRequired\":true,\"valueName\":\"search_term_string\"}}],\"inLanguage\":\"pt-PT\"},{\"@type\":\"Organization\",\"@id\":\"https:\\\/\\\/www.plantedforests.org\\\/fr\\\/#organization\",\"name\":\"Institut Europ\u00e9en de la For\u00eat Cultiv\u00e9e - Plantedforests.org\",\"url\":\"https:\\\/\\\/www.plantedforests.org\\\/fr\\\/\",\"logo\":{\"@type\":\"ImageObject\",\"inLanguage\":\"pt-PT\",\"@id\":\"https:\\\/\\\/www.plantedforests.org\\\/fr\\\/#\\\/schema\\\/logo\\\/image\\\/\",\"url\":\"https:\\\/\\\/www.plantedforests.org\\\/wp-content\\\/uploads\\\/2022\\\/07\\\/Logo_iefc__FR.png\",\"contentUrl\":\"https:\\\/\\\/www.plantedforests.org\\\/wp-content\\\/uploads\\\/2022\\\/07\\\/Logo_iefc__FR.png\",\"width\":2031,\"height\":1001,\"caption\":\"Institut Europ\u00e9en de la For\u00eat Cultiv\u00e9e - Plantedforests.org\"},\"image\":{\"@id\":\"https:\\\/\\\/www.plantedforests.org\\\/fr\\\/#\\\/schema\\\/logo\\\/image\\\/\"},\"sameAs\":[\"https:\\\/\\\/x.com\\\/IEFCPlantForest\",\"https:\\\/\\\/www.linkedin.com\\\/company\\\/71728047\\\/\"]}]}<\/script>\n<!-- \/ Yoast SEO plugin. -->","yoast_head_json":{"title":"ESTRAT\u00c9GIAS DE PREVEN\u00c7\u00c3O DE FOGOS FLORESTAIS NO SUL DA EUROPA. - Instituto Europeu De Floresta Plantada - IEFC","robots":{"index":"index","follow":"follow","max-snippet":"max-snippet:-1","max-image-preview":"max-image-preview:large","max-video-preview":"max-video-preview:-1"},"canonical":"https:\/\/www.plantedforests.org\/strategies-de-prevention-contre-les-incendies-dans-les-forets-deurope-du-sud\/","og_locale":"pt_PT","og_type":"article","og_title":"ESTRAT\u00c9GIAS DE PREVEN\u00c7\u00c3O DE FOGOS FLORESTAIS NO SUL DA EUROPA. - Instituto Europeu De Floresta Plantada - IEFC","og_url":"https:\/\/www.plantedforests.org\/strategies-de-prevention-contre-les-incendies-dans-les-forets-deurope-du-sud\/","og_site_name":"Instituto Europeu De Floresta Plantada - IEFC","article_modified_time":"2023-08-24T14:27:50+00:00","og_image":[{"url":"https:\/\/www.plantedforests.org\/old_resources\/images\/USSE.gif","type":"","width":"","height":""}],"twitter_card":"summary_large_image","twitter_site":"@IEFCPlantForest","twitter_misc":{"Tempo estimado de leitura":"9 minutos"},"schema":{"@context":"https:\/\/schema.org","@graph":[{"@type":"WebPage","@id":"https:\/\/www.plantedforests.org\/strategies-de-prevention-contre-les-incendies-dans-les-forets-deurope-du-sud\/","url":"https:\/\/www.plantedforests.org\/strategies-de-prevention-contre-les-incendies-dans-les-forets-deurope-du-sud\/","name":"ESTRAT\u00c9GIAS DE PREVEN\u00c7\u00c3O DE FOGOS FLORESTAIS NO SUL DA EUROPA. - Instituto Europeu De Floresta Plantada - IEFC","isPartOf":{"@id":"https:\/\/www.plantedforests.org\/fr\/#website"},"primaryImageOfPage":{"@id":"https:\/\/www.plantedforests.org\/strategies-de-prevention-contre-les-incendies-dans-les-forets-deurope-du-sud\/#primaryimage"},"image":{"@id":"https:\/\/www.plantedforests.org\/strategies-de-prevention-contre-les-incendies-dans-les-forets-deurope-du-sud\/#primaryimage"},"thumbnailUrl":"https:\/\/www.plantedforests.org\/old_resources\/images\/USSE.gif","datePublished":"2018-06-05T21:17:18+00:00","dateModified":"2023-08-24T14:27:50+00:00","breadcrumb":{"@id":"https:\/\/www.plantedforests.org\/strategies-de-prevention-contre-les-incendies-dans-les-forets-deurope-du-sud\/#breadcrumb"},"inLanguage":"pt-PT","potentialAction":[{"@type":"ReadAction","target":["https:\/\/www.plantedforests.org\/strategies-de-prevention-contre-les-incendies-dans-les-forets-deurope-du-sud\/"]}]},{"@type":"ImageObject","inLanguage":"pt-PT","@id":"https:\/\/www.plantedforests.org\/strategies-de-prevention-contre-les-incendies-dans-les-forets-deurope-du-sud\/#primaryimage","url":"https:\/\/www.plantedforests.org\/old_resources\/images\/USSE.gif","contentUrl":"https:\/\/www.plantedforests.org\/old_resources\/images\/USSE.gif"},{"@type":"BreadcrumbList","@id":"https:\/\/www.plantedforests.org\/strategies-de-prevention-contre-les-incendies-dans-les-forets-deurope-du-sud\/#breadcrumb","itemListElement":[{"@type":"ListItem","position":1,"name":"Accueil","item":"https:\/\/www.plantedforests.org\/"},{"@type":"ListItem","position":2,"name":"STRATEGIES DE PREVENTION CONTRE LES INCENDIES DANS LES FOR\u00caTS D\u00b4EUROPE DU SUD"}]},{"@type":"WebSite","@id":"https:\/\/www.plantedforests.org\/fr\/#website","url":"https:\/\/www.plantedforests.org\/fr\/","name":"Instituto Europeu De Floresta Plantada - IEFC","description":"A rede IEFC para a gest\u00e3o sustent\u00e1vel e resili\u00eancia das florestas cultivadas","publisher":{"@id":"https:\/\/www.plantedforests.org\/fr\/#organization"},"potentialAction":[{"@type":"SearchAction","target":{"@type":"EntryPoint","urlTemplate":"https:\/\/www.plantedforests.org\/fr\/?s={search_term_string}"},"query-input":{"@type":"PropertyValueSpecification","valueRequired":true,"valueName":"search_term_string"}}],"inLanguage":"pt-PT"},{"@type":"Organization","@id":"https:\/\/www.plantedforests.org\/fr\/#organization","name":"Institut Europ\u00e9en de la For\u00eat Cultiv\u00e9e - Plantedforests.org","url":"https:\/\/www.plantedforests.org\/fr\/","logo":{"@type":"ImageObject","inLanguage":"pt-PT","@id":"https:\/\/www.plantedforests.org\/fr\/#\/schema\/logo\/image\/","url":"https:\/\/www.plantedforests.org\/wp-content\/uploads\/2022\/07\/Logo_iefc__FR.png","contentUrl":"https:\/\/www.plantedforests.org\/wp-content\/uploads\/2022\/07\/Logo_iefc__FR.png","width":2031,"height":1001,"caption":"Institut Europ\u00e9en de la For\u00eat Cultiv\u00e9e - Plantedforests.org"},"image":{"@id":"https:\/\/www.plantedforests.org\/fr\/#\/schema\/logo\/image\/"},"sameAs":["https:\/\/x.com\/IEFCPlantForest","https:\/\/www.linkedin.com\/company\/71728047\/"]}]}},"_links":{"self":[{"href":"https:\/\/www.plantedforests.org\/pt\/wp-json\/wp\/v2\/pages\/3027","targetHints":{"allow":["GET"]}}],"collection":[{"href":"https:\/\/www.plantedforests.org\/pt\/wp-json\/wp\/v2\/pages"}],"about":[{"href":"https:\/\/www.plantedforests.org\/pt\/wp-json\/wp\/v2\/types\/page"}],"author":[{"embeddable":true,"href":"https:\/\/www.plantedforests.org\/pt\/wp-json\/wp\/v2\/users\/3"}],"replies":[{"embeddable":true,"href":"https:\/\/www.plantedforests.org\/pt\/wp-json\/wp\/v2\/comments?post=3027"}],"version-history":[{"count":3,"href":"https:\/\/www.plantedforests.org\/pt\/wp-json\/wp\/v2\/pages\/3027\/revisions"}],"predecessor-version":[{"id":13457,"href":"https:\/\/www.plantedforests.org\/pt\/wp-json\/wp\/v2\/pages\/3027\/revisions\/13457"}],"wp:attachment":[{"href":"https:\/\/www.plantedforests.org\/pt\/wp-json\/wp\/v2\/media?parent=3027"}],"curies":[{"name":"wp","href":"https:\/\/api.w.org\/{rel}","templated":true}]}}