
{"id":28272,"date":"2025-11-05T11:24:07","date_gmt":"2025-11-05T10:24:07","guid":{"rendered":"https:\/\/www.plantedforests.org\/?page_id=28272"},"modified":"2025-11-05T11:37:42","modified_gmt":"2025-11-05T10:37:42","slug":"4e-comite-de-pilotage-du-laboratoire-vivant-bocage-forestier-pour-le-deploiement-des-haies-de-feuillus-dans-des-contextes-de-plantations-resineuses","status":"publish","type":"page","link":"https:\/\/www.plantedforests.org\/pt\/4e-comite-de-pilotage-du-laboratoire-vivant-bocage-forestier-pour-le-deploiement-des-haies-de-feuillus-dans-des-contextes-de-plantations-resineuses\/","title":{"rendered":"4e comit\u00e9 de pilotage du laboratoire vivant Bocage Forestier pour le d\u00e9ploiement des haies de feuillus dans des contextes de plantations r\u00e9sineuses"},"content":{"rendered":"\t\t<div data-elementor-type=\"wp-page\" data-elementor-id=\"28272\" class=\"elementor elementor-28272\" data-elementor-post-type=\"page\">\n\t\t\t\t<div class=\"elementor-element elementor-element-6e1935ea e-flex e-con-boxed e-con e-parent\" data-id=\"6e1935ea\" data-element_type=\"container\" data-e-type=\"container\">\n\t\t\t\t\t<div class=\"e-con-inner\">\n\t\t\t\t<div class=\"elementor-element elementor-element-75d3173d elementor-widget elementor-widget-text-editor\" data-id=\"75d3173d\" data-element_type=\"widget\" data-e-type=\"widget\" data-widget_type=\"text-editor.default\">\n\t\t\t\t<div class=\"elementor-widget-container\">\n\t\t\t\t\t\t\t\t\t\n<p>Sur cette page, vous trouverez la liste des pr\u00e9sentations de cette r\u00e9union qui s\u2019est d\u00e9roul\u00e9e le 22 septembre 2025 \u00e0 Cestas en France.<\/p>\n\n\n\n<p><\/p>\n\t\t\t\t\t\t\t\t<\/div>\n\t\t\t\t<\/div>\n\t\t\t\t\t<\/div>\n\t\t\t\t<\/div>\n\t\t<div class=\"elementor-element elementor-element-82f9cd3 e-flex e-con-boxed e-con e-parent\" data-id=\"82f9cd3\" data-element_type=\"container\" data-e-type=\"container\">\n\t\t\t\t\t<div class=\"e-con-inner\">\n\t\t\t\t<div class=\"elementor-element elementor-element-c54db03 elementor-widget elementor-widget-elementskit-tablepress\" data-id=\"c54db03\" data-element_type=\"widget\" data-e-type=\"widget\" data-widget_type=\"elementskit-tablepress.default\">\n\t\t\t\t<div class=\"elementor-widget-container\">\n\t\t\t\t\t<div class=\"elemenetskit-tablepress ekit-wid-con\" id=\"ekit_tablepress_c54db03\">\n<table id=\"tablepress-14\" class=\"tablepress tablepress-id-14\">\n<thead>\n<tr class=\"row-1\">\n\t<th class=\"column-1\">Sujets<\/th><th class=\"column-2\">Pr\u00e9sentations<\/th>\n<\/tr>\n<\/thead>\n<tbody class=\"row-striping row-hover\">\n<tr class=\"row-2\">\n\t<td class=\"column-1\">Int\u00e9r\u00eat \u00e9cologique des haies de feuillus<\/td><td class=\"column-2\"><a href=\"https:\/\/www.plantedforests.org\/fr\/presentation-inrae-nattan-plat\/\" rel=\"noopener\" target=\"_blank\">Pr\u00e9sentation INRAe - Nattan Plat<\/a><\/td>\n<\/tr>\n<tr class=\"row-3\">\n\t<td class=\"column-1\">Haies foresti\u00e8res et pathog\u00e8nes<\/td><td class=\"column-2\"><a href=\"https:\/\/www.plantedforests.org\/fr\/presentation-inrae-alois-berard\/\" rel=\"noopener\" target=\"_blank\">Pr\u00e9sentation INRAe - Alois Berard<\/a><\/td>\n<\/tr>\n<tr class=\"row-4\">\n\t<td class=\"column-1\">Mod\u00e9lisation du devenir d'une haie<\/td><td class=\"column-2\"><a href=\"https:\/\/www.plantedforests.org\/fr\/presentation-cirad-marc_jaeger\/\" rel=\"noopener\" target=\"_blank\">Pr\u00e9sentation CIRAD - Marc Jaeger<\/a><\/td>\n<\/tr>\n<tr class=\"row-5\">\n\t<td class=\"column-1\">Optimisation et d\u00e9ploiement des installations de lisi\u00e8re feuillues <\/td><td class=\"column-2\"><a href=\"https:\/\/www.plantedforests.org\/fr\/presentation-alliance-foret-bois\/\" rel=\"noopener\" target=\"_blank\">Pr\u00e9sentation - Alliance For\u00eat Bois<\/a><\/td>\n<\/tr>\n<tr class=\"row-6\">\n\t<td class=\"column-1\">Soutien financier au d\u00e9ploiement du BOCAGE FORESTIER<\/td><td class=\"column-2\"><a href=\"https:\/\/www.plantedforests.org\/fr\/presentation-plantons-pour-lavenir\/\" target=\"_blank\">Pr\u00e9sentation - Plantons Pour l'Avenir<\/a><\/td>\n<\/tr>\n<tr class=\"row-7\">\n\t<td class=\"column-1\">Synth\u00e8se des actions de communication et de dissemination du projet<\/td><td class=\"column-2\"><a href=\"https:\/\/www.plantedforests.org\/fr\/presentation-institut-europeen-de-la-foret-cultivee\/\" target=\"_blank\">Pr\u00e9sentation - Institut Europ\u00e9en de la For\u00eat Cultiv\u00e9e<\/a><\/td>\n<\/tr>\n<\/tbody>\n<\/table>\n<\/div>\t\t\t\t<\/div>\n\t\t\t\t<\/div>\n\t\t\t\t\t<\/div>\n\t\t\t\t<\/div>\n\t\t\t\t<\/div>\n\t\t","protected":false},"excerpt":{"rendered":"<p>Sur cette page, vous trouverez la liste des pr\u00e9sentations de cette r\u00e9union qui s\u2019est d\u00e9roul\u00e9e le 22 septembre 2025 \u00e0 Cestas en France. Edit Sujets Pr\u00e9sentations Int\u00e9r\u00eat \u00e9cologique des haies [&hellip;]<\/p>\n","protected":false},"author":272,"featured_media":0,"parent":0,"menu_order":0,"comment_status":"closed","ping_status":"closed","template":"","meta":{"_acf_changed":false,"_eb_attr":"","_EventAllDay":false,"_EventTimezone":"","_EventStartDate":"","_EventEndDate":"","_EventStartDateUTC":"","_EventEndDateUTC":"","_EventShowMap":false,"_EventShowMapLink":false,"_EventURL":"","_EventCost":"","_EventCostDescription":"","_EventCurrencySymbol":"","_EventCurrencyCode":"","_EventCurrencyPosition":"","_EventDateTimeSeparator":"","_EventTimeRangeSeparator":"","_EventOrganizerID":[],"_EventVenueID":[],"_OrganizerEmail":"","_OrganizerPhone":"","_OrganizerWebsite":"","_VenueAddress":"","_VenueCity":"","_VenueCountry":"","_VenueProvince":"","_VenueState":"","_VenueZip":"","_VenuePhone":"","_VenueURL":"","_VenueStateProvince":"","_VenueLat":"","_VenueLng":"","_VenueShowMap":false,"_VenueShowMapLink":false,"activitypub_content_warning":"","activitypub_content_visibility":"","activitypub_max_image_attachments":4,"activitypub_interaction_policy_quote":"anyone","activitypub_status":"federated","footnotes":""},"class_list":["post-28272","page","type-page","status-publish","hentry"],"translation":{"provider":"WPGlobus","version":"3.0.2","language":"pt","enabled_languages":["gb","fr","es","pt"],"languages":{"gb":{"title":true,"content":true,"excerpt":false},"fr":{"title":false,"content":false,"excerpt":false},"es":{"title":false,"content":false,"excerpt":false},"pt":{"title":false,"content":false,"excerpt":false}}},"acf":[],"yoast_head":"<!-- This site is optimized with the Yoast SEO plugin v27.4 - https:\/\/yoast.com\/product\/yoast-seo-wordpress\/ -->\n<title>4e comit\u00e9 de pilotage du laboratoire vivant Bocage Forestier pour le d\u00e9ploiement des haies de feuillus dans des contextes de plantations r\u00e9sineuses - Instituto Europeu De Floresta Plantada - IEFC<\/title>\n<meta name=\"robots\" content=\"index, follow, max-snippet:-1, max-image-preview:large, max-video-preview:-1\" \/>\n<link rel=\"canonical\" href=\"https:\/\/www.plantedforests.org\/4e-comite-de-pilotage-du-laboratoire-vivant-bocage-forestier-pour-le-deploiement-des-haies-de-feuillus-dans-des-contextes-de-plantations-resineuses\/\" \/>\n<meta property=\"og:locale\" content=\"pt_PT\" \/>\n<meta property=\"og:type\" content=\"article\" \/>\n<meta property=\"og:title\" content=\"4e comit\u00e9 de pilotage du laboratoire vivant Bocage Forestier pour le d\u00e9ploiement des haies de feuillus dans des contextes de plantations r\u00e9sineuses - Instituto Europeu De Floresta Plantada - IEFC\" \/>\n<meta property=\"og:url\" content=\"https:\/\/www.plantedforests.org\/4e-comite-de-pilotage-du-laboratoire-vivant-bocage-forestier-pour-le-deploiement-des-haies-de-feuillus-dans-des-contextes-de-plantations-resineuses\/\" \/>\n<meta property=\"og:site_name\" content=\"Instituto Europeu De Floresta Plantada - IEFC\" \/>\n<meta property=\"article:modified_time\" content=\"2025-11-05T10:37:42+00:00\" \/>\n<meta name=\"twitter:card\" content=\"summary_large_image\" \/>\n<meta name=\"twitter:site\" content=\"@IEFCPlantForest\" \/>\n<meta name=\"twitter:label1\" content=\"Tempo estimado de leitura\" \/>\n\t<meta name=\"twitter:data1\" content=\"1 minuto\" \/>\n<script type=\"application\/ld+json\" class=\"yoast-schema-graph\">{\"@context\":\"https:\\\/\\\/schema.org\",\"@graph\":[{\"@type\":\"WebPage\",\"@id\":\"https:\\\/\\\/www.plantedforests.org\\\/4e-comite-de-pilotage-du-laboratoire-vivant-bocage-forestier-pour-le-deploiement-des-haies-de-feuillus-dans-des-contextes-de-plantations-resineuses\\\/\",\"url\":\"https:\\\/\\\/www.plantedforests.org\\\/4e-comite-de-pilotage-du-laboratoire-vivant-bocage-forestier-pour-le-deploiement-des-haies-de-feuillus-dans-des-contextes-de-plantations-resineuses\\\/\",\"name\":\"4e comit\u00e9 de pilotage du laboratoire vivant Bocage Forestier pour le d\u00e9ploiement des haies de feuillus dans des contextes de plantations r\u00e9sineuses - Instituto Europeu De Floresta Plantada - IEFC\",\"isPartOf\":{\"@id\":\"https:\\\/\\\/www.plantedforests.org\\\/fr\\\/#website\"},\"datePublished\":\"2025-11-05T10:24:07+00:00\",\"dateModified\":\"2025-11-05T10:37:42+00:00\",\"breadcrumb\":{\"@id\":\"https:\\\/\\\/www.plantedforests.org\\\/4e-comite-de-pilotage-du-laboratoire-vivant-bocage-forestier-pour-le-deploiement-des-haies-de-feuillus-dans-des-contextes-de-plantations-resineuses\\\/#breadcrumb\"},\"inLanguage\":\"pt-PT\",\"potentialAction\":[{\"@type\":\"ReadAction\",\"target\":[\"https:\\\/\\\/www.plantedforests.org\\\/4e-comite-de-pilotage-du-laboratoire-vivant-bocage-forestier-pour-le-deploiement-des-haies-de-feuillus-dans-des-contextes-de-plantations-resineuses\\\/\"]}]},{\"@type\":\"BreadcrumbList\",\"@id\":\"https:\\\/\\\/www.plantedforests.org\\\/4e-comite-de-pilotage-du-laboratoire-vivant-bocage-forestier-pour-le-deploiement-des-haies-de-feuillus-dans-des-contextes-de-plantations-resineuses\\\/#breadcrumb\",\"itemListElement\":[{\"@type\":\"ListItem\",\"position\":1,\"name\":\"Accueil\",\"item\":\"https:\\\/\\\/www.plantedforests.org\\\/\"},{\"@type\":\"ListItem\",\"position\":2,\"name\":\"4e comit\u00e9 de pilotage du laboratoire vivant Bocage Forestier pour le d\u00e9ploiement des haies de feuillus dans des contextes de plantations r\u00e9sineuses\"}]},{\"@type\":\"WebSite\",\"@id\":\"https:\\\/\\\/www.plantedforests.org\\\/fr\\\/#website\",\"url\":\"https:\\\/\\\/www.plantedforests.org\\\/fr\\\/\",\"name\":\"Instituto Europeu De Floresta Plantada - IEFC\",\"description\":\"A rede IEFC para a gest\u00e3o sustent\u00e1vel e resili\u00eancia das florestas cultivadas\",\"publisher\":{\"@id\":\"https:\\\/\\\/www.plantedforests.org\\\/fr\\\/#organization\"},\"potentialAction\":[{\"@type\":\"SearchAction\",\"target\":{\"@type\":\"EntryPoint\",\"urlTemplate\":\"https:\\\/\\\/www.plantedforests.org\\\/fr\\\/?s={search_term_string}\"},\"query-input\":{\"@type\":\"PropertyValueSpecification\",\"valueRequired\":true,\"valueName\":\"search_term_string\"}}],\"inLanguage\":\"pt-PT\"},{\"@type\":\"Organization\",\"@id\":\"https:\\\/\\\/www.plantedforests.org\\\/fr\\\/#organization\",\"name\":\"Institut Europ\u00e9en de la For\u00eat Cultiv\u00e9e - Plantedforests.org\",\"url\":\"https:\\\/\\\/www.plantedforests.org\\\/fr\\\/\",\"logo\":{\"@type\":\"ImageObject\",\"inLanguage\":\"pt-PT\",\"@id\":\"https:\\\/\\\/www.plantedforests.org\\\/fr\\\/#\\\/schema\\\/logo\\\/image\\\/\",\"url\":\"https:\\\/\\\/www.plantedforests.org\\\/wp-content\\\/uploads\\\/2022\\\/07\\\/Logo_iefc__FR.png\",\"contentUrl\":\"https:\\\/\\\/www.plantedforests.org\\\/wp-content\\\/uploads\\\/2022\\\/07\\\/Logo_iefc__FR.png\",\"width\":2031,\"height\":1001,\"caption\":\"Institut Europ\u00e9en de la For\u00eat Cultiv\u00e9e - Plantedforests.org\"},\"image\":{\"@id\":\"https:\\\/\\\/www.plantedforests.org\\\/fr\\\/#\\\/schema\\\/logo\\\/image\\\/\"},\"sameAs\":[\"https:\\\/\\\/x.com\\\/IEFCPlantForest\",\"https:\\\/\\\/www.linkedin.com\\\/company\\\/71728047\\\/\"]}]}<\/script>\n<!-- \/ Yoast SEO plugin. -->","yoast_head_json":{"title":"4e comit\u00e9 de pilotage du laboratoire vivant Bocage Forestier pour le d\u00e9ploiement des haies de feuillus dans des contextes de plantations r\u00e9sineuses - Instituto Europeu De Floresta Plantada - IEFC","robots":{"index":"index","follow":"follow","max-snippet":"max-snippet:-1","max-image-preview":"max-image-preview:large","max-video-preview":"max-video-preview:-1"},"canonical":"https:\/\/www.plantedforests.org\/4e-comite-de-pilotage-du-laboratoire-vivant-bocage-forestier-pour-le-deploiement-des-haies-de-feuillus-dans-des-contextes-de-plantations-resineuses\/","og_locale":"pt_PT","og_type":"article","og_title":"4e comit\u00e9 de pilotage du laboratoire vivant Bocage Forestier pour le d\u00e9ploiement des haies de feuillus dans des contextes de plantations r\u00e9sineuses - Instituto Europeu De Floresta Plantada - IEFC","og_url":"https:\/\/www.plantedforests.org\/4e-comite-de-pilotage-du-laboratoire-vivant-bocage-forestier-pour-le-deploiement-des-haies-de-feuillus-dans-des-contextes-de-plantations-resineuses\/","og_site_name":"Instituto Europeu De Floresta Plantada - IEFC","article_modified_time":"2025-11-05T10:37:42+00:00","twitter_card":"summary_large_image","twitter_site":"@IEFCPlantForest","twitter_misc":{"Tempo estimado de leitura":"1 minuto"},"schema":{"@context":"https:\/\/schema.org","@graph":[{"@type":"WebPage","@id":"https:\/\/www.plantedforests.org\/4e-comite-de-pilotage-du-laboratoire-vivant-bocage-forestier-pour-le-deploiement-des-haies-de-feuillus-dans-des-contextes-de-plantations-resineuses\/","url":"https:\/\/www.plantedforests.org\/4e-comite-de-pilotage-du-laboratoire-vivant-bocage-forestier-pour-le-deploiement-des-haies-de-feuillus-dans-des-contextes-de-plantations-resineuses\/","name":"4e comit\u00e9 de pilotage du laboratoire vivant Bocage Forestier pour le d\u00e9ploiement des haies de feuillus dans des contextes de plantations r\u00e9sineuses - Instituto Europeu De Floresta Plantada - IEFC","isPartOf":{"@id":"https:\/\/www.plantedforests.org\/fr\/#website"},"datePublished":"2025-11-05T10:24:07+00:00","dateModified":"2025-11-05T10:37:42+00:00","breadcrumb":{"@id":"https:\/\/www.plantedforests.org\/4e-comite-de-pilotage-du-laboratoire-vivant-bocage-forestier-pour-le-deploiement-des-haies-de-feuillus-dans-des-contextes-de-plantations-resineuses\/#breadcrumb"},"inLanguage":"pt-PT","potentialAction":[{"@type":"ReadAction","target":["https:\/\/www.plantedforests.org\/4e-comite-de-pilotage-du-laboratoire-vivant-bocage-forestier-pour-le-deploiement-des-haies-de-feuillus-dans-des-contextes-de-plantations-resineuses\/"]}]},{"@type":"BreadcrumbList","@id":"https:\/\/www.plantedforests.org\/4e-comite-de-pilotage-du-laboratoire-vivant-bocage-forestier-pour-le-deploiement-des-haies-de-feuillus-dans-des-contextes-de-plantations-resineuses\/#breadcrumb","itemListElement":[{"@type":"ListItem","position":1,"name":"Accueil","item":"https:\/\/www.plantedforests.org\/"},{"@type":"ListItem","position":2,"name":"4e comit\u00e9 de pilotage du laboratoire vivant Bocage Forestier pour le d\u00e9ploiement des haies de feuillus dans des contextes de plantations r\u00e9sineuses"}]},{"@type":"WebSite","@id":"https:\/\/www.plantedforests.org\/fr\/#website","url":"https:\/\/www.plantedforests.org\/fr\/","name":"Instituto Europeu De Floresta Plantada - IEFC","description":"A rede IEFC para a gest\u00e3o sustent\u00e1vel e resili\u00eancia das florestas cultivadas","publisher":{"@id":"https:\/\/www.plantedforests.org\/fr\/#organization"},"potentialAction":[{"@type":"SearchAction","target":{"@type":"EntryPoint","urlTemplate":"https:\/\/www.plantedforests.org\/fr\/?s={search_term_string}"},"query-input":{"@type":"PropertyValueSpecification","valueRequired":true,"valueName":"search_term_string"}}],"inLanguage":"pt-PT"},{"@type":"Organization","@id":"https:\/\/www.plantedforests.org\/fr\/#organization","name":"Institut Europ\u00e9en de la For\u00eat Cultiv\u00e9e - Plantedforests.org","url":"https:\/\/www.plantedforests.org\/fr\/","logo":{"@type":"ImageObject","inLanguage":"pt-PT","@id":"https:\/\/www.plantedforests.org\/fr\/#\/schema\/logo\/image\/","url":"https:\/\/www.plantedforests.org\/wp-content\/uploads\/2022\/07\/Logo_iefc__FR.png","contentUrl":"https:\/\/www.plantedforests.org\/wp-content\/uploads\/2022\/07\/Logo_iefc__FR.png","width":2031,"height":1001,"caption":"Institut Europ\u00e9en de la For\u00eat Cultiv\u00e9e - Plantedforests.org"},"image":{"@id":"https:\/\/www.plantedforests.org\/fr\/#\/schema\/logo\/image\/"},"sameAs":["https:\/\/x.com\/IEFCPlantForest","https:\/\/www.linkedin.com\/company\/71728047\/"]}]}},"_links":{"self":[{"href":"https:\/\/www.plantedforests.org\/pt\/wp-json\/wp\/v2\/pages\/28272","targetHints":{"allow":["GET"]}}],"collection":[{"href":"https:\/\/www.plantedforests.org\/pt\/wp-json\/wp\/v2\/pages"}],"about":[{"href":"https:\/\/www.plantedforests.org\/pt\/wp-json\/wp\/v2\/types\/page"}],"author":[{"embeddable":true,"href":"https:\/\/www.plantedforests.org\/pt\/wp-json\/wp\/v2\/users\/272"}],"replies":[{"embeddable":true,"href":"https:\/\/www.plantedforests.org\/pt\/wp-json\/wp\/v2\/comments?post=28272"}],"version-history":[{"count":15,"href":"https:\/\/www.plantedforests.org\/pt\/wp-json\/wp\/v2\/pages\/28272\/revisions"}],"predecessor-version":[{"id":28422,"href":"https:\/\/www.plantedforests.org\/pt\/wp-json\/wp\/v2\/pages\/28272\/revisions\/28422"}],"wp:attachment":[{"href":"https:\/\/www.plantedforests.org\/pt\/wp-json\/wp\/v2\/media?parent=28272"}],"curies":[{"name":"wp","href":"https:\/\/api.w.org\/{rel}","templated":true}]}}