
{"id":26105,"date":"2025-08-12T14:27:20","date_gmt":"2025-08-12T12:27:20","guid":{"rendered":"https:\/\/www.plantedforests.org\/?page_id=26105"},"modified":"2025-09-08T10:31:39","modified_gmt":"2025-09-08T08:31:39","slug":"webinar-n4-fire-res-innovation-actions-10-september-2025-registration","status":"publish","type":"page","link":"https:\/\/www.plantedforests.org\/pt\/webinar-n4-fire-res-innovation-actions-10-september-2025-registration\/","title":{"rendered":"Webinar n\u00b04 &#8211; FIRE-RES &#8211; Innovation Actions &#8211; 10 September 2025 &#8211; Registration"},"content":{"rendered":"<div class=\"wp-block-image\">\n<figure class=\"aligncenter size-large is-resized\"><img fetchpriority=\"high\" decoding=\"async\" width=\"1024\" height=\"576\" src=\"https:\/\/www.plantedforests.org\/wp-content\/uploads\/2025\/08\/Webinar-IAs-n.4-1024x576.png\" alt=\"\" class=\"wp-image-26951\" style=\"width:768px;height:auto\" srcset=\"https:\/\/www.plantedforests.org\/wp-content\/uploads\/2025\/08\/Webinar-IAs-n.4-1024x576.png 1024w, https:\/\/www.plantedforests.org\/wp-content\/uploads\/2025\/08\/Webinar-IAs-n.4-300x169.png 300w, https:\/\/www.plantedforests.org\/wp-content\/uploads\/2025\/08\/Webinar-IAs-n.4-150x84.png 150w, https:\/\/www.plantedforests.org\/wp-content\/uploads\/2025\/08\/Webinar-IAs-n.4-768x432.png 768w, https:\/\/www.plantedforests.org\/wp-content\/uploads\/2025\/08\/Webinar-IAs-n.4-1536x864.png 1536w, https:\/\/www.plantedforests.org\/wp-content\/uploads\/2025\/08\/Webinar-IAs-n.4-1320x743.png 1320w, https:\/\/www.plantedforests.org\/wp-content\/uploads\/2025\/08\/Webinar-IAs-n.4.png 1600w\" sizes=\"(max-width: 1024px) 100vw, 1024px\" \/><\/figure>\n<\/div>\n\n\n<p class=\"has-black-color has-text-color has-link-color wp-elements-7a8b9b17e5633ce3750fa5fef1c858fc\">The European Institute of Planted Forest (IEFC) is hosting a series of webinars to introduce the project\u2019s Innovation Actions to the public. <\/p>\n\n\n\n<p class=\"has-black-color has-text-color has-link-color wp-elements-624404ace334dfae47aa67f6e374b8d1\">The fourth session<em> <strong>\u201cNext generation tools for predicting, simulating &amp; managing wildfire risks\u201d<\/strong> will take place on <strong>Wednesday, September 10th, from 9:30 to 12:00 (CET)<\/strong>.<\/em><\/p>\n\n\n\n<div class=\"wp-block-group\"><div class=\"wp-block-group__inner-container is-layout-constrained wp-block-group-is-layout-constrained\">\n<div class=\"wp-block-group\"><div class=\"wp-block-group__inner-container is-layout-constrained wp-block-group-is-layout-constrained\">\n<div class=\"wp-block-group is-vertical is-layout-flex wp-container-core-group-is-layout-8cf370e7 wp-block-group-is-layout-flex\">\n<p class=\"has-black-color has-text-color has-link-color wp-elements-9e810ee4f6d20aced950c2ec6fd3cb06\">The agenda for the webinar is as follows:<\/p>\n\n\n\n<p class=\"has-black-color has-text-color has-link-color wp-elements-22a651390aeec2fbe2accc71d1452903\"><strong>IA 4.3<\/strong> \u2013  <em>Fire Education Platform \u2013 An immersive tool for policy-makers, schools and familie<\/em>s<\/p>\n\n\n\n<p class=\"has-black-color has-text-color has-link-color wp-elements-7320c76b2b34624b820e8490af3d1531\"><strong>IA 5.1<\/strong> \u2013 <em>Demonstration of an integrative umbrella system for estimating EWE risk and impact in real time with high-resolution weather data<\/em> \u2013 <strong>Adri\u00e1n Jim\u00e9nez<\/strong><\/p>\n\n\n\n<p class=\"has-black-color has-text-color has-link-color wp-elements-57be27cf496fe64c5a8a385dfd57e3d6\"><strong>IA 5.2<\/strong> \u2013 <em>Real-time EWE simulation and smoke spread based on coupled fire-atmosphere approaches<\/em><br>\u2013 <strong>Adri\u00e1n Cardil<\/strong><\/p>\n\n\n\n<p class=\"has-black-color has-text-color has-link-color wp-elements-db715afc14ec09bccf89ad13b862fbcd\"><strong>IA 5.7<\/strong> \u2013 <em>Quantifying impacts of exposure to air pollutants from wildfires<\/em><br>\u2013 <strong>Jordina Gili<\/strong><\/p>\n\n\n\n<p class=\"has-black-color has-text-color has-link-color wp-elements-4e17b90777bf3950dcbfd99a056db593\"><strong>IA 5.8<\/strong> \u2013 <em>Prototyping and testing innovative tools for EW ICS training certificates<\/em><br>\u2013 <strong>V\u00edtor Reis<\/strong><\/p>\n<\/div>\n<\/div><\/div>\n<\/div><\/div>\n\n\n\n<div style=\"height:30px\" aria-hidden=\"true\" class=\"wp-block-spacer\"><\/div>\n\n\n\n<h5 class=\"wp-block-heading has-text-align-center has-black-color has-text-color has-link-color wp-elements-ffd8539d4c80cf333a13a33675d1cafe\"><strong><span style=\"text-decoration: underline;\">Registration<\/span><\/strong><\/h5>\n\n\n\n<p class=\"has-text-align-center has-vivid-red-color has-text-color has-link-color wp-elements-260cbcb486721d4bd8f37bf7fe64a36b\"><em><strong>Live registration is now closed. You can still register to receive the replay link after the webinar.<\/strong><\/em><\/p>\n\n\n<div class=\"frm_forms  with_frm_style frm_style_style-formidable\" id=\"frm_form_35_container\" data-token=\"86cf40920f1da2cdb7f6a02cb95a017f\">\n<form enctype=\"multipart\/form-data\" method=\"post\" class=\"frm-show-form \" id=\"form_imkdf\" data-token=\"86cf40920f1da2cdb7f6a02cb95a017f\">\n<div class=\"frm_form_fields \">\n<fieldset>\n<legend class=\"frm_screen_reader\">Webinar_FIRE-RES_N\u00b04<\/legend>\r\n\r\n<div class=\"frm_fields_container\">\n<input type=\"hidden\" name=\"frm_action\" value=\"create\" \/>\n<input type=\"hidden\" name=\"form_id\" value=\"35\" \/>\n<input type=\"hidden\" name=\"frm_hide_fields_35\" id=\"frm_hide_fields_35\" value=\"\" \/>\n<input type=\"hidden\" name=\"form_key\" value=\"imkdf\" \/>\n<input type=\"hidden\" name=\"item_meta[0]\" value=\"\" \/>\n<input type=\"hidden\" id=\"frm_submit_entry_35\" name=\"frm_submit_entry_35\" value=\"5271b3a801\" \/><input type=\"hidden\" name=\"_wp_http_referer\" value=\"\/pt\/wp-json\/wp\/v2\/pages\/26105\" \/><div id=\"frm_field_370_container\" class=\"frm_form_field form-field  frm_required_field frm_top_container frm6 frm_first\">\r\n    <label for=\"field_x5hcq3f4ca4125b33343\" id=\"field_x5hcq3f4ca4125b33343_label\" class=\"frm_primary_label\">Name\r\n        <span class=\"frm_required\" aria-hidden=\"true\">*<\/span>\r\n    <\/label>\r\n    <input type=\"text\" id=\"field_x5hcq3f4ca4125b33343\" name=\"item_meta[370]\" value=\"\"  data-reqmsg=\"Ce champ ne peut pas \u00eatre vide\" aria-required=\"true\" data-invmsg=\"Text is invalid\" aria-invalid=\"false\"  \/>\r\n    \r\n    \r\n<\/div>\n<div id=\"frm_field_371_container\" class=\"frm_form_field form-field  frm_required_field frm_top_container frm6\">\r\n    <label for=\"field_ncizka5c914c01833343\" id=\"field_ncizka5c914c01833343_label\" class=\"frm_primary_label\">First name\r\n        <span class=\"frm_required\" aria-hidden=\"true\">*<\/span>\r\n    <\/label>\r\n    <input type=\"text\" id=\"field_ncizka5c914c01833343\" name=\"item_meta[371]\" value=\"\"  data-reqmsg=\"Ce champ ne peut pas \u00eatre vide\" aria-required=\"true\" data-invmsg=\"Text is invalid\" aria-invalid=\"false\"  \/>\r\n    \r\n    \r\n<\/div>\n<div id=\"frm_field_372_container\" class=\"frm_form_field form-field  frm_required_field frm_top_container\">\r\n    <label for=\"field_v3i98eafe99a3c34343\" id=\"field_v3i98eafe99a3c34343_label\" class=\"frm_primary_label\">Email\r\n        <span class=\"frm_required\" aria-hidden=\"true\">*<\/span>\r\n    <\/label>\r\n    <input type=\"email\" id=\"field_v3i98eafe99a3c34343\" name=\"item_meta[372]\" value=\"\"  data-reqmsg=\"Email ne peut pas \u00eatre vide.\" aria-required=\"true\" data-invmsg=\"Email is invalid\" aria-invalid=\"false\"  \/>\r\n    \r\n    \r\n<\/div>\n<div id=\"frm_field_373_container\" class=\"frm_form_field form-field  frm_required_field frm_top_container\">\r\n    <label for=\"field_u3ch8d3c7ca039433343\" id=\"field_u3ch8d3c7ca039433343_label\" class=\"frm_primary_label\">Company\r\n        <span class=\"frm_required\" aria-hidden=\"true\">*<\/span>\r\n    <\/label>\r\n    <input type=\"text\" id=\"field_u3ch8d3c7ca039433343\" name=\"item_meta[373]\" value=\"\"  data-reqmsg=\"Ce champ ne peut pas \u00eatre vide\" aria-required=\"true\" data-invmsg=\"Text is invalid\" aria-invalid=\"false\"  \/>\r\n    \r\n    \r\n<\/div>\n<div id=\"frm_field_374_container\" class=\"frm_form_field form-field  frm_required_field frm_top_container\">\r\n    <label for=\"field_y7iol33\" id=\"field_y7iol33_label\" class=\"frm_primary_label\">Country\r\n        <span class=\"frm_required\" aria-hidden=\"true\">*<\/span>\r\n    <\/label>\r\n    <input type=\"text\" id=\"field_y7iol33\" name=\"item_meta[374]\" value=\"\"  data-reqmsg=\"Ce champ ne peut pas \u00eatre vide\" aria-required=\"true\" data-invmsg=\"Text is invalid\" aria-invalid=\"false\"  \/>\r\n    \r\n    \r\n<\/div>\n<div id=\"frm_field_375_container\" class=\"frm_form_field form-field  frm_top_container vertical_radio\">\r\n    <div  id=\"field_y82tj43_label\" class=\"frm_primary_label\">IEFC Newsletter\r\n        <span class=\"frm_required\" aria-hidden=\"true\"><\/span>\r\n    <\/div>\r\n    <div class=\"frm_opt_container\" aria-labelledby=\"field_y82tj43_label\" role=\"group\">\t\t<div class=\"frm_checkbox\" id=\"frm_checkbox_375-0\">\t\t\t<label  for=\"field_y82tj43-0\">\n\t\t\t<input type=\"checkbox\" name=\"item_meta[375][]\" id=\"field_y82tj43-0\" value=\"By ticking this box, I consent to receive newsletters from IEFC. I acknowledge that I can unsubscribe at any time by clicking the &quot;Unsubscribe&quot; link in the email.\"  data-invmsg=\"IEFC Newsletter est non valide\"   \/> By ticking this box, I consent to receive newsletters from IEFC. I acknowledge that I can unsubscribe at any time by clicking the &#8220;Unsubscribe&#8221; link in the email.<\/label><\/div>\n<\/div>\r\n    \r\n    \r\n<\/div>\n<div id=\"frm_field_376_container\" class=\"frm_form_field form-field  frm_required_field frm_top_container\">\r\n\t<div  id=\"field_yh6ft2_label\" class=\"frm_primary_label\">GDPR Consent\r\n\t\t<span class=\"frm_required\" aria-hidden=\"true\">*<\/span>\r\n\t<\/div>\r\n\t\n<div class=\"frm_checkbox\" role=\"group\" aria-labelledby=\"frm-gdpr-accept-376\">\n\t<label for=\"frm-gdpr-accept-376\">\n\t\t<input type=\"checkbox\" aria-required=\"true\" name=\"item_meta[376]\" id=\"frm-gdpr-accept-376\" value=\"1\" \n\t\t \t\t data-reqmsg=\"GDPR Consent ne peut pas \u00eatre vide.\" aria-required=\"true\" data-invmsg=\"GDPR Consent is invalid\" aria-invalid=\"false\"  \t\t\/>\n\t\tBy ticking this form, I consent to the information provided being used by IEFC for sending emails about the webinar. The information collected on this form will be communicated to IEFC only. I understand that I can withdraw my consent at any time. In accordance with the General Data Protection Regulation n\u00b0EU 2016\/679, you can access your data, modify it, request its deletion or exercise your right to limit the processing of your data. Consult the https:\/\/www.cnil.fr\/en\/ website for more information on your rights. To exercise these rights or if you have any questions about how your data is processed in this system, you can contact us by email: dpo[at]iefc.net.\t<\/label>\n<\/div>\n\r\n\t\r\n\t\r\n<\/div>\n<div id=\"frm_field_377_container\" class=\"frm_form_field form-field  frm_none_container\">\r\n    <label for=\"g-recaptcha-response\" id=\"field_uh7965fb161e15d33343_label\" class=\"frm_primary_label\">Captcha\r\n        <span class=\"frm_required\" aria-hidden=\"true\"><\/span>\r\n    <\/label>\r\n    \r\n    \r\n    \r\n<\/div>\n<div id=\"frm_field_378_container\" class=\"frm_form_field form-field \">\r\n\t<div class=\"frm_submit\">\r\n\r\n<button class=\"frm_button_submit\" type=\"submit\"  >Register<\/button>\r\n\r\n<\/div>\r\n<\/div>\n\t<input type=\"hidden\" name=\"item_key\" value=\"\" \/>\n\t\t\t<div id=\"frm_field_449_container\">\n\t\t\t<label for=\"field_z1t39\" >\n\t\t\t\tIf you are human, leave this field blank.\t\t\t<\/label>\n\t\t\t<input  id=\"field_z1t39\" type=\"text\" class=\"frm_form_field form-field frm_verify\" name=\"item_meta[449]\" value=\"\"  \/>\n\t\t<\/div>\n\t\t<input name=\"frm_state\" type=\"hidden\" value=\"lQ86uyjCGCmXDvJWnqwrUt\/3tlwWro3xVs6okwXfxsM=\" \/><\/div>\n<\/fieldset>\n<\/div>\n\n<\/form>\n<\/div>\n\n\n\n<hr class=\"wp-block-separator has-alpha-channel-opacity\"\/>\n","protected":false},"excerpt":{"rendered":"<p>The European Institute of Planted Forest (IEFC) is hosting a series of webinars to introduce the project\u2019s Innovation Actions to the public. The fourth session \u201cNext generation tools for predicting, [&hellip;]<\/p>\n","protected":false},"author":101,"featured_media":0,"parent":0,"menu_order":0,"comment_status":"closed","ping_status":"closed","template":"","meta":{"_acf_changed":false,"_eb_attr":"","_EventAllDay":false,"_EventTimezone":"","_EventStartDate":"","_EventEndDate":"","_EventStartDateUTC":"","_EventEndDateUTC":"","_EventShowMap":false,"_EventShowMapLink":false,"_EventURL":"","_EventCost":"","_EventCostDescription":"","_EventCurrencySymbol":"","_EventCurrencyCode":"","_EventCurrencyPosition":"","_EventDateTimeSeparator":"","_EventTimeRangeSeparator":"","_EventOrganizerID":[],"_EventVenueID":[],"_OrganizerEmail":"","_OrganizerPhone":"","_OrganizerWebsite":"","_VenueAddress":"","_VenueCity":"","_VenueCountry":"","_VenueProvince":"","_VenueState":"","_VenueZip":"","_VenuePhone":"","_VenueURL":"","_VenueStateProvince":"","_VenueLat":"","_VenueLng":"","_VenueShowMap":false,"_VenueShowMapLink":false,"activitypub_content_warning":"","activitypub_content_visibility":"","activitypub_max_image_attachments":4,"activitypub_interaction_policy_quote":"anyone","activitypub_status":"federated","footnotes":""},"class_list":["post-26105","page","type-page","status-publish","hentry"],"translation":{"provider":"WPGlobus","version":"3.0.2","language":"pt","enabled_languages":["gb","fr","es","pt"],"languages":{"gb":{"title":true,"content":true,"excerpt":false},"fr":{"title":false,"content":false,"excerpt":false},"es":{"title":false,"content":false,"excerpt":false},"pt":{"title":false,"content":false,"excerpt":false}}},"acf":[],"yoast_head":"<!-- This site is optimized with the Yoast SEO plugin v27.4 - https:\/\/yoast.com\/product\/yoast-seo-wordpress\/ -->\n<title>Webinar n\u00b04 - FIRE-RES - Innovation Actions - 10 September 2025 - Registration - Instituto Europeu De Floresta Plantada - IEFC<\/title>\n<meta name=\"robots\" content=\"index, follow, max-snippet:-1, max-image-preview:large, max-video-preview:-1\" \/>\n<link rel=\"canonical\" href=\"https:\/\/www.plantedforests.org\/webinar-n4-fire-res-innovation-actions-10-september-2025-registration\/\" \/>\n<meta property=\"og:locale\" content=\"pt_PT\" \/>\n<meta property=\"og:type\" content=\"article\" \/>\n<meta property=\"og:title\" content=\"Webinar n\u00b04 - FIRE-RES - Innovation Actions - 10 September 2025 - Registration - Instituto Europeu De Floresta Plantada - IEFC\" \/>\n<meta property=\"og:url\" content=\"https:\/\/www.plantedforests.org\/webinar-n4-fire-res-innovation-actions-10-september-2025-registration\/\" \/>\n<meta property=\"og:site_name\" content=\"Instituto Europeu De Floresta Plantada - IEFC\" \/>\n<meta property=\"article:modified_time\" content=\"2025-09-08T08:31:39+00:00\" \/>\n<meta property=\"og:image\" content=\"https:\/\/www.plantedforests.org\/wp-content\/uploads\/2025\/08\/Webinar-IAs-n.4-1024x576.png\" \/>\n<meta name=\"twitter:card\" content=\"summary_large_image\" \/>\n<meta name=\"twitter:site\" content=\"@IEFCPlantForest\" \/>\n<meta name=\"twitter:label1\" content=\"Tempo estimado de leitura\" \/>\n\t<meta name=\"twitter:data1\" content=\"1 minuto\" \/>\n<script type=\"application\/ld+json\" class=\"yoast-schema-graph\">{\"@context\":\"https:\\\/\\\/schema.org\",\"@graph\":[{\"@type\":\"WebPage\",\"@id\":\"https:\\\/\\\/www.plantedforests.org\\\/webinar-n4-fire-res-innovation-actions-10-september-2025-registration\\\/\",\"url\":\"https:\\\/\\\/www.plantedforests.org\\\/webinar-n4-fire-res-innovation-actions-10-september-2025-registration\\\/\",\"name\":\"Webinar n\u00b04 - FIRE-RES - Innovation Actions - 10 September 2025 - Registration - Instituto Europeu De Floresta Plantada - IEFC\",\"isPartOf\":{\"@id\":\"https:\\\/\\\/www.plantedforests.org\\\/fr\\\/#website\"},\"primaryImageOfPage\":{\"@id\":\"https:\\\/\\\/www.plantedforests.org\\\/webinar-n4-fire-res-innovation-actions-10-september-2025-registration\\\/#primaryimage\"},\"image\":{\"@id\":\"https:\\\/\\\/www.plantedforests.org\\\/webinar-n4-fire-res-innovation-actions-10-september-2025-registration\\\/#primaryimage\"},\"thumbnailUrl\":\"https:\\\/\\\/www.plantedforests.org\\\/wp-content\\\/uploads\\\/2025\\\/08\\\/Webinar-IAs-n.4-1024x576.png\",\"datePublished\":\"2025-08-12T12:27:20+00:00\",\"dateModified\":\"2025-09-08T08:31:39+00:00\",\"breadcrumb\":{\"@id\":\"https:\\\/\\\/www.plantedforests.org\\\/webinar-n4-fire-res-innovation-actions-10-september-2025-registration\\\/#breadcrumb\"},\"inLanguage\":\"pt-PT\",\"potentialAction\":[{\"@type\":\"ReadAction\",\"target\":[\"https:\\\/\\\/www.plantedforests.org\\\/webinar-n4-fire-res-innovation-actions-10-september-2025-registration\\\/\"]}]},{\"@type\":\"ImageObject\",\"inLanguage\":\"pt-PT\",\"@id\":\"https:\\\/\\\/www.plantedforests.org\\\/webinar-n4-fire-res-innovation-actions-10-september-2025-registration\\\/#primaryimage\",\"url\":\"https:\\\/\\\/www.plantedforests.org\\\/wp-content\\\/uploads\\\/2025\\\/08\\\/Webinar-IAs-n.4-1024x576.png\",\"contentUrl\":\"https:\\\/\\\/www.plantedforests.org\\\/wp-content\\\/uploads\\\/2025\\\/08\\\/Webinar-IAs-n.4-1024x576.png\"},{\"@type\":\"BreadcrumbList\",\"@id\":\"https:\\\/\\\/www.plantedforests.org\\\/webinar-n4-fire-res-innovation-actions-10-september-2025-registration\\\/#breadcrumb\",\"itemListElement\":[{\"@type\":\"ListItem\",\"position\":1,\"name\":\"Accueil\",\"item\":\"https:\\\/\\\/www.plantedforests.org\\\/\"},{\"@type\":\"ListItem\",\"position\":2,\"name\":\"Webinar n\u00b04 &#8211; FIRE-RES &#8211; Innovation Actions &#8211; 10 September 2025 &#8211; Registration\"}]},{\"@type\":\"WebSite\",\"@id\":\"https:\\\/\\\/www.plantedforests.org\\\/fr\\\/#website\",\"url\":\"https:\\\/\\\/www.plantedforests.org\\\/fr\\\/\",\"name\":\"Instituto Europeu De Floresta Plantada - IEFC\",\"description\":\"A rede IEFC para a gest\u00e3o sustent\u00e1vel e resili\u00eancia das florestas cultivadas\",\"publisher\":{\"@id\":\"https:\\\/\\\/www.plantedforests.org\\\/fr\\\/#organization\"},\"potentialAction\":[{\"@type\":\"SearchAction\",\"target\":{\"@type\":\"EntryPoint\",\"urlTemplate\":\"https:\\\/\\\/www.plantedforests.org\\\/fr\\\/?s={search_term_string}\"},\"query-input\":{\"@type\":\"PropertyValueSpecification\",\"valueRequired\":true,\"valueName\":\"search_term_string\"}}],\"inLanguage\":\"pt-PT\"},{\"@type\":\"Organization\",\"@id\":\"https:\\\/\\\/www.plantedforests.org\\\/fr\\\/#organization\",\"name\":\"Institut Europ\u00e9en de la For\u00eat Cultiv\u00e9e - Plantedforests.org\",\"url\":\"https:\\\/\\\/www.plantedforests.org\\\/fr\\\/\",\"logo\":{\"@type\":\"ImageObject\",\"inLanguage\":\"pt-PT\",\"@id\":\"https:\\\/\\\/www.plantedforests.org\\\/fr\\\/#\\\/schema\\\/logo\\\/image\\\/\",\"url\":\"https:\\\/\\\/www.plantedforests.org\\\/wp-content\\\/uploads\\\/2022\\\/07\\\/Logo_iefc__FR.png\",\"contentUrl\":\"https:\\\/\\\/www.plantedforests.org\\\/wp-content\\\/uploads\\\/2022\\\/07\\\/Logo_iefc__FR.png\",\"width\":2031,\"height\":1001,\"caption\":\"Institut Europ\u00e9en de la For\u00eat Cultiv\u00e9e - Plantedforests.org\"},\"image\":{\"@id\":\"https:\\\/\\\/www.plantedforests.org\\\/fr\\\/#\\\/schema\\\/logo\\\/image\\\/\"},\"sameAs\":[\"https:\\\/\\\/x.com\\\/IEFCPlantForest\",\"https:\\\/\\\/www.linkedin.com\\\/company\\\/71728047\\\/\"]}]}<\/script>\n<!-- \/ Yoast SEO plugin. -->","yoast_head_json":{"title":"Webinar n\u00b04 - FIRE-RES - Innovation Actions - 10 September 2025 - Registration - Instituto Europeu De Floresta Plantada - IEFC","robots":{"index":"index","follow":"follow","max-snippet":"max-snippet:-1","max-image-preview":"max-image-preview:large","max-video-preview":"max-video-preview:-1"},"canonical":"https:\/\/www.plantedforests.org\/webinar-n4-fire-res-innovation-actions-10-september-2025-registration\/","og_locale":"pt_PT","og_type":"article","og_title":"Webinar n\u00b04 - FIRE-RES - Innovation Actions - 10 September 2025 - Registration - Instituto Europeu De Floresta Plantada - IEFC","og_url":"https:\/\/www.plantedforests.org\/webinar-n4-fire-res-innovation-actions-10-september-2025-registration\/","og_site_name":"Instituto Europeu De Floresta Plantada - IEFC","article_modified_time":"2025-09-08T08:31:39+00:00","og_image":[{"url":"https:\/\/www.plantedforests.org\/wp-content\/uploads\/2025\/08\/Webinar-IAs-n.4-1024x576.png","type":"","width":"","height":""}],"twitter_card":"summary_large_image","twitter_site":"@IEFCPlantForest","twitter_misc":{"Tempo estimado de leitura":"1 minuto"},"schema":{"@context":"https:\/\/schema.org","@graph":[{"@type":"WebPage","@id":"https:\/\/www.plantedforests.org\/webinar-n4-fire-res-innovation-actions-10-september-2025-registration\/","url":"https:\/\/www.plantedforests.org\/webinar-n4-fire-res-innovation-actions-10-september-2025-registration\/","name":"Webinar n\u00b04 - FIRE-RES - Innovation Actions - 10 September 2025 - Registration - Instituto Europeu De Floresta Plantada - IEFC","isPartOf":{"@id":"https:\/\/www.plantedforests.org\/fr\/#website"},"primaryImageOfPage":{"@id":"https:\/\/www.plantedforests.org\/webinar-n4-fire-res-innovation-actions-10-september-2025-registration\/#primaryimage"},"image":{"@id":"https:\/\/www.plantedforests.org\/webinar-n4-fire-res-innovation-actions-10-september-2025-registration\/#primaryimage"},"thumbnailUrl":"https:\/\/www.plantedforests.org\/wp-content\/uploads\/2025\/08\/Webinar-IAs-n.4-1024x576.png","datePublished":"2025-08-12T12:27:20+00:00","dateModified":"2025-09-08T08:31:39+00:00","breadcrumb":{"@id":"https:\/\/www.plantedforests.org\/webinar-n4-fire-res-innovation-actions-10-september-2025-registration\/#breadcrumb"},"inLanguage":"pt-PT","potentialAction":[{"@type":"ReadAction","target":["https:\/\/www.plantedforests.org\/webinar-n4-fire-res-innovation-actions-10-september-2025-registration\/"]}]},{"@type":"ImageObject","inLanguage":"pt-PT","@id":"https:\/\/www.plantedforests.org\/webinar-n4-fire-res-innovation-actions-10-september-2025-registration\/#primaryimage","url":"https:\/\/www.plantedforests.org\/wp-content\/uploads\/2025\/08\/Webinar-IAs-n.4-1024x576.png","contentUrl":"https:\/\/www.plantedforests.org\/wp-content\/uploads\/2025\/08\/Webinar-IAs-n.4-1024x576.png"},{"@type":"BreadcrumbList","@id":"https:\/\/www.plantedforests.org\/webinar-n4-fire-res-innovation-actions-10-september-2025-registration\/#breadcrumb","itemListElement":[{"@type":"ListItem","position":1,"name":"Accueil","item":"https:\/\/www.plantedforests.org\/"},{"@type":"ListItem","position":2,"name":"Webinar n\u00b04 &#8211; FIRE-RES &#8211; Innovation Actions &#8211; 10 September 2025 &#8211; Registration"}]},{"@type":"WebSite","@id":"https:\/\/www.plantedforests.org\/fr\/#website","url":"https:\/\/www.plantedforests.org\/fr\/","name":"Instituto Europeu De Floresta Plantada - IEFC","description":"A rede IEFC para a gest\u00e3o sustent\u00e1vel e resili\u00eancia das florestas cultivadas","publisher":{"@id":"https:\/\/www.plantedforests.org\/fr\/#organization"},"potentialAction":[{"@type":"SearchAction","target":{"@type":"EntryPoint","urlTemplate":"https:\/\/www.plantedforests.org\/fr\/?s={search_term_string}"},"query-input":{"@type":"PropertyValueSpecification","valueRequired":true,"valueName":"search_term_string"}}],"inLanguage":"pt-PT"},{"@type":"Organization","@id":"https:\/\/www.plantedforests.org\/fr\/#organization","name":"Institut Europ\u00e9en de la For\u00eat Cultiv\u00e9e - Plantedforests.org","url":"https:\/\/www.plantedforests.org\/fr\/","logo":{"@type":"ImageObject","inLanguage":"pt-PT","@id":"https:\/\/www.plantedforests.org\/fr\/#\/schema\/logo\/image\/","url":"https:\/\/www.plantedforests.org\/wp-content\/uploads\/2022\/07\/Logo_iefc__FR.png","contentUrl":"https:\/\/www.plantedforests.org\/wp-content\/uploads\/2022\/07\/Logo_iefc__FR.png","width":2031,"height":1001,"caption":"Institut Europ\u00e9en de la For\u00eat Cultiv\u00e9e - Plantedforests.org"},"image":{"@id":"https:\/\/www.plantedforests.org\/fr\/#\/schema\/logo\/image\/"},"sameAs":["https:\/\/x.com\/IEFCPlantForest","https:\/\/www.linkedin.com\/company\/71728047\/"]}]}},"_links":{"self":[{"href":"https:\/\/www.plantedforests.org\/pt\/wp-json\/wp\/v2\/pages\/26105","targetHints":{"allow":["GET"]}}],"collection":[{"href":"https:\/\/www.plantedforests.org\/pt\/wp-json\/wp\/v2\/pages"}],"about":[{"href":"https:\/\/www.plantedforests.org\/pt\/wp-json\/wp\/v2\/types\/page"}],"author":[{"embeddable":true,"href":"https:\/\/www.plantedforests.org\/pt\/wp-json\/wp\/v2\/users\/101"}],"replies":[{"embeddable":true,"href":"https:\/\/www.plantedforests.org\/pt\/wp-json\/wp\/v2\/comments?post=26105"}],"version-history":[{"count":13,"href":"https:\/\/www.plantedforests.org\/pt\/wp-json\/wp\/v2\/pages\/26105\/revisions"}],"predecessor-version":[{"id":27606,"href":"https:\/\/www.plantedforests.org\/pt\/wp-json\/wp\/v2\/pages\/26105\/revisions\/27606"}],"wp:attachment":[{"href":"https:\/\/www.plantedforests.org\/pt\/wp-json\/wp\/v2\/media?parent=26105"}],"curies":[{"name":"wp","href":"https:\/\/api.w.org\/{rel}","templated":true}]}}