
{"id":259,"date":"2018-01-09T01:30:36","date_gmt":"2018-01-09T00:30:36","guid":{"rendered":"https:\/\/www.iefc.net\/?page_id=259"},"modified":"2023-08-24T16:27:50","modified_gmt":"2023-08-24T14:27:50","slug":"defor","status":"publish","type":"page","link":"https:\/\/www.plantedforests.org\/pt\/defor\/","title":{"rendered":"DEFOR Project: &#8216;DEvelopment of FORest&#8217;"},"content":{"rendered":"<div style=\"padding: 5%;\">\n<p class=\"rien\"><b>Project INTERREG III B Sudoe :<\/b><\/p>\n<p>The main goal of DEFOR project is to test implementation of technical innovations for the SMIs and SMEs of the forest sector with pilot actions at any level of the forestry chain. The project is ending in June 2008.<\/p>\n<ul>\n<li>Selection of high quality plants and improvement of seedling production in Portugal,<\/li>\n<li>Improvement of plant breeding techniques and assessment of quality indicators for production nurseries of Galicia and Asturias,<\/li>\n<li>Development of hardwood silviculture in order to provide a local resource to wood industries in Valencian region,<\/li>\n<li>Assessment of extraction techniques with cable-masts and light machinery to improve forest exploitation and mobilization of Pyrenean wood resource,<\/li>\n<li>Test of a group logistic solution for PMEs in Dordogne and in the Landes forests<\/li>\n<li>Creation of a database on the advantages and disadvantages of wood material compared to the competing materials<\/li>\n<\/ul>\n<p>&nbsp;<\/p>\n<p class=\"vert\">THE PARTNERS <img decoding=\"async\" src=\"https:\/\/www.plantedforests.org\/old_resources\/DEFOR\/IMG_2235.JPG\" alt=\"D\u00e9bardage par c\u00e2ble m\u00e2t\" width=\"180\" height=\"250\" align=\"right\" border=\"0\" hspace=\"20\" vspace=\"0\" \/><\/p>\n<p>Seven teams working on research and development from Spain, Portugal and South West of France participate to this project and try to find solutions to the specific issues of their regions:<br \/>\n<a class=\"icone_lien\" href=\"http:\/\/www.aidima.es\" target=\"_blank\" rel=\"noopener\" hreflang=\"\"><br \/>\n<b><span style=\"color: #3300ff;\">AIDIMA<\/font color=\"#3300FF\"><\/span><\/b>&#8211; Instituto Technologico del Mueble, Madera, Embalaje y Afines (Valencia, Espana)<\/a><\/p>\n<p><a class=\"icone_lien\" href=\"http:\/\/www.dgrf.min-agricultura.pt\" target=\"_blank\" rel=\"noopener\" hreflang=\"\"><br \/>\n<b><span style=\"color: #3300ff;\">DGRF<\/font color=\"#3300FF\"><\/span><\/b>&#8211; Direc\u00e7\u00e3o Geral dos Recursos Florestais (Lisboa, Portugal)<\/a><\/p>\n<p><a class=\"icone_lien\" href=\"http:\/\/www.afocel.fr\" target=\"_blank\" rel=\"noopener\" hreflang=\"\"><br \/>\n<b><span style=\"color: #3300ff;\">Institut FCBA<\/font color=\"#3300FF\"><\/span><\/b> Station sud-est et Station sud-ouest (France)<\/a><\/p>\n<p><a class=\"icone_lien\" href=\"http:\/\/www.isa.utl.pt\" target=\"_blank\" rel=\"noopener\" hreflang=\"\"><br \/>\n<b><span style=\"color: #3300ff;\">ISA<\/font color=\"#3300FF\"><\/span><\/b> &#8211; Instituto Superior de Agronomia (Lisboa, Portugal)<\/a><\/p>\n<p><a class=\"icone_lien\" href=\"http:\/\/www.tragsa.es\" target=\"_blank\" rel=\"noopener\" hreflang=\"\"><br \/>\n<b><span style=\"color: #3300ff;\">TRAGSA<\/font color=\"#3300FF\"><\/span><\/b> (Galicia, Espana)<\/a><\/p>\n<p><a class=\"icone_lien\" href=\"http:\/\/www.serida.org\" target=\"_blank\" rel=\"noopener\" hreflang=\"\"><br \/>\n<b><span style=\"color: #3300ff;\">SERIDA<\/font color=\"#3300FF\"><\/span><\/b> &#8211; Servicio Regional de Investigacion y de Desarrollo Agroalimentario (Asturias, Espana)<br \/>\n<\/a><\/p>\n<p>The details of the technical answers and dates of pilot actions demonstrations are presented in this website\u0085 as well as a database in favour of wood material (in 2008).<\/p>\n<p class=\"vert\">DESCRIPTION OF THE PROJECT<\/p>\n<p>(Click on the titles to open the documents)<br \/>\n<a class=\"icone_lien\" href=\"http:\/\/www.interreg-sudoe.org\/francais\/proyectos\/approved_proyecto_ficha.asp?ID_Proyecto=89\" target=\"_blank\" rel=\"noopener\" hreflang=\"fr\"><br \/>\nDescription of the project on INTERREG IIIB SOE official website<\/a><\/p>\n<p>General presentation of the project: POSTER in <a href=\"https:\/\/www.plantedforests.org\/wp-content\/uploads\/2018\/06\/Poster2008_FR.all_.pdf\"> French<\/a>, en <a href=\"https:\/\/www.plantedforests.org\/wp-content\/uploads\/2018\/06\/POSTER2007.pdf\"> English,<\/a> and LEAFLETS in <a href=\"https:\/\/www.plantedforests.org\/wp-content\/uploads\/2018\/06\/Depliant-DEFOR.FR_.all_.pdf\"> French<\/a>, <a href=\"https:\/\/www.plantedforests.org\/wp-content\/uploads\/2018\/06\/Depliant-DEFOR.ES_.all_.pdf\"> Spanish<\/a>, or <a href=\"https:\/\/www.plantedforests.org\/wp-content\/uploads\/2018\/06\/Depliant-DEFOR.PT_.all_.pdf\"> Portuguese<\/a><\/p>\n<p class=\"vert\">LAST MEETINGS AND EVENTS<\/p>\n<p><a class=\"icone_lien\" href=\"http:\/\/www.forexpo.fr\" target=\"_blank\" rel=\"noopener\" hreflang=\"\"><br \/>\nDEFOR exhibited its results on a booth in <\/a><a href=\"http:\/\/www.forexpo.fr\">FOREXPO<\/a><a class=\"icone_lien\" href=\"http:\/\/www.forexpo.fr\" target=\"_blank\" rel=\"noopener\" hreflang=\"\"> from June 11-13, 2008 in Bordeaux (France).<br \/>\nA presentation of logistic solutions developed for forest SMEs was held at DEFOR&#8217;s booth on Thursday, June 12 and on Wednesday at FIBA&#8217;s booth.<b>For more information watch the video below !!<\/b><br \/>\n<\/a><\/p>\n<p><b>28th May 2008<\/b>: FCBA institute organized a demonstration of &#8216;Mechanized log extraction in slopes&#8217; in the Pyr\u00e9n\u00e9es (For\u00eat de Lies, 65) open to all public. Around 60 people from France and the Basque Country attended this demonstration.<\/p>\n<p><b>2d June 2008 : A demonstration of logistic tools <\/b>based on New Technologies of Information and Communication (NTIC) developed for the small and medium forest entreprises took place at the Chambre de Commerce et d&#8217;Industrie (CCI) of Dordogne in PERIGUEUX (France). This meeting was organized by FCBA Institute and Interbois P\u00e9rigord.<\/p>\n<p>Program :<br \/>\n&#8211; Overview of the existing software and equipment supply for timber yard management,<br \/>\n&#8211; Example of the solution tested in the Landes de Gascogne. Testimony of professionals; method implemented,<br \/>\n&#8211; Presentation of the main technologies for wood identification and traceability management (Project Indisputable Key),<br \/>\n&#8211; Discussion and debate.<\/p>\n<p>&nbsp;<\/p>\n<p class=\"vert\">TECHNICAL REPORTS<\/p>\n<p class=\"titre_article\">Action 1.1 &#8211; Implementation of logistics solutions for forest SMEs<\/p>\n<p><a class=\"icone_lien\" href=\"https:\/\/www.plantedforests.org\/wp-content\/uploads\/2018\/05\/DEFORReport1.1.1EtatDeLArt_comparaison_std.pdf\" target=\"_blank\" rel=\"noopener\" hreflang=\"fr\"><br \/>\nElements for comparing the forest-wood-paper chain standards<\/a><\/p>\n<p><a class=\"icone_lien\" href=\"https:\/\/www.plantedforests.org\/?page=activites\/DEFOR\/63TZ670023_AO.pdf\" target=\"_blank\" rel=\"noopener\" hreflang=\"fr\"><br \/>\n<\/a><a href=\"https:\/\/www.plantedforests.org\/wp-content\/uploads\/2018\/05\/63TZ670023_AO.pdf\">Call for Support to Maitrise d&#8217;ouvrage and Implementation of a demonstrator for logistics<\/a><\/p>\n<p><b>Contact : <\/b>Mr R. Emeyriat, FCBA Station Sud ouest, +33 5 57 88 82 33.<\/p>\n<p class=\"titre_article\">Action 1.2 &#8211; Improvement of production efficiency and plant quality in forest nurseries in Galicia and the Asturias (Spain)<br \/>\n<img decoding=\"async\" src=\"https:\/\/www.plantedforests.org\/old_resources\/DEFOR\/Nursery.jpg\" alt=\"Nursery\" width=\"220\" height=\"160\" align=\"right\" border=\"0\" hspace=\"20\" vspace=\"10\" \/><\/p>\n<p><a class=\"icone_lien\" href=\"https:\/\/www.plantedforests.org\/wp-content\/uploads\/2018\/05\/CR-Visite-action-1.2_FR.pdf\" target=\"_self\" hreflang=\"en\" rel=\"noopener\"><br \/>\nWork progress: 7th Feb 2008 visit report<\/a><\/p>\n<p><a class=\"icone_lien\" href=\"https:\/\/www.plantedforests.org\/wp-content\/uploads\/2018\/05\/Maceda2008.pdf\" target=\"_self\" hreflang=\"es\" rel=\"noopener\"><br \/>\nII Days of technological transfer in Maceda, 23-25th April 2008 on Genetic and external quality of forest reproduction material : main conclusions.<\/a><\/p>\n<p><a class=\"icone_lien\" href=\"https:\/\/www.plantedforests.org\/wp-content\/uploads\/2018\/05\/TRAGSA_-Poster.pdf\" target=\"_self\" hreflang=\"en\" rel=\"noopener\"><br \/>\nMain results of TRAGSA&#8217;s activity: <b>POSTER &#8220;Forest nursery plant Exterior Quality Targets by optimization of frost resistance and root growth potential&#8221;<\/b>&#8211; June 2008<br \/>\n<\/a><\/p>\n<p>TRAGSA&#8217;s FINAL ACTIVITY REPORT (available in Spanish)<\/p>\n<p>Contact in TRAGSA : Mr Lario, +34 988 46 36 00 ; Contact in SERIDA : Mr Majada, +34 985 75 13 23<\/p>\n<p class=\"titre_article\">Action 1.3 &#8211; Improvement of seedling production in nurseries (Portugal)<\/p>\n<p><img decoding=\"async\" src=\"https:\/\/www.plantedforests.org\/old_resources\/DEFOR\/Picture05.jpg\" alt=\"Nursery\" width=\"230\" height=\"160\" align=\"left\" border=\"0\" hspace=\"20\" vspace=\"10\" \/><\/p>\n<p><a class=\"icone_lien\" href=\"https:\/\/www.plantedforests.org\/wp-content\/uploads\/2018\/05\/CaractCompost.pdf\" target=\"_blank\" rel=\"noopener\" hreflang=\"pt\"><br \/>\nCharacterization of existing organic composts (Presentation 6th Nov 2007, ISA)<\/a><\/p>\n<p><a class=\"icone_lien\" href=\"https:\/\/www.plantedforests.org\/wp-content\/uploads\/2018\/05\/Seedstorage_Hachemi.pdf\" target=\"_blank\" rel=\"noopener\" hreflang=\"pt\"><br \/>\nBenefits of seed storage (Presentation 6th Nov 2007, ISA)<\/a><\/p>\n<p>Technological transfer meetings in Lisbon:<\/p>\n<p>> November 6th, 2007 : <a href=\"https:\/\/www.plantedforests.org\/wp-content\/uploads\/2018\/05\/CR-Visite-action-1.3.pdf\"> Report (in French)<\/a><\/p>\n<p>> March 18th, 2008<\/p>\n<p><a href=\"https:\/\/www.plantedforests.org\/wp-content\/uploads\/2018\/05\/1.3_Relatorio1.pdf\"> Intermediate activity report <\/a>: first results (in Portuguese)<\/p>\n<p>Download activity 1.3 <a href=\"https:\/\/www.plantedforests.org\/wp-content\/uploads\/2018\/05\/posterdefor-ISA.pdf\">POSTER<\/a> (in Portuguese and French)<\/p>\n<p>The Direc\u00e7\u00e3o Geral dos Recursos Florestais of Lisbon produced a book to support forest managers, stakeholders, nurseries, etc. in their choice between the best portuguese forest species origins, available here: <a href=\"https:\/\/www.plantedforests.org\/wp-content\/uploads\/2018\/05\/RP_species_portugal.pdf\">SYNTHESIS on PROVENANCES<\/a> (portuguese)<\/p>\n<p>Contact at DGRF: D. Ribeiro, +351 213 124 800; Contact at ISA : M.H. Almeida, + 351 21 365 3348<\/p>\n<p class=\"titre_article\">Action 1.4 &#8211; Forest exploitation in mountain<br \/>\n<img loading=\"lazy\" decoding=\"async\" src=\"https:\/\/www.plantedforests.org\/old_resources\/DEFOR\/Cable.jpg\" alt=\"Cable synthetique\" width=\"110\" height=\"75\" align=\"right\" border=\"0\" hspace=\"30\" vspace=\"10\" \/><\/p>\n<p><a class=\"icone_lien\" href=\"https:\/\/www.plantedforests.org\/wp-content\/uploads\/2018\/05\/DEFORreport1.4.1.pdf\" target=\"_self\" hreflang=\"en\" rel=\"noopener\"><br \/>\nState of the art of cable yarding in France<\/a><\/p>\n<p><a class=\"icone_lien\" href=\"http:\/\/www.afocel.fr\/Approvisionnement_Exploitation_Forestiere_highlander.htm\" target=\"_blank\" rel=\"noopener\" hreflang=\"fr\"><br \/>\nReport of Austrian trip<\/a><\/p>\n<p><a class=\"icone_lien\" href=\"http:\/\/www.afocel.fr\/Approvisionnement_Exploitation_Forestiere_Cable.htm\" target=\"_blank\" rel=\"noopener\" hreflang=\"fr\"><br \/>\nFirsts conclusions on synthetic cables<\/a><\/p>\n<p><a class=\"icone_lien\" href=\"https:\/\/www.plantedforests.org\/wp-content\/uploads\/2018\/05\/Pres28nov_FR.pdf\" target=\"_self\" hreflang=\"en\" rel=\"noopener\"><br \/>\nExtraction with synthetic cable : first conclusions of a Pyrenean trial<\/a><\/p>\n<p>Two information lealflets from FCBA are available below (in French only) on the following topics:<br \/>\n&#8211; <a href=\"https:\/\/www.plantedforests.org\/wp-content\/uploads\/2018\/05\/FIF754.pdf\"> FIF n\u00b0754 <\/a>: &#8220;Exploitation en montagne : \u00e9volutions r\u00e9centes des techniques de d\u00e9bardage&#8221;<br \/>\n&#8211; <a href=\"https:\/\/www.plantedforests.org\/wp-content\/uploads\/2018\/05\/FIF758.pdf\"> FIF n\u00b0758 <\/a>: &#8220;Le parc des engins forestiers sur la cha\u00eene foresti\u00e8re fran\u00e7aise&#8221;<\/p>\n<p>The <a href=\"https:\/\/www.plantedforests.org\/wp-content\/uploads\/2018\/05\/1.4_Rapport-final.pdf\">FINAL ACTIVITY REPORT<\/a> of action 1.4 and its <a href=\"https:\/\/www.plantedforests.org\/wp-content\/uploads\/2018\/05\/1.4_ANNEXE-FinalV1.pdf\">technical appendices<\/a> are downloadable here.<\/p>\n<p><b> For additional information about these innovations, suppliers and training etc., please contact FCBA Sud Est Institute on +33.4.67.66.74.74 (Contact: Mr Magaud), even after the end of project.<\/b><\/p>\n<p><center><br \/>\nVideo : Use of a synthetic cable on a skidder for harvesting wood in mountainous area (July 2007, by FCBA)<\/center><iframe src=\"https:\/\/www.dailymotion.com\/embed\/video\/x19hiix?info=0\" width=\"480\" height=\"270\" frameborder=\"0\" allowfullscreen=\"allowfullscreen\"><\/iframe><\/p>\n<p class=\"titre_article\">Action 1.5 &#8211; Development of hardwood silviculture in the Valencian region (Spain)<\/p>\n<p><img loading=\"lazy\" decoding=\"async\" src=\"https:\/\/www.plantedforests.org\/old_resources\/DEFOR\/caceres7all.jpg\" alt=\"Cable synthetique\" width=\"160\" height=\"210\" align=\"right\" border=\"0\" hspace=\"30\" vspace=\"10\" \/><br \/>\nThe industry demand for high quality wood has been increasing in the last years in Spain, and particularly in the Valencian region. It seemed necessary to study local wood production potentialities to provide high quality products in this region. In the framework of DEFOR, AIDIMA carried out surveys and prospections, and produced a handbook on broadleaves plantations with practical information on :<br \/>\n&#8211; Site selection and preparation acoording to the target species,<br \/>\n&#8211; Quality requirements and assessment depending on the final objective,<br \/>\n&#8211; Silvicultural practices leading to this quality level.<\/p>\n<p>This handbook published in Spanish is available at AIDIMA (Contact: G. Verhaeghe, +34 96 136 60 70) or (<a href=\"https:\/\/www.plantedforests.org\/pagemessage\/?destinataire=defor\">defor%iefc.net<\/a>).<br \/>\n<a href=\"https:\/\/www.plantedforests.org\/wp-content\/uploads\/2018\/05\/INVITACION-JORNADA_AIDIMA.pdf\">Cf. Presentation of the handbook<\/a><\/p>\n<p class=\"titre_article\">Action 2 &#8211; Implementation of a database for scientific and technical data on wood material competitiveness<\/p>\n<p>Wood is probably the most interesting material in terms of technical potential relatively to its sustainable nature and low ecological print. From tree to any kind of wood product, its various assets should bring it to the first places in the future and open the way to new utilizations.<\/p>\n<p>To have a greater impact, wood promotion has to be well documented, thanks to :<br \/>\n-scientific studies of wood properties, ecological impact and resource sustainability,<br \/>\n-comparison studies between wood and the various competitive materials when available,<br \/>\n-information from impartial and objective sources (public institutions, public research and technical centres).<\/p>\n<p>This database was created by IEFC in the framework of DEFOR project. <b>By clicking on questions or thanks to keyword requests, you will be provided with bibliographic references with abstracts and links to full texts on the chosen themes, within a pool of 282 documents.<\/b><\/p>\n<p><a href=\"https:\/\/www.plantedforests.org\/pourquoi-bois-2008\/\" target=\"_self\" hreflang=\"\" rel=\"noopener\"><br \/>\nOPEN DEFOR DATABASE<\/a><\/p>\n<p><b><a href=\"https:\/\/www.plantedforests.org\/pagemessage\/?destinataire=defor\">defor%iefc.net<\/a><\/b><\/p>\n<div>\n<p>&nbsp;<\/p>\n<\/div>\n<\/div>\n","protected":false},"excerpt":{"rendered":"<p>Project INTERREG III B Sudoe : The main goal of DEFOR project is to test implementation of technical innovations for the SMIs and SMEs of the forest sector with pilot [&hellip;]<\/p>\n","protected":false},"author":3,"featured_media":0,"parent":0,"menu_order":0,"comment_status":"closed","ping_status":"closed","template":"","meta":{"_acf_changed":false,"_eb_attr":"","_EventAllDay":false,"_EventTimezone":"","_EventStartDate":"","_EventEndDate":"","_EventStartDateUTC":"","_EventEndDateUTC":"","_EventShowMap":false,"_EventShowMapLink":false,"_EventURL":"","_EventCost":"","_EventCostDescription":"","_EventCurrencySymbol":"","_EventCurrencyCode":"","_EventCurrencyPosition":"","_EventDateTimeSeparator":"","_EventTimeRangeSeparator":"","_EventOrganizerID":[],"_EventVenueID":[],"_OrganizerEmail":"","_OrganizerPhone":"","_OrganizerWebsite":"","_VenueAddress":"","_VenueCity":"","_VenueCountry":"","_VenueProvince":"","_VenueState":"","_VenueZip":"","_VenuePhone":"","_VenueURL":"","_VenueStateProvince":"","_VenueLat":"","_VenueLng":"","_VenueShowMap":false,"_VenueShowMapLink":false,"activitypub_content_warning":"","activitypub_content_visibility":"","activitypub_max_image_attachments":4,"activitypub_interaction_policy_quote":"anyone","activitypub_status":"","footnotes":""},"class_list":["post-259","page","type-page","status-publish","hentry"],"translation":{"provider":"WPGlobus","version":"3.0.2","language":"pt","enabled_languages":["gb","fr","es","pt"],"languages":{"gb":{"title":true,"content":true,"excerpt":false},"fr":{"title":true,"content":true,"excerpt":false},"es":{"title":true,"content":true,"excerpt":false},"pt":{"title":false,"content":false,"excerpt":false}}},"acf":[],"yoast_head":"<!-- This site is optimized with the Yoast SEO plugin v27.4 - https:\/\/yoast.com\/product\/yoast-seo-wordpress\/ -->\n<title>- Instituto Europeu De Floresta Plantada - IEFC<\/title>\n<meta name=\"robots\" content=\"index, follow, max-snippet:-1, max-image-preview:large, max-video-preview:-1\" \/>\n<link rel=\"canonical\" href=\"https:\/\/www.plantedforests.org\/defor\/\" \/>\n<meta property=\"og:locale\" content=\"pt_PT\" \/>\n<meta property=\"og:type\" content=\"article\" \/>\n<meta property=\"og:title\" content=\"- Instituto Europeu De Floresta Plantada - IEFC\" \/>\n<meta property=\"og:url\" content=\"https:\/\/www.plantedforests.org\/defor\/\" \/>\n<meta property=\"og:site_name\" content=\"Instituto Europeu De Floresta Plantada - IEFC\" \/>\n<meta property=\"article:modified_time\" content=\"2023-08-24T14:27:50+00:00\" \/>\n<meta property=\"og:image\" content=\"https:\/\/www.plantedforests.org\/old_resources\/DEFOR\/IMG_2235.JPG\" \/>\n<meta name=\"twitter:card\" content=\"summary_large_image\" \/>\n<meta name=\"twitter:site\" content=\"@IEFCPlantForest\" \/>\n<meta name=\"twitter:label1\" content=\"Tempo estimado de leitura\" \/>\n\t<meta name=\"twitter:data1\" content=\"19 minutos\" \/>\n<script type=\"application\/ld+json\" class=\"yoast-schema-graph\">{\"@context\":\"https:\\\/\\\/schema.org\",\"@graph\":[{\"@type\":\"WebPage\",\"@id\":\"https:\\\/\\\/www.plantedforests.org\\\/defor\\\/\",\"url\":\"https:\\\/\\\/www.plantedforests.org\\\/defor\\\/\",\"name\":\"- Instituto Europeu De Floresta Plantada - IEFC\",\"isPartOf\":{\"@id\":\"https:\\\/\\\/www.plantedforests.org\\\/fr\\\/#website\"},\"primaryImageOfPage\":{\"@id\":\"https:\\\/\\\/www.plantedforests.org\\\/defor\\\/#primaryimage\"},\"image\":{\"@id\":\"https:\\\/\\\/www.plantedforests.org\\\/defor\\\/#primaryimage\"},\"thumbnailUrl\":\"https:\\\/\\\/www.plantedforests.org\\\/old_resources\\\/DEFOR\\\/IMG_2235.JPG\",\"datePublished\":\"2018-01-09T00:30:36+00:00\",\"dateModified\":\"2023-08-24T14:27:50+00:00\",\"breadcrumb\":{\"@id\":\"https:\\\/\\\/www.plantedforests.org\\\/defor\\\/#breadcrumb\"},\"inLanguage\":\"pt-PT\",\"potentialAction\":[{\"@type\":\"ReadAction\",\"target\":[\"https:\\\/\\\/www.plantedforests.org\\\/defor\\\/\"]}]},{\"@type\":\"ImageObject\",\"inLanguage\":\"pt-PT\",\"@id\":\"https:\\\/\\\/www.plantedforests.org\\\/defor\\\/#primaryimage\",\"url\":\"https:\\\/\\\/www.plantedforests.org\\\/old_resources\\\/DEFOR\\\/IMG_2235.JPG\",\"contentUrl\":\"https:\\\/\\\/www.plantedforests.org\\\/old_resources\\\/DEFOR\\\/IMG_2235.JPG\"},{\"@type\":\"BreadcrumbList\",\"@id\":\"https:\\\/\\\/www.plantedforests.org\\\/defor\\\/#breadcrumb\",\"itemListElement\":[{\"@type\":\"ListItem\",\"position\":1,\"name\":\"Accueil\",\"item\":\"https:\\\/\\\/www.plantedforests.org\\\/\"},{\"@type\":\"ListItem\",\"position\":2,\"name\":\"Projet DEFOR : \u00ab\u00a0DEveloppement FORestier\u00a0\u00bb\"}]},{\"@type\":\"WebSite\",\"@id\":\"https:\\\/\\\/www.plantedforests.org\\\/fr\\\/#website\",\"url\":\"https:\\\/\\\/www.plantedforests.org\\\/fr\\\/\",\"name\":\"Instituto Europeu De Floresta Plantada - IEFC\",\"description\":\"A rede IEFC para a gest\u00e3o sustent\u00e1vel e resili\u00eancia das florestas cultivadas\",\"publisher\":{\"@id\":\"https:\\\/\\\/www.plantedforests.org\\\/fr\\\/#organization\"},\"potentialAction\":[{\"@type\":\"SearchAction\",\"target\":{\"@type\":\"EntryPoint\",\"urlTemplate\":\"https:\\\/\\\/www.plantedforests.org\\\/fr\\\/?s={search_term_string}\"},\"query-input\":{\"@type\":\"PropertyValueSpecification\",\"valueRequired\":true,\"valueName\":\"search_term_string\"}}],\"inLanguage\":\"pt-PT\"},{\"@type\":\"Organization\",\"@id\":\"https:\\\/\\\/www.plantedforests.org\\\/fr\\\/#organization\",\"name\":\"Institut Europ\u00e9en de la For\u00eat Cultiv\u00e9e - Plantedforests.org\",\"url\":\"https:\\\/\\\/www.plantedforests.org\\\/fr\\\/\",\"logo\":{\"@type\":\"ImageObject\",\"inLanguage\":\"pt-PT\",\"@id\":\"https:\\\/\\\/www.plantedforests.org\\\/fr\\\/#\\\/schema\\\/logo\\\/image\\\/\",\"url\":\"https:\\\/\\\/www.plantedforests.org\\\/wp-content\\\/uploads\\\/2022\\\/07\\\/Logo_iefc__FR.png\",\"contentUrl\":\"https:\\\/\\\/www.plantedforests.org\\\/wp-content\\\/uploads\\\/2022\\\/07\\\/Logo_iefc__FR.png\",\"width\":2031,\"height\":1001,\"caption\":\"Institut Europ\u00e9en de la For\u00eat Cultiv\u00e9e - Plantedforests.org\"},\"image\":{\"@id\":\"https:\\\/\\\/www.plantedforests.org\\\/fr\\\/#\\\/schema\\\/logo\\\/image\\\/\"},\"sameAs\":[\"https:\\\/\\\/x.com\\\/IEFCPlantForest\",\"https:\\\/\\\/www.linkedin.com\\\/company\\\/71728047\\\/\"]}]}<\/script>\n<!-- \/ Yoast SEO plugin. -->","yoast_head_json":{"title":"- Instituto Europeu De Floresta Plantada - IEFC","robots":{"index":"index","follow":"follow","max-snippet":"max-snippet:-1","max-image-preview":"max-image-preview:large","max-video-preview":"max-video-preview:-1"},"canonical":"https:\/\/www.plantedforests.org\/defor\/","og_locale":"pt_PT","og_type":"article","og_title":"- Instituto Europeu De Floresta Plantada - IEFC","og_url":"https:\/\/www.plantedforests.org\/defor\/","og_site_name":"Instituto Europeu De Floresta Plantada - IEFC","article_modified_time":"2023-08-24T14:27:50+00:00","og_image":[{"url":"https:\/\/www.plantedforests.org\/old_resources\/DEFOR\/IMG_2235.JPG","type":"","width":"","height":""}],"twitter_card":"summary_large_image","twitter_site":"@IEFCPlantForest","twitter_misc":{"Tempo estimado de leitura":"19 minutos"},"schema":{"@context":"https:\/\/schema.org","@graph":[{"@type":"WebPage","@id":"https:\/\/www.plantedforests.org\/defor\/","url":"https:\/\/www.plantedforests.org\/defor\/","name":"- Instituto Europeu De Floresta Plantada - IEFC","isPartOf":{"@id":"https:\/\/www.plantedforests.org\/fr\/#website"},"primaryImageOfPage":{"@id":"https:\/\/www.plantedforests.org\/defor\/#primaryimage"},"image":{"@id":"https:\/\/www.plantedforests.org\/defor\/#primaryimage"},"thumbnailUrl":"https:\/\/www.plantedforests.org\/old_resources\/DEFOR\/IMG_2235.JPG","datePublished":"2018-01-09T00:30:36+00:00","dateModified":"2023-08-24T14:27:50+00:00","breadcrumb":{"@id":"https:\/\/www.plantedforests.org\/defor\/#breadcrumb"},"inLanguage":"pt-PT","potentialAction":[{"@type":"ReadAction","target":["https:\/\/www.plantedforests.org\/defor\/"]}]},{"@type":"ImageObject","inLanguage":"pt-PT","@id":"https:\/\/www.plantedforests.org\/defor\/#primaryimage","url":"https:\/\/www.plantedforests.org\/old_resources\/DEFOR\/IMG_2235.JPG","contentUrl":"https:\/\/www.plantedforests.org\/old_resources\/DEFOR\/IMG_2235.JPG"},{"@type":"BreadcrumbList","@id":"https:\/\/www.plantedforests.org\/defor\/#breadcrumb","itemListElement":[{"@type":"ListItem","position":1,"name":"Accueil","item":"https:\/\/www.plantedforests.org\/"},{"@type":"ListItem","position":2,"name":"Projet DEFOR : \u00ab\u00a0DEveloppement FORestier\u00a0\u00bb"}]},{"@type":"WebSite","@id":"https:\/\/www.plantedforests.org\/fr\/#website","url":"https:\/\/www.plantedforests.org\/fr\/","name":"Instituto Europeu De Floresta Plantada - IEFC","description":"A rede IEFC para a gest\u00e3o sustent\u00e1vel e resili\u00eancia das florestas cultivadas","publisher":{"@id":"https:\/\/www.plantedforests.org\/fr\/#organization"},"potentialAction":[{"@type":"SearchAction","target":{"@type":"EntryPoint","urlTemplate":"https:\/\/www.plantedforests.org\/fr\/?s={search_term_string}"},"query-input":{"@type":"PropertyValueSpecification","valueRequired":true,"valueName":"search_term_string"}}],"inLanguage":"pt-PT"},{"@type":"Organization","@id":"https:\/\/www.plantedforests.org\/fr\/#organization","name":"Institut Europ\u00e9en de la For\u00eat Cultiv\u00e9e - Plantedforests.org","url":"https:\/\/www.plantedforests.org\/fr\/","logo":{"@type":"ImageObject","inLanguage":"pt-PT","@id":"https:\/\/www.plantedforests.org\/fr\/#\/schema\/logo\/image\/","url":"https:\/\/www.plantedforests.org\/wp-content\/uploads\/2022\/07\/Logo_iefc__FR.png","contentUrl":"https:\/\/www.plantedforests.org\/wp-content\/uploads\/2022\/07\/Logo_iefc__FR.png","width":2031,"height":1001,"caption":"Institut Europ\u00e9en de la For\u00eat Cultiv\u00e9e - Plantedforests.org"},"image":{"@id":"https:\/\/www.plantedforests.org\/fr\/#\/schema\/logo\/image\/"},"sameAs":["https:\/\/x.com\/IEFCPlantForest","https:\/\/www.linkedin.com\/company\/71728047\/"]}]}},"_links":{"self":[{"href":"https:\/\/www.plantedforests.org\/pt\/wp-json\/wp\/v2\/pages\/259","targetHints":{"allow":["GET"]}}],"collection":[{"href":"https:\/\/www.plantedforests.org\/pt\/wp-json\/wp\/v2\/pages"}],"about":[{"href":"https:\/\/www.plantedforests.org\/pt\/wp-json\/wp\/v2\/types\/page"}],"author":[{"embeddable":true,"href":"https:\/\/www.plantedforests.org\/pt\/wp-json\/wp\/v2\/users\/3"}],"replies":[{"embeddable":true,"href":"https:\/\/www.plantedforests.org\/pt\/wp-json\/wp\/v2\/comments?post=259"}],"version-history":[{"count":39,"href":"https:\/\/www.plantedforests.org\/pt\/wp-json\/wp\/v2\/pages\/259\/revisions"}],"predecessor-version":[{"id":13456,"href":"https:\/\/www.plantedforests.org\/pt\/wp-json\/wp\/v2\/pages\/259\/revisions\/13456"}],"wp:attachment":[{"href":"https:\/\/www.plantedforests.org\/pt\/wp-json\/wp\/v2\/media?parent=259"}],"curies":[{"name":"wp","href":"https:\/\/api.w.org\/{rel}","templated":true}]}}