
{"id":25243,"date":"2025-07-03T09:30:45","date_gmt":"2025-07-03T07:30:45","guid":{"rendered":"https:\/\/www.plantedforests.org\/?page_id=25243"},"modified":"2025-11-03T16:41:26","modified_gmt":"2025-11-03T15:41:26","slug":"presentations","status":"publish","type":"page","link":"https:\/\/www.plantedforests.org\/pt\/iefc-general-assembly-2025\/presentations\/","title":{"rendered":"IEFC Annual Meeting 2025 Presentations"},"content":{"rendered":"\t\t<div data-elementor-type=\"wp-page\" data-elementor-id=\"25243\" class=\"elementor elementor-25243\" data-elementor-post-type=\"page\">\n\t\t\t\t<div class=\"elementor-element elementor-element-e5dd5b4 e-flex e-con-boxed e-con e-parent\" data-id=\"e5dd5b4\" data-element_type=\"container\" data-e-type=\"container\">\n\t\t\t\t\t<div class=\"e-con-inner\">\n\t\t\t\t<div class=\"elementor-element elementor-element-b6302d2 elementor-widget elementor-widget-text-editor\" data-id=\"b6302d2\" data-element_type=\"widget\" data-e-type=\"widget\" data-widget_type=\"text-editor.default\">\n\t\t\t\t<div class=\"elementor-widget-container\">\n\t\t\t\t\t\t\t\t\t<p>On this page you will find the line-up of presentations from our event in Donostia San Sebasti\u00e1n.<\/p><p style=\"color: #ff0000;\"><em>(Presentations available to IEFC members only)<\/em><\/p>\t\t\t\t\t\t\t\t<\/div>\n\t\t\t\t<\/div>\n\t\t\t\t\t<\/div>\n\t\t\t\t<\/div>\n\t\t<div class=\"elementor-element elementor-element-243fb57 e-flex e-con-boxed e-con e-parent\" data-id=\"243fb57\" data-element_type=\"container\" data-e-type=\"container\">\n\t\t\t\t\t<div class=\"e-con-inner\">\n\t\t\t\t<div class=\"elementor-element elementor-element-6849295 elementor-widget elementor-widget-text-editor\" data-id=\"6849295\" data-element_type=\"widget\" data-e-type=\"widget\" data-widget_type=\"text-editor.default\">\n\t\t\t\t<div class=\"elementor-widget-container\">\n\t\t\t\t\t\t\t\t\t<h4><span style=\"text-decoration: underline;\"><strong>SEMINAR on Forest Health Monitoring Systems<\/strong><\/span><\/h4>\t\t\t\t\t\t\t\t<\/div>\n\t\t\t\t<\/div>\n\t\t\t\t\t<\/div>\n\t\t\t\t<\/div>\n\t\t<div class=\"elementor-element elementor-element-3317335 e-flex e-con-boxed e-con e-parent\" data-id=\"3317335\" data-element_type=\"container\" data-e-type=\"container\">\n\t\t\t\t\t<div class=\"e-con-inner\">\n\t\t\t\t<div class=\"elementor-element elementor-element-b50d9b4 elementor-widget elementor-widget-text-editor\" data-id=\"b50d9b4\" data-element_type=\"widget\" data-e-type=\"widget\" data-widget_type=\"text-editor.default\">\n\t\t\t\t<div class=\"elementor-widget-container\">\n\t\t\t\t\t\t\t\t\t<p><strong>Objective:<\/strong> To give an overview of existing forest health monitoring tools and open avenues for further cooperation between the regions of the atlantic arc. Evaluate potential of IEFC network to facilitate information exchange of interest between the members and regions with planted forests.<\/p>\t\t\t\t\t\t\t\t<\/div>\n\t\t\t\t<\/div>\n\t\t\t\t\t<\/div>\n\t\t\t\t<\/div>\n\t\t<div class=\"elementor-element elementor-element-663e0c5 e-flex e-con-boxed e-con e-parent\" data-id=\"663e0c5\" data-element_type=\"container\" data-e-type=\"container\">\n\t\t\t\t\t<div class=\"e-con-inner\">\n\t\t\t\t<div class=\"elementor-element elementor-element-004437d elementor-widget elementor-widget-text-editor\" data-id=\"004437d\" data-element_type=\"widget\" data-e-type=\"widget\" data-widget_type=\"text-editor.default\">\n\t\t\t\t<div class=\"elementor-widget-container\">\n\t\t\t\t\t\t\t\t\t<ul><li><span class=\"OYPEnA text-decoration-none text-strikethrough-none\">\u201c<a href=\"https:\/\/www.plantedforests.org\/iefc-annual-meeting-2025-edurne-lacalle-leire-salaberria-usse\/\">Forest Monitoring Law to establish a common framework for monitoring the resilience of Europe\u00b4s Forets<\/a>\u201d, <\/span><strong>USSE (Edurne Lacalle\/Leire Salaberria)<\/strong>.<\/li><li><a href=\"https:\/\/www.plantedforests.org\/iefc-annual-meeting-2025-international-plant-sentinel-network-itxaso-quitana\/\" target=\"_blank\" rel=\"noopener\">International Plant Sentinel Network,<\/a> <strong>Itxaso Quitana<\/strong><\/li><li><span class=\"OYPEnA text-decoration-none text-strikethrough-none\"><a href=\"https:\/\/www.plantedforests.org\/iefc-annual-meeting-2025-12-years-of-tree-health-citizen-science-in-the-uk-matt-parratt\/\" target=\"_blank\" rel=\"noopener\">\u201cObservatree: 12 years of tree health citizen science in the UK\u201d<\/a>,<\/span> <strong>Forest Research UK (Matthew Parratt)<\/strong><\/li><li><a href=\"https:\/\/www.plantedforests.org\/iefc-annual-meeting-2025-the-impact-of-urban-trees-on-the-invasion-of-forest-pests-manuela-branco\/\" target=\"_blank\" rel=\"noopener\">\u201cThe Impact of Urban Trees on the Invasion of Forest Pests\u201d<\/a>, <strong>Instituto Superior de Agronomia, University of Lisboa (Manuela <\/strong><strong>Branco)<\/strong><\/li><li>\u201cDesigning large-area forest health monitoring systems: the example of the Galician Continuous Forest Inventory (IFCG)&#8221;, <strong>University of Santiago de Compostela (Cesar P\u00e9rez Cruzado).<\/strong><\/li><li><a href=\"https:\/\/www.plantedforests.org\/iefc-annual-meeting-2025-citizen-science-and-artificial-intelligence-to-monitor-forest-health-in-poplar-plantations\/\">&#8220;Citizen science and AI to monitor forest health in poplar plantations&#8221;<\/a>, <strong>University of Le\u00f3n (Flor Alvarez Taboada).<\/strong><\/li><li>\u201c<a href=\"https:\/\/www.plantedforests.org\/iefc-annual-meeting-2025-an-integrated-forestry-information-system\/\" target=\"_blank\" rel=\"noopener\">BASODATA: An integrated forestry information system<\/a>\u201d<strong>, HAZI FUNDAZIOA, (Alejandro Cantero)<\/strong><\/li><\/ul>\t\t\t\t\t\t\t\t<\/div>\n\t\t\t\t<\/div>\n\t\t\t\t<div class=\"elementor-element elementor-element-375d668 elementor-widget elementor-widget-text-editor\" data-id=\"375d668\" data-element_type=\"widget\" data-e-type=\"widget\" data-widget_type=\"text-editor.default\">\n\t\t\t\t<div class=\"elementor-widget-container\">\n\t\t\t\t\t\t\t\t\t<h4>\u00a0<u><b>Seminar on private funding opportunity for re<\/b>search<\/u>\u00a0<\/h4>\t\t\t\t\t\t\t\t<\/div>\n\t\t\t\t<\/div>\n\t\t\t\t<div class=\"elementor-element elementor-element-40a0e92 elementor-widget elementor-widget-text-editor\" data-id=\"40a0e92\" data-element_type=\"widget\" data-e-type=\"widget\" data-widget_type=\"text-editor.default\">\n\t\t\t\t<div class=\"elementor-widget-container\">\n\t\t\t\t\t\t\t\t\t<p><strong>Objective:<\/strong> Objective: To analyse financing and cooperation alternatives for R&amp;D&amp;I and transfer in forest bioeconomy, taking successful models as a reference. The aim is to explore a possible collaborative financing system managed by the IEFC, identifying sources of funds and collaboration strategies that guarantee the sustainability of the sector.<\/p>\t\t\t\t\t\t\t\t<\/div>\n\t\t\t\t<\/div>\n\t\t\t\t\t<\/div>\n\t\t\t\t<\/div>\n\t\t<div class=\"elementor-element elementor-element-1e8c13c e-flex e-con-boxed e-con e-parent\" data-id=\"1e8c13c\" data-element_type=\"container\" data-e-type=\"container\">\n\t\t\t\t\t<div class=\"e-con-inner\">\n\t\t\t\t<div class=\"elementor-element elementor-element-2707519 elementor-widget elementor-widget-text-editor\" data-id=\"2707519\" data-element_type=\"widget\" data-e-type=\"widget\" data-widget_type=\"text-editor.default\">\n\t\t\t\t<div class=\"elementor-widget-container\">\n\t\t\t\t\t\t\t\t\t<ul><li>\u00a0 <a href=\"https:\/\/www.plantedforests.org\/iefc-annual-meeting-2025-javier-calvo-simon-cesefor\/\">Forestry innovation in uncertain times: financing and collaboration alternatives<\/a><strong> (Javier Calvo-Sim\u00f3n, CESEFOR)<\/strong><\/li><\/ul>\t\t\t\t\t\t\t\t<\/div>\n\t\t\t\t<\/div>\n\t\t\t\t<div class=\"elementor-element elementor-element-022c5b3 elementor-widget elementor-widget-text-editor\" data-id=\"022c5b3\" data-element_type=\"widget\" data-e-type=\"widget\" data-widget_type=\"text-editor.default\">\n\t\t\t\t<div class=\"elementor-widget-container\">\n\t\t\t\t\t\t\t\t\t<h4><span style=\"text-decoration: underline;\"><strong>Open session of flash talks for IEFC members: Let\u2019s talk about <\/strong><\/span><span style=\"text-decoration: underline;\"><strong>planted forests<\/strong><\/span><\/h4>\t\t\t\t\t\t\t\t<\/div>\n\t\t\t\t<\/div>\n\t\t\t\t\t<\/div>\n\t\t\t\t<\/div>\n\t\t<div class=\"elementor-element elementor-element-56aaf05 e-flex e-con-boxed e-con e-parent\" data-id=\"56aaf05\" data-element_type=\"container\" data-e-type=\"container\">\n\t\t\t\t\t<div class=\"e-con-inner\">\n\t\t\t\t<div class=\"elementor-element elementor-element-01692b0 elementor-widget elementor-widget-text-editor\" data-id=\"01692b0\" data-element_type=\"widget\" data-e-type=\"widget\" data-widget_type=\"text-editor.default\">\n\t\t\t\t<div class=\"elementor-widget-container\">\n\t\t\t\t\t\t\t\t\t<ul><li>\u00a0<a href=\"https:\/\/www.plantedforests.org\/iefc-annual-meeting-2025-herve-jactel-inrae\/\">Detection, monitoring and management of non native forest pests and pathogens<\/a>\u00a0(<b>Herv\u00e9 Jactel, INRAE)<\/b><\/li><li><a href=\"https:\/\/www.plantedforests.org\/iefc-general-assembly-2025\/presentations\/forest-health-under-the-climate-change-scenarios\/\" target=\"_blank\" rel=\"noopener\">Forest Health Under the Climate Change Scenarios<\/a> <strong>(Tom\u00e1s S\u00e1nchez Pellicer, <\/strong><strong>CESEFOR)<\/strong><\/li><li><a href=\"https:\/\/www.plantedforests.org\/iefc-general-assembly-2025\/presentations\/planted-riparian-forests\/\" target=\"_blank\" rel=\"noopener\">Planted riparian forests<\/a> <strong>(Valters Samakis, SILAVA)<\/strong><\/li><li><a href=\"https:\/\/www.plantedforests.org\/iefc-general-assembly-2025\/presentations\/sustaining-growth-and-genetic-diversity-in-planted-scots-pine-stands-in-latvia-the-for-est4lv-contribution\/\" target=\"_blank\" rel=\"noopener\">Sustaining growth and genetic diversity in planted Scots pine stands in Latvia: The For-est4LV contribution<\/a> <strong>(Paul Zeltins, SILAVA)<\/strong><\/li><li><a href=\"https:\/\/www.plantedforests.org\/iefc-general-assembly-2025\/presentations\/standssim-web-app-forest-management-driven-simulations-on-line\/\" target=\"_blank\" rel=\"noopener\">StandsSIM Web App: Forest Management Driven Simulations On-line<\/a> <strong>(Nuno Lopes, ISA)<\/strong><\/li><li><a href=\"https:\/\/www.plantedforests.org\/iefc-general-assembly-2025\/presentations\/social-forest-towards-a-transnational-forest-strategy-to-strengthen-climate-resilience-and-enhance-socio-economic-development-of-rural-areas-in-south-western-europe\/\" target=\"_blank\" rel=\"noopener\">SOCIAL FOREST: Towards a Transnational Forest Strategy to Strengthen Climate Resilience and Enhance Socio-Economic Development of Rural Areas in South-western Europe.<\/a> <strong>(Abdelwahab Besaad, Xylofutur)<\/strong><\/li><li><a href=\"https:\/\/www.plantedforests.org\/iefc-general-assembly-2025\/presentations\/vulnerability-of-pinus-pinea-to-forest-decline-in-the-mediterranean-basin\/\" target=\"_blank\" rel=\"noopener\">Vulnerability of Pinus pinea to forest decline in the Mediterranean Basin<\/a> <strong>(Raoul <\/strong><strong>Sanchez, University of Sevilla)<\/strong><\/li><li><a href=\"https:\/\/www.plantedforests.org\/iefc-general-assembly-2025\/presentations\/added-value-of-forest-co-products-for-chemicals-from-green-chemistry\/\" target=\"_blank\" rel=\"noopener\">Added value of forest co-products for chemicals from green chemistry<\/a> <strong>(Armand <\/strong><strong>Clopeau, St\u00e9phane Legay, Gilles Labat \u2013 P\u00f4les RFT \/ Biosense, FCBA, Bordeaux)<\/strong><\/li><\/ul>\t\t\t\t\t\t\t\t<\/div>\n\t\t\t\t<\/div>\n\t\t\t\t\t<\/div>\n\t\t\t\t<\/div>\n\t\t\t\t<\/div>\n\t\t","protected":false},"excerpt":{"rendered":"<p>On this page you will find the line-up of presentations from our event in Donostia San Sebasti\u00e1n. (Presentations available to IEFC members only) SEMINAR on Forest Health Monitoring Systems Objective: [&hellip;]<\/p>\n","protected":false},"author":101,"featured_media":0,"parent":21512,"menu_order":0,"comment_status":"closed","ping_status":"closed","template":"","meta":{"_acf_changed":false,"_eb_attr":"","_EventAllDay":false,"_EventTimezone":"","_EventStartDate":"","_EventEndDate":"","_EventStartDateUTC":"","_EventEndDateUTC":"","_EventShowMap":false,"_EventShowMapLink":false,"_EventURL":"","_EventCost":"","_EventCostDescription":"","_EventCurrencySymbol":"","_EventCurrencyCode":"","_EventCurrencyPosition":"","_EventDateTimeSeparator":"","_EventTimeRangeSeparator":"","_EventOrganizerID":[],"_EventVenueID":[],"_OrganizerEmail":"","_OrganizerPhone":"","_OrganizerWebsite":"","_VenueAddress":"","_VenueCity":"","_VenueCountry":"","_VenueProvince":"","_VenueState":"","_VenueZip":"","_VenuePhone":"","_VenueURL":"","_VenueStateProvince":"","_VenueLat":"","_VenueLng":"","_VenueShowMap":false,"_VenueShowMapLink":false,"activitypub_content_warning":"","activitypub_content_visibility":"","activitypub_max_image_attachments":4,"activitypub_interaction_policy_quote":"anyone","activitypub_status":"federated","footnotes":""},"class_list":["post-25243","page","type-page","status-publish","hentry"],"translation":{"provider":"WPGlobus","version":"3.0.2","language":"pt","enabled_languages":["gb","fr","es","pt"],"languages":{"gb":{"title":true,"content":true,"excerpt":false},"fr":{"title":false,"content":false,"excerpt":false},"es":{"title":false,"content":false,"excerpt":false},"pt":{"title":false,"content":false,"excerpt":false}}},"acf":[],"yoast_head":"<!-- This site is optimized with the Yoast SEO plugin v27.3 - https:\/\/yoast.com\/product\/yoast-seo-wordpress\/ -->\n<title>IEFC Annual Meeting 2025 Presentations - Instituto Europeu De Floresta Plantada - IEFC<\/title>\n<meta name=\"robots\" content=\"index, follow, max-snippet:-1, max-image-preview:large, max-video-preview:-1\" \/>\n<link rel=\"canonical\" href=\"https:\/\/www.plantedforests.org\/iefc-general-assembly-2025\/presentations\/\" \/>\n<meta property=\"og:locale\" content=\"pt_PT\" \/>\n<meta property=\"og:type\" content=\"article\" \/>\n<meta property=\"og:title\" content=\"IEFC Annual Meeting 2025 Presentations - Instituto Europeu De Floresta Plantada - IEFC\" \/>\n<meta property=\"og:url\" content=\"https:\/\/www.plantedforests.org\/iefc-general-assembly-2025\/presentations\/\" \/>\n<meta property=\"og:site_name\" content=\"Instituto Europeu De Floresta Plantada - IEFC\" \/>\n<meta property=\"article:modified_time\" content=\"2025-11-03T15:41:26+00:00\" \/>\n<meta name=\"twitter:card\" content=\"summary_large_image\" \/>\n<meta name=\"twitter:site\" content=\"@IEFCPlantForest\" \/>\n<meta name=\"twitter:label1\" content=\"Tempo estimado de leitura\" \/>\n\t<meta name=\"twitter:data1\" content=\"2 minutos\" \/>\n<script type=\"application\/ld+json\" class=\"yoast-schema-graph\">{\"@context\":\"https:\\\/\\\/schema.org\",\"@graph\":[{\"@type\":\"WebPage\",\"@id\":\"https:\\\/\\\/www.plantedforests.org\\\/iefc-general-assembly-2025\\\/presentations\\\/\",\"url\":\"https:\\\/\\\/www.plantedforests.org\\\/iefc-general-assembly-2025\\\/presentations\\\/\",\"name\":\"IEFC Annual Meeting 2025 Presentations - Instituto Europeu De Floresta Plantada - IEFC\",\"isPartOf\":{\"@id\":\"https:\\\/\\\/www.plantedforests.org\\\/fr\\\/#website\"},\"datePublished\":\"2025-07-03T07:30:45+00:00\",\"dateModified\":\"2025-11-03T15:41:26+00:00\",\"breadcrumb\":{\"@id\":\"https:\\\/\\\/www.plantedforests.org\\\/iefc-general-assembly-2025\\\/presentations\\\/#breadcrumb\"},\"inLanguage\":\"pt-PT\",\"potentialAction\":[{\"@type\":\"ReadAction\",\"target\":[\"https:\\\/\\\/www.plantedforests.org\\\/iefc-general-assembly-2025\\\/presentations\\\/\"]}]},{\"@type\":\"BreadcrumbList\",\"@id\":\"https:\\\/\\\/www.plantedforests.org\\\/iefc-general-assembly-2025\\\/presentations\\\/#breadcrumb\",\"itemListElement\":[{\"@type\":\"ListItem\",\"position\":1,\"name\":\"Accueil\",\"item\":\"https:\\\/\\\/www.plantedforests.org\\\/\"},{\"@type\":\"ListItem\",\"position\":2,\"name\":\"IEFC General Assembly \u2013 2025\",\"item\":\"https:\\\/\\\/www.plantedforests.org\\\/iefc-general-assembly-2025\\\/\"},{\"@type\":\"ListItem\",\"position\":3,\"name\":\"IEFC Annual Meeting 2025 Presentations\"}]},{\"@type\":\"WebSite\",\"@id\":\"https:\\\/\\\/www.plantedforests.org\\\/fr\\\/#website\",\"url\":\"https:\\\/\\\/www.plantedforests.org\\\/fr\\\/\",\"name\":\"Instituto Europeu De Floresta Plantada - IEFC\",\"description\":\"A rede IEFC para a gest\u00e3o sustent\u00e1vel e resili\u00eancia das florestas cultivadas\",\"publisher\":{\"@id\":\"https:\\\/\\\/www.plantedforests.org\\\/fr\\\/#organization\"},\"potentialAction\":[{\"@type\":\"SearchAction\",\"target\":{\"@type\":\"EntryPoint\",\"urlTemplate\":\"https:\\\/\\\/www.plantedforests.org\\\/fr\\\/?s={search_term_string}\"},\"query-input\":{\"@type\":\"PropertyValueSpecification\",\"valueRequired\":true,\"valueName\":\"search_term_string\"}}],\"inLanguage\":\"pt-PT\"},{\"@type\":\"Organization\",\"@id\":\"https:\\\/\\\/www.plantedforests.org\\\/fr\\\/#organization\",\"name\":\"Institut Europ\u00e9en de la For\u00eat Cultiv\u00e9e - Plantedforests.org\",\"url\":\"https:\\\/\\\/www.plantedforests.org\\\/fr\\\/\",\"logo\":{\"@type\":\"ImageObject\",\"inLanguage\":\"pt-PT\",\"@id\":\"https:\\\/\\\/www.plantedforests.org\\\/fr\\\/#\\\/schema\\\/logo\\\/image\\\/\",\"url\":\"https:\\\/\\\/www.plantedforests.org\\\/wp-content\\\/uploads\\\/2022\\\/07\\\/Logo_iefc__FR.png\",\"contentUrl\":\"https:\\\/\\\/www.plantedforests.org\\\/wp-content\\\/uploads\\\/2022\\\/07\\\/Logo_iefc__FR.png\",\"width\":2031,\"height\":1001,\"caption\":\"Institut Europ\u00e9en de la For\u00eat Cultiv\u00e9e - Plantedforests.org\"},\"image\":{\"@id\":\"https:\\\/\\\/www.plantedforests.org\\\/fr\\\/#\\\/schema\\\/logo\\\/image\\\/\"},\"sameAs\":[\"https:\\\/\\\/x.com\\\/IEFCPlantForest\",\"https:\\\/\\\/www.linkedin.com\\\/company\\\/71728047\\\/\"]}]}<\/script>\n<!-- \/ Yoast SEO plugin. -->","yoast_head_json":{"title":"IEFC Annual Meeting 2025 Presentations - Instituto Europeu De Floresta Plantada - IEFC","robots":{"index":"index","follow":"follow","max-snippet":"max-snippet:-1","max-image-preview":"max-image-preview:large","max-video-preview":"max-video-preview:-1"},"canonical":"https:\/\/www.plantedforests.org\/iefc-general-assembly-2025\/presentations\/","og_locale":"pt_PT","og_type":"article","og_title":"IEFC Annual Meeting 2025 Presentations - Instituto Europeu De Floresta Plantada - IEFC","og_url":"https:\/\/www.plantedforests.org\/iefc-general-assembly-2025\/presentations\/","og_site_name":"Instituto Europeu De Floresta Plantada - IEFC","article_modified_time":"2025-11-03T15:41:26+00:00","twitter_card":"summary_large_image","twitter_site":"@IEFCPlantForest","twitter_misc":{"Tempo estimado de leitura":"2 minutos"},"schema":{"@context":"https:\/\/schema.org","@graph":[{"@type":"WebPage","@id":"https:\/\/www.plantedforests.org\/iefc-general-assembly-2025\/presentations\/","url":"https:\/\/www.plantedforests.org\/iefc-general-assembly-2025\/presentations\/","name":"IEFC Annual Meeting 2025 Presentations - Instituto Europeu De Floresta Plantada - IEFC","isPartOf":{"@id":"https:\/\/www.plantedforests.org\/fr\/#website"},"datePublished":"2025-07-03T07:30:45+00:00","dateModified":"2025-11-03T15:41:26+00:00","breadcrumb":{"@id":"https:\/\/www.plantedforests.org\/iefc-general-assembly-2025\/presentations\/#breadcrumb"},"inLanguage":"pt-PT","potentialAction":[{"@type":"ReadAction","target":["https:\/\/www.plantedforests.org\/iefc-general-assembly-2025\/presentations\/"]}]},{"@type":"BreadcrumbList","@id":"https:\/\/www.plantedforests.org\/iefc-general-assembly-2025\/presentations\/#breadcrumb","itemListElement":[{"@type":"ListItem","position":1,"name":"Accueil","item":"https:\/\/www.plantedforests.org\/"},{"@type":"ListItem","position":2,"name":"IEFC General Assembly \u2013 2025","item":"https:\/\/www.plantedforests.org\/iefc-general-assembly-2025\/"},{"@type":"ListItem","position":3,"name":"IEFC Annual Meeting 2025 Presentations"}]},{"@type":"WebSite","@id":"https:\/\/www.plantedforests.org\/fr\/#website","url":"https:\/\/www.plantedforests.org\/fr\/","name":"Instituto Europeu De Floresta Plantada - IEFC","description":"A rede IEFC para a gest\u00e3o sustent\u00e1vel e resili\u00eancia das florestas cultivadas","publisher":{"@id":"https:\/\/www.plantedforests.org\/fr\/#organization"},"potentialAction":[{"@type":"SearchAction","target":{"@type":"EntryPoint","urlTemplate":"https:\/\/www.plantedforests.org\/fr\/?s={search_term_string}"},"query-input":{"@type":"PropertyValueSpecification","valueRequired":true,"valueName":"search_term_string"}}],"inLanguage":"pt-PT"},{"@type":"Organization","@id":"https:\/\/www.plantedforests.org\/fr\/#organization","name":"Institut Europ\u00e9en de la For\u00eat Cultiv\u00e9e - Plantedforests.org","url":"https:\/\/www.plantedforests.org\/fr\/","logo":{"@type":"ImageObject","inLanguage":"pt-PT","@id":"https:\/\/www.plantedforests.org\/fr\/#\/schema\/logo\/image\/","url":"https:\/\/www.plantedforests.org\/wp-content\/uploads\/2022\/07\/Logo_iefc__FR.png","contentUrl":"https:\/\/www.plantedforests.org\/wp-content\/uploads\/2022\/07\/Logo_iefc__FR.png","width":2031,"height":1001,"caption":"Institut Europ\u00e9en de la For\u00eat Cultiv\u00e9e - Plantedforests.org"},"image":{"@id":"https:\/\/www.plantedforests.org\/fr\/#\/schema\/logo\/image\/"},"sameAs":["https:\/\/x.com\/IEFCPlantForest","https:\/\/www.linkedin.com\/company\/71728047\/"]}]}},"_links":{"self":[{"href":"https:\/\/www.plantedforests.org\/pt\/wp-json\/wp\/v2\/pages\/25243","targetHints":{"allow":["GET"]}}],"collection":[{"href":"https:\/\/www.plantedforests.org\/pt\/wp-json\/wp\/v2\/pages"}],"about":[{"href":"https:\/\/www.plantedforests.org\/pt\/wp-json\/wp\/v2\/types\/page"}],"author":[{"embeddable":true,"href":"https:\/\/www.plantedforests.org\/pt\/wp-json\/wp\/v2\/users\/101"}],"replies":[{"embeddable":true,"href":"https:\/\/www.plantedforests.org\/pt\/wp-json\/wp\/v2\/comments?post=25243"}],"version-history":[{"count":86,"href":"https:\/\/www.plantedforests.org\/pt\/wp-json\/wp\/v2\/pages\/25243\/revisions"}],"predecessor-version":[{"id":28361,"href":"https:\/\/www.plantedforests.org\/pt\/wp-json\/wp\/v2\/pages\/25243\/revisions\/28361"}],"up":[{"embeddable":true,"href":"https:\/\/www.plantedforests.org\/pt\/wp-json\/wp\/v2\/pages\/21512"}],"wp:attachment":[{"href":"https:\/\/www.plantedforests.org\/pt\/wp-json\/wp\/v2\/media?parent=25243"}],"curies":[{"name":"wp","href":"https:\/\/api.w.org\/{rel}","templated":true}]}}