
{"id":23638,"date":"2025-05-27T11:50:38","date_gmt":"2025-05-27T09:50:38","guid":{"rendered":"https:\/\/www.plantedforests.org\/?page_id=23638"},"modified":"2025-05-28T10:42:07","modified_gmt":"2025-05-28T08:42:07","slug":"22-05-2025-genetic-resources-and-short-rotation-forestry-complexity","status":"publish","type":"page","link":"https:\/\/www.plantedforests.org\/pt\/webinars-replays\/22-05-2025-genetic-resources-and-short-rotation-forestry-complexity\/","title":{"rendered":"[22.05.2025] \u2013 Genetic Resources and Short-Rotation Forestry Complexity"},"content":{"rendered":"<div class=\"wp-block-image\">\n<figure class=\"aligncenter size-large is-resized\"><img fetchpriority=\"high\" decoding=\"async\" width=\"1024\" height=\"183\" src=\"https:\/\/www.plantedforests.org\/wp-content\/uploads\/2025\/05\/LTAPF-Genetic-Resources-and-Short-Rotation-Forestry-Complexity-replay-1024x183.jpg\" alt=\"\" class=\"wp-image-23640\" style=\"width:936px;height:167px\" srcset=\"https:\/\/www.plantedforests.org\/wp-content\/uploads\/2025\/05\/LTAPF-Genetic-Resources-and-Short-Rotation-Forestry-Complexity-replay-1024x183.jpg 1024w, https:\/\/www.plantedforests.org\/wp-content\/uploads\/2025\/05\/LTAPF-Genetic-Resources-and-Short-Rotation-Forestry-Complexity-replay-300x54.jpg 300w, https:\/\/www.plantedforests.org\/wp-content\/uploads\/2025\/05\/LTAPF-Genetic-Resources-and-Short-Rotation-Forestry-Complexity-replay-150x27.jpg 150w, https:\/\/www.plantedforests.org\/wp-content\/uploads\/2025\/05\/LTAPF-Genetic-Resources-and-Short-Rotation-Forestry-Complexity-replay-768x137.jpg 768w, https:\/\/www.plantedforests.org\/wp-content\/uploads\/2025\/05\/LTAPF-Genetic-Resources-and-Short-Rotation-Forestry-Complexity-replay-1536x274.jpg 1536w, https:\/\/www.plantedforests.org\/wp-content\/uploads\/2025\/05\/LTAPF-Genetic-Resources-and-Short-Rotation-Forestry-Complexity-replay-2048x366.jpg 2048w, https:\/\/www.plantedforests.org\/wp-content\/uploads\/2025\/05\/LTAPF-Genetic-Resources-and-Short-Rotation-Forestry-Complexity-replay-1320x236.jpg 1320w\" sizes=\"(max-width: 1024px) 100vw, 1024px\" \/><\/figure>\n<\/div>\n\n\n<div style=\"height:38px\" aria-hidden=\"true\" class=\"wp-block-spacer\"><\/div>\n\n\n\n<p class=\"has-text-align-left has-black-color has-text-color\">The first webinar organised by IEFC and the new task force on Stand Complexity in Planted Forests together with the IUFRO Research Unit \u2013 1.03.00 \u2013 Short-Rotation Forestry (SRF). This event is dedicated to <strong>Genetic Resources and Short-Rotation Forestry Complexity<\/strong> and will give an overview on how to handle genetic diversity in short rotation forestry in New Zealand, Portugal and South Africa.<\/p>\n\n\n\n<p class=\"has-black-color has-text-color has-link-color wp-elements-3e278988efc49c099e408b3d4ea81b09\">The webinar conducted in English as follows, featuring various speakers:<\/p>\n\n\n<div class=\"wp-block-image\">\n<figure class=\"aligncenter size-large is-resized\"><img decoding=\"async\" width=\"709\" height=\"1024\" src=\"https:\/\/www.plantedforests.org\/wp-content\/uploads\/2025\/05\/Genetic_Resources_SRF_2025-05-22-709x1024.png\" alt=\"\" class=\"wp-image-22967\" style=\"width:436px;height:auto\" srcset=\"https:\/\/www.plantedforests.org\/wp-content\/uploads\/2025\/05\/Genetic_Resources_SRF_2025-05-22-709x1024.png 709w, https:\/\/www.plantedforests.org\/wp-content\/uploads\/2025\/05\/Genetic_Resources_SRF_2025-05-22-208x300.png 208w, https:\/\/www.plantedforests.org\/wp-content\/uploads\/2025\/05\/Genetic_Resources_SRF_2025-05-22-104x150.png 104w, https:\/\/www.plantedforests.org\/wp-content\/uploads\/2025\/05\/Genetic_Resources_SRF_2025-05-22.png 720w\" sizes=\"(max-width: 709px) 100vw, 709px\" \/><\/figure>\n<\/div>\n\n\n<div style=\"height:9px\" aria-hidden=\"true\" class=\"wp-block-spacer\"><\/div>\n\n\n\n<p class=\"has-text-color\" style=\"color:#006633\"><strong><span style=\"text-decoration: underline;\">Watch the replay below and download presentations at the bottom of the page<\/span><\/strong><\/p>\n\n\n\n<figure class=\"wp-block-embed is-type-video is-provider-dailymotion wp-block-embed-dailymotion wp-embed-aspect-16-9 wp-has-aspect-ratio\"><div class=\"wp-block-embed__wrapper\">\n<iframe title=\"Webinar - Genetic Resources and Short-Rotation Forestry Complexity\" frameborder=\"0\" width=\"525\" height=\"295\" src=\"https:\/\/geo.dailymotion.com\/player.html?video=k1UQVcckkwBxV1D7UNM&#038;\" allowfullscreen allow=\"autoplay; fullscreen; picture-in-picture; web-share\"><\/iframe>\n<\/div><\/figure>\n\n\n\n<div style=\"height:47px\" aria-hidden=\"true\" class=\"wp-block-spacer\"><\/div>\n\n\n\n<h2 class=\"wp-block-heading has-text-align-left has-text-color\" style=\"color:#006633;font-size:18px\"><span style=\"text-decoration: underline;\"><strong>Speakers &amp; Presentations<\/strong><\/span><\/h2>\n\n\n\n<p class=\"has-vivid-red-color has-text-color has-link-color wp-elements-b1ee2f0ed51c452c4122a343b0244668\"><em><strong>Presentations are only accessible to IEFC members.<\/strong><\/em><\/p>\n\n\n\n<div style=\"height:15px\" aria-hidden=\"true\" class=\"wp-block-spacer\"><\/div>\n\n\n\n<p class=\"has-text-align-left has-black-color has-text-color\" style=\"font-size:16px\"><strong>\ud83d\udfe6 Alan Jones, Scion: \u00ab Optimising genetics for <em>Pinus radiata<\/em> short rotation bioenergy forestry \u00bb  <\/strong><\/p>\n\n\n\n<p class=\"has-text-color has-link-color wp-elements-57c246508b64c0460ec1c9d3812fe2ad\" style=\"color:#8bb31d;font-size:16px\">\u27a1 <a href=\"https:\/\/www.plantedforests.org\/alan-jones-optimising-genetics-for-pinus-radiata-short-rotation-forestry\/\">Optimising genetics for <em>Pinus radiata<\/em> short rotation bioenergy forestry<\/a><\/p>\n\n\n\n<div style=\"height:15px\" aria-hidden=\"true\" class=\"wp-block-spacer\"><\/div>\n\n\n\n<p class=\"has-text-align-left has-black-color has-text-color\" style=\"font-size:16px\"><strong>\ud83d\udfe6Luis Fontes, Altri Florestal: \u00ab <em>Eucalyptus<\/em> hybrids for developing SRF complexity \u00bb <\/strong><\/p>\n\n\n\n<p class=\"has-text-align-left has-text-color\" style=\"color:#8bb31d;font-size:16px\">\u27a1 <a href=\"https:\/\/www.plantedforests.org\/luis-fontes-eucalyptus-hybrids-for-developing-srf-complexity\/\"><em>Eucalyptus<\/em> hybrids for developing SRF complexity<\/a><\/p>\n\n\n\n<div style=\"height:15px\" aria-hidden=\"true\" class=\"wp-block-spacer\"><\/div>\n\n\n\n<p class=\"has-text-align-left has-black-color has-text-color\" style=\"font-size:16px\">\ud83d\udfe6 <strong>Wayne Jones, SAPPI: \u00ab Short rotation plantation forestry in a changing environment, a South-Africa perspective \u00bb <\/strong><\/p>\n\n\n\n<p class=\"has-text-align-left has-text-color\" style=\"color:#8bb31d;font-size:16px\">\u27a1 <a href=\"https:\/\/www.plantedforests.org\/wayne-jones-short-rotation-plantation-forestry-in-a-changing-environment-a-south-african-perspective\/\">Short rotation plantation forestry in a changing environment, a South-Africa perspective<\/a><\/p>\n\n\n\n<div style=\"height:18px\" aria-hidden=\"true\" class=\"wp-block-spacer\"><\/div>\n\n\n\n<hr class=\"wp-block-separator has-alpha-channel-opacity is-style-wide\"\/>\n\n\n\n<p class=\"has-text-align-center has-black-color has-text-color has-medium-font-size\"><strong><em>This event is co-organized by the <a href=\"https:\/\/www.plantedforests.org\/\" target=\"_blank\" rel=\"noreferrer noopener\">IEFC<\/a>, the <a href=\"https:\/\/www.iufro.org\/task-forces\/t47-stand-complexity-in-planted-forests\" target=\"_blank\" rel=\"noreferrer noopener\">IUFRO new task force on Stand Complexity in Planted Forests<\/a> together with the <a href=\"https:\/\/www.iufro.org\/divisions\/10000-silviculture\/10300-short-rotation-forestry\" target=\"_blank\" rel=\"noreferrer noopener\">IUFRO Research Unit \u2013 1.03.00 \u2013 Short-Rotation Forestry (SRF)<\/a><\/em><\/strong><\/p>\n\n\n\n<div class=\"wp-block-columns is-layout-flex wp-container-core-columns-is-layout-9d6595d7 wp-block-columns-is-layout-flex\">\n<div class=\"wp-block-column is-layout-flow wp-block-column-is-layout-flow\"><div class=\"wp-block-image\">\n<figure class=\"aligncenter size-large is-resized\"><a href=\"https:\/\/www.iufro.org\/\" target=\"_blank\" rel=\"noreferrer noopener\"><img decoding=\"async\" width=\"1024\" height=\"355\" src=\"https:\/\/www.plantedforests.org\/wp-content\/uploads\/2022\/02\/iufro-claim_150dpi_a-1024x355.jpg\" alt=\"\" class=\"wp-image-5659\" style=\"width:312px;height:108px\" srcset=\"https:\/\/www.plantedforests.org\/wp-content\/uploads\/2022\/02\/iufro-claim_150dpi_a-1024x355.jpg 1024w, https:\/\/www.plantedforests.org\/wp-content\/uploads\/2022\/02\/iufro-claim_150dpi_a-300x104.jpg 300w, https:\/\/www.plantedforests.org\/wp-content\/uploads\/2022\/02\/iufro-claim_150dpi_a-150x52.jpg 150w, https:\/\/www.plantedforests.org\/wp-content\/uploads\/2022\/02\/iufro-claim_150dpi_a-768x266.jpg 768w, https:\/\/www.plantedforests.org\/wp-content\/uploads\/2022\/02\/iufro-claim_150dpi_a.jpg 1142w\" sizes=\"(max-width: 1024px) 100vw, 1024px\" \/><\/a><\/figure>\n<\/div><\/div>\n<\/div>\n\n\n\n<hr class=\"wp-block-separator has-alpha-channel-opacity is-style-wide\"\/>\n\n\n\n<p class=\"has-text-align-center has-black-color has-text-color has-medium-font-size\"><strong>Main sponsors of IEFC<\/strong><br><a href=\"https:\/\/www.google.com\/url?sa=t&amp;rct=j&amp;q=&amp;esrc=s&amp;source=web&amp;cd=&amp;ved=2ahUKEwiEs6eluNj6AhWXSfEDHSmEAIkQFnoECBQQAQ&amp;url=https%3A%2F%2Fwww.nouvelle-aquitaine.fr%2F&amp;usg=AOvVaw3ZeeWt52gQiiv0gl17635U\" target=\"_blank\" rel=\"noreferrer noopener\">R\u00e9gion Nouvelle Aquitaine France<\/a>, <a href=\"https:\/\/www.euskadi.eus\/gobierno-vasco\/inicio\/\" target=\"_blank\" rel=\"noreferrer noopener\">Gobierno Vasco Spain<\/a>, <a href=\"https:\/\/www.forestresearch.gov.uk\/\" target=\"_blank\" rel=\"noreferrer noopener\">Forest Research <\/a><\/p>\n\n\n\n<figure class=\"wp-block-image size-large\"><img loading=\"lazy\" decoding=\"async\" width=\"1024\" height=\"183\" src=\"https:\/\/www.plantedforests.org\/wp-content\/uploads\/2022\/10\/Webinar-Replay-1024x183.png\" alt=\"\" class=\"wp-image-7367\" srcset=\"https:\/\/www.plantedforests.org\/wp-content\/uploads\/2022\/10\/Webinar-Replay-1024x183.png 1024w, https:\/\/www.plantedforests.org\/wp-content\/uploads\/2022\/10\/Webinar-Replay-300x54.png 300w, https:\/\/www.plantedforests.org\/wp-content\/uploads\/2022\/10\/Webinar-Replay-150x27.png 150w, https:\/\/www.plantedforests.org\/wp-content\/uploads\/2022\/10\/Webinar-Replay-768x137.png 768w, https:\/\/www.plantedforests.org\/wp-content\/uploads\/2022\/10\/Webinar-Replay-1536x274.png 1536w, https:\/\/www.plantedforests.org\/wp-content\/uploads\/2022\/10\/Webinar-Replay-2048x366.png 2048w, https:\/\/www.plantedforests.org\/wp-content\/uploads\/2022\/10\/Webinar-Replay-1320x236.png 1320w\" sizes=\"(max-width: 1024px) 100vw, 1024px\" \/><\/figure>\n","protected":false},"excerpt":{"rendered":"<p>The first webinar organised by IEFC and the new task force on Stand Complexity in Planted Forests together with the IUFRO Research Unit \u2013 1.03.00 \u2013 Short-Rotation Forestry (SRF). This [&hellip;]<\/p>\n","protected":false},"author":101,"featured_media":0,"parent":7809,"menu_order":0,"comment_status":"closed","ping_status":"closed","template":"","meta":{"_acf_changed":false,"_eb_attr":"","_EventAllDay":false,"_EventTimezone":"","_EventStartDate":"","_EventEndDate":"","_EventStartDateUTC":"","_EventEndDateUTC":"","_EventShowMap":false,"_EventShowMapLink":false,"_EventURL":"","_EventCost":"","_EventCostDescription":"","_EventCurrencySymbol":"","_EventCurrencyCode":"","_EventCurrencyPosition":"","_EventDateTimeSeparator":"","_EventTimeRangeSeparator":"","_EventOrganizerID":[],"_EventVenueID":[],"_OrganizerEmail":"","_OrganizerPhone":"","_OrganizerWebsite":"","_VenueAddress":"","_VenueCity":"","_VenueCountry":"","_VenueProvince":"","_VenueState":"","_VenueZip":"","_VenuePhone":"","_VenueURL":"","_VenueStateProvince":"","_VenueLat":"","_VenueLng":"","_VenueShowMap":false,"_VenueShowMapLink":false,"activitypub_content_warning":"","activitypub_content_visibility":"","activitypub_max_image_attachments":4,"activitypub_interaction_policy_quote":"anyone","activitypub_status":"federated","footnotes":""},"class_list":["post-23638","page","type-page","status-publish","hentry"],"translation":{"provider":"WPGlobus","version":"3.0.2","language":"pt","enabled_languages":["gb","fr","es","pt"],"languages":{"gb":{"title":true,"content":true,"excerpt":false},"fr":{"title":false,"content":false,"excerpt":false},"es":{"title":false,"content":false,"excerpt":false},"pt":{"title":false,"content":false,"excerpt":false}}},"acf":[],"yoast_head":"<!-- This site is optimized with the Yoast SEO plugin v27.4 - https:\/\/yoast.com\/product\/yoast-seo-wordpress\/ -->\n<title>[22.05.2025] \u2013 Genetic Resources and Short-Rotation Forestry Complexity - Instituto Europeu De Floresta Plantada - IEFC<\/title>\n<meta name=\"robots\" content=\"index, follow, max-snippet:-1, max-image-preview:large, max-video-preview:-1\" \/>\n<link rel=\"canonical\" href=\"https:\/\/www.plantedforests.org\/webinars-replays\/22-05-2025-genetic-resources-and-short-rotation-forestry-complexity\/\" \/>\n<meta property=\"og:locale\" content=\"pt_PT\" \/>\n<meta property=\"og:type\" content=\"article\" \/>\n<meta property=\"og:title\" content=\"[22.05.2025] \u2013 Genetic Resources and Short-Rotation Forestry Complexity - Instituto Europeu De Floresta Plantada - IEFC\" \/>\n<meta property=\"og:url\" content=\"https:\/\/www.plantedforests.org\/webinars-replays\/22-05-2025-genetic-resources-and-short-rotation-forestry-complexity\/\" \/>\n<meta property=\"og:site_name\" content=\"Instituto Europeu De Floresta Plantada - IEFC\" \/>\n<meta property=\"article:modified_time\" content=\"2025-05-28T08:42:07+00:00\" \/>\n<meta property=\"og:image\" content=\"https:\/\/www.plantedforests.org\/wp-content\/uploads\/2025\/05\/LTAPF-Genetic-Resources-and-Short-Rotation-Forestry-Complexity-replay-1024x183.jpg\" \/>\n<meta name=\"twitter:card\" content=\"summary_large_image\" \/>\n<meta name=\"twitter:site\" content=\"@IEFCPlantForest\" \/>\n<meta name=\"twitter:label1\" content=\"Tempo estimado de leitura\" \/>\n\t<meta name=\"twitter:data1\" content=\"2 minutos\" \/>\n<script type=\"application\/ld+json\" class=\"yoast-schema-graph\">{\"@context\":\"https:\\\/\\\/schema.org\",\"@graph\":[{\"@type\":\"WebPage\",\"@id\":\"https:\\\/\\\/www.plantedforests.org\\\/webinars-replays\\\/22-05-2025-genetic-resources-and-short-rotation-forestry-complexity\\\/\",\"url\":\"https:\\\/\\\/www.plantedforests.org\\\/webinars-replays\\\/22-05-2025-genetic-resources-and-short-rotation-forestry-complexity\\\/\",\"name\":\"[22.05.2025] \u2013 Genetic Resources and Short-Rotation Forestry Complexity - Instituto Europeu De Floresta Plantada - IEFC\",\"isPartOf\":{\"@id\":\"https:\\\/\\\/www.plantedforests.org\\\/fr\\\/#website\"},\"primaryImageOfPage\":{\"@id\":\"https:\\\/\\\/www.plantedforests.org\\\/webinars-replays\\\/22-05-2025-genetic-resources-and-short-rotation-forestry-complexity\\\/#primaryimage\"},\"image\":{\"@id\":\"https:\\\/\\\/www.plantedforests.org\\\/webinars-replays\\\/22-05-2025-genetic-resources-and-short-rotation-forestry-complexity\\\/#primaryimage\"},\"thumbnailUrl\":\"https:\\\/\\\/www.plantedforests.org\\\/wp-content\\\/uploads\\\/2025\\\/05\\\/LTAPF-Genetic-Resources-and-Short-Rotation-Forestry-Complexity-replay-1024x183.jpg\",\"datePublished\":\"2025-05-27T09:50:38+00:00\",\"dateModified\":\"2025-05-28T08:42:07+00:00\",\"breadcrumb\":{\"@id\":\"https:\\\/\\\/www.plantedforests.org\\\/webinars-replays\\\/22-05-2025-genetic-resources-and-short-rotation-forestry-complexity\\\/#breadcrumb\"},\"inLanguage\":\"pt-PT\",\"potentialAction\":[{\"@type\":\"ReadAction\",\"target\":[\"https:\\\/\\\/www.plantedforests.org\\\/webinars-replays\\\/22-05-2025-genetic-resources-and-short-rotation-forestry-complexity\\\/\"]}]},{\"@type\":\"ImageObject\",\"inLanguage\":\"pt-PT\",\"@id\":\"https:\\\/\\\/www.plantedforests.org\\\/webinars-replays\\\/22-05-2025-genetic-resources-and-short-rotation-forestry-complexity\\\/#primaryimage\",\"url\":\"https:\\\/\\\/www.plantedforests.org\\\/wp-content\\\/uploads\\\/2025\\\/05\\\/LTAPF-Genetic-Resources-and-Short-Rotation-Forestry-Complexity-replay-1024x183.jpg\",\"contentUrl\":\"https:\\\/\\\/www.plantedforests.org\\\/wp-content\\\/uploads\\\/2025\\\/05\\\/LTAPF-Genetic-Resources-and-Short-Rotation-Forestry-Complexity-replay-1024x183.jpg\"},{\"@type\":\"BreadcrumbList\",\"@id\":\"https:\\\/\\\/www.plantedforests.org\\\/webinars-replays\\\/22-05-2025-genetic-resources-and-short-rotation-forestry-complexity\\\/#breadcrumb\",\"itemListElement\":[{\"@type\":\"ListItem\",\"position\":1,\"name\":\"Accueil\",\"item\":\"https:\\\/\\\/www.plantedforests.org\\\/\"},{\"@type\":\"ListItem\",\"position\":2,\"name\":\"Webinars Replays\",\"item\":\"https:\\\/\\\/www.plantedforests.org\\\/webinars-replays\\\/\"},{\"@type\":\"ListItem\",\"position\":3,\"name\":\"[22.05.2025] \u2013 Genetic Resources and Short-Rotation Forestry Complexity\"}]},{\"@type\":\"WebSite\",\"@id\":\"https:\\\/\\\/www.plantedforests.org\\\/fr\\\/#website\",\"url\":\"https:\\\/\\\/www.plantedforests.org\\\/fr\\\/\",\"name\":\"Instituto Europeu De Floresta Plantada - IEFC\",\"description\":\"A rede IEFC para a gest\u00e3o sustent\u00e1vel e resili\u00eancia das florestas cultivadas\",\"publisher\":{\"@id\":\"https:\\\/\\\/www.plantedforests.org\\\/fr\\\/#organization\"},\"potentialAction\":[{\"@type\":\"SearchAction\",\"target\":{\"@type\":\"EntryPoint\",\"urlTemplate\":\"https:\\\/\\\/www.plantedforests.org\\\/fr\\\/?s={search_term_string}\"},\"query-input\":{\"@type\":\"PropertyValueSpecification\",\"valueRequired\":true,\"valueName\":\"search_term_string\"}}],\"inLanguage\":\"pt-PT\"},{\"@type\":\"Organization\",\"@id\":\"https:\\\/\\\/www.plantedforests.org\\\/fr\\\/#organization\",\"name\":\"Institut Europ\u00e9en de la For\u00eat Cultiv\u00e9e - Plantedforests.org\",\"url\":\"https:\\\/\\\/www.plantedforests.org\\\/fr\\\/\",\"logo\":{\"@type\":\"ImageObject\",\"inLanguage\":\"pt-PT\",\"@id\":\"https:\\\/\\\/www.plantedforests.org\\\/fr\\\/#\\\/schema\\\/logo\\\/image\\\/\",\"url\":\"https:\\\/\\\/www.plantedforests.org\\\/wp-content\\\/uploads\\\/2022\\\/07\\\/Logo_iefc__FR.png\",\"contentUrl\":\"https:\\\/\\\/www.plantedforests.org\\\/wp-content\\\/uploads\\\/2022\\\/07\\\/Logo_iefc__FR.png\",\"width\":2031,\"height\":1001,\"caption\":\"Institut Europ\u00e9en de la For\u00eat Cultiv\u00e9e - Plantedforests.org\"},\"image\":{\"@id\":\"https:\\\/\\\/www.plantedforests.org\\\/fr\\\/#\\\/schema\\\/logo\\\/image\\\/\"},\"sameAs\":[\"https:\\\/\\\/x.com\\\/IEFCPlantForest\",\"https:\\\/\\\/www.linkedin.com\\\/company\\\/71728047\\\/\"]}]}<\/script>\n<!-- \/ Yoast SEO plugin. -->","yoast_head_json":{"title":"[22.05.2025] \u2013 Genetic Resources and Short-Rotation Forestry Complexity - Instituto Europeu De Floresta Plantada - IEFC","robots":{"index":"index","follow":"follow","max-snippet":"max-snippet:-1","max-image-preview":"max-image-preview:large","max-video-preview":"max-video-preview:-1"},"canonical":"https:\/\/www.plantedforests.org\/webinars-replays\/22-05-2025-genetic-resources-and-short-rotation-forestry-complexity\/","og_locale":"pt_PT","og_type":"article","og_title":"[22.05.2025] \u2013 Genetic Resources and Short-Rotation Forestry Complexity - Instituto Europeu De Floresta Plantada - IEFC","og_url":"https:\/\/www.plantedforests.org\/webinars-replays\/22-05-2025-genetic-resources-and-short-rotation-forestry-complexity\/","og_site_name":"Instituto Europeu De Floresta Plantada - IEFC","article_modified_time":"2025-05-28T08:42:07+00:00","og_image":[{"url":"https:\/\/www.plantedforests.org\/wp-content\/uploads\/2025\/05\/LTAPF-Genetic-Resources-and-Short-Rotation-Forestry-Complexity-replay-1024x183.jpg","type":"","width":"","height":""}],"twitter_card":"summary_large_image","twitter_site":"@IEFCPlantForest","twitter_misc":{"Tempo estimado de leitura":"2 minutos"},"schema":{"@context":"https:\/\/schema.org","@graph":[{"@type":"WebPage","@id":"https:\/\/www.plantedforests.org\/webinars-replays\/22-05-2025-genetic-resources-and-short-rotation-forestry-complexity\/","url":"https:\/\/www.plantedforests.org\/webinars-replays\/22-05-2025-genetic-resources-and-short-rotation-forestry-complexity\/","name":"[22.05.2025] \u2013 Genetic Resources and Short-Rotation Forestry Complexity - Instituto Europeu De Floresta Plantada - IEFC","isPartOf":{"@id":"https:\/\/www.plantedforests.org\/fr\/#website"},"primaryImageOfPage":{"@id":"https:\/\/www.plantedforests.org\/webinars-replays\/22-05-2025-genetic-resources-and-short-rotation-forestry-complexity\/#primaryimage"},"image":{"@id":"https:\/\/www.plantedforests.org\/webinars-replays\/22-05-2025-genetic-resources-and-short-rotation-forestry-complexity\/#primaryimage"},"thumbnailUrl":"https:\/\/www.plantedforests.org\/wp-content\/uploads\/2025\/05\/LTAPF-Genetic-Resources-and-Short-Rotation-Forestry-Complexity-replay-1024x183.jpg","datePublished":"2025-05-27T09:50:38+00:00","dateModified":"2025-05-28T08:42:07+00:00","breadcrumb":{"@id":"https:\/\/www.plantedforests.org\/webinars-replays\/22-05-2025-genetic-resources-and-short-rotation-forestry-complexity\/#breadcrumb"},"inLanguage":"pt-PT","potentialAction":[{"@type":"ReadAction","target":["https:\/\/www.plantedforests.org\/webinars-replays\/22-05-2025-genetic-resources-and-short-rotation-forestry-complexity\/"]}]},{"@type":"ImageObject","inLanguage":"pt-PT","@id":"https:\/\/www.plantedforests.org\/webinars-replays\/22-05-2025-genetic-resources-and-short-rotation-forestry-complexity\/#primaryimage","url":"https:\/\/www.plantedforests.org\/wp-content\/uploads\/2025\/05\/LTAPF-Genetic-Resources-and-Short-Rotation-Forestry-Complexity-replay-1024x183.jpg","contentUrl":"https:\/\/www.plantedforests.org\/wp-content\/uploads\/2025\/05\/LTAPF-Genetic-Resources-and-Short-Rotation-Forestry-Complexity-replay-1024x183.jpg"},{"@type":"BreadcrumbList","@id":"https:\/\/www.plantedforests.org\/webinars-replays\/22-05-2025-genetic-resources-and-short-rotation-forestry-complexity\/#breadcrumb","itemListElement":[{"@type":"ListItem","position":1,"name":"Accueil","item":"https:\/\/www.plantedforests.org\/"},{"@type":"ListItem","position":2,"name":"Webinars Replays","item":"https:\/\/www.plantedforests.org\/webinars-replays\/"},{"@type":"ListItem","position":3,"name":"[22.05.2025] \u2013 Genetic Resources and Short-Rotation Forestry Complexity"}]},{"@type":"WebSite","@id":"https:\/\/www.plantedforests.org\/fr\/#website","url":"https:\/\/www.plantedforests.org\/fr\/","name":"Instituto Europeu De Floresta Plantada - IEFC","description":"A rede IEFC para a gest\u00e3o sustent\u00e1vel e resili\u00eancia das florestas cultivadas","publisher":{"@id":"https:\/\/www.plantedforests.org\/fr\/#organization"},"potentialAction":[{"@type":"SearchAction","target":{"@type":"EntryPoint","urlTemplate":"https:\/\/www.plantedforests.org\/fr\/?s={search_term_string}"},"query-input":{"@type":"PropertyValueSpecification","valueRequired":true,"valueName":"search_term_string"}}],"inLanguage":"pt-PT"},{"@type":"Organization","@id":"https:\/\/www.plantedforests.org\/fr\/#organization","name":"Institut Europ\u00e9en de la For\u00eat Cultiv\u00e9e - Plantedforests.org","url":"https:\/\/www.plantedforests.org\/fr\/","logo":{"@type":"ImageObject","inLanguage":"pt-PT","@id":"https:\/\/www.plantedforests.org\/fr\/#\/schema\/logo\/image\/","url":"https:\/\/www.plantedforests.org\/wp-content\/uploads\/2022\/07\/Logo_iefc__FR.png","contentUrl":"https:\/\/www.plantedforests.org\/wp-content\/uploads\/2022\/07\/Logo_iefc__FR.png","width":2031,"height":1001,"caption":"Institut Europ\u00e9en de la For\u00eat Cultiv\u00e9e - Plantedforests.org"},"image":{"@id":"https:\/\/www.plantedforests.org\/fr\/#\/schema\/logo\/image\/"},"sameAs":["https:\/\/x.com\/IEFCPlantForest","https:\/\/www.linkedin.com\/company\/71728047\/"]}]}},"_links":{"self":[{"href":"https:\/\/www.plantedforests.org\/pt\/wp-json\/wp\/v2\/pages\/23638","targetHints":{"allow":["GET"]}}],"collection":[{"href":"https:\/\/www.plantedforests.org\/pt\/wp-json\/wp\/v2\/pages"}],"about":[{"href":"https:\/\/www.plantedforests.org\/pt\/wp-json\/wp\/v2\/types\/page"}],"author":[{"embeddable":true,"href":"https:\/\/www.plantedforests.org\/pt\/wp-json\/wp\/v2\/users\/101"}],"replies":[{"embeddable":true,"href":"https:\/\/www.plantedforests.org\/pt\/wp-json\/wp\/v2\/comments?post=23638"}],"version-history":[{"count":19,"href":"https:\/\/www.plantedforests.org\/pt\/wp-json\/wp\/v2\/pages\/23638\/revisions"}],"predecessor-version":[{"id":23793,"href":"https:\/\/www.plantedforests.org\/pt\/wp-json\/wp\/v2\/pages\/23638\/revisions\/23793"}],"up":[{"embeddable":true,"href":"https:\/\/www.plantedforests.org\/pt\/wp-json\/wp\/v2\/pages\/7809"}],"wp:attachment":[{"href":"https:\/\/www.plantedforests.org\/pt\/wp-json\/wp\/v2\/media?parent=23638"}],"curies":[{"name":"wp","href":"https:\/\/api.w.org\/{rel}","templated":true}]}}