
{"id":20521,"date":"2024-10-23T14:27:31","date_gmt":"2024-10-23T12:27:31","guid":{"rendered":"https:\/\/www.plantedforests.org\/?page_id=20521"},"modified":"2024-10-28T11:44:19","modified_gmt":"2024-10-28T10:44:19","slug":"efi-research-network-on-planted-forests","status":"publish","type":"page","link":"https:\/\/www.plantedforests.org\/pt\/efi-research-network-on-planted-forests\/","title":{"rendered":"EFI Research Network on Planted Forests"},"content":{"rendered":"\t\t<div data-elementor-type=\"wp-page\" data-elementor-id=\"20521\" class=\"elementor elementor-20521\" data-elementor-post-type=\"page\">\n\t\t\t\t<div class=\"elementor-element elementor-element-b315a8c e-flex e-con-boxed e-con e-parent\" data-id=\"b315a8c\" data-element_type=\"container\" data-e-type=\"container\">\n\t\t\t\t\t<div class=\"e-con-inner\">\n\t\t\t\t<div class=\"elementor-element elementor-element-68782ff elementor-widget elementor-widget-text-editor\" data-id=\"68782ff\" data-element_type=\"widget\" data-e-type=\"widget\" data-widget_type=\"text-editor.default\">\n\t\t\t\t<div class=\"elementor-widget-container\">\n\t\t\t\t\t\t\t\t\t<p>IEFC aims to promote, facilitate and improve the future resilience and sustainability of planted forests in Europe. Our mission is to use a bottom-up approach through collaboration driven by planted forest owners and practitioners and linking researchers and educators to Promote, Facilitate, Improve, Coordinate and Disseminate solutions to aid forest owners and practitioners to manage and ensure Sustainable Management of Planted Forests in Europe.<\/p><p>Being an EFI research network acknowledge mutual cooperation on planted forests issues. A common agenda is set up on a yearly basis to define actions in line with the strategic objectives of both organisations to make synergies on some of the networking and policy making actions.<\/p>\t\t\t\t\t\t\t\t<\/div>\n\t\t\t\t<\/div>\n\t\t\t\t\t<\/div>\n\t\t\t\t<\/div>\n\t\t<div class=\"elementor-element elementor-element-8d3cb8d e-flex e-con-boxed e-con e-parent\" data-id=\"8d3cb8d\" data-element_type=\"container\" data-e-type=\"container\">\n\t\t\t\t\t<div class=\"e-con-inner\">\n\t\t\t\t<div class=\"elementor-element elementor-element-560df69 elementor-widget elementor-widget-text-editor\" data-id=\"560df69\" data-element_type=\"widget\" data-e-type=\"widget\" data-widget_type=\"text-editor.default\">\n\t\t\t\t<div class=\"elementor-widget-container\">\n\t\t\t\t\t\t\t\t\t<p><strong><u>IEFC events on behalf of the EFI Research Network <\/u><\/strong><\/p><p>The activities done on behalf of the EFI research network since 2020 are the following:<\/p><p><strong>Policy briefs: <\/strong><\/p><ul><li><a href=\"https:\/\/b4est.eu\/policy-briefs\" target=\"_blank\" rel=\"noopener\">How can forest tree breeding contributes to EU policies?<\/a><\/li><\/ul><p><strong>Events:<\/strong><\/p><ul><li>5th International Congress on Planted Forests, <a href=\"https:\/\/www.plantedforests.org\/icpf-2023\/\" target=\"_blank\" rel=\"noopener\">planted forests, an essential nature-based solution to meet growing needs in wood products, restore forest ecosystems, and mitigate climate change<\/a>, <strong>November 2023<\/strong><\/li><li>International Conference, <a href=\"https:\/\/b4est.eu\/b4est-conference\" target=\"_blank\" rel=\"noopener\">Managing Forest Genetic Resources (FGR) for an Uncertain Future<\/a>,<strong> June 2022<\/strong><\/li><li><a href=\"https:\/\/www.sust-forest.eu\/es\/evento\/conferencia-final-del-proyecto-sustforest-plus\" target=\"_blank\" rel=\"noopener\">La resina natural europea, una materia prima con futuro<\/a>, <strong>November 2021<\/strong><\/li><\/ul><p><strong>Poster:<\/strong><\/p><ul><li>Market evolution and <a href=\"https:\/\/www.plantedforests.org\/multiple-use-of-pine-resin-2\/\">products map of the European resins industry<\/a><\/li><\/ul><p><strong>Numerical Infrastructures:<\/strong><\/p><ul><li><a href=\"https:\/\/homed-project.eu\/\" target=\"_blank\" rel=\"noopener\">Toolbox for early detection handbook<\/a> (October 2022)<\/li><\/ul><p><strong>Factsheet on planted forest<\/strong> (connected to <a href=\"https:\/\/efi.int\/forestquestions\" target=\"_blank\" rel=\"noopener\">https:\/\/efi.int\/forestquestions<\/a>) \u2013 <em>in preparation<\/em><\/p><p><strong>Webinars:<\/strong><\/p><ul><li><a href=\"https:\/\/www.plantedforests.org\/iefc-webinars-replays-lets-talk-about-planted-forests\/\">Let\u2019s talk about planted forest <\/a><strong><u>(2022-2024)<\/u><\/strong><\/li><\/ul>\t\t\t\t\t\t\t\t<\/div>\n\t\t\t\t<\/div>\n\t\t\t\t\t<\/div>\n\t\t\t\t<\/div>\n\t\t\t\t<\/div>\n\t\t","protected":false},"excerpt":{"rendered":"<p>IEFC aims to promote, facilitate and improve the future resilience and sustainability of planted forests in Europe. Our mission is to use a bottom-up approach through collaboration driven by planted [&hellip;]<\/p>\n","protected":false},"author":101,"featured_media":0,"parent":0,"menu_order":0,"comment_status":"closed","ping_status":"closed","template":"","meta":{"_acf_changed":false,"_eb_attr":"","_EventAllDay":false,"_EventTimezone":"","_EventStartDate":"","_EventEndDate":"","_EventStartDateUTC":"","_EventEndDateUTC":"","_EventShowMap":false,"_EventShowMapLink":false,"_EventURL":"","_EventCost":"","_EventCostDescription":"","_EventCurrencySymbol":"","_EventCurrencyCode":"","_EventCurrencyPosition":"","_EventDateTimeSeparator":"","_EventTimeRangeSeparator":"","_EventOrganizerID":[],"_EventVenueID":[],"_OrganizerEmail":"","_OrganizerPhone":"","_OrganizerWebsite":"","_VenueAddress":"","_VenueCity":"","_VenueCountry":"","_VenueProvince":"","_VenueState":"","_VenueZip":"","_VenuePhone":"","_VenueURL":"","_VenueStateProvince":"","_VenueLat":"","_VenueLng":"","_VenueShowMap":false,"_VenueShowMapLink":false,"activitypub_content_warning":"","activitypub_content_visibility":"","activitypub_max_image_attachments":4,"activitypub_interaction_policy_quote":"anyone","activitypub_status":"","footnotes":""},"class_list":["post-20521","page","type-page","status-publish","hentry"],"translation":{"provider":"WPGlobus","version":"3.0.2","language":"pt","enabled_languages":["gb","fr","es","pt"],"languages":{"gb":{"title":true,"content":true,"excerpt":false},"fr":{"title":false,"content":false,"excerpt":false},"es":{"title":false,"content":false,"excerpt":false},"pt":{"title":false,"content":false,"excerpt":false}}},"acf":[],"yoast_head":"<!-- This site is optimized with the Yoast SEO plugin v27.4 - https:\/\/yoast.com\/product\/yoast-seo-wordpress\/ -->\n<title>EFI Research Network on Planted Forests - Instituto Europeu De Floresta Plantada - IEFC<\/title>\n<meta name=\"robots\" content=\"index, follow, max-snippet:-1, max-image-preview:large, max-video-preview:-1\" \/>\n<link rel=\"canonical\" href=\"https:\/\/www.plantedforests.org\/efi-research-network-on-planted-forests\/\" \/>\n<meta property=\"og:locale\" content=\"pt_PT\" \/>\n<meta property=\"og:type\" content=\"article\" \/>\n<meta property=\"og:title\" content=\"EFI Research Network on Planted Forests - Instituto Europeu De Floresta Plantada - IEFC\" \/>\n<meta property=\"og:url\" content=\"https:\/\/www.plantedforests.org\/efi-research-network-on-planted-forests\/\" \/>\n<meta property=\"og:site_name\" content=\"Instituto Europeu De Floresta Plantada - IEFC\" \/>\n<meta property=\"article:modified_time\" content=\"2024-10-28T10:44:19+00:00\" \/>\n<meta name=\"twitter:card\" content=\"summary_large_image\" \/>\n<meta name=\"twitter:site\" content=\"@IEFCPlantForest\" \/>\n<meta name=\"twitter:label1\" content=\"Tempo estimado de leitura\" \/>\n\t<meta name=\"twitter:data1\" content=\"2 minutos\" \/>\n<script type=\"application\/ld+json\" class=\"yoast-schema-graph\">{\"@context\":\"https:\\\/\\\/schema.org\",\"@graph\":[{\"@type\":\"WebPage\",\"@id\":\"https:\\\/\\\/www.plantedforests.org\\\/efi-research-network-on-planted-forests\\\/\",\"url\":\"https:\\\/\\\/www.plantedforests.org\\\/efi-research-network-on-planted-forests\\\/\",\"name\":\"EFI Research Network on Planted Forests - Instituto Europeu De Floresta Plantada - IEFC\",\"isPartOf\":{\"@id\":\"https:\\\/\\\/www.plantedforests.org\\\/fr\\\/#website\"},\"datePublished\":\"2024-10-23T12:27:31+00:00\",\"dateModified\":\"2024-10-28T10:44:19+00:00\",\"breadcrumb\":{\"@id\":\"https:\\\/\\\/www.plantedforests.org\\\/efi-research-network-on-planted-forests\\\/#breadcrumb\"},\"inLanguage\":\"pt-PT\",\"potentialAction\":[{\"@type\":\"ReadAction\",\"target\":[\"https:\\\/\\\/www.plantedforests.org\\\/efi-research-network-on-planted-forests\\\/\"]}]},{\"@type\":\"BreadcrumbList\",\"@id\":\"https:\\\/\\\/www.plantedforests.org\\\/efi-research-network-on-planted-forests\\\/#breadcrumb\",\"itemListElement\":[{\"@type\":\"ListItem\",\"position\":1,\"name\":\"Accueil\",\"item\":\"https:\\\/\\\/www.plantedforests.org\\\/\"},{\"@type\":\"ListItem\",\"position\":2,\"name\":\"EFI Research Network on Planted Forests\"}]},{\"@type\":\"WebSite\",\"@id\":\"https:\\\/\\\/www.plantedforests.org\\\/fr\\\/#website\",\"url\":\"https:\\\/\\\/www.plantedforests.org\\\/fr\\\/\",\"name\":\"Instituto Europeu De Floresta Plantada - IEFC\",\"description\":\"A rede IEFC para a gest\u00e3o sustent\u00e1vel e resili\u00eancia das florestas cultivadas\",\"publisher\":{\"@id\":\"https:\\\/\\\/www.plantedforests.org\\\/fr\\\/#organization\"},\"potentialAction\":[{\"@type\":\"SearchAction\",\"target\":{\"@type\":\"EntryPoint\",\"urlTemplate\":\"https:\\\/\\\/www.plantedforests.org\\\/fr\\\/?s={search_term_string}\"},\"query-input\":{\"@type\":\"PropertyValueSpecification\",\"valueRequired\":true,\"valueName\":\"search_term_string\"}}],\"inLanguage\":\"pt-PT\"},{\"@type\":\"Organization\",\"@id\":\"https:\\\/\\\/www.plantedforests.org\\\/fr\\\/#organization\",\"name\":\"Institut Europ\u00e9en de la For\u00eat Cultiv\u00e9e - Plantedforests.org\",\"url\":\"https:\\\/\\\/www.plantedforests.org\\\/fr\\\/\",\"logo\":{\"@type\":\"ImageObject\",\"inLanguage\":\"pt-PT\",\"@id\":\"https:\\\/\\\/www.plantedforests.org\\\/fr\\\/#\\\/schema\\\/logo\\\/image\\\/\",\"url\":\"https:\\\/\\\/www.plantedforests.org\\\/wp-content\\\/uploads\\\/2022\\\/07\\\/Logo_iefc__FR.png\",\"contentUrl\":\"https:\\\/\\\/www.plantedforests.org\\\/wp-content\\\/uploads\\\/2022\\\/07\\\/Logo_iefc__FR.png\",\"width\":2031,\"height\":1001,\"caption\":\"Institut Europ\u00e9en de la For\u00eat Cultiv\u00e9e - Plantedforests.org\"},\"image\":{\"@id\":\"https:\\\/\\\/www.plantedforests.org\\\/fr\\\/#\\\/schema\\\/logo\\\/image\\\/\"},\"sameAs\":[\"https:\\\/\\\/x.com\\\/IEFCPlantForest\",\"https:\\\/\\\/www.linkedin.com\\\/company\\\/71728047\\\/\"]}]}<\/script>\n<!-- \/ Yoast SEO plugin. -->","yoast_head_json":{"title":"EFI Research Network on Planted Forests - Instituto Europeu De Floresta Plantada - IEFC","robots":{"index":"index","follow":"follow","max-snippet":"max-snippet:-1","max-image-preview":"max-image-preview:large","max-video-preview":"max-video-preview:-1"},"canonical":"https:\/\/www.plantedforests.org\/efi-research-network-on-planted-forests\/","og_locale":"pt_PT","og_type":"article","og_title":"EFI Research Network on Planted Forests - Instituto Europeu De Floresta Plantada - IEFC","og_url":"https:\/\/www.plantedforests.org\/efi-research-network-on-planted-forests\/","og_site_name":"Instituto Europeu De Floresta Plantada - IEFC","article_modified_time":"2024-10-28T10:44:19+00:00","twitter_card":"summary_large_image","twitter_site":"@IEFCPlantForest","twitter_misc":{"Tempo estimado de leitura":"2 minutos"},"schema":{"@context":"https:\/\/schema.org","@graph":[{"@type":"WebPage","@id":"https:\/\/www.plantedforests.org\/efi-research-network-on-planted-forests\/","url":"https:\/\/www.plantedforests.org\/efi-research-network-on-planted-forests\/","name":"EFI Research Network on Planted Forests - Instituto Europeu De Floresta Plantada - IEFC","isPartOf":{"@id":"https:\/\/www.plantedforests.org\/fr\/#website"},"datePublished":"2024-10-23T12:27:31+00:00","dateModified":"2024-10-28T10:44:19+00:00","breadcrumb":{"@id":"https:\/\/www.plantedforests.org\/efi-research-network-on-planted-forests\/#breadcrumb"},"inLanguage":"pt-PT","potentialAction":[{"@type":"ReadAction","target":["https:\/\/www.plantedforests.org\/efi-research-network-on-planted-forests\/"]}]},{"@type":"BreadcrumbList","@id":"https:\/\/www.plantedforests.org\/efi-research-network-on-planted-forests\/#breadcrumb","itemListElement":[{"@type":"ListItem","position":1,"name":"Accueil","item":"https:\/\/www.plantedforests.org\/"},{"@type":"ListItem","position":2,"name":"EFI Research Network on Planted Forests"}]},{"@type":"WebSite","@id":"https:\/\/www.plantedforests.org\/fr\/#website","url":"https:\/\/www.plantedforests.org\/fr\/","name":"Instituto Europeu De Floresta Plantada - IEFC","description":"A rede IEFC para a gest\u00e3o sustent\u00e1vel e resili\u00eancia das florestas cultivadas","publisher":{"@id":"https:\/\/www.plantedforests.org\/fr\/#organization"},"potentialAction":[{"@type":"SearchAction","target":{"@type":"EntryPoint","urlTemplate":"https:\/\/www.plantedforests.org\/fr\/?s={search_term_string}"},"query-input":{"@type":"PropertyValueSpecification","valueRequired":true,"valueName":"search_term_string"}}],"inLanguage":"pt-PT"},{"@type":"Organization","@id":"https:\/\/www.plantedforests.org\/fr\/#organization","name":"Institut Europ\u00e9en de la For\u00eat Cultiv\u00e9e - Plantedforests.org","url":"https:\/\/www.plantedforests.org\/fr\/","logo":{"@type":"ImageObject","inLanguage":"pt-PT","@id":"https:\/\/www.plantedforests.org\/fr\/#\/schema\/logo\/image\/","url":"https:\/\/www.plantedforests.org\/wp-content\/uploads\/2022\/07\/Logo_iefc__FR.png","contentUrl":"https:\/\/www.plantedforests.org\/wp-content\/uploads\/2022\/07\/Logo_iefc__FR.png","width":2031,"height":1001,"caption":"Institut Europ\u00e9en de la For\u00eat Cultiv\u00e9e - Plantedforests.org"},"image":{"@id":"https:\/\/www.plantedforests.org\/fr\/#\/schema\/logo\/image\/"},"sameAs":["https:\/\/x.com\/IEFCPlantForest","https:\/\/www.linkedin.com\/company\/71728047\/"]}]}},"_links":{"self":[{"href":"https:\/\/www.plantedforests.org\/pt\/wp-json\/wp\/v2\/pages\/20521","targetHints":{"allow":["GET"]}}],"collection":[{"href":"https:\/\/www.plantedforests.org\/pt\/wp-json\/wp\/v2\/pages"}],"about":[{"href":"https:\/\/www.plantedforests.org\/pt\/wp-json\/wp\/v2\/types\/page"}],"author":[{"embeddable":true,"href":"https:\/\/www.plantedforests.org\/pt\/wp-json\/wp\/v2\/users\/101"}],"replies":[{"embeddable":true,"href":"https:\/\/www.plantedforests.org\/pt\/wp-json\/wp\/v2\/comments?post=20521"}],"version-history":[{"count":60,"href":"https:\/\/www.plantedforests.org\/pt\/wp-json\/wp\/v2\/pages\/20521\/revisions"}],"predecessor-version":[{"id":20770,"href":"https:\/\/www.plantedforests.org\/pt\/wp-json\/wp\/v2\/pages\/20521\/revisions\/20770"}],"wp:attachment":[{"href":"https:\/\/www.plantedforests.org\/pt\/wp-json\/wp\/v2\/media?parent=20521"}],"curies":[{"name":"wp","href":"https:\/\/api.w.org\/{rel}","templated":true}]}}