
{"id":18800,"date":"2024-06-14T11:41:09","date_gmt":"2024-06-14T09:41:09","guid":{"rendered":"https:\/\/www.plantedforests.org\/?page_id=18800"},"modified":"2024-08-27T09:17:57","modified_gmt":"2024-08-27T07:17:57","slug":"presentations","status":"publish","type":"page","link":"https:\/\/www.plantedforests.org\/pt\/iefc-general-assembly-2024\/presentations\/","title":{"rendered":"IEFC Annual Meeting 2024 &#8211; Presentations"},"content":{"rendered":"\t\t<div data-elementor-type=\"wp-page\" data-elementor-id=\"18800\" class=\"elementor elementor-18800\" data-elementor-post-type=\"page\">\n\t\t\t\t<div class=\"elementor-element elementor-element-e5dd5b4 e-flex e-con-boxed e-con e-parent\" data-id=\"e5dd5b4\" data-element_type=\"container\" data-e-type=\"container\">\n\t\t\t\t\t<div class=\"e-con-inner\">\n\t\t\t\t<div class=\"elementor-element elementor-element-b6302d2 elementor-widget elementor-widget-text-editor\" data-id=\"b6302d2\" data-element_type=\"widget\" data-e-type=\"widget\" data-widget_type=\"text-editor.default\">\n\t\t\t\t<div class=\"elementor-widget-container\">\n\t\t\t\t\t\t\t\t\t<p>On this page you will find the line-up of presentations from our event in Edinburgh.<\/p><p style=\"color: #ff0000;\"><em>(Presentations available to IEFC members only)<\/em><\/p>\t\t\t\t\t\t\t\t<\/div>\n\t\t\t\t<\/div>\n\t\t\t\t\t<\/div>\n\t\t\t\t<\/div>\n\t\t<div class=\"elementor-element elementor-element-243fb57 e-flex e-con-boxed e-con e-parent\" data-id=\"243fb57\" data-element_type=\"container\" data-e-type=\"container\">\n\t\t\t\t\t<div class=\"e-con-inner\">\n\t\t\t\t<div class=\"elementor-element elementor-element-6849295 elementor-widget elementor-widget-text-editor\" data-id=\"6849295\" data-element_type=\"widget\" data-e-type=\"widget\" data-widget_type=\"text-editor.default\">\n\t\t\t\t<div class=\"elementor-widget-container\">\n\t\t\t\t\t\t\t\t\t<p><span style=\"text-decoration: underline;\"><strong><span class=\"OYPEnA text-decoration-underline text-strikethrough-none\">Let&#8217;s Talk About Planted Forest: open session<\/span><\/strong><\/span><\/p>\t\t\t\t\t\t\t\t<\/div>\n\t\t\t\t<\/div>\n\t\t\t\t\t<\/div>\n\t\t\t\t<\/div>\n\t\t<div class=\"elementor-element elementor-element-663e0c5 e-flex e-con-boxed e-con e-parent\" data-id=\"663e0c5\" data-element_type=\"container\" data-e-type=\"container\">\n\t\t\t\t\t<div class=\"e-con-inner\">\n\t\t\t\t<div class=\"elementor-element elementor-element-004437d elementor-widget elementor-widget-text-editor\" data-id=\"004437d\" data-element_type=\"widget\" data-e-type=\"widget\" data-widget_type=\"text-editor.default\">\n\t\t\t\t<div class=\"elementor-widget-container\">\n\t\t\t\t\t\t\t\t\t<p><span class=\"OYPEnA text-decoration-none text-strikethrough-none\"><a href=\"https:\/\/www.plantedforests.org\/iefc-general-assembly-2024\/presentations\/christophe-orazio-iefc\/\" target=\"_blank\" rel=\"noopener\">First results from REINFFORCE &#8211; 10 years monitoring<\/a>, <\/span><strong><span class=\"OYPEnA text-decoration-none text-strikethrough-none\">Christophe Orazio, IEFC<\/span><\/strong><\/p><p><span class=\"OYPEnA text-decoration-none text-strikethrough-none\">The role of planted forests and blended finance as part of large scale forest landscape restoration projects which have communities at their centre,<\/span> <strong><span class=\"OYPEnA text-decoration-none text-strikethrough-none\">Andrew Heald, Inovaland<\/span><\/strong><\/p><p><a href=\"https:\/\/www.plantedforests.org\/iefc-general-assembly-2024\/presentations\/herve-jactel-inrae\/\" target=\"_blank\" rel=\"noopener\"><span class=\"OYPEnA text-decoration-none text-strikethrough-none\">Applying the bocage concept to plantation landscapes<\/span><\/a><span class=\"OYPEnA text-decoration-none text-strikethrough-none\">,<\/span> <strong><span class=\"OYPEnA text-decoration-none text-strikethrough-none\">Herv\u00e9 Jactel, INRAe<\/span><\/strong><\/p><p><span class=\"OYPEnA text-decoration-none text-strikethrough-none\">Climate-smart management of planted forests in Latvia, <\/span><strong><span class=\"OYPEnA text-decoration-none text-strikethrough-none\">Dr. \u0100ris Jansons and Pauls Zelti\u0146\u0161, Latvian State Forest Research Institute \u201cSilava\u201d<\/span><\/strong><\/p><p><span class=\"OYPEnA text-decoration-none text-strikethrough-none\"><a href=\"https:\/\/www.plantedforests.org\/iefc-general-assembly-2024\/presentations\/barry-gardiner-iefc\/\" target=\"_blank\" rel=\"noopener\">An Open Database of Tree Pulling Experiments for Wind Damage Research<\/a>, <strong>Barry Gardiner, IEFC<\/strong><\/span><\/p><p><span class=\"OYPEnA text-decoration-none text-strikethrough-none\"><a href=\"https:\/\/www.plantedforests.org\/iefc-general-assembly-2024\/presentations\/tomas-sanchez-pellicer-cesefor\/\" target=\"_blank\" rel=\"noopener\">Forest management carbon projects for the European voluntary market: SMURF and Eco2for projects<\/a>, <\/span><strong><span class=\"OYPEnA text-decoration-none text-strikethrough-none\">Tom\u00e0s Sanchez Pellicer, CESEFOR<\/span><\/strong><\/p>\t\t\t\t\t\t\t\t<\/div>\n\t\t\t\t<\/div>\n\t\t\t\t\t<\/div>\n\t\t\t\t<\/div>\n\t\t<div class=\"elementor-element elementor-element-88f7788 e-flex e-con-boxed e-con e-parent\" data-id=\"88f7788\" data-element_type=\"container\" data-e-type=\"container\">\n\t\t\t\t\t<div class=\"e-con-inner\">\n\t\t\t\t<div class=\"elementor-element elementor-element-b6b3cd9 elementor-widget elementor-widget-text-editor\" data-id=\"b6b3cd9\" data-element_type=\"widget\" data-e-type=\"widget\" data-widget_type=\"text-editor.default\">\n\t\t\t\t<div class=\"elementor-widget-container\">\n\t\t\t\t\t\t\t\t\t<p><span style=\"text-decoration: underline;\"><strong><span class=\"OYPEnA text-decoration-underline text-strikethrough-none\">Reporting session<\/span><\/strong><\/span><\/p>\t\t\t\t\t\t\t\t<\/div>\n\t\t\t\t<\/div>\n\t\t\t\t\t<\/div>\n\t\t\t\t<\/div>\n\t\t<div class=\"elementor-element elementor-element-98c0415 e-flex e-con-boxed e-con e-parent\" data-id=\"98c0415\" data-element_type=\"container\" data-e-type=\"container\">\n\t\t\t\t\t<div class=\"e-con-inner\">\n\t\t\t\t<div class=\"elementor-element elementor-element-5af9e58 elementor-widget elementor-widget-text-editor\" data-id=\"5af9e58\" data-element_type=\"widget\" data-e-type=\"widget\" data-widget_type=\"text-editor.default\">\n\t\t\t\t<div class=\"elementor-widget-container\">\n\t\t\t\t\t\t\t\t\t<p><span class=\"OYPEnA text-decoration-none text-strikethrough-none\"><a href=\"https:\/\/www.plantedforests.org\/iefc-general-assembly-2024\/presentations\/reporting-session-armand-clopeau\/\" target=\"_blank\" rel=\"noopener\">Presentation of WOODRISE initiave<\/a> by <\/span><strong><span class=\"OYPEnA text-decoration-none text-strikethrough-none\">Armand Clopeau<\/span><\/strong><\/p><p><span class=\"OYPEnA text-decoration-none text-strikethrough-none\"><a href=\"https:\/\/www.plantedforests.org\/iefc-general-assembly-2024\/presentations\/reporting-session-richard-whittet\/\" target=\"_blank\" rel=\"noopener\">Forest Genetics in France<\/a> by <\/span><strong><span class=\"OYPEnA text-decoration-none text-strikethrough-none\">Richard Whittet<\/span><\/strong><\/p><p><a href=\"https:\/\/www.plantedforests.org\/iefc-annual-meeting-isa-neiker\/\"><span class=\"OYPEnA text-decoration-none text-strikethrough-none\">Presentation of ISA_NEIKER network fund activity around REINFFORCE.<\/span><\/a><\/p>\t\t\t\t\t\t\t\t<\/div>\n\t\t\t\t<\/div>\n\t\t\t\t\t<\/div>\n\t\t\t\t<\/div>\n\t\t<div class=\"elementor-element elementor-element-ecedc32 e-flex e-con-boxed e-con e-parent\" data-id=\"ecedc32\" data-element_type=\"container\" data-e-type=\"container\">\n\t\t\t\t\t<div class=\"e-con-inner\">\n\t\t\t\t<div class=\"elementor-element elementor-element-c41fdcf elementor-widget elementor-widget-text-editor\" data-id=\"c41fdcf\" data-element_type=\"widget\" data-e-type=\"widget\" data-widget_type=\"text-editor.default\">\n\t\t\t\t<div class=\"elementor-widget-container\">\n\t\t\t\t\t\t\t\t\t<p><strong><span style=\"text-decoration: underline;\"><span class=\"OYPEnA text-decoration-none text-strikethrough-none\">Interactive session &#8211; Fostering networking<\/span><\/span><\/strong><\/p>\t\t\t\t\t\t\t\t<\/div>\n\t\t\t\t<\/div>\n\t\t\t\t\t<\/div>\n\t\t\t\t<\/div>\n\t\t<div class=\"elementor-element elementor-element-815d50a e-flex e-con-boxed e-con e-parent\" data-id=\"815d50a\" data-element_type=\"container\" data-e-type=\"container\">\n\t\t\t\t\t<div class=\"e-con-inner\">\n\t\t\t\t<div class=\"elementor-element elementor-element-aeb1095 elementor-widget elementor-widget-text-editor\" data-id=\"aeb1095\" data-element_type=\"widget\" data-e-type=\"widget\" data-widget_type=\"text-editor.default\">\n\t\t\t\t<div class=\"elementor-widget-container\">\n\t\t\t\t\t\t\t\t\t<p><span class=\"OYPEnA text-decoration-none text-strikethrough-none\"><a href=\"https:\/\/www.plantedforests.org\/iefc-general-assembly-2024\/presentations\/nicolas-picard-gip-ecofor\/\" target=\"_blank\" rel=\"noopener\">Presentation of foret partnership tool from EU<\/a> &#8211;<\/span><strong><span class=\"OYPEnA text-decoration-none text-strikethrough-none\"> Nicolas Picard<\/span><span class=\"OYPEnA text-decoration-none text-strikethrough-none\"> &#8211; GIP ECOFOR<\/span><\/strong><\/p><p><a href=\"https:\/\/www.plantedforests.org\/iefc-general-assembly-2024\/presentations\/ander-arias-gonzalez-neiker\/\" target=\"_blank\" rel=\"noopener\"><span class=\"OYPEnA text-decoration-none text-strikethrough-none\">Creation of a forest health observatory for the Atlantic Rim in Europe. <\/span><\/a><strong><span class=\"OYPEnA text-decoration-none text-strikethrough-none\">Ander Arias Gonzalez<\/span><span class=\"OYPEnA text-decoration-none text-strikethrough-none\">, NEIKER<\/span><\/strong><\/p>\t\t\t\t\t\t\t\t<\/div>\n\t\t\t\t<\/div>\n\t\t\t\t\t<\/div>\n\t\t\t\t<\/div>\n\t\t<div class=\"elementor-element elementor-element-4e0ad72 e-flex e-con-boxed e-con e-parent\" data-id=\"4e0ad72\" data-element_type=\"container\" data-e-type=\"container\">\n\t\t\t\t\t<div class=\"e-con-inner\">\n\t\t\t\t<div class=\"elementor-element elementor-element-8834cdf elementor-widget elementor-widget-text-editor\" data-id=\"8834cdf\" data-element_type=\"widget\" data-e-type=\"widget\" data-widget_type=\"text-editor.default\">\n\t\t\t\t<div class=\"elementor-widget-container\">\n\t\t\t\t\t\t\t\t\t<p><span style=\"text-decoration: underline;\"><strong>Other presentations<\/strong><\/span><\/p><p><span class=\"OYPEnA text-decoration-none text-strikethrough-none\"><a href=\"https:\/\/www.plantedforests.org\/iefc-general-assembly-2024\/presentations\/victoria-stokesforest-research\/\" target=\"_blank\" rel=\"noopener\">Using forest development types to help managers diversify forests<\/a>, <\/span><strong><span class=\"OYPEnA text-decoration-none text-strikethrough-none\">Victoria Stokes, Forest Research<\/span><\/strong><\/p>\t\t\t\t\t\t\t\t<\/div>\n\t\t\t\t<\/div>\n\t\t\t\t\t<\/div>\n\t\t\t\t<\/div>\n\t\t\t\t<\/div>\n\t\t","protected":false},"excerpt":{"rendered":"<p>On this page you will find the line-up of presentations from our event in Edinburgh. (Presentations available to IEFC members only) Let&#8217;s Talk About Planted Forest: open session First results [&hellip;]<\/p>\n","protected":false},"author":101,"featured_media":0,"parent":15718,"menu_order":0,"comment_status":"closed","ping_status":"closed","template":"","meta":{"_acf_changed":false,"_eb_attr":"","_EventAllDay":false,"_EventTimezone":"","_EventStartDate":"","_EventEndDate":"","_EventStartDateUTC":"","_EventEndDateUTC":"","_EventShowMap":false,"_EventShowMapLink":false,"_EventURL":"","_EventCost":"","_EventCostDescription":"","_EventCurrencySymbol":"","_EventCurrencyCode":"","_EventCurrencyPosition":"","_EventDateTimeSeparator":"","_EventTimeRangeSeparator":"","_EventOrganizerID":[],"_EventVenueID":[],"_OrganizerEmail":"","_OrganizerPhone":"","_OrganizerWebsite":"","_VenueAddress":"","_VenueCity":"","_VenueCountry":"","_VenueProvince":"","_VenueState":"","_VenueZip":"","_VenuePhone":"","_VenueURL":"","_VenueStateProvince":"","_VenueLat":"","_VenueLng":"","_VenueShowMap":false,"_VenueShowMapLink":false,"activitypub_content_warning":"","activitypub_content_visibility":"","activitypub_max_image_attachments":4,"activitypub_interaction_policy_quote":"anyone","activitypub_status":"","footnotes":""},"class_list":["post-18800","page","type-page","status-publish","hentry"],"translation":{"provider":"WPGlobus","version":"3.0.2","language":"pt","enabled_languages":["gb","fr","es","pt"],"languages":{"gb":{"title":true,"content":true,"excerpt":false},"fr":{"title":false,"content":false,"excerpt":false},"es":{"title":false,"content":false,"excerpt":false},"pt":{"title":false,"content":false,"excerpt":false}}},"acf":[],"yoast_head":"<!-- This site is optimized with the Yoast SEO plugin v27.4 - https:\/\/yoast.com\/product\/yoast-seo-wordpress\/ -->\n<title>IEFC Annual Meeting 2024 - Presentations - Instituto Europeu De Floresta Plantada - IEFC<\/title>\n<meta name=\"robots\" content=\"index, follow, max-snippet:-1, max-image-preview:large, max-video-preview:-1\" \/>\n<link rel=\"canonical\" href=\"https:\/\/www.plantedforests.org\/iefc-general-assembly-2024\/presentations\/\" \/>\n<meta property=\"og:locale\" content=\"pt_PT\" \/>\n<meta property=\"og:type\" content=\"article\" \/>\n<meta property=\"og:title\" content=\"IEFC Annual Meeting 2024 - Presentations - Instituto Europeu De Floresta Plantada - IEFC\" \/>\n<meta property=\"og:url\" content=\"https:\/\/www.plantedforests.org\/iefc-general-assembly-2024\/presentations\/\" \/>\n<meta property=\"og:site_name\" content=\"Instituto Europeu De Floresta Plantada - IEFC\" \/>\n<meta property=\"article:modified_time\" content=\"2024-08-27T07:17:57+00:00\" \/>\n<meta name=\"twitter:card\" content=\"summary_large_image\" \/>\n<meta name=\"twitter:site\" content=\"@IEFCPlantForest\" \/>\n<meta name=\"twitter:label1\" content=\"Tempo estimado de leitura\" \/>\n\t<meta name=\"twitter:data1\" content=\"1 minuto\" \/>\n<script type=\"application\/ld+json\" class=\"yoast-schema-graph\">{\"@context\":\"https:\\\/\\\/schema.org\",\"@graph\":[{\"@type\":\"WebPage\",\"@id\":\"https:\\\/\\\/www.plantedforests.org\\\/iefc-general-assembly-2024\\\/presentations\\\/\",\"url\":\"https:\\\/\\\/www.plantedforests.org\\\/iefc-general-assembly-2024\\\/presentations\\\/\",\"name\":\"IEFC Annual Meeting 2024 - Presentations - Instituto Europeu De Floresta Plantada - IEFC\",\"isPartOf\":{\"@id\":\"https:\\\/\\\/www.plantedforests.org\\\/fr\\\/#website\"},\"datePublished\":\"2024-06-14T09:41:09+00:00\",\"dateModified\":\"2024-08-27T07:17:57+00:00\",\"breadcrumb\":{\"@id\":\"https:\\\/\\\/www.plantedforests.org\\\/iefc-general-assembly-2024\\\/presentations\\\/#breadcrumb\"},\"inLanguage\":\"pt-PT\",\"potentialAction\":[{\"@type\":\"ReadAction\",\"target\":[\"https:\\\/\\\/www.plantedforests.org\\\/iefc-general-assembly-2024\\\/presentations\\\/\"]}]},{\"@type\":\"BreadcrumbList\",\"@id\":\"https:\\\/\\\/www.plantedforests.org\\\/iefc-general-assembly-2024\\\/presentations\\\/#breadcrumb\",\"itemListElement\":[{\"@type\":\"ListItem\",\"position\":1,\"name\":\"Accueil\",\"item\":\"https:\\\/\\\/www.plantedforests.org\\\/\"},{\"@type\":\"ListItem\",\"position\":2,\"name\":\"IEFC General Assembly \u2013 2024\",\"item\":\"https:\\\/\\\/www.plantedforests.org\\\/fr\\\/iefc-general-assembly-2024\\\/\"},{\"@type\":\"ListItem\",\"position\":3,\"name\":\"IEFC Annual Meeting 2024 &#8211; Presentations\"}]},{\"@type\":\"WebSite\",\"@id\":\"https:\\\/\\\/www.plantedforests.org\\\/fr\\\/#website\",\"url\":\"https:\\\/\\\/www.plantedforests.org\\\/fr\\\/\",\"name\":\"Instituto Europeu De Floresta Plantada - IEFC\",\"description\":\"A rede IEFC para a gest\u00e3o sustent\u00e1vel e resili\u00eancia das florestas cultivadas\",\"publisher\":{\"@id\":\"https:\\\/\\\/www.plantedforests.org\\\/fr\\\/#organization\"},\"potentialAction\":[{\"@type\":\"SearchAction\",\"target\":{\"@type\":\"EntryPoint\",\"urlTemplate\":\"https:\\\/\\\/www.plantedforests.org\\\/fr\\\/?s={search_term_string}\"},\"query-input\":{\"@type\":\"PropertyValueSpecification\",\"valueRequired\":true,\"valueName\":\"search_term_string\"}}],\"inLanguage\":\"pt-PT\"},{\"@type\":\"Organization\",\"@id\":\"https:\\\/\\\/www.plantedforests.org\\\/fr\\\/#organization\",\"name\":\"Institut Europ\u00e9en de la For\u00eat Cultiv\u00e9e - Plantedforests.org\",\"url\":\"https:\\\/\\\/www.plantedforests.org\\\/fr\\\/\",\"logo\":{\"@type\":\"ImageObject\",\"inLanguage\":\"pt-PT\",\"@id\":\"https:\\\/\\\/www.plantedforests.org\\\/fr\\\/#\\\/schema\\\/logo\\\/image\\\/\",\"url\":\"https:\\\/\\\/www.plantedforests.org\\\/wp-content\\\/uploads\\\/2022\\\/07\\\/Logo_iefc__FR.png\",\"contentUrl\":\"https:\\\/\\\/www.plantedforests.org\\\/wp-content\\\/uploads\\\/2022\\\/07\\\/Logo_iefc__FR.png\",\"width\":2031,\"height\":1001,\"caption\":\"Institut Europ\u00e9en de la For\u00eat Cultiv\u00e9e - Plantedforests.org\"},\"image\":{\"@id\":\"https:\\\/\\\/www.plantedforests.org\\\/fr\\\/#\\\/schema\\\/logo\\\/image\\\/\"},\"sameAs\":[\"https:\\\/\\\/x.com\\\/IEFCPlantForest\",\"https:\\\/\\\/www.linkedin.com\\\/company\\\/71728047\\\/\"]}]}<\/script>\n<!-- \/ Yoast SEO plugin. -->","yoast_head_json":{"title":"IEFC Annual Meeting 2024 - Presentations - Instituto Europeu De Floresta Plantada - IEFC","robots":{"index":"index","follow":"follow","max-snippet":"max-snippet:-1","max-image-preview":"max-image-preview:large","max-video-preview":"max-video-preview:-1"},"canonical":"https:\/\/www.plantedforests.org\/iefc-general-assembly-2024\/presentations\/","og_locale":"pt_PT","og_type":"article","og_title":"IEFC Annual Meeting 2024 - Presentations - Instituto Europeu De Floresta Plantada - IEFC","og_url":"https:\/\/www.plantedforests.org\/iefc-general-assembly-2024\/presentations\/","og_site_name":"Instituto Europeu De Floresta Plantada - IEFC","article_modified_time":"2024-08-27T07:17:57+00:00","twitter_card":"summary_large_image","twitter_site":"@IEFCPlantForest","twitter_misc":{"Tempo estimado de leitura":"1 minuto"},"schema":{"@context":"https:\/\/schema.org","@graph":[{"@type":"WebPage","@id":"https:\/\/www.plantedforests.org\/iefc-general-assembly-2024\/presentations\/","url":"https:\/\/www.plantedforests.org\/iefc-general-assembly-2024\/presentations\/","name":"IEFC Annual Meeting 2024 - Presentations - Instituto Europeu De Floresta Plantada - IEFC","isPartOf":{"@id":"https:\/\/www.plantedforests.org\/fr\/#website"},"datePublished":"2024-06-14T09:41:09+00:00","dateModified":"2024-08-27T07:17:57+00:00","breadcrumb":{"@id":"https:\/\/www.plantedforests.org\/iefc-general-assembly-2024\/presentations\/#breadcrumb"},"inLanguage":"pt-PT","potentialAction":[{"@type":"ReadAction","target":["https:\/\/www.plantedforests.org\/iefc-general-assembly-2024\/presentations\/"]}]},{"@type":"BreadcrumbList","@id":"https:\/\/www.plantedforests.org\/iefc-general-assembly-2024\/presentations\/#breadcrumb","itemListElement":[{"@type":"ListItem","position":1,"name":"Accueil","item":"https:\/\/www.plantedforests.org\/"},{"@type":"ListItem","position":2,"name":"IEFC General Assembly \u2013 2024","item":"https:\/\/www.plantedforests.org\/fr\/iefc-general-assembly-2024\/"},{"@type":"ListItem","position":3,"name":"IEFC Annual Meeting 2024 &#8211; Presentations"}]},{"@type":"WebSite","@id":"https:\/\/www.plantedforests.org\/fr\/#website","url":"https:\/\/www.plantedforests.org\/fr\/","name":"Instituto Europeu De Floresta Plantada - IEFC","description":"A rede IEFC para a gest\u00e3o sustent\u00e1vel e resili\u00eancia das florestas cultivadas","publisher":{"@id":"https:\/\/www.plantedforests.org\/fr\/#organization"},"potentialAction":[{"@type":"SearchAction","target":{"@type":"EntryPoint","urlTemplate":"https:\/\/www.plantedforests.org\/fr\/?s={search_term_string}"},"query-input":{"@type":"PropertyValueSpecification","valueRequired":true,"valueName":"search_term_string"}}],"inLanguage":"pt-PT"},{"@type":"Organization","@id":"https:\/\/www.plantedforests.org\/fr\/#organization","name":"Institut Europ\u00e9en de la For\u00eat Cultiv\u00e9e - Plantedforests.org","url":"https:\/\/www.plantedforests.org\/fr\/","logo":{"@type":"ImageObject","inLanguage":"pt-PT","@id":"https:\/\/www.plantedforests.org\/fr\/#\/schema\/logo\/image\/","url":"https:\/\/www.plantedforests.org\/wp-content\/uploads\/2022\/07\/Logo_iefc__FR.png","contentUrl":"https:\/\/www.plantedforests.org\/wp-content\/uploads\/2022\/07\/Logo_iefc__FR.png","width":2031,"height":1001,"caption":"Institut Europ\u00e9en de la For\u00eat Cultiv\u00e9e - Plantedforests.org"},"image":{"@id":"https:\/\/www.plantedforests.org\/fr\/#\/schema\/logo\/image\/"},"sameAs":["https:\/\/x.com\/IEFCPlantForest","https:\/\/www.linkedin.com\/company\/71728047\/"]}]}},"_links":{"self":[{"href":"https:\/\/www.plantedforests.org\/pt\/wp-json\/wp\/v2\/pages\/18800","targetHints":{"allow":["GET"]}}],"collection":[{"href":"https:\/\/www.plantedforests.org\/pt\/wp-json\/wp\/v2\/pages"}],"about":[{"href":"https:\/\/www.plantedforests.org\/pt\/wp-json\/wp\/v2\/types\/page"}],"author":[{"embeddable":true,"href":"https:\/\/www.plantedforests.org\/pt\/wp-json\/wp\/v2\/users\/101"}],"replies":[{"embeddable":true,"href":"https:\/\/www.plantedforests.org\/pt\/wp-json\/wp\/v2\/comments?post=18800"}],"version-history":[{"count":76,"href":"https:\/\/www.plantedforests.org\/pt\/wp-json\/wp\/v2\/pages\/18800\/revisions"}],"predecessor-version":[{"id":27979,"href":"https:\/\/www.plantedforests.org\/pt\/wp-json\/wp\/v2\/pages\/18800\/revisions\/27979"}],"up":[{"embeddable":true,"href":"https:\/\/www.plantedforests.org\/pt\/wp-json\/wp\/v2\/pages\/15718"}],"wp:attachment":[{"href":"https:\/\/www.plantedforests.org\/pt\/wp-json\/wp\/v2\/media?parent=18800"}],"curies":[{"name":"wp","href":"https:\/\/api.w.org\/{rel}","templated":true}]}}