
{"id":16906,"date":"2024-02-13T15:24:45","date_gmt":"2024-02-13T14:24:45","guid":{"rendered":"https:\/\/www.plantedforests.org\/?page_id=16906"},"modified":"2025-08-04T09:56:42","modified_gmt":"2025-08-04T07:56:42","slug":"reseaux-de-parcelles","status":"publish","type":"page","link":"https:\/\/www.plantedforests.org\/pt\/infrastructures\/reseaux-de-parcelles\/","title":{"rendered":"Network of plots"},"content":{"rendered":"<p>Network of plots<\/p>\n<h2>REINFFORCE<br \/>\n<\/h2>\n<p>\t\t\t\t\t\t\t\t\t\t\t\t\t\t\t<img fetchpriority=\"high\" decoding=\"async\" width=\"525\" height=\"459\" src=\"https:\/\/www.plantedforests.org\/wp-content\/uploads\/2024\/06\/Logo_Reinfforce-1024x896.png\" alt=\"\" srcset=\"https:\/\/www.plantedforests.org\/wp-content\/uploads\/2024\/06\/Logo_Reinfforce-1024x896.png 1024w, https:\/\/www.plantedforests.org\/wp-content\/uploads\/2024\/06\/Logo_Reinfforce-300x263.png 300w, https:\/\/www.plantedforests.org\/wp-content\/uploads\/2024\/06\/Logo_Reinfforce-150x131.png 150w, https:\/\/www.plantedforests.org\/wp-content\/uploads\/2024\/06\/Logo_Reinfforce-768x672.png 768w, https:\/\/www.plantedforests.org\/wp-content\/uploads\/2024\/06\/Logo_Reinfforce.png 1043w\" sizes=\"(max-width: 525px) 100vw, 525px\" \/>\t\t\t\t\t\t\t\t\t\t\t\t\t\t\t<\/p>\n<p><strong>Re<\/strong>search <strong>In<\/strong>frastructure for monitoring and adapting <strong>For<\/strong>ests to <strong>C<\/strong>limate chang<strong>E<\/strong><\/p>\n<p>REINFFORCE1 has been an R&amp;D infrastructure dedicated to the adaptation of forests to climate change since 2009. It is based on three components:<\/p>\n<ul>\n<li>A network of 38 arboreta from Scotland to southern Portugal to anticipate the impact of climate change on existing species by growing them beyond their natural range.<\/li>\n<li>A network of 41 demonstration sites in forests at high risk of damage, to compare current silvicultural practices with adaptive silviculture.<\/li>\n<li>An online database where all the data collected is stored, consulted, and shared by the project members, based on common protocols. It is this coordination that enables harmonised data collection in order to monitor changes in the growth, health, phenology and biological life cycles of these tree species of interest for plantations in Europe&#8217;s Atlantic regions.<\/li>\n<\/ul>\n<p>The network will expand by 2024 with new sites and equipment installation as part of REINFFORCE2.<\/p>\n<p>\t\t\t\t\t<a href=\"https:\/\/reinfforce.iefc.net\/\"><br \/>\n\t\t\t\t\t\t\t\t\tMore information<br \/>\n\t\t\t\t\t<\/a><\/p>\n<h2>FORMIX<br \/>\n<\/h2>\n<p>\t\t\t\t\t\t\t\t\t\t\t\t\t\t\t<img decoding=\"async\" width=\"525\" height=\"167\" src=\"https:\/\/www.plantedforests.org\/wp-content\/uploads\/2024\/02\/logo-principal_FORMIX-crop-1024x326.png\" alt=\"\" srcset=\"https:\/\/www.plantedforests.org\/wp-content\/uploads\/2024\/02\/logo-principal_FORMIX-crop-1024x326.png 1024w, https:\/\/www.plantedforests.org\/wp-content\/uploads\/2024\/02\/logo-principal_FORMIX-crop-300x96.png 300w, https:\/\/www.plantedforests.org\/wp-content\/uploads\/2024\/02\/logo-principal_FORMIX-crop-150x48.png 150w, https:\/\/www.plantedforests.org\/wp-content\/uploads\/2024\/02\/logo-principal_FORMIX-crop-768x245.png 768w, https:\/\/www.plantedforests.org\/wp-content\/uploads\/2024\/02\/logo-principal_FORMIX-crop-1536x489.png 1536w, https:\/\/www.plantedforests.org\/wp-content\/uploads\/2024\/02\/logo-principal_FORMIX-crop-2048x652.png 2048w, https:\/\/www.plantedforests.org\/wp-content\/uploads\/2024\/02\/logo-principal_FORMIX-crop-1320x420.png 1320w\" sizes=\"(max-width: 525px) 100vw, 525px\" \/>\t\t\t\t\t\t\t\t\t\t\t\t\t\t\t<\/p>\n<p><strong>A network of experimental mixed plantation<\/strong><\/p>\n<p>The main objective is to establish a long-term network of experimental mixed plantations called FORMIX (as in FORest MIXtures) to investigate biodiversity and forest ecosystem functioning relationships in the context of <strong>climate change<\/strong>. This network focuses on mixed species plantations that are relevant in terms of composition and management for <strong>forest owners and managers<\/strong>. The expected results are intended to be rapidly transferable to practitioners.<\/p>\n<p>The FORMIX network comprises numerous experiments installed across 3 countries: France, Spain and Portugal.<\/p>\n<p>\t\t\t\t\t<a href=\"https:\/\/formix.plantedforests.org\/\"><br \/>\n\t\t\t\t\t\t\t\t\tMore information<br \/>\n\t\t\t\t\t<\/a><br \/>\n\t\t\t\t\t<a href=\"https:\/\/www.plantedforests.org\/infrastructures\/\"><br \/>\n\t\t\t\t<svg aria-hidden=\"true\" viewBox=\"0 0 448 512\" xmlns=\"http:\/\/www.w3.org\/2000\/svg\"><path d=\"M257.5 445.1l-22.2 22.2c-9.4 9.4-24.6 9.4-33.9 0L7 273c-9.4-9.4-9.4-24.6 0-33.9L201.4 44.7c9.4-9.4 24.6-9.4 33.9 0l22.2 22.2c9.5 9.5 9.3 25-.4 34.3L136.6 216H424c13.3 0 24 10.7 24 24v32c0 13.3-10.7 24-24 24H136.6l120.5 114.8c9.8 9.3 10 24.8.4 34.3z\"><\/path><\/svg><br \/>\n\t\t\t\t\t\t\t\t\tInfrastructures<br \/>\n\t\t\t\t\t<\/a><\/p>\n<h2>\n\t\t\t\t\t\tABOUT<br \/>\n\t\t\t\t\t<\/h2>\n<p>\t\t\t\t\t\t<a href=\"https:\/\/www.plantedforests.org\/our-mission-2\/\" target=\"_blank\" rel=\"nofollow\"><br \/>\n\t\t\t\t\t\t\t\t\tMission<br \/>\n\t\t\t\t\t\t\t\t\t\t\t\t\t<\/a><br \/>\n\t\t\t\t\t\t<a href=\"https:\/\/www.plantedforests.org\/our-history\/\" target=\"_blank\" rel=\"nofollow\"><br \/>\n\t\t\t\t\t\t\t\t\tOur history<br \/>\n\t\t\t\t\t\t\t\t\t\t\t\t\t<\/a><br \/>\n\t\t\t\t\t\t<a href=\"https:\/\/www.plantedforests.org\/donation\/\" target=\"_blank\" rel=\"nofollow\"><br \/>\n\t\t\t\t\t\t\t\t\tSupport IEFC &#8211; Make a donation<br \/>\n\t\t\t\t\t\t\t\t\t\t\t\t\t<\/a><br \/>\n\t\t\t\t\t\t<a href=\"https:\/\/www.plantedforests.org\/membership\/\" target=\"_blank\" rel=\"nofollow\"><br \/>\n\t\t\t\t\t\t\t\t\tBecome a member<br \/>\n\t\t\t\t\t\t\t\t\t\t\t\t\t<\/a><br \/>\n\t\t\t\t\t\t<a href=\"https:\/\/www.plantedforests.org\/status-and-governance-2\/\" target=\"_blank\" rel=\"nofollow\"><br \/>\n\t\t\t\t\t\t\t\t\tStatus and Governance<br \/>\n\t\t\t\t\t\t\t\t\t\t\t\t\t<\/a><br \/>\n\t\t\t\t\t\t<a href=\"https:\/\/www.plantedforests.org\/events\/\" target=\"_blank\" rel=\"nofollow\"><br \/>\n\t\t\t\t\t\t\t\t\tEvents<br \/>\n\t\t\t\t\t\t\t\t\t\t\t\t\t<\/a><br \/>\n\t\t\t\t\t\t<a href=\"https:\/\/www.plantedforests.org\/equality-diversity-and-inclusion\/\"><br \/>\n\t\t\t\t\t\t\t\t\tEquality, Diversity and Inclusion<br \/>\n\t\t\t\t\t\t\t\t\t\t\t\t\t<\/a><br \/>\n\t\t\t\t\t\t<a href=\"https:\/\/www.plantedforests.org\/terms-of-use\/\" target=\"_blank\" rel=\"nofollow\"><br \/>\n\t\t\t\t\t\t\t\t\tTerms of use<br \/>\n\t\t\t\t\t\t\t\t\t\t\t\t\t<\/a><\/p>\n<h2>\n\t\t\t\t\t\tProjects<br \/>\n\t\t\t\t\t<\/h2>\n<p>\t\t\t\t\t\t<a href=\"https:\/\/homed-project.eu\/\" target=\"_blank\" rel=\"nofollow\"><br \/>\n\t\t\t\t\t\t\t\t\tHOMED<br \/>\n\t\t\t\t\t\t\t\t\t\t\t\t\t<\/a><br \/>\n\t\t\t\t\t\t<a href=\"https:\/\/kebbe.iefc.net\/\" target=\"_blank\" rel=\"nofollow\"><br \/>\n\t\t\t\t\t\t\t\t\tKEBBE<br \/>\n\t\t\t\t\t\t\t\t\t\t\t\t\t<\/a><br \/>\n\t\t\t\t\t\t<a href=\"https:\/\/reinfforce.iefc.net\/en\/\" target=\"_blank\" rel=\"nofollow\"><br \/>\n\t\t\t\t\t\t\t\t\tREEINFORCE<br \/>\n\t\t\t\t\t\t\t\t\t\t\t\t\t<\/a><br \/>\n\t\t\t\t\t\t<a href=\"https:\/\/b4est.eu\/\" target=\"_blank\" rel=\"nofollow\"><br \/>\n\t\t\t\t\t\t\t\t\tB4EST<br \/>\n\t\t\t\t\t\t\t\t\t\t\t\t\t<\/a><\/p>\n<h2>\n\t\t\t\t\t\tInfrastructures<br \/>\n\t\t\t\t\t<\/h2>\n<p>\t\t\t\t\t\t<a href=\"https:\/\/www.plantedforests.org\/infrastructures\/reseaux-de-parcelles\/\" target=\"_blank\" rel=\"nofollow\"><br \/>\n\t\t\t\t\t\t\t\t\tNetwork of plots<br \/>\n\t\t\t\t\t\t\t\t\t\t\t\t\t<\/a><br \/>\n\t\t\t\t\t\t<a href=\"https:\/\/www.plantedforests.org\/infrastructures\/infrastructures-numeriques\/\" target=\"_blank\" rel=\"nofollow\"><br \/>\n\t\t\t\t\t\t\t\t\tDigital Infrastructures<br \/>\n\t\t\t\t\t\t\t\t\t\t\t\t\t<\/a><br \/>\n\t\t\t\t\t\t<a href=\"https:\/\/www.plantedforests.org\/infrastructures\/living-labs\/\" target=\"_blank\" rel=\"nofollow\"><br \/>\n\t\t\t\t\t\t\t\t\tLiving Labs<br \/>\n\t\t\t\t\t\t\t\t\t\t\t\t\t<\/a><\/p>\n<h2>\n\t\t\t\t\t\tNetworking<br \/>\n\t\t\t\t\t<\/h2>\n<p>\t\t\t\t\t\t<a href=\"https:\/\/www.plantedforests.org\/our-members\/\" target=\"_blank\" rel=\"nofollow\"><br \/>\n\t\t\t\t\t\t\t\t\tThe IEFC Network<br \/>\n\t\t\t\t\t\t\t\t\t\t\t\t\t<\/a><br \/>\n\t\t\t\t\t\t<a href=\"https:\/\/www.plantedforests.org\/networking\/\" target=\"_blank\" rel=\"nofollow\"><br \/>\n\t\t\t\t\t\t\t\t\tNetworking<br \/>\n\t\t\t\t\t\t\t\t\t\t\t\t\t<\/a><\/p>\n<h2>\n\t\t\t\t\t\tPRESS<br \/>\n\t\t\t\t\t<\/h2>\n<p>\t\t\t\t\t\t<a href=\"https:\/\/www.plantedforests.org\/press\/\" target=\"_blank\" rel=\"nofollow\"><br \/>\n\t\t\t\t\t\t\t\t\tPress Kit<br \/>\n\t\t\t\t\t\t\t\t\t\t\t\t\t<\/a><br \/>\n\t\t\t\t\t\t<a href=\"https:\/\/www.plantedforests.org\/press\/press-reviews\/#\" target=\"_blank\" rel=\"nofollow\"><br \/>\n\t\t\t\t\t\t\t\t\tPress Review about IEFC<br \/>\n\t\t\t\t\t\t\t\t\t\t\t\t\t<\/a><\/p>\n<h2>\n\t\t\t\t\t\tResource Centre<br \/>\n\t\t\t\t\t<\/h2>\n<p>\t\t\t\t\t\t<a href=\"https:\/\/www.plantedforests.org\/resources-center-2\/\" target=\"_blank\" rel=\"nofollow\"><br \/>\n\t\t\t\t\t\t\t\t\tExplore our Resource Centre<br \/>\n\t\t\t\t\t\t\t\t\t\t\t\t\t<\/a><\/p>\n<h4>Follow us<\/h4>\n<p>\t\t\t\t\t<a href=\"https:\/\/www.linkedin.com\/company\/instituteuropeendelaforetcultivee\/\" target=\"_blank\"><br \/>\n\t\t\t\t\t\tLinkedin<br \/>\n\t\t\t\t\t\t<svg viewBox=\"0 0 448 512\" xmlns=\"http:\/\/www.w3.org\/2000\/svg\"><path d=\"M416 32H31.9C14.3 32 0 46.5 0 64.3v383.4C0 465.5 14.3 480 31.9 480H416c17.6 0 32-14.5 32-32.3V64.3c0-17.8-14.4-32.3-32-32.3zM135.4 416H69V202.2h66.5V416zm-33.2-243c-21.3 0-38.5-17.3-38.5-38.5S80.9 96 102.2 96c21.2 0 38.5 17.3 38.5 38.5 0 21.3-17.2 38.5-38.5 38.5zm282.1 243h-66.4V312c0-24.8-.5-56.7-34.5-56.7-34.6 0-39.9 27-39.9 54.9V416h-66.4V202.2h63.7v29.2h.9c8.9-16.8 30.6-34.5 62.9-34.5 67.2 0 79.7 44.3 79.7 101.9V416z\"><\/path><\/svg>\t\t\t\t\t<\/a><br \/>\n\t\t\t\t\t<a href=\"https:\/\/twitter.com\/IEFCPlantForest\" target=\"_blank\"><br \/>\n\t\t\t\t\t\t<svg xmlns=\"http:\/\/www.w3.org\/2000\/svg\" xmlns:xlink=\"http:\/\/www.w3.org\/1999\/xlink\" width=\"256\" height=\"256\" viewBox=\"0 0 256 256\" xml:space=\"preserve\"><defs><\/defs><g style=\"stroke: none; stroke-width: 0; stroke-dasharray: none; stroke-linecap: butt; stroke-linejoin: miter; stroke-miterlimit: 10; fill: none; fill-rule: nonzero; opacity: 1;\" transform=\"translate(1.4065934065934016 1.4065934065934016) scale(2.81 2.81)\">\t<polygon points=\"24.89,23.01 57.79,66.99 65.24,66.99 32.34,23.01 \" style=\"stroke: none; stroke-width: 1; stroke-dasharray: none; stroke-linecap: butt; stroke-linejoin: miter; stroke-miterlimit: 10; fill: rgb(0,0,0); fill-rule: nonzero; opacity: 1;\" transform=\"  matrix(1 0 0 1 0 0) \"><\/polygon>\t<path d=\"M 0 0 v 90 h 90 V 0 H 0 z M 56.032 70.504 L 41.054 50.477 L 22.516 70.504 h -4.765 L 38.925 47.63 L 17.884 19.496 h 16.217 L 47.895 37.94 l 17.072 -18.444 h 4.765 L 50.024 40.788 l 22.225 29.716 H 56.032 z\" style=\"stroke: none; stroke-width: 1; stroke-dasharray: none; stroke-linecap: butt; stroke-linejoin: miter; stroke-miterlimit: 10; fill: rgb(0,0,0); fill-rule: nonzero; opacity: 1;\" transform=\" matrix(1 0 0 1 0 0) \" stroke-linecap=\"round\"><\/path><\/g><\/svg>\t\t\t\t\t<\/a><br \/>\n\t\t\t\t\t<a href=\"https:\/\/www.dailymotion.com\/IEFCPlantedForests\" target=\"_blank\"><br \/>\n\t\t\t\t\t\t<svg xmlns=\"http:\/\/www.w3.org\/2000\/svg\" xmlns:xlink=\"http:\/\/www.w3.org\/1999\/xlink\" id=\"Dailymotion\" x=\"0px\" y=\"0px\" viewBox=\"0 0 96 96\" style=\"enable-background:new 0 0 96 96;\" xml:space=\"preserve\"><\/p>\n<style type=\"text\/css\">\t.st0{fill:#0E0E0E;}\t.st1{fill:none;}<\/style>\n<p><g>\t<path id=\"Medium_00000036224591124208101180000008332054064288928391_\" d=\"M44,10H16c-1.1,0-2,0.9-2,2v12  c0,0.5,0.2,1,0.6,1.4l12,12C27,37.8,27.5,38,28,38h16c5.5,0,10,4.5,10,10s-4.5,10-10,10H22c-1.1,0-2,0.9-2,2v12  c0,0.5,0.2,1,0.6,1.4l12,12C33,85.8,33.5,86,34,86h10c21,0,38-17,38-38S65,10,44,10z M18,16.8l8,8v6.3l-8-8V16.8z M58,48  c0-7.7-6.3-14-14-14H30v-8h14c12.1,0,22,9.9,22,22s-9.9,22-22,22h-9.2l-8-8H44C51.7,62,58,55.7,58,48z M24,64.8l8,8v6.3l-8-8V64.8z   M44,82h-8v-8h8c14.3,0,26-11.7,26-26S58.3,22,44,22H28.8l-8-8H44c18.7,0,34,15.3,34,34S62.7,82,44,82z\"><\/path>\t<rect x=\"0\" width=\"96\" height=\"96\"><\/rect><\/g><\/svg>\t\t\t\t\t<\/a><\/p>\n","protected":false},"excerpt":{"rendered":"<p>Network of plots REINFFORCE Research Infrastructure for monitoring and adapting Forests to Climate changE REINFFORCE1 has been an R&amp;D infrastructure dedicated to the adaptation of forests to climate change since [&hellip;]<\/p>\n","protected":false},"author":101,"featured_media":0,"parent":16404,"menu_order":0,"comment_status":"closed","ping_status":"closed","template":"","meta":{"_acf_changed":false,"_eb_attr":"","_EventAllDay":false,"_EventTimezone":"","_EventStartDate":"","_EventEndDate":"","_EventStartDateUTC":"","_EventEndDateUTC":"","_EventShowMap":false,"_EventShowMapLink":false,"_EventURL":"","_EventCost":"","_EventCostDescription":"","_EventCurrencySymbol":"","_EventCurrencyCode":"","_EventCurrencyPosition":"","_EventDateTimeSeparator":"","_EventTimeRangeSeparator":"","_EventOrganizerID":[],"_EventVenueID":[],"_OrganizerEmail":"","_OrganizerPhone":"","_OrganizerWebsite":"","_VenueAddress":"","_VenueCity":"","_VenueCountry":"","_VenueProvince":"","_VenueState":"","_VenueZip":"","_VenuePhone":"","_VenueURL":"","_VenueStateProvince":"","_VenueLat":"","_VenueLng":"","_VenueShowMap":false,"_VenueShowMapLink":false,"activitypub_content_warning":"","activitypub_content_visibility":"","activitypub_max_image_attachments":4,"activitypub_interaction_policy_quote":"anyone","activitypub_status":"federated","footnotes":""},"class_list":["post-16906","page","type-page","status-publish","hentry"],"translation":{"provider":"WPGlobus","version":"3.0.2","language":"pt","enabled_languages":["gb","fr","es","pt"],"languages":{"gb":{"title":true,"content":true,"excerpt":false},"fr":{"title":true,"content":true,"excerpt":false},"es":{"title":false,"content":false,"excerpt":false},"pt":{"title":false,"content":false,"excerpt":false}}},"acf":[],"yoast_head":"<!-- This site is optimized with the Yoast SEO plugin v27.3 - https:\/\/yoast.com\/product\/yoast-seo-wordpress\/ -->\n<title>- Instituto Europeu De Floresta Plantada - IEFC<\/title>\n<meta name=\"robots\" content=\"index, follow, max-snippet:-1, max-image-preview:large, max-video-preview:-1\" \/>\n<link rel=\"canonical\" href=\"https:\/\/www.plantedforests.org\/infrastructures\/reseaux-de-parcelles\/\" \/>\n<meta property=\"og:locale\" content=\"pt_PT\" \/>\n<meta property=\"og:type\" content=\"article\" \/>\n<meta property=\"og:title\" content=\"- Instituto Europeu De Floresta Plantada - IEFC\" \/>\n<meta property=\"og:url\" content=\"https:\/\/www.plantedforests.org\/infrastructures\/reseaux-de-parcelles\/\" \/>\n<meta property=\"og:site_name\" content=\"Instituto Europeu De Floresta Plantada - IEFC\" \/>\n<meta property=\"article:modified_time\" content=\"2025-08-04T07:56:42+00:00\" \/>\n<meta property=\"og:image\" content=\"https:\/\/www.plantedforests.org\/wp-content\/uploads\/2024\/06\/Logo_Reinfforce-1024x896.png\" \/>\n<meta name=\"twitter:card\" content=\"summary_large_image\" \/>\n<meta name=\"twitter:site\" content=\"@IEFCPlantForest\" \/>\n<meta name=\"twitter:label1\" content=\"Tempo estimado de leitura\" \/>\n\t<meta name=\"twitter:data1\" content=\"2 minutos\" \/>\n<script type=\"application\/ld+json\" class=\"yoast-schema-graph\">{\"@context\":\"https:\\\/\\\/schema.org\",\"@graph\":[{\"@type\":\"WebPage\",\"@id\":\"https:\\\/\\\/www.plantedforests.org\\\/infrastructures\\\/reseaux-de-parcelles\\\/\",\"url\":\"https:\\\/\\\/www.plantedforests.org\\\/infrastructures\\\/reseaux-de-parcelles\\\/\",\"name\":\"- Instituto Europeu De Floresta Plantada - IEFC\",\"isPartOf\":{\"@id\":\"https:\\\/\\\/www.plantedforests.org\\\/fr\\\/#website\"},\"primaryImageOfPage\":{\"@id\":\"https:\\\/\\\/www.plantedforests.org\\\/infrastructures\\\/reseaux-de-parcelles\\\/#primaryimage\"},\"image\":{\"@id\":\"https:\\\/\\\/www.plantedforests.org\\\/infrastructures\\\/reseaux-de-parcelles\\\/#primaryimage\"},\"thumbnailUrl\":\"https:\\\/\\\/www.plantedforests.org\\\/wp-content\\\/uploads\\\/2024\\\/06\\\/Logo_Reinfforce-1024x896.png\",\"datePublished\":\"2024-02-13T14:24:45+00:00\",\"dateModified\":\"2025-08-04T07:56:42+00:00\",\"breadcrumb\":{\"@id\":\"https:\\\/\\\/www.plantedforests.org\\\/infrastructures\\\/reseaux-de-parcelles\\\/#breadcrumb\"},\"inLanguage\":\"pt-PT\",\"potentialAction\":[{\"@type\":\"ReadAction\",\"target\":[\"https:\\\/\\\/www.plantedforests.org\\\/infrastructures\\\/reseaux-de-parcelles\\\/\"]}]},{\"@type\":\"ImageObject\",\"inLanguage\":\"pt-PT\",\"@id\":\"https:\\\/\\\/www.plantedforests.org\\\/infrastructures\\\/reseaux-de-parcelles\\\/#primaryimage\",\"url\":\"https:\\\/\\\/www.plantedforests.org\\\/wp-content\\\/uploads\\\/2024\\\/06\\\/Logo_Reinfforce-1024x896.png\",\"contentUrl\":\"https:\\\/\\\/www.plantedforests.org\\\/wp-content\\\/uploads\\\/2024\\\/06\\\/Logo_Reinfforce-1024x896.png\"},{\"@type\":\"BreadcrumbList\",\"@id\":\"https:\\\/\\\/www.plantedforests.org\\\/infrastructures\\\/reseaux-de-parcelles\\\/#breadcrumb\",\"itemListElement\":[{\"@type\":\"ListItem\",\"position\":1,\"name\":\"Accueil\",\"item\":\"https:\\\/\\\/www.plantedforests.org\\\/\"},{\"@type\":\"ListItem\",\"position\":2,\"name\":\"Infrastructures\",\"item\":\"https:\\\/\\\/www.plantedforests.org\\\/infrastructures\\\/\"},{\"@type\":\"ListItem\",\"position\":3,\"name\":\"Network of plots\"}]},{\"@type\":\"WebSite\",\"@id\":\"https:\\\/\\\/www.plantedforests.org\\\/fr\\\/#website\",\"url\":\"https:\\\/\\\/www.plantedforests.org\\\/fr\\\/\",\"name\":\"Instituto Europeu De Floresta Plantada - IEFC\",\"description\":\"A rede IEFC para a gest\u00e3o sustent\u00e1vel e resili\u00eancia das florestas cultivadas\",\"publisher\":{\"@id\":\"https:\\\/\\\/www.plantedforests.org\\\/fr\\\/#organization\"},\"potentialAction\":[{\"@type\":\"SearchAction\",\"target\":{\"@type\":\"EntryPoint\",\"urlTemplate\":\"https:\\\/\\\/www.plantedforests.org\\\/fr\\\/?s={search_term_string}\"},\"query-input\":{\"@type\":\"PropertyValueSpecification\",\"valueRequired\":true,\"valueName\":\"search_term_string\"}}],\"inLanguage\":\"pt-PT\"},{\"@type\":\"Organization\",\"@id\":\"https:\\\/\\\/www.plantedforests.org\\\/fr\\\/#organization\",\"name\":\"Institut Europ\u00e9en de la For\u00eat Cultiv\u00e9e - Plantedforests.org\",\"url\":\"https:\\\/\\\/www.plantedforests.org\\\/fr\\\/\",\"logo\":{\"@type\":\"ImageObject\",\"inLanguage\":\"pt-PT\",\"@id\":\"https:\\\/\\\/www.plantedforests.org\\\/fr\\\/#\\\/schema\\\/logo\\\/image\\\/\",\"url\":\"https:\\\/\\\/www.plantedforests.org\\\/wp-content\\\/uploads\\\/2022\\\/07\\\/Logo_iefc__FR.png\",\"contentUrl\":\"https:\\\/\\\/www.plantedforests.org\\\/wp-content\\\/uploads\\\/2022\\\/07\\\/Logo_iefc__FR.png\",\"width\":2031,\"height\":1001,\"caption\":\"Institut Europ\u00e9en de la For\u00eat Cultiv\u00e9e - Plantedforests.org\"},\"image\":{\"@id\":\"https:\\\/\\\/www.plantedforests.org\\\/fr\\\/#\\\/schema\\\/logo\\\/image\\\/\"},\"sameAs\":[\"https:\\\/\\\/x.com\\\/IEFCPlantForest\",\"https:\\\/\\\/www.linkedin.com\\\/company\\\/71728047\\\/\"]}]}<\/script>\n<!-- \/ Yoast SEO plugin. -->","yoast_head_json":{"title":"- Instituto Europeu De Floresta Plantada - IEFC","robots":{"index":"index","follow":"follow","max-snippet":"max-snippet:-1","max-image-preview":"max-image-preview:large","max-video-preview":"max-video-preview:-1"},"canonical":"https:\/\/www.plantedforests.org\/infrastructures\/reseaux-de-parcelles\/","og_locale":"pt_PT","og_type":"article","og_title":"- Instituto Europeu De Floresta Plantada - IEFC","og_url":"https:\/\/www.plantedforests.org\/infrastructures\/reseaux-de-parcelles\/","og_site_name":"Instituto Europeu De Floresta Plantada - IEFC","article_modified_time":"2025-08-04T07:56:42+00:00","og_image":[{"url":"https:\/\/www.plantedforests.org\/wp-content\/uploads\/2024\/06\/Logo_Reinfforce-1024x896.png","type":"","width":"","height":""}],"twitter_card":"summary_large_image","twitter_site":"@IEFCPlantForest","twitter_misc":{"Tempo estimado de leitura":"2 minutos"},"schema":{"@context":"https:\/\/schema.org","@graph":[{"@type":"WebPage","@id":"https:\/\/www.plantedforests.org\/infrastructures\/reseaux-de-parcelles\/","url":"https:\/\/www.plantedforests.org\/infrastructures\/reseaux-de-parcelles\/","name":"- Instituto Europeu De Floresta Plantada - IEFC","isPartOf":{"@id":"https:\/\/www.plantedforests.org\/fr\/#website"},"primaryImageOfPage":{"@id":"https:\/\/www.plantedforests.org\/infrastructures\/reseaux-de-parcelles\/#primaryimage"},"image":{"@id":"https:\/\/www.plantedforests.org\/infrastructures\/reseaux-de-parcelles\/#primaryimage"},"thumbnailUrl":"https:\/\/www.plantedforests.org\/wp-content\/uploads\/2024\/06\/Logo_Reinfforce-1024x896.png","datePublished":"2024-02-13T14:24:45+00:00","dateModified":"2025-08-04T07:56:42+00:00","breadcrumb":{"@id":"https:\/\/www.plantedforests.org\/infrastructures\/reseaux-de-parcelles\/#breadcrumb"},"inLanguage":"pt-PT","potentialAction":[{"@type":"ReadAction","target":["https:\/\/www.plantedforests.org\/infrastructures\/reseaux-de-parcelles\/"]}]},{"@type":"ImageObject","inLanguage":"pt-PT","@id":"https:\/\/www.plantedforests.org\/infrastructures\/reseaux-de-parcelles\/#primaryimage","url":"https:\/\/www.plantedforests.org\/wp-content\/uploads\/2024\/06\/Logo_Reinfforce-1024x896.png","contentUrl":"https:\/\/www.plantedforests.org\/wp-content\/uploads\/2024\/06\/Logo_Reinfforce-1024x896.png"},{"@type":"BreadcrumbList","@id":"https:\/\/www.plantedforests.org\/infrastructures\/reseaux-de-parcelles\/#breadcrumb","itemListElement":[{"@type":"ListItem","position":1,"name":"Accueil","item":"https:\/\/www.plantedforests.org\/"},{"@type":"ListItem","position":2,"name":"Infrastructures","item":"https:\/\/www.plantedforests.org\/infrastructures\/"},{"@type":"ListItem","position":3,"name":"Network of plots"}]},{"@type":"WebSite","@id":"https:\/\/www.plantedforests.org\/fr\/#website","url":"https:\/\/www.plantedforests.org\/fr\/","name":"Instituto Europeu De Floresta Plantada - IEFC","description":"A rede IEFC para a gest\u00e3o sustent\u00e1vel e resili\u00eancia das florestas cultivadas","publisher":{"@id":"https:\/\/www.plantedforests.org\/fr\/#organization"},"potentialAction":[{"@type":"SearchAction","target":{"@type":"EntryPoint","urlTemplate":"https:\/\/www.plantedforests.org\/fr\/?s={search_term_string}"},"query-input":{"@type":"PropertyValueSpecification","valueRequired":true,"valueName":"search_term_string"}}],"inLanguage":"pt-PT"},{"@type":"Organization","@id":"https:\/\/www.plantedforests.org\/fr\/#organization","name":"Institut Europ\u00e9en de la For\u00eat Cultiv\u00e9e - Plantedforests.org","url":"https:\/\/www.plantedforests.org\/fr\/","logo":{"@type":"ImageObject","inLanguage":"pt-PT","@id":"https:\/\/www.plantedforests.org\/fr\/#\/schema\/logo\/image\/","url":"https:\/\/www.plantedforests.org\/wp-content\/uploads\/2022\/07\/Logo_iefc__FR.png","contentUrl":"https:\/\/www.plantedforests.org\/wp-content\/uploads\/2022\/07\/Logo_iefc__FR.png","width":2031,"height":1001,"caption":"Institut Europ\u00e9en de la For\u00eat Cultiv\u00e9e - Plantedforests.org"},"image":{"@id":"https:\/\/www.plantedforests.org\/fr\/#\/schema\/logo\/image\/"},"sameAs":["https:\/\/x.com\/IEFCPlantForest","https:\/\/www.linkedin.com\/company\/71728047\/"]}]}},"_links":{"self":[{"href":"https:\/\/www.plantedforests.org\/pt\/wp-json\/wp\/v2\/pages\/16906","targetHints":{"allow":["GET"]}}],"collection":[{"href":"https:\/\/www.plantedforests.org\/pt\/wp-json\/wp\/v2\/pages"}],"about":[{"href":"https:\/\/www.plantedforests.org\/pt\/wp-json\/wp\/v2\/types\/page"}],"author":[{"embeddable":true,"href":"https:\/\/www.plantedforests.org\/pt\/wp-json\/wp\/v2\/users\/101"}],"replies":[{"embeddable":true,"href":"https:\/\/www.plantedforests.org\/pt\/wp-json\/wp\/v2\/comments?post=16906"}],"version-history":[{"count":51,"href":"https:\/\/www.plantedforests.org\/pt\/wp-json\/wp\/v2\/pages\/16906\/revisions"}],"predecessor-version":[{"id":26583,"href":"https:\/\/www.plantedforests.org\/pt\/wp-json\/wp\/v2\/pages\/16906\/revisions\/26583"}],"up":[{"embeddable":true,"href":"https:\/\/www.plantedforests.org\/pt\/wp-json\/wp\/v2\/pages\/16404"}],"wp:attachment":[{"href":"https:\/\/www.plantedforests.org\/pt\/wp-json\/wp\/v2\/media?parent=16906"}],"curies":[{"name":"wp","href":"https:\/\/api.w.org\/{rel}","templated":true}]}}