
{"id":14555,"date":"2023-12-07T15:51:50","date_gmt":"2023-12-07T14:51:50","guid":{"rendered":"https:\/\/www.plantedforests.org\/?page_id=14555"},"modified":"2023-12-18T09:42:12","modified_gmt":"2023-12-18T08:42:12","slug":"session-1","status":"publish","type":"page","link":"https:\/\/www.plantedforests.org\/pt\/icpf-2023\/presentations\/session-1\/","title":{"rendered":"ICPF 2023 &#8211; Presentations &#8211; Session 1"},"content":{"rendered":"\n<figure class=\"wp-block-image size-large is-resized\"><img fetchpriority=\"high\" decoding=\"async\" width=\"1024\" height=\"218\" src=\"https:\/\/www.plantedforests.org\/wp-content\/uploads\/2023\/12\/main-logo-1024x218.jpg\" alt=\"\" class=\"wp-image-14542\" style=\"aspect-ratio:4.697247706422019;width:874px;height:auto\" srcset=\"https:\/\/www.plantedforests.org\/wp-content\/uploads\/2023\/12\/main-logo-1024x218.jpg 1024w, https:\/\/www.plantedforests.org\/wp-content\/uploads\/2023\/12\/main-logo-300x64.jpg 300w, https:\/\/www.plantedforests.org\/wp-content\/uploads\/2023\/12\/main-logo-150x32.jpg 150w, https:\/\/www.plantedforests.org\/wp-content\/uploads\/2023\/12\/main-logo-768x163.jpg 768w, https:\/\/www.plantedforests.org\/wp-content\/uploads\/2023\/12\/main-logo-1536x327.jpg 1536w, https:\/\/www.plantedforests.org\/wp-content\/uploads\/2023\/12\/main-logo-2048x436.jpg 2048w, https:\/\/www.plantedforests.org\/wp-content\/uploads\/2023\/12\/main-logo-1320x281.jpg 1320w\" sizes=\"(max-width: 1024px) 100vw, 1024px\" \/><\/figure>\n\n\n\n<div data-wp-interactive=\"core\/file\" class=\"wp-block-file\"><object data-wp-bind--hidden=\"!state.hasPdfPreview\" hidden class=\"wp-block-file__embed\" data=\"https:\/\/www.plantedforests.org\/wp-content\/uploads\/2023\/12\/ICPF-2023-Session-1-Presentations_compressed-1.pdf\" type=\"application\/pdf\" style=\"width:100%;height:600px\" aria-label=\"Incorpora\u00e7\u00e3o de ICPF-2023-Session-1-Presentations.\"><\/object><a id=\"wp-block-file--media-4e7a0073-a56a-4329-95f4-6e1dd6996c39\" href=\"https:\/\/www.plantedforests.org\/wp-content\/uploads\/2023\/12\/ICPF-2023-Session-1-Presentations_compressed-1.pdf\">ICPF-2023-Session-1-Presentations<\/a><a href=\"https:\/\/www.plantedforests.org\/wp-content\/uploads\/2023\/12\/ICPF-2023-Session-1-Presentations_compressed-1.pdf\" class=\"wp-block-file__button wp-element-button\" download aria-describedby=\"wp-block-file--media-4e7a0073-a56a-4329-95f4-6e1dd6996c39\">T\u00e9l\u00e9charger<\/a><\/div>\n","protected":false},"excerpt":{"rendered":"","protected":false},"author":101,"featured_media":0,"parent":14515,"menu_order":0,"comment_status":"closed","ping_status":"closed","template":"","meta":{"_acf_changed":false,"_eb_attr":"","_EventAllDay":false,"_EventTimezone":"","_EventStartDate":"","_EventEndDate":"","_EventStartDateUTC":"","_EventEndDateUTC":"","_EventShowMap":false,"_EventShowMapLink":false,"_EventURL":"","_EventCost":"","_EventCostDescription":"","_EventCurrencySymbol":"","_EventCurrencyCode":"","_EventCurrencyPosition":"","_EventDateTimeSeparator":"","_EventTimeRangeSeparator":"","_EventOrganizerID":[],"_EventVenueID":[],"_OrganizerEmail":"","_OrganizerPhone":"","_OrganizerWebsite":"","_VenueAddress":"","_VenueCity":"","_VenueCountry":"","_VenueProvince":"","_VenueState":"","_VenueZip":"","_VenuePhone":"","_VenueURL":"","_VenueStateProvince":"","_VenueLat":"","_VenueLng":"","_VenueShowMap":false,"_VenueShowMapLink":false,"activitypub_content_warning":"","activitypub_content_visibility":"","activitypub_max_image_attachments":4,"activitypub_interaction_policy_quote":"anyone","activitypub_status":"","footnotes":""},"class_list":["post-14555","page","type-page","status-publish","hentry"],"translation":{"provider":"WPGlobus","version":"3.0.2","language":"pt","enabled_languages":["gb","fr","es","pt"],"languages":{"gb":{"title":true,"content":true,"excerpt":false},"fr":{"title":false,"content":false,"excerpt":false},"es":{"title":false,"content":false,"excerpt":false},"pt":{"title":false,"content":false,"excerpt":false}}},"acf":[],"yoast_head":"<!-- This site is optimized with the Yoast SEO plugin v27.3 - https:\/\/yoast.com\/product\/yoast-seo-wordpress\/ -->\n<title>ICPF 2023 - Presentations - Session 1 - Instituto Europeu De Floresta Plantada - IEFC<\/title>\n<meta name=\"robots\" content=\"index, follow, max-snippet:-1, max-image-preview:large, max-video-preview:-1\" \/>\n<link rel=\"canonical\" href=\"https:\/\/www.plantedforests.org\/icpf-2023\/presentations\/session-1\/\" \/>\n<meta property=\"og:locale\" content=\"pt_PT\" \/>\n<meta property=\"og:type\" content=\"article\" \/>\n<meta property=\"og:title\" content=\"ICPF 2023 - Presentations - Session 1 - Instituto Europeu De Floresta Plantada - IEFC\" \/>\n<meta property=\"og:url\" content=\"https:\/\/www.plantedforests.org\/icpf-2023\/presentations\/session-1\/\" \/>\n<meta property=\"og:site_name\" content=\"Instituto Europeu De Floresta Plantada - IEFC\" \/>\n<meta property=\"article:modified_time\" content=\"2023-12-18T08:42:12+00:00\" \/>\n<meta property=\"og:image\" content=\"https:\/\/www.plantedforests.org\/wp-content\/uploads\/2023\/12\/main-logo-1024x218.jpg\" \/>\n<meta name=\"twitter:card\" content=\"summary_large_image\" \/>\n<meta name=\"twitter:site\" content=\"@IEFCPlantForest\" \/>\n<meta name=\"twitter:label1\" content=\"Tempo estimado de leitura\" \/>\n\t<meta name=\"twitter:data1\" content=\"1 minuto\" \/>\n<script type=\"application\/ld+json\" class=\"yoast-schema-graph\">{\"@context\":\"https:\\\/\\\/schema.org\",\"@graph\":[{\"@type\":\"WebPage\",\"@id\":\"https:\\\/\\\/www.plantedforests.org\\\/icpf-2023\\\/presentations\\\/session-1\\\/\",\"url\":\"https:\\\/\\\/www.plantedforests.org\\\/icpf-2023\\\/presentations\\\/session-1\\\/\",\"name\":\"ICPF 2023 - Presentations - Session 1 - Instituto Europeu De Floresta Plantada - IEFC\",\"isPartOf\":{\"@id\":\"https:\\\/\\\/www.plantedforests.org\\\/fr\\\/#website\"},\"primaryImageOfPage\":{\"@id\":\"https:\\\/\\\/www.plantedforests.org\\\/icpf-2023\\\/presentations\\\/session-1\\\/#primaryimage\"},\"image\":{\"@id\":\"https:\\\/\\\/www.plantedforests.org\\\/icpf-2023\\\/presentations\\\/session-1\\\/#primaryimage\"},\"thumbnailUrl\":\"https:\\\/\\\/www.plantedforests.org\\\/wp-content\\\/uploads\\\/2023\\\/12\\\/main-logo-1024x218.jpg\",\"datePublished\":\"2023-12-07T14:51:50+00:00\",\"dateModified\":\"2023-12-18T08:42:12+00:00\",\"breadcrumb\":{\"@id\":\"https:\\\/\\\/www.plantedforests.org\\\/icpf-2023\\\/presentations\\\/session-1\\\/#breadcrumb\"},\"inLanguage\":\"pt-PT\",\"potentialAction\":[{\"@type\":\"ReadAction\",\"target\":[\"https:\\\/\\\/www.plantedforests.org\\\/icpf-2023\\\/presentations\\\/session-1\\\/\"]}]},{\"@type\":\"ImageObject\",\"inLanguage\":\"pt-PT\",\"@id\":\"https:\\\/\\\/www.plantedforests.org\\\/icpf-2023\\\/presentations\\\/session-1\\\/#primaryimage\",\"url\":\"https:\\\/\\\/www.plantedforests.org\\\/wp-content\\\/uploads\\\/2023\\\/12\\\/main-logo-1024x218.jpg\",\"contentUrl\":\"https:\\\/\\\/www.plantedforests.org\\\/wp-content\\\/uploads\\\/2023\\\/12\\\/main-logo-1024x218.jpg\"},{\"@type\":\"BreadcrumbList\",\"@id\":\"https:\\\/\\\/www.plantedforests.org\\\/icpf-2023\\\/presentations\\\/session-1\\\/#breadcrumb\",\"itemListElement\":[{\"@type\":\"ListItem\",\"position\":1,\"name\":\"Accueil\",\"item\":\"https:\\\/\\\/www.plantedforests.org\\\/\"},{\"@type\":\"ListItem\",\"position\":2,\"name\":\"ICPF 2023\",\"item\":\"https:\\\/\\\/www.plantedforests.org\\\/pt\\\/icpf-2023\\\/\"},{\"@type\":\"ListItem\",\"position\":3,\"name\":\"ICPF 2023 &#8211; Presentations\",\"item\":\"https:\\\/\\\/www.plantedforests.org\\\/fr\\\/icpf-2023\\\/presentations\\\/\"},{\"@type\":\"ListItem\",\"position\":4,\"name\":\"ICPF 2023 &#8211; Presentations &#8211; Session 1\"}]},{\"@type\":\"WebSite\",\"@id\":\"https:\\\/\\\/www.plantedforests.org\\\/fr\\\/#website\",\"url\":\"https:\\\/\\\/www.plantedforests.org\\\/fr\\\/\",\"name\":\"Instituto Europeu De Floresta Plantada - IEFC\",\"description\":\"A rede IEFC para a gest\u00e3o sustent\u00e1vel e resili\u00eancia das florestas cultivadas\",\"publisher\":{\"@id\":\"https:\\\/\\\/www.plantedforests.org\\\/fr\\\/#organization\"},\"potentialAction\":[{\"@type\":\"SearchAction\",\"target\":{\"@type\":\"EntryPoint\",\"urlTemplate\":\"https:\\\/\\\/www.plantedforests.org\\\/fr\\\/?s={search_term_string}\"},\"query-input\":{\"@type\":\"PropertyValueSpecification\",\"valueRequired\":true,\"valueName\":\"search_term_string\"}}],\"inLanguage\":\"pt-PT\"},{\"@type\":\"Organization\",\"@id\":\"https:\\\/\\\/www.plantedforests.org\\\/fr\\\/#organization\",\"name\":\"Institut Europ\u00e9en de la For\u00eat Cultiv\u00e9e - Plantedforests.org\",\"url\":\"https:\\\/\\\/www.plantedforests.org\\\/fr\\\/\",\"logo\":{\"@type\":\"ImageObject\",\"inLanguage\":\"pt-PT\",\"@id\":\"https:\\\/\\\/www.plantedforests.org\\\/fr\\\/#\\\/schema\\\/logo\\\/image\\\/\",\"url\":\"https:\\\/\\\/www.plantedforests.org\\\/wp-content\\\/uploads\\\/2022\\\/07\\\/Logo_iefc__FR.png\",\"contentUrl\":\"https:\\\/\\\/www.plantedforests.org\\\/wp-content\\\/uploads\\\/2022\\\/07\\\/Logo_iefc__FR.png\",\"width\":2031,\"height\":1001,\"caption\":\"Institut Europ\u00e9en de la For\u00eat Cultiv\u00e9e - Plantedforests.org\"},\"image\":{\"@id\":\"https:\\\/\\\/www.plantedforests.org\\\/fr\\\/#\\\/schema\\\/logo\\\/image\\\/\"},\"sameAs\":[\"https:\\\/\\\/x.com\\\/IEFCPlantForest\",\"https:\\\/\\\/www.linkedin.com\\\/company\\\/71728047\\\/\"]}]}<\/script>\n<!-- \/ Yoast SEO plugin. -->","yoast_head_json":{"title":"ICPF 2023 - Presentations - Session 1 - Instituto Europeu De Floresta Plantada - IEFC","robots":{"index":"index","follow":"follow","max-snippet":"max-snippet:-1","max-image-preview":"max-image-preview:large","max-video-preview":"max-video-preview:-1"},"canonical":"https:\/\/www.plantedforests.org\/icpf-2023\/presentations\/session-1\/","og_locale":"pt_PT","og_type":"article","og_title":"ICPF 2023 - Presentations - Session 1 - Instituto Europeu De Floresta Plantada - IEFC","og_url":"https:\/\/www.plantedforests.org\/icpf-2023\/presentations\/session-1\/","og_site_name":"Instituto Europeu De Floresta Plantada - IEFC","article_modified_time":"2023-12-18T08:42:12+00:00","og_image":[{"url":"https:\/\/www.plantedforests.org\/wp-content\/uploads\/2023\/12\/main-logo-1024x218.jpg","type":"","width":"","height":""}],"twitter_card":"summary_large_image","twitter_site":"@IEFCPlantForest","twitter_misc":{"Tempo estimado de leitura":"1 minuto"},"schema":{"@context":"https:\/\/schema.org","@graph":[{"@type":"WebPage","@id":"https:\/\/www.plantedforests.org\/icpf-2023\/presentations\/session-1\/","url":"https:\/\/www.plantedforests.org\/icpf-2023\/presentations\/session-1\/","name":"ICPF 2023 - Presentations - Session 1 - Instituto Europeu De Floresta Plantada - IEFC","isPartOf":{"@id":"https:\/\/www.plantedforests.org\/fr\/#website"},"primaryImageOfPage":{"@id":"https:\/\/www.plantedforests.org\/icpf-2023\/presentations\/session-1\/#primaryimage"},"image":{"@id":"https:\/\/www.plantedforests.org\/icpf-2023\/presentations\/session-1\/#primaryimage"},"thumbnailUrl":"https:\/\/www.plantedforests.org\/wp-content\/uploads\/2023\/12\/main-logo-1024x218.jpg","datePublished":"2023-12-07T14:51:50+00:00","dateModified":"2023-12-18T08:42:12+00:00","breadcrumb":{"@id":"https:\/\/www.plantedforests.org\/icpf-2023\/presentations\/session-1\/#breadcrumb"},"inLanguage":"pt-PT","potentialAction":[{"@type":"ReadAction","target":["https:\/\/www.plantedforests.org\/icpf-2023\/presentations\/session-1\/"]}]},{"@type":"ImageObject","inLanguage":"pt-PT","@id":"https:\/\/www.plantedforests.org\/icpf-2023\/presentations\/session-1\/#primaryimage","url":"https:\/\/www.plantedforests.org\/wp-content\/uploads\/2023\/12\/main-logo-1024x218.jpg","contentUrl":"https:\/\/www.plantedforests.org\/wp-content\/uploads\/2023\/12\/main-logo-1024x218.jpg"},{"@type":"BreadcrumbList","@id":"https:\/\/www.plantedforests.org\/icpf-2023\/presentations\/session-1\/#breadcrumb","itemListElement":[{"@type":"ListItem","position":1,"name":"Accueil","item":"https:\/\/www.plantedforests.org\/"},{"@type":"ListItem","position":2,"name":"ICPF 2023","item":"https:\/\/www.plantedforests.org\/pt\/icpf-2023\/"},{"@type":"ListItem","position":3,"name":"ICPF 2023 &#8211; Presentations","item":"https:\/\/www.plantedforests.org\/fr\/icpf-2023\/presentations\/"},{"@type":"ListItem","position":4,"name":"ICPF 2023 &#8211; Presentations &#8211; Session 1"}]},{"@type":"WebSite","@id":"https:\/\/www.plantedforests.org\/fr\/#website","url":"https:\/\/www.plantedforests.org\/fr\/","name":"Instituto Europeu De Floresta Plantada - IEFC","description":"A rede IEFC para a gest\u00e3o sustent\u00e1vel e resili\u00eancia das florestas cultivadas","publisher":{"@id":"https:\/\/www.plantedforests.org\/fr\/#organization"},"potentialAction":[{"@type":"SearchAction","target":{"@type":"EntryPoint","urlTemplate":"https:\/\/www.plantedforests.org\/fr\/?s={search_term_string}"},"query-input":{"@type":"PropertyValueSpecification","valueRequired":true,"valueName":"search_term_string"}}],"inLanguage":"pt-PT"},{"@type":"Organization","@id":"https:\/\/www.plantedforests.org\/fr\/#organization","name":"Institut Europ\u00e9en de la For\u00eat Cultiv\u00e9e - Plantedforests.org","url":"https:\/\/www.plantedforests.org\/fr\/","logo":{"@type":"ImageObject","inLanguage":"pt-PT","@id":"https:\/\/www.plantedforests.org\/fr\/#\/schema\/logo\/image\/","url":"https:\/\/www.plantedforests.org\/wp-content\/uploads\/2022\/07\/Logo_iefc__FR.png","contentUrl":"https:\/\/www.plantedforests.org\/wp-content\/uploads\/2022\/07\/Logo_iefc__FR.png","width":2031,"height":1001,"caption":"Institut Europ\u00e9en de la For\u00eat Cultiv\u00e9e - Plantedforests.org"},"image":{"@id":"https:\/\/www.plantedforests.org\/fr\/#\/schema\/logo\/image\/"},"sameAs":["https:\/\/x.com\/IEFCPlantForest","https:\/\/www.linkedin.com\/company\/71728047\/"]}]}},"_links":{"self":[{"href":"https:\/\/www.plantedforests.org\/pt\/wp-json\/wp\/v2\/pages\/14555","targetHints":{"allow":["GET"]}}],"collection":[{"href":"https:\/\/www.plantedforests.org\/pt\/wp-json\/wp\/v2\/pages"}],"about":[{"href":"https:\/\/www.plantedforests.org\/pt\/wp-json\/wp\/v2\/types\/page"}],"author":[{"embeddable":true,"href":"https:\/\/www.plantedforests.org\/pt\/wp-json\/wp\/v2\/users\/101"}],"replies":[{"embeddable":true,"href":"https:\/\/www.plantedforests.org\/pt\/wp-json\/wp\/v2\/comments?post=14555"}],"version-history":[{"count":2,"href":"https:\/\/www.plantedforests.org\/pt\/wp-json\/wp\/v2\/pages\/14555\/revisions"}],"predecessor-version":[{"id":14590,"href":"https:\/\/www.plantedforests.org\/pt\/wp-json\/wp\/v2\/pages\/14555\/revisions\/14590"}],"up":[{"embeddable":true,"href":"https:\/\/www.plantedforests.org\/pt\/wp-json\/wp\/v2\/pages\/14515"}],"wp:attachment":[{"href":"https:\/\/www.plantedforests.org\/pt\/wp-json\/wp\/v2\/media?parent=14555"}],"curies":[{"name":"wp","href":"https:\/\/api.w.org\/{rel}","templated":true}]}}