
{"id":10648,"date":"2023-03-07T09:58:45","date_gmt":"2023-03-07T08:58:45","guid":{"rendered":"https:\/\/www.plantedforests.org\/?page_id=10648"},"modified":"2025-12-08T16:23:54","modified_gmt":"2025-12-08T15:23:54","slug":"insectes-ravageurs-et-maladies-des-forets-du-sud-de-leurope","status":"publish","type":"page","link":"https:\/\/www.plantedforests.org\/pt\/infrastructures\/infrastructures-numeriques\/insectes-ravageurs-et-maladies-des-forets-du-sud-de-leurope\/","title":{"rendered":"Insectes ravageurs et maladies des for\u00eats du sud de l\u2019Europe"},"content":{"rendered":"\n<p>\u2013 \u00c9dition IEFC 2002 &#8211; Updated in 2022<\/p>\n\n\n\n<p><br>This guide has been designed for foresters in southern Europe by a group of French, Spanish and Portuguese experts. It contains removable, richly illustrated fact sheets on each of the main insects and fungi affecting the five most common tree species in our regions: pine, oak, poplar, eucalyptus and chestnut. Each sheet provides practical information on how to identify the insect or pathogenic fungus, learn about the damage it causes, review the risk factors and suggest control methods. The guide also lists the plant protection products authorised for use in forests and provides addresses of specialists to consult.<\/p>\n\n\n\n<p><br>Project EUROSILVASUR co-financed par l\u2019Union Europ\u00e9enne \u2013 Programme RECITE II<br>Available in French, Portuguese and Spanish.Contact IEFC or NEIKER or ISA<br><a href=\"https:\/\/www.plantedforests.org\/patho_liste\/\" target=\"_blank\" rel=\"noreferrer noopener\">Consultation en ligne<\/a><\/p>\n","protected":false},"excerpt":{"rendered":"<p>\u2013 \u00c9dition IEFC 2002 &#8211; Updated in 2022 This guide has been designed for foresters in southern Europe by a group of French, Spanish and Portuguese experts. It contains removable, [&hellip;]<\/p>\n","protected":false},"author":101,"featured_media":0,"parent":16917,"menu_order":0,"comment_status":"closed","ping_status":"closed","template":"","meta":{"_acf_changed":false,"_eb_attr":"","_EventAllDay":false,"_EventTimezone":"","_EventStartDate":"","_EventEndDate":"","_EventStartDateUTC":"","_EventEndDateUTC":"","_EventShowMap":false,"_EventShowMapLink":false,"_EventURL":"","_EventCost":"","_EventCostDescription":"","_EventCurrencySymbol":"","_EventCurrencyCode":"","_EventCurrencyPosition":"","_EventDateTimeSeparator":"","_EventTimeRangeSeparator":"","_EventOrganizerID":[],"_EventVenueID":[],"_OrganizerEmail":"","_OrganizerPhone":"","_OrganizerWebsite":"","_VenueAddress":"","_VenueCity":"","_VenueCountry":"","_VenueProvince":"","_VenueState":"","_VenueZip":"","_VenuePhone":"","_VenueURL":"","_VenueStateProvince":"","_VenueLat":"","_VenueLng":"","_VenueShowMap":false,"_VenueShowMapLink":false,"activitypub_content_warning":"","activitypub_content_visibility":"","activitypub_max_image_attachments":4,"activitypub_interaction_policy_quote":"anyone","activitypub_status":"federated","footnotes":""},"class_list":["post-10648","page","type-page","status-publish","hentry"],"translation":{"provider":"WPGlobus","version":"3.0.2","language":"pt","enabled_languages":["gb","fr","es","pt"],"languages":{"gb":{"title":true,"content":true,"excerpt":false},"fr":{"title":false,"content":true,"excerpt":false},"es":{"title":false,"content":false,"excerpt":false},"pt":{"title":false,"content":false,"excerpt":false}}},"acf":[],"yoast_head":"<!-- This site is optimized with the Yoast SEO plugin v27.4 - https:\/\/yoast.com\/product\/yoast-seo-wordpress\/ -->\n<title>Insectes ravageurs et maladies des for\u00eats du sud de l\u2019Europe - Instituto Europeu De Floresta Plantada - IEFC<\/title>\n<meta name=\"robots\" content=\"index, follow, max-snippet:-1, max-image-preview:large, max-video-preview:-1\" \/>\n<link rel=\"canonical\" href=\"https:\/\/www.plantedforests.org\/es\/infrastructures\/infrastructures-numeriques\/insectes-ravageurs-et-maladies-des-forets-du-sud-de-leurope\/\" \/>\n<meta property=\"og:locale\" content=\"pt_PT\" \/>\n<meta property=\"og:type\" content=\"article\" \/>\n<meta property=\"og:title\" content=\"Insectes ravageurs et maladies des for\u00eats du sud de l\u2019Europe - Instituto Europeu De Floresta Plantada - IEFC\" \/>\n<meta property=\"og:url\" content=\"https:\/\/www.plantedforests.org\/es\/infrastructures\/infrastructures-numeriques\/insectes-ravageurs-et-maladies-des-forets-du-sud-de-leurope\/\" \/>\n<meta property=\"og:site_name\" content=\"Instituto Europeu De Floresta Plantada - IEFC\" \/>\n<meta property=\"article:modified_time\" content=\"2025-12-08T15:23:54+00:00\" \/>\n<meta name=\"twitter:card\" content=\"summary_large_image\" \/>\n<meta name=\"twitter:site\" content=\"@IEFCPlantForest\" \/>\n<meta name=\"twitter:label1\" content=\"Tempo estimado de leitura\" \/>\n\t<meta name=\"twitter:data1\" content=\"1 minuto\" \/>\n<script type=\"application\/ld+json\" class=\"yoast-schema-graph\">{\"@context\":\"https:\\\/\\\/schema.org\",\"@graph\":[{\"@type\":\"WebPage\",\"@id\":\"https:\\\/\\\/www.plantedforests.org\\\/es\\\/infrastructures\\\/infrastructures-numeriques\\\/insectes-ravageurs-et-maladies-des-forets-du-sud-de-leurope\\\/\",\"url\":\"https:\\\/\\\/www.plantedforests.org\\\/es\\\/infrastructures\\\/infrastructures-numeriques\\\/insectes-ravageurs-et-maladies-des-forets-du-sud-de-leurope\\\/\",\"name\":\"Insectes ravageurs et maladies des for\u00eats du sud de l\u2019Europe - Instituto Europeu De Floresta Plantada - IEFC\",\"isPartOf\":{\"@id\":\"https:\\\/\\\/www.plantedforests.org\\\/fr\\\/#website\"},\"datePublished\":\"2023-03-07T08:58:45+00:00\",\"dateModified\":\"2025-12-08T15:23:54+00:00\",\"breadcrumb\":{\"@id\":\"https:\\\/\\\/www.plantedforests.org\\\/es\\\/infrastructures\\\/infrastructures-numeriques\\\/insectes-ravageurs-et-maladies-des-forets-du-sud-de-leurope\\\/#breadcrumb\"},\"inLanguage\":\"pt-PT\",\"potentialAction\":[{\"@type\":\"ReadAction\",\"target\":[\"https:\\\/\\\/www.plantedforests.org\\\/es\\\/infrastructures\\\/infrastructures-numeriques\\\/insectes-ravageurs-et-maladies-des-forets-du-sud-de-leurope\\\/\"]}]},{\"@type\":\"BreadcrumbList\",\"@id\":\"https:\\\/\\\/www.plantedforests.org\\\/es\\\/infrastructures\\\/infrastructures-numeriques\\\/insectes-ravageurs-et-maladies-des-forets-du-sud-de-leurope\\\/#breadcrumb\",\"itemListElement\":[{\"@type\":\"ListItem\",\"position\":1,\"name\":\"Accueil\",\"item\":\"https:\\\/\\\/www.plantedforests.org\\\/\"},{\"@type\":\"ListItem\",\"position\":2,\"name\":\"Infrastructures\",\"item\":\"https:\\\/\\\/www.plantedforests.org\\\/infrastructures\\\/\"},{\"@type\":\"ListItem\",\"position\":3,\"name\":\"Digital Infrastructures\",\"item\":\"https:\\\/\\\/www.plantedforests.org\\\/infrastructures\\\/infrastructures-numeriques\\\/\"},{\"@type\":\"ListItem\",\"position\":4,\"name\":\"Insectes ravageurs et maladies des for\u00eats du sud de l\u2019Europe\"}]},{\"@type\":\"WebSite\",\"@id\":\"https:\\\/\\\/www.plantedforests.org\\\/fr\\\/#website\",\"url\":\"https:\\\/\\\/www.plantedforests.org\\\/fr\\\/\",\"name\":\"Instituto Europeu De Floresta Plantada - IEFC\",\"description\":\"A rede IEFC para a gest\u00e3o sustent\u00e1vel e resili\u00eancia das florestas cultivadas\",\"publisher\":{\"@id\":\"https:\\\/\\\/www.plantedforests.org\\\/fr\\\/#organization\"},\"potentialAction\":[{\"@type\":\"SearchAction\",\"target\":{\"@type\":\"EntryPoint\",\"urlTemplate\":\"https:\\\/\\\/www.plantedforests.org\\\/fr\\\/?s={search_term_string}\"},\"query-input\":{\"@type\":\"PropertyValueSpecification\",\"valueRequired\":true,\"valueName\":\"search_term_string\"}}],\"inLanguage\":\"pt-PT\"},{\"@type\":\"Organization\",\"@id\":\"https:\\\/\\\/www.plantedforests.org\\\/fr\\\/#organization\",\"name\":\"Institut Europ\u00e9en de la For\u00eat Cultiv\u00e9e - Plantedforests.org\",\"url\":\"https:\\\/\\\/www.plantedforests.org\\\/fr\\\/\",\"logo\":{\"@type\":\"ImageObject\",\"inLanguage\":\"pt-PT\",\"@id\":\"https:\\\/\\\/www.plantedforests.org\\\/fr\\\/#\\\/schema\\\/logo\\\/image\\\/\",\"url\":\"https:\\\/\\\/www.plantedforests.org\\\/wp-content\\\/uploads\\\/2022\\\/07\\\/Logo_iefc__FR.png\",\"contentUrl\":\"https:\\\/\\\/www.plantedforests.org\\\/wp-content\\\/uploads\\\/2022\\\/07\\\/Logo_iefc__FR.png\",\"width\":2031,\"height\":1001,\"caption\":\"Institut Europ\u00e9en de la For\u00eat Cultiv\u00e9e - Plantedforests.org\"},\"image\":{\"@id\":\"https:\\\/\\\/www.plantedforests.org\\\/fr\\\/#\\\/schema\\\/logo\\\/image\\\/\"},\"sameAs\":[\"https:\\\/\\\/x.com\\\/IEFCPlantForest\",\"https:\\\/\\\/www.linkedin.com\\\/company\\\/71728047\\\/\"]}]}<\/script>\n<!-- \/ Yoast SEO plugin. -->","yoast_head_json":{"title":"Insectes ravageurs et maladies des for\u00eats du sud de l\u2019Europe - Instituto Europeu De Floresta Plantada - IEFC","robots":{"index":"index","follow":"follow","max-snippet":"max-snippet:-1","max-image-preview":"max-image-preview:large","max-video-preview":"max-video-preview:-1"},"canonical":"https:\/\/www.plantedforests.org\/es\/infrastructures\/infrastructures-numeriques\/insectes-ravageurs-et-maladies-des-forets-du-sud-de-leurope\/","og_locale":"pt_PT","og_type":"article","og_title":"Insectes ravageurs et maladies des for\u00eats du sud de l\u2019Europe - Instituto Europeu De Floresta Plantada - IEFC","og_url":"https:\/\/www.plantedforests.org\/es\/infrastructures\/infrastructures-numeriques\/insectes-ravageurs-et-maladies-des-forets-du-sud-de-leurope\/","og_site_name":"Instituto Europeu De Floresta Plantada - IEFC","article_modified_time":"2025-12-08T15:23:54+00:00","twitter_card":"summary_large_image","twitter_site":"@IEFCPlantForest","twitter_misc":{"Tempo estimado de leitura":"1 minuto"},"schema":{"@context":"https:\/\/schema.org","@graph":[{"@type":"WebPage","@id":"https:\/\/www.plantedforests.org\/es\/infrastructures\/infrastructures-numeriques\/insectes-ravageurs-et-maladies-des-forets-du-sud-de-leurope\/","url":"https:\/\/www.plantedforests.org\/es\/infrastructures\/infrastructures-numeriques\/insectes-ravageurs-et-maladies-des-forets-du-sud-de-leurope\/","name":"Insectes ravageurs et maladies des for\u00eats du sud de l\u2019Europe - Instituto Europeu De Floresta Plantada - IEFC","isPartOf":{"@id":"https:\/\/www.plantedforests.org\/fr\/#website"},"datePublished":"2023-03-07T08:58:45+00:00","dateModified":"2025-12-08T15:23:54+00:00","breadcrumb":{"@id":"https:\/\/www.plantedforests.org\/es\/infrastructures\/infrastructures-numeriques\/insectes-ravageurs-et-maladies-des-forets-du-sud-de-leurope\/#breadcrumb"},"inLanguage":"pt-PT","potentialAction":[{"@type":"ReadAction","target":["https:\/\/www.plantedforests.org\/es\/infrastructures\/infrastructures-numeriques\/insectes-ravageurs-et-maladies-des-forets-du-sud-de-leurope\/"]}]},{"@type":"BreadcrumbList","@id":"https:\/\/www.plantedforests.org\/es\/infrastructures\/infrastructures-numeriques\/insectes-ravageurs-et-maladies-des-forets-du-sud-de-leurope\/#breadcrumb","itemListElement":[{"@type":"ListItem","position":1,"name":"Accueil","item":"https:\/\/www.plantedforests.org\/"},{"@type":"ListItem","position":2,"name":"Infrastructures","item":"https:\/\/www.plantedforests.org\/infrastructures\/"},{"@type":"ListItem","position":3,"name":"Digital Infrastructures","item":"https:\/\/www.plantedforests.org\/infrastructures\/infrastructures-numeriques\/"},{"@type":"ListItem","position":4,"name":"Insectes ravageurs et maladies des for\u00eats du sud de l\u2019Europe"}]},{"@type":"WebSite","@id":"https:\/\/www.plantedforests.org\/fr\/#website","url":"https:\/\/www.plantedforests.org\/fr\/","name":"Instituto Europeu De Floresta Plantada - IEFC","description":"A rede IEFC para a gest\u00e3o sustent\u00e1vel e resili\u00eancia das florestas cultivadas","publisher":{"@id":"https:\/\/www.plantedforests.org\/fr\/#organization"},"potentialAction":[{"@type":"SearchAction","target":{"@type":"EntryPoint","urlTemplate":"https:\/\/www.plantedforests.org\/fr\/?s={search_term_string}"},"query-input":{"@type":"PropertyValueSpecification","valueRequired":true,"valueName":"search_term_string"}}],"inLanguage":"pt-PT"},{"@type":"Organization","@id":"https:\/\/www.plantedforests.org\/fr\/#organization","name":"Institut Europ\u00e9en de la For\u00eat Cultiv\u00e9e - Plantedforests.org","url":"https:\/\/www.plantedforests.org\/fr\/","logo":{"@type":"ImageObject","inLanguage":"pt-PT","@id":"https:\/\/www.plantedforests.org\/fr\/#\/schema\/logo\/image\/","url":"https:\/\/www.plantedforests.org\/wp-content\/uploads\/2022\/07\/Logo_iefc__FR.png","contentUrl":"https:\/\/www.plantedforests.org\/wp-content\/uploads\/2022\/07\/Logo_iefc__FR.png","width":2031,"height":1001,"caption":"Institut Europ\u00e9en de la For\u00eat Cultiv\u00e9e - Plantedforests.org"},"image":{"@id":"https:\/\/www.plantedforests.org\/fr\/#\/schema\/logo\/image\/"},"sameAs":["https:\/\/x.com\/IEFCPlantForest","https:\/\/www.linkedin.com\/company\/71728047\/"]}]}},"_links":{"self":[{"href":"https:\/\/www.plantedforests.org\/pt\/wp-json\/wp\/v2\/pages\/10648","targetHints":{"allow":["GET"]}}],"collection":[{"href":"https:\/\/www.plantedforests.org\/pt\/wp-json\/wp\/v2\/pages"}],"about":[{"href":"https:\/\/www.plantedforests.org\/pt\/wp-json\/wp\/v2\/types\/page"}],"author":[{"embeddable":true,"href":"https:\/\/www.plantedforests.org\/pt\/wp-json\/wp\/v2\/users\/101"}],"replies":[{"embeddable":true,"href":"https:\/\/www.plantedforests.org\/pt\/wp-json\/wp\/v2\/comments?post=10648"}],"version-history":[{"count":8,"href":"https:\/\/www.plantedforests.org\/pt\/wp-json\/wp\/v2\/pages\/10648\/revisions"}],"predecessor-version":[{"id":29114,"href":"https:\/\/www.plantedforests.org\/pt\/wp-json\/wp\/v2\/pages\/10648\/revisions\/29114"}],"up":[{"embeddable":true,"href":"https:\/\/www.plantedforests.org\/pt\/wp-json\/wp\/v2\/pages\/16917"}],"wp:attachment":[{"href":"https:\/\/www.plantedforests.org\/pt\/wp-json\/wp\/v2\/media?parent=10648"}],"curies":[{"name":"wp","href":"https:\/\/api.w.org\/{rel}","templated":true}]}}