
{"id":10358,"date":"2023-03-01T16:30:46","date_gmt":"2023-03-01T15:30:46","guid":{"rendered":"https:\/\/www.plantedforests.org\/?page_id=10358"},"modified":"2025-12-16T11:33:38","modified_gmt":"2025-12-16T10:33:38","slug":"status-and-governance-2","status":"publish","type":"page","link":"https:\/\/www.plantedforests.org\/pt\/status-and-governance-2\/","title":{"rendered":"Estatutos e Governa\u00e7\u00e3o"},"content":{"rendered":"<h2> Estatutos e Governan\u00e7a<\/h2>\n<p>\t\t\t\t\t\t\t\t\t\t\t\t\t\t\t<img fetchpriority=\"high\" decoding=\"async\" width=\"6912\" height=\"3456\" src=\"https:\/\/www.plantedforests.org\/wp-content\/uploads\/2023\/02\/Status-and-governance_PT.png\" alt=\"\" srcset=\"https:\/\/www.plantedforests.org\/wp-content\/uploads\/2023\/02\/Status-and-governance_PT.png 6912w, https:\/\/www.plantedforests.org\/wp-content\/uploads\/2023\/02\/Status-and-governance_PT-300x150.png 300w, https:\/\/www.plantedforests.org\/wp-content\/uploads\/2023\/02\/Status-and-governance_PT-1024x512.png 1024w, https:\/\/www.plantedforests.org\/wp-content\/uploads\/2023\/02\/Status-and-governance_PT-150x75.png 150w, https:\/\/www.plantedforests.org\/wp-content\/uploads\/2023\/02\/Status-and-governance_PT-768x384.png 768w, https:\/\/www.plantedforests.org\/wp-content\/uploads\/2023\/02\/Status-and-governance_PT-1536x768.png 1536w, https:\/\/www.plantedforests.org\/wp-content\/uploads\/2023\/02\/Status-and-governance_PT-2048x1024.png 2048w, https:\/\/www.plantedforests.org\/wp-content\/uploads\/2023\/02\/Status-and-governance_PT-1320x660.png 1320w\" sizes=\"(max-width: 6912px) 100vw, 6912px\" \/>\t\t\t\t\t\t\t\t\t\t\t\t\t\t\t<\/p>\n<p style=\"text-align: center;\"><strong>Conselho de Administra\u00e7\u00e3o (2022-2026)<\/strong><\/p>\n<section>O nosso Conselho de Administra\u00e7\u00e3o estabelece as nossas orienta\u00e7\u00f5es estrat\u00e9gicas e assegura a sua implementa\u00e7\u00e3o.<\/section>\n<p>\t\t\t\t\t\t\t\t\t\t\t\t\t\t\t<img decoding=\"async\" width=\"525\" height=\"525\" src=\"https:\/\/www.plantedforests.org\/wp-content\/uploads\/2023\/03\/Susana-Barreiro_president.png\" alt=\"\" srcset=\"https:\/\/www.plantedforests.org\/wp-content\/uploads\/2023\/03\/Susana-Barreiro_president.png 690w, https:\/\/www.plantedforests.org\/wp-content\/uploads\/2023\/03\/Susana-Barreiro_president-300x300.png 300w, https:\/\/www.plantedforests.org\/wp-content\/uploads\/2023\/03\/Susana-Barreiro_president-150x150.png 150w, https:\/\/www.plantedforests.org\/wp-content\/uploads\/2023\/03\/Susana-Barreiro_president-100x100.png 100w\" sizes=\"(max-width: 525px) 100vw, 525px\" \/><br \/>\n\t\t\t\t\t\t\t\t\t\t\t\t\t\t\t<img decoding=\"async\" width=\"525\" height=\"525\" src=\"https:\/\/www.plantedforests.org\/wp-content\/uploads\/2023\/03\/FRB-CS-Herve-Jactel_Webinar-IEFC.png\" alt=\"\" srcset=\"https:\/\/www.plantedforests.org\/wp-content\/uploads\/2023\/03\/FRB-CS-Herve-Jactel_Webinar-IEFC.png 690w, https:\/\/www.plantedforests.org\/wp-content\/uploads\/2023\/03\/FRB-CS-Herve-Jactel_Webinar-IEFC-300x300.png 300w, https:\/\/www.plantedforests.org\/wp-content\/uploads\/2023\/03\/FRB-CS-Herve-Jactel_Webinar-IEFC-150x150.png 150w, https:\/\/www.plantedforests.org\/wp-content\/uploads\/2023\/03\/FRB-CS-Herve-Jactel_Webinar-IEFC-100x100.png 100w\" sizes=\"(max-width: 525px) 100vw, 525px\" \/><br \/>\n\t\t\t\t\t\t\t\t\t\t\t\t\t\t\t<img loading=\"lazy\" decoding=\"async\" width=\"525\" height=\"525\" src=\"https:\/\/www.plantedforests.org\/wp-content\/uploads\/2023\/03\/Ander-Arias-Gonzalez-NEIKER-Spain.png\" alt=\"\" srcset=\"https:\/\/www.plantedforests.org\/wp-content\/uploads\/2023\/03\/Ander-Arias-Gonzalez-NEIKER-Spain.png 690w, https:\/\/www.plantedforests.org\/wp-content\/uploads\/2023\/03\/Ander-Arias-Gonzalez-NEIKER-Spain-300x300.png 300w, https:\/\/www.plantedforests.org\/wp-content\/uploads\/2023\/03\/Ander-Arias-Gonzalez-NEIKER-Spain-150x150.png 150w, https:\/\/www.plantedforests.org\/wp-content\/uploads\/2023\/03\/Ander-Arias-Gonzalez-NEIKER-Spain-100x100.png 100w\" sizes=\"(max-width: 525px) 100vw, 525px\" \/><br \/>\n\t\t\t\t\t\t\t\t\t\t\t\t\t\t\t<img loading=\"lazy\" decoding=\"async\" width=\"525\" height=\"525\" src=\"https:\/\/www.plantedforests.org\/wp-content\/uploads\/2023\/03\/Roland-de-Lary.png\" alt=\"\" srcset=\"https:\/\/www.plantedforests.org\/wp-content\/uploads\/2023\/03\/Roland-de-Lary.png 690w, https:\/\/www.plantedforests.org\/wp-content\/uploads\/2023\/03\/Roland-de-Lary-300x300.png 300w, https:\/\/www.plantedforests.org\/wp-content\/uploads\/2023\/03\/Roland-de-Lary-150x150.png 150w, https:\/\/www.plantedforests.org\/wp-content\/uploads\/2023\/03\/Roland-de-Lary-100x100.png 100w\" sizes=\"(max-width: 525px) 100vw, 525px\" \/>\t\t\t\t\t\t\t\t\t\t\t\t\t\t\t<\/p>\n<p style=\"text-align: center;\"><strong>Presidente<\/strong><\/p>\n<p style=\"text-align: center;\">Susana Barreiro (ISA, Portugal)<\/p>\n<p style=\"text-align: center;\"><strong>Vice-Presidente<\/strong><\/p>\n<p style=\"text-align: center;\">Herv\u00e9 Jactel (INRAE,\u00a0Fran\u00e7a)<\/p>\n<p style=\"text-align: center;\"><strong>Secret\u00e1rio<\/strong><\/p>\n<p style=\"text-align: center;\">Ander Arias Gonzalez (NEIKER,\u00a0Espanha)<strong><br \/><\/strong><\/p>\n<p style=\"text-align: center;\"><strong>Tesoureiro\u00a0<\/strong><\/p>\n<p style=\"text-align: center;\">Roland de Lary (CNPF,\u00a0Fran\u00e7a)<\/p>\n<h2>Outros membros<\/h2>\n<ul>\n<li>Nick McCarthy, (WIT, SETU, Irelanda)<\/li>\n<li>Leire Salaberria (USSE, Espanha)<\/li>\n<li>Felipe Bravo (Universit\u00e9 de Valladolid, Espanha)<\/li>\n<li>James Pendlebury (Forest Research, UK),<\/li>\n<li>Alain Bailly (FCBA, Fran\u00e7a)<\/li>\n<li>Marc Hanewinkel (University of Fribourg, Alemanha)<\/li>\n<\/ul>\n<h2>Presidentes honor\u00e1rios:<\/h2>\n<ul>\n<li>Ted Farrell (Ireland),<\/li>\n<li>Jean-Michel Carnus (Fran\u00e7a)<\/li>\n<\/ul>\n<h2>Documentos \u00fateis<\/h2>\n","protected":false},"excerpt":{"rendered":"<p>Estatutos e Governan\u00e7a Conselho de Administra\u00e7\u00e3o (2022-2026) O nosso Conselho de Administra\u00e7\u00e3o estabelece as nossas orienta\u00e7\u00f5es estrat\u00e9gicas e assegura a sua implementa\u00e7\u00e3o. Presidente Susana Barreiro (ISA, Portugal) Vice-Presidente Herv\u00e9 Jactel [&hellip;]<\/p>\n","protected":false},"author":101,"featured_media":0,"parent":0,"menu_order":0,"comment_status":"closed","ping_status":"closed","template":"","meta":{"_acf_changed":false,"_eb_attr":"","_EventAllDay":false,"_EventTimezone":"","_EventStartDate":"","_EventEndDate":"","_EventStartDateUTC":"","_EventEndDateUTC":"","_EventShowMap":false,"_EventShowMapLink":false,"_EventURL":"","_EventCost":"","_EventCostDescription":"","_EventCurrencySymbol":"","_EventCurrencyCode":"","_EventCurrencyPosition":"","_EventDateTimeSeparator":"","_EventTimeRangeSeparator":"","_EventOrganizerID":[],"_EventVenueID":[],"_OrganizerEmail":"","_OrganizerPhone":"","_OrganizerWebsite":"","_VenueAddress":"","_VenueCity":"","_VenueCountry":"","_VenueProvince":"","_VenueState":"","_VenueZip":"","_VenuePhone":"","_VenueURL":"","_VenueStateProvince":"","_VenueLat":"","_VenueLng":"","_VenueShowMap":false,"_VenueShowMapLink":false,"activitypub_content_warning":"","activitypub_content_visibility":"","activitypub_max_image_attachments":4,"activitypub_interaction_policy_quote":"anyone","activitypub_status":"federated","footnotes":""},"class_list":["post-10358","page","type-page","status-publish","hentry"],"translation":{"provider":"WPGlobus","version":"3.0.2","language":"pt","enabled_languages":["gb","fr","es","pt"],"languages":{"gb":{"title":true,"content":true,"excerpt":false},"fr":{"title":true,"content":true,"excerpt":false},"es":{"title":true,"content":true,"excerpt":false},"pt":{"title":true,"content":true,"excerpt":false}}},"acf":[],"yoast_head":"<!-- This site is optimized with the Yoast SEO plugin v27.4 - https:\/\/yoast.com\/product\/yoast-seo-wordpress\/ -->\n<title>Estatutos e Governa\u00e7\u00e3o - Instituto Europeu De Floresta Plantada - IEFC<\/title>\n<meta name=\"robots\" content=\"index, follow, max-snippet:-1, max-image-preview:large, max-video-preview:-1\" \/>\n<link rel=\"canonical\" href=\"https:\/\/www.plantedforests.org\/status-and-governance-2\/\" \/>\n<meta property=\"og:locale\" content=\"pt_PT\" \/>\n<meta property=\"og:type\" content=\"article\" \/>\n<meta property=\"og:title\" content=\"Estatutos e Governa\u00e7\u00e3o - Instituto Europeu De Floresta Plantada - IEFC\" \/>\n<meta property=\"og:url\" content=\"https:\/\/www.plantedforests.org\/status-and-governance-2\/\" \/>\n<meta property=\"og:site_name\" content=\"Instituto Europeu De Floresta Plantada - IEFC\" \/>\n<meta property=\"article:modified_time\" content=\"2025-12-16T10:33:38+00:00\" \/>\n<meta property=\"og:image\" content=\"https:\/\/www.plantedforests.org\/wp-content\/uploads\/2023\/02\/Status-and-governance_IEFC-EN.png\" \/>\n<meta name=\"twitter:card\" content=\"summary_large_image\" \/>\n<meta name=\"twitter:site\" content=\"@IEFCPlantForest\" \/>\n<meta name=\"twitter:label1\" content=\"Tempo estimado de leitura\" \/>\n\t<meta name=\"twitter:data1\" content=\"2 minutos\" \/>\n<script type=\"application\/ld+json\" class=\"yoast-schema-graph\">{\"@context\":\"https:\\\/\\\/schema.org\",\"@graph\":[{\"@type\":\"WebPage\",\"@id\":\"https:\\\/\\\/www.plantedforests.org\\\/status-and-governance-2\\\/\",\"url\":\"https:\\\/\\\/www.plantedforests.org\\\/status-and-governance-2\\\/\",\"name\":\"Estatutos e Governa\u00e7\u00e3o - Instituto Europeu De Floresta Plantada - IEFC\",\"isPartOf\":{\"@id\":\"https:\\\/\\\/www.plantedforests.org\\\/fr\\\/#website\"},\"primaryImageOfPage\":{\"@id\":\"https:\\\/\\\/www.plantedforests.org\\\/status-and-governance-2\\\/#primaryimage\"},\"image\":{\"@id\":\"https:\\\/\\\/www.plantedforests.org\\\/status-and-governance-2\\\/#primaryimage\"},\"thumbnailUrl\":\"https:\\\/\\\/www.plantedforests.org\\\/wp-content\\\/uploads\\\/2023\\\/02\\\/Status-and-governance_IEFC-EN.png\",\"datePublished\":\"2023-03-01T15:30:46+00:00\",\"dateModified\":\"2025-12-16T10:33:38+00:00\",\"breadcrumb\":{\"@id\":\"https:\\\/\\\/www.plantedforests.org\\\/status-and-governance-2\\\/#breadcrumb\"},\"inLanguage\":\"pt-PT\",\"potentialAction\":[{\"@type\":\"ReadAction\",\"target\":[\"https:\\\/\\\/www.plantedforests.org\\\/status-and-governance-2\\\/\"]}]},{\"@type\":\"ImageObject\",\"inLanguage\":\"pt-PT\",\"@id\":\"https:\\\/\\\/www.plantedforests.org\\\/status-and-governance-2\\\/#primaryimage\",\"url\":\"https:\\\/\\\/www.plantedforests.org\\\/wp-content\\\/uploads\\\/2023\\\/02\\\/Status-and-governance_IEFC-EN.png\",\"contentUrl\":\"https:\\\/\\\/www.plantedforests.org\\\/wp-content\\\/uploads\\\/2023\\\/02\\\/Status-and-governance_IEFC-EN.png\"},{\"@type\":\"BreadcrumbList\",\"@id\":\"https:\\\/\\\/www.plantedforests.org\\\/status-and-governance-2\\\/#breadcrumb\",\"itemListElement\":[{\"@type\":\"ListItem\",\"position\":1,\"name\":\"Accueil\",\"item\":\"https:\\\/\\\/www.plantedforests.org\\\/\"},{\"@type\":\"ListItem\",\"position\":2,\"name\":\"Status and Governance\"}]},{\"@type\":\"WebSite\",\"@id\":\"https:\\\/\\\/www.plantedforests.org\\\/fr\\\/#website\",\"url\":\"https:\\\/\\\/www.plantedforests.org\\\/fr\\\/\",\"name\":\"Instituto Europeu De Floresta Plantada - IEFC\",\"description\":\"A rede IEFC para a gest\u00e3o sustent\u00e1vel e resili\u00eancia das florestas cultivadas\",\"publisher\":{\"@id\":\"https:\\\/\\\/www.plantedforests.org\\\/fr\\\/#organization\"},\"potentialAction\":[{\"@type\":\"SearchAction\",\"target\":{\"@type\":\"EntryPoint\",\"urlTemplate\":\"https:\\\/\\\/www.plantedforests.org\\\/fr\\\/?s={search_term_string}\"},\"query-input\":{\"@type\":\"PropertyValueSpecification\",\"valueRequired\":true,\"valueName\":\"search_term_string\"}}],\"inLanguage\":\"pt-PT\"},{\"@type\":\"Organization\",\"@id\":\"https:\\\/\\\/www.plantedforests.org\\\/fr\\\/#organization\",\"name\":\"Institut Europ\u00e9en de la For\u00eat Cultiv\u00e9e - Plantedforests.org\",\"url\":\"https:\\\/\\\/www.plantedforests.org\\\/fr\\\/\",\"logo\":{\"@type\":\"ImageObject\",\"inLanguage\":\"pt-PT\",\"@id\":\"https:\\\/\\\/www.plantedforests.org\\\/fr\\\/#\\\/schema\\\/logo\\\/image\\\/\",\"url\":\"https:\\\/\\\/www.plantedforests.org\\\/wp-content\\\/uploads\\\/2022\\\/07\\\/Logo_iefc__FR.png\",\"contentUrl\":\"https:\\\/\\\/www.plantedforests.org\\\/wp-content\\\/uploads\\\/2022\\\/07\\\/Logo_iefc__FR.png\",\"width\":2031,\"height\":1001,\"caption\":\"Institut Europ\u00e9en de la For\u00eat Cultiv\u00e9e - Plantedforests.org\"},\"image\":{\"@id\":\"https:\\\/\\\/www.plantedforests.org\\\/fr\\\/#\\\/schema\\\/logo\\\/image\\\/\"},\"sameAs\":[\"https:\\\/\\\/x.com\\\/IEFCPlantForest\",\"https:\\\/\\\/www.linkedin.com\\\/company\\\/71728047\\\/\"]}]}<\/script>\n<!-- \/ Yoast SEO plugin. -->","yoast_head_json":{"title":"Estatutos e Governa\u00e7\u00e3o - Instituto Europeu De Floresta Plantada - IEFC","robots":{"index":"index","follow":"follow","max-snippet":"max-snippet:-1","max-image-preview":"max-image-preview:large","max-video-preview":"max-video-preview:-1"},"canonical":"https:\/\/www.plantedforests.org\/status-and-governance-2\/","og_locale":"pt_PT","og_type":"article","og_title":"Estatutos e Governa\u00e7\u00e3o - Instituto Europeu De Floresta Plantada - IEFC","og_url":"https:\/\/www.plantedforests.org\/status-and-governance-2\/","og_site_name":"Instituto Europeu De Floresta Plantada - IEFC","article_modified_time":"2025-12-16T10:33:38+00:00","og_image":[{"url":"https:\/\/www.plantedforests.org\/wp-content\/uploads\/2023\/02\/Status-and-governance_IEFC-EN.png","type":"","width":"","height":""}],"twitter_card":"summary_large_image","twitter_site":"@IEFCPlantForest","twitter_misc":{"Tempo estimado de leitura":"2 minutos"},"schema":{"@context":"https:\/\/schema.org","@graph":[{"@type":"WebPage","@id":"https:\/\/www.plantedforests.org\/status-and-governance-2\/","url":"https:\/\/www.plantedforests.org\/status-and-governance-2\/","name":"Estatutos e Governa\u00e7\u00e3o - Instituto Europeu De Floresta Plantada - IEFC","isPartOf":{"@id":"https:\/\/www.plantedforests.org\/fr\/#website"},"primaryImageOfPage":{"@id":"https:\/\/www.plantedforests.org\/status-and-governance-2\/#primaryimage"},"image":{"@id":"https:\/\/www.plantedforests.org\/status-and-governance-2\/#primaryimage"},"thumbnailUrl":"https:\/\/www.plantedforests.org\/wp-content\/uploads\/2023\/02\/Status-and-governance_IEFC-EN.png","datePublished":"2023-03-01T15:30:46+00:00","dateModified":"2025-12-16T10:33:38+00:00","breadcrumb":{"@id":"https:\/\/www.plantedforests.org\/status-and-governance-2\/#breadcrumb"},"inLanguage":"pt-PT","potentialAction":[{"@type":"ReadAction","target":["https:\/\/www.plantedforests.org\/status-and-governance-2\/"]}]},{"@type":"ImageObject","inLanguage":"pt-PT","@id":"https:\/\/www.plantedforests.org\/status-and-governance-2\/#primaryimage","url":"https:\/\/www.plantedforests.org\/wp-content\/uploads\/2023\/02\/Status-and-governance_IEFC-EN.png","contentUrl":"https:\/\/www.plantedforests.org\/wp-content\/uploads\/2023\/02\/Status-and-governance_IEFC-EN.png"},{"@type":"BreadcrumbList","@id":"https:\/\/www.plantedforests.org\/status-and-governance-2\/#breadcrumb","itemListElement":[{"@type":"ListItem","position":1,"name":"Accueil","item":"https:\/\/www.plantedforests.org\/"},{"@type":"ListItem","position":2,"name":"Status and Governance"}]},{"@type":"WebSite","@id":"https:\/\/www.plantedforests.org\/fr\/#website","url":"https:\/\/www.plantedforests.org\/fr\/","name":"Instituto Europeu De Floresta Plantada - IEFC","description":"A rede IEFC para a gest\u00e3o sustent\u00e1vel e resili\u00eancia das florestas cultivadas","publisher":{"@id":"https:\/\/www.plantedforests.org\/fr\/#organization"},"potentialAction":[{"@type":"SearchAction","target":{"@type":"EntryPoint","urlTemplate":"https:\/\/www.plantedforests.org\/fr\/?s={search_term_string}"},"query-input":{"@type":"PropertyValueSpecification","valueRequired":true,"valueName":"search_term_string"}}],"inLanguage":"pt-PT"},{"@type":"Organization","@id":"https:\/\/www.plantedforests.org\/fr\/#organization","name":"Institut Europ\u00e9en de la For\u00eat Cultiv\u00e9e - Plantedforests.org","url":"https:\/\/www.plantedforests.org\/fr\/","logo":{"@type":"ImageObject","inLanguage":"pt-PT","@id":"https:\/\/www.plantedforests.org\/fr\/#\/schema\/logo\/image\/","url":"https:\/\/www.plantedforests.org\/wp-content\/uploads\/2022\/07\/Logo_iefc__FR.png","contentUrl":"https:\/\/www.plantedforests.org\/wp-content\/uploads\/2022\/07\/Logo_iefc__FR.png","width":2031,"height":1001,"caption":"Institut Europ\u00e9en de la For\u00eat Cultiv\u00e9e - Plantedforests.org"},"image":{"@id":"https:\/\/www.plantedforests.org\/fr\/#\/schema\/logo\/image\/"},"sameAs":["https:\/\/x.com\/IEFCPlantForest","https:\/\/www.linkedin.com\/company\/71728047\/"]}]}},"_links":{"self":[{"href":"https:\/\/www.plantedforests.org\/pt\/wp-json\/wp\/v2\/pages\/10358","targetHints":{"allow":["GET"]}}],"collection":[{"href":"https:\/\/www.plantedforests.org\/pt\/wp-json\/wp\/v2\/pages"}],"about":[{"href":"https:\/\/www.plantedforests.org\/pt\/wp-json\/wp\/v2\/types\/page"}],"author":[{"embeddable":true,"href":"https:\/\/www.plantedforests.org\/pt\/wp-json\/wp\/v2\/users\/101"}],"replies":[{"embeddable":true,"href":"https:\/\/www.plantedforests.org\/pt\/wp-json\/wp\/v2\/comments?post=10358"}],"version-history":[{"count":191,"href":"https:\/\/www.plantedforests.org\/pt\/wp-json\/wp\/v2\/pages\/10358\/revisions"}],"predecessor-version":[{"id":29332,"href":"https:\/\/www.plantedforests.org\/pt\/wp-json\/wp\/v2\/pages\/10358\/revisions\/29332"}],"wp:attachment":[{"href":"https:\/\/www.plantedforests.org\/pt\/wp-json\/wp\/v2\/media?parent=10358"}],"curies":[{"name":"wp","href":"https:\/\/api.w.org\/{rel}","templated":true}]}}