
{"id":8268,"date":"2022-12-20T15:07:27","date_gmt":"2022-12-20T14:07:27","guid":{"rendered":"https:\/\/www.iefc.net\/?page_id=8268"},"modified":"2024-08-27T14:35:14","modified_gmt":"2024-08-27T12:35:14","slug":"committee-list","status":"publish","type":"page","link":"https:\/\/www.plantedforests.org\/fr\/committee-list\/","title":{"rendered":"Liste des Comit\u00e9s"},"content":{"rendered":"<h2>Liste des Comit\u00e9s<\/h2>\t\t\n\t\t<!-- \/wp:post-content --><!-- wp:paragraph {\"textColor\":\"black\"} -->\n<p><strong>L&rsquo;IEFC est membre de <\/strong><\/p>\n<!-- \/wp:paragraph --><!-- wp:group {\"layout\":{\"type\":\"constrained\"}} -->\n<!-- wp:group {\"layout\":{\"type\":\"constrained\"}} -->\n<!-- wp:group {\"layout\":{\"type\":\"flex\",\"orientation\":\"vertical\"}} -->\n<!-- wp:paragraph {\"textColor\":\"black\"} -->\n<p><a href=\"https:\/\/www.iufro.org\/science\/task-forces\/resilient-planted-forests\/\" target=\"_blank\" rel=\"noreferrer noopener\">IUFRO <\/a>(International Union of Forest Research Organizations)<a href=\"https:\/\/www.iufro.org\/science\/task-forces\/resilient-planted-forests\/\" target=\"_blank\" rel=\"noreferrer noopener\">:<\/a> <a href=\"http:\/\/&quot;https:\/\/www.iufro.org\/science\/task-forces\/resilient-planted-forests\/&quot;\" target=\"_blank\" rel=\"noreferrer noopener\">Coordination task force IUFRO<\/a> et de <a href=\"https:\/\/www.iufro.org\/science\/divisions\/division-8\/80000\/80300\/80306\/activities\/\" target=\"_blank\" rel=\"noreferrer noopener\">l&rsquo;unit\u00e9 Unit 8.03.0<\/a><\/p>\n<!-- \/wp:paragraph --><!-- wp:paragraph {\"textColor\":\"black\"} -->\n<p><a href=\"https:\/\/www.fao.org\/home\/en\/\" target=\"_blank\" rel=\"noreferrer noopener\">FAO<\/a> (Food and Agriculture Organization) : Comittee on Forestry<\/p>\n<!-- \/wp:paragraph --><!-- wp:paragraph {\"textColor\":\"black\"} -->\n<p><a href=\"https:\/\/efi.int\/\" target=\"_blank\" rel=\"noreferrer noopener\">EFI <\/a>(European forest Institute)<\/p>\n<!-- \/wp:paragraph --><!-- wp:paragraph {\"textColor\":\"black\"} -->\n<p><a href=\"https:\/\/forext.eu\/\" target=\"_blank\" rel=\"noreferrer noopener\">FOREXT<\/a>\u00a0(Forest Extension network)<\/p>\n<!-- \/wp:paragraph --><!-- wp:paragraph -->\n<p><a href=\"http:\/\/xylofutur.fr\/\" target=\"_blank\" rel=\"noreferrer noopener\">Xylofutur<\/a><\/p>\n<!-- \/wp:paragraph --><!-- wp:paragraph -->\n<p><a href=\"https:\/\/www.france-douglas.com\/\" target=\"_blank\" rel=\"noreferrer noopener\">France Douglas<\/a><\/p>\n<!-- \/wp:paragraph -->\n<!-- \/wp:group -->\n<!-- \/wp:group -->\n<!-- \/wp:group --><!-- wp:spacer {\"height\":\"22px\"} -->\n\u00a0\n<!-- \/wp:spacer --><!-- wp:paragraph {\"textColor\":\"black\"} -->\n<p><strong>Liste des comit\u00e9s auquel l\u2019IEFC participe<\/strong>:<\/p>\n<!-- wp:paragraph {\"style\":{\"color\":{\"text\":\"#006633\"}}} -->\n<p style=\"color: #006633;\"><strong>IUFRO :<\/strong><\/p>\n<!-- \/wp:paragraph --><!-- wp:group {\"layout\":{\"type\":\"flex\",\"orientation\":\"vertical\"}} -->\n<!-- wp:paragraph {\"textColor\":\"black\"} -->\n<p><strong>2018\u00a0:<\/strong> Comit\u00e9 scientifique et comit\u00e9 d\u2019organisation du congr\u00e8s forestier mondial pour les for\u00eats cultiv\u00e9es<\/p>\n<p><strong>2019-2024 : <\/strong>Coordination task force Resilient planted forests serving society and bioeconomy<\/p>\n<!-- \/wp:paragraph --><!-- wp:paragraph {\"style\":{\"color\":{\"text\":\"#006633\"}}} -->\n<p style=\"color: #006633;\"><strong>Comit\u00e9s scientifiques et techniques<\/strong><\/p>\n<!-- \/wp:paragraph --><!-- wp:group {\"layout\":{\"type\":\"constrained\"}} -->\n<!-- wp:group {\"layout\":{\"type\":\"flex\",\"orientation\":\"vertical\"}} -->\n<!-- wp:paragraph {\"textColor\":\"black\"} -->\n<p><strong>Depuis 2021\u00a0:<\/strong> \u00c9diteur associ\u00e9 \u00e0 <a href=\"https:\/\/www.frontiersin.org\/\" target=\"_blank\" rel=\"noreferrer noopener\">Frontiers<\/a><\/p>\n<!-- \/wp:paragraph --><!-- wp:paragraph {\"textColor\":\"black\"} -->\n<p><strong>Depuis 2020 :<\/strong> Comit\u00e9 scientifique <a href=\"https:\/\/groupama-forets.com\/\" target=\"_blank\" rel=\"noreferrer noopener\">MISSO GROUPAMA<\/a><\/p>\n<!-- \/wp:paragraph --><!-- wp:paragraph {\"textColor\":\"black\"} -->\n<p><strong>Depuis 2016 : <\/strong>\u00c9diteur associ\u00e9 aux Annales des Sciences Foresti\u00e8res<\/p>\n<!-- \/wp:paragraph --><!-- wp:paragraph {\"textColor\":\"black\"} -->\n<p><strong>Depuis 2015 : <\/strong>Comit\u00e9 scientifique du <a href=\"https:\/\/www.parc-landes-de-gascogne.fr\/P\" target=\"_blank\" rel=\"noreferrer noopener\">Parc naturel r\u00e9gional des Landes de Gascogne<\/a><\/p>\n<!-- \/wp:paragraph --><!-- wp:paragraph {\"textColor\":\"black\"} -->\n<p><strong>Depuis 2014 :<\/strong> Comit\u00e9 scientifique du p\u00f4le de comp\u00e9titivit\u00e9 <a href=\"http:\/\/xylofutur.fr\/\" target=\"_blank\" rel=\"noreferrer noopener\">XYLOFUTUR<\/a><\/p>\n<!-- \/wp:paragraph --><!-- wp:paragraph {\"textColor\":\"black\"} -->\n<p><strong>Depuis 2010 :<\/strong> \u00c9diteur associ\u00e9 au Spanish Journal of Rural Development<\/p>\n<!-- \/wp:paragraph -->\n<!-- \/wp:group -->\n<!-- \/wp:group --><!-- wp:spacer {\"height\":\"21px\"} \/--><!-- wp:paragraph {\"style\":{\"color\":{\"text\":\"#006633\"}}} -->\n<p style=\"color: #006633;\"><strong>Comit\u00e9s de pilotage<\/strong><\/p>\n<!-- \/wp:paragraph --><!-- wp:paragraph {\"textColor\":\"black\"} -->\n<p><strong>Depuis 2015 : <\/strong>Les indicateurs de gestion durable -for\u00eats fran\u00e7aises 2020 &#8211; IFN.<\/p>\n<!-- \/wp:paragraph --><!-- wp:paragraph {\"style\":{\"color\":{\"text\":\"#006633\"}}} -->\n<!-- \/wp:paragraph -->\n<!-- \/wp:group --><!-- wp:spacer {\"height\":\"21px\"} \/--><!-- wp:paragraph {\"style\":{\"color\":{\"text\":\"#006633\"}}} -->\n<p style=\"color: #006633;\"><strong>Actions COST<\/strong><\/p>\n<!-- \/wp:paragraph --><!-- wp:paragraph {\"textColor\":\"black\"} -->\n<p>PEN-CAFoRR &#8211; COST Action CA19128 : Pan-European Network<\/p>\n<p><a href=\"https:\/\/www.cost.eu\/actions\/CA22141\/\" target=\"_blank\" rel=\"noopener\">CA22141 &#8211; Integrated DSS for delivery of ecosystem services based on EU forest policies (DSS4ES)<\/a><\/p>\n<!-- wp:paragraph {\"style\":{\"color\":{\"text\":\"#006633\"}}} -->\n<p style=\"color: #006633;\"><strong>Communication<\/strong><\/p>\n<p>L&rsquo;IEFC est membre de :<\/p>\n<p><a href=\"https:\/\/www.apacom.fr\/\" target=\"_blank\" rel=\"noopener\">APACOM<\/a> (Association des Professionnels de la Communication)<\/p>\n<p><a href=\"https:\/\/www.club-presse-bordeaux.fr\/\" target=\"_blank\" rel=\"noopener\">Club de la Presse de Bordeaux<\/a><\/p>\n<!-- \/wp:paragraph --><!-- \/wp:paragraph -->","protected":false},"excerpt":{"rendered":"<p>Liste des Comit\u00e9s L&rsquo;IEFC est membre de IUFRO (International Union of Forest Research Organizations): Coordination task force IUFRO et de l&rsquo;unit\u00e9 Unit 8.03.0 FAO (Food and Agriculture Organization) : Comittee [&hellip;]<\/p>\n","protected":false},"author":101,"featured_media":0,"parent":0,"menu_order":0,"comment_status":"closed","ping_status":"closed","template":"","meta":{"_acf_changed":false,"_eb_attr":"","_EventAllDay":false,"_EventTimezone":"","_EventStartDate":"","_EventEndDate":"","_EventStartDateUTC":"","_EventEndDateUTC":"","_EventShowMap":false,"_EventShowMapLink":false,"_EventURL":"","_EventCost":"","_EventCostDescription":"","_EventCurrencySymbol":"","_EventCurrencyCode":"","_EventCurrencyPosition":"","_EventDateTimeSeparator":"","_EventTimeRangeSeparator":"","_EventOrganizerID":[],"_EventVenueID":[],"_OrganizerEmail":"","_OrganizerPhone":"","_OrganizerWebsite":"","_VenueAddress":"","_VenueCity":"","_VenueCountry":"","_VenueProvince":"","_VenueState":"","_VenueZip":"","_VenuePhone":"","_VenueURL":"","_VenueStateProvince":"","_VenueLat":"","_VenueLng":"","_VenueShowMap":false,"_VenueShowMapLink":false,"activitypub_content_warning":"","activitypub_content_visibility":"","activitypub_max_image_attachments":4,"activitypub_interaction_policy_quote":"anyone","activitypub_status":"","footnotes":""},"class_list":["post-8268","page","type-page","status-publish","hentry"],"translation":{"provider":"WPGlobus","version":"3.0.2","language":"fr","enabled_languages":["gb","fr","es","pt"],"languages":{"gb":{"title":true,"content":true,"excerpt":false},"fr":{"title":true,"content":true,"excerpt":false},"es":{"title":false,"content":false,"excerpt":false},"pt":{"title":false,"content":false,"excerpt":false}}},"acf":[],"yoast_head":"<!-- This site is optimized with the Yoast SEO plugin v27.3 - https:\/\/yoast.com\/product\/yoast-seo-wordpress\/ -->\n<title>Liste des Comit\u00e9s - Institut Europ\u00e9en de la For\u00eat Cultiv\u00e9e - IEFC<\/title>\n<meta name=\"robots\" content=\"index, follow, max-snippet:-1, max-image-preview:large, max-video-preview:-1\" \/>\n<link rel=\"canonical\" href=\"https:\/\/www.plantedforests.org\/es\/committee-list\/\" \/>\n<meta property=\"og:locale\" content=\"fr_FR\" \/>\n<meta property=\"og:type\" content=\"article\" \/>\n<meta property=\"og:title\" content=\"Liste des Comit\u00e9s - Institut Europ\u00e9en de la For\u00eat Cultiv\u00e9e - IEFC\" \/>\n<meta property=\"og:url\" content=\"https:\/\/www.plantedforests.org\/es\/committee-list\/\" \/>\n<meta property=\"og:site_name\" content=\"Institut Europ\u00e9en de la For\u00eat Cultiv\u00e9e - IEFC\" \/>\n<meta property=\"article:modified_time\" content=\"2024-08-27T12:35:14+00:00\" \/>\n<meta name=\"twitter:card\" content=\"summary_large_image\" \/>\n<meta name=\"twitter:site\" content=\"@IEFCPlantForest\" \/>\n<meta name=\"twitter:label1\" content=\"Dur\u00e9e de lecture estim\u00e9e\" \/>\n\t<meta name=\"twitter:data1\" content=\"1 minute\" \/>\n<script type=\"application\/ld+json\" class=\"yoast-schema-graph\">{\"@context\":\"https:\\\/\\\/schema.org\",\"@graph\":[{\"@type\":\"WebPage\",\"@id\":\"https:\\\/\\\/www.plantedforests.org\\\/es\\\/committee-list\\\/\",\"url\":\"https:\\\/\\\/www.plantedforests.org\\\/es\\\/committee-list\\\/\",\"name\":\"Liste des Comit\u00e9s - Institut Europ\u00e9en de la For\u00eat Cultiv\u00e9e - IEFC\",\"isPartOf\":{\"@id\":\"https:\\\/\\\/www.plantedforests.org\\\/fr\\\/#website\"},\"datePublished\":\"2022-12-20T14:07:27+00:00\",\"dateModified\":\"2024-08-27T12:35:14+00:00\",\"description\":\"L'IEFC collabore avec de nombreux partenaires.\",\"breadcrumb\":{\"@id\":\"https:\\\/\\\/www.plantedforests.org\\\/es\\\/committee-list\\\/#breadcrumb\"},\"inLanguage\":\"fr-FR\",\"potentialAction\":[{\"@type\":\"ReadAction\",\"target\":[\"https:\\\/\\\/www.plantedforests.org\\\/es\\\/committee-list\\\/\"]}]},{\"@type\":\"BreadcrumbList\",\"@id\":\"https:\\\/\\\/www.plantedforests.org\\\/es\\\/committee-list\\\/#breadcrumb\",\"itemListElement\":[{\"@type\":\"ListItem\",\"position\":1,\"name\":\"Accueil\",\"item\":\"https:\\\/\\\/www.plantedforests.org\\\/\"},{\"@type\":\"ListItem\",\"position\":2,\"name\":\"Committee list\"}]},{\"@type\":\"WebSite\",\"@id\":\"https:\\\/\\\/www.plantedforests.org\\\/fr\\\/#website\",\"url\":\"https:\\\/\\\/www.plantedforests.org\\\/fr\\\/\",\"name\":\"Institut Europ\u00e9en de la For\u00eat Cultiv\u00e9e - IEFC\",\"description\":\"Le r\u00e9seau multi-acteur pour la gestion durable et la r\u00e9silience des for\u00eats cultiv\u00e9es\",\"publisher\":{\"@id\":\"https:\\\/\\\/www.plantedforests.org\\\/fr\\\/#organization\"},\"potentialAction\":[{\"@type\":\"SearchAction\",\"target\":{\"@type\":\"EntryPoint\",\"urlTemplate\":\"https:\\\/\\\/www.plantedforests.org\\\/fr\\\/?s={search_term_string}\"},\"query-input\":{\"@type\":\"PropertyValueSpecification\",\"valueRequired\":true,\"valueName\":\"search_term_string\"}}],\"inLanguage\":\"fr-FR\"},{\"@type\":\"Organization\",\"@id\":\"https:\\\/\\\/www.plantedforests.org\\\/fr\\\/#organization\",\"name\":\"Institut Europ\u00e9en de la For\u00eat Cultiv\u00e9e - Plantedforests.org\",\"url\":\"https:\\\/\\\/www.plantedforests.org\\\/fr\\\/\",\"logo\":{\"@type\":\"ImageObject\",\"inLanguage\":\"fr-FR\",\"@id\":\"https:\\\/\\\/www.plantedforests.org\\\/fr\\\/#\\\/schema\\\/logo\\\/image\\\/\",\"url\":\"https:\\\/\\\/www.plantedforests.org\\\/wp-content\\\/uploads\\\/2022\\\/07\\\/Logo_iefc__FR.png\",\"contentUrl\":\"https:\\\/\\\/www.plantedforests.org\\\/wp-content\\\/uploads\\\/2022\\\/07\\\/Logo_iefc__FR.png\",\"width\":2031,\"height\":1001,\"caption\":\"Institut Europ\u00e9en de la For\u00eat Cultiv\u00e9e - Plantedforests.org\"},\"image\":{\"@id\":\"https:\\\/\\\/www.plantedforests.org\\\/fr\\\/#\\\/schema\\\/logo\\\/image\\\/\"},\"sameAs\":[\"https:\\\/\\\/x.com\\\/IEFCPlantForest\",\"https:\\\/\\\/www.linkedin.com\\\/company\\\/71728047\\\/\"]}]}<\/script>\n<!-- \/ Yoast SEO plugin. -->","yoast_head_json":{"title":"Liste des Comit\u00e9s - Institut Europ\u00e9en de la For\u00eat Cultiv\u00e9e - IEFC","robots":{"index":"index","follow":"follow","max-snippet":"max-snippet:-1","max-image-preview":"max-image-preview:large","max-video-preview":"max-video-preview:-1"},"canonical":"https:\/\/www.plantedforests.org\/es\/committee-list\/","og_locale":"fr_FR","og_type":"article","og_title":"Liste des Comit\u00e9s - Institut Europ\u00e9en de la For\u00eat Cultiv\u00e9e - IEFC","og_url":"https:\/\/www.plantedforests.org\/es\/committee-list\/","og_site_name":"Institut Europ\u00e9en de la For\u00eat Cultiv\u00e9e - IEFC","article_modified_time":"2024-08-27T12:35:14+00:00","twitter_card":"summary_large_image","twitter_site":"@IEFCPlantForest","twitter_misc":{"Dur\u00e9e de lecture estim\u00e9e":"1 minute"},"schema":{"@context":"https:\/\/schema.org","@graph":[{"@type":"WebPage","@id":"https:\/\/www.plantedforests.org\/es\/committee-list\/","url":"https:\/\/www.plantedforests.org\/es\/committee-list\/","name":"Liste des Comit\u00e9s - Institut Europ\u00e9en de la For\u00eat Cultiv\u00e9e - IEFC","isPartOf":{"@id":"https:\/\/www.plantedforests.org\/fr\/#website"},"datePublished":"2022-12-20T14:07:27+00:00","dateModified":"2024-08-27T12:35:14+00:00","description":"L'IEFC collabore avec de nombreux partenaires.","breadcrumb":{"@id":"https:\/\/www.plantedforests.org\/es\/committee-list\/#breadcrumb"},"inLanguage":"fr-FR","potentialAction":[{"@type":"ReadAction","target":["https:\/\/www.plantedforests.org\/es\/committee-list\/"]}]},{"@type":"BreadcrumbList","@id":"https:\/\/www.plantedforests.org\/es\/committee-list\/#breadcrumb","itemListElement":[{"@type":"ListItem","position":1,"name":"Accueil","item":"https:\/\/www.plantedforests.org\/"},{"@type":"ListItem","position":2,"name":"Committee list"}]},{"@type":"WebSite","@id":"https:\/\/www.plantedforests.org\/fr\/#website","url":"https:\/\/www.plantedforests.org\/fr\/","name":"Institut Europ\u00e9en de la For\u00eat Cultiv\u00e9e - IEFC","description":"Le r\u00e9seau multi-acteur pour la gestion durable et la r\u00e9silience des for\u00eats cultiv\u00e9es","publisher":{"@id":"https:\/\/www.plantedforests.org\/fr\/#organization"},"potentialAction":[{"@type":"SearchAction","target":{"@type":"EntryPoint","urlTemplate":"https:\/\/www.plantedforests.org\/fr\/?s={search_term_string}"},"query-input":{"@type":"PropertyValueSpecification","valueRequired":true,"valueName":"search_term_string"}}],"inLanguage":"fr-FR"},{"@type":"Organization","@id":"https:\/\/www.plantedforests.org\/fr\/#organization","name":"Institut Europ\u00e9en de la For\u00eat Cultiv\u00e9e - Plantedforests.org","url":"https:\/\/www.plantedforests.org\/fr\/","logo":{"@type":"ImageObject","inLanguage":"fr-FR","@id":"https:\/\/www.plantedforests.org\/fr\/#\/schema\/logo\/image\/","url":"https:\/\/www.plantedforests.org\/wp-content\/uploads\/2022\/07\/Logo_iefc__FR.png","contentUrl":"https:\/\/www.plantedforests.org\/wp-content\/uploads\/2022\/07\/Logo_iefc__FR.png","width":2031,"height":1001,"caption":"Institut Europ\u00e9en de la For\u00eat Cultiv\u00e9e - Plantedforests.org"},"image":{"@id":"https:\/\/www.plantedforests.org\/fr\/#\/schema\/logo\/image\/"},"sameAs":["https:\/\/x.com\/IEFCPlantForest","https:\/\/www.linkedin.com\/company\/71728047\/"]}]}},"_links":{"self":[{"href":"https:\/\/www.plantedforests.org\/fr\/wp-json\/wp\/v2\/pages\/8268","targetHints":{"allow":["GET"]}}],"collection":[{"href":"https:\/\/www.plantedforests.org\/fr\/wp-json\/wp\/v2\/pages"}],"about":[{"href":"https:\/\/www.plantedforests.org\/fr\/wp-json\/wp\/v2\/types\/page"}],"author":[{"embeddable":true,"href":"https:\/\/www.plantedforests.org\/fr\/wp-json\/wp\/v2\/users\/101"}],"replies":[{"embeddable":true,"href":"https:\/\/www.plantedforests.org\/fr\/wp-json\/wp\/v2\/comments?post=8268"}],"version-history":[{"count":69,"href":"https:\/\/www.plantedforests.org\/fr\/wp-json\/wp\/v2\/pages\/8268\/revisions"}],"predecessor-version":[{"id":19766,"href":"https:\/\/www.plantedforests.org\/fr\/wp-json\/wp\/v2\/pages\/8268\/revisions\/19766"}],"wp:attachment":[{"href":"https:\/\/www.plantedforests.org\/fr\/wp-json\/wp\/v2\/media?parent=8268"}],"curies":[{"name":"wp","href":"https:\/\/api.w.org\/{rel}","templated":true}]}}