
{"id":8143,"date":"2023-09-15T12:30:49","date_gmt":"2023-09-15T10:30:49","guid":{"rendered":"https:\/\/www.iefc.net\/?page_id=8143"},"modified":"2025-12-09T10:29:10","modified_gmt":"2025-12-09T09:29:10","slug":"planted-forests-reports","status":"publish","type":"page","link":"https:\/\/www.plantedforests.org\/fr\/planted-forests-reports\/","title":{"rendered":"Planted Forests Reports"},"content":{"rendered":"\n<figure class=\"wp-block-image size-large is-resized\"><img fetchpriority=\"high\" decoding=\"async\" width=\"1024\" height=\"183\" src=\"https:\/\/www.plantedforests.org\/wp-content\/uploads\/2022\/12\/Planted-Forests-Reports-1024x183.png\" alt=\"\" class=\"wp-image-8144\" style=\"width:1289px;height:230px\" srcset=\"https:\/\/www.plantedforests.org\/wp-content\/uploads\/2022\/12\/Planted-Forests-Reports-1024x183.png 1024w, https:\/\/www.plantedforests.org\/wp-content\/uploads\/2022\/12\/Planted-Forests-Reports-300x54.png 300w, https:\/\/www.plantedforests.org\/wp-content\/uploads\/2022\/12\/Planted-Forests-Reports-150x27.png 150w, https:\/\/www.plantedforests.org\/wp-content\/uploads\/2022\/12\/Planted-Forests-Reports-768x137.png 768w, https:\/\/www.plantedforests.org\/wp-content\/uploads\/2022\/12\/Planted-Forests-Reports-1536x274.png 1536w, https:\/\/www.plantedforests.org\/wp-content\/uploads\/2022\/12\/Planted-Forests-Reports-2048x366.png 2048w, https:\/\/www.plantedforests.org\/wp-content\/uploads\/2022\/12\/Planted-Forests-Reports-1320x236.png 1320w\" sizes=\"(max-width: 1024px) 100vw, 1024px\" \/><\/figure>\n\n\n\n<p class=\"has-text-align-center has-black-color has-text-color\"><strong>Find in this area all IEFC Planted Forest Reports<\/strong> &#8211;<strong> Online edition: ISSN 3001-1477<\/strong><\/p>\n\n\n\n<p class=\"has-black-color has-text-color has-link-color wp-elements-8d60cc4d8c03c8416d62ea82d21da268\">The Planted Forest Reports series is dedicated to publications providing any information of interest to stakeholders working with planted forests. Any type of document can be converted into a planted forest report, be it the results of a European project, the proceedings of an event, a synthesis or review on a given topic, the results of a survey, a guideline, typology, etc These reports are registered with a DoI and an ISBN and can be cited. The IEFC team contributes to the co-design of these reports, so feel free to suggest a new topic for a planted forest report by contacting the IEFC Director or using our contact form.<\/p>\n\n\n\n<div class=\"wp-block-columns is-layout-flex wp-container-core-columns-is-layout-9d6595d7 wp-block-columns-is-layout-flex\">\n<div class=\"wp-block-column is-layout-flow wp-block-column-is-layout-flow\">\n<figure class=\"wp-block-image size-large\"><a href=\"https:\/\/www.plantedforests.org\/planted-forests-reports\/no-1-frm-deployment-manual\/\" target=\"_blank\" rel=\"noreferrer noopener\"><img decoding=\"async\" width=\"724\" height=\"1024\" src=\"https:\/\/www.plantedforests.org\/wp-content\/uploads\/2023\/02\/FRM-Deployment-manual-724x1024.png\" alt=\"\" class=\"wp-image-8918\" srcset=\"https:\/\/www.plantedforests.org\/wp-content\/uploads\/2023\/02\/FRM-Deployment-manual-724x1024.png 724w, https:\/\/www.plantedforests.org\/wp-content\/uploads\/2023\/02\/FRM-Deployment-manual-212x300.png 212w, https:\/\/www.plantedforests.org\/wp-content\/uploads\/2023\/02\/FRM-Deployment-manual-106x150.png 106w, https:\/\/www.plantedforests.org\/wp-content\/uploads\/2023\/02\/FRM-Deployment-manual-768x1086.png 768w, https:\/\/www.plantedforests.org\/wp-content\/uploads\/2023\/02\/FRM-Deployment-manual-1086x1536.png 1086w, https:\/\/www.plantedforests.org\/wp-content\/uploads\/2023\/02\/FRM-Deployment-manual-1320x1867.png 1320w, https:\/\/www.plantedforests.org\/wp-content\/uploads\/2023\/02\/FRM-Deployment-manual.png 1414w\" sizes=\"(max-width: 724px) 100vw, 724px\" \/><\/a><\/figure>\n\n\n\n<figure class=\"wp-block-image size-large\"><a href=\"https:\/\/www.plantedforests.org\/planted-forests-reports\/no-4-mixed-plantation-manual\/\" target=\"_blank\" rel=\"noreferrer noopener\"><img decoding=\"async\" width=\"724\" height=\"1024\" src=\"https:\/\/www.plantedforests.org\/wp-content\/uploads\/2023\/06\/COMFOR-Mixed-plantation-guidelines-724x1024.png\" alt=\"\" class=\"wp-image-12560\" srcset=\"https:\/\/www.plantedforests.org\/wp-content\/uploads\/2023\/06\/COMFOR-Mixed-plantation-guidelines-724x1024.png 724w, https:\/\/www.plantedforests.org\/wp-content\/uploads\/2023\/06\/COMFOR-Mixed-plantation-guidelines-212x300.png 212w, https:\/\/www.plantedforests.org\/wp-content\/uploads\/2023\/06\/COMFOR-Mixed-plantation-guidelines-106x150.png 106w, https:\/\/www.plantedforests.org\/wp-content\/uploads\/2023\/06\/COMFOR-Mixed-plantation-guidelines-768x1086.png 768w, https:\/\/www.plantedforests.org\/wp-content\/uploads\/2023\/06\/COMFOR-Mixed-plantation-guidelines-1086x1536.png 1086w, https:\/\/www.plantedforests.org\/wp-content\/uploads\/2023\/06\/COMFOR-Mixed-plantation-guidelines-1320x1867.png 1320w, https:\/\/www.plantedforests.org\/wp-content\/uploads\/2023\/06\/COMFOR-Mixed-plantation-guidelines.png 1414w\" sizes=\"(max-width: 724px) 100vw, 724px\" \/><\/a><\/figure>\n<\/div>\n\n\n\n<div class=\"wp-block-column is-layout-flow wp-block-column-is-layout-flow\">\n<figure class=\"wp-block-image size-large\"><a href=\"https:\/\/www.plantedforests.org\/planted-forests-reports\/no-2-overview-of-current-rules-and-legislations-for-deployment-of-improved-frm\/\" target=\"_blank\" rel=\"noreferrer noopener\"><img loading=\"lazy\" decoding=\"async\" width=\"724\" height=\"1024\" src=\"https:\/\/www.plantedforests.org\/wp-content\/uploads\/2023\/04\/B4EST-\u2013-Deliverable-D4.21-724x1024.png\" alt=\"\" class=\"wp-image-11529\" srcset=\"https:\/\/www.plantedforests.org\/wp-content\/uploads\/2023\/04\/B4EST-\u2013-Deliverable-D4.21-724x1024.png 724w, https:\/\/www.plantedforests.org\/wp-content\/uploads\/2023\/04\/B4EST-\u2013-Deliverable-D4.21-212x300.png 212w, https:\/\/www.plantedforests.org\/wp-content\/uploads\/2023\/04\/B4EST-\u2013-Deliverable-D4.21-106x150.png 106w, https:\/\/www.plantedforests.org\/wp-content\/uploads\/2023\/04\/B4EST-\u2013-Deliverable-D4.21-768x1086.png 768w, https:\/\/www.plantedforests.org\/wp-content\/uploads\/2023\/04\/B4EST-\u2013-Deliverable-D4.21-1086x1536.png 1086w, https:\/\/www.plantedforests.org\/wp-content\/uploads\/2023\/04\/B4EST-\u2013-Deliverable-D4.21-1320x1867.png 1320w, https:\/\/www.plantedforests.org\/wp-content\/uploads\/2023\/04\/B4EST-\u2013-Deliverable-D4.21.png 1414w\" sizes=\"(max-width: 724px) 100vw, 724px\" \/><\/a><\/figure>\n\n\n\n<figure class=\"wp-block-image size-large\"><a href=\"https:\/\/www.plantedforests.org\/planted-forests-reports\/planted-forests-report-no-4-types-et-cartes-de-combustibles-des-landes-de-gasgogne\/\" target=\"_blank\" rel=\"noreferrer noopener\"><img loading=\"lazy\" decoding=\"async\" width=\"724\" height=\"1024\" src=\"https:\/\/www.plantedforests.org\/wp-content\/uploads\/2025\/12\/Cover-page-Planted-Forests-Report-Types-et-cartes-de-combustibles-des-Landes-de-Gascogne-IEFC-1-2-724x1024.png\" alt=\"\" class=\"wp-image-29126\" srcset=\"https:\/\/www.plantedforests.org\/wp-content\/uploads\/2025\/12\/Cover-page-Planted-Forests-Report-Types-et-cartes-de-combustibles-des-Landes-de-Gascogne-IEFC-1-2-724x1024.png 724w, https:\/\/www.plantedforests.org\/wp-content\/uploads\/2025\/12\/Cover-page-Planted-Forests-Report-Types-et-cartes-de-combustibles-des-Landes-de-Gascogne-IEFC-1-2-212x300.png 212w, https:\/\/www.plantedforests.org\/wp-content\/uploads\/2025\/12\/Cover-page-Planted-Forests-Report-Types-et-cartes-de-combustibles-des-Landes-de-Gascogne-IEFC-1-2-106x150.png 106w, https:\/\/www.plantedforests.org\/wp-content\/uploads\/2025\/12\/Cover-page-Planted-Forests-Report-Types-et-cartes-de-combustibles-des-Landes-de-Gascogne-IEFC-1-2-768x1086.png 768w, https:\/\/www.plantedforests.org\/wp-content\/uploads\/2025\/12\/Cover-page-Planted-Forests-Report-Types-et-cartes-de-combustibles-des-Landes-de-Gascogne-IEFC-1-2-1086x1536.png 1086w, https:\/\/www.plantedforests.org\/wp-content\/uploads\/2025\/12\/Cover-page-Planted-Forests-Report-Types-et-cartes-de-combustibles-des-Landes-de-Gascogne-IEFC-1-2-1320x1867.png 1320w, https:\/\/www.plantedforests.org\/wp-content\/uploads\/2025\/12\/Cover-page-Planted-Forests-Report-Types-et-cartes-de-combustibles-des-Landes-de-Gascogne-IEFC-1-2.png 1414w\" sizes=\"(max-width: 724px) 100vw, 724px\" \/><\/a><\/figure>\n<\/div>\n\n\n\n<div class=\"wp-block-column is-layout-flow wp-block-column-is-layout-flow\">\n<figure class=\"wp-block-image size-large\"><a href=\"https:\/\/www.plantedforests.org\/planted-forests-reports\/no-3-gestion-du-risque-tempete-en-nouvelle-aquitaine\/\" target=\"_blank\" rel=\"noreferrer noopener\"><img loading=\"lazy\" decoding=\"async\" width=\"724\" height=\"1024\" src=\"https:\/\/www.plantedforests.org\/wp-content\/uploads\/2023\/02\/Planted-Forests-Reports_Guide-de-gestion-_-PLURIFOR-724x1024.png\" alt=\"\" class=\"wp-image-8924\" srcset=\"https:\/\/www.plantedforests.org\/wp-content\/uploads\/2023\/02\/Planted-Forests-Reports_Guide-de-gestion-_-PLURIFOR-724x1024.png 724w, https:\/\/www.plantedforests.org\/wp-content\/uploads\/2023\/02\/Planted-Forests-Reports_Guide-de-gestion-_-PLURIFOR-212x300.png 212w, https:\/\/www.plantedforests.org\/wp-content\/uploads\/2023\/02\/Planted-Forests-Reports_Guide-de-gestion-_-PLURIFOR-106x150.png 106w, https:\/\/www.plantedforests.org\/wp-content\/uploads\/2023\/02\/Planted-Forests-Reports_Guide-de-gestion-_-PLURIFOR-768x1086.png 768w, https:\/\/www.plantedforests.org\/wp-content\/uploads\/2023\/02\/Planted-Forests-Reports_Guide-de-gestion-_-PLURIFOR-1086x1536.png 1086w, https:\/\/www.plantedforests.org\/wp-content\/uploads\/2023\/02\/Planted-Forests-Reports_Guide-de-gestion-_-PLURIFOR-1320x1867.png 1320w, https:\/\/www.plantedforests.org\/wp-content\/uploads\/2023\/02\/Planted-Forests-Reports_Guide-de-gestion-_-PLURIFOR.png 1414w\" sizes=\"(max-width: 724px) 100vw, 724px\" \/><\/a><\/figure>\n<\/div>\n<\/div>\n","protected":false},"excerpt":{"rendered":"<p>Find in this area all IEFC Planted Forest Reports &#8211; Online edition: ISSN 3001-1477 The Planted Forest Reports series is dedicated to publications providing any information of interest to stakeholders [&hellip;]<\/p>\n","protected":false},"author":101,"featured_media":0,"parent":0,"menu_order":0,"comment_status":"closed","ping_status":"closed","template":"","meta":{"_acf_changed":false,"_eb_attr":"","_EventAllDay":false,"_EventTimezone":"","_EventStartDate":"","_EventEndDate":"","_EventStartDateUTC":"","_EventEndDateUTC":"","_EventShowMap":false,"_EventShowMapLink":false,"_EventURL":"","_EventCost":"","_EventCostDescription":"","_EventCurrencySymbol":"","_EventCurrencyCode":"","_EventCurrencyPosition":"","_EventDateTimeSeparator":"","_EventTimeRangeSeparator":"","_EventOrganizerID":[],"_EventVenueID":[],"_OrganizerEmail":"","_OrganizerPhone":"","_OrganizerWebsite":"","_VenueAddress":"","_VenueCity":"","_VenueCountry":"","_VenueProvince":"","_VenueState":"","_VenueZip":"","_VenuePhone":"","_VenueURL":"","_VenueStateProvince":"","_VenueLat":"","_VenueLng":"","_VenueShowMap":false,"_VenueShowMapLink":false,"activitypub_content_warning":"","activitypub_content_visibility":"local","activitypub_max_image_attachments":4,"activitypub_interaction_policy_quote":"anyone","activitypub_status":"","footnotes":""},"class_list":["post-8143","page","type-page","status-publish","hentry"],"translation":{"provider":"WPGlobus","version":"3.0.2","language":"fr","enabled_languages":["gb","fr","es","pt"],"languages":{"gb":{"title":true,"content":true,"excerpt":false},"fr":{"title":false,"content":false,"excerpt":false},"es":{"title":false,"content":false,"excerpt":false},"pt":{"title":false,"content":false,"excerpt":false}}},"acf":[],"yoast_head":"<!-- This site is optimized with the Yoast SEO plugin v27.3 - https:\/\/yoast.com\/product\/yoast-seo-wordpress\/ -->\n<title>Planted Forests Reports - Institut Europ\u00e9en de la For\u00eat Cultiv\u00e9e - IEFC<\/title>\n<meta name=\"robots\" content=\"index, follow, max-snippet:-1, max-image-preview:large, max-video-preview:-1\" \/>\n<link rel=\"canonical\" href=\"https:\/\/www.plantedforests.org\/fr\/planted-forests-reports\/\" \/>\n<meta property=\"og:locale\" content=\"fr_FR\" \/>\n<meta property=\"og:type\" content=\"article\" \/>\n<meta property=\"og:title\" content=\"Planted Forests Reports - Institut Europ\u00e9en de la For\u00eat Cultiv\u00e9e - IEFC\" \/>\n<meta property=\"og:url\" content=\"https:\/\/www.plantedforests.org\/fr\/planted-forests-reports\/\" \/>\n<meta property=\"og:site_name\" content=\"Institut Europ\u00e9en de la For\u00eat Cultiv\u00e9e - IEFC\" \/>\n<meta property=\"article:modified_time\" content=\"2025-12-09T09:29:10+00:00\" \/>\n<meta property=\"og:image\" content=\"https:\/\/www.plantedforests.org\/wp-content\/uploads\/2022\/12\/Planted-Forests-Reports-1024x183.png\" \/>\n<meta name=\"twitter:card\" content=\"summary_large_image\" \/>\n<meta name=\"twitter:site\" content=\"@IEFCPlantForest\" \/>\n<meta name=\"twitter:label1\" content=\"Dur\u00e9e de lecture estim\u00e9e\" \/>\n\t<meta name=\"twitter:data1\" content=\"2 minutes\" \/>\n<script type=\"application\/ld+json\" class=\"yoast-schema-graph\">{\"@context\":\"https:\\\/\\\/schema.org\",\"@graph\":[{\"@type\":\"WebPage\",\"@id\":\"https:\\\/\\\/www.plantedforests.org\\\/fr\\\/planted-forests-reports\\\/\",\"url\":\"https:\\\/\\\/www.plantedforests.org\\\/fr\\\/planted-forests-reports\\\/\",\"name\":\"Planted Forests Reports - Institut Europ\u00e9en de la For\u00eat Cultiv\u00e9e - IEFC\",\"isPartOf\":{\"@id\":\"https:\\\/\\\/www.plantedforests.org\\\/fr\\\/#website\"},\"primaryImageOfPage\":{\"@id\":\"https:\\\/\\\/www.plantedforests.org\\\/fr\\\/planted-forests-reports\\\/#primaryimage\"},\"image\":{\"@id\":\"https:\\\/\\\/www.plantedforests.org\\\/fr\\\/planted-forests-reports\\\/#primaryimage\"},\"thumbnailUrl\":\"https:\\\/\\\/www.plantedforests.org\\\/wp-content\\\/uploads\\\/2022\\\/12\\\/Planted-Forests-Reports-1024x183.png\",\"datePublished\":\"2023-09-15T10:30:49+00:00\",\"dateModified\":\"2025-12-09T09:29:10+00:00\",\"breadcrumb\":{\"@id\":\"https:\\\/\\\/www.plantedforests.org\\\/fr\\\/planted-forests-reports\\\/#breadcrumb\"},\"inLanguage\":\"fr-FR\",\"potentialAction\":[{\"@type\":\"ReadAction\",\"target\":[\"https:\\\/\\\/www.plantedforests.org\\\/fr\\\/planted-forests-reports\\\/\"]}]},{\"@type\":\"ImageObject\",\"inLanguage\":\"fr-FR\",\"@id\":\"https:\\\/\\\/www.plantedforests.org\\\/fr\\\/planted-forests-reports\\\/#primaryimage\",\"url\":\"https:\\\/\\\/www.plantedforests.org\\\/wp-content\\\/uploads\\\/2022\\\/12\\\/Planted-Forests-Reports-1024x183.png\",\"contentUrl\":\"https:\\\/\\\/www.plantedforests.org\\\/wp-content\\\/uploads\\\/2022\\\/12\\\/Planted-Forests-Reports-1024x183.png\"},{\"@type\":\"BreadcrumbList\",\"@id\":\"https:\\\/\\\/www.plantedforests.org\\\/fr\\\/planted-forests-reports\\\/#breadcrumb\",\"itemListElement\":[{\"@type\":\"ListItem\",\"position\":1,\"name\":\"Accueil\",\"item\":\"https:\\\/\\\/www.plantedforests.org\\\/\"},{\"@type\":\"ListItem\",\"position\":2,\"name\":\"Planted Forests Reports\"}]},{\"@type\":\"WebSite\",\"@id\":\"https:\\\/\\\/www.plantedforests.org\\\/fr\\\/#website\",\"url\":\"https:\\\/\\\/www.plantedforests.org\\\/fr\\\/\",\"name\":\"Institut Europ\u00e9en de la For\u00eat Cultiv\u00e9e - IEFC\",\"description\":\"Le r\u00e9seau multi-acteur pour la gestion durable et la r\u00e9silience des for\u00eats cultiv\u00e9es\",\"publisher\":{\"@id\":\"https:\\\/\\\/www.plantedforests.org\\\/fr\\\/#organization\"},\"potentialAction\":[{\"@type\":\"SearchAction\",\"target\":{\"@type\":\"EntryPoint\",\"urlTemplate\":\"https:\\\/\\\/www.plantedforests.org\\\/fr\\\/?s={search_term_string}\"},\"query-input\":{\"@type\":\"PropertyValueSpecification\",\"valueRequired\":true,\"valueName\":\"search_term_string\"}}],\"inLanguage\":\"fr-FR\"},{\"@type\":\"Organization\",\"@id\":\"https:\\\/\\\/www.plantedforests.org\\\/fr\\\/#organization\",\"name\":\"Institut Europ\u00e9en de la For\u00eat Cultiv\u00e9e - Plantedforests.org\",\"url\":\"https:\\\/\\\/www.plantedforests.org\\\/fr\\\/\",\"logo\":{\"@type\":\"ImageObject\",\"inLanguage\":\"fr-FR\",\"@id\":\"https:\\\/\\\/www.plantedforests.org\\\/fr\\\/#\\\/schema\\\/logo\\\/image\\\/\",\"url\":\"https:\\\/\\\/www.plantedforests.org\\\/wp-content\\\/uploads\\\/2022\\\/07\\\/Logo_iefc__FR.png\",\"contentUrl\":\"https:\\\/\\\/www.plantedforests.org\\\/wp-content\\\/uploads\\\/2022\\\/07\\\/Logo_iefc__FR.png\",\"width\":2031,\"height\":1001,\"caption\":\"Institut Europ\u00e9en de la For\u00eat Cultiv\u00e9e - Plantedforests.org\"},\"image\":{\"@id\":\"https:\\\/\\\/www.plantedforests.org\\\/fr\\\/#\\\/schema\\\/logo\\\/image\\\/\"},\"sameAs\":[\"https:\\\/\\\/x.com\\\/IEFCPlantForest\",\"https:\\\/\\\/www.linkedin.com\\\/company\\\/71728047\\\/\"]}]}<\/script>\n<!-- \/ Yoast SEO plugin. -->","yoast_head_json":{"title":"Planted Forests Reports - Institut Europ\u00e9en de la For\u00eat Cultiv\u00e9e - IEFC","robots":{"index":"index","follow":"follow","max-snippet":"max-snippet:-1","max-image-preview":"max-image-preview:large","max-video-preview":"max-video-preview:-1"},"canonical":"https:\/\/www.plantedforests.org\/fr\/planted-forests-reports\/","og_locale":"fr_FR","og_type":"article","og_title":"Planted Forests Reports - Institut Europ\u00e9en de la For\u00eat Cultiv\u00e9e - IEFC","og_url":"https:\/\/www.plantedforests.org\/fr\/planted-forests-reports\/","og_site_name":"Institut Europ\u00e9en de la For\u00eat Cultiv\u00e9e - IEFC","article_modified_time":"2025-12-09T09:29:10+00:00","og_image":[{"url":"https:\/\/www.plantedforests.org\/wp-content\/uploads\/2022\/12\/Planted-Forests-Reports-1024x183.png","type":"","width":"","height":""}],"twitter_card":"summary_large_image","twitter_site":"@IEFCPlantForest","twitter_misc":{"Dur\u00e9e de lecture estim\u00e9e":"2 minutes"},"schema":{"@context":"https:\/\/schema.org","@graph":[{"@type":"WebPage","@id":"https:\/\/www.plantedforests.org\/fr\/planted-forests-reports\/","url":"https:\/\/www.plantedforests.org\/fr\/planted-forests-reports\/","name":"Planted Forests Reports - Institut Europ\u00e9en de la For\u00eat Cultiv\u00e9e - IEFC","isPartOf":{"@id":"https:\/\/www.plantedforests.org\/fr\/#website"},"primaryImageOfPage":{"@id":"https:\/\/www.plantedforests.org\/fr\/planted-forests-reports\/#primaryimage"},"image":{"@id":"https:\/\/www.plantedforests.org\/fr\/planted-forests-reports\/#primaryimage"},"thumbnailUrl":"https:\/\/www.plantedforests.org\/wp-content\/uploads\/2022\/12\/Planted-Forests-Reports-1024x183.png","datePublished":"2023-09-15T10:30:49+00:00","dateModified":"2025-12-09T09:29:10+00:00","breadcrumb":{"@id":"https:\/\/www.plantedforests.org\/fr\/planted-forests-reports\/#breadcrumb"},"inLanguage":"fr-FR","potentialAction":[{"@type":"ReadAction","target":["https:\/\/www.plantedforests.org\/fr\/planted-forests-reports\/"]}]},{"@type":"ImageObject","inLanguage":"fr-FR","@id":"https:\/\/www.plantedforests.org\/fr\/planted-forests-reports\/#primaryimage","url":"https:\/\/www.plantedforests.org\/wp-content\/uploads\/2022\/12\/Planted-Forests-Reports-1024x183.png","contentUrl":"https:\/\/www.plantedforests.org\/wp-content\/uploads\/2022\/12\/Planted-Forests-Reports-1024x183.png"},{"@type":"BreadcrumbList","@id":"https:\/\/www.plantedforests.org\/fr\/planted-forests-reports\/#breadcrumb","itemListElement":[{"@type":"ListItem","position":1,"name":"Accueil","item":"https:\/\/www.plantedforests.org\/"},{"@type":"ListItem","position":2,"name":"Planted Forests Reports"}]},{"@type":"WebSite","@id":"https:\/\/www.plantedforests.org\/fr\/#website","url":"https:\/\/www.plantedforests.org\/fr\/","name":"Institut Europ\u00e9en de la For\u00eat Cultiv\u00e9e - IEFC","description":"Le r\u00e9seau multi-acteur pour la gestion durable et la r\u00e9silience des for\u00eats cultiv\u00e9es","publisher":{"@id":"https:\/\/www.plantedforests.org\/fr\/#organization"},"potentialAction":[{"@type":"SearchAction","target":{"@type":"EntryPoint","urlTemplate":"https:\/\/www.plantedforests.org\/fr\/?s={search_term_string}"},"query-input":{"@type":"PropertyValueSpecification","valueRequired":true,"valueName":"search_term_string"}}],"inLanguage":"fr-FR"},{"@type":"Organization","@id":"https:\/\/www.plantedforests.org\/fr\/#organization","name":"Institut Europ\u00e9en de la For\u00eat Cultiv\u00e9e - Plantedforests.org","url":"https:\/\/www.plantedforests.org\/fr\/","logo":{"@type":"ImageObject","inLanguage":"fr-FR","@id":"https:\/\/www.plantedforests.org\/fr\/#\/schema\/logo\/image\/","url":"https:\/\/www.plantedforests.org\/wp-content\/uploads\/2022\/07\/Logo_iefc__FR.png","contentUrl":"https:\/\/www.plantedforests.org\/wp-content\/uploads\/2022\/07\/Logo_iefc__FR.png","width":2031,"height":1001,"caption":"Institut Europ\u00e9en de la For\u00eat Cultiv\u00e9e - Plantedforests.org"},"image":{"@id":"https:\/\/www.plantedforests.org\/fr\/#\/schema\/logo\/image\/"},"sameAs":["https:\/\/x.com\/IEFCPlantForest","https:\/\/www.linkedin.com\/company\/71728047\/"]}]}},"_links":{"self":[{"href":"https:\/\/www.plantedforests.org\/fr\/wp-json\/wp\/v2\/pages\/8143","targetHints":{"allow":["GET"]}}],"collection":[{"href":"https:\/\/www.plantedforests.org\/fr\/wp-json\/wp\/v2\/pages"}],"about":[{"href":"https:\/\/www.plantedforests.org\/fr\/wp-json\/wp\/v2\/types\/page"}],"author":[{"embeddable":true,"href":"https:\/\/www.plantedforests.org\/fr\/wp-json\/wp\/v2\/users\/101"}],"replies":[{"embeddable":true,"href":"https:\/\/www.plantedforests.org\/fr\/wp-json\/wp\/v2\/comments?post=8143"}],"version-history":[{"count":47,"href":"https:\/\/www.plantedforests.org\/fr\/wp-json\/wp\/v2\/pages\/8143\/revisions"}],"predecessor-version":[{"id":29127,"href":"https:\/\/www.plantedforests.org\/fr\/wp-json\/wp\/v2\/pages\/8143\/revisions\/29127"}],"wp:attachment":[{"href":"https:\/\/www.plantedforests.org\/fr\/wp-json\/wp\/v2\/media?parent=8143"}],"curies":[{"name":"wp","href":"https:\/\/api.w.org\/{rel}","templated":true}]}}