
{"id":7104,"date":"2022-12-15T09:28:08","date_gmt":"2022-12-15T08:28:08","guid":{"rendered":"https:\/\/www.iefc.net\/?page_id=7104"},"modified":"2023-02-02T14:06:08","modified_gmt":"2023-02-02T13:06:08","slug":"geff-2022","status":"publish","type":"page","link":"https:\/\/www.plantedforests.org\/fr\/geff-2022\/","title":{"rendered":"GEFF 2022"},"content":{"rendered":"\n<p><\/p>\n\n\n\n<p class=\"has-black-color has-text-color\"><strong><span style=\"text-decoration: underline;\">T\u00e9l\u00e9charger les pr\u00e9sentations<\/span><\/strong><\/p>\n\n\n\n<ol class=\"wp-block-list\">\n<li>F-Xavier Saintonge &#8211; <em>D\u00e9partement de la sant\u00e9 des for\u00eats<\/em> &#8211; <a href=\"https:\/\/www.plantedforests.org\/actualite-entomologique-en-foret-en-2022\/\" target=\"_blank\" rel=\"noreferrer noopener\">Actualit\u00e9 entomologique en for\u00eat en 2022<\/a><\/li>\n\n\n\n<li>Q. Leroy &#8211; <em>Wallonie Environnement SPW<\/em> &#8211; <a href=\"https:\/\/www.plantedforests.org\/?p=7124\" target=\"_blank\" rel=\"noreferrer noopener\">Bilan des probl\u00e8mes entomologiques en Wallonie<\/a><\/li>\n\n\n\n<li>M. Mirabel &#8211; <em>D\u00e9partement de la sant\u00e9 des for\u00eats<\/em> &#8211; <a href=\"https:\/\/www.plantedforests.org\/?p=7127\" target=\"_blank\" rel=\"noreferrer noopener\">Bilan de la gradation de bombyx disparate 2019-2022 en Bourgogne-Franche-Comt\u00e9<\/a><\/li>\n\n\n\n<li>M. Gilette &#8211; <em>Direction R\u00e9gionale de l\u2019Alimentation,de l\u2019Agriculture et de la For\u00eat, P\u00f4le Sant\u00e9 des for\u00eats du Grand Est<\/em> &#8211; <a href=\"https:\/\/www.plantedforests.org\/?p=7131\" target=\"_blank\" rel=\"noreferrer noopener\">Bilan de la crise scolyte 2018-2021 en Grand Est et Bourgogne Franche Comt\u00e9<\/a><\/li>\n\n\n\n<li>E. Caiti &#8211;  <em>Forest Research &amp; Universit\u00e9 de Bruxelles<\/em> &#8211;  <a href=\"https:\/\/www.plantedforests.org\/?p=7135\" target=\"_blank\" rel=\"noreferrer noopener\"><em>Ips typographus<\/em> par-dessus la Manche?<\/a><\/li>\n\n\n\n<li>P. FRMHOLTZ &amp; H. SCHMUCK &#8211; <em>ONF<\/em> <strong>&#8211; <\/strong><a href=\"https:\/\/www.plantedforests.org\/?p=7139\" target=\"_blank\" rel=\"noreferrer noopener\">Impact du hanneton dans les d\u00e9p\u00e9rissements de ch\u00eane des Vosges du Nord<\/a><\/li>\n\n\n\n<li>J. Gaudry &#8211;<em> D\u00e9partement de la Sant\u00e9 des For\u00eats<\/em> &#8211; <a href=\"https:\/\/www.plantedforests.org\/?p=7143\" target=\"_blank\" rel=\"noreferrer noopener\">C\u00e9cidomyie du douglas : L\u2019arriv\u00e9e d\u2019un nouvel insecte sur une essence \u00e0 forts enjeux<\/a><\/li>\n\n\n\n<li>V. Durieux &#8211; <em>CO DDT de l\u2019Aisne<\/em> &#8211; <a href=\"https:\/\/www.plantedforests.org\/?p=7147\" target=\"_blank\" rel=\"noreferrer noopener\">Comment les forestiers appr\u00e9hendent la probl\u00e9matique c\u00e9cidomyie du douglas ?<\/a><\/li>\n\n\n\n<li>P. Dacquin &#8211;  <em>Universit\u00e9 Libre de Bruxelles<\/em> &#8211; <a href=\"https:\/\/www.plantedforests.org\/?p=7152\" target=\"_blank\" rel=\"noreferrer noopener\">Accouplements pr\u00e9coces chez quinze esp\u00e8ces de Scolytinae<\/a><\/li>\n\n\n\n<li>C. Bourgade &#8211; <em>INRAE<\/em> &#8211; <a href=\"https:\/\/www.plantedforests.org\/?p=7155\" target=\"_blank\" rel=\"noreferrer noopener\">Mod\u00e8le ph\u00e9nologique de la processionnaire du pin<\/a><\/li>\n\n\n\n<li>J. Rousselet &#8211; <em>URZF<\/em> &#8211; <a href=\"https:\/\/www.plantedforests.org\/?p=7159\" target=\"_blank\" rel=\"noreferrer noopener\">Automatisation des suivis ph\u00e9nologique de la processionnaire du pin<\/a><\/li>\n\n\n\n<li>H. Jactel &#8211; <em>INRAE<\/em> &#8211; <a href=\"https:\/\/www.plantedforests.org\/?p=7164\" target=\"_blank\" rel=\"noreferrer noopener\">D\u00e9tection par drone des nids de processionnaire du pin<\/a><\/li>\n\n\n\n<li>S. Brault &#8211; <em>ONF<\/em> &#8211; <a href=\"https:\/\/www.plantedforests.org\/?p=7170\" target=\"_blank\" rel=\"noreferrer noopener\">Une nouvelle m\u00e9thode de monitoring des populations de Hannetons<\/a><\/li>\n\n\n\n<li>JC Gregoire &#8211; <em>Universit\u00e9 Libre de Bruxelle<\/em>s &#8211; Le <em>Fan-trap<\/em> un pi\u00e8ge \u00e0 insectes sous licence <em>Creative Commons<\/em>, bon march\u00e9, l\u00e9ger et adaptable, pour la surveillance et l&rsquo;exp\u00e9rimentation<\/li>\n\n\n\n<li>Y. Kadiri &#8211; <em>INRAE<\/em> &#8211; <a href=\"https:\/\/www.plantedforests.org\/?p=7177\" target=\"_blank\" rel=\"noreferrer noopener\">Mise au point d&rsquo;une m\u00e9thode de pi\u00e9geage pour le suivi des populations d&rsquo;hylobes (Hylobius abietis L.)<\/a><\/li>\n\n\n\n<li>L. Veillat &#8211; <em>INRAE<\/em> &#8211; <a href=\"https:\/\/www.plantedforests.org\/?p=7180\" target=\"_blank\" rel=\"noreferrer noopener\">Le m\u00e9tabarcoding pour la d\u00e9tection et l&rsquo;identification de Cerambycides invasifs<\/a><\/li>\n\n\n\n<li>A. Kuhn &#8211; Wallonie recherche  CRA-W &#8211; <a href=\"https:\/\/www.plantedforests.org\/?p=7183\" target=\"_blank\" rel=\"noreferrer noopener\">Le pi\u00e9geage, un outil de lutte compl\u00e9mentaire contre les d\u00e9g\u00e2ts du typographe ?<\/a><\/li>\n\n\n\n<li>Bastien Castagneyrol &#8211; <em>INRAE &#8211; <\/em><a href=\"https:\/\/www.plantedforests.org\/?p=7269\" target=\"_blank\" rel=\"noreferrer noopener\">Effets de la diversit\u00e9 des arbres pour la r\u00e9sistance des for\u00eats aux insectes ravageurs exotiques envahissant<\/a> <\/li>\n\n\n\n<li>David Tellez, Direction r\u00e9gionale de l\u2019alimentation, de l\u2019agriculture et de la for\u00eat, <a href=\"https:\/\/www.plantedforests.org\/?p=7777\" target=\"_blank\" rel=\"noreferrer noopener\">Anoplophora glabripennis, le foyer giennois<\/a><\/li>\n\n\n\n<li>E. Le Souchu, <a href=\"https:\/\/www.plantedforests.org\/?p=7801\" target=\"_blank\" rel=\"noreferrer noopener\">D\u00e9p\u00e9rissement des ch\u00eanes et communaut\u00e9s d\u2019insectes des canop\u00e9es<\/a><\/li>\n\n\n\n<li>C. Bouget, INRAE, <a href=\"https:\/\/www.plantedforests.org\/?p=7805\" target=\"_blank\" rel=\"noreferrer noopener\">Effets d\u2019une chronique de d\u00e9p\u00e9rissements forestiers sur le stock de bois mort<\/a><\/li>\n\n\n\n<li>J.Cours, <a href=\"https:\/\/www.plantedforests.org\/?p=8172\" target=\"_blank\" rel=\"noreferrer noopener\">R\u00e9ponses des col\u00e9opt\u00e8res saproxyliques au d\u00e9p\u00e9rissement forestier<\/a><\/li>\n\n\n\n<li>G. Parmain, <a href=\"https:\/\/www.plantedforests.org\/?p=8176\" target=\"_blank\" rel=\"noreferrer noopener\">Les outils d\u2019intelligence artificielle (IA) au service de l\u2019automatisation des suivis de l\u2019entomo faune foresti\u00e8re : PART II<\/a><\/li>\n<\/ol>\n\n\n\n<p><\/p>\n","protected":false},"excerpt":{"rendered":"<p>T\u00e9l\u00e9charger les pr\u00e9sentations<\/p>\n","protected":false},"author":101,"featured_media":0,"parent":0,"menu_order":0,"comment_status":"closed","ping_status":"closed","template":"","meta":{"_acf_changed":false,"_eb_attr":"","_EventAllDay":false,"_EventTimezone":"","_EventStartDate":"","_EventEndDate":"","_EventStartDateUTC":"","_EventEndDateUTC":"","_EventShowMap":false,"_EventShowMapLink":false,"_EventURL":"","_EventCost":"","_EventCostDescription":"","_EventCurrencySymbol":"","_EventCurrencyCode":"","_EventCurrencyPosition":"","_EventDateTimeSeparator":"","_EventTimeRangeSeparator":"","_EventOrganizerID":[],"_EventVenueID":[],"_OrganizerEmail":"","_OrganizerPhone":"","_OrganizerWebsite":"","_VenueAddress":"","_VenueCity":"","_VenueCountry":"","_VenueProvince":"","_VenueState":"","_VenueZip":"","_VenuePhone":"","_VenueURL":"","_VenueStateProvince":"","_VenueLat":"","_VenueLng":"","_VenueShowMap":false,"_VenueShowMapLink":false,"activitypub_content_warning":"","activitypub_content_visibility":"","activitypub_max_image_attachments":4,"activitypub_interaction_policy_quote":"anyone","activitypub_status":"","footnotes":""},"class_list":["post-7104","page","type-page","status-publish","hentry"],"translation":{"provider":"WPGlobus","version":"3.0.2","language":"fr","enabled_languages":["gb","fr","es","pt"],"languages":{"gb":{"title":true,"content":true,"excerpt":false},"fr":{"title":false,"content":false,"excerpt":false},"es":{"title":false,"content":false,"excerpt":false},"pt":{"title":false,"content":false,"excerpt":false}}},"acf":[],"yoast_head":"<!-- This site is optimized with the Yoast SEO plugin v27.3 - https:\/\/yoast.com\/product\/yoast-seo-wordpress\/ -->\n<title>GEFF 2022 - Institut Europ\u00e9en de la For\u00eat Cultiv\u00e9e - IEFC<\/title>\n<meta name=\"robots\" content=\"index, follow, max-snippet:-1, max-image-preview:large, max-video-preview:-1\" \/>\n<link rel=\"canonical\" href=\"https:\/\/www.plantedforests.org\/geff-2022\/\" \/>\n<meta property=\"og:locale\" content=\"fr_FR\" \/>\n<meta property=\"og:type\" content=\"article\" \/>\n<meta property=\"og:title\" content=\"GEFF 2022 - Institut Europ\u00e9en de la For\u00eat Cultiv\u00e9e - IEFC\" \/>\n<meta property=\"og:url\" content=\"https:\/\/www.plantedforests.org\/geff-2022\/\" \/>\n<meta property=\"og:site_name\" content=\"Institut Europ\u00e9en de la For\u00eat Cultiv\u00e9e - IEFC\" \/>\n<meta property=\"article:modified_time\" content=\"2023-02-02T13:06:08+00:00\" \/>\n<meta name=\"twitter:card\" content=\"summary_large_image\" \/>\n<meta name=\"twitter:site\" content=\"@IEFCPlantForest\" \/>\n<script type=\"application\/ld+json\" class=\"yoast-schema-graph\">{\"@context\":\"https:\\\/\\\/schema.org\",\"@graph\":[{\"@type\":\"WebPage\",\"@id\":\"https:\\\/\\\/www.plantedforests.org\\\/geff-2022\\\/\",\"url\":\"https:\\\/\\\/www.plantedforests.org\\\/geff-2022\\\/\",\"name\":\"GEFF 2022 - Institut Europ\u00e9en de la For\u00eat Cultiv\u00e9e - IEFC\",\"isPartOf\":{\"@id\":\"https:\\\/\\\/www.plantedforests.org\\\/fr\\\/#website\"},\"datePublished\":\"2022-12-15T08:28:08+00:00\",\"dateModified\":\"2023-02-02T13:06:08+00:00\",\"description\":\"Retrouvez toutes les pr\u00e9sentations du GEFF 2022\",\"breadcrumb\":{\"@id\":\"https:\\\/\\\/www.plantedforests.org\\\/geff-2022\\\/#breadcrumb\"},\"inLanguage\":\"fr-FR\",\"potentialAction\":[{\"@type\":\"ReadAction\",\"target\":[\"https:\\\/\\\/www.plantedforests.org\\\/geff-2022\\\/\"]}]},{\"@type\":\"BreadcrumbList\",\"@id\":\"https:\\\/\\\/www.plantedforests.org\\\/geff-2022\\\/#breadcrumb\",\"itemListElement\":[{\"@type\":\"ListItem\",\"position\":1,\"name\":\"Accueil\",\"item\":\"https:\\\/\\\/www.plantedforests.org\\\/\"},{\"@type\":\"ListItem\",\"position\":2,\"name\":\"GEFF 2022\"}]},{\"@type\":\"WebSite\",\"@id\":\"https:\\\/\\\/www.plantedforests.org\\\/fr\\\/#website\",\"url\":\"https:\\\/\\\/www.plantedforests.org\\\/fr\\\/\",\"name\":\"Institut Europ\u00e9en de la For\u00eat Cultiv\u00e9e - IEFC\",\"description\":\"Le r\u00e9seau multi-acteur pour la gestion durable et la r\u00e9silience des for\u00eats cultiv\u00e9es\",\"publisher\":{\"@id\":\"https:\\\/\\\/www.plantedforests.org\\\/fr\\\/#organization\"},\"potentialAction\":[{\"@type\":\"SearchAction\",\"target\":{\"@type\":\"EntryPoint\",\"urlTemplate\":\"https:\\\/\\\/www.plantedforests.org\\\/fr\\\/?s={search_term_string}\"},\"query-input\":{\"@type\":\"PropertyValueSpecification\",\"valueRequired\":true,\"valueName\":\"search_term_string\"}}],\"inLanguage\":\"fr-FR\"},{\"@type\":\"Organization\",\"@id\":\"https:\\\/\\\/www.plantedforests.org\\\/fr\\\/#organization\",\"name\":\"Institut Europ\u00e9en de la For\u00eat Cultiv\u00e9e - Plantedforests.org\",\"url\":\"https:\\\/\\\/www.plantedforests.org\\\/fr\\\/\",\"logo\":{\"@type\":\"ImageObject\",\"inLanguage\":\"fr-FR\",\"@id\":\"https:\\\/\\\/www.plantedforests.org\\\/fr\\\/#\\\/schema\\\/logo\\\/image\\\/\",\"url\":\"https:\\\/\\\/www.plantedforests.org\\\/wp-content\\\/uploads\\\/2022\\\/07\\\/Logo_iefc__FR.png\",\"contentUrl\":\"https:\\\/\\\/www.plantedforests.org\\\/wp-content\\\/uploads\\\/2022\\\/07\\\/Logo_iefc__FR.png\",\"width\":2031,\"height\":1001,\"caption\":\"Institut Europ\u00e9en de la For\u00eat Cultiv\u00e9e - Plantedforests.org\"},\"image\":{\"@id\":\"https:\\\/\\\/www.plantedforests.org\\\/fr\\\/#\\\/schema\\\/logo\\\/image\\\/\"},\"sameAs\":[\"https:\\\/\\\/x.com\\\/IEFCPlantForest\",\"https:\\\/\\\/www.linkedin.com\\\/company\\\/71728047\\\/\"]}]}<\/script>\n<!-- \/ Yoast SEO plugin. -->","yoast_head_json":{"title":"GEFF 2022 - Institut Europ\u00e9en de la For\u00eat Cultiv\u00e9e - IEFC","robots":{"index":"index","follow":"follow","max-snippet":"max-snippet:-1","max-image-preview":"max-image-preview:large","max-video-preview":"max-video-preview:-1"},"canonical":"https:\/\/www.plantedforests.org\/geff-2022\/","og_locale":"fr_FR","og_type":"article","og_title":"GEFF 2022 - Institut Europ\u00e9en de la For\u00eat Cultiv\u00e9e - IEFC","og_url":"https:\/\/www.plantedforests.org\/geff-2022\/","og_site_name":"Institut Europ\u00e9en de la For\u00eat Cultiv\u00e9e - IEFC","article_modified_time":"2023-02-02T13:06:08+00:00","twitter_card":"summary_large_image","twitter_site":"@IEFCPlantForest","schema":{"@context":"https:\/\/schema.org","@graph":[{"@type":"WebPage","@id":"https:\/\/www.plantedforests.org\/geff-2022\/","url":"https:\/\/www.plantedforests.org\/geff-2022\/","name":"GEFF 2022 - Institut Europ\u00e9en de la For\u00eat Cultiv\u00e9e - IEFC","isPartOf":{"@id":"https:\/\/www.plantedforests.org\/fr\/#website"},"datePublished":"2022-12-15T08:28:08+00:00","dateModified":"2023-02-02T13:06:08+00:00","description":"Retrouvez toutes les pr\u00e9sentations du GEFF 2022","breadcrumb":{"@id":"https:\/\/www.plantedforests.org\/geff-2022\/#breadcrumb"},"inLanguage":"fr-FR","potentialAction":[{"@type":"ReadAction","target":["https:\/\/www.plantedforests.org\/geff-2022\/"]}]},{"@type":"BreadcrumbList","@id":"https:\/\/www.plantedforests.org\/geff-2022\/#breadcrumb","itemListElement":[{"@type":"ListItem","position":1,"name":"Accueil","item":"https:\/\/www.plantedforests.org\/"},{"@type":"ListItem","position":2,"name":"GEFF 2022"}]},{"@type":"WebSite","@id":"https:\/\/www.plantedforests.org\/fr\/#website","url":"https:\/\/www.plantedforests.org\/fr\/","name":"Institut Europ\u00e9en de la For\u00eat Cultiv\u00e9e - IEFC","description":"Le r\u00e9seau multi-acteur pour la gestion durable et la r\u00e9silience des for\u00eats cultiv\u00e9es","publisher":{"@id":"https:\/\/www.plantedforests.org\/fr\/#organization"},"potentialAction":[{"@type":"SearchAction","target":{"@type":"EntryPoint","urlTemplate":"https:\/\/www.plantedforests.org\/fr\/?s={search_term_string}"},"query-input":{"@type":"PropertyValueSpecification","valueRequired":true,"valueName":"search_term_string"}}],"inLanguage":"fr-FR"},{"@type":"Organization","@id":"https:\/\/www.plantedforests.org\/fr\/#organization","name":"Institut Europ\u00e9en de la For\u00eat Cultiv\u00e9e - Plantedforests.org","url":"https:\/\/www.plantedforests.org\/fr\/","logo":{"@type":"ImageObject","inLanguage":"fr-FR","@id":"https:\/\/www.plantedforests.org\/fr\/#\/schema\/logo\/image\/","url":"https:\/\/www.plantedforests.org\/wp-content\/uploads\/2022\/07\/Logo_iefc__FR.png","contentUrl":"https:\/\/www.plantedforests.org\/wp-content\/uploads\/2022\/07\/Logo_iefc__FR.png","width":2031,"height":1001,"caption":"Institut Europ\u00e9en de la For\u00eat Cultiv\u00e9e - Plantedforests.org"},"image":{"@id":"https:\/\/www.plantedforests.org\/fr\/#\/schema\/logo\/image\/"},"sameAs":["https:\/\/x.com\/IEFCPlantForest","https:\/\/www.linkedin.com\/company\/71728047\/"]}]}},"_links":{"self":[{"href":"https:\/\/www.plantedforests.org\/fr\/wp-json\/wp\/v2\/pages\/7104","targetHints":{"allow":["GET"]}}],"collection":[{"href":"https:\/\/www.plantedforests.org\/fr\/wp-json\/wp\/v2\/pages"}],"about":[{"href":"https:\/\/www.plantedforests.org\/fr\/wp-json\/wp\/v2\/types\/page"}],"author":[{"embeddable":true,"href":"https:\/\/www.plantedforests.org\/fr\/wp-json\/wp\/v2\/users\/101"}],"replies":[{"embeddable":true,"href":"https:\/\/www.plantedforests.org\/fr\/wp-json\/wp\/v2\/comments?post=7104"}],"version-history":[{"count":31,"href":"https:\/\/www.plantedforests.org\/fr\/wp-json\/wp\/v2\/pages\/7104\/revisions"}],"predecessor-version":[{"id":27653,"href":"https:\/\/www.plantedforests.org\/fr\/wp-json\/wp\/v2\/pages\/7104\/revisions\/27653"}],"wp:attachment":[{"href":"https:\/\/www.plantedforests.org\/fr\/wp-json\/wp\/v2\/media?parent=7104"}],"curies":[{"name":"wp","href":"https:\/\/api.w.org\/{rel}","templated":true}]}}