
{"id":6525,"date":"2022-08-17T15:15:57","date_gmt":"2022-08-17T13:15:57","guid":{"rendered":"https:\/\/www.iefc.net\/?page_id=6525"},"modified":"2025-08-27T09:50:41","modified_gmt":"2025-08-27T07:50:41","slug":"terms-of-use","status":"publish","type":"page","link":"https:\/\/www.plantedforests.org\/fr\/terms-of-use\/","title":{"rendered":"Mentions l\u00e9gales"},"content":{"rendered":"\n<p class=\"has-black-color has-text-color\"><strong><span style=\"text-decoration: underline;\">Propri\u00e9taire du site<\/span><\/strong><\/p>\n\n\n\n<p class=\"has-black-color has-text-color\"><strong>Si\u00e8ge social :<\/strong> INSTITUT EUROP\u00c9EN DE LA FORET CULTIV\u00c9E (I.E.F.C)<\/p>\n\n\n\n<p class=\"has-black-color has-text-color\"><strong>Inscription au R\u00e9pertoire National des Associations :<\/strong>  R\u00e9f\u00e9rence n\u00b0W332001670 (Premi\u00e8re parution officielle au JO du 25 avril 1998 &#8211; Annonce 758)<\/p>\n\n\n\n<div class=\"wp-block-group is-vertical is-layout-flex wp-container-core-group-is-layout-8cf370e7 wp-block-group-is-layout-flex\">\n<p class=\"has-black-color has-text-color\"><strong>SIRET:<\/strong> 422 480 293 00022<\/p>\n\n\n\n<p class=\"has-black-color has-text-color has-link-color wp-elements-17cd4400b0f7935e382a6510558e2e64\"><strong>EORI :<\/strong> FR42248029300022<\/p>\n\n\n\n<p class=\"has-black-color has-text-color has-link-color wp-elements-4111c7dc804a39da022ced7306d409f2\"><strong>Num\u00e9ro D-U-N-S\u00ae: <\/strong>504461711<\/p>\n\n\n\n<p class=\"has-black-color has-text-color has-link-color wp-elements-687d2a4860be2af29c6cde7b84a59294\"><strong>N\u00b0 de TVA intracommunautaire: <\/strong>FR 91422480293<\/p>\n\n\n\n<p class=\"has-black-color has-text-color has-link-color wp-elements-4418ce414d176498037a0f67b8294a09\">Association non assujettie \u00e0 la TVA<\/p>\n<\/div>\n\n\n\n<div style=\"height:14px\" aria-hidden=\"true\" class=\"wp-block-spacer\"><\/div>\n\n\n\n<div class=\"wp-block-group is-vertical is-layout-flex wp-container-core-group-is-layout-8cf370e7 wp-block-group-is-layout-flex\">\n<p class=\"has-black-color has-text-color\"><strong>Adresse :<\/strong> <\/p>\n\n\n\n<div class=\"wp-block-group is-vertical is-layout-flex wp-container-core-group-is-layout-8cf370e7 wp-block-group-is-layout-flex\">\n<p class=\"has-black-color has-text-color\">Site de Recherche For\u00eat Bois, Pierroton, <\/p>\n\n\n\n<p class=\"has-black-color has-text-color\">69, route d&rsquo;Arcachon,<\/p>\n\n\n\n<p class=\"has-black-color has-text-color\">F-33610 Cestas France<\/p>\n<\/div>\n<\/div>\n\n\n\n<div style=\"height:17px\" aria-hidden=\"true\" class=\"wp-block-spacer\"><\/div>\n\n\n\n<div class=\"wp-block-group is-vertical is-layout-flex wp-container-core-group-is-layout-8cf370e7 wp-block-group-is-layout-flex\">\n<p class=\"has-black-color has-text-color\"><strong>Contact :<\/strong>  +33 5 35 38 52 74<\/p>\n\n\n\n<p class=\"has-black-color has-text-color\"><strong>Directeur de la publication&nbsp;:<\/strong> Christophe Orazio<\/p>\n\n\n\n<p class=\"has-black-color has-text-color\"><strong>H\u00e9bergeur&nbsp;<em>:<\/em> <\/strong><a href=\"https:\/\/www.ovhcloud.com\/fr\/\" target=\"_blank\" rel=\"noreferrer noopener\">OVH Cloud<\/a> &#8211; 2, rue Kellermann, 59100 Roubaix<\/p>\n<\/div>\n\n\n\n<p class=\"has-black-color has-text-color\"><strong>Dataverse de l&rsquo;IEFC:<\/strong> <a href=\"https:\/\/entrepot.recherche.data.gouv.fr\/dataverse\/iefc\">https:\/\/entrepot.recherche.data.gouv.fr\/dataverse\/iefc<\/a><\/p>\n\n\n\n<div style=\"height:18px\" aria-hidden=\"true\" class=\"wp-block-spacer\"><\/div>\n\n\n\n<p class=\"has-black-color has-text-color\">L&rsquo;IEFC a sign\u00e9 le <a href=\"https:\/\/www.plantedforests.org\/fr\/contrat-dengagement-republicain-des-associations-et-fondations-beneficiant-de-subventions-publiques-ou-dun-agrement-de-letat\/\">CONTRAT D\u2019ENGAGEMENT R\u00c9PUBLICAIN DES ASSOCIATIONS ET FONDATIONS B\u00c9N\u00c9FICIANT DE SUBVENTIONS PUBLIQUES OU D\u2019UN AGREMENT DE L\u2019\u00c9TAT<\/a><\/p>\n\n\n\n<p class=\"has-black-color has-text-color\"><strong>Protection et traitement de donn\u00e9es \u00e0 caract\u00e8re personnel<a href=\"https:\/\/www.associations.gouv.fr\/mentions-legales.html#top\"><\/a><\/strong><\/p>\n\n\n\n<p class=\"has-black-color has-text-color\">Le site <a href=\"https:\/\/www.plantedforests.org\">www.plantedforests.org<\/a> respecte la vie priv\u00e9e de l\u2019internaute et se conforme strictement aux lois en vigueur sur la protection de la vie priv\u00e9e et des libert\u00e9s individuelles. Aucune information personnelle n\u2019est collect\u00e9e \u00e0 votre insu. Aucune information personnelle n\u2019est c\u00e9d\u00e9e \u00e0 des tiers. <\/p>\n\n\n\n<p class=\"has-black-color has-text-color\">Les donn\u00e9es collect\u00e9es seront communiqu\u00e9es aux seuls destinataires suivants : IEFC<\/p>\n\n\n\n<p class=\"has-black-color has-text-color\"><strong>Droit des internautes&nbsp;: droit d\u2019acc\u00e8s et de rectification<\/strong><\/p>\n\n\n\n<p class=\"has-black-color has-text-color\">Nous nous engageons \u00e0 ce que la collecte et le traitement de vos donn\u00e9es, effectu\u00e9s \u00e0 partir du site soient conformes au r\u00e8glement g\u00e9n\u00e9ral sur la protection des donn\u00e9es (RGPD) et \u00e0 la loi Informatique et Libert\u00e9s.<\/p>\n\n\n\n<p class=\"has-black-color has-text-color\">Vous pouvez acc\u00e9der aux donn\u00e9es vous concernant, les rectifier, demander leur effacement ou exercer votre droit \u00e0 la limitation du traitement de vos donn\u00e9es. Pour exercer ces droits ou pour toute question sur le traitement de vos donn\u00e9es dans ce dispositif, vous pouvez nous contacter par courriel: dpo[at]iefc.net.<\/p>\n\n\n\n<p class=\"has-black-color has-text-color\">Consultez le site&nbsp;cnil.fr pour plus d\u2019informations sur vos droits.<\/p>\n\n\n\n<p class=\"has-black-color has-text-color\"><strong>Cr\u00e9dits Images et photos utilis\u00e9es sur ce site :<\/strong><br>\u00a9IEFC  \u00a9Pixabay @Pexels<\/p>\n\n\n\n<p class=\"has-black-color has-text-color\"><strong>Lien vers ce site<\/strong><\/p>\n\n\n\n<p class=\"has-black-color has-text-color\">Le site autorise tout site Internet ou tout autre support \u00e0 le citer ou \u00e0 mettre en place un lien hypertexte pointant vers son contenu.<\/p>\n\n\n\n<p class=\"has-black-color has-text-color\">L\u2019autorisation de mise en place d\u2019un lien est valable pour tout support, \u00e0 l\u2019exception de ceux diffusant des informations \u00e0 caract\u00e8re pol\u00e9mique, pornographique, x\u00e9nophobe ou pouvant, dans une plus large mesure porter atteinte \u00e0 la sensibilit\u00e9 du plus grand nombre.<\/p>\n\n\n\n<p class=\"has-black-color has-text-color\">La reprise int\u00e9grale du contenu d\u2019une page est aussi autoris\u00e9e, sous r\u00e9serve d\u2019\u00e9tablir un lien clair vers sa source. <\/p>\n\n\n","protected":false},"excerpt":{"rendered":"<p>Propri\u00e9taire du site Si\u00e8ge social : INSTITUT EUROP\u00c9EN DE LA FORET CULTIV\u00c9E (I.E.F.C) Inscription au R\u00e9pertoire National des Associations : R\u00e9f\u00e9rence n\u00b0W332001670 (Premi\u00e8re parution officielle au JO du 25 avril [&hellip;]<\/p>\n","protected":false},"author":101,"featured_media":0,"parent":0,"menu_order":0,"comment_status":"closed","ping_status":"closed","template":"","meta":{"_acf_changed":false,"_eb_attr":"","_EventAllDay":false,"_EventTimezone":"","_EventStartDate":"","_EventEndDate":"","_EventStartDateUTC":"","_EventEndDateUTC":"","_EventShowMap":false,"_EventShowMapLink":false,"_EventURL":"","_EventCost":"","_EventCostDescription":"","_EventCurrencySymbol":"","_EventCurrencyCode":"","_EventCurrencyPosition":"","_EventDateTimeSeparator":"","_EventTimeRangeSeparator":"","_EventOrganizerID":[],"_EventVenueID":[],"_OrganizerEmail":"","_OrganizerPhone":"","_OrganizerWebsite":"","_VenueAddress":"","_VenueCity":"","_VenueCountry":"","_VenueProvince":"","_VenueState":"","_VenueZip":"","_VenuePhone":"","_VenueURL":"","_VenueStateProvince":"","_VenueLat":"","_VenueLng":"","_VenueShowMap":false,"_VenueShowMapLink":false,"activitypub_content_warning":"","activitypub_content_visibility":"","activitypub_max_image_attachments":4,"activitypub_interaction_policy_quote":"anyone","activitypub_status":"federated","footnotes":""},"class_list":["post-6525","page","type-page","status-publish","hentry"],"translation":{"provider":"WPGlobus","version":"3.0.2","language":"fr","enabled_languages":["gb","fr","es","pt"],"languages":{"gb":{"title":true,"content":true,"excerpt":false},"fr":{"title":true,"content":true,"excerpt":false},"es":{"title":false,"content":false,"excerpt":false},"pt":{"title":false,"content":false,"excerpt":false}}},"acf":[],"yoast_head":"<!-- This site is optimized with the Yoast SEO plugin v27.4 - https:\/\/yoast.com\/product\/yoast-seo-wordpress\/ -->\n<title>Mentions l\u00e9gales - Institut Europ\u00e9en de la For\u00eat Cultiv\u00e9e - IEFC<\/title>\n<meta name=\"robots\" content=\"index, follow, max-snippet:-1, max-image-preview:large, max-video-preview:-1\" \/>\n<link rel=\"canonical\" href=\"https:\/\/www.plantedforests.org\/pt\/terms-of-use\/\" \/>\n<meta property=\"og:locale\" content=\"fr_FR\" \/>\n<meta property=\"og:type\" content=\"article\" \/>\n<meta property=\"og:title\" content=\"Mentions l\u00e9gales - Institut Europ\u00e9en de la For\u00eat Cultiv\u00e9e - IEFC\" \/>\n<meta property=\"og:url\" content=\"https:\/\/www.plantedforests.org\/pt\/terms-of-use\/\" \/>\n<meta property=\"og:site_name\" content=\"Institut Europ\u00e9en de la For\u00eat Cultiv\u00e9e - IEFC\" \/>\n<meta property=\"article:modified_time\" content=\"2025-08-27T07:50:41+00:00\" \/>\n<meta name=\"twitter:card\" content=\"summary_large_image\" \/>\n<meta name=\"twitter:site\" content=\"@IEFCPlantForest\" \/>\n<meta name=\"twitter:label1\" content=\"Dur\u00e9e de lecture estim\u00e9e\" \/>\n\t<meta name=\"twitter:data1\" content=\"2 minutes\" \/>\n<script type=\"application\/ld+json\" class=\"yoast-schema-graph\">{\"@context\":\"https:\\\/\\\/schema.org\",\"@graph\":[{\"@type\":\"WebPage\",\"@id\":\"https:\\\/\\\/www.plantedforests.org\\\/pt\\\/terms-of-use\\\/\",\"url\":\"https:\\\/\\\/www.plantedforests.org\\\/pt\\\/terms-of-use\\\/\",\"name\":\"Mentions l\u00e9gales - Institut Europ\u00e9en de la For\u00eat Cultiv\u00e9e - IEFC\",\"isPartOf\":{\"@id\":\"https:\\\/\\\/www.plantedforests.org\\\/fr\\\/#website\"},\"datePublished\":\"2022-08-17T13:15:57+00:00\",\"dateModified\":\"2025-08-27T07:50:41+00:00\",\"breadcrumb\":{\"@id\":\"https:\\\/\\\/www.plantedforests.org\\\/pt\\\/terms-of-use\\\/#breadcrumb\"},\"inLanguage\":\"fr-FR\",\"potentialAction\":[{\"@type\":\"ReadAction\",\"target\":[\"https:\\\/\\\/www.plantedforests.org\\\/pt\\\/terms-of-use\\\/\"]}]},{\"@type\":\"BreadcrumbList\",\"@id\":\"https:\\\/\\\/www.plantedforests.org\\\/pt\\\/terms-of-use\\\/#breadcrumb\",\"itemListElement\":[{\"@type\":\"ListItem\",\"position\":1,\"name\":\"Accueil\",\"item\":\"https:\\\/\\\/www.plantedforests.org\\\/\"},{\"@type\":\"ListItem\",\"position\":2,\"name\":\"Terms of Use\"}]},{\"@type\":\"WebSite\",\"@id\":\"https:\\\/\\\/www.plantedforests.org\\\/fr\\\/#website\",\"url\":\"https:\\\/\\\/www.plantedforests.org\\\/fr\\\/\",\"name\":\"Institut Europ\u00e9en de la For\u00eat Cultiv\u00e9e - IEFC\",\"description\":\"Le r\u00e9seau multi-acteur pour la gestion durable et la r\u00e9silience des for\u00eats cultiv\u00e9es\",\"publisher\":{\"@id\":\"https:\\\/\\\/www.plantedforests.org\\\/fr\\\/#organization\"},\"potentialAction\":[{\"@type\":\"SearchAction\",\"target\":{\"@type\":\"EntryPoint\",\"urlTemplate\":\"https:\\\/\\\/www.plantedforests.org\\\/fr\\\/?s={search_term_string}\"},\"query-input\":{\"@type\":\"PropertyValueSpecification\",\"valueRequired\":true,\"valueName\":\"search_term_string\"}}],\"inLanguage\":\"fr-FR\"},{\"@type\":\"Organization\",\"@id\":\"https:\\\/\\\/www.plantedforests.org\\\/fr\\\/#organization\",\"name\":\"Institut Europ\u00e9en de la For\u00eat Cultiv\u00e9e - Plantedforests.org\",\"url\":\"https:\\\/\\\/www.plantedforests.org\\\/fr\\\/\",\"logo\":{\"@type\":\"ImageObject\",\"inLanguage\":\"fr-FR\",\"@id\":\"https:\\\/\\\/www.plantedforests.org\\\/fr\\\/#\\\/schema\\\/logo\\\/image\\\/\",\"url\":\"https:\\\/\\\/www.plantedforests.org\\\/wp-content\\\/uploads\\\/2022\\\/07\\\/Logo_iefc__FR.png\",\"contentUrl\":\"https:\\\/\\\/www.plantedforests.org\\\/wp-content\\\/uploads\\\/2022\\\/07\\\/Logo_iefc__FR.png\",\"width\":2031,\"height\":1001,\"caption\":\"Institut Europ\u00e9en de la For\u00eat Cultiv\u00e9e - Plantedforests.org\"},\"image\":{\"@id\":\"https:\\\/\\\/www.plantedforests.org\\\/fr\\\/#\\\/schema\\\/logo\\\/image\\\/\"},\"sameAs\":[\"https:\\\/\\\/x.com\\\/IEFCPlantForest\",\"https:\\\/\\\/www.linkedin.com\\\/company\\\/71728047\\\/\"]}]}<\/script>\n<!-- \/ Yoast SEO plugin. -->","yoast_head_json":{"title":"Mentions l\u00e9gales - Institut Europ\u00e9en de la For\u00eat Cultiv\u00e9e - IEFC","robots":{"index":"index","follow":"follow","max-snippet":"max-snippet:-1","max-image-preview":"max-image-preview:large","max-video-preview":"max-video-preview:-1"},"canonical":"https:\/\/www.plantedforests.org\/pt\/terms-of-use\/","og_locale":"fr_FR","og_type":"article","og_title":"Mentions l\u00e9gales - Institut Europ\u00e9en de la For\u00eat Cultiv\u00e9e - IEFC","og_url":"https:\/\/www.plantedforests.org\/pt\/terms-of-use\/","og_site_name":"Institut Europ\u00e9en de la For\u00eat Cultiv\u00e9e - IEFC","article_modified_time":"2025-08-27T07:50:41+00:00","twitter_card":"summary_large_image","twitter_site":"@IEFCPlantForest","twitter_misc":{"Dur\u00e9e de lecture estim\u00e9e":"2 minutes"},"schema":{"@context":"https:\/\/schema.org","@graph":[{"@type":"WebPage","@id":"https:\/\/www.plantedforests.org\/pt\/terms-of-use\/","url":"https:\/\/www.plantedforests.org\/pt\/terms-of-use\/","name":"Mentions l\u00e9gales - Institut Europ\u00e9en de la For\u00eat Cultiv\u00e9e - IEFC","isPartOf":{"@id":"https:\/\/www.plantedforests.org\/fr\/#website"},"datePublished":"2022-08-17T13:15:57+00:00","dateModified":"2025-08-27T07:50:41+00:00","breadcrumb":{"@id":"https:\/\/www.plantedforests.org\/pt\/terms-of-use\/#breadcrumb"},"inLanguage":"fr-FR","potentialAction":[{"@type":"ReadAction","target":["https:\/\/www.plantedforests.org\/pt\/terms-of-use\/"]}]},{"@type":"BreadcrumbList","@id":"https:\/\/www.plantedforests.org\/pt\/terms-of-use\/#breadcrumb","itemListElement":[{"@type":"ListItem","position":1,"name":"Accueil","item":"https:\/\/www.plantedforests.org\/"},{"@type":"ListItem","position":2,"name":"Terms of Use"}]},{"@type":"WebSite","@id":"https:\/\/www.plantedforests.org\/fr\/#website","url":"https:\/\/www.plantedforests.org\/fr\/","name":"Institut Europ\u00e9en de la For\u00eat Cultiv\u00e9e - IEFC","description":"Le r\u00e9seau multi-acteur pour la gestion durable et la r\u00e9silience des for\u00eats cultiv\u00e9es","publisher":{"@id":"https:\/\/www.plantedforests.org\/fr\/#organization"},"potentialAction":[{"@type":"SearchAction","target":{"@type":"EntryPoint","urlTemplate":"https:\/\/www.plantedforests.org\/fr\/?s={search_term_string}"},"query-input":{"@type":"PropertyValueSpecification","valueRequired":true,"valueName":"search_term_string"}}],"inLanguage":"fr-FR"},{"@type":"Organization","@id":"https:\/\/www.plantedforests.org\/fr\/#organization","name":"Institut Europ\u00e9en de la For\u00eat Cultiv\u00e9e - Plantedforests.org","url":"https:\/\/www.plantedforests.org\/fr\/","logo":{"@type":"ImageObject","inLanguage":"fr-FR","@id":"https:\/\/www.plantedforests.org\/fr\/#\/schema\/logo\/image\/","url":"https:\/\/www.plantedforests.org\/wp-content\/uploads\/2022\/07\/Logo_iefc__FR.png","contentUrl":"https:\/\/www.plantedforests.org\/wp-content\/uploads\/2022\/07\/Logo_iefc__FR.png","width":2031,"height":1001,"caption":"Institut Europ\u00e9en de la For\u00eat Cultiv\u00e9e - Plantedforests.org"},"image":{"@id":"https:\/\/www.plantedforests.org\/fr\/#\/schema\/logo\/image\/"},"sameAs":["https:\/\/x.com\/IEFCPlantForest","https:\/\/www.linkedin.com\/company\/71728047\/"]}]}},"_links":{"self":[{"href":"https:\/\/www.plantedforests.org\/fr\/wp-json\/wp\/v2\/pages\/6525","targetHints":{"allow":["GET"]}}],"collection":[{"href":"https:\/\/www.plantedforests.org\/fr\/wp-json\/wp\/v2\/pages"}],"about":[{"href":"https:\/\/www.plantedforests.org\/fr\/wp-json\/wp\/v2\/types\/page"}],"author":[{"embeddable":true,"href":"https:\/\/www.plantedforests.org\/fr\/wp-json\/wp\/v2\/users\/101"}],"replies":[{"embeddable":true,"href":"https:\/\/www.plantedforests.org\/fr\/wp-json\/wp\/v2\/comments?post=6525"}],"version-history":[{"count":82,"href":"https:\/\/www.plantedforests.org\/fr\/wp-json\/wp\/v2\/pages\/6525\/revisions"}],"predecessor-version":[{"id":27497,"href":"https:\/\/www.plantedforests.org\/fr\/wp-json\/wp\/v2\/pages\/6525\/revisions\/27497"}],"wp:attachment":[{"href":"https:\/\/www.plantedforests.org\/fr\/wp-json\/wp\/v2\/media?parent=6525"}],"curies":[{"name":"wp","href":"https:\/\/api.w.org\/{rel}","templated":true}]}}