
{"id":6292,"date":"2022-07-22T11:37:43","date_gmt":"2022-07-22T09:37:43","guid":{"rendered":"https:\/\/www.iefc.net\/?page_id=6292"},"modified":"2022-07-22T11:54:18","modified_gmt":"2022-07-22T09:54:18","slug":"subscribe-to-our-newsletter","status":"publish","type":"page","link":"https:\/\/www.plantedforests.org\/fr\/subscribe-to-our-newsletter\/","title":{"rendered":"S&rsquo;abonner \u00e0 notre newsletter"},"content":{"rendered":"  \n  \n  <div class=\"\n    mailpoet_form_popup_overlay\n      \"><\/div>\n  <div\n    id=\"mailpoet_form_4\"\n    class=\"\n      mailpoet_form\n      mailpoet_form_html\n      mailpoet_form_position_\n      mailpoet_form_animation_\n    \"\n      >\n\n    <style type=\"text\/css\">\n     #mailpoet_form_4 .mailpoet_form {  }\n#mailpoet_form_4 .mailpoet_column_with_background { padding: 10px; }\n#mailpoet_form_4 .mailpoet_form_column:not(:first-child) { margin-left: 20px; }\n#mailpoet_form_4 .mailpoet_paragraph { line-height: 20px; margin-bottom: 20px; }\n#mailpoet_form_4 .mailpoet_segment_label, #mailpoet_form_4 .mailpoet_text_label, #mailpoet_form_4 .mailpoet_textarea_label, #mailpoet_form_4 .mailpoet_select_label, #mailpoet_form_4 .mailpoet_radio_label, #mailpoet_form_4 .mailpoet_checkbox_label, #mailpoet_form_4 .mailpoet_list_label, #mailpoet_form_4 .mailpoet_date_label { display: block; font-weight: normal; }\n#mailpoet_form_4 .mailpoet_text, #mailpoet_form_4 .mailpoet_textarea, #mailpoet_form_4 .mailpoet_select, #mailpoet_form_4 .mailpoet_date_month, #mailpoet_form_4 .mailpoet_date_day, #mailpoet_form_4 .mailpoet_date_year, #mailpoet_form_4 .mailpoet_date { display: block; }\n#mailpoet_form_4 .mailpoet_text, #mailpoet_form_4 .mailpoet_textarea { width: 200px; }\n#mailpoet_form_4 .mailpoet_checkbox {  }\n#mailpoet_form_4 .mailpoet_submit {  }\n#mailpoet_form_4 .mailpoet_divider {  }\n#mailpoet_form_4 .mailpoet_message {  }\n#mailpoet_form_4 .mailpoet_form_loading { width: 30px; text-align: center; line-height: normal; }\n#mailpoet_form_4 .mailpoet_form_loading > span { width: 5px; height: 5px; background-color: #5b5b5b; }#mailpoet_form_4{border-radius: 0px;text-align: left;}#mailpoet_form_4 form.mailpoet_form {padding: 20px;}#mailpoet_form_4{width: 100%;}#mailpoet_form_4 .mailpoet_message {margin: 0; padding: 0 20px;}#mailpoet_form_4 .mailpoet_paragraph.last {margin-bottom: 0} @media (max-width: 500px) {#mailpoet_form_4 {background-image: none;}} @media (min-width: 500px) {#mailpoet_form_4 .last .mailpoet_paragraph:last-child {margin-bottom: 0}}  @media (max-width: 500px) {#mailpoet_form_4 .mailpoet_form_column:last-child .mailpoet_paragraph:last-child {margin-bottom: 0}} \n    <\/style>\n\n    <form\n      target=\"_self\"\n      method=\"post\"\n      action=\"https:\/\/www.plantedforests.org\/wp-admin\/admin-post.php?action=mailpoet_subscription_form\"\n      class=\"mailpoet_form mailpoet_form_form mailpoet_form_html\"\n      novalidate\n      data-delay=\"\"\n      data-exit-intent-enabled=\"\"\n      data-font-family=\"\"\n      data-cookie-expiration-time=\"\"\n    >\n      <input type=\"hidden\" name=\"data[form_id]\" value=\"4\" \/>\n      <input type=\"hidden\" name=\"token\" value=\"c36023fd65\" \/>\n      <input type=\"hidden\" name=\"api_version\" value=\"v1\" \/>\n      <input type=\"hidden\" name=\"endpoint\" value=\"subscribers\" \/>\n      <input type=\"hidden\" name=\"mailpoet_method\" value=\"subscribe\" \/>\n\n      <label class=\"mailpoet_hp_email_label\" style=\"display: none !important;\">Veuillez laisser ce champ vide<input type=\"email\" name=\"data[email]\"\/><\/label><div class=\"mailpoet_paragraph \"><label for=\"form_email_4\" class=\"mailpoet_text_label\"  data-automation-id=\"form_email_label\" >E-mail <span class=\"mailpoet_required\" aria-hidden=\"true\">*<\/span><\/label><input type=\"email\" autocomplete=\"email\" class=\"mailpoet_text\" id=\"form_email_4\" name=\"data[form_field_ZmQxMzU4OTk1Nzg3X2VtYWls]\" title=\"E-mail\" value=\"\" style=\"padding:5px;margin: 0 auto 0 0;\" data-automation-id=\"form_email\" data-parsley-errors-container=\".mailpoet_error_33oq2\" data-parsley-required=\"true\" required aria-required=\"true\" data-parsley-minlength=\"6\" data-parsley-maxlength=\"150\" data-parsley-type-message=\"Cette valeur doit \u00eatre un e-mail valide.\" data-parsley-required-message=\"Ce champ est n\u00e9cessaire.\"\/><span class=\"mailpoet_error_33oq2\"><\/span><\/div>\n<div class=\"mailpoet_paragraph \"><label for=\"form_first_name_4\" class=\"mailpoet_text_label\"  data-automation-id=\"form_first_name_label\" >Pr\u00e9nom <span class=\"mailpoet_required\" aria-hidden=\"true\">*<\/span><\/label><input type=\"text\" autocomplete=\"given-name\" class=\"mailpoet_text\" id=\"form_first_name_4\" name=\"data[form_field_ZTBhMDgxZjk5N2Q5X2ZpcnN0X25hbWU=]\" title=\"Pr\u00e9nom\" value=\"\" style=\"padding:5px;margin: 0 auto 0 0;\" data-automation-id=\"form_first_name\" data-parsley-errors-container=\".mailpoet_error_p7393\" data-parsley-names='[&quot;Veuillez sp\u00e9cifier un nom valide.&quot;,&quot;Les adresses dans les noms ne sont pas autoris\u00e9es, veuillez ajouter votre nom \u00e0 la place.&quot;]' data-parsley-required=\"true\" required aria-required=\"true\" data-parsley-required-message=\"Ce champ est n\u00e9cessaire.\"\/><span class=\"mailpoet_error_p7393\"><\/span><\/div>\n<div class=\"mailpoet_paragraph \"><label for=\"form_last_name_4\" class=\"mailpoet_text_label\"  data-automation-id=\"form_last_name_label\" >Nom <span class=\"mailpoet_required\" aria-hidden=\"true\">*<\/span><\/label><input type=\"text\" autocomplete=\"family-name\" class=\"mailpoet_text\" id=\"form_last_name_4\" name=\"data[form_field_MTlkY2Q1YTA2NjdhX2xhc3RfbmFtZQ==]\" title=\"Nom\" value=\"\" style=\"padding:5px;margin: 0 auto 0 0;\" data-automation-id=\"form_last_name\" data-parsley-errors-container=\".mailpoet_error_tdy60\" data-parsley-names='[&quot;Veuillez sp\u00e9cifier un nom valide.&quot;,&quot;Les adresses dans les noms ne sont pas autoris\u00e9es, veuillez ajouter votre nom \u00e0 la place.&quot;]' data-parsley-required=\"true\" required aria-required=\"true\" data-parsley-required-message=\"Ce champ est n\u00e9cessaire.\"\/><span class=\"mailpoet_error_tdy60\"><\/span><\/div>\n<div class=\"mailpoet_paragraph \"><fieldset><legend class=\"mailpoet_segment_label\" >S\u00e9lectionner une ou plusieurs listes:<\/legend><label class=\"mailpoet_checkbox_label\" for=\"mailpoet_segment_1\" ><input type=\"checkbox\" class=\"mailpoet_checkbox\" id=\"mailpoet_segment_1\" name=\"data[form_field_ZGIyYmE2M2JjOWQ0X3NlZ21lbnRz][]\" value=\"6\"  data-parsley-errors-container=\".mailpoet_error_nwcng\" data-parsley-required=\"true\" required aria-required=\"true\" data-parsley-group=\"segments\" data-parsley-required-message=\"Veuillez s\u00e9lectionner une liste.\" \/> IEFC Newsletter en fran\u00e7ais<\/label><label class=\"mailpoet_checkbox_label\" for=\"mailpoet_segment_2\" ><input type=\"checkbox\" class=\"mailpoet_checkbox\" id=\"mailpoet_segment_2\" name=\"data[form_field_ZGIyYmE2M2JjOWQ0X3NlZ21lbnRz][]\" value=\"9\"  data-parsley-errors-container=\".mailpoet_error_nwcng\" data-parsley-required=\"true\" required aria-required=\"true\" data-parsley-group=\"segments\" data-parsley-required-message=\"Veuillez s\u00e9lectionner une liste.\" \/> IEFC Newsletter em portugu\u00eas<\/label><label class=\"mailpoet_checkbox_label\" for=\"mailpoet_segment_3\" ><input type=\"checkbox\" class=\"mailpoet_checkbox\" id=\"mailpoet_segment_3\" name=\"data[form_field_ZGIyYmE2M2JjOWQ0X3NlZ21lbnRz][]\" value=\"8\"  data-parsley-errors-container=\".mailpoet_error_nwcng\" data-parsley-required=\"true\" required aria-required=\"true\" data-parsley-group=\"segments\" data-parsley-required-message=\"Veuillez s\u00e9lectionner une liste.\" \/> IEFC Newsletter en castellano<\/label><label class=\"mailpoet_checkbox_label\" for=\"mailpoet_segment_4\" ><input type=\"checkbox\" class=\"mailpoet_checkbox\" id=\"mailpoet_segment_4\" name=\"data[form_field_ZGIyYmE2M2JjOWQ0X3NlZ21lbnRz][]\" value=\"7\"  data-parsley-errors-container=\".mailpoet_error_nwcng\" data-parsley-required=\"true\" required aria-required=\"true\" data-parsley-group=\"segments\" data-parsley-required-message=\"Veuillez s\u00e9lectionner une liste.\" \/> IEFC Newsletter in english<\/label><span class=\"mailpoet_error_nwcng\"><\/span><\/fieldset><\/div>\n<div class=\"mailpoet_paragraph \"><input type=\"submit\" class=\"mailpoet_submit\" value=\"S&#039;abonner !\" data-automation-id=\"subscribe-submit-button\" style=\"padding:5px;margin: 0 auto 0 0;border-color:transparent;\" \/><span class=\"mailpoet_form_loading\"><span class=\"mailpoet_bounce1\"><\/span><span class=\"mailpoet_bounce2\"><\/span><span class=\"mailpoet_bounce3\"><\/span><\/span><\/div>\n\n      <div class=\"mailpoet_message\">\n        <p class=\"mailpoet_validate_success\"\n                style=\"display:none;\"\n                >V\u00e9rifiez d\u00e8s \u00e0 pr\u00e9sent votre bo\u00eete de r\u00e9ception ou votre dossier de courrier ind\u00e9sirable pour confirmer votre abonnement.\n        <\/p>\n        <p class=\"mailpoet_validate_error\"\n                style=\"display:none;\"\n                >        <\/p>\n      <\/div>\n    <\/form>\n\n      <\/div>\n\n  ","protected":false},"excerpt":{"rendered":"","protected":false},"author":101,"featured_media":0,"parent":0,"menu_order":0,"comment_status":"closed","ping_status":"closed","template":"","meta":{"_acf_changed":false,"_eb_attr":"","_EventAllDay":false,"_EventTimezone":"","_EventStartDate":"","_EventEndDate":"","_EventStartDateUTC":"","_EventEndDateUTC":"","_EventShowMap":false,"_EventShowMapLink":false,"_EventURL":"","_EventCost":"","_EventCostDescription":"","_EventCurrencySymbol":"","_EventCurrencyCode":"","_EventCurrencyPosition":"","_EventDateTimeSeparator":"","_EventTimeRangeSeparator":"","_EventOrganizerID":[],"_EventVenueID":[],"_OrganizerEmail":"","_OrganizerPhone":"","_OrganizerWebsite":"","_VenueAddress":"","_VenueCity":"","_VenueCountry":"","_VenueProvince":"","_VenueState":"","_VenueZip":"","_VenuePhone":"","_VenueURL":"","_VenueStateProvince":"","_VenueLat":"","_VenueLng":"","_VenueShowMap":false,"_VenueShowMapLink":false,"activitypub_content_warning":"","activitypub_content_visibility":"","activitypub_max_image_attachments":4,"activitypub_interaction_policy_quote":"anyone","activitypub_status":"","footnotes":""},"class_list":["post-6292","page","type-page","status-publish","hentry"],"translation":{"provider":"WPGlobus","version":"3.0.2","language":"fr","enabled_languages":["gb","fr","es","pt"],"languages":{"gb":{"title":true,"content":true,"excerpt":false},"fr":{"title":true,"content":true,"excerpt":false},"es":{"title":true,"content":true,"excerpt":false},"pt":{"title":true,"content":true,"excerpt":false}}},"acf":[],"yoast_head":"<!-- This site is optimized with the Yoast SEO plugin v27.3 - https:\/\/yoast.com\/product\/yoast-seo-wordpress\/ -->\n<title>S&#039;abonner \u00e0 notre newsletter - Institut Europ\u00e9en de la For\u00eat Cultiv\u00e9e - IEFC<\/title>\n<meta name=\"robots\" content=\"index, follow, max-snippet:-1, max-image-preview:large, max-video-preview:-1\" \/>\n<link rel=\"canonical\" href=\"https:\/\/www.plantedforests.org\/fr\/subscribe-to-our-newsletter\/\" \/>\n<meta property=\"og:locale\" content=\"fr_FR\" \/>\n<meta property=\"og:type\" content=\"article\" \/>\n<meta property=\"og:title\" content=\"S&#039;abonner \u00e0 notre newsletter - Institut Europ\u00e9en de la For\u00eat Cultiv\u00e9e - IEFC\" \/>\n<meta property=\"og:url\" content=\"https:\/\/www.plantedforests.org\/fr\/subscribe-to-our-newsletter\/\" \/>\n<meta property=\"og:site_name\" content=\"Institut Europ\u00e9en de la For\u00eat Cultiv\u00e9e - IEFC\" \/>\n<meta property=\"article:modified_time\" content=\"2022-07-22T09:54:18+00:00\" \/>\n<meta name=\"twitter:card\" content=\"summary_large_image\" \/>\n<meta name=\"twitter:site\" content=\"@IEFCPlantForest\" \/>\n<script type=\"application\/ld+json\" class=\"yoast-schema-graph\">{\"@context\":\"https:\\\/\\\/schema.org\",\"@graph\":[{\"@type\":\"WebPage\",\"@id\":\"https:\\\/\\\/www.plantedforests.org\\\/fr\\\/subscribe-to-our-newsletter\\\/\",\"url\":\"https:\\\/\\\/www.plantedforests.org\\\/fr\\\/subscribe-to-our-newsletter\\\/\",\"name\":\"S'abonner \u00e0 notre newsletter - Institut Europ\u00e9en de la For\u00eat Cultiv\u00e9e - IEFC\",\"isPartOf\":{\"@id\":\"https:\\\/\\\/www.plantedforests.org\\\/fr\\\/#website\"},\"datePublished\":\"2022-07-22T09:37:43+00:00\",\"dateModified\":\"2022-07-22T09:54:18+00:00\",\"breadcrumb\":{\"@id\":\"https:\\\/\\\/www.plantedforests.org\\\/fr\\\/subscribe-to-our-newsletter\\\/#breadcrumb\"},\"inLanguage\":\"fr-FR\",\"potentialAction\":[{\"@type\":\"ReadAction\",\"target\":[\"https:\\\/\\\/www.plantedforests.org\\\/fr\\\/subscribe-to-our-newsletter\\\/\"]}]},{\"@type\":\"BreadcrumbList\",\"@id\":\"https:\\\/\\\/www.plantedforests.org\\\/fr\\\/subscribe-to-our-newsletter\\\/#breadcrumb\",\"itemListElement\":[{\"@type\":\"ListItem\",\"position\":1,\"name\":\"Accueil\",\"item\":\"https:\\\/\\\/www.plantedforests.org\\\/\"},{\"@type\":\"ListItem\",\"position\":2,\"name\":\"S&rsquo;abonner \u00e0 notre newsletter\"}]},{\"@type\":\"WebSite\",\"@id\":\"https:\\\/\\\/www.plantedforests.org\\\/fr\\\/#website\",\"url\":\"https:\\\/\\\/www.plantedforests.org\\\/fr\\\/\",\"name\":\"Institut Europ\u00e9en de la For\u00eat Cultiv\u00e9e - IEFC\",\"description\":\"Le r\u00e9seau multi-acteur pour la gestion durable et la r\u00e9silience des for\u00eats cultiv\u00e9es\",\"publisher\":{\"@id\":\"https:\\\/\\\/www.plantedforests.org\\\/fr\\\/#organization\"},\"potentialAction\":[{\"@type\":\"SearchAction\",\"target\":{\"@type\":\"EntryPoint\",\"urlTemplate\":\"https:\\\/\\\/www.plantedforests.org\\\/fr\\\/?s={search_term_string}\"},\"query-input\":{\"@type\":\"PropertyValueSpecification\",\"valueRequired\":true,\"valueName\":\"search_term_string\"}}],\"inLanguage\":\"fr-FR\"},{\"@type\":\"Organization\",\"@id\":\"https:\\\/\\\/www.plantedforests.org\\\/fr\\\/#organization\",\"name\":\"Institut Europ\u00e9en de la For\u00eat Cultiv\u00e9e - Plantedforests.org\",\"url\":\"https:\\\/\\\/www.plantedforests.org\\\/fr\\\/\",\"logo\":{\"@type\":\"ImageObject\",\"inLanguage\":\"fr-FR\",\"@id\":\"https:\\\/\\\/www.plantedforests.org\\\/fr\\\/#\\\/schema\\\/logo\\\/image\\\/\",\"url\":\"https:\\\/\\\/www.plantedforests.org\\\/wp-content\\\/uploads\\\/2022\\\/07\\\/Logo_iefc__FR.png\",\"contentUrl\":\"https:\\\/\\\/www.plantedforests.org\\\/wp-content\\\/uploads\\\/2022\\\/07\\\/Logo_iefc__FR.png\",\"width\":2031,\"height\":1001,\"caption\":\"Institut Europ\u00e9en de la For\u00eat Cultiv\u00e9e - Plantedforests.org\"},\"image\":{\"@id\":\"https:\\\/\\\/www.plantedforests.org\\\/fr\\\/#\\\/schema\\\/logo\\\/image\\\/\"},\"sameAs\":[\"https:\\\/\\\/x.com\\\/IEFCPlantForest\",\"https:\\\/\\\/www.linkedin.com\\\/company\\\/71728047\\\/\"]}]}<\/script>\n<!-- \/ Yoast SEO plugin. -->","yoast_head_json":{"title":"S'abonner \u00e0 notre newsletter - Institut Europ\u00e9en de la For\u00eat Cultiv\u00e9e - IEFC","robots":{"index":"index","follow":"follow","max-snippet":"max-snippet:-1","max-image-preview":"max-image-preview:large","max-video-preview":"max-video-preview:-1"},"canonical":"https:\/\/www.plantedforests.org\/fr\/subscribe-to-our-newsletter\/","og_locale":"fr_FR","og_type":"article","og_title":"S'abonner \u00e0 notre newsletter - Institut Europ\u00e9en de la For\u00eat Cultiv\u00e9e - IEFC","og_url":"https:\/\/www.plantedforests.org\/fr\/subscribe-to-our-newsletter\/","og_site_name":"Institut Europ\u00e9en de la For\u00eat Cultiv\u00e9e - IEFC","article_modified_time":"2022-07-22T09:54:18+00:00","twitter_card":"summary_large_image","twitter_site":"@IEFCPlantForest","schema":{"@context":"https:\/\/schema.org","@graph":[{"@type":"WebPage","@id":"https:\/\/www.plantedforests.org\/fr\/subscribe-to-our-newsletter\/","url":"https:\/\/www.plantedforests.org\/fr\/subscribe-to-our-newsletter\/","name":"S'abonner \u00e0 notre newsletter - Institut Europ\u00e9en de la For\u00eat Cultiv\u00e9e - IEFC","isPartOf":{"@id":"https:\/\/www.plantedforests.org\/fr\/#website"},"datePublished":"2022-07-22T09:37:43+00:00","dateModified":"2022-07-22T09:54:18+00:00","breadcrumb":{"@id":"https:\/\/www.plantedforests.org\/fr\/subscribe-to-our-newsletter\/#breadcrumb"},"inLanguage":"fr-FR","potentialAction":[{"@type":"ReadAction","target":["https:\/\/www.plantedforests.org\/fr\/subscribe-to-our-newsletter\/"]}]},{"@type":"BreadcrumbList","@id":"https:\/\/www.plantedforests.org\/fr\/subscribe-to-our-newsletter\/#breadcrumb","itemListElement":[{"@type":"ListItem","position":1,"name":"Accueil","item":"https:\/\/www.plantedforests.org\/"},{"@type":"ListItem","position":2,"name":"S&rsquo;abonner \u00e0 notre newsletter"}]},{"@type":"WebSite","@id":"https:\/\/www.plantedforests.org\/fr\/#website","url":"https:\/\/www.plantedforests.org\/fr\/","name":"Institut Europ\u00e9en de la For\u00eat Cultiv\u00e9e - IEFC","description":"Le r\u00e9seau multi-acteur pour la gestion durable et la r\u00e9silience des for\u00eats cultiv\u00e9es","publisher":{"@id":"https:\/\/www.plantedforests.org\/fr\/#organization"},"potentialAction":[{"@type":"SearchAction","target":{"@type":"EntryPoint","urlTemplate":"https:\/\/www.plantedforests.org\/fr\/?s={search_term_string}"},"query-input":{"@type":"PropertyValueSpecification","valueRequired":true,"valueName":"search_term_string"}}],"inLanguage":"fr-FR"},{"@type":"Organization","@id":"https:\/\/www.plantedforests.org\/fr\/#organization","name":"Institut Europ\u00e9en de la For\u00eat Cultiv\u00e9e - Plantedforests.org","url":"https:\/\/www.plantedforests.org\/fr\/","logo":{"@type":"ImageObject","inLanguage":"fr-FR","@id":"https:\/\/www.plantedforests.org\/fr\/#\/schema\/logo\/image\/","url":"https:\/\/www.plantedforests.org\/wp-content\/uploads\/2022\/07\/Logo_iefc__FR.png","contentUrl":"https:\/\/www.plantedforests.org\/wp-content\/uploads\/2022\/07\/Logo_iefc__FR.png","width":2031,"height":1001,"caption":"Institut Europ\u00e9en de la For\u00eat Cultiv\u00e9e - Plantedforests.org"},"image":{"@id":"https:\/\/www.plantedforests.org\/fr\/#\/schema\/logo\/image\/"},"sameAs":["https:\/\/x.com\/IEFCPlantForest","https:\/\/www.linkedin.com\/company\/71728047\/"]}]}},"_links":{"self":[{"href":"https:\/\/www.plantedforests.org\/fr\/wp-json\/wp\/v2\/pages\/6292","targetHints":{"allow":["GET"]}}],"collection":[{"href":"https:\/\/www.plantedforests.org\/fr\/wp-json\/wp\/v2\/pages"}],"about":[{"href":"https:\/\/www.plantedforests.org\/fr\/wp-json\/wp\/v2\/types\/page"}],"author":[{"embeddable":true,"href":"https:\/\/www.plantedforests.org\/fr\/wp-json\/wp\/v2\/users\/101"}],"replies":[{"embeddable":true,"href":"https:\/\/www.plantedforests.org\/fr\/wp-json\/wp\/v2\/comments?post=6292"}],"version-history":[{"count":5,"href":"https:\/\/www.plantedforests.org\/fr\/wp-json\/wp\/v2\/pages\/6292\/revisions"}],"predecessor-version":[{"id":6299,"href":"https:\/\/www.plantedforests.org\/fr\/wp-json\/wp\/v2\/pages\/6292\/revisions\/6299"}],"wp:attachment":[{"href":"https:\/\/www.plantedforests.org\/fr\/wp-json\/wp\/v2\/media?parent=6292"}],"curies":[{"name":"wp","href":"https:\/\/api.w.org\/{rel}","templated":true}]}}