
{"id":6267,"date":"2022-09-26T11:10:28","date_gmt":"2022-09-26T09:10:28","guid":{"rendered":"https:\/\/www.iefc.net\/?page_id=6267"},"modified":"2023-06-09T15:42:40","modified_gmt":"2023-06-09T13:42:40","slug":"logo-graphic-charter","status":"publish","type":"page","link":"https:\/\/www.plantedforests.org\/fr\/logo-graphic-charter\/","title":{"rendered":"Logo &#038; Charte Graphique"},"content":{"rendered":"\n<p class=\"has-black-color has-text-color\"><\/p>\n\n\n<div class=\"wp-block-image\">\n<figure class=\"aligncenter size-large\"><img fetchpriority=\"high\" decoding=\"async\" width=\"1024\" height=\"183\" src=\"https:\/\/www.plantedforests.org\/wp-content\/uploads\/2022\/09\/IEFC-Charte-Graphique_FR-1024x183.png\" alt=\"Logo et Charte graphique IEFC\" class=\"wp-image-6989\" srcset=\"https:\/\/www.plantedforests.org\/wp-content\/uploads\/2022\/09\/IEFC-Charte-Graphique_FR-1024x183.png 1024w, https:\/\/www.plantedforests.org\/wp-content\/uploads\/2022\/09\/IEFC-Charte-Graphique_FR-300x54.png 300w, https:\/\/www.plantedforests.org\/wp-content\/uploads\/2022\/09\/IEFC-Charte-Graphique_FR-150x27.png 150w, https:\/\/www.plantedforests.org\/wp-content\/uploads\/2022\/09\/IEFC-Charte-Graphique_FR-768x137.png 768w, https:\/\/www.plantedforests.org\/wp-content\/uploads\/2022\/09\/IEFC-Charte-Graphique_FR-1536x274.png 1536w, https:\/\/www.plantedforests.org\/wp-content\/uploads\/2022\/09\/IEFC-Charte-Graphique_FR-2048x366.png 2048w, https:\/\/www.plantedforests.org\/wp-content\/uploads\/2022\/09\/IEFC-Charte-Graphique_FR-1320x236.png 1320w\" sizes=\"(max-width: 1024px) 100vw, 1024px\" \/><\/figure>\n<\/div>\n\n\n<div style=\"height:23px\" aria-hidden=\"true\" class=\"wp-block-spacer\"><\/div>\n\n\n\n<p class=\"has-text-align-left has-black-color has-text-color\" style=\"font-size:16px\">Il y a quelques semaines, nous vous avions pr\u00e9sent\u00e9 notre <a href=\"https:\/\/www.plantedforests.org\/fr\/we-present-our-new-visual-identity\/\" target=\"_blank\" rel=\"noreferrer noopener\">nouvelle identit\u00e9 visuelle<\/a>. En effet, la sortie d\u2019un logo s\u2019accompagne naturellement d\u2019une charte graphique. Entre nouvelles couleurs et nouvelles typographies, l\u2019IEFC a r\u00e9alis\u00e9 un v\u00e9ritable lifting ! La cr\u00e9ation d&rsquo;une nouvelle identit\u00e9 visuelle a \u00e9t\u00e9 indispensable pour soutenir l&rsquo;\u00e9volution de la strat\u00e9gie de communication de l&rsquo;IEFC. La charte graphique sert cet objectif en d\u00e9finissant l&rsquo;image de marque de l&rsquo;IEFC &#8211; notre identit\u00e9 visuelle et les r\u00e8gles d&rsquo;utilisation des diff\u00e9rents \u00e9l\u00e9ments qu&rsquo;elle comprend. La charte graphique prot\u00e8ge \u00e9galement le logo de l&rsquo;IEFC contre les mauvais usages, dans son utilisation ou dans sa forme.<\/p>\n\n\n\n<p class=\"has-text-align-center has-black-color has-text-color\" style=\"font-size:16px\">D\u00e9couvrez notre <strong>identit\u00e9 visuelle<\/strong> et comment utiliser notre logo et les \u00e9l\u00e9ments visuels.<\/p>\n\n\n<div class=\"wp-block-image\">\n<figure class=\"aligncenter size-large is-resized\"><img decoding=\"async\" src=\"https:\/\/www.plantedforests.org\/wp-content\/uploads\/2022\/09\/Logo-1024x512.png\" alt=\"Logo IEFC\" class=\"wp-image-6911\" width=\"410\" height=\"206\" srcset=\"https:\/\/www.plantedforests.org\/wp-content\/uploads\/2022\/09\/Logo-1024x512.png 1024w, https:\/\/www.plantedforests.org\/wp-content\/uploads\/2022\/09\/Logo-300x150.png 300w, https:\/\/www.plantedforests.org\/wp-content\/uploads\/2022\/09\/Logo-150x75.png 150w, https:\/\/www.plantedforests.org\/wp-content\/uploads\/2022\/09\/Logo-768x384.png 768w, https:\/\/www.plantedforests.org\/wp-content\/uploads\/2022\/09\/Logo-1536x768.png 1536w, https:\/\/www.plantedforests.org\/wp-content\/uploads\/2022\/09\/Logo-2048x1024.png 2048w, https:\/\/www.plantedforests.org\/wp-content\/uploads\/2022\/09\/Logo-1320x660.png 1320w\" sizes=\"(max-width: 410px) 100vw, 410px\" \/><\/figure>\n<\/div>\n\n\n<div style=\"height:17px\" aria-hidden=\"true\" class=\"wp-block-spacer\"><\/div>\n\n\n\n<h2 class=\"wp-block-heading has-text-color\" style=\"color:#006633;font-size:16px\"><span style=\"text-decoration: underline;\"><strong>T\u00e9l\u00e9chargez votre version du logo de l&rsquo;IEFC en cliquant sur la langue correspondante ci-dessous. <\/strong><\/span><\/h2>\n\n\n\n<p class=\"has-black-color has-text-color\" style=\"font-size:16px\">Ce logo appartient \u00e0 l&rsquo;IEFC, vous pouvez utiliser notre logo sur tous vos supports, web et papier apr\u00e8s avoir consult\u00e9 l&rsquo;\u00e9quipe de communication de l&rsquo;IEFC.<\/p>\n\n\n\n<p class=\"has-vivid-red-color has-text-color\" style=\"font-size:16px\"><span style=\"text-decoration: underline;\">Notre logo ne peut \u00eatre utilis\u00e9 sans notre autorisation expresse.<\/span><\/p>\n\n\n\n<p class=\"has-black-color has-text-color\" style=\"font-size:16px\"><strong>RVB<\/strong> <strong>(WEB)<\/strong><\/p>\n\n\n\n<p class=\"has-black-color has-text-color\" style=\"font-size:16px\"><span style=\"text-decoration: underline;\">JPEG<\/span> &#8211; <strong><a href=\"https:\/\/nextcloud.iefc.net\/index.php\/s\/keLbJTt7sbLGkM3\" target=\"_blank\" rel=\"noreferrer noopener\">FR<\/a> <a href=\"https:\/\/nextcloud.iefc.net\/index.php\/s\/w7MwTsaTC4gQeJW\" target=\"_blank\" rel=\"noreferrer noopener\">EN<\/a> <a href=\"https:\/\/nextcloud.iefc.net\/index.php\/s\/No9z3S6LPx2DQJz\" target=\"_blank\" rel=\"noreferrer noopener\">ES<\/a> <a href=\"https:\/\/nextcloud.iefc.net\/index.php\/s\/CsMF23LBXc2cLf4\" target=\"_blank\" rel=\"noreferrer noopener\">PT<\/a><\/strong><\/p>\n\n\n\n<p class=\"has-black-color has-text-color\" style=\"font-size:16px\"><span style=\"text-decoration: underline;\">PNG<\/span> &#8211; <strong><a href=\"https:\/\/nextcloud.iefc.net\/index.php\/s\/3pqk4jtRndQCNTf\" target=\"_blank\" rel=\"noreferrer noopener\">FR<\/a> <a href=\"https:\/\/nextcloud.iefc.net\/index.php\/s\/kronZiz8bkLxxXo\" target=\"_blank\" rel=\"noreferrer noopener\">EN<\/a> <a href=\"https:\/\/nextcloud.iefc.net\/index.php\/s\/Yr5gtYEmyeSP5YT\" target=\"_blank\" rel=\"noreferrer noopener\">ES<\/a> <a href=\"https:\/\/nextcloud.iefc.net\/index.php\/s\/rK5tf3CoCtJp2t8\" target=\"_blank\" rel=\"noreferrer noopener\">PT<\/a><\/strong><\/p>\n\n\n\n<div style=\"height:32px\" aria-hidden=\"true\" class=\"wp-block-spacer\"><\/div>\n\n\n\n<p class=\"has-black-color has-text-color\" style=\"font-size:16px\"><strong>CMJN<\/strong> <strong>(IMPRESSION) <\/strong><\/p>\n\n\n\n<p class=\"has-black-color has-text-color\" style=\"font-size:16px\"><span style=\"text-decoration: underline;\">JPEG<\/span> &#8211;  <strong><a href=\"https:\/\/nextcloud.iefc.net\/index.php\/s\/HbeAroTsPyyFwkK\" target=\"_blank\" rel=\"noreferrer noopener\">FR<\/a> <a href=\"https:\/\/nextcloud.iefc.net\/index.php\/s\/dxyf5q2FXsDmFXf\" target=\"_blank\" rel=\"noreferrer noopener\">EN<\/a> <a href=\"https:\/\/nextcloud.iefc.net\/index.php\/s\/qjrKH7y2xQTgpSm\" target=\"_blank\" rel=\"noreferrer noopener\">ES<\/a> <a href=\"https:\/\/nextcloud.iefc.net\/index.php\/s\/ydHbeqgrNNexcKS\" target=\"_blank\" rel=\"noreferrer noopener\">PT<\/a><\/strong><\/p>\n\n\n\n<p class=\"has-vivid-red-color has-text-color\" style=\"font-size:16px\"><em><strong>(FICHIER ZIP CONTENANT DES JPEG, PNG)<\/strong><\/em><\/p>\n\n\n<div class=\"wp-block-image\">\n<figure class=\"aligncenter size-large is-resized\"><img decoding=\"async\" src=\"https:\/\/www.plantedforests.org\/wp-content\/uploads\/2022\/09\/Charte-graphiqe-FR_Bandeau-1024x512.png\" alt=\"Charte graphique IEFC\" class=\"wp-image-6991\" width=\"434\" height=\"218\" srcset=\"https:\/\/www.plantedforests.org\/wp-content\/uploads\/2022\/09\/Charte-graphiqe-FR_Bandeau-1024x512.png 1024w, https:\/\/www.plantedforests.org\/wp-content\/uploads\/2022\/09\/Charte-graphiqe-FR_Bandeau-300x150.png 300w, https:\/\/www.plantedforests.org\/wp-content\/uploads\/2022\/09\/Charte-graphiqe-FR_Bandeau-150x75.png 150w, https:\/\/www.plantedforests.org\/wp-content\/uploads\/2022\/09\/Charte-graphiqe-FR_Bandeau-768x384.png 768w, https:\/\/www.plantedforests.org\/wp-content\/uploads\/2022\/09\/Charte-graphiqe-FR_Bandeau-1536x768.png 1536w, https:\/\/www.plantedforests.org\/wp-content\/uploads\/2022\/09\/Charte-graphiqe-FR_Bandeau-2048x1024.png 2048w, https:\/\/www.plantedforests.org\/wp-content\/uploads\/2022\/09\/Charte-graphiqe-FR_Bandeau-1320x660.png 1320w\" sizes=\"(max-width: 434px) 100vw, 434px\" \/><\/figure>\n<\/div>\n\n\n<div style=\"height:21px\" aria-hidden=\"true\" class=\"wp-block-spacer\"><\/div>\n\n\n\n<p><\/p>\n\n\n\n<h2 class=\"wp-block-heading has-text-color\" style=\"color:#006633;font-size:16px\"><strong><span style=\"text-decoration: underline;\">T\u00e9l\u00e9chargez la charte graphique de l&rsquo;IEFC en cliquant sur la langue correspondante ci-dessous.<\/span><\/strong><\/h2>\n\n\n\n<p class=\"has-text-align-left\" style=\"font-size:16px\"><strong><a href=\"https:\/\/nextcloud.iefc.net\/index.php\/s\/Gf7RLba2CLnNCZd\" target=\"_blank\" rel=\"noreferrer noopener\">FR<\/a> <a href=\"https:\/\/nextcloud.iefc.net\/index.php\/s\/eBGHptmHSsGeLrJ\" target=\"_blank\" rel=\"noreferrer noopener\">EN<\/a> <a href=\"https:\/\/nextcloud.iefc.net\/index.php\/s\/stHQAiNJdM9xC6J\" target=\"_blank\" rel=\"noreferrer noopener\">ES<\/a> <a href=\"https:\/\/nextcloud.iefc.net\/index.php\/s\/2QckCT5CKwKdzf3\">PT<\/a><\/strong><\/p>\n\n\n\n<p class=\"has-vivid-red-color has-text-color\" style=\"font-size:16px\"><em><strong>(FICHIER ZIP CONTENANT DES PDF)<\/strong><\/em><\/p>\n\n\n\n<div class=\"wp-block-group is-vertical is-layout-flex wp-container-core-group-is-layout-8cf370e7 wp-block-group-is-layout-flex\">\n<p class=\"has-black-color has-text-color\" style=\"font-size:16px\">Vous trouverez dans ce document <span style=\"text-decoration: underline;\">les r\u00e8gles essentielles<\/span> pour l&rsquo;utilisation du logo de l&rsquo;IEFC.<\/p>\n\n\n\n<div class=\"wp-block-group is-vertical is-layout-flex wp-container-core-group-is-layout-8cf370e7 wp-block-group-is-layout-flex\">\n<p class=\"has-black-color has-text-color\" style=\"font-size:16px\">-le logo et son utilisation<\/p>\n\n\n\n<p class=\"has-black-color has-text-color\" style=\"font-size:16px\">-les typographies<\/p>\n\n\n\n<p class=\"has-black-color has-text-color\" style=\"font-size:16px\">-les couleurs<\/p>\n\n\n\n<p class=\"has-black-color has-text-color\" style=\"font-size:16px\">-l&rsquo;iconographie<\/p>\n<\/div>\n<\/div>\n\n\n\n<p><\/p>\n\n\n\n<div class=\"wp-block-group is-vertical is-layout-flex wp-container-core-group-is-layout-8cf370e7 wp-block-group-is-layout-flex\">\n<p class=\"has-black-color has-text-color\" style=\"font-size:16px\">Il est essentiel que ces r\u00e8gles soient respect\u00e9es, afin d&rsquo;\u00e9viter toute d\u00e9t\u00e9rioration de l&rsquo;image de l&rsquo;IEFC. <\/p>\n\n\n\n<p class=\"has-black-color has-text-color\" style=\"font-size:16px\"><strong>La charte graphique de l&rsquo;IEFC peut \u00eatre utilis\u00e9e par tous nos partenaires, tant priv\u00e9s que publics.<\/strong><\/p>\n<\/div>\n\n\n\n<p class=\"has-vivid-red-color has-text-color\"><\/p>\n\n\n\n<p><\/p>\n","protected":false},"excerpt":{"rendered":"<p>Il y a quelques semaines, nous vous avions pr\u00e9sent\u00e9 notre nouvelle identit\u00e9 visuelle. En effet, la sortie d\u2019un logo s\u2019accompagne naturellement d\u2019une charte graphique. Entre nouvelles couleurs et nouvelles typographies, [&hellip;]<\/p>\n","protected":false},"author":101,"featured_media":0,"parent":0,"menu_order":0,"comment_status":"closed","ping_status":"closed","template":"","meta":{"_acf_changed":false,"_eb_attr":"","_EventAllDay":false,"_EventTimezone":"","_EventStartDate":"","_EventEndDate":"","_EventStartDateUTC":"","_EventEndDateUTC":"","_EventShowMap":false,"_EventShowMapLink":false,"_EventURL":"","_EventCost":"","_EventCostDescription":"","_EventCurrencySymbol":"","_EventCurrencyCode":"","_EventCurrencyPosition":"","_EventDateTimeSeparator":"","_EventTimeRangeSeparator":"","_EventOrganizerID":[],"_EventVenueID":[],"_OrganizerEmail":"","_OrganizerPhone":"","_OrganizerWebsite":"","_VenueAddress":"","_VenueCity":"","_VenueCountry":"","_VenueProvince":"","_VenueState":"","_VenueZip":"","_VenuePhone":"","_VenueURL":"","_VenueStateProvince":"","_VenueLat":"","_VenueLng":"","_VenueShowMap":false,"_VenueShowMapLink":false,"activitypub_content_warning":"","activitypub_content_visibility":"","activitypub_max_image_attachments":4,"activitypub_interaction_policy_quote":"anyone","activitypub_status":"","footnotes":""},"class_list":["post-6267","page","type-page","status-publish","hentry"],"translation":{"provider":"WPGlobus","version":"3.0.2","language":"fr","enabled_languages":["gb","fr","es","pt"],"languages":{"gb":{"title":true,"content":true,"excerpt":false},"fr":{"title":true,"content":true,"excerpt":false},"es":{"title":true,"content":true,"excerpt":false},"pt":{"title":true,"content":true,"excerpt":false}}},"acf":[],"yoast_head":"<!-- This site is optimized with the Yoast SEO plugin v27.3 - https:\/\/yoast.com\/product\/yoast-seo-wordpress\/ -->\n<title>Logo &amp; Charte Graphique - Institut Europ\u00e9en de la For\u00eat Cultiv\u00e9e - IEFC<\/title>\n<meta name=\"description\" content=\"Il y a quelques semaines, nous vous avions pr\u00e9sent\u00e9 notre nouvelle identit\u00e9 visuelle. En effet, la sortie d\u2019un logo s\u2019accompagne naturellement d\u2019une charte graphique.\" \/>\n<meta name=\"robots\" content=\"index, follow, max-snippet:-1, max-image-preview:large, max-video-preview:-1\" \/>\n<link rel=\"canonical\" href=\"https:\/\/www.plantedforests.org\/logo-graphic-charter\/\" \/>\n<meta property=\"og:locale\" content=\"fr_FR\" \/>\n<meta property=\"og:type\" content=\"article\" \/>\n<meta property=\"og:title\" content=\"Logo &amp; Charte Graphique - Institut Europ\u00e9en de la For\u00eat Cultiv\u00e9e - IEFC\" \/>\n<meta property=\"og:description\" content=\"Il y a quelques semaines, nous vous avions pr\u00e9sent\u00e9 notre nouvelle identit\u00e9 visuelle. En effet, la sortie d\u2019un logo s\u2019accompagne naturellement d\u2019une charte graphique.\" \/>\n<meta property=\"og:url\" content=\"https:\/\/www.plantedforests.org\/logo-graphic-charter\/\" \/>\n<meta property=\"og:site_name\" content=\"Institut Europ\u00e9en de la For\u00eat Cultiv\u00e9e - IEFC\" \/>\n<meta property=\"article:modified_time\" content=\"2023-06-09T13:42:40+00:00\" \/>\n<meta property=\"og:image\" content=\"https:\/\/www.plantedforests.org\/wp-content\/uploads\/2022\/09\/IEFC-Graphic-Charter-1024x183.png\" \/>\n<meta name=\"twitter:card\" content=\"summary_large_image\" \/>\n<meta name=\"twitter:site\" content=\"@IEFCPlantForest\" \/>\n<meta name=\"twitter:label1\" content=\"Dur\u00e9e de lecture estim\u00e9e\" \/>\n\t<meta name=\"twitter:data1\" content=\"3 minutes\" \/>\n<script type=\"application\/ld+json\" class=\"yoast-schema-graph\">{\"@context\":\"https:\\\/\\\/schema.org\",\"@graph\":[{\"@type\":\"WebPage\",\"@id\":\"https:\\\/\\\/www.plantedforests.org\\\/logo-graphic-charter\\\/\",\"url\":\"https:\\\/\\\/www.plantedforests.org\\\/logo-graphic-charter\\\/\",\"name\":\"Logo & Charte Graphique - Institut Europ\u00e9en de la For\u00eat Cultiv\u00e9e - IEFC\",\"isPartOf\":{\"@id\":\"https:\\\/\\\/www.plantedforests.org\\\/fr\\\/#website\"},\"primaryImageOfPage\":{\"@id\":\"https:\\\/\\\/www.plantedforests.org\\\/logo-graphic-charter\\\/#primaryimage\"},\"image\":{\"@id\":\"https:\\\/\\\/www.plantedforests.org\\\/logo-graphic-charter\\\/#primaryimage\"},\"thumbnailUrl\":\"https:\\\/\\\/www.plantedforests.org\\\/wp-content\\\/uploads\\\/2022\\\/09\\\/IEFC-Graphic-Charter-1024x183.png\",\"datePublished\":\"2022-09-26T09:10:28+00:00\",\"dateModified\":\"2023-06-09T13:42:40+00:00\",\"description\":\"A few weeks ago, we presented our new visual identity. Learn about our visual identity.\",\"breadcrumb\":{\"@id\":\"https:\\\/\\\/www.plantedforests.org\\\/logo-graphic-charter\\\/#breadcrumb\"},\"inLanguage\":\"fr-FR\",\"potentialAction\":[{\"@type\":\"ReadAction\",\"target\":[\"https:\\\/\\\/www.plantedforests.org\\\/logo-graphic-charter\\\/\"]}]},{\"@type\":\"ImageObject\",\"inLanguage\":\"fr-FR\",\"@id\":\"https:\\\/\\\/www.plantedforests.org\\\/logo-graphic-charter\\\/#primaryimage\",\"url\":\"https:\\\/\\\/www.plantedforests.org\\\/wp-content\\\/uploads\\\/2022\\\/09\\\/IEFC-Graphic-Charter-1024x183.png\",\"contentUrl\":\"https:\\\/\\\/www.plantedforests.org\\\/wp-content\\\/uploads\\\/2022\\\/09\\\/IEFC-Graphic-Charter-1024x183.png\"},{\"@type\":\"BreadcrumbList\",\"@id\":\"https:\\\/\\\/www.plantedforests.org\\\/logo-graphic-charter\\\/#breadcrumb\",\"itemListElement\":[{\"@type\":\"ListItem\",\"position\":1,\"name\":\"Accueil\",\"item\":\"https:\\\/\\\/www.plantedforests.org\\\/\"},{\"@type\":\"ListItem\",\"position\":2,\"name\":\"Logo &#038; Graphic Charter\"}]},{\"@type\":\"WebSite\",\"@id\":\"https:\\\/\\\/www.plantedforests.org\\\/fr\\\/#website\",\"url\":\"https:\\\/\\\/www.plantedforests.org\\\/fr\\\/\",\"name\":\"Institut Europ\u00e9en de la For\u00eat Cultiv\u00e9e - IEFC\",\"description\":\"Le r\u00e9seau multi-acteur pour la gestion durable et la r\u00e9silience des for\u00eats cultiv\u00e9es\",\"publisher\":{\"@id\":\"https:\\\/\\\/www.plantedforests.org\\\/fr\\\/#organization\"},\"potentialAction\":[{\"@type\":\"SearchAction\",\"target\":{\"@type\":\"EntryPoint\",\"urlTemplate\":\"https:\\\/\\\/www.plantedforests.org\\\/fr\\\/?s={search_term_string}\"},\"query-input\":{\"@type\":\"PropertyValueSpecification\",\"valueRequired\":true,\"valueName\":\"search_term_string\"}}],\"inLanguage\":\"fr-FR\"},{\"@type\":\"Organization\",\"@id\":\"https:\\\/\\\/www.plantedforests.org\\\/fr\\\/#organization\",\"name\":\"Institut Europ\u00e9en de la For\u00eat Cultiv\u00e9e - Plantedforests.org\",\"url\":\"https:\\\/\\\/www.plantedforests.org\\\/fr\\\/\",\"logo\":{\"@type\":\"ImageObject\",\"inLanguage\":\"fr-FR\",\"@id\":\"https:\\\/\\\/www.plantedforests.org\\\/fr\\\/#\\\/schema\\\/logo\\\/image\\\/\",\"url\":\"https:\\\/\\\/www.plantedforests.org\\\/wp-content\\\/uploads\\\/2022\\\/07\\\/Logo_iefc__FR.png\",\"contentUrl\":\"https:\\\/\\\/www.plantedforests.org\\\/wp-content\\\/uploads\\\/2022\\\/07\\\/Logo_iefc__FR.png\",\"width\":2031,\"height\":1001,\"caption\":\"Institut Europ\u00e9en de la For\u00eat Cultiv\u00e9e - Plantedforests.org\"},\"image\":{\"@id\":\"https:\\\/\\\/www.plantedforests.org\\\/fr\\\/#\\\/schema\\\/logo\\\/image\\\/\"},\"sameAs\":[\"https:\\\/\\\/x.com\\\/IEFCPlantForest\",\"https:\\\/\\\/www.linkedin.com\\\/company\\\/71728047\\\/\"]}]}<\/script>\n<!-- \/ Yoast SEO plugin. -->","yoast_head_json":{"title":"Logo & Charte Graphique - Institut Europ\u00e9en de la For\u00eat Cultiv\u00e9e - IEFC","description":"Il y a quelques semaines, nous vous avions pr\u00e9sent\u00e9 notre nouvelle identit\u00e9 visuelle. En effet, la sortie d\u2019un logo s\u2019accompagne naturellement d\u2019une charte graphique.","robots":{"index":"index","follow":"follow","max-snippet":"max-snippet:-1","max-image-preview":"max-image-preview:large","max-video-preview":"max-video-preview:-1"},"canonical":"https:\/\/www.plantedforests.org\/logo-graphic-charter\/","og_locale":"fr_FR","og_type":"article","og_title":"Logo & Charte Graphique - Institut Europ\u00e9en de la For\u00eat Cultiv\u00e9e - IEFC","og_description":"Il y a quelques semaines, nous vous avions pr\u00e9sent\u00e9 notre nouvelle identit\u00e9 visuelle. En effet, la sortie d\u2019un logo s\u2019accompagne naturellement d\u2019une charte graphique.","og_url":"https:\/\/www.plantedforests.org\/logo-graphic-charter\/","og_site_name":"Institut Europ\u00e9en de la For\u00eat Cultiv\u00e9e - IEFC","article_modified_time":"2023-06-09T13:42:40+00:00","og_image":[{"url":"https:\/\/www.plantedforests.org\/wp-content\/uploads\/2022\/09\/IEFC-Graphic-Charter-1024x183.png","type":"","width":"","height":""}],"twitter_card":"summary_large_image","twitter_site":"@IEFCPlantForest","twitter_misc":{"Dur\u00e9e de lecture estim\u00e9e":"3 minutes"},"schema":{"@context":"https:\/\/schema.org","@graph":[{"@type":"WebPage","@id":"https:\/\/www.plantedforests.org\/logo-graphic-charter\/","url":"https:\/\/www.plantedforests.org\/logo-graphic-charter\/","name":"Logo & Charte Graphique - Institut Europ\u00e9en de la For\u00eat Cultiv\u00e9e - IEFC","isPartOf":{"@id":"https:\/\/www.plantedforests.org\/fr\/#website"},"primaryImageOfPage":{"@id":"https:\/\/www.plantedforests.org\/logo-graphic-charter\/#primaryimage"},"image":{"@id":"https:\/\/www.plantedforests.org\/logo-graphic-charter\/#primaryimage"},"thumbnailUrl":"https:\/\/www.plantedforests.org\/wp-content\/uploads\/2022\/09\/IEFC-Graphic-Charter-1024x183.png","datePublished":"2022-09-26T09:10:28+00:00","dateModified":"2023-06-09T13:42:40+00:00","description":"A few weeks ago, we presented our new visual identity. Learn about our visual identity.","breadcrumb":{"@id":"https:\/\/www.plantedforests.org\/logo-graphic-charter\/#breadcrumb"},"inLanguage":"fr-FR","potentialAction":[{"@type":"ReadAction","target":["https:\/\/www.plantedforests.org\/logo-graphic-charter\/"]}]},{"@type":"ImageObject","inLanguage":"fr-FR","@id":"https:\/\/www.plantedforests.org\/logo-graphic-charter\/#primaryimage","url":"https:\/\/www.plantedforests.org\/wp-content\/uploads\/2022\/09\/IEFC-Graphic-Charter-1024x183.png","contentUrl":"https:\/\/www.plantedforests.org\/wp-content\/uploads\/2022\/09\/IEFC-Graphic-Charter-1024x183.png"},{"@type":"BreadcrumbList","@id":"https:\/\/www.plantedforests.org\/logo-graphic-charter\/#breadcrumb","itemListElement":[{"@type":"ListItem","position":1,"name":"Accueil","item":"https:\/\/www.plantedforests.org\/"},{"@type":"ListItem","position":2,"name":"Logo &#038; Graphic Charter"}]},{"@type":"WebSite","@id":"https:\/\/www.plantedforests.org\/fr\/#website","url":"https:\/\/www.plantedforests.org\/fr\/","name":"Institut Europ\u00e9en de la For\u00eat Cultiv\u00e9e - IEFC","description":"Le r\u00e9seau multi-acteur pour la gestion durable et la r\u00e9silience des for\u00eats cultiv\u00e9es","publisher":{"@id":"https:\/\/www.plantedforests.org\/fr\/#organization"},"potentialAction":[{"@type":"SearchAction","target":{"@type":"EntryPoint","urlTemplate":"https:\/\/www.plantedforests.org\/fr\/?s={search_term_string}"},"query-input":{"@type":"PropertyValueSpecification","valueRequired":true,"valueName":"search_term_string"}}],"inLanguage":"fr-FR"},{"@type":"Organization","@id":"https:\/\/www.plantedforests.org\/fr\/#organization","name":"Institut Europ\u00e9en de la For\u00eat Cultiv\u00e9e - Plantedforests.org","url":"https:\/\/www.plantedforests.org\/fr\/","logo":{"@type":"ImageObject","inLanguage":"fr-FR","@id":"https:\/\/www.plantedforests.org\/fr\/#\/schema\/logo\/image\/","url":"https:\/\/www.plantedforests.org\/wp-content\/uploads\/2022\/07\/Logo_iefc__FR.png","contentUrl":"https:\/\/www.plantedforests.org\/wp-content\/uploads\/2022\/07\/Logo_iefc__FR.png","width":2031,"height":1001,"caption":"Institut Europ\u00e9en de la For\u00eat Cultiv\u00e9e - Plantedforests.org"},"image":{"@id":"https:\/\/www.plantedforests.org\/fr\/#\/schema\/logo\/image\/"},"sameAs":["https:\/\/x.com\/IEFCPlantForest","https:\/\/www.linkedin.com\/company\/71728047\/"]}]}},"_links":{"self":[{"href":"https:\/\/www.plantedforests.org\/fr\/wp-json\/wp\/v2\/pages\/6267","targetHints":{"allow":["GET"]}}],"collection":[{"href":"https:\/\/www.plantedforests.org\/fr\/wp-json\/wp\/v2\/pages"}],"about":[{"href":"https:\/\/www.plantedforests.org\/fr\/wp-json\/wp\/v2\/types\/page"}],"author":[{"embeddable":true,"href":"https:\/\/www.plantedforests.org\/fr\/wp-json\/wp\/v2\/users\/101"}],"replies":[{"embeddable":true,"href":"https:\/\/www.plantedforests.org\/fr\/wp-json\/wp\/v2\/comments?post=6267"}],"version-history":[{"count":102,"href":"https:\/\/www.plantedforests.org\/fr\/wp-json\/wp\/v2\/pages\/6267\/revisions"}],"predecessor-version":[{"id":12539,"href":"https:\/\/www.plantedforests.org\/fr\/wp-json\/wp\/v2\/pages\/6267\/revisions\/12539"}],"wp:attachment":[{"href":"https:\/\/www.plantedforests.org\/fr\/wp-json\/wp\/v2\/media?parent=6267"}],"curies":[{"name":"wp","href":"https:\/\/api.w.org\/{rel}","templated":true}]}}