
{"id":3053,"date":"2018-06-05T23:42:21","date_gmt":"2018-06-05T21:42:21","guid":{"rendered":"https:\/\/www.iefc.net\/?page_id=3053"},"modified":"2023-08-24T16:27:49","modified_gmt":"2023-08-24T14:27:49","slug":"mise-en-place-dun-reseau-de-zones-pilotes-pour-tester-les-indicateurs-de-gestion-durable","status":"publish","type":"page","link":"https:\/\/www.plantedforests.org\/fr\/mise-en-place-dun-reseau-de-zones-pilotes-pour-tester-les-indicateurs-de-gestion-durable\/","title":{"rendered":"Mise en place d&rsquo;un r\u00e9seau de zones pilotes pour tester les indicateurs de gestion durable"},"content":{"rendered":"<p class=\"titre\">\n<p>La communaut\u00e9 de travail des Pyr\u00e9n\u00e9es a financ\u00e9 la constitution d&rsquo;un r\u00e9seau de test des indicateurs de gestion durable des for\u00eats. La concertation entre les zones pilotes de l&rsquo;arc atlantique s&rsquo;effectue essentiellement au sein du projet EUROSILVASUR, mais l&rsquo;int\u00e9gration de nouvelles r\u00e9gions telles que Midi-Pyr\u00e9nn\u00e9es et Catalogne a n\u00e9cessit\u00e9 le soutien de la CTP.<br \/>\nConcr\u00e8tement, la constitution de ce r\u00e9seau passe par la r\u00e9alisation de 4 r\u00e9unions sur chacun des sites qui sera retenu comme zone pilote. Ces visites sont l&rsquo;occasion de faire le point sur les comp\u00e9tences disponibles dans chaque r\u00e9gion, l&rsquo;avancement de la certification, les objectifs \u00e0 assigner au r\u00e9seau dans son ensemble.<\/p>\n<p class=\"vert\">Visite du site de Catalogne (CTP) : le 25 et 26 avril 2002<\/p>\n<p>[Compte rendu en cours d&rsquo;\u00e9laboration]<\/p>\n<p class=\"vert\">Visite du site d&rsquo;Aquitaine (CTP) : le 13 et 14 juin<\/p>\n<p>Le 13 : Visite des dispositifs d&rsquo;\u00e9tude de la biodiversit\u00e9, rencontre avec le comit\u00e9 de pilotage du site (Rendez-vous \u00e0 10H30 \u00e0 <a href=\"http:\/\/www.mappy.fr\/PlanPerso\/AAAA7juE80zAqAEYAAALRQ==\/1\">Pontenx<\/a> centre).<br \/>\nLe 14 : Matin\u00e9e de travail sur l&rsquo;organisation et le budget du projet (<a href=\"http:\/\/w3.pierroton.inra.fr\/Acces\/plan.html\">Inra Pierroton<\/a>).<\/p>\n<p class=\"vert\">Visite des sites de Midi-Pyr\u00e9n\u00e9es (CTP) :le 20-21 Juin<\/p>\n<p>Le 20 juin sera consacr\u00e9 \u00e0 la visite du site du Gar-Cagire organis\u00e9e par l&rsquo;ONF. Cette visite nous permettra de d\u00e9couvrir un h\u00eatraie sapini\u00e8re avec des enjeux patrimoniaux particuliers et rencontrer des acteurs de PEFC en Midi-Pyr\u00e9n\u00e9es:<br \/>\nVisite de terrain : deux stations pr\u00e9vues<\/p>\n<ul>\n<li>pr\u00e9sentation de la gestion foresti\u00e8re en for\u00eat domaniale de Gar-Cagire- enjeux, contraintes ( Patrick De Meerleer)<\/li>\n<li>probl\u00e9matique \u00ab habitats d\u0092int\u00e9r\u00eats communautaires \u00bb ( Fran\u00e7ois Prud\u0092homme)<br \/>\nRepas \u00e0 12 h 30 \u00e0 Aspet \u00e0 l\u0092auberge \u00ab Le bois br\u00fbl\u00e9 \u00bb<br \/>\nApr\u00e8s- midi, r\u00e9union en salle sur:<br \/>\n\u00ab\u00a0L\u0092\u00e9tat des r\u00e9flexions au titre de PEFC en Midi-Pyr\u00e9n\u00e9es\u00a0\u00bb<br \/>\nL\u0092\u00e9tat d\u0092avancement du programme de mise en place d\u0092un r\u00e9seau de sites ateliers pour \u00e9valuer la pertinence et le co\u00fbt du suivi des indicateurs de gestion durable.<br \/>\nRendez-vous \u00e0 10H au <a href=\"http:\/\/www.viamichelin.com\/viamichelin\/fra\/dyn\/controller\/savedMapGet?mapId=153655\"> Col de Buret<\/a>, a cot\u00e9 d&rsquo;Aspet.<\/p>\n<p>Nuit du 20 au 21 \u00e0 Carcassone ou \u00e0 Castre selon le nombre de participants.(contactez C. Orazio)<\/p>\n<p>Le 21 Juin sera d\u00e9di\u00e9 \u00e0 la visite du site des monts de Lacaune qui a d\u00e9j\u00e0 servi \u00e0 une \u00e9tude sur les indicateurs dans le cadre d&rsquo;un projet LIFE qui s&rsquo;ach\u00e8ve cette ann\u00e9e. Pr\u00e9sentation des r\u00e9sultats obtenus sur les indicateurs de biodiversit\u00e9 et compte rendu des travaux effectu\u00e9s dans le cadre du projet LIFE.<br \/>\nRendez-vous \u00e0 9H30 \u00e0 <a href=\"http:\/\/www.viamichelin.com\/viamichelin\/fra\/dyn\/controller\/savedMapGet?mapId=153764\"> Angl\u00e9s<\/a> place de l&rsquo;\u00e9glise.<\/p>\n<p>Itin\u00e9raire Aspet-Angl\u00e9s <a href=\"http:\/\/www.viamichelin.com\/viamichelin\/fra\/dyn\/controller\/savedMapGet?mapId=153773\">ici<\/a><\/p>\n<p class=\"vert\">Visite du site d&rsquo;Euskadi (CTP) :Repouss\u00e9e en septembre<\/p>\n<p><br clear=\"all\" \/><\/p>\n<div align=\"right\">\n<table id=\"CTP\" class=\"piedpage\" border=\"0\" summary=\"\">\n<tbody>\n<tr>\n<td colspan=\"9\" align=\"center\"><span style=\"font-size: xx-small;\">Projet Subventionn\u00e9 par<br \/>\nla Communaut\u00e9 de travail pyr\u00e9n\u00e9enne<\/span><\/td>\n<\/tr>\n<tr>\n<td><img decoding=\"async\" src=\"https:\/\/www.plantedforests.org\/old_resources\/images\/CRaquitaine.jpg\" alt=\"\" height=\"80\" border=\"0\" \/><\/td>\n<\/tr>\n<\/tbody>\n<\/table>\n<\/div>\n<\/li>\n<\/ul>\n<p>&nbsp;<\/p>\n","protected":false},"excerpt":{"rendered":"<p>La communaut\u00e9 de travail des Pyr\u00e9n\u00e9es a financ\u00e9 la constitution d&rsquo;un r\u00e9seau de test des indicateurs de gestion durable des for\u00eats. La concertation entre les zones pilotes de l&rsquo;arc atlantique [&hellip;]<\/p>\n","protected":false},"author":3,"featured_media":0,"parent":0,"menu_order":0,"comment_status":"closed","ping_status":"closed","template":"","meta":{"_acf_changed":false,"_eb_attr":"","_EventAllDay":false,"_EventTimezone":"","_EventStartDate":"","_EventEndDate":"","_EventStartDateUTC":"","_EventEndDateUTC":"","_EventShowMap":false,"_EventShowMapLink":false,"_EventURL":"","_EventCost":"","_EventCostDescription":"","_EventCurrencySymbol":"","_EventCurrencyCode":"","_EventCurrencyPosition":"","_EventDateTimeSeparator":"","_EventTimeRangeSeparator":"","_EventOrganizerID":[],"_EventVenueID":[],"_OrganizerEmail":"","_OrganizerPhone":"","_OrganizerWebsite":"","_VenueAddress":"","_VenueCity":"","_VenueCountry":"","_VenueProvince":"","_VenueState":"","_VenueZip":"","_VenuePhone":"","_VenueURL":"","_VenueStateProvince":"","_VenueLat":"","_VenueLng":"","_VenueShowMap":false,"_VenueShowMapLink":false,"activitypub_content_warning":"","activitypub_content_visibility":"","activitypub_max_image_attachments":4,"activitypub_interaction_policy_quote":"anyone","activitypub_status":"","footnotes":""},"class_list":["post-3053","page","type-page","status-publish","hentry"],"translation":{"provider":"WPGlobus","version":"3.0.2","language":"fr","enabled_languages":["gb","fr","es","pt"],"languages":{"gb":{"title":true,"content":true,"excerpt":false},"fr":{"title":true,"content":true,"excerpt":false},"es":{"title":true,"content":true,"excerpt":false},"pt":{"title":true,"content":true,"excerpt":false}}},"acf":[],"yoast_head":"<!-- This site is optimized with the Yoast SEO plugin v27.3 - https:\/\/yoast.com\/product\/yoast-seo-wordpress\/ -->\n<title>Mise en place d&#039;un r\u00e9seau de zones pilotes pour tester les indicateurs de gestion durable - Institut Europ\u00e9en de la For\u00eat Cultiv\u00e9e - IEFC<\/title>\n<meta name=\"robots\" content=\"index, follow, max-snippet:-1, max-image-preview:large, max-video-preview:-1\" \/>\n<link rel=\"canonical\" href=\"https:\/\/www.plantedforests.org\/mise-en-place-dun-reseau-de-zones-pilotes-pour-tester-les-indicateurs-de-gestion-durable\/\" \/>\n<meta property=\"og:locale\" content=\"fr_FR\" \/>\n<meta property=\"og:type\" content=\"article\" \/>\n<meta property=\"og:title\" content=\"Mise en place d&#039;un r\u00e9seau de zones pilotes pour tester les indicateurs de gestion durable - Institut Europ\u00e9en de la For\u00eat Cultiv\u00e9e - IEFC\" \/>\n<meta property=\"og:url\" content=\"https:\/\/www.plantedforests.org\/mise-en-place-dun-reseau-de-zones-pilotes-pour-tester-les-indicateurs-de-gestion-durable\/\" \/>\n<meta property=\"og:site_name\" content=\"Institut Europ\u00e9en de la For\u00eat Cultiv\u00e9e - IEFC\" \/>\n<meta property=\"article:modified_time\" content=\"2023-08-24T14:27:49+00:00\" \/>\n<meta property=\"og:image\" content=\"https:\/\/www.plantedforests.org\/old_resources\/images\/CRaquitaine.jpg\" \/>\n<meta name=\"twitter:card\" content=\"summary_large_image\" \/>\n<meta name=\"twitter:site\" content=\"@IEFCPlantForest\" \/>\n<meta name=\"twitter:label1\" content=\"Dur\u00e9e de lecture estim\u00e9e\" \/>\n\t<meta name=\"twitter:data1\" content=\"9 minutes\" \/>\n<script type=\"application\/ld+json\" class=\"yoast-schema-graph\">{\"@context\":\"https:\\\/\\\/schema.org\",\"@graph\":[{\"@type\":\"WebPage\",\"@id\":\"https:\\\/\\\/www.plantedforests.org\\\/mise-en-place-dun-reseau-de-zones-pilotes-pour-tester-les-indicateurs-de-gestion-durable\\\/\",\"url\":\"https:\\\/\\\/www.plantedforests.org\\\/mise-en-place-dun-reseau-de-zones-pilotes-pour-tester-les-indicateurs-de-gestion-durable\\\/\",\"name\":\"Mise en place d'un r\u00e9seau de zones pilotes pour tester les indicateurs de gestion durable - Institut Europ\u00e9en de la For\u00eat Cultiv\u00e9e - IEFC\",\"isPartOf\":{\"@id\":\"https:\\\/\\\/www.plantedforests.org\\\/fr\\\/#website\"},\"primaryImageOfPage\":{\"@id\":\"https:\\\/\\\/www.plantedforests.org\\\/mise-en-place-dun-reseau-de-zones-pilotes-pour-tester-les-indicateurs-de-gestion-durable\\\/#primaryimage\"},\"image\":{\"@id\":\"https:\\\/\\\/www.plantedforests.org\\\/mise-en-place-dun-reseau-de-zones-pilotes-pour-tester-les-indicateurs-de-gestion-durable\\\/#primaryimage\"},\"thumbnailUrl\":\"https:\\\/\\\/www.plantedforests.org\\\/old_resources\\\/images\\\/CRaquitaine.jpg\",\"datePublished\":\"2018-06-05T21:42:21+00:00\",\"dateModified\":\"2023-08-24T14:27:49+00:00\",\"breadcrumb\":{\"@id\":\"https:\\\/\\\/www.plantedforests.org\\\/mise-en-place-dun-reseau-de-zones-pilotes-pour-tester-les-indicateurs-de-gestion-durable\\\/#breadcrumb\"},\"inLanguage\":\"fr-FR\",\"potentialAction\":[{\"@type\":\"ReadAction\",\"target\":[\"https:\\\/\\\/www.plantedforests.org\\\/mise-en-place-dun-reseau-de-zones-pilotes-pour-tester-les-indicateurs-de-gestion-durable\\\/\"]}]},{\"@type\":\"ImageObject\",\"inLanguage\":\"fr-FR\",\"@id\":\"https:\\\/\\\/www.plantedforests.org\\\/mise-en-place-dun-reseau-de-zones-pilotes-pour-tester-les-indicateurs-de-gestion-durable\\\/#primaryimage\",\"url\":\"https:\\\/\\\/www.plantedforests.org\\\/old_resources\\\/images\\\/CRaquitaine.jpg\",\"contentUrl\":\"https:\\\/\\\/www.plantedforests.org\\\/old_resources\\\/images\\\/CRaquitaine.jpg\"},{\"@type\":\"BreadcrumbList\",\"@id\":\"https:\\\/\\\/www.plantedforests.org\\\/mise-en-place-dun-reseau-de-zones-pilotes-pour-tester-les-indicateurs-de-gestion-durable\\\/#breadcrumb\",\"itemListElement\":[{\"@type\":\"ListItem\",\"position\":1,\"name\":\"Accueil\",\"item\":\"https:\\\/\\\/www.plantedforests.org\\\/\"},{\"@type\":\"ListItem\",\"position\":2,\"name\":\"Mise en place d&rsquo;un r\u00e9seau de zones pilotes pour tester les indicateurs de gestion durable\"}]},{\"@type\":\"WebSite\",\"@id\":\"https:\\\/\\\/www.plantedforests.org\\\/fr\\\/#website\",\"url\":\"https:\\\/\\\/www.plantedforests.org\\\/fr\\\/\",\"name\":\"Institut Europ\u00e9en de la For\u00eat Cultiv\u00e9e - IEFC\",\"description\":\"Le r\u00e9seau multi-acteur pour la gestion durable et la r\u00e9silience des for\u00eats cultiv\u00e9es\",\"publisher\":{\"@id\":\"https:\\\/\\\/www.plantedforests.org\\\/fr\\\/#organization\"},\"potentialAction\":[{\"@type\":\"SearchAction\",\"target\":{\"@type\":\"EntryPoint\",\"urlTemplate\":\"https:\\\/\\\/www.plantedforests.org\\\/fr\\\/?s={search_term_string}\"},\"query-input\":{\"@type\":\"PropertyValueSpecification\",\"valueRequired\":true,\"valueName\":\"search_term_string\"}}],\"inLanguage\":\"fr-FR\"},{\"@type\":\"Organization\",\"@id\":\"https:\\\/\\\/www.plantedforests.org\\\/fr\\\/#organization\",\"name\":\"Institut Europ\u00e9en de la For\u00eat Cultiv\u00e9e - Plantedforests.org\",\"url\":\"https:\\\/\\\/www.plantedforests.org\\\/fr\\\/\",\"logo\":{\"@type\":\"ImageObject\",\"inLanguage\":\"fr-FR\",\"@id\":\"https:\\\/\\\/www.plantedforests.org\\\/fr\\\/#\\\/schema\\\/logo\\\/image\\\/\",\"url\":\"https:\\\/\\\/www.plantedforests.org\\\/wp-content\\\/uploads\\\/2022\\\/07\\\/Logo_iefc__FR.png\",\"contentUrl\":\"https:\\\/\\\/www.plantedforests.org\\\/wp-content\\\/uploads\\\/2022\\\/07\\\/Logo_iefc__FR.png\",\"width\":2031,\"height\":1001,\"caption\":\"Institut Europ\u00e9en de la For\u00eat Cultiv\u00e9e - Plantedforests.org\"},\"image\":{\"@id\":\"https:\\\/\\\/www.plantedforests.org\\\/fr\\\/#\\\/schema\\\/logo\\\/image\\\/\"},\"sameAs\":[\"https:\\\/\\\/x.com\\\/IEFCPlantForest\",\"https:\\\/\\\/www.linkedin.com\\\/company\\\/71728047\\\/\"]}]}<\/script>\n<!-- \/ Yoast SEO plugin. -->","yoast_head_json":{"title":"Mise en place d'un r\u00e9seau de zones pilotes pour tester les indicateurs de gestion durable - Institut Europ\u00e9en de la For\u00eat Cultiv\u00e9e - IEFC","robots":{"index":"index","follow":"follow","max-snippet":"max-snippet:-1","max-image-preview":"max-image-preview:large","max-video-preview":"max-video-preview:-1"},"canonical":"https:\/\/www.plantedforests.org\/mise-en-place-dun-reseau-de-zones-pilotes-pour-tester-les-indicateurs-de-gestion-durable\/","og_locale":"fr_FR","og_type":"article","og_title":"Mise en place d'un r\u00e9seau de zones pilotes pour tester les indicateurs de gestion durable - Institut Europ\u00e9en de la For\u00eat Cultiv\u00e9e - IEFC","og_url":"https:\/\/www.plantedforests.org\/mise-en-place-dun-reseau-de-zones-pilotes-pour-tester-les-indicateurs-de-gestion-durable\/","og_site_name":"Institut Europ\u00e9en de la For\u00eat Cultiv\u00e9e - IEFC","article_modified_time":"2023-08-24T14:27:49+00:00","og_image":[{"url":"https:\/\/www.plantedforests.org\/old_resources\/images\/CRaquitaine.jpg","type":"","width":"","height":""}],"twitter_card":"summary_large_image","twitter_site":"@IEFCPlantForest","twitter_misc":{"Dur\u00e9e de lecture estim\u00e9e":"9 minutes"},"schema":{"@context":"https:\/\/schema.org","@graph":[{"@type":"WebPage","@id":"https:\/\/www.plantedforests.org\/mise-en-place-dun-reseau-de-zones-pilotes-pour-tester-les-indicateurs-de-gestion-durable\/","url":"https:\/\/www.plantedforests.org\/mise-en-place-dun-reseau-de-zones-pilotes-pour-tester-les-indicateurs-de-gestion-durable\/","name":"Mise en place d'un r\u00e9seau de zones pilotes pour tester les indicateurs de gestion durable - Institut Europ\u00e9en de la For\u00eat Cultiv\u00e9e - IEFC","isPartOf":{"@id":"https:\/\/www.plantedforests.org\/fr\/#website"},"primaryImageOfPage":{"@id":"https:\/\/www.plantedforests.org\/mise-en-place-dun-reseau-de-zones-pilotes-pour-tester-les-indicateurs-de-gestion-durable\/#primaryimage"},"image":{"@id":"https:\/\/www.plantedforests.org\/mise-en-place-dun-reseau-de-zones-pilotes-pour-tester-les-indicateurs-de-gestion-durable\/#primaryimage"},"thumbnailUrl":"https:\/\/www.plantedforests.org\/old_resources\/images\/CRaquitaine.jpg","datePublished":"2018-06-05T21:42:21+00:00","dateModified":"2023-08-24T14:27:49+00:00","breadcrumb":{"@id":"https:\/\/www.plantedforests.org\/mise-en-place-dun-reseau-de-zones-pilotes-pour-tester-les-indicateurs-de-gestion-durable\/#breadcrumb"},"inLanguage":"fr-FR","potentialAction":[{"@type":"ReadAction","target":["https:\/\/www.plantedforests.org\/mise-en-place-dun-reseau-de-zones-pilotes-pour-tester-les-indicateurs-de-gestion-durable\/"]}]},{"@type":"ImageObject","inLanguage":"fr-FR","@id":"https:\/\/www.plantedforests.org\/mise-en-place-dun-reseau-de-zones-pilotes-pour-tester-les-indicateurs-de-gestion-durable\/#primaryimage","url":"https:\/\/www.plantedforests.org\/old_resources\/images\/CRaquitaine.jpg","contentUrl":"https:\/\/www.plantedforests.org\/old_resources\/images\/CRaquitaine.jpg"},{"@type":"BreadcrumbList","@id":"https:\/\/www.plantedforests.org\/mise-en-place-dun-reseau-de-zones-pilotes-pour-tester-les-indicateurs-de-gestion-durable\/#breadcrumb","itemListElement":[{"@type":"ListItem","position":1,"name":"Accueil","item":"https:\/\/www.plantedforests.org\/"},{"@type":"ListItem","position":2,"name":"Mise en place d&rsquo;un r\u00e9seau de zones pilotes pour tester les indicateurs de gestion durable"}]},{"@type":"WebSite","@id":"https:\/\/www.plantedforests.org\/fr\/#website","url":"https:\/\/www.plantedforests.org\/fr\/","name":"Institut Europ\u00e9en de la For\u00eat Cultiv\u00e9e - IEFC","description":"Le r\u00e9seau multi-acteur pour la gestion durable et la r\u00e9silience des for\u00eats cultiv\u00e9es","publisher":{"@id":"https:\/\/www.plantedforests.org\/fr\/#organization"},"potentialAction":[{"@type":"SearchAction","target":{"@type":"EntryPoint","urlTemplate":"https:\/\/www.plantedforests.org\/fr\/?s={search_term_string}"},"query-input":{"@type":"PropertyValueSpecification","valueRequired":true,"valueName":"search_term_string"}}],"inLanguage":"fr-FR"},{"@type":"Organization","@id":"https:\/\/www.plantedforests.org\/fr\/#organization","name":"Institut Europ\u00e9en de la For\u00eat Cultiv\u00e9e - Plantedforests.org","url":"https:\/\/www.plantedforests.org\/fr\/","logo":{"@type":"ImageObject","inLanguage":"fr-FR","@id":"https:\/\/www.plantedforests.org\/fr\/#\/schema\/logo\/image\/","url":"https:\/\/www.plantedforests.org\/wp-content\/uploads\/2022\/07\/Logo_iefc__FR.png","contentUrl":"https:\/\/www.plantedforests.org\/wp-content\/uploads\/2022\/07\/Logo_iefc__FR.png","width":2031,"height":1001,"caption":"Institut Europ\u00e9en de la For\u00eat Cultiv\u00e9e - Plantedforests.org"},"image":{"@id":"https:\/\/www.plantedforests.org\/fr\/#\/schema\/logo\/image\/"},"sameAs":["https:\/\/x.com\/IEFCPlantForest","https:\/\/www.linkedin.com\/company\/71728047\/"]}]}},"_links":{"self":[{"href":"https:\/\/www.plantedforests.org\/fr\/wp-json\/wp\/v2\/pages\/3053","targetHints":{"allow":["GET"]}}],"collection":[{"href":"https:\/\/www.plantedforests.org\/fr\/wp-json\/wp\/v2\/pages"}],"about":[{"href":"https:\/\/www.plantedforests.org\/fr\/wp-json\/wp\/v2\/types\/page"}],"author":[{"embeddable":true,"href":"https:\/\/www.plantedforests.org\/fr\/wp-json\/wp\/v2\/users\/3"}],"replies":[{"embeddable":true,"href":"https:\/\/www.plantedforests.org\/fr\/wp-json\/wp\/v2\/comments?post=3053"}],"version-history":[{"count":2,"href":"https:\/\/www.plantedforests.org\/fr\/wp-json\/wp\/v2\/pages\/3053\/revisions"}],"predecessor-version":[{"id":3055,"href":"https:\/\/www.plantedforests.org\/fr\/wp-json\/wp\/v2\/pages\/3053\/revisions\/3055"}],"wp:attachment":[{"href":"https:\/\/www.plantedforests.org\/fr\/wp-json\/wp\/v2\/media?parent=3053"}],"curies":[{"name":"wp","href":"https:\/\/api.w.org\/{rel}","templated":true}]}}