
{"id":3050,"date":"2002-06-05T23:39:56","date_gmt":"2002-06-05T21:39:56","guid":{"rendered":"https:\/\/www.iefc.net\/?page_id=3050"},"modified":"2024-05-06T10:18:38","modified_gmt":"2024-05-06T08:18:38","slug":"gerer-ensemble-le-territoire","status":"publish","type":"page","link":"https:\/\/www.plantedforests.org\/fr\/gerer-ensemble-le-territoire\/","title":{"rendered":"Gerer ensemble le territoire"},"content":{"rendered":"<p class=\"titre\">\n<p class=\"vert\">R\u00e9sultats du projet<\/p>\n<p class=\"T2\">Gestion durable des for\u00eats : un concept, des points de vue\u0085<\/p>\n<p><a class=\"icone_lien\" href=\"https:\/\/www.plantedforests.org\/?page=activites\/GERENS\/gestiondurable.fr.html\" target=\"_top\" hreflang=\"\" rel=\"noopener\"> Gestion durable des for\u00eats et concertation<\/a><br \/>\n<a class=\"icone_lien\" href=\"https:\/\/www.plantedforests.org\/?page=activites\/GERENS\/articlemediaforest.fr.html\" target=\"_top\" hreflang=\"\" rel=\"noopener\"> Article M\u00e9diaforest<\/a><\/p>\n<p class=\"T2\">Perception de la for\u00eat<\/p>\n<p><a class=\"icone_lien\" href=\"https:\/\/www.plantedforests.org\/?page=activites\/GERENS\/Statistiques.fr.html\" target=\"_top\" hreflang=\"\" rel=\"noopener\"> R\u00e9sultat des enqu\u00eates faites au cours des manifestations<\/a><br \/>\n<a class=\"icone_lien\" href=\"https:\/\/www.plantedforests.org\/?page=activites\/GERENS\/comarbora16171203guyon.pdf\" target=\"_top\" hreflang=\"\" rel=\"noopener\"> Article de Jean-Paul Guyon et al.<\/a><br \/>\n<a class=\"icone_lien\" href=\"https:\/\/www.plantedforests.org\/?page=activites\/GERENS\/IEFC_gerens.v3.pdf\" target=\"_top\" hreflang=\"\" rel=\"noopener\"> Rapport final<\/a><\/p>\n<p class=\"vert\">Les ateliers de la gestion durable de la for\u00eat des Landes de Gascogne \u0096 IEFC\/Fondation de France<\/p>\n<p>Depuis 2002, l&rsquo;Institut Europ\u00e9en de la For\u00eat Cultiv\u00e9e (IEFC), organise une s\u00e9rie d&rsquo;ateliers de r\u00e9flexion sur l&rsquo;am\u00e9nagement durable du massif forestier des Landes de Gascogne. Ces journ\u00e9es se d\u00e9roulent sous l&rsquo;\u00e9gide de la Fondation de France dans le cadre de son appel \u00e0 projets \u00a0\u00bb ensemble pour g\u00e9rer le territoire \u00ab\u00a0. Consid\u00e9rant que l&rsquo;am\u00e9nagement durable de l&rsquo;espace forestier passe par le partage de l&rsquo;information entre les acteurs locaux et par une compr\u00e9hension r\u00e9ciproque de leurs motivations, l&rsquo;IEFC propose aux gestionnaires (sylviculteurs, agriculteurs, Elus) et aux utilisateurs de la for\u00eat (chasseurs, p\u00eacheurs, randonneurs, naturalistes, enfants, VTTistes, etc.) d&rsquo;exprimer leurs approches et leurs attentes en mati\u00e8re de gestion foresti\u00e8re et de d\u00e9veloppement durable de leur r\u00e9gion.<br \/>\nLa sp\u00e9cificit\u00e9 de la d\u00e9marche entreprise dans le projet est la consultation des acteurs qui sont rarement repr\u00e9sent\u00e9s dans les instances de concertation foresti\u00e8res traditionnelles.<br \/>\nOrganis\u00e9s autour de th\u00e9matiques embl\u00e9matiques de l&rsquo;am\u00e9nagement durable de l&rsquo;espace rural (gestion de l&rsquo;eau, \u00e9conomie du d\u00e9veloppement rural, diversit\u00e9 biologique, loisirs en for\u00eat, etc.), les ateliers de la gestion durable des for\u00eats sont l&rsquo;occasion pour leurs participants de mettre sur la table les points de rapprochement et de diff\u00e9rence li\u00e9s aux divers usages et de proposer des structures de concertation \u00e0 b\u00e2tir, des outils \u00e0 mettre sur pied, et des moyens n\u00e9cessaires pour leur mise en \u009cuvre.<br \/>\nDans le m\u00eame temps, le recueil au niveau local des attentes et des perceptions des acteurs envers les for\u00eats et leur gestion permettra d&rsquo;affiner la pertinence des indicateurs de gestion durable des for\u00eats au regard du contexte naturel, socio-\u00e9conomique et politique r\u00e9gional.<\/p>\n<p>Les rendez-vous se d\u00e9roulent essentiellement sur le site d&rsquo;\u00e9tude de la gestion durable des for\u00eats mis en place par l&rsquo;IEFC et l&rsquo;Observatoire de la For\u00eat d&rsquo;Aquitaine. Cette vaste zone foresti\u00e8re couvre pr\u00e8s de 50.000 ha entre le littoral atlantique et la vall\u00e9e de la Leyre \u00e0 hauteur de Mimizan.<\/p>\n<p><b>Calendrier des manifestations :<\/b><\/p>\n<ul>\n<li>7 Mars 2003 : Atelier \u00a0\u00bb Agriculture\/For\u00eat \u00a0\u00bb \u00e0 Pissos<\/li>\n<li>12 Mars 2003 : Atelier \u00a0\u00bb Gestion foresti\u00e8re et diversit\u00e9 biologique \u00a0\u00bb \u00e0 Saint Paul en Born<\/li>\n<li>6 Avril 2003 : Atelier \u00a0\u00bb Randonn\u00e9e p\u00e9destre en for\u00eat \u00a0\u00bb \u00e0 Commensacq<\/li>\n<li>25 Avril 2003 : Atelier \u00a0\u00bb Collectivit\u00e9s et am\u00e9nagement forestier durable \u00a0\u00bb \u00e0 Mimizan<\/li>\n<li>27 Avril 2003 : Atelier \u00a0\u00bb Cyclotourisme en for\u00eat \u00a0\u00bb \u00e0 Gujan-Mestras<\/li>\n<li>11 Juin 2003 : Atelier \u00a0\u00bb D\u00e9couverte du milieu forestier landais \u00a0\u00bb avec un centre a\u00e9r\u00e9 landais<\/li>\n<li>18 Juin 2003 : Atelier \u00a0\u00bb D\u00e9couverte des acteurs de la gestion de la for\u00eat landaise \u00a0\u00bb avec un centre a\u00e9r\u00e9 landais<\/li>\n<\/ul>\n<p>&nbsp;<\/p>\n<p class=\"T2\">Atelier Scolaire<\/p>\n<p><a class=\"icone_lien\" href=\"https:\/\/www.plantedforests.org\/?page=activites\/GERENS\/scolaires.fr.html\" target=\"_top\" hreflang=\"\" rel=\"noopener\"> Les Scolaires et la gestion durable<\/a><\/p>\n<p class=\"T2\">Atelier Collectivit\u00e9s<\/p>\n<p><a class=\"icone_lien\" href=\"https:\/\/www.plantedforests.org\/?page=activites\/GERENS\/synthese_atelier_elus.pdf\" target=\"_top\" hreflang=\"\" rel=\"noopener\"> Synth\u00e8se<\/a><\/p>\n<p class=\"T2\">Atelier Biodiversit\u00e9<\/p>\n<p><a class=\"icone_lien\" href=\"https:\/\/www.plantedforests.org\/?page=activites\/GERENS\/atelier_biodiversite.pdf\" target=\"_top\" hreflang=\"\" rel=\"noopener\"> Synth\u00e8se<\/a><\/p>\n<p class=\"T2\">Agriculture et for\u00eat<\/p>\n<p><a class=\"icone_lien\" href=\"https:\/\/www.plantedforests.org\/?page=activites\/GERENS\/atelier_agri_foret.pdf\" target=\"_top\" hreflang=\"\" rel=\"noopener\"> Synth\u00e8se<\/a><\/p>\n<p class=\"T2\">Atelier randonn\u00e9e<\/p>\n<p>En premier lieu, nous avons constat\u00e9 que l\u0092annonce d\u0091une sortie sur une th\u00e9matique foresti\u00e8re est ressentie avec un a priori plut\u00f4t favorable, et la mobilisation est alors importante. Au cours de chaque randonn\u00e9e, des arr\u00eats th\u00e9matiques \u00e9taient effectu\u00e9s et ont suscit\u00e9 un vif int\u00e9r\u00eat chez la majorit\u00e9 des participants. Cependant, il est clair que la connaissance du milieu forestier \u00e9tait tr\u00e8s in\u00e9gale selon les participants, certains ignorant m\u00eame que la majorit\u00e9 de la for\u00eat appartient \u00e0 des particuliers. En dehors des quelques propri\u00e9taires forestiers rencontr\u00e9s, les personnes les plus int\u00e9ress\u00e9es sont des \u00ab naturalistes en herbe \u00bb qui ont souvent une connaissance tr\u00e8s superficielle du milieu naturel mais qui y portent un r\u00e9el int\u00e9r\u00eat. Pour beaucoup, le label Natura 2000 est consid\u00e9r\u00e9 au m\u00eame titre que les monuments class\u00e9s ou les sites prot\u00e9g\u00e9s comme une garantie de protection du milieu naturel. Il est aussi int\u00e9ressant de voir que les gens ne r\u00e9agissaient pas \u00e0 la travers\u00e9e de grandes coupes rases, alors que les d\u00e9frichements pour des usages agricoles ont suscit\u00e9s des inqui\u00e9tudes. Dans l\u0092ensemble, l\u0092int\u00e9gralit\u00e9 des usages du pin (bois et non bois) est connue. A titre individuel, le randonneur se positionne plut\u00f4t comme spectateur que comme acteur du milieu forestier. Le concept de gestion durable, avec sa dimension socio-environementale et la certification foresti\u00e8re lui sont quasiment inconnus. Il se satisfait tr\u00e8s bien de la d\u00e9finition traditionnelle de la foresterie : on coupe et on replante. A titre collectif, par contre, la F\u00e9d\u00e9ration des randonneurs cherche \u00e0 diversifier les partenariats pour s\u0092impliquer dans les r\u00e9flexions d\u0092am\u00e9nagement et participer \u00e0 toutes les actions qui concernent leur activit\u00e9.<br \/>\n<br clear=\"all\" \/><\/p>\n<div align=\"right\">\n<table id=\"Fondation de France\" class=\"piedpage\" border=\"0\" summary=\"\">\n<tbody>\n<tr class=\"piedpage\">\n<td class=\"piedpage\" colspan=\"9\" align=\"center\"><span style=\"font-size: xx-small;\">Projet Subventionn\u00e9 par la Fondation de France<\/span><\/td>\n<\/tr>\n<tr>\n<td class=\"piedpage\"><img decoding=\"async\" src=\"https:\/\/www.plantedforests.org\/old_resources\/images\/logo_FDF.gif\" alt=\"\" height=\"80\" border=\"0\" \/><\/td>\n<\/tr>\n<\/tbody>\n<\/table>\n<\/div>\n","protected":false},"excerpt":{"rendered":"<p>R\u00e9sultats du projet Gestion durable des for\u00eats : un concept, des points de vue\u0085 Gestion durable des for\u00eats et concertation Article M\u00e9diaforest Perception de la for\u00eat R\u00e9sultat des enqu\u00eates faites [&hellip;]<\/p>\n","protected":false},"author":3,"featured_media":0,"parent":0,"menu_order":0,"comment_status":"closed","ping_status":"closed","template":"","meta":{"_acf_changed":false,"_eb_attr":"","_EventAllDay":false,"_EventTimezone":"","_EventStartDate":"","_EventEndDate":"","_EventStartDateUTC":"","_EventEndDateUTC":"","_EventShowMap":false,"_EventShowMapLink":false,"_EventURL":"","_EventCost":"","_EventCostDescription":"","_EventCurrencySymbol":"","_EventCurrencyCode":"","_EventCurrencyPosition":"","_EventDateTimeSeparator":"","_EventTimeRangeSeparator":"","_EventOrganizerID":[],"_EventVenueID":[],"_OrganizerEmail":"","_OrganizerPhone":"","_OrganizerWebsite":"","_VenueAddress":"","_VenueCity":"","_VenueCountry":"","_VenueProvince":"","_VenueState":"","_VenueZip":"","_VenuePhone":"","_VenueURL":"","_VenueStateProvince":"","_VenueLat":"","_VenueLng":"","_VenueShowMap":false,"_VenueShowMapLink":false,"activitypub_content_warning":"","activitypub_content_visibility":"","activitypub_max_image_attachments":4,"activitypub_interaction_policy_quote":"anyone","activitypub_status":"","footnotes":""},"class_list":["post-3050","page","type-page","status-publish","hentry"],"translation":{"provider":"WPGlobus","version":"3.0.2","language":"fr","enabled_languages":["gb","fr","es","pt"],"languages":{"gb":{"title":true,"content":true,"excerpt":false},"fr":{"title":true,"content":true,"excerpt":false},"es":{"title":true,"content":true,"excerpt":false},"pt":{"title":true,"content":true,"excerpt":false}}},"acf":[],"yoast_head":"<!-- This site is optimized with the Yoast SEO plugin v27.4 - https:\/\/yoast.com\/product\/yoast-seo-wordpress\/ -->\n<title>Gerer ensemble le territoire - Institut Europ\u00e9en de la For\u00eat Cultiv\u00e9e - IEFC<\/title>\n<meta name=\"robots\" content=\"index, follow, max-snippet:-1, max-image-preview:large, max-video-preview:-1\" \/>\n<link rel=\"canonical\" href=\"https:\/\/www.plantedforests.org\/gerer-ensemble-le-territoire\/\" \/>\n<meta property=\"og:locale\" content=\"fr_FR\" \/>\n<meta property=\"og:type\" content=\"article\" \/>\n<meta property=\"og:title\" content=\"Gerer ensemble le territoire - Institut Europ\u00e9en de la For\u00eat Cultiv\u00e9e - IEFC\" \/>\n<meta property=\"og:url\" content=\"https:\/\/www.plantedforests.org\/gerer-ensemble-le-territoire\/\" \/>\n<meta property=\"og:site_name\" content=\"Institut Europ\u00e9en de la For\u00eat Cultiv\u00e9e - IEFC\" \/>\n<meta property=\"article:modified_time\" content=\"2024-05-06T08:18:38+00:00\" \/>\n<meta property=\"og:image\" content=\"https:\/\/www.plantedforests.org\/old_resources\/images\/logo_FDF.gif\" \/>\n<meta name=\"twitter:card\" content=\"summary_large_image\" \/>\n<meta name=\"twitter:site\" content=\"@IEFCPlantForest\" \/>\n<meta name=\"twitter:label1\" content=\"Dur\u00e9e de lecture estim\u00e9e\" \/>\n\t<meta name=\"twitter:data1\" content=\"16 minutes\" \/>\n<script type=\"application\/ld+json\" class=\"yoast-schema-graph\">{\"@context\":\"https:\\\/\\\/schema.org\",\"@graph\":[{\"@type\":\"WebPage\",\"@id\":\"https:\\\/\\\/www.plantedforests.org\\\/gerer-ensemble-le-territoire\\\/\",\"url\":\"https:\\\/\\\/www.plantedforests.org\\\/gerer-ensemble-le-territoire\\\/\",\"name\":\"Gerer ensemble le territoire - Institut Europ\u00e9en de la For\u00eat Cultiv\u00e9e - IEFC\",\"isPartOf\":{\"@id\":\"https:\\\/\\\/www.plantedforests.org\\\/fr\\\/#website\"},\"primaryImageOfPage\":{\"@id\":\"https:\\\/\\\/www.plantedforests.org\\\/gerer-ensemble-le-territoire\\\/#primaryimage\"},\"image\":{\"@id\":\"https:\\\/\\\/www.plantedforests.org\\\/gerer-ensemble-le-territoire\\\/#primaryimage\"},\"thumbnailUrl\":\"https:\\\/\\\/www.plantedforests.org\\\/old_resources\\\/images\\\/logo_FDF.gif\",\"datePublished\":\"2002-06-05T21:39:56+00:00\",\"dateModified\":\"2024-05-06T08:18:38+00:00\",\"breadcrumb\":{\"@id\":\"https:\\\/\\\/www.plantedforests.org\\\/gerer-ensemble-le-territoire\\\/#breadcrumb\"},\"inLanguage\":\"fr-FR\",\"potentialAction\":[{\"@type\":\"ReadAction\",\"target\":[\"https:\\\/\\\/www.plantedforests.org\\\/gerer-ensemble-le-territoire\\\/\"]}]},{\"@type\":\"ImageObject\",\"inLanguage\":\"fr-FR\",\"@id\":\"https:\\\/\\\/www.plantedforests.org\\\/gerer-ensemble-le-territoire\\\/#primaryimage\",\"url\":\"https:\\\/\\\/www.plantedforests.org\\\/old_resources\\\/images\\\/logo_FDF.gif\",\"contentUrl\":\"https:\\\/\\\/www.plantedforests.org\\\/old_resources\\\/images\\\/logo_FDF.gif\"},{\"@type\":\"BreadcrumbList\",\"@id\":\"https:\\\/\\\/www.plantedforests.org\\\/gerer-ensemble-le-territoire\\\/#breadcrumb\",\"itemListElement\":[{\"@type\":\"ListItem\",\"position\":1,\"name\":\"Accueil\",\"item\":\"https:\\\/\\\/www.plantedforests.org\\\/\"},{\"@type\":\"ListItem\",\"position\":2,\"name\":\"Managing the territory together\"}]},{\"@type\":\"WebSite\",\"@id\":\"https:\\\/\\\/www.plantedforests.org\\\/fr\\\/#website\",\"url\":\"https:\\\/\\\/www.plantedforests.org\\\/fr\\\/\",\"name\":\"Institut Europ\u00e9en de la For\u00eat Cultiv\u00e9e - IEFC\",\"description\":\"Le r\u00e9seau multi-acteur pour la gestion durable et la r\u00e9silience des for\u00eats cultiv\u00e9es\",\"publisher\":{\"@id\":\"https:\\\/\\\/www.plantedforests.org\\\/fr\\\/#organization\"},\"potentialAction\":[{\"@type\":\"SearchAction\",\"target\":{\"@type\":\"EntryPoint\",\"urlTemplate\":\"https:\\\/\\\/www.plantedforests.org\\\/fr\\\/?s={search_term_string}\"},\"query-input\":{\"@type\":\"PropertyValueSpecification\",\"valueRequired\":true,\"valueName\":\"search_term_string\"}}],\"inLanguage\":\"fr-FR\"},{\"@type\":\"Organization\",\"@id\":\"https:\\\/\\\/www.plantedforests.org\\\/fr\\\/#organization\",\"name\":\"Institut Europ\u00e9en de la For\u00eat Cultiv\u00e9e - Plantedforests.org\",\"url\":\"https:\\\/\\\/www.plantedforests.org\\\/fr\\\/\",\"logo\":{\"@type\":\"ImageObject\",\"inLanguage\":\"fr-FR\",\"@id\":\"https:\\\/\\\/www.plantedforests.org\\\/fr\\\/#\\\/schema\\\/logo\\\/image\\\/\",\"url\":\"https:\\\/\\\/www.plantedforests.org\\\/wp-content\\\/uploads\\\/2022\\\/07\\\/Logo_iefc__FR.png\",\"contentUrl\":\"https:\\\/\\\/www.plantedforests.org\\\/wp-content\\\/uploads\\\/2022\\\/07\\\/Logo_iefc__FR.png\",\"width\":2031,\"height\":1001,\"caption\":\"Institut Europ\u00e9en de la For\u00eat Cultiv\u00e9e - Plantedforests.org\"},\"image\":{\"@id\":\"https:\\\/\\\/www.plantedforests.org\\\/fr\\\/#\\\/schema\\\/logo\\\/image\\\/\"},\"sameAs\":[\"https:\\\/\\\/x.com\\\/IEFCPlantForest\",\"https:\\\/\\\/www.linkedin.com\\\/company\\\/71728047\\\/\"]}]}<\/script>\n<!-- \/ Yoast SEO plugin. -->","yoast_head_json":{"title":"Gerer ensemble le territoire - Institut Europ\u00e9en de la For\u00eat Cultiv\u00e9e - IEFC","robots":{"index":"index","follow":"follow","max-snippet":"max-snippet:-1","max-image-preview":"max-image-preview:large","max-video-preview":"max-video-preview:-1"},"canonical":"https:\/\/www.plantedforests.org\/gerer-ensemble-le-territoire\/","og_locale":"fr_FR","og_type":"article","og_title":"Gerer ensemble le territoire - Institut Europ\u00e9en de la For\u00eat Cultiv\u00e9e - IEFC","og_url":"https:\/\/www.plantedforests.org\/gerer-ensemble-le-territoire\/","og_site_name":"Institut Europ\u00e9en de la For\u00eat Cultiv\u00e9e - IEFC","article_modified_time":"2024-05-06T08:18:38+00:00","og_image":[{"url":"https:\/\/www.plantedforests.org\/old_resources\/images\/logo_FDF.gif","type":"","width":"","height":""}],"twitter_card":"summary_large_image","twitter_site":"@IEFCPlantForest","twitter_misc":{"Dur\u00e9e de lecture estim\u00e9e":"16 minutes"},"schema":{"@context":"https:\/\/schema.org","@graph":[{"@type":"WebPage","@id":"https:\/\/www.plantedforests.org\/gerer-ensemble-le-territoire\/","url":"https:\/\/www.plantedforests.org\/gerer-ensemble-le-territoire\/","name":"Gerer ensemble le territoire - Institut Europ\u00e9en de la For\u00eat Cultiv\u00e9e - IEFC","isPartOf":{"@id":"https:\/\/www.plantedforests.org\/fr\/#website"},"primaryImageOfPage":{"@id":"https:\/\/www.plantedforests.org\/gerer-ensemble-le-territoire\/#primaryimage"},"image":{"@id":"https:\/\/www.plantedforests.org\/gerer-ensemble-le-territoire\/#primaryimage"},"thumbnailUrl":"https:\/\/www.plantedforests.org\/old_resources\/images\/logo_FDF.gif","datePublished":"2002-06-05T21:39:56+00:00","dateModified":"2024-05-06T08:18:38+00:00","breadcrumb":{"@id":"https:\/\/www.plantedforests.org\/gerer-ensemble-le-territoire\/#breadcrumb"},"inLanguage":"fr-FR","potentialAction":[{"@type":"ReadAction","target":["https:\/\/www.plantedforests.org\/gerer-ensemble-le-territoire\/"]}]},{"@type":"ImageObject","inLanguage":"fr-FR","@id":"https:\/\/www.plantedforests.org\/gerer-ensemble-le-territoire\/#primaryimage","url":"https:\/\/www.plantedforests.org\/old_resources\/images\/logo_FDF.gif","contentUrl":"https:\/\/www.plantedforests.org\/old_resources\/images\/logo_FDF.gif"},{"@type":"BreadcrumbList","@id":"https:\/\/www.plantedforests.org\/gerer-ensemble-le-territoire\/#breadcrumb","itemListElement":[{"@type":"ListItem","position":1,"name":"Accueil","item":"https:\/\/www.plantedforests.org\/"},{"@type":"ListItem","position":2,"name":"Managing the territory together"}]},{"@type":"WebSite","@id":"https:\/\/www.plantedforests.org\/fr\/#website","url":"https:\/\/www.plantedforests.org\/fr\/","name":"Institut Europ\u00e9en de la For\u00eat Cultiv\u00e9e - IEFC","description":"Le r\u00e9seau multi-acteur pour la gestion durable et la r\u00e9silience des for\u00eats cultiv\u00e9es","publisher":{"@id":"https:\/\/www.plantedforests.org\/fr\/#organization"},"potentialAction":[{"@type":"SearchAction","target":{"@type":"EntryPoint","urlTemplate":"https:\/\/www.plantedforests.org\/fr\/?s={search_term_string}"},"query-input":{"@type":"PropertyValueSpecification","valueRequired":true,"valueName":"search_term_string"}}],"inLanguage":"fr-FR"},{"@type":"Organization","@id":"https:\/\/www.plantedforests.org\/fr\/#organization","name":"Institut Europ\u00e9en de la For\u00eat Cultiv\u00e9e - Plantedforests.org","url":"https:\/\/www.plantedforests.org\/fr\/","logo":{"@type":"ImageObject","inLanguage":"fr-FR","@id":"https:\/\/www.plantedforests.org\/fr\/#\/schema\/logo\/image\/","url":"https:\/\/www.plantedforests.org\/wp-content\/uploads\/2022\/07\/Logo_iefc__FR.png","contentUrl":"https:\/\/www.plantedforests.org\/wp-content\/uploads\/2022\/07\/Logo_iefc__FR.png","width":2031,"height":1001,"caption":"Institut Europ\u00e9en de la For\u00eat Cultiv\u00e9e - Plantedforests.org"},"image":{"@id":"https:\/\/www.plantedforests.org\/fr\/#\/schema\/logo\/image\/"},"sameAs":["https:\/\/x.com\/IEFCPlantForest","https:\/\/www.linkedin.com\/company\/71728047\/"]}]}},"_links":{"self":[{"href":"https:\/\/www.plantedforests.org\/fr\/wp-json\/wp\/v2\/pages\/3050","targetHints":{"allow":["GET"]}}],"collection":[{"href":"https:\/\/www.plantedforests.org\/fr\/wp-json\/wp\/v2\/pages"}],"about":[{"href":"https:\/\/www.plantedforests.org\/fr\/wp-json\/wp\/v2\/types\/page"}],"author":[{"embeddable":true,"href":"https:\/\/www.plantedforests.org\/fr\/wp-json\/wp\/v2\/users\/3"}],"replies":[{"embeddable":true,"href":"https:\/\/www.plantedforests.org\/fr\/wp-json\/wp\/v2\/comments?post=3050"}],"version-history":[{"count":4,"href":"https:\/\/www.plantedforests.org\/fr\/wp-json\/wp\/v2\/pages\/3050\/revisions"}],"predecessor-version":[{"id":22843,"href":"https:\/\/www.plantedforests.org\/fr\/wp-json\/wp\/v2\/pages\/3050\/revisions\/22843"}],"wp:attachment":[{"href":"https:\/\/www.plantedforests.org\/fr\/wp-json\/wp\/v2\/media?parent=3050"}],"curies":[{"name":"wp","href":"https:\/\/api.w.org\/{rel}","templated":true}]}}