
{"id":3047,"date":"2018-06-05T23:36:22","date_gmt":"2018-06-05T21:36:22","guid":{"rendered":"https:\/\/www.iefc.net\/?page_id=3047"},"modified":"2024-03-07T15:02:51","modified_gmt":"2024-03-07T14:02:51","slug":"les-proprietaires-forestiers-gascons-face-au-risque","status":"publish","type":"page","link":"https:\/\/www.plantedforests.org\/fr\/les-proprietaires-forestiers-gascons-face-au-risque\/","title":{"rendered":"Les propri\u00e9taires forestiers Gascons face au risque (\u00c9tude de 2002)"},"content":{"rendered":"<h2 class=\"vert\">\u00c9tude socio-\u00e9conomique (IAE &#8211; Guenneguez)<\/h2>\n<p><a class=\"icone_lien\" href=\"https:\/\/www.plantedforests.org\/old_resources\/activites\/PROPRISK\/proprisk1.1.pdf\" target=\"_top\" rel=\"noopener\" hreflang=\"\"> Sociologie : Comportement des propri\u00e9taires<\/a><br \/>\n\u00c9conomie : Utilisation de CAPSIS pour \u00e9valuer les cons\u00e9quences \u00e9conomiques<\/p>\n<h2 class=\"vert\">D\u00e9veloppement d&rsquo;un outil \u00e9conomique sous CAPSIS (IEFC)<\/h2>\n<p><a class=\"icone_lien\" href=\"https:\/\/www.plantedforests.org\/old_resources\/activites\/PROPRISK\/proprisk1.2.pdf\" target=\"_top\" rel=\"noopener\" hreflang=\"\"> D\u00e9veloppement d&rsquo;un outil pour coupler les mod\u00e8les de croissance et l&rsquo;\u00e9conomie sous CAPSIS (C. Orazio)<\/a><br \/>\n<a class=\"icone_lien\" href=\"https:\/\/www.plantedforests.org\/?affiche_page=CAPSIS\" target=\"_top\" rel=\"noopener\" hreflang=\"\"> Pr\u00e9sentation de l&rsquo;extension &lsquo;Bilan Economique&rsquo; de CAPSIS (C. Orazio)<\/a><br \/>\n<br clear=\"all\" \/><\/p>\n<div align=\"right\">\n<table id=\"GIP ECOFOR\" class=\"piedpage\" border=\"0\" summary=\"\">\n<tbody>\n<tr class=\"piedpage\">\n<td class=\"piedpage\">GIP ECOFOR<\/td>\n<\/tr>\n<tr>\n<td><img decoding=\"async\" src=\"https:\/\/www.plantedforests.org\/old_resources\/images\/logo_ecofor.gif\" alt=\"\" height=\"80\" border=\"0\" \/><\/td>\n<\/tr>\n<\/tbody>\n<\/table>\n<\/div>\n","protected":false},"excerpt":{"rendered":"<p>\u00c9tude socio-\u00e9conomique (IAE &#8211; Guenneguez) Sociologie : Comportement des propri\u00e9taires \u00c9conomie : Utilisation de CAPSIS pour \u00e9valuer les cons\u00e9quences \u00e9conomiques D\u00e9veloppement d&rsquo;un outil \u00e9conomique sous CAPSIS (IEFC) D\u00e9veloppement d&rsquo;un outil [&hellip;]<\/p>\n","protected":false},"author":3,"featured_media":0,"parent":0,"menu_order":0,"comment_status":"closed","ping_status":"closed","template":"","meta":{"_acf_changed":false,"_eb_attr":"","_EventAllDay":false,"_EventTimezone":"","_EventStartDate":"","_EventEndDate":"","_EventStartDateUTC":"","_EventEndDateUTC":"","_EventShowMap":false,"_EventShowMapLink":false,"_EventURL":"","_EventCost":"","_EventCostDescription":"","_EventCurrencySymbol":"","_EventCurrencyCode":"","_EventCurrencyPosition":"","_EventDateTimeSeparator":"","_EventTimeRangeSeparator":"","_EventOrganizerID":[],"_EventVenueID":[],"_OrganizerEmail":"","_OrganizerPhone":"","_OrganizerWebsite":"","_VenueAddress":"","_VenueCity":"","_VenueCountry":"","_VenueProvince":"","_VenueState":"","_VenueZip":"","_VenuePhone":"","_VenueURL":"","_VenueStateProvince":"","_VenueLat":"","_VenueLng":"","_VenueShowMap":false,"_VenueShowMapLink":false,"activitypub_content_warning":"","activitypub_content_visibility":"","activitypub_max_image_attachments":4,"activitypub_interaction_policy_quote":"anyone","activitypub_status":"","footnotes":""},"class_list":["post-3047","page","type-page","status-publish","hentry"],"translation":{"provider":"WPGlobus","version":"3.0.2","language":"fr","enabled_languages":["gb","fr","es","pt"],"languages":{"gb":{"title":true,"content":true,"excerpt":false},"fr":{"title":true,"content":true,"excerpt":false},"es":{"title":true,"content":true,"excerpt":false},"pt":{"title":true,"content":true,"excerpt":false}}},"acf":[],"yoast_head":"<!-- This site is optimized with the Yoast SEO plugin v27.4 - https:\/\/yoast.com\/product\/yoast-seo-wordpress\/ -->\n<title>Les propri\u00e9taires forestiers Gascons face au risque (\u00c9tude de 2002) - Institut Europ\u00e9en de la For\u00eat Cultiv\u00e9e - IEFC<\/title>\n<meta name=\"robots\" content=\"index, follow, max-snippet:-1, max-image-preview:large, max-video-preview:-1\" \/>\n<link rel=\"canonical\" href=\"https:\/\/www.plantedforests.org\/les-proprietaires-forestiers-gascons-face-au-risque\/\" \/>\n<meta property=\"og:locale\" content=\"fr_FR\" \/>\n<meta property=\"og:type\" content=\"article\" \/>\n<meta property=\"og:title\" content=\"Les propri\u00e9taires forestiers Gascons face au risque (\u00c9tude de 2002) - Institut Europ\u00e9en de la For\u00eat Cultiv\u00e9e - IEFC\" \/>\n<meta property=\"og:url\" content=\"https:\/\/www.plantedforests.org\/les-proprietaires-forestiers-gascons-face-au-risque\/\" \/>\n<meta property=\"og:site_name\" content=\"Institut Europ\u00e9en de la For\u00eat Cultiv\u00e9e - IEFC\" \/>\n<meta property=\"article:modified_time\" content=\"2024-03-07T14:02:51+00:00\" \/>\n<meta property=\"og:image\" content=\"https:\/\/www.plantedforests.org\/old_resources\/images\/lien_inactif.gif\" \/>\n<meta name=\"twitter:card\" content=\"summary_large_image\" \/>\n<meta name=\"twitter:site\" content=\"@IEFCPlantForest\" \/>\n<meta name=\"twitter:label1\" content=\"Dur\u00e9e de lecture estim\u00e9e\" \/>\n\t<meta name=\"twitter:data1\" content=\"1 minute\" \/>\n<script type=\"application\/ld+json\" class=\"yoast-schema-graph\">{\"@context\":\"https:\\\/\\\/schema.org\",\"@graph\":[{\"@type\":\"WebPage\",\"@id\":\"https:\\\/\\\/www.plantedforests.org\\\/les-proprietaires-forestiers-gascons-face-au-risque\\\/\",\"url\":\"https:\\\/\\\/www.plantedforests.org\\\/les-proprietaires-forestiers-gascons-face-au-risque\\\/\",\"name\":\"Les propri\u00e9taires forestiers Gascons face au risque (\u00c9tude de 2002) - Institut Europ\u00e9en de la For\u00eat Cultiv\u00e9e - IEFC\",\"isPartOf\":{\"@id\":\"https:\\\/\\\/www.plantedforests.org\\\/fr\\\/#website\"},\"primaryImageOfPage\":{\"@id\":\"https:\\\/\\\/www.plantedforests.org\\\/les-proprietaires-forestiers-gascons-face-au-risque\\\/#primaryimage\"},\"image\":{\"@id\":\"https:\\\/\\\/www.plantedforests.org\\\/les-proprietaires-forestiers-gascons-face-au-risque\\\/#primaryimage\"},\"thumbnailUrl\":\"https:\\\/\\\/www.plantedforests.org\\\/old_resources\\\/images\\\/lien_inactif.gif\",\"datePublished\":\"2018-06-05T21:36:22+00:00\",\"dateModified\":\"2024-03-07T14:02:51+00:00\",\"breadcrumb\":{\"@id\":\"https:\\\/\\\/www.plantedforests.org\\\/les-proprietaires-forestiers-gascons-face-au-risque\\\/#breadcrumb\"},\"inLanguage\":\"fr-FR\",\"potentialAction\":[{\"@type\":\"ReadAction\",\"target\":[\"https:\\\/\\\/www.plantedforests.org\\\/les-proprietaires-forestiers-gascons-face-au-risque\\\/\"]}]},{\"@type\":\"ImageObject\",\"inLanguage\":\"fr-FR\",\"@id\":\"https:\\\/\\\/www.plantedforests.org\\\/les-proprietaires-forestiers-gascons-face-au-risque\\\/#primaryimage\",\"url\":\"https:\\\/\\\/www.plantedforests.org\\\/old_resources\\\/images\\\/lien_inactif.gif\",\"contentUrl\":\"https:\\\/\\\/www.plantedforests.org\\\/old_resources\\\/images\\\/lien_inactif.gif\"},{\"@type\":\"BreadcrumbList\",\"@id\":\"https:\\\/\\\/www.plantedforests.org\\\/les-proprietaires-forestiers-gascons-face-au-risque\\\/#breadcrumb\",\"itemListElement\":[{\"@type\":\"ListItem\",\"position\":1,\"name\":\"Accueil\",\"item\":\"https:\\\/\\\/www.plantedforests.org\\\/\"},{\"@type\":\"ListItem\",\"position\":2,\"name\":\"The Gascons forest owners face to risk\"}]},{\"@type\":\"WebSite\",\"@id\":\"https:\\\/\\\/www.plantedforests.org\\\/fr\\\/#website\",\"url\":\"https:\\\/\\\/www.plantedforests.org\\\/fr\\\/\",\"name\":\"Institut Europ\u00e9en de la For\u00eat Cultiv\u00e9e - IEFC\",\"description\":\"Le r\u00e9seau multi-acteur pour la gestion durable et la r\u00e9silience des for\u00eats cultiv\u00e9es\",\"publisher\":{\"@id\":\"https:\\\/\\\/www.plantedforests.org\\\/fr\\\/#organization\"},\"potentialAction\":[{\"@type\":\"SearchAction\",\"target\":{\"@type\":\"EntryPoint\",\"urlTemplate\":\"https:\\\/\\\/www.plantedforests.org\\\/fr\\\/?s={search_term_string}\"},\"query-input\":{\"@type\":\"PropertyValueSpecification\",\"valueRequired\":true,\"valueName\":\"search_term_string\"}}],\"inLanguage\":\"fr-FR\"},{\"@type\":\"Organization\",\"@id\":\"https:\\\/\\\/www.plantedforests.org\\\/fr\\\/#organization\",\"name\":\"Institut Europ\u00e9en de la For\u00eat Cultiv\u00e9e - Plantedforests.org\",\"url\":\"https:\\\/\\\/www.plantedforests.org\\\/fr\\\/\",\"logo\":{\"@type\":\"ImageObject\",\"inLanguage\":\"fr-FR\",\"@id\":\"https:\\\/\\\/www.plantedforests.org\\\/fr\\\/#\\\/schema\\\/logo\\\/image\\\/\",\"url\":\"https:\\\/\\\/www.plantedforests.org\\\/wp-content\\\/uploads\\\/2022\\\/07\\\/Logo_iefc__FR.png\",\"contentUrl\":\"https:\\\/\\\/www.plantedforests.org\\\/wp-content\\\/uploads\\\/2022\\\/07\\\/Logo_iefc__FR.png\",\"width\":2031,\"height\":1001,\"caption\":\"Institut Europ\u00e9en de la For\u00eat Cultiv\u00e9e - Plantedforests.org\"},\"image\":{\"@id\":\"https:\\\/\\\/www.plantedforests.org\\\/fr\\\/#\\\/schema\\\/logo\\\/image\\\/\"},\"sameAs\":[\"https:\\\/\\\/x.com\\\/IEFCPlantForest\",\"https:\\\/\\\/www.linkedin.com\\\/company\\\/71728047\\\/\"]}]}<\/script>\n<!-- \/ Yoast SEO plugin. -->","yoast_head_json":{"title":"Les propri\u00e9taires forestiers Gascons face au risque (\u00c9tude de 2002) - Institut Europ\u00e9en de la For\u00eat Cultiv\u00e9e - IEFC","robots":{"index":"index","follow":"follow","max-snippet":"max-snippet:-1","max-image-preview":"max-image-preview:large","max-video-preview":"max-video-preview:-1"},"canonical":"https:\/\/www.plantedforests.org\/les-proprietaires-forestiers-gascons-face-au-risque\/","og_locale":"fr_FR","og_type":"article","og_title":"Les propri\u00e9taires forestiers Gascons face au risque (\u00c9tude de 2002) - Institut Europ\u00e9en de la For\u00eat Cultiv\u00e9e - IEFC","og_url":"https:\/\/www.plantedforests.org\/les-proprietaires-forestiers-gascons-face-au-risque\/","og_site_name":"Institut Europ\u00e9en de la For\u00eat Cultiv\u00e9e - IEFC","article_modified_time":"2024-03-07T14:02:51+00:00","og_image":[{"url":"https:\/\/www.plantedforests.org\/old_resources\/images\/lien_inactif.gif","type":"","width":"","height":""}],"twitter_card":"summary_large_image","twitter_site":"@IEFCPlantForest","twitter_misc":{"Dur\u00e9e de lecture estim\u00e9e":"1 minute"},"schema":{"@context":"https:\/\/schema.org","@graph":[{"@type":"WebPage","@id":"https:\/\/www.plantedforests.org\/les-proprietaires-forestiers-gascons-face-au-risque\/","url":"https:\/\/www.plantedforests.org\/les-proprietaires-forestiers-gascons-face-au-risque\/","name":"Les propri\u00e9taires forestiers Gascons face au risque (\u00c9tude de 2002) - Institut Europ\u00e9en de la For\u00eat Cultiv\u00e9e - IEFC","isPartOf":{"@id":"https:\/\/www.plantedforests.org\/fr\/#website"},"primaryImageOfPage":{"@id":"https:\/\/www.plantedforests.org\/les-proprietaires-forestiers-gascons-face-au-risque\/#primaryimage"},"image":{"@id":"https:\/\/www.plantedforests.org\/les-proprietaires-forestiers-gascons-face-au-risque\/#primaryimage"},"thumbnailUrl":"https:\/\/www.plantedforests.org\/old_resources\/images\/lien_inactif.gif","datePublished":"2018-06-05T21:36:22+00:00","dateModified":"2024-03-07T14:02:51+00:00","breadcrumb":{"@id":"https:\/\/www.plantedforests.org\/les-proprietaires-forestiers-gascons-face-au-risque\/#breadcrumb"},"inLanguage":"fr-FR","potentialAction":[{"@type":"ReadAction","target":["https:\/\/www.plantedforests.org\/les-proprietaires-forestiers-gascons-face-au-risque\/"]}]},{"@type":"ImageObject","inLanguage":"fr-FR","@id":"https:\/\/www.plantedforests.org\/les-proprietaires-forestiers-gascons-face-au-risque\/#primaryimage","url":"https:\/\/www.plantedforests.org\/old_resources\/images\/lien_inactif.gif","contentUrl":"https:\/\/www.plantedforests.org\/old_resources\/images\/lien_inactif.gif"},{"@type":"BreadcrumbList","@id":"https:\/\/www.plantedforests.org\/les-proprietaires-forestiers-gascons-face-au-risque\/#breadcrumb","itemListElement":[{"@type":"ListItem","position":1,"name":"Accueil","item":"https:\/\/www.plantedforests.org\/"},{"@type":"ListItem","position":2,"name":"The Gascons forest owners face to risk"}]},{"@type":"WebSite","@id":"https:\/\/www.plantedforests.org\/fr\/#website","url":"https:\/\/www.plantedforests.org\/fr\/","name":"Institut Europ\u00e9en de la For\u00eat Cultiv\u00e9e - IEFC","description":"Le r\u00e9seau multi-acteur pour la gestion durable et la r\u00e9silience des for\u00eats cultiv\u00e9es","publisher":{"@id":"https:\/\/www.plantedforests.org\/fr\/#organization"},"potentialAction":[{"@type":"SearchAction","target":{"@type":"EntryPoint","urlTemplate":"https:\/\/www.plantedforests.org\/fr\/?s={search_term_string}"},"query-input":{"@type":"PropertyValueSpecification","valueRequired":true,"valueName":"search_term_string"}}],"inLanguage":"fr-FR"},{"@type":"Organization","@id":"https:\/\/www.plantedforests.org\/fr\/#organization","name":"Institut Europ\u00e9en de la For\u00eat Cultiv\u00e9e - Plantedforests.org","url":"https:\/\/www.plantedforests.org\/fr\/","logo":{"@type":"ImageObject","inLanguage":"fr-FR","@id":"https:\/\/www.plantedforests.org\/fr\/#\/schema\/logo\/image\/","url":"https:\/\/www.plantedforests.org\/wp-content\/uploads\/2022\/07\/Logo_iefc__FR.png","contentUrl":"https:\/\/www.plantedforests.org\/wp-content\/uploads\/2022\/07\/Logo_iefc__FR.png","width":2031,"height":1001,"caption":"Institut Europ\u00e9en de la For\u00eat Cultiv\u00e9e - Plantedforests.org"},"image":{"@id":"https:\/\/www.plantedforests.org\/fr\/#\/schema\/logo\/image\/"},"sameAs":["https:\/\/x.com\/IEFCPlantForest","https:\/\/www.linkedin.com\/company\/71728047\/"]}]}},"_links":{"self":[{"href":"https:\/\/www.plantedforests.org\/fr\/wp-json\/wp\/v2\/pages\/3047","targetHints":{"allow":["GET"]}}],"collection":[{"href":"https:\/\/www.plantedforests.org\/fr\/wp-json\/wp\/v2\/pages"}],"about":[{"href":"https:\/\/www.plantedforests.org\/fr\/wp-json\/wp\/v2\/types\/page"}],"author":[{"embeddable":true,"href":"https:\/\/www.plantedforests.org\/fr\/wp-json\/wp\/v2\/users\/3"}],"replies":[{"embeddable":true,"href":"https:\/\/www.plantedforests.org\/fr\/wp-json\/wp\/v2\/comments?post=3047"}],"version-history":[{"count":7,"href":"https:\/\/www.plantedforests.org\/fr\/wp-json\/wp\/v2\/pages\/3047\/revisions"}],"predecessor-version":[{"id":17452,"href":"https:\/\/www.plantedforests.org\/fr\/wp-json\/wp\/v2\/pages\/3047\/revisions\/17452"}],"wp:attachment":[{"href":"https:\/\/www.plantedforests.org\/fr\/wp-json\/wp\/v2\/media?parent=3047"}],"curies":[{"name":"wp","href":"https:\/\/api.w.org\/{rel}","templated":true}]}}