
{"id":3027,"date":"2018-06-05T23:17:18","date_gmt":"2018-06-05T21:17:18","guid":{"rendered":"https:\/\/www.iefc.net\/?page_id=3027"},"modified":"2023-08-24T16:27:50","modified_gmt":"2023-08-24T14:27:50","slug":"strategies-de-prevention-contre-les-incendies-dans-les-forets-deurope-du-sud","status":"publish","type":"page","link":"https:\/\/www.plantedforests.org\/fr\/strategies-de-prevention-contre-les-incendies-dans-les-forets-deurope-du-sud\/","title":{"rendered":"STRATEGIES DE PREVENTION CONTRE LES INCENDIES DANS LES FOR\u00caTS D\u00b4EUROPE DU SUD"},"content":{"rendered":"<p class=\"titre\">\n<p><img decoding=\"async\" src=\"https:\/\/www.plantedforests.org\/old_resources\/images\/USSE.gif\" width=\"100\" height=\"100\" align=\"left\" border=\"0\" \/> <img decoding=\"async\" src=\"https:\/\/www.plantedforests.org\/old_resources\/images\/logo.gif\" width=\"100\" height=\"100\" align=\"right\" border=\"0\" \/> <b><\/b><\/p>\n<div align=\"center\">LE FORUM EUROPEEN DES PROFESSIONNELS DE LA GESTION DU RISQUE INCENDIE<\/div>\n<div align=\"center\">Bordeaux le 31 janvierAM et les 1 et 2 f\u00e9vrier 2002<\/div>\n<p>&nbsp;<\/p>\n<p class=\"vert\">OBJECTIFS<\/p>\n<p>La principale vocation de ce forum est d\u00b4am\u00e9liorer les \u00e9changes entre les r\u00e9gions europ\u00e9ennes en mati\u00e8re de pr\u00e9vention des feux de for\u00eat, et de contribuer ainsi \u00e0 la mise en place de strat\u00e9gies de pr\u00e9ventions performantes, indispensable pr\u00e9alable \u00e0 une lutte efficace. A travers une conf\u00e9rence bisannuelle itin\u00e9rante, il sera donc propos\u00e9 de confronter les exp\u00e9riences r\u00e9gionales en terme d\u00b4am\u00e9nagements et de strat\u00e9gies pr\u00e9ventives de d\u00e9fense des for\u00eats contre les incendies.<br \/>\nNous invitons donc toutes les personnes qualifi\u00e9es dans le domaine \u00ab\u00a0feu de for\u00eats\u00a0\u00bb (propri\u00e9taire, gestionnaire, acteur de la lutte, chercheur, juriste, \u00e9conomiste,\u0085), \u00e0 nous soumettre des communications illustrant des actions positives ou n\u00e9gatives de pr\u00e9vention des incendies de for\u00eats, afin que cette exp\u00e9rience puisse \u00eatre valoris\u00e9e aupr\u00e8s de tous<\/p>\n<p class=\"vert\">THEMATIQUES<\/p>\n<p>Les interventions devront illustrer une action de pr\u00e9vention repr\u00e9sentative de la strat\u00e9gie d\u00b4une r\u00e9gion d\u00b4Europe ou les changements obtenus \u00e0 la suite d\u00b4une innovation de pr\u00e9vention, tout en faisant le point sur le contexte r\u00e9gional de chaque exp\u00e9rience pr\u00e9sent\u00e9e (nature du risque, combustible, contexte m\u00e9t\u00e9o, l\u00e9gislation en vigueur, contexte socio-\u00e9conomique).<br \/>\nCes interventions seront regroup\u00e9es autours de quatre grands th\u00e8mes :<\/p>\n<ul>\n<li>M\u00e9thodes d\u00b4\u00e9valuation de l\u00b4al\u00e9a et des enjeux \u00e9conomiques ou financiers,<\/li>\n<li>Politiques de pr\u00e9vention du risque incendie en for\u00eat,<\/li>\n<li>Am\u00e9nagements et infrastructures de pr\u00e9vention,<\/li>\n<li>Coordination entre les actions de pr\u00e9vention, de pr\u00e9vision et de lutte contre les incendies de for\u00eat.<\/li>\n<\/ul>\n<p>Ces interventions devront nourrir la r\u00e9flexion globale sur les strat\u00e9gies de pr\u00e9vention, mais aussi pr\u00e9senter des m\u00e9thodes concr\u00e8tes que les participants au s\u00e9minaire pourront reprendre et transposer dans d\u00b4autres contextes.<\/p>\n<p class=\"vert\">FORME<\/p>\n<p>Les communications orales dureront 20 \u00e0 30 minutes et seront suivies de 10 \u00e0 20 minutes de discussion. Les r\u00e9sum\u00e9s doivent \u00eatre envoy\u00e9s avant le 30 Novembre 2001, et les articles devront \u00eatre remis avant le 4 Janvier 2002. Les fraisd&rsquo;inscription des intervenants retenus seront pris en charge par l\u00b4organisation. La traduction simultan\u00e9e sera adapt\u00e9e au nombre et \u00e0 l\u00b4origine des participants.<\/p>\n<p class=\"vert\">INSCRIPTIONS<\/p>\n<p>Frais d\u00b4inscriptions : 230 Euros (d\u00e9jeuners et visite de terrain inclus)<\/p>\n<p>Contact : <a href=\"https:\/\/www.plantedforests.org\/message.php?destinataire=christophe.orazio\">C. Orazio<\/a><br \/>\nVersion PDF<\/p>\n<p><a class=\"icone_lien\" href=\"http:\/\/www.tourisme.voila.fr\/villes\/bordeaux\/fra\/sit\/ville\/cmondial\/acc.htm\" target=\"_blank\" rel=\"noopener\" hreflang=\"\"> Lieu de la r\u00e9union : cit\u00e9 mondiale (<\/a><a href=\"http:\/\/www.viamichelin.com\/viamichelin\/fra\/dyn\/controller\/savedMapGet?mapId=68868\">plan <\/a>)<br \/>\n<a class=\"icone_lien\" href=\"http:\/\/www.gaf.tm.fr\/fr\/france\/hotels\/aquitaine\/gironde\/bordeaux.php\" target=\"_blank\" rel=\"noopener\" hreflang=\"\"> L&rsquo;hotel claret est sur le lieu de la r\u00e9union<\/a><br \/>\n<a class=\"icone_lien\" href=\"https:\/\/www.plantedforests.org\/manifestations\/2002_forumDFCI.fr.html\" target=\"_top\" hreflang=\"\" rel=\"noopener\"> Programme et r\u00e9sum\u00e9s (d\u00e9but des d\u00e9bats le jeudi 31 Janvier \u00e0 14h30, fin des d\u00e9bats samedi 2 janvier \u00e0 12 h00, Samedi apr\u00e8s-midi : tourn\u00e9e)<\/a><\/p>\n<table border=\"0\" summary=\"organisation\" align=\"center\">\n<tbody>\n<tr>\n<th>Comit\u00e9 de lecture<\/th>\n<th>Partenaires<\/th>\n<\/tr>\n<tr>\n<td>C. Orazio (IEFC Aquitaine)<br \/>\nC. Pinaudeau (ARDFCI Aquitaine)<br \/>\nM. Colin (CIRCOSC Bordeaux)<br \/>\nE. rigolot (INRA Avignon)<br \/>\nH. Bothello (UTAD Villa real)<br \/>\nM. Seillan (Editions pr\u00e9ventique)<br \/>\nJos\u00e9 Antonio V\u00e9ga (CIF Lourizan)<\/td>\n<td>Commission europ\u00e9enne (21-58)<br \/>\nMinist\u00e8re de l&rsquo;Agriculture et de la For\u00eat<br \/>\nConseil R\u00e9gional D&rsquo;aquitaine<br \/>\nAssociation R\u00e9gionale de DFCI<br \/>\nUSSE<br \/>\nIEFC<\/td>\n<\/tr>\n<\/tbody>\n<\/table>\n<p><br clear=\"all\" \/><\/p>\n<div align=\"right\">\n<table id=\"Aquitaine\" class=\"piedpage\" border=\"0\" summary=\"\">\n<tbody>\n<tr>\n<td class=\"piedpage\"><img decoding=\"async\" src=\"https:\/\/www.plantedforests.org\/old_resources\/images\/CRaquitaine.jpg\" alt=\"\" height=\"80\" border=\"0\" \/><\/td>\n<\/tr>\n<\/tbody>\n<\/table>\n<\/div>\n","protected":false},"excerpt":{"rendered":"<p>LE FORUM EUROPEEN DES PROFESSIONNELS DE LA GESTION DU RISQUE INCENDIE Bordeaux le 31 janvierAM et les 1 et 2 f\u00e9vrier 2002 &nbsp; OBJECTIFS La principale vocation de ce forum [&hellip;]<\/p>\n","protected":false},"author":3,"featured_media":0,"parent":0,"menu_order":0,"comment_status":"closed","ping_status":"closed","template":"","meta":{"_acf_changed":false,"_eb_attr":"","_EventAllDay":false,"_EventTimezone":"","_EventStartDate":"","_EventEndDate":"","_EventStartDateUTC":"","_EventEndDateUTC":"","_EventShowMap":false,"_EventShowMapLink":false,"_EventURL":"","_EventCost":"","_EventCostDescription":"","_EventCurrencySymbol":"","_EventCurrencyCode":"","_EventCurrencyPosition":"","_EventDateTimeSeparator":"","_EventTimeRangeSeparator":"","_EventOrganizerID":[],"_EventVenueID":[],"_OrganizerEmail":"","_OrganizerPhone":"","_OrganizerWebsite":"","_VenueAddress":"","_VenueCity":"","_VenueCountry":"","_VenueProvince":"","_VenueState":"","_VenueZip":"","_VenuePhone":"","_VenueURL":"","_VenueStateProvince":"","_VenueLat":"","_VenueLng":"","_VenueShowMap":false,"_VenueShowMapLink":false,"activitypub_content_warning":"","activitypub_content_visibility":"","activitypub_max_image_attachments":4,"activitypub_interaction_policy_quote":"anyone","activitypub_status":"","footnotes":""},"class_list":["post-3027","page","type-page","status-publish","hentry"],"translation":{"provider":"WPGlobus","version":"3.0.2","language":"fr","enabled_languages":["gb","fr","es","pt"],"languages":{"gb":{"title":true,"content":true,"excerpt":false},"fr":{"title":true,"content":true,"excerpt":false},"es":{"title":true,"content":true,"excerpt":false},"pt":{"title":true,"content":true,"excerpt":false}}},"acf":[],"yoast_head":"<!-- This site is optimized with the Yoast SEO plugin v27.3 - https:\/\/yoast.com\/product\/yoast-seo-wordpress\/ -->\n<title>STRATEGIES DE PREVENTION CONTRE LES INCENDIES DANS LES FOR\u00caTS D\u00b4EUROPE DU SUD - Institut Europ\u00e9en de la For\u00eat Cultiv\u00e9e - IEFC<\/title>\n<meta name=\"robots\" content=\"index, follow, max-snippet:-1, max-image-preview:large, max-video-preview:-1\" \/>\n<link rel=\"canonical\" href=\"https:\/\/www.plantedforests.org\/strategies-de-prevention-contre-les-incendies-dans-les-forets-deurope-du-sud\/\" \/>\n<meta property=\"og:locale\" content=\"fr_FR\" \/>\n<meta property=\"og:type\" content=\"article\" \/>\n<meta property=\"og:title\" content=\"STRATEGIES DE PREVENTION CONTRE LES INCENDIES DANS LES FOR\u00caTS D\u00b4EUROPE DU SUD - Institut Europ\u00e9en de la For\u00eat Cultiv\u00e9e - IEFC\" \/>\n<meta property=\"og:url\" content=\"https:\/\/www.plantedforests.org\/strategies-de-prevention-contre-les-incendies-dans-les-forets-deurope-du-sud\/\" \/>\n<meta property=\"og:site_name\" content=\"Institut Europ\u00e9en de la For\u00eat Cultiv\u00e9e - IEFC\" \/>\n<meta property=\"article:modified_time\" content=\"2023-08-24T14:27:50+00:00\" \/>\n<meta property=\"og:image\" content=\"https:\/\/www.plantedforests.org\/old_resources\/images\/USSE.gif\" \/>\n<meta name=\"twitter:card\" content=\"summary_large_image\" \/>\n<meta name=\"twitter:site\" content=\"@IEFCPlantForest\" \/>\n<meta name=\"twitter:label1\" content=\"Dur\u00e9e de lecture estim\u00e9e\" \/>\n\t<meta name=\"twitter:data1\" content=\"9 minutes\" \/>\n<script type=\"application\/ld+json\" class=\"yoast-schema-graph\">{\"@context\":\"https:\\\/\\\/schema.org\",\"@graph\":[{\"@type\":\"WebPage\",\"@id\":\"https:\\\/\\\/www.plantedforests.org\\\/strategies-de-prevention-contre-les-incendies-dans-les-forets-deurope-du-sud\\\/\",\"url\":\"https:\\\/\\\/www.plantedforests.org\\\/strategies-de-prevention-contre-les-incendies-dans-les-forets-deurope-du-sud\\\/\",\"name\":\"STRATEGIES DE PREVENTION CONTRE LES INCENDIES DANS LES FOR\u00caTS D\u00b4EUROPE DU SUD - Institut Europ\u00e9en de la For\u00eat Cultiv\u00e9e - IEFC\",\"isPartOf\":{\"@id\":\"https:\\\/\\\/www.plantedforests.org\\\/fr\\\/#website\"},\"primaryImageOfPage\":{\"@id\":\"https:\\\/\\\/www.plantedforests.org\\\/strategies-de-prevention-contre-les-incendies-dans-les-forets-deurope-du-sud\\\/#primaryimage\"},\"image\":{\"@id\":\"https:\\\/\\\/www.plantedforests.org\\\/strategies-de-prevention-contre-les-incendies-dans-les-forets-deurope-du-sud\\\/#primaryimage\"},\"thumbnailUrl\":\"https:\\\/\\\/www.plantedforests.org\\\/old_resources\\\/images\\\/USSE.gif\",\"datePublished\":\"2018-06-05T21:17:18+00:00\",\"dateModified\":\"2023-08-24T14:27:50+00:00\",\"breadcrumb\":{\"@id\":\"https:\\\/\\\/www.plantedforests.org\\\/strategies-de-prevention-contre-les-incendies-dans-les-forets-deurope-du-sud\\\/#breadcrumb\"},\"inLanguage\":\"fr-FR\",\"potentialAction\":[{\"@type\":\"ReadAction\",\"target\":[\"https:\\\/\\\/www.plantedforests.org\\\/strategies-de-prevention-contre-les-incendies-dans-les-forets-deurope-du-sud\\\/\"]}]},{\"@type\":\"ImageObject\",\"inLanguage\":\"fr-FR\",\"@id\":\"https:\\\/\\\/www.plantedforests.org\\\/strategies-de-prevention-contre-les-incendies-dans-les-forets-deurope-du-sud\\\/#primaryimage\",\"url\":\"https:\\\/\\\/www.plantedforests.org\\\/old_resources\\\/images\\\/USSE.gif\",\"contentUrl\":\"https:\\\/\\\/www.plantedforests.org\\\/old_resources\\\/images\\\/USSE.gif\"},{\"@type\":\"BreadcrumbList\",\"@id\":\"https:\\\/\\\/www.plantedforests.org\\\/strategies-de-prevention-contre-les-incendies-dans-les-forets-deurope-du-sud\\\/#breadcrumb\",\"itemListElement\":[{\"@type\":\"ListItem\",\"position\":1,\"name\":\"Accueil\",\"item\":\"https:\\\/\\\/www.plantedforests.org\\\/\"},{\"@type\":\"ListItem\",\"position\":2,\"name\":\"STRATEGIES DE PREVENTION CONTRE LES INCENDIES DANS LES FOR\u00caTS D\u00b4EUROPE DU SUD\"}]},{\"@type\":\"WebSite\",\"@id\":\"https:\\\/\\\/www.plantedforests.org\\\/fr\\\/#website\",\"url\":\"https:\\\/\\\/www.plantedforests.org\\\/fr\\\/\",\"name\":\"Institut Europ\u00e9en de la For\u00eat Cultiv\u00e9e - IEFC\",\"description\":\"Le r\u00e9seau multi-acteur pour la gestion durable et la r\u00e9silience des for\u00eats cultiv\u00e9es\",\"publisher\":{\"@id\":\"https:\\\/\\\/www.plantedforests.org\\\/fr\\\/#organization\"},\"potentialAction\":[{\"@type\":\"SearchAction\",\"target\":{\"@type\":\"EntryPoint\",\"urlTemplate\":\"https:\\\/\\\/www.plantedforests.org\\\/fr\\\/?s={search_term_string}\"},\"query-input\":{\"@type\":\"PropertyValueSpecification\",\"valueRequired\":true,\"valueName\":\"search_term_string\"}}],\"inLanguage\":\"fr-FR\"},{\"@type\":\"Organization\",\"@id\":\"https:\\\/\\\/www.plantedforests.org\\\/fr\\\/#organization\",\"name\":\"Institut Europ\u00e9en de la For\u00eat Cultiv\u00e9e - Plantedforests.org\",\"url\":\"https:\\\/\\\/www.plantedforests.org\\\/fr\\\/\",\"logo\":{\"@type\":\"ImageObject\",\"inLanguage\":\"fr-FR\",\"@id\":\"https:\\\/\\\/www.plantedforests.org\\\/fr\\\/#\\\/schema\\\/logo\\\/image\\\/\",\"url\":\"https:\\\/\\\/www.plantedforests.org\\\/wp-content\\\/uploads\\\/2022\\\/07\\\/Logo_iefc__FR.png\",\"contentUrl\":\"https:\\\/\\\/www.plantedforests.org\\\/wp-content\\\/uploads\\\/2022\\\/07\\\/Logo_iefc__FR.png\",\"width\":2031,\"height\":1001,\"caption\":\"Institut Europ\u00e9en de la For\u00eat Cultiv\u00e9e - Plantedforests.org\"},\"image\":{\"@id\":\"https:\\\/\\\/www.plantedforests.org\\\/fr\\\/#\\\/schema\\\/logo\\\/image\\\/\"},\"sameAs\":[\"https:\\\/\\\/x.com\\\/IEFCPlantForest\",\"https:\\\/\\\/www.linkedin.com\\\/company\\\/71728047\\\/\"]}]}<\/script>\n<!-- \/ Yoast SEO plugin. -->","yoast_head_json":{"title":"STRATEGIES DE PREVENTION CONTRE LES INCENDIES DANS LES FOR\u00caTS D\u00b4EUROPE DU SUD - Institut Europ\u00e9en de la For\u00eat Cultiv\u00e9e - IEFC","robots":{"index":"index","follow":"follow","max-snippet":"max-snippet:-1","max-image-preview":"max-image-preview:large","max-video-preview":"max-video-preview:-1"},"canonical":"https:\/\/www.plantedforests.org\/strategies-de-prevention-contre-les-incendies-dans-les-forets-deurope-du-sud\/","og_locale":"fr_FR","og_type":"article","og_title":"STRATEGIES DE PREVENTION CONTRE LES INCENDIES DANS LES FOR\u00caTS D\u00b4EUROPE DU SUD - Institut Europ\u00e9en de la For\u00eat Cultiv\u00e9e - IEFC","og_url":"https:\/\/www.plantedforests.org\/strategies-de-prevention-contre-les-incendies-dans-les-forets-deurope-du-sud\/","og_site_name":"Institut Europ\u00e9en de la For\u00eat Cultiv\u00e9e - IEFC","article_modified_time":"2023-08-24T14:27:50+00:00","og_image":[{"url":"https:\/\/www.plantedforests.org\/old_resources\/images\/USSE.gif","type":"","width":"","height":""}],"twitter_card":"summary_large_image","twitter_site":"@IEFCPlantForest","twitter_misc":{"Dur\u00e9e de lecture estim\u00e9e":"9 minutes"},"schema":{"@context":"https:\/\/schema.org","@graph":[{"@type":"WebPage","@id":"https:\/\/www.plantedforests.org\/strategies-de-prevention-contre-les-incendies-dans-les-forets-deurope-du-sud\/","url":"https:\/\/www.plantedforests.org\/strategies-de-prevention-contre-les-incendies-dans-les-forets-deurope-du-sud\/","name":"STRATEGIES DE PREVENTION CONTRE LES INCENDIES DANS LES FOR\u00caTS D\u00b4EUROPE DU SUD - Institut Europ\u00e9en de la For\u00eat Cultiv\u00e9e - IEFC","isPartOf":{"@id":"https:\/\/www.plantedforests.org\/fr\/#website"},"primaryImageOfPage":{"@id":"https:\/\/www.plantedforests.org\/strategies-de-prevention-contre-les-incendies-dans-les-forets-deurope-du-sud\/#primaryimage"},"image":{"@id":"https:\/\/www.plantedforests.org\/strategies-de-prevention-contre-les-incendies-dans-les-forets-deurope-du-sud\/#primaryimage"},"thumbnailUrl":"https:\/\/www.plantedforests.org\/old_resources\/images\/USSE.gif","datePublished":"2018-06-05T21:17:18+00:00","dateModified":"2023-08-24T14:27:50+00:00","breadcrumb":{"@id":"https:\/\/www.plantedforests.org\/strategies-de-prevention-contre-les-incendies-dans-les-forets-deurope-du-sud\/#breadcrumb"},"inLanguage":"fr-FR","potentialAction":[{"@type":"ReadAction","target":["https:\/\/www.plantedforests.org\/strategies-de-prevention-contre-les-incendies-dans-les-forets-deurope-du-sud\/"]}]},{"@type":"ImageObject","inLanguage":"fr-FR","@id":"https:\/\/www.plantedforests.org\/strategies-de-prevention-contre-les-incendies-dans-les-forets-deurope-du-sud\/#primaryimage","url":"https:\/\/www.plantedforests.org\/old_resources\/images\/USSE.gif","contentUrl":"https:\/\/www.plantedforests.org\/old_resources\/images\/USSE.gif"},{"@type":"BreadcrumbList","@id":"https:\/\/www.plantedforests.org\/strategies-de-prevention-contre-les-incendies-dans-les-forets-deurope-du-sud\/#breadcrumb","itemListElement":[{"@type":"ListItem","position":1,"name":"Accueil","item":"https:\/\/www.plantedforests.org\/"},{"@type":"ListItem","position":2,"name":"STRATEGIES DE PREVENTION CONTRE LES INCENDIES DANS LES FOR\u00caTS D\u00b4EUROPE DU SUD"}]},{"@type":"WebSite","@id":"https:\/\/www.plantedforests.org\/fr\/#website","url":"https:\/\/www.plantedforests.org\/fr\/","name":"Institut Europ\u00e9en de la For\u00eat Cultiv\u00e9e - IEFC","description":"Le r\u00e9seau multi-acteur pour la gestion durable et la r\u00e9silience des for\u00eats cultiv\u00e9es","publisher":{"@id":"https:\/\/www.plantedforests.org\/fr\/#organization"},"potentialAction":[{"@type":"SearchAction","target":{"@type":"EntryPoint","urlTemplate":"https:\/\/www.plantedforests.org\/fr\/?s={search_term_string}"},"query-input":{"@type":"PropertyValueSpecification","valueRequired":true,"valueName":"search_term_string"}}],"inLanguage":"fr-FR"},{"@type":"Organization","@id":"https:\/\/www.plantedforests.org\/fr\/#organization","name":"Institut Europ\u00e9en de la For\u00eat Cultiv\u00e9e - Plantedforests.org","url":"https:\/\/www.plantedforests.org\/fr\/","logo":{"@type":"ImageObject","inLanguage":"fr-FR","@id":"https:\/\/www.plantedforests.org\/fr\/#\/schema\/logo\/image\/","url":"https:\/\/www.plantedforests.org\/wp-content\/uploads\/2022\/07\/Logo_iefc__FR.png","contentUrl":"https:\/\/www.plantedforests.org\/wp-content\/uploads\/2022\/07\/Logo_iefc__FR.png","width":2031,"height":1001,"caption":"Institut Europ\u00e9en de la For\u00eat Cultiv\u00e9e - Plantedforests.org"},"image":{"@id":"https:\/\/www.plantedforests.org\/fr\/#\/schema\/logo\/image\/"},"sameAs":["https:\/\/x.com\/IEFCPlantForest","https:\/\/www.linkedin.com\/company\/71728047\/"]}]}},"_links":{"self":[{"href":"https:\/\/www.plantedforests.org\/fr\/wp-json\/wp\/v2\/pages\/3027","targetHints":{"allow":["GET"]}}],"collection":[{"href":"https:\/\/www.plantedforests.org\/fr\/wp-json\/wp\/v2\/pages"}],"about":[{"href":"https:\/\/www.plantedforests.org\/fr\/wp-json\/wp\/v2\/types\/page"}],"author":[{"embeddable":true,"href":"https:\/\/www.plantedforests.org\/fr\/wp-json\/wp\/v2\/users\/3"}],"replies":[{"embeddable":true,"href":"https:\/\/www.plantedforests.org\/fr\/wp-json\/wp\/v2\/comments?post=3027"}],"version-history":[{"count":3,"href":"https:\/\/www.plantedforests.org\/fr\/wp-json\/wp\/v2\/pages\/3027\/revisions"}],"predecessor-version":[{"id":13457,"href":"https:\/\/www.plantedforests.org\/fr\/wp-json\/wp\/v2\/pages\/3027\/revisions\/13457"}],"wp:attachment":[{"href":"https:\/\/www.plantedforests.org\/fr\/wp-json\/wp\/v2\/media?parent=3027"}],"curies":[{"name":"wp","href":"https:\/\/api.w.org\/{rel}","templated":true}]}}