
{"id":25747,"date":"2025-07-08T15:29:28","date_gmt":"2025-07-08T13:29:28","guid":{"rendered":"https:\/\/www.plantedforests.org\/?page_id=25747"},"modified":"2025-08-04T11:06:08","modified_gmt":"2025-08-04T09:06:08","slug":"fire-res-parametric-insurance-for-wildfires","status":"publish","type":"page","link":"https:\/\/www.plantedforests.org\/fr\/fire-res-parametric-insurance-for-wildfires\/","title":{"rendered":"FIRE-RES &#8211; Assurance param\u00e9trique pour les incendies"},"content":{"rendered":"<p><img decoding=\"async\" width=\"150\" height=\"150\" src=\"https:\/\/www.plantedforests.org\/wp-content\/uploads\/2025\/02\/Modelisation-150x150.png\" alt=\"\" srcset=\"https:\/\/www.plantedforests.org\/wp-content\/uploads\/2025\/02\/Modelisation-150x150.png 150w, https:\/\/www.plantedforests.org\/wp-content\/uploads\/2025\/02\/Modelisation-300x300.png 300w, https:\/\/www.plantedforests.org\/wp-content\/uploads\/2025\/02\/Modelisation-1024x1024.png 1024w, https:\/\/www.plantedforests.org\/wp-content\/uploads\/2025\/02\/Modelisation-768x768.png 768w, https:\/\/www.plantedforests.org\/wp-content\/uploads\/2025\/02\/Modelisation-1536x1536.png 1536w, https:\/\/www.plantedforests.org\/wp-content\/uploads\/2025\/02\/Modelisation-100x100.png 100w, https:\/\/www.plantedforests.org\/wp-content\/uploads\/2025\/02\/Modelisation-1320x1320.png 1320w, https:\/\/www.plantedforests.org\/wp-content\/uploads\/2025\/02\/Modelisation.png 2000w\" sizes=\"(max-width: 150px) 100vw, 150px\" \/>\t\t\t\t\t\t\t\t\t\t\t\t\t\t\t<\/p>\n<h3>Assurance param\u00e9trique pour les incendies<\/h3>\n<h5><strong>Objectifs :<\/strong> Assurer les propri\u00e9taires forestiers gr\u00e2ce \u00e0 des solutions simples et r\u00e9actives, en int\u00e9grant les donn\u00e9es satellitaires pour estimer les dommages \u00e9vitant les contr\u00f4les sur site<\/h5>\n<p>\t\t\t\t\t\t\t\t\t\t\t\t\t\t\t<img fetchpriority=\"high\" decoding=\"async\" width=\"525\" height=\"419\" src=\"https:\/\/www.plantedforests.org\/wp-content\/uploads\/2025\/07\/FIRE-RES.png\" alt=\"\" srcset=\"https:\/\/www.plantedforests.org\/wp-content\/uploads\/2025\/07\/FIRE-RES.png 670w, https:\/\/www.plantedforests.org\/wp-content\/uploads\/2025\/07\/FIRE-RES-300x240.png 300w, https:\/\/www.plantedforests.org\/wp-content\/uploads\/2025\/07\/FIRE-RES-150x120.png 150w\" sizes=\"(max-width: 525px) 100vw, 525px\" \/><br \/>\n\t\t\t\t\t\t\t\t\t\t\t\t\t\t\t<img decoding=\"async\" width=\"525\" height=\"419\" src=\"https:\/\/www.plantedforests.org\/wp-content\/uploads\/2025\/07\/FIRE-RES_.png\" alt=\"\" srcset=\"https:\/\/www.plantedforests.org\/wp-content\/uploads\/2025\/07\/FIRE-RES_.png 670w, https:\/\/www.plantedforests.org\/wp-content\/uploads\/2025\/07\/FIRE-RES_-300x240.png 300w, https:\/\/www.plantedforests.org\/wp-content\/uploads\/2025\/07\/FIRE-RES_-150x120.png 150w\" sizes=\"(max-width: 525px) 100vw, 525px\" \/>\t\t\t\t\t\t\t\t\t\t\t\t\t\t\t<\/p>\n<p>Nous travaillons sur des solutions d\u2019assurance simplifi\u00e9e, appel\u00e9es assurances \u00ab\u00a0param\u00e9triques\u00a0\u00bb.<\/p>\n<p>Contrairement aux assurances traditionnelles, celles-ci fonctionnent gr\u00e2ce \u00e0 des donn\u00e9es satellites qui mesurent automatiquement la surface de for\u00eat br\u00fbl\u00e9e. D\u00e8s qu\u2019un certain seuil est atteint, l\u2019indemnisation est d\u00e9clench\u00e9e sans avoir besoin d\u2019envoyer un expert sur le terrain.<\/p>\n<p><strong>Applications :<\/strong><\/p>\n<ul>\n<li><strong>Proposer une indemnisation plus rapide et automatis\u00e9e pour les propri\u00e9taires forestiers.<\/strong><\/li>\n<li><strong>Faciliter la gestion des sinistres pour les assureurs gr\u00e2ce \u00e0 un syst\u00e8me plus simple et moins co\u00fbteux.<\/strong><\/li>\n<\/ul>\n<p>            <a href=\"https:\/\/www.plantedforests.org\/fr\/presentation-of-the-fire-res-project\/\" target=\"_blank\" data-text=\"Plus d&#039;informations !\"><br \/>\n                    Le projet FIRE-RES<br \/>\n\t                        <\/a><br \/>\n            <a href=\"https:\/\/www.plantedforests.org\/fr\/fire-res-ongoing-activities-in-the-nouvelle-aquitaine-living-lab\/\" target=\"_blank\" data-text=\"Plus d&#039;informations !\"><br \/>\n                    Actions en cours dans le laboratoire vivant Nouvelle-Aquitaine<br \/>\n\t                        <\/a><br \/>\n            <a href=\"https:\/\/www.plantedforests.org\/fr\/fire-res-resources-and-partners\/\" target=\"_blank\" data-text=\"Plus d&#039;informations !\"><br \/>\n                    Ressources et Partenaires<br \/>\n\t                        <\/a><br \/>\n\t\t\t\t\t<a href=\"https:\/\/www.plantedforests.org\/infrastructures\/\"><br \/>\n\t\t\t\t<svg aria-hidden=\"true\" viewBox=\"0 0 448 512\" xmlns=\"http:\/\/www.w3.org\/2000\/svg\"><path d=\"M257.5 445.1l-22.2 22.2c-9.4 9.4-24.6 9.4-33.9 0L7 273c-9.4-9.4-9.4-24.6 0-33.9L201.4 44.7c9.4-9.4 24.6-9.4 33.9 0l22.2 22.2c9.5 9.5 9.3 25-.4 34.3L136.6 216H424c13.3 0 24 10.7 24 24v32c0 13.3-10.7 24-24 24H136.6l120.5 114.8c9.8 9.3 10 24.8.4 34.3z\"><\/path><\/svg><br \/>\n\t\t\t\t\t\t\t\t\tInfrastructures<br \/>\n\t\t\t\t\t<\/a><br \/>\n\t\t\t\t\t<a href=\"https:\/\/www.plantedforests.org\/infrastructures\/living-labs\/\"><br \/>\n\t\t\t\t<svg aria-hidden=\"true\" viewBox=\"0 0 448 512\" xmlns=\"http:\/\/www.w3.org\/2000\/svg\"><path d=\"M190.5 66.9l22.2-22.2c9.4-9.4 24.6-9.4 33.9 0L441 239c9.4 9.4 9.4 24.6 0 33.9L246.6 467.3c-9.4 9.4-24.6 9.4-33.9 0l-22.2-22.2c-9.5-9.5-9.3-25 .4-34.3L311.4 296H24c-13.3 0-24-10.7-24-24v-32c0-13.3 10.7-24 24-24h287.4L190.9 101.2c-9.8-9.3-10-24.8-.4-34.3z\"><\/path><\/svg><br \/>\n\t\t\t\t\t\t\t\t\tLiving Labs<br \/>\n\t\t\t\t\t<\/a><\/p>\n","protected":false},"excerpt":{"rendered":"<p>Assurance param\u00e9trique pour les incendies Objectifs : Assurer les propri\u00e9taires forestiers gr\u00e2ce \u00e0 des solutions simples et r\u00e9actives, en int\u00e9grant les donn\u00e9es satellitaires pour estimer les dommages \u00e9vitant les contr\u00f4les [&hellip;]<\/p>\n","protected":false},"author":101,"featured_media":0,"parent":0,"menu_order":0,"comment_status":"closed","ping_status":"closed","template":"","meta":{"_acf_changed":false,"_eb_attr":"","_EventAllDay":false,"_EventTimezone":"","_EventStartDate":"","_EventEndDate":"","_EventStartDateUTC":"","_EventEndDateUTC":"","_EventShowMap":false,"_EventShowMapLink":false,"_EventURL":"","_EventCost":"","_EventCostDescription":"","_EventCurrencySymbol":"","_EventCurrencyCode":"","_EventCurrencyPosition":"","_EventDateTimeSeparator":"","_EventTimeRangeSeparator":"","_EventOrganizerID":[],"_EventVenueID":[],"_OrganizerEmail":"","_OrganizerPhone":"","_OrganizerWebsite":"","_VenueAddress":"","_VenueCity":"","_VenueCountry":"","_VenueProvince":"","_VenueState":"","_VenueZip":"","_VenuePhone":"","_VenueURL":"","_VenueStateProvince":"","_VenueLat":"","_VenueLng":"","_VenueShowMap":false,"_VenueShowMapLink":false,"activitypub_content_warning":"","activitypub_content_visibility":"","activitypub_max_image_attachments":4,"activitypub_interaction_policy_quote":"anyone","activitypub_status":"federated","footnotes":""},"class_list":["post-25747","page","type-page","status-publish","hentry"],"translation":{"provider":"WPGlobus","version":"3.0.2","language":"fr","enabled_languages":["gb","fr","es","pt"],"languages":{"gb":{"title":true,"content":true,"excerpt":false},"fr":{"title":true,"content":true,"excerpt":false},"es":{"title":false,"content":false,"excerpt":false},"pt":{"title":false,"content":false,"excerpt":false}}},"acf":[],"yoast_head":"<!-- This site is optimized with the Yoast SEO plugin v27.4 - https:\/\/yoast.com\/product\/yoast-seo-wordpress\/ -->\n<title>FIRE-RES - Assurance param\u00e9trique pour les incendies - Institut Europ\u00e9en de la For\u00eat Cultiv\u00e9e - IEFC<\/title>\n<meta name=\"robots\" content=\"index, follow, max-snippet:-1, max-image-preview:large, max-video-preview:-1\" \/>\n<link rel=\"canonical\" href=\"https:\/\/www.plantedforests.org\/fire-res-parametric-insurance-for-wildfires\/\" \/>\n<meta property=\"og:locale\" content=\"fr_FR\" \/>\n<meta property=\"og:type\" content=\"article\" \/>\n<meta property=\"og:title\" content=\"FIRE-RES - Assurance param\u00e9trique pour les incendies - Institut Europ\u00e9en de la For\u00eat Cultiv\u00e9e - IEFC\" \/>\n<meta property=\"og:url\" content=\"https:\/\/www.plantedforests.org\/fire-res-parametric-insurance-for-wildfires\/\" \/>\n<meta property=\"og:site_name\" content=\"Institut Europ\u00e9en de la For\u00eat Cultiv\u00e9e - IEFC\" \/>\n<meta property=\"article:modified_time\" content=\"2025-08-04T09:06:08+00:00\" \/>\n<meta property=\"og:image\" content=\"https:\/\/www.plantedforests.org\/wp-content\/uploads\/2025\/02\/Modelisation-150x150.png\" \/>\n<meta name=\"twitter:card\" content=\"summary_large_image\" \/>\n<meta name=\"twitter:site\" content=\"@IEFCPlantForest\" \/>\n<meta name=\"twitter:label1\" content=\"Dur\u00e9e de lecture estim\u00e9e\" \/>\n\t<meta name=\"twitter:data1\" content=\"2 minutes\" \/>\n<script type=\"application\/ld+json\" class=\"yoast-schema-graph\">{\"@context\":\"https:\\\/\\\/schema.org\",\"@graph\":[{\"@type\":\"WebPage\",\"@id\":\"https:\\\/\\\/www.plantedforests.org\\\/fire-res-parametric-insurance-for-wildfires\\\/\",\"url\":\"https:\\\/\\\/www.plantedforests.org\\\/fire-res-parametric-insurance-for-wildfires\\\/\",\"name\":\"FIRE-RES - Assurance param\u00e9trique pour les incendies - Institut Europ\u00e9en de la For\u00eat Cultiv\u00e9e - IEFC\",\"isPartOf\":{\"@id\":\"https:\\\/\\\/www.plantedforests.org\\\/fr\\\/#website\"},\"primaryImageOfPage\":{\"@id\":\"https:\\\/\\\/www.plantedforests.org\\\/fire-res-parametric-insurance-for-wildfires\\\/#primaryimage\"},\"image\":{\"@id\":\"https:\\\/\\\/www.plantedforests.org\\\/fire-res-parametric-insurance-for-wildfires\\\/#primaryimage\"},\"thumbnailUrl\":\"https:\\\/\\\/www.plantedforests.org\\\/wp-content\\\/uploads\\\/2025\\\/02\\\/Modelisation-150x150.png\",\"datePublished\":\"2025-07-08T13:29:28+00:00\",\"dateModified\":\"2025-08-04T09:06:08+00:00\",\"breadcrumb\":{\"@id\":\"https:\\\/\\\/www.plantedforests.org\\\/fire-res-parametric-insurance-for-wildfires\\\/#breadcrumb\"},\"inLanguage\":\"fr-FR\",\"potentialAction\":[{\"@type\":\"ReadAction\",\"target\":[\"https:\\\/\\\/www.plantedforests.org\\\/fire-res-parametric-insurance-for-wildfires\\\/\"]}]},{\"@type\":\"ImageObject\",\"inLanguage\":\"fr-FR\",\"@id\":\"https:\\\/\\\/www.plantedforests.org\\\/fire-res-parametric-insurance-for-wildfires\\\/#primaryimage\",\"url\":\"https:\\\/\\\/www.plantedforests.org\\\/wp-content\\\/uploads\\\/2025\\\/02\\\/Modelisation-150x150.png\",\"contentUrl\":\"https:\\\/\\\/www.plantedforests.org\\\/wp-content\\\/uploads\\\/2025\\\/02\\\/Modelisation-150x150.png\"},{\"@type\":\"BreadcrumbList\",\"@id\":\"https:\\\/\\\/www.plantedforests.org\\\/fire-res-parametric-insurance-for-wildfires\\\/#breadcrumb\",\"itemListElement\":[{\"@type\":\"ListItem\",\"position\":1,\"name\":\"Accueil\",\"item\":\"https:\\\/\\\/www.plantedforests.org\\\/\"},{\"@type\":\"ListItem\",\"position\":2,\"name\":\"FIRE-RES &#8211; Parametric Insurance for Wildfires\"}]},{\"@type\":\"WebSite\",\"@id\":\"https:\\\/\\\/www.plantedforests.org\\\/fr\\\/#website\",\"url\":\"https:\\\/\\\/www.plantedforests.org\\\/fr\\\/\",\"name\":\"Institut Europ\u00e9en de la For\u00eat Cultiv\u00e9e - IEFC\",\"description\":\"Le r\u00e9seau multi-acteur pour la gestion durable et la r\u00e9silience des for\u00eats cultiv\u00e9es\",\"publisher\":{\"@id\":\"https:\\\/\\\/www.plantedforests.org\\\/fr\\\/#organization\"},\"potentialAction\":[{\"@type\":\"SearchAction\",\"target\":{\"@type\":\"EntryPoint\",\"urlTemplate\":\"https:\\\/\\\/www.plantedforests.org\\\/fr\\\/?s={search_term_string}\"},\"query-input\":{\"@type\":\"PropertyValueSpecification\",\"valueRequired\":true,\"valueName\":\"search_term_string\"}}],\"inLanguage\":\"fr-FR\"},{\"@type\":\"Organization\",\"@id\":\"https:\\\/\\\/www.plantedforests.org\\\/fr\\\/#organization\",\"name\":\"Institut Europ\u00e9en de la For\u00eat Cultiv\u00e9e - Plantedforests.org\",\"url\":\"https:\\\/\\\/www.plantedforests.org\\\/fr\\\/\",\"logo\":{\"@type\":\"ImageObject\",\"inLanguage\":\"fr-FR\",\"@id\":\"https:\\\/\\\/www.plantedforests.org\\\/fr\\\/#\\\/schema\\\/logo\\\/image\\\/\",\"url\":\"https:\\\/\\\/www.plantedforests.org\\\/wp-content\\\/uploads\\\/2022\\\/07\\\/Logo_iefc__FR.png\",\"contentUrl\":\"https:\\\/\\\/www.plantedforests.org\\\/wp-content\\\/uploads\\\/2022\\\/07\\\/Logo_iefc__FR.png\",\"width\":2031,\"height\":1001,\"caption\":\"Institut Europ\u00e9en de la For\u00eat Cultiv\u00e9e - Plantedforests.org\"},\"image\":{\"@id\":\"https:\\\/\\\/www.plantedforests.org\\\/fr\\\/#\\\/schema\\\/logo\\\/image\\\/\"},\"sameAs\":[\"https:\\\/\\\/x.com\\\/IEFCPlantForest\",\"https:\\\/\\\/www.linkedin.com\\\/company\\\/71728047\\\/\"]}]}<\/script>\n<!-- \/ Yoast SEO plugin. -->","yoast_head_json":{"title":"FIRE-RES - Assurance param\u00e9trique pour les incendies - Institut Europ\u00e9en de la For\u00eat Cultiv\u00e9e - IEFC","robots":{"index":"index","follow":"follow","max-snippet":"max-snippet:-1","max-image-preview":"max-image-preview:large","max-video-preview":"max-video-preview:-1"},"canonical":"https:\/\/www.plantedforests.org\/fire-res-parametric-insurance-for-wildfires\/","og_locale":"fr_FR","og_type":"article","og_title":"FIRE-RES - Assurance param\u00e9trique pour les incendies - Institut Europ\u00e9en de la For\u00eat Cultiv\u00e9e - IEFC","og_url":"https:\/\/www.plantedforests.org\/fire-res-parametric-insurance-for-wildfires\/","og_site_name":"Institut Europ\u00e9en de la For\u00eat Cultiv\u00e9e - IEFC","article_modified_time":"2025-08-04T09:06:08+00:00","og_image":[{"url":"https:\/\/www.plantedforests.org\/wp-content\/uploads\/2025\/02\/Modelisation-150x150.png","type":"","width":"","height":""}],"twitter_card":"summary_large_image","twitter_site":"@IEFCPlantForest","twitter_misc":{"Dur\u00e9e de lecture estim\u00e9e":"2 minutes"},"schema":{"@context":"https:\/\/schema.org","@graph":[{"@type":"WebPage","@id":"https:\/\/www.plantedforests.org\/fire-res-parametric-insurance-for-wildfires\/","url":"https:\/\/www.plantedforests.org\/fire-res-parametric-insurance-for-wildfires\/","name":"FIRE-RES - Assurance param\u00e9trique pour les incendies - Institut Europ\u00e9en de la For\u00eat Cultiv\u00e9e - IEFC","isPartOf":{"@id":"https:\/\/www.plantedforests.org\/fr\/#website"},"primaryImageOfPage":{"@id":"https:\/\/www.plantedforests.org\/fire-res-parametric-insurance-for-wildfires\/#primaryimage"},"image":{"@id":"https:\/\/www.plantedforests.org\/fire-res-parametric-insurance-for-wildfires\/#primaryimage"},"thumbnailUrl":"https:\/\/www.plantedforests.org\/wp-content\/uploads\/2025\/02\/Modelisation-150x150.png","datePublished":"2025-07-08T13:29:28+00:00","dateModified":"2025-08-04T09:06:08+00:00","breadcrumb":{"@id":"https:\/\/www.plantedforests.org\/fire-res-parametric-insurance-for-wildfires\/#breadcrumb"},"inLanguage":"fr-FR","potentialAction":[{"@type":"ReadAction","target":["https:\/\/www.plantedforests.org\/fire-res-parametric-insurance-for-wildfires\/"]}]},{"@type":"ImageObject","inLanguage":"fr-FR","@id":"https:\/\/www.plantedforests.org\/fire-res-parametric-insurance-for-wildfires\/#primaryimage","url":"https:\/\/www.plantedforests.org\/wp-content\/uploads\/2025\/02\/Modelisation-150x150.png","contentUrl":"https:\/\/www.plantedforests.org\/wp-content\/uploads\/2025\/02\/Modelisation-150x150.png"},{"@type":"BreadcrumbList","@id":"https:\/\/www.plantedforests.org\/fire-res-parametric-insurance-for-wildfires\/#breadcrumb","itemListElement":[{"@type":"ListItem","position":1,"name":"Accueil","item":"https:\/\/www.plantedforests.org\/"},{"@type":"ListItem","position":2,"name":"FIRE-RES &#8211; Parametric Insurance for Wildfires"}]},{"@type":"WebSite","@id":"https:\/\/www.plantedforests.org\/fr\/#website","url":"https:\/\/www.plantedforests.org\/fr\/","name":"Institut Europ\u00e9en de la For\u00eat Cultiv\u00e9e - IEFC","description":"Le r\u00e9seau multi-acteur pour la gestion durable et la r\u00e9silience des for\u00eats cultiv\u00e9es","publisher":{"@id":"https:\/\/www.plantedforests.org\/fr\/#organization"},"potentialAction":[{"@type":"SearchAction","target":{"@type":"EntryPoint","urlTemplate":"https:\/\/www.plantedforests.org\/fr\/?s={search_term_string}"},"query-input":{"@type":"PropertyValueSpecification","valueRequired":true,"valueName":"search_term_string"}}],"inLanguage":"fr-FR"},{"@type":"Organization","@id":"https:\/\/www.plantedforests.org\/fr\/#organization","name":"Institut Europ\u00e9en de la For\u00eat Cultiv\u00e9e - Plantedforests.org","url":"https:\/\/www.plantedforests.org\/fr\/","logo":{"@type":"ImageObject","inLanguage":"fr-FR","@id":"https:\/\/www.plantedforests.org\/fr\/#\/schema\/logo\/image\/","url":"https:\/\/www.plantedforests.org\/wp-content\/uploads\/2022\/07\/Logo_iefc__FR.png","contentUrl":"https:\/\/www.plantedforests.org\/wp-content\/uploads\/2022\/07\/Logo_iefc__FR.png","width":2031,"height":1001,"caption":"Institut Europ\u00e9en de la For\u00eat Cultiv\u00e9e - Plantedforests.org"},"image":{"@id":"https:\/\/www.plantedforests.org\/fr\/#\/schema\/logo\/image\/"},"sameAs":["https:\/\/x.com\/IEFCPlantForest","https:\/\/www.linkedin.com\/company\/71728047\/"]}]}},"_links":{"self":[{"href":"https:\/\/www.plantedforests.org\/fr\/wp-json\/wp\/v2\/pages\/25747","targetHints":{"allow":["GET"]}}],"collection":[{"href":"https:\/\/www.plantedforests.org\/fr\/wp-json\/wp\/v2\/pages"}],"about":[{"href":"https:\/\/www.plantedforests.org\/fr\/wp-json\/wp\/v2\/types\/page"}],"author":[{"embeddable":true,"href":"https:\/\/www.plantedforests.org\/fr\/wp-json\/wp\/v2\/users\/101"}],"replies":[{"embeddable":true,"href":"https:\/\/www.plantedforests.org\/fr\/wp-json\/wp\/v2\/comments?post=25747"}],"version-history":[{"count":35,"href":"https:\/\/www.plantedforests.org\/fr\/wp-json\/wp\/v2\/pages\/25747\/revisions"}],"predecessor-version":[{"id":26702,"href":"https:\/\/www.plantedforests.org\/fr\/wp-json\/wp\/v2\/pages\/25747\/revisions\/26702"}],"wp:attachment":[{"href":"https:\/\/www.plantedforests.org\/fr\/wp-json\/wp\/v2\/media?parent=25747"}],"curies":[{"name":"wp","href":"https:\/\/api.w.org\/{rel}","templated":true}]}}