
{"id":23239,"date":"2025-06-05T11:14:46","date_gmt":"2025-06-05T09:14:46","guid":{"rendered":"https:\/\/www.plantedforests.org\/?page_id=23239"},"modified":"2025-08-25T16:37:53","modified_gmt":"2025-08-25T14:37:53","slug":"fire-res-open-innovation-challenge","status":"publish","type":"page","link":"https:\/\/www.plantedforests.org\/fr\/fire-res-open-innovation-challenge\/","title":{"rendered":"FIRE-RES &#8211; Open Innovation Challenge"},"content":{"rendered":"<p><img decoding=\"async\" width=\"525\" height=\"88\" src=\"https:\/\/www.plantedforests.org\/wp-content\/uploads\/2025\/05\/Capture-decran-2025-05-13-144519-2048x342.png\" alt=\"\" srcset=\"https:\/\/www.plantedforests.org\/wp-content\/uploads\/2025\/05\/Capture-decran-2025-05-13-144519-2048x342.png 2048w, https:\/\/www.plantedforests.org\/wp-content\/uploads\/2025\/05\/Capture-decran-2025-05-13-144519-300x50.png 300w, https:\/\/www.plantedforests.org\/wp-content\/uploads\/2025\/05\/Capture-decran-2025-05-13-144519-1024x171.png 1024w, https:\/\/www.plantedforests.org\/wp-content\/uploads\/2025\/05\/Capture-decran-2025-05-13-144519-150x25.png 150w, https:\/\/www.plantedforests.org\/wp-content\/uploads\/2025\/05\/Capture-decran-2025-05-13-144519-768x128.png 768w, https:\/\/www.plantedforests.org\/wp-content\/uploads\/2025\/05\/Capture-decran-2025-05-13-144519-1536x257.png 1536w, https:\/\/www.plantedforests.org\/wp-content\/uploads\/2025\/05\/Capture-decran-2025-05-13-144519-1320x221.png 1320w\" sizes=\"(max-width: 525px) 100vw, 525px\" \/>\t\t\t\t\t\t\t\t\t\t\t\t\t\t\t<\/p>\n<p>L\u2019<strong>Open Innovation Challenge (OIC<\/strong>) est une initiative lanc\u00e9e dans le cadre de FIRE-RES. Elle invite les start-up innovantes, entrepreneurs, techniciens, chercheurs et entreprises de toutes tailles \u00e0 proposer des solutions novatrices sur le th\u00e8me de la pr\u00e9vention, la gestion, la r\u00e9ponse et l\u2019adaptation aux feux de for\u00eat.<\/p>\n<p>Les d\u00e9fis \u00e0 relever sont organis\u00e9s en plusieurs th\u00e8mes, correspondant aux enjeux identifi\u00e9s dans ces derniers : la communication des risques, l&rsquo;engagement communautaire, la formation, la gestion avant, pendant et apr\u00e8s les incendies extr\u00eames, la surveillance, la pr\u00e9vision et le soutien \u00e0 la d\u00e9cision, ainsi que les politiques et la gouvernance. Les solutions recherch\u00e9es peuvent \u00eatre \u00e0 diff\u00e9rents stades de d\u00e9veloppement, allant des id\u00e9es initiales aux produits pr\u00eats \u00e0 \u00eatre commercialis\u00e9s.<\/p>\n<p style=\"text-align: left;\"><strong>L\u2019appel \u00e0 projet lanc\u00e9 par la coordination du projet a \u00e9t\u00e9 cl\u00f4tur\u00e9 en 2024<\/strong>, et les participants s\u00e9lectionn\u00e9s b\u00e9n\u00e9ficient de <strong>soutiens \u00e9conomiques<\/strong> <strong>et en nature<\/strong><strong>,<\/strong> ainsi que de <strong>mentorat <\/strong>pour d\u00e9velopper et d\u00e9ployer leurs solutions. Les laur\u00e9ats auront \u00e9galement l&rsquo;opportunit\u00e9 de <strong>tester leurs innovations en conditions r\u00e9elles au sein des 11 Laboratoires Vivants du projet.<\/strong><\/p>\n<p style=\"text-align: left;\">Les innovations s\u00e9lectionn\u00e9es pour \u00eatre exp\u00e9riment\u00e9es dans le laboratoire vivant des landes de gascognes sont les suivantes :<\/p>\n<p style=\"text-align: left;\">&#8211;\u00a0<strong>ForestGuard, un syst\u00e8me de d\u00e9tection pr\u00e9coce des feux de for\u00ea<\/strong>t (<a href=\"https:\/\/www.nowildfire.com\/\" target=\"_blank\" rel=\"noopener\">https:\/\/www.nowildfire.com\/<\/a>)<\/p>\n<p style=\"text-align: left;\">&#8211; <strong>Wildflyer, un outil de gestion des donn\u00e9es m\u00e9t\u00e9orologiques et historiques en temps r\u00e9el pour am\u00e9liorer la pr\u00e9vention des incendies<\/strong> (<a draggable=\"false\" href=\"https:\/\/www.wildflyer.co\" target=\"_blank\" rel=\"noopener\">https:\/\/www.wildflyer.co\/<\/a>)<\/p>\n<p style=\"text-align: left;\">En tant que coordinateur du Laboratoire Vivant, l\u2019IEFC veille \u00e0 favoriser leur impl\u00e9mentation en <strong>identifiant<\/strong> les parties prenantes susceptibles de b\u00e9n\u00e9ficier de leur utilisation, et en facilitant les \u00e9changes entre ces acteurs et les porteurs de projets.<\/p>\n<p style=\"text-align: center;\"><strong>Page officielle des OIC (site de FIRE-RES) :<\/strong><\/p>\n<p style=\"text-align: center;\"><a href=\"https:\/\/fire-res.eu\/open-innovation-challenge\/\">https:\/\/fire-res.eu\/open-innovation-challenge\/<\/a><\/p>\n<p>\t\t\t\t\t\t\t\t\t\t\t\t\t\t\t<img fetchpriority=\"high\" decoding=\"async\" width=\"525\" height=\"394\" src=\"https:\/\/www.plantedforests.org\/wp-content\/uploads\/2025\/08\/IMG_20250630_161119.jpg\" alt=\"\" srcset=\"https:\/\/www.plantedforests.org\/wp-content\/uploads\/2025\/08\/IMG_20250630_161119.jpg 900w, https:\/\/www.plantedforests.org\/wp-content\/uploads\/2025\/08\/IMG_20250630_161119-300x225.jpg 300w, https:\/\/www.plantedforests.org\/wp-content\/uploads\/2025\/08\/IMG_20250630_161119-150x113.jpg 150w, https:\/\/www.plantedforests.org\/wp-content\/uploads\/2025\/08\/IMG_20250630_161119-768x576.jpg 768w\" sizes=\"(max-width: 525px) 100vw, 525px\" \/>\t\t\t\t\t\t\t\t\t\t\t\t\t\t\t<\/p>\n<p><em>D\u00e9monstration des capteurs d\u00e9tecteurs d\u2019incendie avec le repr\u00e9sentant de ForestGuard (M. \u00d6rnek) lors du COPIL du laboratoire vivant FIRES-RES (CRIFF \u00e0 Belin Beliet en juin 2025). Cette solution bas\u00e9e sur la chimie de l\u2019air a attir\u00e9 l\u2019attention des participants pour des situations ou les d\u00e9parts de feux existent et o\u00f9 il n\u2019y a pas de pr\u00e9sence humaine, telle que les parcs de panneaux photovolta\u00efques. Elle n\u2019est pas apparu pertinente pour les espaces forestiers.<\/em><\/p>\n<p>\t\t\t\t\t\t\t\t\t\t\t\t\t\t\t<img decoding=\"async\" width=\"525\" height=\"80\" src=\"https:\/\/www.plantedforests.org\/wp-content\/uploads\/2025\/08\/EU-emblem-FIRE-RES-V2.png\" alt=\"\" srcset=\"https:\/\/www.plantedforests.org\/wp-content\/uploads\/2025\/08\/EU-emblem-FIRE-RES-V2.png 675w, https:\/\/www.plantedforests.org\/wp-content\/uploads\/2025\/08\/EU-emblem-FIRE-RES-V2-300x46.png 300w, https:\/\/www.plantedforests.org\/wp-content\/uploads\/2025\/08\/EU-emblem-FIRE-RES-V2-150x23.png 150w\" sizes=\"(max-width: 525px) 100vw, 525px\" \/><br \/>\n            <a href=\"https:\/\/www.plantedforests.org\/fr\/presentation-of-the-fire-res-project\/\" target=\"_blank\" data-text=\"Plus d&#039;informations !\"><br \/>\n                    Le projet FIRE-RES<br \/>\n\t                        <\/a><br \/>\n            <a href=\"https:\/\/www.plantedforests.org\/fr\/fire-res-ongoing-activities-in-the-nouvelle-aquitaine-living-lab\/\" target=\"_blank\" data-text=\"Plus d&#039;informations !\"><br \/>\n                    Actions en cours dans le laboratoire vivant Nouvelle-Aquitaine<br \/>\n\t                        <\/a><br \/>\n            <a href=\"https:\/\/www.plantedforests.org\/fr\/fire-res-resources-and-partners\/\" target=\"_blank\" data-text=\"Plus d&#039;informations !\"><br \/>\n                    Ressources et Partenaires<br \/>\n\t                        <\/a><br \/>\n\t\t\t\t\t<a href=\"https:\/\/www.plantedforests.org\/infrastructures\/\"><br \/>\n\t\t\t\t<svg aria-hidden=\"true\" viewBox=\"0 0 448 512\" xmlns=\"http:\/\/www.w3.org\/2000\/svg\"><path d=\"M257.5 445.1l-22.2 22.2c-9.4 9.4-24.6 9.4-33.9 0L7 273c-9.4-9.4-9.4-24.6 0-33.9L201.4 44.7c9.4-9.4 24.6-9.4 33.9 0l22.2 22.2c9.5 9.5 9.3 25-.4 34.3L136.6 216H424c13.3 0 24 10.7 24 24v32c0 13.3-10.7 24-24 24H136.6l120.5 114.8c9.8 9.3 10 24.8.4 34.3z\"><\/path><\/svg><br \/>\n\t\t\t\t\t\t\t\t\tInfrastructures<br \/>\n\t\t\t\t\t<\/a><br \/>\n\t\t\t\t\t<a href=\"https:\/\/www.plantedforests.org\/infrastructures\/living-labs\/\"><br \/>\n\t\t\t\t<svg aria-hidden=\"true\" viewBox=\"0 0 448 512\" xmlns=\"http:\/\/www.w3.org\/2000\/svg\"><path d=\"M190.5 66.9l22.2-22.2c9.4-9.4 24.6-9.4 33.9 0L441 239c9.4 9.4 9.4 24.6 0 33.9L246.6 467.3c-9.4 9.4-24.6 9.4-33.9 0l-22.2-22.2c-9.5-9.5-9.3-25 .4-34.3L311.4 296H24c-13.3 0-24-10.7-24-24v-32c0-13.3 10.7-24 24-24h287.4L190.9 101.2c-9.8-9.3-10-24.8-.4-34.3z\"><\/path><\/svg><br \/>\n\t\t\t\t\t\t\t\t\tLiving Labs<br \/>\n\t\t\t\t\t<\/a><\/p>\n","protected":false},"excerpt":{"rendered":"<p>L\u2019Open Innovation Challenge (OIC) est une initiative lanc\u00e9e dans le cadre de FIRE-RES. Elle invite les start-up innovantes, entrepreneurs, techniciens, chercheurs et entreprises de toutes tailles \u00e0 proposer des solutions [&hellip;]<\/p>\n","protected":false},"author":101,"featured_media":0,"parent":0,"menu_order":0,"comment_status":"closed","ping_status":"closed","template":"","meta":{"_acf_changed":false,"_eb_attr":"","_EventAllDay":false,"_EventTimezone":"","_EventStartDate":"","_EventEndDate":"","_EventStartDateUTC":"","_EventEndDateUTC":"","_EventShowMap":false,"_EventShowMapLink":false,"_EventURL":"","_EventCost":"","_EventCostDescription":"","_EventCurrencySymbol":"","_EventCurrencyCode":"","_EventCurrencyPosition":"","_EventDateTimeSeparator":"","_EventTimeRangeSeparator":"","_EventOrganizerID":[],"_EventVenueID":[],"_OrganizerEmail":"","_OrganizerPhone":"","_OrganizerWebsite":"","_VenueAddress":"","_VenueCity":"","_VenueCountry":"","_VenueProvince":"","_VenueState":"","_VenueZip":"","_VenuePhone":"","_VenueURL":"","_VenueStateProvince":"","_VenueLat":"","_VenueLng":"","_VenueShowMap":false,"_VenueShowMapLink":false,"activitypub_content_warning":"","activitypub_content_visibility":"","activitypub_max_image_attachments":4,"activitypub_interaction_policy_quote":"anyone","activitypub_status":"federated","footnotes":""},"class_list":["post-23239","page","type-page","status-publish","hentry"],"translation":{"provider":"WPGlobus","version":"3.0.2","language":"fr","enabled_languages":["gb","fr","es","pt"],"languages":{"gb":{"title":true,"content":true,"excerpt":false},"fr":{"title":true,"content":true,"excerpt":false},"es":{"title":false,"content":false,"excerpt":false},"pt":{"title":false,"content":false,"excerpt":false}}},"acf":[],"yoast_head":"<!-- This site is optimized with the Yoast SEO plugin v27.4 - https:\/\/yoast.com\/product\/yoast-seo-wordpress\/ -->\n<title>FIRE-RES - Open Innovation Challenge - Institut Europ\u00e9en de la For\u00eat Cultiv\u00e9e - IEFC<\/title>\n<meta name=\"robots\" content=\"index, follow, max-snippet:-1, max-image-preview:large, max-video-preview:-1\" \/>\n<link rel=\"canonical\" href=\"https:\/\/www.plantedforests.org\/fire-res-open-innovation-challenge\/\" \/>\n<meta property=\"og:locale\" content=\"fr_FR\" \/>\n<meta property=\"og:type\" content=\"article\" \/>\n<meta property=\"og:title\" content=\"FIRE-RES - Open Innovation Challenge - Institut Europ\u00e9en de la For\u00eat Cultiv\u00e9e - IEFC\" \/>\n<meta property=\"og:url\" content=\"https:\/\/www.plantedforests.org\/fire-res-open-innovation-challenge\/\" \/>\n<meta property=\"og:site_name\" content=\"Institut Europ\u00e9en de la For\u00eat Cultiv\u00e9e - IEFC\" \/>\n<meta property=\"article:modified_time\" content=\"2025-08-25T14:37:53+00:00\" \/>\n<meta property=\"og:image\" content=\"https:\/\/www.plantedforests.org\/wp-content\/uploads\/2025\/05\/Capture-decran-2025-05-13-144519-2048x342.png\" \/>\n<meta name=\"twitter:card\" content=\"summary_large_image\" \/>\n<meta name=\"twitter:site\" content=\"@IEFCPlantForest\" \/>\n<meta name=\"twitter:label1\" content=\"Dur\u00e9e de lecture estim\u00e9e\" \/>\n\t<meta name=\"twitter:data1\" content=\"3 minutes\" \/>\n<script type=\"application\/ld+json\" class=\"yoast-schema-graph\">{\"@context\":\"https:\\\/\\\/schema.org\",\"@graph\":[{\"@type\":\"WebPage\",\"@id\":\"https:\\\/\\\/www.plantedforests.org\\\/fire-res-open-innovation-challenge\\\/\",\"url\":\"https:\\\/\\\/www.plantedforests.org\\\/fire-res-open-innovation-challenge\\\/\",\"name\":\"FIRE-RES - Open Innovation Challenge - Institut Europ\u00e9en de la For\u00eat Cultiv\u00e9e - IEFC\",\"isPartOf\":{\"@id\":\"https:\\\/\\\/www.plantedforests.org\\\/fr\\\/#website\"},\"primaryImageOfPage\":{\"@id\":\"https:\\\/\\\/www.plantedforests.org\\\/fire-res-open-innovation-challenge\\\/#primaryimage\"},\"image\":{\"@id\":\"https:\\\/\\\/www.plantedforests.org\\\/fire-res-open-innovation-challenge\\\/#primaryimage\"},\"thumbnailUrl\":\"https:\\\/\\\/www.plantedforests.org\\\/wp-content\\\/uploads\\\/2025\\\/05\\\/Capture-decran-2025-05-13-144519-2048x342.png\",\"datePublished\":\"2025-06-05T09:14:46+00:00\",\"dateModified\":\"2025-08-25T14:37:53+00:00\",\"breadcrumb\":{\"@id\":\"https:\\\/\\\/www.plantedforests.org\\\/fire-res-open-innovation-challenge\\\/#breadcrumb\"},\"inLanguage\":\"fr-FR\",\"potentialAction\":[{\"@type\":\"ReadAction\",\"target\":[\"https:\\\/\\\/www.plantedforests.org\\\/fire-res-open-innovation-challenge\\\/\"]}]},{\"@type\":\"ImageObject\",\"inLanguage\":\"fr-FR\",\"@id\":\"https:\\\/\\\/www.plantedforests.org\\\/fire-res-open-innovation-challenge\\\/#primaryimage\",\"url\":\"https:\\\/\\\/www.plantedforests.org\\\/wp-content\\\/uploads\\\/2025\\\/05\\\/Capture-decran-2025-05-13-144519-2048x342.png\",\"contentUrl\":\"https:\\\/\\\/www.plantedforests.org\\\/wp-content\\\/uploads\\\/2025\\\/05\\\/Capture-decran-2025-05-13-144519-2048x342.png\"},{\"@type\":\"BreadcrumbList\",\"@id\":\"https:\\\/\\\/www.plantedforests.org\\\/fire-res-open-innovation-challenge\\\/#breadcrumb\",\"itemListElement\":[{\"@type\":\"ListItem\",\"position\":1,\"name\":\"Accueil\",\"item\":\"https:\\\/\\\/www.plantedforests.org\\\/\"},{\"@type\":\"ListItem\",\"position\":2,\"name\":\"FIRE-RES &#8211; Open Innovation Challenge\"}]},{\"@type\":\"WebSite\",\"@id\":\"https:\\\/\\\/www.plantedforests.org\\\/fr\\\/#website\",\"url\":\"https:\\\/\\\/www.plantedforests.org\\\/fr\\\/\",\"name\":\"Institut Europ\u00e9en de la For\u00eat Cultiv\u00e9e - IEFC\",\"description\":\"Le r\u00e9seau multi-acteur pour la gestion durable et la r\u00e9silience des for\u00eats cultiv\u00e9es\",\"publisher\":{\"@id\":\"https:\\\/\\\/www.plantedforests.org\\\/fr\\\/#organization\"},\"potentialAction\":[{\"@type\":\"SearchAction\",\"target\":{\"@type\":\"EntryPoint\",\"urlTemplate\":\"https:\\\/\\\/www.plantedforests.org\\\/fr\\\/?s={search_term_string}\"},\"query-input\":{\"@type\":\"PropertyValueSpecification\",\"valueRequired\":true,\"valueName\":\"search_term_string\"}}],\"inLanguage\":\"fr-FR\"},{\"@type\":\"Organization\",\"@id\":\"https:\\\/\\\/www.plantedforests.org\\\/fr\\\/#organization\",\"name\":\"Institut Europ\u00e9en de la For\u00eat Cultiv\u00e9e - Plantedforests.org\",\"url\":\"https:\\\/\\\/www.plantedforests.org\\\/fr\\\/\",\"logo\":{\"@type\":\"ImageObject\",\"inLanguage\":\"fr-FR\",\"@id\":\"https:\\\/\\\/www.plantedforests.org\\\/fr\\\/#\\\/schema\\\/logo\\\/image\\\/\",\"url\":\"https:\\\/\\\/www.plantedforests.org\\\/wp-content\\\/uploads\\\/2022\\\/07\\\/Logo_iefc__FR.png\",\"contentUrl\":\"https:\\\/\\\/www.plantedforests.org\\\/wp-content\\\/uploads\\\/2022\\\/07\\\/Logo_iefc__FR.png\",\"width\":2031,\"height\":1001,\"caption\":\"Institut Europ\u00e9en de la For\u00eat Cultiv\u00e9e - Plantedforests.org\"},\"image\":{\"@id\":\"https:\\\/\\\/www.plantedforests.org\\\/fr\\\/#\\\/schema\\\/logo\\\/image\\\/\"},\"sameAs\":[\"https:\\\/\\\/x.com\\\/IEFCPlantForest\",\"https:\\\/\\\/www.linkedin.com\\\/company\\\/71728047\\\/\"]}]}<\/script>\n<!-- \/ Yoast SEO plugin. -->","yoast_head_json":{"title":"FIRE-RES - Open Innovation Challenge - Institut Europ\u00e9en de la For\u00eat Cultiv\u00e9e - IEFC","robots":{"index":"index","follow":"follow","max-snippet":"max-snippet:-1","max-image-preview":"max-image-preview:large","max-video-preview":"max-video-preview:-1"},"canonical":"https:\/\/www.plantedforests.org\/fire-res-open-innovation-challenge\/","og_locale":"fr_FR","og_type":"article","og_title":"FIRE-RES - Open Innovation Challenge - Institut Europ\u00e9en de la For\u00eat Cultiv\u00e9e - IEFC","og_url":"https:\/\/www.plantedforests.org\/fire-res-open-innovation-challenge\/","og_site_name":"Institut Europ\u00e9en de la For\u00eat Cultiv\u00e9e - IEFC","article_modified_time":"2025-08-25T14:37:53+00:00","og_image":[{"url":"https:\/\/www.plantedforests.org\/wp-content\/uploads\/2025\/05\/Capture-decran-2025-05-13-144519-2048x342.png","type":"","width":"","height":""}],"twitter_card":"summary_large_image","twitter_site":"@IEFCPlantForest","twitter_misc":{"Dur\u00e9e de lecture estim\u00e9e":"3 minutes"},"schema":{"@context":"https:\/\/schema.org","@graph":[{"@type":"WebPage","@id":"https:\/\/www.plantedforests.org\/fire-res-open-innovation-challenge\/","url":"https:\/\/www.plantedforests.org\/fire-res-open-innovation-challenge\/","name":"FIRE-RES - Open Innovation Challenge - Institut Europ\u00e9en de la For\u00eat Cultiv\u00e9e - IEFC","isPartOf":{"@id":"https:\/\/www.plantedforests.org\/fr\/#website"},"primaryImageOfPage":{"@id":"https:\/\/www.plantedforests.org\/fire-res-open-innovation-challenge\/#primaryimage"},"image":{"@id":"https:\/\/www.plantedforests.org\/fire-res-open-innovation-challenge\/#primaryimage"},"thumbnailUrl":"https:\/\/www.plantedforests.org\/wp-content\/uploads\/2025\/05\/Capture-decran-2025-05-13-144519-2048x342.png","datePublished":"2025-06-05T09:14:46+00:00","dateModified":"2025-08-25T14:37:53+00:00","breadcrumb":{"@id":"https:\/\/www.plantedforests.org\/fire-res-open-innovation-challenge\/#breadcrumb"},"inLanguage":"fr-FR","potentialAction":[{"@type":"ReadAction","target":["https:\/\/www.plantedforests.org\/fire-res-open-innovation-challenge\/"]}]},{"@type":"ImageObject","inLanguage":"fr-FR","@id":"https:\/\/www.plantedforests.org\/fire-res-open-innovation-challenge\/#primaryimage","url":"https:\/\/www.plantedforests.org\/wp-content\/uploads\/2025\/05\/Capture-decran-2025-05-13-144519-2048x342.png","contentUrl":"https:\/\/www.plantedforests.org\/wp-content\/uploads\/2025\/05\/Capture-decran-2025-05-13-144519-2048x342.png"},{"@type":"BreadcrumbList","@id":"https:\/\/www.plantedforests.org\/fire-res-open-innovation-challenge\/#breadcrumb","itemListElement":[{"@type":"ListItem","position":1,"name":"Accueil","item":"https:\/\/www.plantedforests.org\/"},{"@type":"ListItem","position":2,"name":"FIRE-RES &#8211; Open Innovation Challenge"}]},{"@type":"WebSite","@id":"https:\/\/www.plantedforests.org\/fr\/#website","url":"https:\/\/www.plantedforests.org\/fr\/","name":"Institut Europ\u00e9en de la For\u00eat Cultiv\u00e9e - IEFC","description":"Le r\u00e9seau multi-acteur pour la gestion durable et la r\u00e9silience des for\u00eats cultiv\u00e9es","publisher":{"@id":"https:\/\/www.plantedforests.org\/fr\/#organization"},"potentialAction":[{"@type":"SearchAction","target":{"@type":"EntryPoint","urlTemplate":"https:\/\/www.plantedforests.org\/fr\/?s={search_term_string}"},"query-input":{"@type":"PropertyValueSpecification","valueRequired":true,"valueName":"search_term_string"}}],"inLanguage":"fr-FR"},{"@type":"Organization","@id":"https:\/\/www.plantedforests.org\/fr\/#organization","name":"Institut Europ\u00e9en de la For\u00eat Cultiv\u00e9e - Plantedforests.org","url":"https:\/\/www.plantedforests.org\/fr\/","logo":{"@type":"ImageObject","inLanguage":"fr-FR","@id":"https:\/\/www.plantedforests.org\/fr\/#\/schema\/logo\/image\/","url":"https:\/\/www.plantedforests.org\/wp-content\/uploads\/2022\/07\/Logo_iefc__FR.png","contentUrl":"https:\/\/www.plantedforests.org\/wp-content\/uploads\/2022\/07\/Logo_iefc__FR.png","width":2031,"height":1001,"caption":"Institut Europ\u00e9en de la For\u00eat Cultiv\u00e9e - Plantedforests.org"},"image":{"@id":"https:\/\/www.plantedforests.org\/fr\/#\/schema\/logo\/image\/"},"sameAs":["https:\/\/x.com\/IEFCPlantForest","https:\/\/www.linkedin.com\/company\/71728047\/"]}]}},"_links":{"self":[{"href":"https:\/\/www.plantedforests.org\/fr\/wp-json\/wp\/v2\/pages\/23239","targetHints":{"allow":["GET"]}}],"collection":[{"href":"https:\/\/www.plantedforests.org\/fr\/wp-json\/wp\/v2\/pages"}],"about":[{"href":"https:\/\/www.plantedforests.org\/fr\/wp-json\/wp\/v2\/types\/page"}],"author":[{"embeddable":true,"href":"https:\/\/www.plantedforests.org\/fr\/wp-json\/wp\/v2\/users\/101"}],"replies":[{"embeddable":true,"href":"https:\/\/www.plantedforests.org\/fr\/wp-json\/wp\/v2\/comments?post=23239"}],"version-history":[{"count":96,"href":"https:\/\/www.plantedforests.org\/fr\/wp-json\/wp\/v2\/pages\/23239\/revisions"}],"predecessor-version":[{"id":27332,"href":"https:\/\/www.plantedforests.org\/fr\/wp-json\/wp\/v2\/pages\/23239\/revisions\/27332"}],"wp:attachment":[{"href":"https:\/\/www.plantedforests.org\/fr\/wp-json\/wp\/v2\/media?parent=23239"}],"curies":[{"name":"wp","href":"https:\/\/api.w.org\/{rel}","templated":true}]}}