
{"id":23223,"date":"2025-06-05T10:48:26","date_gmt":"2025-06-05T08:48:26","guid":{"rendered":"https:\/\/www.plantedforests.org\/?page_id=23223"},"modified":"2025-08-25T16:29:34","modified_gmt":"2025-08-25T14:29:34","slug":"fire-res-living-lab-animation","status":"publish","type":"page","link":"https:\/\/www.plantedforests.org\/fr\/fire-res-living-lab-animation\/","title":{"rendered":"FIRE-RES &#8211; Animation Laboratoire Vivant"},"content":{"rendered":"<p><img decoding=\"async\" width=\"150\" height=\"150\" src=\"https:\/\/www.plantedforests.org\/wp-content\/uploads\/2025\/02\/Animation-Laboratoire-Vivant-150x150.png\" alt=\"\" srcset=\"https:\/\/www.plantedforests.org\/wp-content\/uploads\/2025\/02\/Animation-Laboratoire-Vivant-150x150.png 150w, https:\/\/www.plantedforests.org\/wp-content\/uploads\/2025\/02\/Animation-Laboratoire-Vivant-300x300.png 300w, https:\/\/www.plantedforests.org\/wp-content\/uploads\/2025\/02\/Animation-Laboratoire-Vivant-1024x1024.png 1024w, https:\/\/www.plantedforests.org\/wp-content\/uploads\/2025\/02\/Animation-Laboratoire-Vivant-768x768.png 768w, https:\/\/www.plantedforests.org\/wp-content\/uploads\/2025\/02\/Animation-Laboratoire-Vivant-1536x1536.png 1536w, https:\/\/www.plantedforests.org\/wp-content\/uploads\/2025\/02\/Animation-Laboratoire-Vivant-100x100.png 100w, https:\/\/www.plantedforests.org\/wp-content\/uploads\/2025\/02\/Animation-Laboratoire-Vivant-1320x1320.png 1320w, https:\/\/www.plantedforests.org\/wp-content\/uploads\/2025\/02\/Animation-Laboratoire-Vivant.png 2000w\" sizes=\"(max-width: 150px) 100vw, 150px\" \/>\t\t\t\t\t\t\t\t\t\t\t\t\t\t\t<\/p>\n<h4><strong>1. Sensibiliser \u00e0 l\u2019\u00e9chelle locale<\/strong><\/h4>\n<p>Nous diffusons les r\u00e9sultats de nos travaux aupr\u00e8s des communes pilotes, en rendant les informations cl\u00e9s accessibles. Cela inclut :<\/p>\n<ul>\n<li>Cartes des risques, identifiant les zones les plus vuln\u00e9rables.<\/li>\n<li>Sc\u00e9narios d\u2019incendie, pour anticiper les impacts et pr\u00e9parer les r\u00e9ponses adapt\u00e9es.<\/li>\n<\/ul>\n<p><strong>Objectif <\/strong><strong>:<\/strong> Fournir aux collectivit\u00e9s des outils concrets pour agir efficacement contre les incendies.<\/p>\n<h4><strong> 2. Encourager la concertation avec les acteurs du territoire<\/strong><\/h4>\n<p>Avec les Fire-forums, nous cr\u00e9ons des espaces d\u2019\u00e9change r\u00e9unissant collectivit\u00e9s, gestionnaires forestiers, services d\u2019urgence et citoyens.<\/p>\n<p><strong>Objectif <\/strong><strong>:<\/strong> Partager les bonnes pratiques, co-construire des solutions adapt\u00e9es aux sp\u00e9cificit\u00e9s locales et renforcer la coordination en cas de crise.<\/p>\n<p style=\"text-align: left;\">L\u2019IEFC joue un r\u00f4le cl\u00e9 dans la\u00a0<strong>coordination <\/strong>des \u00e9changes entre les parties prenantes du Living Lab Nouvelle-Aquitaine. Pour mieux comprendre les enjeux locaux et apporter des r\u00e9ponses techniques et scientifiques efficaces, des r\u00e9unions r\u00e9guli\u00e8res permettent d\u2019\u00e9changer sur les besoins des organisations engag\u00e9es dans la d\u00e9fense des for\u00eats et des populations face aux incendies.<\/p>\n<p style=\"text-align: left;\"><strong>Actions men\u00e9es :<\/strong><\/p>\n<ul style=\"text-align: left;\">\n<li>Coordination des r\u00e9unions du comit\u00e9 r\u00e9gional d\u2019innovation sur les incendies de for\u00eat.<\/li>\n<li>Mise \u00e0 jour de la feuille de route des actions, en lien avec la coordination du projet.<\/li>\n<\/ul>\n<p style=\"text-align: left;\"><strong>Un exemple concret :<\/strong><\/p>\n<p style=\"text-align: left;\">Un \u00e9v\u00e9nement a r\u00e9cemment eu lieu \u00e0 Biscarrosse et Mimizan, rassemblant plusieurs acteurs r\u00e9gionaux :<\/p>\n<ul style=\"text-align: left;\">\n<li>INRAE, DFCI, SDIS40, CNPF-CRPF Aquitaine.<\/li>\n<li>Les municipalit\u00e9s de Mimizan et Biscarrosse.<\/li>\n<\/ul>\n<p style=\"text-align: left;\">MISSO GROUPAMA, le Parc naturel r\u00e9gional des Landes de Gascogne, SYBARVAL et l\u2019IEFC.<\/p>\n<p style=\"text-align: left;\">Ces rencontres permettent de renforcer la collaboration entre tous les acteurs pour mieux anticiper et r\u00e9pondre aux risques incendies dans la r\u00e9gion.<\/p>\n<p>\t\t\t\t\t\t\t\t\t\t\t\t\t\t\t<img fetchpriority=\"high\" decoding=\"async\" width=\"525\" height=\"394\" src=\"https:\/\/www.plantedforests.org\/wp-content\/uploads\/2025\/07\/animations_LL_photo1-1024x768.jpeg\" alt=\"\" srcset=\"https:\/\/www.plantedforests.org\/wp-content\/uploads\/2025\/07\/animations_LL_photo1-1024x768.jpeg 1024w, https:\/\/www.plantedforests.org\/wp-content\/uploads\/2025\/07\/animations_LL_photo1-300x225.jpeg 300w, https:\/\/www.plantedforests.org\/wp-content\/uploads\/2025\/07\/animations_LL_photo1-150x113.jpeg 150w, https:\/\/www.plantedforests.org\/wp-content\/uploads\/2025\/07\/animations_LL_photo1-768x576.jpeg 768w, https:\/\/www.plantedforests.org\/wp-content\/uploads\/2025\/07\/animations_LL_photo1-1536x1152.jpeg 1536w, https:\/\/www.plantedforests.org\/wp-content\/uploads\/2025\/07\/animations_LL_photo1-1320x990.jpeg 1320w, https:\/\/www.plantedforests.org\/wp-content\/uploads\/2025\/07\/animations_LL_photo1.jpeg 2048w\" sizes=\"(max-width: 525px) 100vw, 525px\" \/><br \/>\n\t\t\t\t\t\t\t\t\t\t\t\t\t\t\t<img decoding=\"async\" width=\"525\" height=\"394\" src=\"https:\/\/www.plantedforests.org\/wp-content\/uploads\/2025\/07\/animations_LL_photo2-1024x768.jpeg\" alt=\"\" srcset=\"https:\/\/www.plantedforests.org\/wp-content\/uploads\/2025\/07\/animations_LL_photo2-1024x768.jpeg 1024w, https:\/\/www.plantedforests.org\/wp-content\/uploads\/2025\/07\/animations_LL_photo2-300x225.jpeg 300w, https:\/\/www.plantedforests.org\/wp-content\/uploads\/2025\/07\/animations_LL_photo2-150x113.jpeg 150w, https:\/\/www.plantedforests.org\/wp-content\/uploads\/2025\/07\/animations_LL_photo2-768x576.jpeg 768w, https:\/\/www.plantedforests.org\/wp-content\/uploads\/2025\/07\/animations_LL_photo2-1536x1152.jpeg 1536w, https:\/\/www.plantedforests.org\/wp-content\/uploads\/2025\/07\/animations_LL_photo2-1320x990.jpeg 1320w, https:\/\/www.plantedforests.org\/wp-content\/uploads\/2025\/07\/animations_LL_photo2.jpeg 2048w\" sizes=\"(max-width: 525px) 100vw, 525px\" \/>\t\t\t\t\t\t\t\t\t\t\t\t\t\t\t<\/p>\n<p style=\"text-align: center;\"><em>Photos de la r\u00e9union sur le terrain \u00e0 Biscarrosse et en salle \u00e0 Mimizan le 26\/09\/2023<\/em><\/p>\n<p>\t\t\t\t\t\t\t\t\t\t\t\t\t\t\t<img loading=\"lazy\" decoding=\"async\" width=\"525\" height=\"80\" src=\"https:\/\/www.plantedforests.org\/wp-content\/uploads\/2025\/08\/EU-emblem-FIRE-RES-V2.png\" alt=\"\" srcset=\"https:\/\/www.plantedforests.org\/wp-content\/uploads\/2025\/08\/EU-emblem-FIRE-RES-V2.png 675w, https:\/\/www.plantedforests.org\/wp-content\/uploads\/2025\/08\/EU-emblem-FIRE-RES-V2-300x46.png 300w, https:\/\/www.plantedforests.org\/wp-content\/uploads\/2025\/08\/EU-emblem-FIRE-RES-V2-150x23.png 150w\" sizes=\"(max-width: 525px) 100vw, 525px\" \/><br \/>\n            <a href=\"https:\/\/www.plantedforests.org\/fr\/presentation-of-the-fire-res-project\/\" target=\"_blank\" data-text=\"Plus d&#039;informations !\"><br \/>\n                    Le projet FIRE-RES<br \/>\n\t                        <\/a><br \/>\n            <a href=\"https:\/\/www.plantedforests.org\/fr\/fire-res-ongoing-activities-in-the-nouvelle-aquitaine-living-lab\/\" target=\"_blank\" data-text=\"Plus d&#039;informations !\"><br \/>\n                    Actions en cours dans le laboratoire vivant Nouvelle-Aquitaine<br \/>\n\t                        <\/a><br \/>\n            <a href=\"https:\/\/www.plantedforests.org\/fr\/fire-res-resources-and-partners\/\" target=\"_blank\" data-text=\"Plus d&#039;informations !\"><br \/>\n                    Ressources et Partenaires<br \/>\n\t                        <\/a><br \/>\n\t\t\t\t\t<a href=\"https:\/\/www.plantedforests.org\/fr\/infrastructures\/\"><br \/>\n\t\t\t\t<svg aria-hidden=\"true\" viewBox=\"0 0 448 512\" xmlns=\"http:\/\/www.w3.org\/2000\/svg\"><path d=\"M257.5 445.1l-22.2 22.2c-9.4 9.4-24.6 9.4-33.9 0L7 273c-9.4-9.4-9.4-24.6 0-33.9L201.4 44.7c9.4-9.4 24.6-9.4 33.9 0l22.2 22.2c9.5 9.5 9.3 25-.4 34.3L136.6 216H424c13.3 0 24 10.7 24 24v32c0 13.3-10.7 24-24 24H136.6l120.5 114.8c9.8 9.3 10 24.8.4 34.3z\"><\/path><\/svg><br \/>\n\t\t\t\t\t\t\t\t\tInfrastructures<br \/>\n\t\t\t\t\t<\/a><br \/>\n\t\t\t\t\t<a href=\"https:\/\/www.plantedforests.org\/fr\/infrastructures\/living-labs\/\"><br \/>\n\t\t\t\t<svg aria-hidden=\"true\" viewBox=\"0 0 448 512\" xmlns=\"http:\/\/www.w3.org\/2000\/svg\"><path d=\"M190.5 66.9l22.2-22.2c9.4-9.4 24.6-9.4 33.9 0L441 239c9.4 9.4 9.4 24.6 0 33.9L246.6 467.3c-9.4 9.4-24.6 9.4-33.9 0l-22.2-22.2c-9.5-9.5-9.3-25 .4-34.3L311.4 296H24c-13.3 0-24-10.7-24-24v-32c0-13.3 10.7-24 24-24h287.4L190.9 101.2c-9.8-9.3-10-24.8-.4-34.3z\"><\/path><\/svg><br \/>\n\t\t\t\t\t\t\t\t\tLiving Labs<br \/>\n\t\t\t\t\t<\/a><\/p>\n","protected":false},"excerpt":{"rendered":"<p>1. Sensibiliser \u00e0 l\u2019\u00e9chelle locale Nous diffusons les r\u00e9sultats de nos travaux aupr\u00e8s des communes pilotes, en rendant les informations cl\u00e9s accessibles. Cela inclut : Cartes des risques, identifiant les [&hellip;]<\/p>\n","protected":false},"author":101,"featured_media":0,"parent":0,"menu_order":0,"comment_status":"closed","ping_status":"closed","template":"","meta":{"_acf_changed":false,"_eb_attr":"","_EventAllDay":false,"_EventTimezone":"","_EventStartDate":"","_EventEndDate":"","_EventStartDateUTC":"","_EventEndDateUTC":"","_EventShowMap":false,"_EventShowMapLink":false,"_EventURL":"","_EventCost":"","_EventCostDescription":"","_EventCurrencySymbol":"","_EventCurrencyCode":"","_EventCurrencyPosition":"","_EventDateTimeSeparator":"","_EventTimeRangeSeparator":"","_EventOrganizerID":[],"_EventVenueID":[],"_OrganizerEmail":"","_OrganizerPhone":"","_OrganizerWebsite":"","_VenueAddress":"","_VenueCity":"","_VenueCountry":"","_VenueProvince":"","_VenueState":"","_VenueZip":"","_VenuePhone":"","_VenueURL":"","_VenueStateProvince":"","_VenueLat":"","_VenueLng":"","_VenueShowMap":false,"_VenueShowMapLink":false,"activitypub_content_warning":null,"activitypub_content_visibility":"","activitypub_max_image_attachments":4,"activitypub_interaction_policy_quote":"anyone","activitypub_status":"federated","footnotes":""},"class_list":["post-23223","page","type-page","status-publish","hentry"],"translation":{"provider":"WPGlobus","version":"3.0.2","language":"fr","enabled_languages":["gb","fr","es","pt"],"languages":{"gb":{"title":true,"content":true,"excerpt":false},"fr":{"title":true,"content":true,"excerpt":false},"es":{"title":false,"content":false,"excerpt":false},"pt":{"title":false,"content":false,"excerpt":false}}},"acf":[],"yoast_head":"<!-- This site is optimized with the Yoast SEO plugin v27.4 - https:\/\/yoast.com\/product\/yoast-seo-wordpress\/ -->\n<title>FIRE-RES - Animation Laboratoire Vivant - Institut Europ\u00e9en de la For\u00eat Cultiv\u00e9e - IEFC<\/title>\n<meta name=\"robots\" content=\"index, follow, max-snippet:-1, max-image-preview:large, max-video-preview:-1\" \/>\n<link rel=\"canonical\" href=\"https:\/\/www.plantedforests.org\/fire-res-living-lab-animation\/\" \/>\n<meta property=\"og:locale\" content=\"fr_FR\" \/>\n<meta property=\"og:type\" content=\"article\" \/>\n<meta property=\"og:title\" content=\"FIRE-RES - Animation Laboratoire Vivant - Institut Europ\u00e9en de la For\u00eat Cultiv\u00e9e - IEFC\" \/>\n<meta property=\"og:url\" content=\"https:\/\/www.plantedforests.org\/fire-res-living-lab-animation\/\" \/>\n<meta property=\"og:site_name\" content=\"Institut Europ\u00e9en de la For\u00eat Cultiv\u00e9e - IEFC\" \/>\n<meta property=\"article:modified_time\" content=\"2025-08-25T14:29:34+00:00\" \/>\n<meta property=\"og:image\" content=\"https:\/\/www.plantedforests.org\/wp-content\/uploads\/2025\/02\/Animation-Laboratoire-Vivant-150x150.png\" \/>\n<meta name=\"twitter:card\" content=\"summary_large_image\" \/>\n<meta name=\"twitter:site\" content=\"@IEFCPlantForest\" \/>\n<meta name=\"twitter:label1\" content=\"Dur\u00e9e de lecture estim\u00e9e\" \/>\n\t<meta name=\"twitter:data1\" content=\"3 minutes\" \/>\n<script type=\"application\/ld+json\" class=\"yoast-schema-graph\">{\"@context\":\"https:\\\/\\\/schema.org\",\"@graph\":[{\"@type\":\"WebPage\",\"@id\":\"https:\\\/\\\/www.plantedforests.org\\\/fire-res-living-lab-animation\\\/\",\"url\":\"https:\\\/\\\/www.plantedforests.org\\\/fire-res-living-lab-animation\\\/\",\"name\":\"FIRE-RES - Animation Laboratoire Vivant - Institut Europ\u00e9en de la For\u00eat Cultiv\u00e9e - IEFC\",\"isPartOf\":{\"@id\":\"https:\\\/\\\/www.plantedforests.org\\\/fr\\\/#website\"},\"primaryImageOfPage\":{\"@id\":\"https:\\\/\\\/www.plantedforests.org\\\/fire-res-living-lab-animation\\\/#primaryimage\"},\"image\":{\"@id\":\"https:\\\/\\\/www.plantedforests.org\\\/fire-res-living-lab-animation\\\/#primaryimage\"},\"thumbnailUrl\":\"https:\\\/\\\/www.plantedforests.org\\\/wp-content\\\/uploads\\\/2025\\\/02\\\/Animation-Laboratoire-Vivant-150x150.png\",\"datePublished\":\"2025-06-05T08:48:26+00:00\",\"dateModified\":\"2025-08-25T14:29:34+00:00\",\"breadcrumb\":{\"@id\":\"https:\\\/\\\/www.plantedforests.org\\\/fire-res-living-lab-animation\\\/#breadcrumb\"},\"inLanguage\":\"fr-FR\",\"potentialAction\":[{\"@type\":\"ReadAction\",\"target\":[\"https:\\\/\\\/www.plantedforests.org\\\/fire-res-living-lab-animation\\\/\"]}]},{\"@type\":\"ImageObject\",\"inLanguage\":\"fr-FR\",\"@id\":\"https:\\\/\\\/www.plantedforests.org\\\/fire-res-living-lab-animation\\\/#primaryimage\",\"url\":\"https:\\\/\\\/www.plantedforests.org\\\/wp-content\\\/uploads\\\/2025\\\/02\\\/Animation-Laboratoire-Vivant-150x150.png\",\"contentUrl\":\"https:\\\/\\\/www.plantedforests.org\\\/wp-content\\\/uploads\\\/2025\\\/02\\\/Animation-Laboratoire-Vivant-150x150.png\"},{\"@type\":\"BreadcrumbList\",\"@id\":\"https:\\\/\\\/www.plantedforests.org\\\/fire-res-living-lab-animation\\\/#breadcrumb\",\"itemListElement\":[{\"@type\":\"ListItem\",\"position\":1,\"name\":\"Accueil\",\"item\":\"https:\\\/\\\/www.plantedforests.org\\\/\"},{\"@type\":\"ListItem\",\"position\":2,\"name\":\"FIRE-RES &#8211; Living Lab Animation\"}]},{\"@type\":\"WebSite\",\"@id\":\"https:\\\/\\\/www.plantedforests.org\\\/fr\\\/#website\",\"url\":\"https:\\\/\\\/www.plantedforests.org\\\/fr\\\/\",\"name\":\"Institut Europ\u00e9en de la For\u00eat Cultiv\u00e9e - IEFC\",\"description\":\"Le r\u00e9seau multi-acteur pour la gestion durable et la r\u00e9silience des for\u00eats cultiv\u00e9es\",\"publisher\":{\"@id\":\"https:\\\/\\\/www.plantedforests.org\\\/fr\\\/#organization\"},\"potentialAction\":[{\"@type\":\"SearchAction\",\"target\":{\"@type\":\"EntryPoint\",\"urlTemplate\":\"https:\\\/\\\/www.plantedforests.org\\\/fr\\\/?s={search_term_string}\"},\"query-input\":{\"@type\":\"PropertyValueSpecification\",\"valueRequired\":true,\"valueName\":\"search_term_string\"}}],\"inLanguage\":\"fr-FR\"},{\"@type\":\"Organization\",\"@id\":\"https:\\\/\\\/www.plantedforests.org\\\/fr\\\/#organization\",\"name\":\"Institut Europ\u00e9en de la For\u00eat Cultiv\u00e9e - Plantedforests.org\",\"url\":\"https:\\\/\\\/www.plantedforests.org\\\/fr\\\/\",\"logo\":{\"@type\":\"ImageObject\",\"inLanguage\":\"fr-FR\",\"@id\":\"https:\\\/\\\/www.plantedforests.org\\\/fr\\\/#\\\/schema\\\/logo\\\/image\\\/\",\"url\":\"https:\\\/\\\/www.plantedforests.org\\\/wp-content\\\/uploads\\\/2022\\\/07\\\/Logo_iefc__FR.png\",\"contentUrl\":\"https:\\\/\\\/www.plantedforests.org\\\/wp-content\\\/uploads\\\/2022\\\/07\\\/Logo_iefc__FR.png\",\"width\":2031,\"height\":1001,\"caption\":\"Institut Europ\u00e9en de la For\u00eat Cultiv\u00e9e - Plantedforests.org\"},\"image\":{\"@id\":\"https:\\\/\\\/www.plantedforests.org\\\/fr\\\/#\\\/schema\\\/logo\\\/image\\\/\"},\"sameAs\":[\"https:\\\/\\\/x.com\\\/IEFCPlantForest\",\"https:\\\/\\\/www.linkedin.com\\\/company\\\/71728047\\\/\"]}]}<\/script>\n<!-- \/ Yoast SEO plugin. -->","yoast_head_json":{"title":"FIRE-RES - Animation Laboratoire Vivant - Institut Europ\u00e9en de la For\u00eat Cultiv\u00e9e - IEFC","robots":{"index":"index","follow":"follow","max-snippet":"max-snippet:-1","max-image-preview":"max-image-preview:large","max-video-preview":"max-video-preview:-1"},"canonical":"https:\/\/www.plantedforests.org\/fire-res-living-lab-animation\/","og_locale":"fr_FR","og_type":"article","og_title":"FIRE-RES - Animation Laboratoire Vivant - Institut Europ\u00e9en de la For\u00eat Cultiv\u00e9e - IEFC","og_url":"https:\/\/www.plantedforests.org\/fire-res-living-lab-animation\/","og_site_name":"Institut Europ\u00e9en de la For\u00eat Cultiv\u00e9e - IEFC","article_modified_time":"2025-08-25T14:29:34+00:00","og_image":[{"url":"https:\/\/www.plantedforests.org\/wp-content\/uploads\/2025\/02\/Animation-Laboratoire-Vivant-150x150.png","type":"","width":"","height":""}],"twitter_card":"summary_large_image","twitter_site":"@IEFCPlantForest","twitter_misc":{"Dur\u00e9e de lecture estim\u00e9e":"3 minutes"},"schema":{"@context":"https:\/\/schema.org","@graph":[{"@type":"WebPage","@id":"https:\/\/www.plantedforests.org\/fire-res-living-lab-animation\/","url":"https:\/\/www.plantedforests.org\/fire-res-living-lab-animation\/","name":"FIRE-RES - Animation Laboratoire Vivant - Institut Europ\u00e9en de la For\u00eat Cultiv\u00e9e - IEFC","isPartOf":{"@id":"https:\/\/www.plantedforests.org\/fr\/#website"},"primaryImageOfPage":{"@id":"https:\/\/www.plantedforests.org\/fire-res-living-lab-animation\/#primaryimage"},"image":{"@id":"https:\/\/www.plantedforests.org\/fire-res-living-lab-animation\/#primaryimage"},"thumbnailUrl":"https:\/\/www.plantedforests.org\/wp-content\/uploads\/2025\/02\/Animation-Laboratoire-Vivant-150x150.png","datePublished":"2025-06-05T08:48:26+00:00","dateModified":"2025-08-25T14:29:34+00:00","breadcrumb":{"@id":"https:\/\/www.plantedforests.org\/fire-res-living-lab-animation\/#breadcrumb"},"inLanguage":"fr-FR","potentialAction":[{"@type":"ReadAction","target":["https:\/\/www.plantedforests.org\/fire-res-living-lab-animation\/"]}]},{"@type":"ImageObject","inLanguage":"fr-FR","@id":"https:\/\/www.plantedforests.org\/fire-res-living-lab-animation\/#primaryimage","url":"https:\/\/www.plantedforests.org\/wp-content\/uploads\/2025\/02\/Animation-Laboratoire-Vivant-150x150.png","contentUrl":"https:\/\/www.plantedforests.org\/wp-content\/uploads\/2025\/02\/Animation-Laboratoire-Vivant-150x150.png"},{"@type":"BreadcrumbList","@id":"https:\/\/www.plantedforests.org\/fire-res-living-lab-animation\/#breadcrumb","itemListElement":[{"@type":"ListItem","position":1,"name":"Accueil","item":"https:\/\/www.plantedforests.org\/"},{"@type":"ListItem","position":2,"name":"FIRE-RES &#8211; Living Lab Animation"}]},{"@type":"WebSite","@id":"https:\/\/www.plantedforests.org\/fr\/#website","url":"https:\/\/www.plantedforests.org\/fr\/","name":"Institut Europ\u00e9en de la For\u00eat Cultiv\u00e9e - IEFC","description":"Le r\u00e9seau multi-acteur pour la gestion durable et la r\u00e9silience des for\u00eats cultiv\u00e9es","publisher":{"@id":"https:\/\/www.plantedforests.org\/fr\/#organization"},"potentialAction":[{"@type":"SearchAction","target":{"@type":"EntryPoint","urlTemplate":"https:\/\/www.plantedforests.org\/fr\/?s={search_term_string}"},"query-input":{"@type":"PropertyValueSpecification","valueRequired":true,"valueName":"search_term_string"}}],"inLanguage":"fr-FR"},{"@type":"Organization","@id":"https:\/\/www.plantedforests.org\/fr\/#organization","name":"Institut Europ\u00e9en de la For\u00eat Cultiv\u00e9e - Plantedforests.org","url":"https:\/\/www.plantedforests.org\/fr\/","logo":{"@type":"ImageObject","inLanguage":"fr-FR","@id":"https:\/\/www.plantedforests.org\/fr\/#\/schema\/logo\/image\/","url":"https:\/\/www.plantedforests.org\/wp-content\/uploads\/2022\/07\/Logo_iefc__FR.png","contentUrl":"https:\/\/www.plantedforests.org\/wp-content\/uploads\/2022\/07\/Logo_iefc__FR.png","width":2031,"height":1001,"caption":"Institut Europ\u00e9en de la For\u00eat Cultiv\u00e9e - Plantedforests.org"},"image":{"@id":"https:\/\/www.plantedforests.org\/fr\/#\/schema\/logo\/image\/"},"sameAs":["https:\/\/x.com\/IEFCPlantForest","https:\/\/www.linkedin.com\/company\/71728047\/"]}]}},"_links":{"self":[{"href":"https:\/\/www.plantedforests.org\/fr\/wp-json\/wp\/v2\/pages\/23223","targetHints":{"allow":["GET"]}}],"collection":[{"href":"https:\/\/www.plantedforests.org\/fr\/wp-json\/wp\/v2\/pages"}],"about":[{"href":"https:\/\/www.plantedforests.org\/fr\/wp-json\/wp\/v2\/types\/page"}],"author":[{"embeddable":true,"href":"https:\/\/www.plantedforests.org\/fr\/wp-json\/wp\/v2\/users\/101"}],"replies":[{"embeddable":true,"href":"https:\/\/www.plantedforests.org\/fr\/wp-json\/wp\/v2\/comments?post=23223"}],"version-history":[{"count":97,"href":"https:\/\/www.plantedforests.org\/fr\/wp-json\/wp\/v2\/pages\/23223\/revisions"}],"predecessor-version":[{"id":27296,"href":"https:\/\/www.plantedforests.org\/fr\/wp-json\/wp\/v2\/pages\/23223\/revisions\/27296"}],"wp:attachment":[{"href":"https:\/\/www.plantedforests.org\/fr\/wp-json\/wp\/v2\/media?parent=23223"}],"curies":[{"name":"wp","href":"https:\/\/api.w.org\/{rel}","templated":true}]}}