
{"id":23168,"date":"2025-05-13T14:04:09","date_gmt":"2025-05-13T12:04:09","guid":{"rendered":"https:\/\/www.plantedforests.org\/?page_id=23168"},"modified":"2025-08-25T16:21:38","modified_gmt":"2025-08-25T14:21:38","slug":"fire-res-territorial-governance","status":"publish","type":"page","link":"https:\/\/www.plantedforests.org\/fr\/fire-res-territorial-governance\/","title":{"rendered":"FIRE-RES &#8211; Gouvernance territoriale"},"content":{"rendered":"<p><img decoding=\"async\" width=\"150\" height=\"150\" src=\"https:\/\/www.plantedforests.org\/wp-content\/uploads\/2025\/02\/Gouvernance-territoriale-150x150.png\" alt=\"\" srcset=\"https:\/\/www.plantedforests.org\/wp-content\/uploads\/2025\/02\/Gouvernance-territoriale-150x150.png 150w, https:\/\/www.plantedforests.org\/wp-content\/uploads\/2025\/02\/Gouvernance-territoriale-300x300.png 300w, https:\/\/www.plantedforests.org\/wp-content\/uploads\/2025\/02\/Gouvernance-territoriale-1024x1024.png 1024w, https:\/\/www.plantedforests.org\/wp-content\/uploads\/2025\/02\/Gouvernance-territoriale-768x768.png 768w, https:\/\/www.plantedforests.org\/wp-content\/uploads\/2025\/02\/Gouvernance-territoriale-1536x1536.png 1536w, https:\/\/www.plantedforests.org\/wp-content\/uploads\/2025\/02\/Gouvernance-territoriale-100x100.png 100w, https:\/\/www.plantedforests.org\/wp-content\/uploads\/2025\/02\/Gouvernance-territoriale-1320x1320.png 1320w, https:\/\/www.plantedforests.org\/wp-content\/uploads\/2025\/02\/Gouvernance-territoriale.png 2000w\" sizes=\"(max-width: 150px) 100vw, 150px\" \/>\t\t\t\t\t\t\t\t\t\t\t\t\t\t\t<\/p>\n<h3>Exploration de nouvelles configurations et strat\u00e9gies territoriales<\/h3>\n<p>En s\u2019appuyant sur les r\u00e9sultats des travaux de mod\u00e9lisation, l\u2019IEFC porte une r\u00e9flexion sur un <strong>r\u00e9am\u00e9nagement du territoire <\/strong>permettant de faire <strong>baisser le risque de propagation<\/strong><strong>.<\/strong> Ces strat\u00e9gies territoriales pourraient se d\u00e9cliner en deux niveaux:<\/p>\n<p>&#8211; Au <strong>niveau local <\/strong>: actions au niveau du PLU, cr\u00e9ation de zones agricoles, ouverture d\u2019espace r\u00e9cr\u00e9atif \u00e0 faible charge de combustibles, traitement des interfaces for\u00eat-urbanisme \u00e0 risque.<\/p>\n<p>&#8211; Au <strong>niveau global<\/strong> : cr\u00e9ation de grandes ruptures de combustible en s\u2019appuyant sur les diff\u00e9rents usages du sol en cours dans les paysages.<\/p>\n<h3>Organisation de \u201cfire-forums\u201d<\/h3>\n<p>Les <strong>\u201c<\/strong><strong>fire-forums<\/strong><strong>\u201d<\/strong> sont des<strong> plateformes de discussion multi-acteurs<\/strong>, permettant d\u2019aborder les probl\u00e9matiques li\u00e9es aux incendies de for\u00eat. Elles rassemblent les acteurs du territoire : propri\u00e9taires fonciers, gestionnaires foncier, agriculteurs, services d&rsquo;urgence et organisations travaillant dans les secteurs de l&rsquo;environnement.<\/p>\n<p>Ces forums ont lieu \u00e0 l\u2019<strong>\u00e9chelle locale <\/strong>(\u00e9chelle communale) et abordent des th\u00e8mes tels que l<strong>\u2019<\/strong><strong>\u00e9tat des lieux du risque et la culture du feu<\/strong>, les <strong>apports scientifiques du projet FIRE-RES<\/strong> ainsi que les \u00e9ventuelles actions mises en place par la commune.<\/p>\n<p>Ces espaces sont cruciaux pour <strong>cr\u00e9er du dialogue<\/strong> sur les probl\u00e9matiques li\u00e9es aux feux de for\u00eat et au r\u00e9am\u00e9nagement du territoire. Ils permettent d\u2019<strong>i<\/strong><strong>mpliquer les citoyens<\/strong> <strong>dans la conception de strat\u00e9gies territoriales<\/strong>, en mobilisant leur connaissance de leur territoire.<\/p>\n<h3>Etude de la coh\u00e9rence du cadre r\u00e9glementaire: la \u201cClinique politique\u201d<\/h3>\n<p>La \u201cClinique politique\u201d (Policy clinics) est une \u00e9tude visant \u00e0 \u00e9tudier la <strong>coh\u00e9rence des instruments r\u00e9glementaires et leurs effets<\/strong><strong>.<\/strong> L\u2019objectif est d\u2019identifier les r\u00e8glementations qui repr\u00e9sentent un frein pour la mise en place de strat\u00e9gies de pr\u00e9vention du risque incendie et d\u2019\u00e9laborer des solutions.<\/p>\n<p>La th\u00e9matique principale de l\u2019\u00e9tude est donc la faisabilit\u00e9, au niveau r\u00e8glementaire, de coupures de combustibles ou de zones de gestion foresti\u00e8re adapt\u00e9e.<\/p>\n<p>L\u2019\u00e9tude s\u2019effectue sous la forme d\u2019une <strong>concertation avec les acteurs locaux du Laboratoire Vivant<\/strong>, notamment pour l\u2019<strong>identification des r\u00e9glementations \u00e0 \u00e9tudier et la perception de leurs impacts<\/strong> que pour la <strong>construction de propositions innovantes.<\/strong><\/p>\n<p>\t\t\t\t\t\t\t\t\t\t\t\t\t\t\t<img decoding=\"async\" width=\"525\" height=\"80\" src=\"https:\/\/www.plantedforests.org\/wp-content\/uploads\/2025\/08\/EU-emblem-FIRE-RES-V2.png\" alt=\"\" srcset=\"https:\/\/www.plantedforests.org\/wp-content\/uploads\/2025\/08\/EU-emblem-FIRE-RES-V2.png 675w, https:\/\/www.plantedforests.org\/wp-content\/uploads\/2025\/08\/EU-emblem-FIRE-RES-V2-300x46.png 300w, https:\/\/www.plantedforests.org\/wp-content\/uploads\/2025\/08\/EU-emblem-FIRE-RES-V2-150x23.png 150w\" sizes=\"(max-width: 525px) 100vw, 525px\" \/><br \/>\n            <a href=\"https:\/\/www.plantedforests.org\/fr\/presentation-of-the-fire-res-project\/\" target=\"_blank\" data-text=\"Plus d&#039;informations !\"><br \/>\n                    Le projet FIRE-RES<br \/>\n\t                        <\/a><br \/>\n            <a href=\"https:\/\/www.plantedforests.org\/fr\/fire-res-ongoing-activities-in-the-nouvelle-aquitaine-living-lab\/\" target=\"_blank\" data-text=\"Plus d&#039;informations !\"><br \/>\n                    Actions en cours dans le laboratoire vivant Nouvelle-Aquitaine<br \/>\n\t                        <\/a><br \/>\n            <a href=\"https:\/\/www.plantedforests.org\/fr\/fire-res-resources-and-partners\/\" target=\"_blank\" data-text=\"Plus d&#039;informations !\"><br \/>\n                    Ressources et Partenaires<br \/>\n\t                        <\/a><br \/>\n\t\t\t\t\t<a href=\"https:\/\/www.plantedforests.org\/infrastructures\/\"><br \/>\n\t\t\t\t<svg aria-hidden=\"true\" viewBox=\"0 0 448 512\" xmlns=\"http:\/\/www.w3.org\/2000\/svg\"><path d=\"M257.5 445.1l-22.2 22.2c-9.4 9.4-24.6 9.4-33.9 0L7 273c-9.4-9.4-9.4-24.6 0-33.9L201.4 44.7c9.4-9.4 24.6-9.4 33.9 0l22.2 22.2c9.5 9.5 9.3 25-.4 34.3L136.6 216H424c13.3 0 24 10.7 24 24v32c0 13.3-10.7 24-24 24H136.6l120.5 114.8c9.8 9.3 10 24.8.4 34.3z\"><\/path><\/svg><br \/>\n\t\t\t\t\t\t\t\t\tInfrastructures<br \/>\n\t\t\t\t\t<\/a><br \/>\n\t\t\t\t\t<a href=\"https:\/\/www.plantedforests.org\/infrastructures\/living-labs\/\"><br \/>\n\t\t\t\t<svg aria-hidden=\"true\" viewBox=\"0 0 448 512\" xmlns=\"http:\/\/www.w3.org\/2000\/svg\"><path d=\"M190.5 66.9l22.2-22.2c9.4-9.4 24.6-9.4 33.9 0L441 239c9.4 9.4 9.4 24.6 0 33.9L246.6 467.3c-9.4 9.4-24.6 9.4-33.9 0l-22.2-22.2c-9.5-9.5-9.3-25 .4-34.3L311.4 296H24c-13.3 0-24-10.7-24-24v-32c0-13.3 10.7-24 24-24h287.4L190.9 101.2c-9.8-9.3-10-24.8-.4-34.3z\"><\/path><\/svg><br \/>\n\t\t\t\t\t\t\t\t\tLiving Labs<br \/>\n\t\t\t\t\t<\/a><\/p>\n","protected":false},"excerpt":{"rendered":"<p>Exploration de nouvelles configurations et strat\u00e9gies territoriales En s\u2019appuyant sur les r\u00e9sultats des travaux de mod\u00e9lisation, l\u2019IEFC porte une r\u00e9flexion sur un r\u00e9am\u00e9nagement du territoire permettant de faire baisser le [&hellip;]<\/p>\n","protected":false},"author":101,"featured_media":0,"parent":0,"menu_order":0,"comment_status":"closed","ping_status":"closed","template":"","meta":{"_acf_changed":false,"_eb_attr":"","_EventAllDay":false,"_EventTimezone":"","_EventStartDate":"","_EventEndDate":"","_EventStartDateUTC":"","_EventEndDateUTC":"","_EventShowMap":false,"_EventShowMapLink":false,"_EventURL":"","_EventCost":"","_EventCostDescription":"","_EventCurrencySymbol":"","_EventCurrencyCode":"","_EventCurrencyPosition":"","_EventDateTimeSeparator":"","_EventTimeRangeSeparator":"","_EventOrganizerID":[],"_EventVenueID":[],"_OrganizerEmail":"","_OrganizerPhone":"","_OrganizerWebsite":"","_VenueAddress":"","_VenueCity":"","_VenueCountry":"","_VenueProvince":"","_VenueState":"","_VenueZip":"","_VenuePhone":"","_VenueURL":"","_VenueStateProvince":"","_VenueLat":"","_VenueLng":"","_VenueShowMap":false,"_VenueShowMapLink":false,"activitypub_content_warning":null,"activitypub_content_visibility":"","activitypub_max_image_attachments":4,"activitypub_interaction_policy_quote":"anyone","activitypub_status":"federated","footnotes":""},"class_list":["post-23168","page","type-page","status-publish","hentry"],"translation":{"provider":"WPGlobus","version":"3.0.2","language":"fr","enabled_languages":["gb","fr","es","pt"],"languages":{"gb":{"title":true,"content":true,"excerpt":false},"fr":{"title":true,"content":true,"excerpt":false},"es":{"title":false,"content":false,"excerpt":false},"pt":{"title":false,"content":false,"excerpt":false}}},"acf":[],"yoast_head":"<!-- This site is optimized with the Yoast SEO plugin v27.4 - https:\/\/yoast.com\/product\/yoast-seo-wordpress\/ -->\n<title>FIRE-RES - Gouvernance territoriale - Institut Europ\u00e9en de la For\u00eat Cultiv\u00e9e - IEFC<\/title>\n<meta name=\"robots\" content=\"index, follow, max-snippet:-1, max-image-preview:large, max-video-preview:-1\" \/>\n<link rel=\"canonical\" href=\"https:\/\/www.plantedforests.org\/fire-res-territorial-governance\/\" \/>\n<meta property=\"og:locale\" content=\"fr_FR\" \/>\n<meta property=\"og:type\" content=\"article\" \/>\n<meta property=\"og:title\" content=\"FIRE-RES - Gouvernance territoriale - Institut Europ\u00e9en de la For\u00eat Cultiv\u00e9e - IEFC\" \/>\n<meta property=\"og:url\" content=\"https:\/\/www.plantedforests.org\/fire-res-territorial-governance\/\" \/>\n<meta property=\"og:site_name\" content=\"Institut Europ\u00e9en de la For\u00eat Cultiv\u00e9e - IEFC\" \/>\n<meta property=\"article:modified_time\" content=\"2025-08-25T14:21:38+00:00\" \/>\n<meta property=\"og:image\" content=\"https:\/\/www.plantedforests.org\/wp-content\/uploads\/2025\/02\/Gouvernance-territoriale-150x150.png\" \/>\n<meta name=\"twitter:card\" content=\"summary_large_image\" \/>\n<meta name=\"twitter:site\" content=\"@IEFCPlantForest\" \/>\n<meta name=\"twitter:label1\" content=\"Dur\u00e9e de lecture estim\u00e9e\" \/>\n\t<meta name=\"twitter:data1\" content=\"3 minutes\" \/>\n<script type=\"application\/ld+json\" class=\"yoast-schema-graph\">{\"@context\":\"https:\\\/\\\/schema.org\",\"@graph\":[{\"@type\":\"WebPage\",\"@id\":\"https:\\\/\\\/www.plantedforests.org\\\/fire-res-territorial-governance\\\/\",\"url\":\"https:\\\/\\\/www.plantedforests.org\\\/fire-res-territorial-governance\\\/\",\"name\":\"FIRE-RES - Gouvernance territoriale - Institut Europ\u00e9en de la For\u00eat Cultiv\u00e9e - IEFC\",\"isPartOf\":{\"@id\":\"https:\\\/\\\/www.plantedforests.org\\\/fr\\\/#website\"},\"primaryImageOfPage\":{\"@id\":\"https:\\\/\\\/www.plantedforests.org\\\/fire-res-territorial-governance\\\/#primaryimage\"},\"image\":{\"@id\":\"https:\\\/\\\/www.plantedforests.org\\\/fire-res-territorial-governance\\\/#primaryimage\"},\"thumbnailUrl\":\"https:\\\/\\\/www.plantedforests.org\\\/wp-content\\\/uploads\\\/2025\\\/02\\\/Gouvernance-territoriale-150x150.png\",\"datePublished\":\"2025-05-13T12:04:09+00:00\",\"dateModified\":\"2025-08-25T14:21:38+00:00\",\"breadcrumb\":{\"@id\":\"https:\\\/\\\/www.plantedforests.org\\\/fire-res-territorial-governance\\\/#breadcrumb\"},\"inLanguage\":\"fr-FR\",\"potentialAction\":[{\"@type\":\"ReadAction\",\"target\":[\"https:\\\/\\\/www.plantedforests.org\\\/fire-res-territorial-governance\\\/\"]}]},{\"@type\":\"ImageObject\",\"inLanguage\":\"fr-FR\",\"@id\":\"https:\\\/\\\/www.plantedforests.org\\\/fire-res-territorial-governance\\\/#primaryimage\",\"url\":\"https:\\\/\\\/www.plantedforests.org\\\/wp-content\\\/uploads\\\/2025\\\/02\\\/Gouvernance-territoriale-150x150.png\",\"contentUrl\":\"https:\\\/\\\/www.plantedforests.org\\\/wp-content\\\/uploads\\\/2025\\\/02\\\/Gouvernance-territoriale-150x150.png\"},{\"@type\":\"BreadcrumbList\",\"@id\":\"https:\\\/\\\/www.plantedforests.org\\\/fire-res-territorial-governance\\\/#breadcrumb\",\"itemListElement\":[{\"@type\":\"ListItem\",\"position\":1,\"name\":\"Accueil\",\"item\":\"https:\\\/\\\/www.plantedforests.org\\\/\"},{\"@type\":\"ListItem\",\"position\":2,\"name\":\"FIRE-RES &#8211; Territorial Governance\"}]},{\"@type\":\"WebSite\",\"@id\":\"https:\\\/\\\/www.plantedforests.org\\\/fr\\\/#website\",\"url\":\"https:\\\/\\\/www.plantedforests.org\\\/fr\\\/\",\"name\":\"Institut Europ\u00e9en de la For\u00eat Cultiv\u00e9e - IEFC\",\"description\":\"Le r\u00e9seau multi-acteur pour la gestion durable et la r\u00e9silience des for\u00eats cultiv\u00e9es\",\"publisher\":{\"@id\":\"https:\\\/\\\/www.plantedforests.org\\\/fr\\\/#organization\"},\"potentialAction\":[{\"@type\":\"SearchAction\",\"target\":{\"@type\":\"EntryPoint\",\"urlTemplate\":\"https:\\\/\\\/www.plantedforests.org\\\/fr\\\/?s={search_term_string}\"},\"query-input\":{\"@type\":\"PropertyValueSpecification\",\"valueRequired\":true,\"valueName\":\"search_term_string\"}}],\"inLanguage\":\"fr-FR\"},{\"@type\":\"Organization\",\"@id\":\"https:\\\/\\\/www.plantedforests.org\\\/fr\\\/#organization\",\"name\":\"Institut Europ\u00e9en de la For\u00eat Cultiv\u00e9e - Plantedforests.org\",\"url\":\"https:\\\/\\\/www.plantedforests.org\\\/fr\\\/\",\"logo\":{\"@type\":\"ImageObject\",\"inLanguage\":\"fr-FR\",\"@id\":\"https:\\\/\\\/www.plantedforests.org\\\/fr\\\/#\\\/schema\\\/logo\\\/image\\\/\",\"url\":\"https:\\\/\\\/www.plantedforests.org\\\/wp-content\\\/uploads\\\/2022\\\/07\\\/Logo_iefc__FR.png\",\"contentUrl\":\"https:\\\/\\\/www.plantedforests.org\\\/wp-content\\\/uploads\\\/2022\\\/07\\\/Logo_iefc__FR.png\",\"width\":2031,\"height\":1001,\"caption\":\"Institut Europ\u00e9en de la For\u00eat Cultiv\u00e9e - Plantedforests.org\"},\"image\":{\"@id\":\"https:\\\/\\\/www.plantedforests.org\\\/fr\\\/#\\\/schema\\\/logo\\\/image\\\/\"},\"sameAs\":[\"https:\\\/\\\/x.com\\\/IEFCPlantForest\",\"https:\\\/\\\/www.linkedin.com\\\/company\\\/71728047\\\/\"]}]}<\/script>\n<!-- \/ Yoast SEO plugin. -->","yoast_head_json":{"title":"FIRE-RES - Gouvernance territoriale - Institut Europ\u00e9en de la For\u00eat Cultiv\u00e9e - IEFC","robots":{"index":"index","follow":"follow","max-snippet":"max-snippet:-1","max-image-preview":"max-image-preview:large","max-video-preview":"max-video-preview:-1"},"canonical":"https:\/\/www.plantedforests.org\/fire-res-territorial-governance\/","og_locale":"fr_FR","og_type":"article","og_title":"FIRE-RES - Gouvernance territoriale - Institut Europ\u00e9en de la For\u00eat Cultiv\u00e9e - IEFC","og_url":"https:\/\/www.plantedforests.org\/fire-res-territorial-governance\/","og_site_name":"Institut Europ\u00e9en de la For\u00eat Cultiv\u00e9e - IEFC","article_modified_time":"2025-08-25T14:21:38+00:00","og_image":[{"url":"https:\/\/www.plantedforests.org\/wp-content\/uploads\/2025\/02\/Gouvernance-territoriale-150x150.png","type":"","width":"","height":""}],"twitter_card":"summary_large_image","twitter_site":"@IEFCPlantForest","twitter_misc":{"Dur\u00e9e de lecture estim\u00e9e":"3 minutes"},"schema":{"@context":"https:\/\/schema.org","@graph":[{"@type":"WebPage","@id":"https:\/\/www.plantedforests.org\/fire-res-territorial-governance\/","url":"https:\/\/www.plantedforests.org\/fire-res-territorial-governance\/","name":"FIRE-RES - Gouvernance territoriale - Institut Europ\u00e9en de la For\u00eat Cultiv\u00e9e - IEFC","isPartOf":{"@id":"https:\/\/www.plantedforests.org\/fr\/#website"},"primaryImageOfPage":{"@id":"https:\/\/www.plantedforests.org\/fire-res-territorial-governance\/#primaryimage"},"image":{"@id":"https:\/\/www.plantedforests.org\/fire-res-territorial-governance\/#primaryimage"},"thumbnailUrl":"https:\/\/www.plantedforests.org\/wp-content\/uploads\/2025\/02\/Gouvernance-territoriale-150x150.png","datePublished":"2025-05-13T12:04:09+00:00","dateModified":"2025-08-25T14:21:38+00:00","breadcrumb":{"@id":"https:\/\/www.plantedforests.org\/fire-res-territorial-governance\/#breadcrumb"},"inLanguage":"fr-FR","potentialAction":[{"@type":"ReadAction","target":["https:\/\/www.plantedforests.org\/fire-res-territorial-governance\/"]}]},{"@type":"ImageObject","inLanguage":"fr-FR","@id":"https:\/\/www.plantedforests.org\/fire-res-territorial-governance\/#primaryimage","url":"https:\/\/www.plantedforests.org\/wp-content\/uploads\/2025\/02\/Gouvernance-territoriale-150x150.png","contentUrl":"https:\/\/www.plantedforests.org\/wp-content\/uploads\/2025\/02\/Gouvernance-territoriale-150x150.png"},{"@type":"BreadcrumbList","@id":"https:\/\/www.plantedforests.org\/fire-res-territorial-governance\/#breadcrumb","itemListElement":[{"@type":"ListItem","position":1,"name":"Accueil","item":"https:\/\/www.plantedforests.org\/"},{"@type":"ListItem","position":2,"name":"FIRE-RES &#8211; Territorial Governance"}]},{"@type":"WebSite","@id":"https:\/\/www.plantedforests.org\/fr\/#website","url":"https:\/\/www.plantedforests.org\/fr\/","name":"Institut Europ\u00e9en de la For\u00eat Cultiv\u00e9e - IEFC","description":"Le r\u00e9seau multi-acteur pour la gestion durable et la r\u00e9silience des for\u00eats cultiv\u00e9es","publisher":{"@id":"https:\/\/www.plantedforests.org\/fr\/#organization"},"potentialAction":[{"@type":"SearchAction","target":{"@type":"EntryPoint","urlTemplate":"https:\/\/www.plantedforests.org\/fr\/?s={search_term_string}"},"query-input":{"@type":"PropertyValueSpecification","valueRequired":true,"valueName":"search_term_string"}}],"inLanguage":"fr-FR"},{"@type":"Organization","@id":"https:\/\/www.plantedforests.org\/fr\/#organization","name":"Institut Europ\u00e9en de la For\u00eat Cultiv\u00e9e - Plantedforests.org","url":"https:\/\/www.plantedforests.org\/fr\/","logo":{"@type":"ImageObject","inLanguage":"fr-FR","@id":"https:\/\/www.plantedforests.org\/fr\/#\/schema\/logo\/image\/","url":"https:\/\/www.plantedforests.org\/wp-content\/uploads\/2022\/07\/Logo_iefc__FR.png","contentUrl":"https:\/\/www.plantedforests.org\/wp-content\/uploads\/2022\/07\/Logo_iefc__FR.png","width":2031,"height":1001,"caption":"Institut Europ\u00e9en de la For\u00eat Cultiv\u00e9e - Plantedforests.org"},"image":{"@id":"https:\/\/www.plantedforests.org\/fr\/#\/schema\/logo\/image\/"},"sameAs":["https:\/\/x.com\/IEFCPlantForest","https:\/\/www.linkedin.com\/company\/71728047\/"]}]}},"_links":{"self":[{"href":"https:\/\/www.plantedforests.org\/fr\/wp-json\/wp\/v2\/pages\/23168","targetHints":{"allow":["GET"]}}],"collection":[{"href":"https:\/\/www.plantedforests.org\/fr\/wp-json\/wp\/v2\/pages"}],"about":[{"href":"https:\/\/www.plantedforests.org\/fr\/wp-json\/wp\/v2\/types\/page"}],"author":[{"embeddable":true,"href":"https:\/\/www.plantedforests.org\/fr\/wp-json\/wp\/v2\/users\/101"}],"replies":[{"embeddable":true,"href":"https:\/\/www.plantedforests.org\/fr\/wp-json\/wp\/v2\/comments?post=23168"}],"version-history":[{"count":78,"href":"https:\/\/www.plantedforests.org\/fr\/wp-json\/wp\/v2\/pages\/23168\/revisions"}],"predecessor-version":[{"id":27253,"href":"https:\/\/www.plantedforests.org\/fr\/wp-json\/wp\/v2\/pages\/23168\/revisions\/27253"}],"wp:attachment":[{"href":"https:\/\/www.plantedforests.org\/fr\/wp-json\/wp\/v2\/media?parent=23168"}],"curies":[{"name":"wp","href":"https:\/\/api.w.org\/{rel}","templated":true}]}}