
{"id":22527,"date":"2025-03-19T15:07:59","date_gmt":"2025-03-19T14:07:59","guid":{"rendered":"https:\/\/www.plantedforests.org\/?page_id=22527"},"modified":"2025-08-25T16:32:01","modified_gmt":"2025-08-25T14:32:01","slug":"fire-res-resources-and-partners","status":"publish","type":"page","link":"https:\/\/www.plantedforests.org\/fr\/fire-res-resources-and-partners\/","title":{"rendered":"FIRE-RES &#8211; Ressources et partenaires"},"content":{"rendered":"<p><img fetchpriority=\"high\" decoding=\"async\" width=\"525\" height=\"132\" src=\"https:\/\/www.plantedforests.org\/wp-content\/uploads\/2024\/02\/FireRes_logo_txt_HIGH_color-1024x257.jpg\" alt=\"\" srcset=\"https:\/\/www.plantedforests.org\/wp-content\/uploads\/2024\/02\/FireRes_logo_txt_HIGH_color-1024x257.jpg 1024w, https:\/\/www.plantedforests.org\/wp-content\/uploads\/2024\/02\/FireRes_logo_txt_HIGH_color-300x75.jpg 300w, https:\/\/www.plantedforests.org\/wp-content\/uploads\/2024\/02\/FireRes_logo_txt_HIGH_color-150x38.jpg 150w, https:\/\/www.plantedforests.org\/wp-content\/uploads\/2024\/02\/FireRes_logo_txt_HIGH_color-768x193.jpg 768w, https:\/\/www.plantedforests.org\/wp-content\/uploads\/2024\/02\/FireRes_logo_txt_HIGH_color-1536x386.jpg 1536w, https:\/\/www.plantedforests.org\/wp-content\/uploads\/2024\/02\/FireRes_logo_txt_HIGH_color-2048x515.jpg 2048w, https:\/\/www.plantedforests.org\/wp-content\/uploads\/2024\/02\/FireRes_logo_txt_HIGH_color-1320x332.jpg 1320w\" sizes=\"(max-width: 525px) 100vw, 525px\" \/>\t\t\t\t\t\t\t\t\t\t\t\t\t\t\t<\/p>\n<p>\u00a0<a href=\"http:\/\/www.fire-res.eu\/\">www.fire-res.eu<\/a><\/p>\n<h3>\u00e9v\u00e8nements<\/h3>\n<p><strong>Assembl\u00e9e g\u00e9n\u00e9rale FIRE-RES<\/strong><\/p>\n<p>Assembl\u00e9e g\u00e9n\u00e9rale FIRE-RES : Du 8 au 10 octobre 2024, le projet FIRE-RES a tenu son assembl\u00e9e g\u00e9n\u00e9rale \u00e0 Bordeaux et Mimizan, r\u00e9unissant chercheurs, acteurs locaux et partenaires europ\u00e9ens des 11 Laboratoires Vivants. Co-organis\u00e9 par l\u2019IEFC et le CTFC (Centre de Ci\u00e8ncia i Tecnologia Forestal de Catalunya), l\u2019\u00e9v\u00e8nement avait pour th\u00e9matique principale le financement des paysages r\u00e9silients, pla\u00e7ant les enjeux et l\u2019innovation socio-\u00e9conomiques au c\u0153ur des \u00e9changes.<a href=\"https:\/\/www.plantedforests.org\/fire-res-general-meeting-financial-innovation-for-landscapes-resilient-to-extreme-fires\/\" target=\"_blank\" rel=\"noopener\"><strong> Lire notre article de newsletter<\/strong>\u00a0<\/a><\/p>\n<p>\t\t\t\t\t\t\t\t\t\t\t\t\t\t\t<img decoding=\"async\" width=\"525\" height=\"350\" src=\"https:\/\/www.plantedforests.org\/wp-content\/uploads\/2024\/12\/DSC00164_websize-1024x683.jpg\" alt=\"\" srcset=\"https:\/\/www.plantedforests.org\/wp-content\/uploads\/2024\/12\/DSC00164_websize-1024x683.jpg 1024w, https:\/\/www.plantedforests.org\/wp-content\/uploads\/2024\/12\/DSC00164_websize-300x200.jpg 300w, https:\/\/www.plantedforests.org\/wp-content\/uploads\/2024\/12\/DSC00164_websize-150x100.jpg 150w, https:\/\/www.plantedforests.org\/wp-content\/uploads\/2024\/12\/DSC00164_websize-768x512.jpg 768w, https:\/\/www.plantedforests.org\/wp-content\/uploads\/2024\/12\/DSC00164_websize-1536x1024.jpg 1536w, https:\/\/www.plantedforests.org\/wp-content\/uploads\/2024\/12\/DSC00164_websize-1320x880.jpg 1320w, https:\/\/www.plantedforests.org\/wp-content\/uploads\/2024\/12\/DSC00164_websize.jpg 1600w\" sizes=\"(max-width: 525px) 100vw, 525px\" \/>\t\t\t\t\t\t\t\t\t\t\t\t\t\t\t<\/p>\n<p><strong>FIRE-RES \u00e0 la Conf\u00e9rence des Maires<\/strong><\/p>\n<p>Le 14 novembre 2024, l\u2019IEFC \u00e9tait invit\u00e9 \u00e0 la Conf\u00e9rence des Maires, \u00e0 Pontenx-les-Forges, pour pr\u00e9senter le projet FIRE-RES. Organis\u00e9e par le Pays Landes Nature C\u00f4te d\u2019Argent, cet \u00e9v\u00e8nement \u00e9tait con\u00e7u en tant que \u201cconf\u00e9rence apprenante\u201d, visant \u00e0 pr\u00e9senter les enjeux de la for\u00eat landaise et les initiatives de Laboratoire Vivant aux \u00e9lus de territoire.<\/p>\n<ul>\n<li><strong>Signature de l\u2019accord de partenariat avec le pays BARVAL<\/strong><\/li>\n<li><strong>Conf\u00e9rences (IUFRO, Luxey, AFORCE)<\/strong><\/li>\n<li><strong>IA webinar &#8211; <a href=\"https:\/\/dai.ly\/k7aRnliUeZzOVgCuYbs\" target=\"_blank\" rel=\"noopener\">Visionner le replay<\/a><\/strong><\/li>\n<\/ul>\n<p>\t\t\t\t\t\t\t\t\t\t\t\t\t\t\t<img decoding=\"async\" width=\"525\" height=\"328\" src=\"https:\/\/www.plantedforests.org\/wp-content\/uploads\/2025\/06\/ConferencedesMaires.png\" alt=\"\" srcset=\"https:\/\/www.plantedforests.org\/wp-content\/uploads\/2025\/06\/ConferencedesMaires.png 712w, https:\/\/www.plantedforests.org\/wp-content\/uploads\/2025\/06\/ConferencedesMaires-300x188.png 300w, https:\/\/www.plantedforests.org\/wp-content\/uploads\/2025\/06\/ConferencedesMaires-150x94.png 150w\" sizes=\"(max-width: 525px) 100vw, 525px\" \/>\t\t\t\t\t\t\t\t\t\t\t\t\t\t\t<\/p>\n<p><strong>Ev\u00e9nements<\/strong><\/p>\n<ul>\n<li>Signature de l\u2019accord de partenariat avec le pays BARVAL<\/li>\n<li>Conf\u00e9rences (IUFRO, Luxey, AFORCE)<\/li>\n<\/ul>\n<p>\t\t\t\t\t\t\t\t\t\t\t\t\t\t\t<img decoding=\"async\" width=\"525\" height=\"328\" src=\"https:\/\/www.plantedforests.org\/wp-content\/uploads\/2025\/06\/ConferencedesMaires.png\" alt=\"\" srcset=\"https:\/\/www.plantedforests.org\/wp-content\/uploads\/2025\/06\/ConferencedesMaires.png 712w, https:\/\/www.plantedforests.org\/wp-content\/uploads\/2025\/06\/ConferencedesMaires-300x188.png 300w, https:\/\/www.plantedforests.org\/wp-content\/uploads\/2025\/06\/ConferencedesMaires-150x94.png 150w\" sizes=\"(max-width: 525px) 100vw, 525px\" \/>\t\t\t\t\t\t\t\t\t\t\t\t\t\t\t<\/p>\n<h3>Articles<\/h3>\n<ul>\n<li><strong><a href=\"https:\/\/www.plantedforests.org\/fr\/our-latest-newsletters\/\">Newsletter IEFC<\/a> (<a href=\"https:\/\/www.plantedforests.org\/fr\/subscribe-to-our-newsletter\/\">Abonnement<\/a>)<\/strong><\/li>\n<li><strong><a href=\"https:\/\/www.plantedforests.org\/fr\/press\/press-reviews\/\">Articles presse<\/a> et\/ou <\/strong><a href=\"https:\/\/www.plantedforests.org\/fr\/resources-center-2\/\"><strong>scientifique<\/strong><\/a><\/li>\n<\/ul>\n<h3>Partenaires<\/h3>\n<p>\t\t\t\t\t\t\t\t\t\t\t\t\t\t\t<img loading=\"lazy\" decoding=\"async\" width=\"488\" height=\"325\" src=\"https:\/\/www.plantedforests.org\/wp-content\/uploads\/2025\/06\/Sapeur-Pompiers-Landes.jpg\" alt=\"\" srcset=\"https:\/\/www.plantedforests.org\/wp-content\/uploads\/2025\/06\/Sapeur-Pompiers-Landes.jpg 488w, https:\/\/www.plantedforests.org\/wp-content\/uploads\/2025\/06\/Sapeur-Pompiers-Landes-300x200.jpg 300w, https:\/\/www.plantedforests.org\/wp-content\/uploads\/2025\/06\/Sapeur-Pompiers-Landes-150x100.jpg 150w\" sizes=\"(max-width: 488px) 100vw, 488px\" \/><br \/>\n\t\t\t\t\t\t\t\t\t\t\t\t\t\t\t<img loading=\"lazy\" decoding=\"async\" width=\"488\" height=\"325\" src=\"https:\/\/www.plantedforests.org\/wp-content\/uploads\/2025\/06\/DFCI.jpg\" alt=\"\" srcset=\"https:\/\/www.plantedforests.org\/wp-content\/uploads\/2025\/06\/DFCI.jpg 488w, https:\/\/www.plantedforests.org\/wp-content\/uploads\/2025\/06\/DFCI-300x200.jpg 300w, https:\/\/www.plantedforests.org\/wp-content\/uploads\/2025\/06\/DFCI-150x100.jpg 150w\" sizes=\"(max-width: 488px) 100vw, 488px\" \/><br \/>\n\t\t\t\t\t\t\t\t\t\t\t\t\t\t\t<img loading=\"lazy\" decoding=\"async\" width=\"488\" height=\"325\" src=\"https:\/\/www.plantedforests.org\/wp-content\/uploads\/2025\/06\/Groupama.jpg\" alt=\"\" srcset=\"https:\/\/www.plantedforests.org\/wp-content\/uploads\/2025\/06\/Groupama.jpg 488w, https:\/\/www.plantedforests.org\/wp-content\/uploads\/2025\/06\/Groupama-300x200.jpg 300w, https:\/\/www.plantedforests.org\/wp-content\/uploads\/2025\/06\/Groupama-150x100.jpg 150w\" sizes=\"(max-width: 488px) 100vw, 488px\" \/><br \/>\n\t\t\t\t\t\t\t\t\t\t\t\t\t\t\t<img loading=\"lazy\" decoding=\"async\" width=\"488\" height=\"325\" src=\"https:\/\/www.plantedforests.org\/wp-content\/uploads\/2025\/06\/ONF.jpg\" alt=\"\" srcset=\"https:\/\/www.plantedforests.org\/wp-content\/uploads\/2025\/06\/ONF.jpg 488w, https:\/\/www.plantedforests.org\/wp-content\/uploads\/2025\/06\/ONF-300x200.jpg 300w, https:\/\/www.plantedforests.org\/wp-content\/uploads\/2025\/06\/ONF-150x100.jpg 150w\" sizes=\"(max-width: 488px) 100vw, 488px\" \/><br \/>\n\t\t\t\t\t\t\t\t\t\t\t\t\t\t\t<img loading=\"lazy\" decoding=\"async\" width=\"488\" height=\"325\" src=\"https:\/\/www.plantedforests.org\/wp-content\/uploads\/2025\/06\/CNPF.jpg\" alt=\"\" srcset=\"https:\/\/www.plantedforests.org\/wp-content\/uploads\/2025\/06\/CNPF.jpg 488w, https:\/\/www.plantedforests.org\/wp-content\/uploads\/2025\/06\/CNPF-300x200.jpg 300w, https:\/\/www.plantedforests.org\/wp-content\/uploads\/2025\/06\/CNPF-150x100.jpg 150w\" sizes=\"(max-width: 488px) 100vw, 488px\" \/><br \/>\n\t\t\t\t\t\t\t\t\t\t\t\t\t\t\t<img loading=\"lazy\" decoding=\"async\" width=\"400\" height=\"400\" src=\"https:\/\/www.plantedforests.org\/wp-content\/uploads\/2025\/06\/ddtm_logo.png\" alt=\"\" srcset=\"https:\/\/www.plantedforests.org\/wp-content\/uploads\/2025\/06\/ddtm_logo.png 400w, https:\/\/www.plantedforests.org\/wp-content\/uploads\/2025\/06\/ddtm_logo-300x300.png 300w, https:\/\/www.plantedforests.org\/wp-content\/uploads\/2025\/06\/ddtm_logo-150x150.png 150w, https:\/\/www.plantedforests.org\/wp-content\/uploads\/2025\/06\/ddtm_logo-100x100.png 100w\" sizes=\"(max-width: 400px) 100vw, 400px\" \/><br \/>\n\t\t\t\t\t\t\t\t\t\t\t\t\t\t\t<img loading=\"lazy\" decoding=\"async\" width=\"318\" height=\"241\" src=\"https:\/\/www.plantedforests.org\/wp-content\/uploads\/2025\/06\/draaf.png\" alt=\"\" srcset=\"https:\/\/www.plantedforests.org\/wp-content\/uploads\/2025\/06\/draaf.png 318w, https:\/\/www.plantedforests.org\/wp-content\/uploads\/2025\/06\/draaf-300x227.png 300w, https:\/\/www.plantedforests.org\/wp-content\/uploads\/2025\/06\/draaf-150x114.png 150w\" sizes=\"(max-width: 318px) 100vw, 318px\" \/><br \/>\n\t\t\t\t\t\t\t\t\t\t\t\t\t\t\t<img loading=\"lazy\" decoding=\"async\" width=\"200\" height=\"272\" src=\"https:\/\/www.plantedforests.org\/wp-content\/uploads\/2025\/06\/Logo_Nouvelle-Aquitaine_2019.svg.png\" alt=\"\" srcset=\"https:\/\/www.plantedforests.org\/wp-content\/uploads\/2025\/06\/Logo_Nouvelle-Aquitaine_2019.svg.png 200w, https:\/\/www.plantedforests.org\/wp-content\/uploads\/2025\/06\/Logo_Nouvelle-Aquitaine_2019.svg-110x150.png 110w\" sizes=\"(max-width: 200px) 100vw, 200px\" \/><br \/>\n\t\t\t\t\t\t\t\t\t\t\t\t\t\t\t<img loading=\"lazy\" decoding=\"async\" width=\"245\" height=\"309\" src=\"https:\/\/www.plantedforests.org\/wp-content\/uploads\/2025\/06\/landes.jpg\" alt=\"\" srcset=\"https:\/\/www.plantedforests.org\/wp-content\/uploads\/2025\/06\/landes.jpg 245w, https:\/\/www.plantedforests.org\/wp-content\/uploads\/2025\/06\/landes-238x300.jpg 238w, https:\/\/www.plantedforests.org\/wp-content\/uploads\/2025\/06\/landes-119x150.jpg 119w\" sizes=\"(max-width: 245px) 100vw, 245px\" \/><br \/>\n\t\t\t\t\t\t\t\t\t\t\t\t\t\t\t<img loading=\"lazy\" decoding=\"async\" width=\"488\" height=\"325\" src=\"https:\/\/www.plantedforests.org\/wp-content\/uploads\/2025\/06\/GIP.jpg\" alt=\"\" srcset=\"https:\/\/www.plantedforests.org\/wp-content\/uploads\/2025\/06\/GIP.jpg 488w, https:\/\/www.plantedforests.org\/wp-content\/uploads\/2025\/06\/GIP-300x200.jpg 300w, https:\/\/www.plantedforests.org\/wp-content\/uploads\/2025\/06\/GIP-150x100.jpg 150w\" sizes=\"(max-width: 488px) 100vw, 488px\" \/><br \/>\n\t\t\t\t\t\t\t\t\t\t\t\t\t\t\t<img loading=\"lazy\" decoding=\"async\" width=\"488\" height=\"325\" src=\"https:\/\/www.plantedforests.org\/wp-content\/uploads\/2025\/06\/INRAE.jpg\" alt=\"\" srcset=\"https:\/\/www.plantedforests.org\/wp-content\/uploads\/2025\/06\/INRAE.jpg 488w, https:\/\/www.plantedforests.org\/wp-content\/uploads\/2025\/06\/INRAE-300x200.jpg 300w, https:\/\/www.plantedforests.org\/wp-content\/uploads\/2025\/06\/INRAE-150x100.jpg 150w\" sizes=\"(max-width: 488px) 100vw, 488px\" \/><br \/>\n\t\t\t\t\t\t\t\t\t\t\t\t\t\t\t<img loading=\"lazy\" decoding=\"async\" width=\"525\" height=\"80\" src=\"https:\/\/www.plantedforests.org\/wp-content\/uploads\/2025\/08\/EU-emblem-FIRE-RES-V2.png\" alt=\"\" srcset=\"https:\/\/www.plantedforests.org\/wp-content\/uploads\/2025\/08\/EU-emblem-FIRE-RES-V2.png 675w, https:\/\/www.plantedforests.org\/wp-content\/uploads\/2025\/08\/EU-emblem-FIRE-RES-V2-300x46.png 300w, https:\/\/www.plantedforests.org\/wp-content\/uploads\/2025\/08\/EU-emblem-FIRE-RES-V2-150x23.png 150w\" sizes=\"(max-width: 525px) 100vw, 525px\" \/><br \/>\n            <a href=\"https:\/\/www.plantedforests.org\/fr\/presentation-of-the-fire-res-project\/\" target=\"_blank\" data-text=\"Plus d&#039;informations !\"><br \/>\n                    Le projet FIRE-RES<br \/>\n\t                        <\/a><br \/>\n            <a href=\"https:\/\/www.plantedforests.org\/fr\/fire-res-ongoing-activities-in-the-nouvelle-aquitaine-living-lab\/\" target=\"_blank\" data-text=\"Plus d&#039;informations !\"><br \/>\n                    Actions en cours dans le laboratoire vivant Nouvelle-Aquitaine<br \/>\n\t                        <\/a><br \/>\n\t\t\t\t\t<a href=\"https:\/\/www.plantedforests.org\/infrastructures\/\"><br \/>\n\t\t\t\t<svg aria-hidden=\"true\" viewBox=\"0 0 448 512\" xmlns=\"http:\/\/www.w3.org\/2000\/svg\"><path d=\"M257.5 445.1l-22.2 22.2c-9.4 9.4-24.6 9.4-33.9 0L7 273c-9.4-9.4-9.4-24.6 0-33.9L201.4 44.7c9.4-9.4 24.6-9.4 33.9 0l22.2 22.2c9.5 9.5 9.3 25-.4 34.3L136.6 216H424c13.3 0 24 10.7 24 24v32c0 13.3-10.7 24-24 24H136.6l120.5 114.8c9.8 9.3 10 24.8.4 34.3z\"><\/path><\/svg><br \/>\n\t\t\t\t\t\t\t\t\tInfrastructures<br \/>\n\t\t\t\t\t<\/a><br \/>\n\t\t\t\t\t<a href=\"https:\/\/www.plantedforests.org\/infrastructures\/living-labs\/\"><br \/>\n\t\t\t\t<svg aria-hidden=\"true\" viewBox=\"0 0 448 512\" xmlns=\"http:\/\/www.w3.org\/2000\/svg\"><path d=\"M190.5 66.9l22.2-22.2c9.4-9.4 24.6-9.4 33.9 0L441 239c9.4 9.4 9.4 24.6 0 33.9L246.6 467.3c-9.4 9.4-24.6 9.4-33.9 0l-22.2-22.2c-9.5-9.5-9.3-25 .4-34.3L311.4 296H24c-13.3 0-24-10.7-24-24v-32c0-13.3 10.7-24 24-24h287.4L190.9 101.2c-9.8-9.3-10-24.8-.4-34.3z\"><\/path><\/svg><br \/>\n\t\t\t\t\t\t\t\t\tLiving Labs<br \/>\n\t\t\t\t\t<\/a><\/p>\n","protected":false},"excerpt":{"rendered":"<p>\u00a0www.fire-res.eu \u00e9v\u00e8nements Assembl\u00e9e g\u00e9n\u00e9rale FIRE-RES Assembl\u00e9e g\u00e9n\u00e9rale FIRE-RES : Du 8 au 10 octobre 2024, le projet FIRE-RES a tenu son assembl\u00e9e g\u00e9n\u00e9rale \u00e0 Bordeaux et Mimizan, r\u00e9unissant chercheurs, acteurs [&hellip;]<\/p>\n","protected":false},"author":101,"featured_media":0,"parent":0,"menu_order":0,"comment_status":"closed","ping_status":"closed","template":"","meta":{"_acf_changed":false,"_eb_attr":"","_EventAllDay":false,"_EventTimezone":"","_EventStartDate":"","_EventEndDate":"","_EventStartDateUTC":"","_EventEndDateUTC":"","_EventShowMap":false,"_EventShowMapLink":false,"_EventURL":"","_EventCost":"","_EventCostDescription":"","_EventCurrencySymbol":"","_EventCurrencyCode":"","_EventCurrencyPosition":"","_EventDateTimeSeparator":"","_EventTimeRangeSeparator":"","_EventOrganizerID":[],"_EventVenueID":[],"_OrganizerEmail":"","_OrganizerPhone":"","_OrganizerWebsite":"","_VenueAddress":"","_VenueCity":"","_VenueCountry":"","_VenueProvince":"","_VenueState":"","_VenueZip":"","_VenuePhone":"","_VenueURL":"","_VenueStateProvince":"","_VenueLat":"","_VenueLng":"","_VenueShowMap":false,"_VenueShowMapLink":false,"activitypub_content_warning":null,"activitypub_content_visibility":"","activitypub_max_image_attachments":4,"activitypub_interaction_policy_quote":"anyone","activitypub_status":"federated","footnotes":""},"class_list":["post-22527","page","type-page","status-publish","hentry"],"translation":{"provider":"WPGlobus","version":"3.0.2","language":"fr","enabled_languages":["gb","fr","es","pt"],"languages":{"gb":{"title":true,"content":true,"excerpt":false},"fr":{"title":true,"content":true,"excerpt":false},"es":{"title":false,"content":false,"excerpt":false},"pt":{"title":false,"content":false,"excerpt":false}}},"acf":[],"yoast_head":"<!-- This site is optimized with the Yoast SEO plugin v27.4 - https:\/\/yoast.com\/product\/yoast-seo-wordpress\/ -->\n<title>FIRE-RES - Ressources et partenaires - Institut Europ\u00e9en de la For\u00eat Cultiv\u00e9e - IEFC<\/title>\n<meta name=\"robots\" content=\"index, follow, max-snippet:-1, max-image-preview:large, max-video-preview:-1\" \/>\n<link rel=\"canonical\" href=\"https:\/\/www.plantedforests.org\/fire-res-resources-and-partners\/\" \/>\n<meta property=\"og:locale\" content=\"fr_FR\" \/>\n<meta property=\"og:type\" content=\"article\" \/>\n<meta property=\"og:title\" content=\"FIRE-RES - Ressources et partenaires - Institut Europ\u00e9en de la For\u00eat Cultiv\u00e9e - IEFC\" \/>\n<meta property=\"og:url\" content=\"https:\/\/www.plantedforests.org\/fire-res-resources-and-partners\/\" \/>\n<meta property=\"og:site_name\" content=\"Institut Europ\u00e9en de la For\u00eat Cultiv\u00e9e - IEFC\" \/>\n<meta property=\"article:modified_time\" content=\"2025-08-25T14:32:01+00:00\" \/>\n<meta property=\"og:image\" content=\"https:\/\/www.plantedforests.org\/wp-content\/uploads\/2024\/02\/FireRes_logo_txt_HIGH_color-1024x257.jpg\" \/>\n<meta name=\"twitter:card\" content=\"summary_large_image\" \/>\n<meta name=\"twitter:site\" content=\"@IEFCPlantForest\" \/>\n<meta name=\"twitter:label1\" content=\"Dur\u00e9e de lecture estim\u00e9e\" \/>\n\t<meta name=\"twitter:data1\" content=\"5 minutes\" \/>\n<script type=\"application\/ld+json\" class=\"yoast-schema-graph\">{\"@context\":\"https:\\\/\\\/schema.org\",\"@graph\":[{\"@type\":\"WebPage\",\"@id\":\"https:\\\/\\\/www.plantedforests.org\\\/fire-res-resources-and-partners\\\/\",\"url\":\"https:\\\/\\\/www.plantedforests.org\\\/fire-res-resources-and-partners\\\/\",\"name\":\"FIRE-RES - Ressources et partenaires - Institut Europ\u00e9en de la For\u00eat Cultiv\u00e9e - IEFC\",\"isPartOf\":{\"@id\":\"https:\\\/\\\/www.plantedforests.org\\\/fr\\\/#website\"},\"primaryImageOfPage\":{\"@id\":\"https:\\\/\\\/www.plantedforests.org\\\/fire-res-resources-and-partners\\\/#primaryimage\"},\"image\":{\"@id\":\"https:\\\/\\\/www.plantedforests.org\\\/fire-res-resources-and-partners\\\/#primaryimage\"},\"thumbnailUrl\":\"https:\\\/\\\/www.plantedforests.org\\\/wp-content\\\/uploads\\\/2024\\\/02\\\/FireRes_logo_txt_HIGH_color-1024x257.jpg\",\"datePublished\":\"2025-03-19T14:07:59+00:00\",\"dateModified\":\"2025-08-25T14:32:01+00:00\",\"breadcrumb\":{\"@id\":\"https:\\\/\\\/www.plantedforests.org\\\/fire-res-resources-and-partners\\\/#breadcrumb\"},\"inLanguage\":\"fr-FR\",\"potentialAction\":[{\"@type\":\"ReadAction\",\"target\":[\"https:\\\/\\\/www.plantedforests.org\\\/fire-res-resources-and-partners\\\/\"]}]},{\"@type\":\"ImageObject\",\"inLanguage\":\"fr-FR\",\"@id\":\"https:\\\/\\\/www.plantedforests.org\\\/fire-res-resources-and-partners\\\/#primaryimage\",\"url\":\"https:\\\/\\\/www.plantedforests.org\\\/wp-content\\\/uploads\\\/2024\\\/02\\\/FireRes_logo_txt_HIGH_color-1024x257.jpg\",\"contentUrl\":\"https:\\\/\\\/www.plantedforests.org\\\/wp-content\\\/uploads\\\/2024\\\/02\\\/FireRes_logo_txt_HIGH_color-1024x257.jpg\"},{\"@type\":\"BreadcrumbList\",\"@id\":\"https:\\\/\\\/www.plantedforests.org\\\/fire-res-resources-and-partners\\\/#breadcrumb\",\"itemListElement\":[{\"@type\":\"ListItem\",\"position\":1,\"name\":\"Accueil\",\"item\":\"https:\\\/\\\/www.plantedforests.org\\\/\"},{\"@type\":\"ListItem\",\"position\":2,\"name\":\"FIRE-RES &#8211; Resources and partners\"}]},{\"@type\":\"WebSite\",\"@id\":\"https:\\\/\\\/www.plantedforests.org\\\/fr\\\/#website\",\"url\":\"https:\\\/\\\/www.plantedforests.org\\\/fr\\\/\",\"name\":\"Institut Europ\u00e9en de la For\u00eat Cultiv\u00e9e - IEFC\",\"description\":\"Le r\u00e9seau multi-acteur pour la gestion durable et la r\u00e9silience des for\u00eats cultiv\u00e9es\",\"publisher\":{\"@id\":\"https:\\\/\\\/www.plantedforests.org\\\/fr\\\/#organization\"},\"potentialAction\":[{\"@type\":\"SearchAction\",\"target\":{\"@type\":\"EntryPoint\",\"urlTemplate\":\"https:\\\/\\\/www.plantedforests.org\\\/fr\\\/?s={search_term_string}\"},\"query-input\":{\"@type\":\"PropertyValueSpecification\",\"valueRequired\":true,\"valueName\":\"search_term_string\"}}],\"inLanguage\":\"fr-FR\"},{\"@type\":\"Organization\",\"@id\":\"https:\\\/\\\/www.plantedforests.org\\\/fr\\\/#organization\",\"name\":\"Institut Europ\u00e9en de la For\u00eat Cultiv\u00e9e - Plantedforests.org\",\"url\":\"https:\\\/\\\/www.plantedforests.org\\\/fr\\\/\",\"logo\":{\"@type\":\"ImageObject\",\"inLanguage\":\"fr-FR\",\"@id\":\"https:\\\/\\\/www.plantedforests.org\\\/fr\\\/#\\\/schema\\\/logo\\\/image\\\/\",\"url\":\"https:\\\/\\\/www.plantedforests.org\\\/wp-content\\\/uploads\\\/2022\\\/07\\\/Logo_iefc__FR.png\",\"contentUrl\":\"https:\\\/\\\/www.plantedforests.org\\\/wp-content\\\/uploads\\\/2022\\\/07\\\/Logo_iefc__FR.png\",\"width\":2031,\"height\":1001,\"caption\":\"Institut Europ\u00e9en de la For\u00eat Cultiv\u00e9e - Plantedforests.org\"},\"image\":{\"@id\":\"https:\\\/\\\/www.plantedforests.org\\\/fr\\\/#\\\/schema\\\/logo\\\/image\\\/\"},\"sameAs\":[\"https:\\\/\\\/x.com\\\/IEFCPlantForest\",\"https:\\\/\\\/www.linkedin.com\\\/company\\\/71728047\\\/\"]}]}<\/script>\n<!-- \/ Yoast SEO plugin. -->","yoast_head_json":{"title":"FIRE-RES - Ressources et partenaires - Institut Europ\u00e9en de la For\u00eat Cultiv\u00e9e - IEFC","robots":{"index":"index","follow":"follow","max-snippet":"max-snippet:-1","max-image-preview":"max-image-preview:large","max-video-preview":"max-video-preview:-1"},"canonical":"https:\/\/www.plantedforests.org\/fire-res-resources-and-partners\/","og_locale":"fr_FR","og_type":"article","og_title":"FIRE-RES - Ressources et partenaires - Institut Europ\u00e9en de la For\u00eat Cultiv\u00e9e - IEFC","og_url":"https:\/\/www.plantedforests.org\/fire-res-resources-and-partners\/","og_site_name":"Institut Europ\u00e9en de la For\u00eat Cultiv\u00e9e - IEFC","article_modified_time":"2025-08-25T14:32:01+00:00","og_image":[{"url":"https:\/\/www.plantedforests.org\/wp-content\/uploads\/2024\/02\/FireRes_logo_txt_HIGH_color-1024x257.jpg","type":"","width":"","height":""}],"twitter_card":"summary_large_image","twitter_site":"@IEFCPlantForest","twitter_misc":{"Dur\u00e9e de lecture estim\u00e9e":"5 minutes"},"schema":{"@context":"https:\/\/schema.org","@graph":[{"@type":"WebPage","@id":"https:\/\/www.plantedforests.org\/fire-res-resources-and-partners\/","url":"https:\/\/www.plantedforests.org\/fire-res-resources-and-partners\/","name":"FIRE-RES - Ressources et partenaires - Institut Europ\u00e9en de la For\u00eat Cultiv\u00e9e - IEFC","isPartOf":{"@id":"https:\/\/www.plantedforests.org\/fr\/#website"},"primaryImageOfPage":{"@id":"https:\/\/www.plantedforests.org\/fire-res-resources-and-partners\/#primaryimage"},"image":{"@id":"https:\/\/www.plantedforests.org\/fire-res-resources-and-partners\/#primaryimage"},"thumbnailUrl":"https:\/\/www.plantedforests.org\/wp-content\/uploads\/2024\/02\/FireRes_logo_txt_HIGH_color-1024x257.jpg","datePublished":"2025-03-19T14:07:59+00:00","dateModified":"2025-08-25T14:32:01+00:00","breadcrumb":{"@id":"https:\/\/www.plantedforests.org\/fire-res-resources-and-partners\/#breadcrumb"},"inLanguage":"fr-FR","potentialAction":[{"@type":"ReadAction","target":["https:\/\/www.plantedforests.org\/fire-res-resources-and-partners\/"]}]},{"@type":"ImageObject","inLanguage":"fr-FR","@id":"https:\/\/www.plantedforests.org\/fire-res-resources-and-partners\/#primaryimage","url":"https:\/\/www.plantedforests.org\/wp-content\/uploads\/2024\/02\/FireRes_logo_txt_HIGH_color-1024x257.jpg","contentUrl":"https:\/\/www.plantedforests.org\/wp-content\/uploads\/2024\/02\/FireRes_logo_txt_HIGH_color-1024x257.jpg"},{"@type":"BreadcrumbList","@id":"https:\/\/www.plantedforests.org\/fire-res-resources-and-partners\/#breadcrumb","itemListElement":[{"@type":"ListItem","position":1,"name":"Accueil","item":"https:\/\/www.plantedforests.org\/"},{"@type":"ListItem","position":2,"name":"FIRE-RES &#8211; Resources and partners"}]},{"@type":"WebSite","@id":"https:\/\/www.plantedforests.org\/fr\/#website","url":"https:\/\/www.plantedforests.org\/fr\/","name":"Institut Europ\u00e9en de la For\u00eat Cultiv\u00e9e - IEFC","description":"Le r\u00e9seau multi-acteur pour la gestion durable et la r\u00e9silience des for\u00eats cultiv\u00e9es","publisher":{"@id":"https:\/\/www.plantedforests.org\/fr\/#organization"},"potentialAction":[{"@type":"SearchAction","target":{"@type":"EntryPoint","urlTemplate":"https:\/\/www.plantedforests.org\/fr\/?s={search_term_string}"},"query-input":{"@type":"PropertyValueSpecification","valueRequired":true,"valueName":"search_term_string"}}],"inLanguage":"fr-FR"},{"@type":"Organization","@id":"https:\/\/www.plantedforests.org\/fr\/#organization","name":"Institut Europ\u00e9en de la For\u00eat Cultiv\u00e9e - Plantedforests.org","url":"https:\/\/www.plantedforests.org\/fr\/","logo":{"@type":"ImageObject","inLanguage":"fr-FR","@id":"https:\/\/www.plantedforests.org\/fr\/#\/schema\/logo\/image\/","url":"https:\/\/www.plantedforests.org\/wp-content\/uploads\/2022\/07\/Logo_iefc__FR.png","contentUrl":"https:\/\/www.plantedforests.org\/wp-content\/uploads\/2022\/07\/Logo_iefc__FR.png","width":2031,"height":1001,"caption":"Institut Europ\u00e9en de la For\u00eat Cultiv\u00e9e - Plantedforests.org"},"image":{"@id":"https:\/\/www.plantedforests.org\/fr\/#\/schema\/logo\/image\/"},"sameAs":["https:\/\/x.com\/IEFCPlantForest","https:\/\/www.linkedin.com\/company\/71728047\/"]}]}},"_links":{"self":[{"href":"https:\/\/www.plantedforests.org\/fr\/wp-json\/wp\/v2\/pages\/22527","targetHints":{"allow":["GET"]}}],"collection":[{"href":"https:\/\/www.plantedforests.org\/fr\/wp-json\/wp\/v2\/pages"}],"about":[{"href":"https:\/\/www.plantedforests.org\/fr\/wp-json\/wp\/v2\/types\/page"}],"author":[{"embeddable":true,"href":"https:\/\/www.plantedforests.org\/fr\/wp-json\/wp\/v2\/users\/101"}],"replies":[{"embeddable":true,"href":"https:\/\/www.plantedforests.org\/fr\/wp-json\/wp\/v2\/comments?post=22527"}],"version-history":[{"count":152,"href":"https:\/\/www.plantedforests.org\/fr\/wp-json\/wp\/v2\/pages\/22527\/revisions"}],"predecessor-version":[{"id":27308,"href":"https:\/\/www.plantedforests.org\/fr\/wp-json\/wp\/v2\/pages\/22527\/revisions\/27308"}],"wp:attachment":[{"href":"https:\/\/www.plantedforests.org\/fr\/wp-json\/wp\/v2\/media?parent=22527"}],"curies":[{"name":"wp","href":"https:\/\/api.w.org\/{rel}","templated":true}]}}