
{"id":20445,"date":"2024-10-22T10:22:54","date_gmt":"2024-10-22T08:22:54","guid":{"rendered":"https:\/\/www.plantedforests.org\/?page_id=20445"},"modified":"2025-05-15T13:44:54","modified_gmt":"2025-05-15T11:44:54","slug":"04-10-2024-carbon-sequestration-in-plantations","status":"publish","type":"page","link":"https:\/\/www.plantedforests.org\/fr\/webinars-replays\/04-10-2024-carbon-sequestration-in-plantations\/","title":{"rendered":"[04.10.2024] \u2013 Carbon Sequestration in Plantations"},"content":{"rendered":"<div class=\"wp-block-image\">\n<figure class=\"aligncenter size-large is-resized\"><img fetchpriority=\"high\" decoding=\"async\" width=\"1024\" height=\"183\" src=\"https:\/\/www.plantedforests.org\/wp-content\/uploads\/2024\/10\/LTAPF-Carbon-Sequestration-in-Plantations-1024x183.png\" alt=\"\" class=\"wp-image-20446\" style=\"width:936px;height:167px\" srcset=\"https:\/\/www.plantedforests.org\/wp-content\/uploads\/2024\/10\/LTAPF-Carbon-Sequestration-in-Plantations-1024x183.png 1024w, https:\/\/www.plantedforests.org\/wp-content\/uploads\/2024\/10\/LTAPF-Carbon-Sequestration-in-Plantations-300x54.png 300w, https:\/\/www.plantedforests.org\/wp-content\/uploads\/2024\/10\/LTAPF-Carbon-Sequestration-in-Plantations-150x27.png 150w, https:\/\/www.plantedforests.org\/wp-content\/uploads\/2024\/10\/LTAPF-Carbon-Sequestration-in-Plantations-768x137.png 768w, https:\/\/www.plantedforests.org\/wp-content\/uploads\/2024\/10\/LTAPF-Carbon-Sequestration-in-Plantations-1536x274.png 1536w, https:\/\/www.plantedforests.org\/wp-content\/uploads\/2024\/10\/LTAPF-Carbon-Sequestration-in-Plantations-2048x366.png 2048w, https:\/\/www.plantedforests.org\/wp-content\/uploads\/2024\/10\/LTAPF-Carbon-Sequestration-in-Plantations-1320x236.png 1320w\" sizes=\"(max-width: 1024px) 100vw, 1024px\" \/><\/figure>\n<\/div>\n\n\n<div style=\"height:38px\" aria-hidden=\"true\" class=\"wp-block-spacer\"><\/div>\n\n\n\n<h3 class=\"wp-block-heading has-text-align-left has-black-color has-text-color\"><strong>Webinar: Let\u2019s Talk About Planted Forests will focus on Carbon Sequestration in Plantations<\/strong><\/h3>\n\n\n\n<div style=\"height:26px\" aria-hidden=\"true\" class=\"wp-block-spacer\"><\/div>\n\n\n\n<p class=\"has-black-color has-text-color\">CO2 emission compensation, Carbon credit, ecosystem restoration, nature based solutions: plant a tree is in most cases considered as the best option to store carbon in terrestrial ecosystems. During this webinar, we will try to address some of the issue related to this affirmation: how much will we store in forest plantation? What uncertainty is related to Climate change? How the money from carbon market can arrive in forest plantations?<\/p>\n\n\n\n<p class=\"has-black-color has-text-color has-link-color wp-elements-b1eca94142cd18534ef110472b2b5d8a\"><strong>Our speakers:<\/strong><\/p>\n\n\n\n<ul class=\"wp-block-list has-black-color has-text-color has-link-color wp-elements-f00ad711e52aeb35dfd7215e5a691e0f\">\n<li><strong>Loretta Garrett, Forest Soil Scientist at Scion<\/strong>: \u00ab Lifting the profile of soil carbon \u00bb <\/li>\n\n\n\n<li><strong>Serajis Salekin, Forest Scientist at Scion<\/strong>: \u00ab Carbon sequestration potential of plantation forest in New Zealand: No single species is universally best \u00bb <\/li>\n\n\n\n<li><strong>Ander Arias-Gonz\u00e1lez, Head of the Forestry Research Department at Neiker <\/strong>\u00ab Forest soils and CC mitigation. Some thoughts from the Basque Country \u00bb<\/li>\n\n\n\n<li><strong>Simon Martel, Research Fellow at I4CE, <\/strong>\u00abThe CRCF, a European certification framework to increase carbon financing for forest ? \u00bb<\/li>\n<\/ul>\n\n\n\n<div style=\"height:9px\" aria-hidden=\"true\" class=\"wp-block-spacer\"><\/div>\n\n\n\n<p class=\"has-text-color\" style=\"color:#006633\"><strong><span style=\"text-decoration: underline;\">Watch the replay below and download presentation at the bottom of the page<\/span><\/strong><\/p>\n\n\n\n<figure class=\"wp-block-embed aligncenter is-type-video is-provider-dailymotion wp-block-embed-dailymotion wp-embed-aspect-16-9 wp-has-aspect-ratio\"><div class=\"wp-block-embed__wrapper\">\n<iframe title=\"Webinar - Carbon Sequestration in Plantations\" frameborder=\"0\" width=\"525\" height=\"295\" src=\"https:\/\/geo.dailymotion.com\/player.html?video=k1vJmkKWTamTWsBIumI&#038;\" allowfullscreen allow=\"autoplay; fullscreen; picture-in-picture; web-share\"><\/iframe>\n<\/div><\/figure>\n\n\n\n<div style=\"height:47px\" aria-hidden=\"true\" class=\"wp-block-spacer\"><\/div>\n\n\n\n<h2 class=\"wp-block-heading has-text-align-left has-text-color\" style=\"color:#006633;font-size:18px\"><span style=\"text-decoration: underline;\"><strong>Speakers &amp; Presentations<\/strong><\/span> <\/h2>\n\n\n\n<p><\/p>\n\n\n\n<p class=\"has-text-align-left has-black-color has-text-color\" style=\"font-size:16px\">\ud83d\udfe6 <strong>Loretta Garrett,Forest Soil Scientist at Scion: \u00ab Lifting the profile of soil carbon \u00bb  <\/strong><\/p>\n\n\n\n<p style=\"font-size:16px\">\u27a1 <a href=\"https:\/\/www.plantedforests.org\/loretta-garrett-lifting-the-profile-of-soil-carbon\/\" target=\"_blank\" rel=\"noreferrer noopener\">Lifting the profile of soil carbon<\/a><\/p>\n\n\n\n<div style=\"height:15px\" aria-hidden=\"true\" class=\"wp-block-spacer\"><\/div>\n\n\n\n<p class=\"has-text-align-left has-black-color has-text-color\" style=\"font-size:16px\">\ud83d\udfe6<strong>Serajis Salekin, Forest Scientist at Scion: \u00ab Carbon sequestration potential of plantation forest in New Zealand: No single species is universally best \u00bb <\/strong><\/p>\n\n\n\n<p class=\"has-text-align-left has-black-color has-text-color\" style=\"font-size:16px\"><strong>\u27a1<\/strong> <a href=\"https:\/\/www.plantedforests.org\/serajis-salekin-carbon-sequestration-potential-of-plantation-forest-in-new-zealand-no-single-species-is-universally-best\/\" target=\"_blank\" rel=\"noreferrer noopener\">Carbon sequestration potential of plantation forest in New Zealand: No single species is universally best <\/a><\/p>\n\n\n\n<div style=\"height:15px\" aria-hidden=\"true\" class=\"wp-block-spacer\"><\/div>\n\n\n\n<p class=\"has-text-align-left has-black-color has-text-color\" style=\"font-size:16px\">\ud83d\udfe6 <strong>Ander Arias-Gonz\u00e1lez, Head of the Forestry Research Department at Neiker <\/strong><\/p>\n\n\n\n<p class=\"has-text-align-left has-text-color\" style=\"color:#8bb31d;font-size:16px\"><strong>\u27a1 <\/strong><a href=\"https:\/\/www.plantedforests.org\/ander-arias-gonzalez-forest-soils-and-cc-mitigation-some-thoughts-from-the-basque-country\/\">Forest soils and CC mitigation. Some thoughts from the Basque Country<\/a><\/p>\n\n\n\n<p><\/p>\n\n\n\n<p class=\"has-text-align-left has-black-color has-text-color\" style=\"font-size:16px\">\ud83d\udfe6 <strong>Simon Martel, Research Fellow at I4CE, \u00abThe CRCF, a European certification framework to increase carbon financing for forest ? \u00bb<\/strong><\/p>\n\n\n\n<p class=\"has-text-align-left has-text-color\" style=\"color:#8bb31d;font-size:16px\"><strong>\u27a1 <\/strong><a href=\"https:\/\/www.plantedforests.org\/simon-martel-the-crcf-a-european-certification-framework-to-increase-carbon-financing-for-forest\/\" target=\"_blank\" rel=\"noreferrer noopener\">The CRCF, a European certification framework to increase carbon financing for forest?<\/a><\/p>\n\n\n\n<div style=\"height:18px\" aria-hidden=\"true\" class=\"wp-block-spacer\"><\/div>\n\n\n\n<hr class=\"wp-block-separator has-alpha-channel-opacity is-style-wide\"\/>\n\n\n\n<p class=\"has-text-align-center has-black-color has-text-color has-medium-font-size\"><strong>This event is co-organized by the IEFC, the IUFRO task force \u201cResilient Planted Forest Serving Society &amp; Bioeconomy\u201d and the EFI Research Network on Planted Forests<\/strong><\/p>\n\n\n\n<div class=\"wp-block-columns is-layout-flex wp-container-core-columns-is-layout-9d6595d7 wp-block-columns-is-layout-flex\">\n<div class=\"wp-block-column is-layout-flow wp-block-column-is-layout-flow\"><div class=\"wp-block-image\">\n<figure class=\"aligncenter size-large is-resized\"><a href=\"https:\/\/www.iufro.org\/\" target=\"_blank\" rel=\"noreferrer noopener\"><img decoding=\"async\" width=\"1024\" height=\"355\" src=\"https:\/\/www.plantedforests.org\/wp-content\/uploads\/2022\/02\/iufro-claim_150dpi_a-1024x355.jpg\" alt=\"\" class=\"wp-image-5659\" style=\"width:312px;height:108px\" srcset=\"https:\/\/www.plantedforests.org\/wp-content\/uploads\/2022\/02\/iufro-claim_150dpi_a-1024x355.jpg 1024w, https:\/\/www.plantedforests.org\/wp-content\/uploads\/2022\/02\/iufro-claim_150dpi_a-300x104.jpg 300w, https:\/\/www.plantedforests.org\/wp-content\/uploads\/2022\/02\/iufro-claim_150dpi_a-150x52.jpg 150w, https:\/\/www.plantedforests.org\/wp-content\/uploads\/2022\/02\/iufro-claim_150dpi_a-768x266.jpg 768w, https:\/\/www.plantedforests.org\/wp-content\/uploads\/2022\/02\/iufro-claim_150dpi_a.jpg 1142w\" sizes=\"(max-width: 1024px) 100vw, 1024px\" \/><\/a><\/figure>\n<\/div><\/div>\n\n\n\n<div class=\"wp-block-column is-layout-flow wp-block-column-is-layout-flow\"><div class=\"wp-block-image\">\n<figure class=\"aligncenter size-large is-resized\"><a href=\"https:\/\/efi.int\/\" target=\"_blank\" rel=\"noreferrer noopener\"><img decoding=\"async\" width=\"811\" height=\"1024\" src=\"https:\/\/www.plantedforests.org\/wp-content\/uploads\/2022\/02\/EFI-logo_black-811x1024.png\" alt=\"\" class=\"wp-image-5660\" style=\"width:116px;height:145px\" srcset=\"https:\/\/www.plantedforests.org\/wp-content\/uploads\/2022\/02\/EFI-logo_black-811x1024.png 811w, https:\/\/www.plantedforests.org\/wp-content\/uploads\/2022\/02\/EFI-logo_black-238x300.png 238w, https:\/\/www.plantedforests.org\/wp-content\/uploads\/2022\/02\/EFI-logo_black-119x150.png 119w, https:\/\/www.plantedforests.org\/wp-content\/uploads\/2022\/02\/EFI-logo_black-768x970.png 768w, https:\/\/www.plantedforests.org\/wp-content\/uploads\/2022\/02\/EFI-logo_black.png 1122w\" sizes=\"(max-width: 811px) 100vw, 811px\" \/><\/a><\/figure>\n<\/div><\/div>\n<\/div>\n\n\n\n<hr class=\"wp-block-separator has-alpha-channel-opacity is-style-wide\"\/>\n\n\n\n<p><\/p>\n\n\n\n<p class=\"has-text-align-center has-black-color has-text-color has-medium-font-size\"><strong>Main sponsors of IEFC<\/strong><br><a href=\"https:\/\/www.google.com\/url?sa=t&amp;rct=j&amp;q=&amp;esrc=s&amp;source=web&amp;cd=&amp;ved=2ahUKEwiEs6eluNj6AhWXSfEDHSmEAIkQFnoECBQQAQ&amp;url=https%3A%2F%2Fwww.nouvelle-aquitaine.fr%2F&amp;usg=AOvVaw3ZeeWt52gQiiv0gl17635U\" target=\"_blank\" rel=\"noreferrer noopener\">R\u00e9gion Nouvelle Aquitaine France<\/a>, <a href=\"https:\/\/www.euskadi.eus\/gobierno-vasco\/inicio\/\" target=\"_blank\" rel=\"noreferrer noopener\">Gobierno Vasco Spain<\/a>, <a href=\"https:\/\/www.forestresearch.gov.uk\/\" target=\"_blank\" rel=\"noreferrer noopener\">Forest Research <\/a><\/p>\n\n\n\n<figure class=\"wp-block-image size-large\"><img loading=\"lazy\" decoding=\"async\" width=\"1024\" height=\"183\" src=\"https:\/\/www.plantedforests.org\/wp-content\/uploads\/2022\/10\/Webinar-Replay-1024x183.png\" alt=\"\" class=\"wp-image-7367\" srcset=\"https:\/\/www.plantedforests.org\/wp-content\/uploads\/2022\/10\/Webinar-Replay-1024x183.png 1024w, https:\/\/www.plantedforests.org\/wp-content\/uploads\/2022\/10\/Webinar-Replay-300x54.png 300w, https:\/\/www.plantedforests.org\/wp-content\/uploads\/2022\/10\/Webinar-Replay-150x27.png 150w, https:\/\/www.plantedforests.org\/wp-content\/uploads\/2022\/10\/Webinar-Replay-768x137.png 768w, https:\/\/www.plantedforests.org\/wp-content\/uploads\/2022\/10\/Webinar-Replay-1536x274.png 1536w, https:\/\/www.plantedforests.org\/wp-content\/uploads\/2022\/10\/Webinar-Replay-2048x366.png 2048w, https:\/\/www.plantedforests.org\/wp-content\/uploads\/2022\/10\/Webinar-Replay-1320x236.png 1320w\" sizes=\"(max-width: 1024px) 100vw, 1024px\" \/><\/figure>\n\n\n\n<p><\/p>\n","protected":false},"excerpt":{"rendered":"<p>Webinar: Let\u2019s Talk About Planted Forests will focus on Carbon Sequestration in Plantations CO2 emission compensation, Carbon credit, ecosystem restoration, nature based solutions: plant a tree is in most cases [&hellip;]<\/p>\n","protected":false},"author":101,"featured_media":0,"parent":7809,"menu_order":0,"comment_status":"closed","ping_status":"closed","template":"","meta":{"_acf_changed":false,"_eb_attr":"","_EventAllDay":false,"_EventTimezone":"","_EventStartDate":"","_EventEndDate":"","_EventStartDateUTC":"","_EventEndDateUTC":"","_EventShowMap":false,"_EventShowMapLink":false,"_EventURL":"","_EventCost":"","_EventCostDescription":"","_EventCurrencySymbol":"","_EventCurrencyCode":"","_EventCurrencyPosition":"","_EventDateTimeSeparator":"","_EventTimeRangeSeparator":"","_EventOrganizerID":[],"_EventVenueID":[],"_OrganizerEmail":"","_OrganizerPhone":"","_OrganizerWebsite":"","_VenueAddress":"","_VenueCity":"","_VenueCountry":"","_VenueProvince":"","_VenueState":"","_VenueZip":"","_VenuePhone":"","_VenueURL":"","_VenueStateProvince":"","_VenueLat":"","_VenueLng":"","_VenueShowMap":false,"_VenueShowMapLink":false,"activitypub_content_warning":"","activitypub_content_visibility":"","activitypub_max_image_attachments":4,"activitypub_interaction_policy_quote":"anyone","activitypub_status":"federated","footnotes":""},"class_list":["post-20445","page","type-page","status-publish","hentry"],"translation":{"provider":"WPGlobus","version":"3.0.2","language":"fr","enabled_languages":["gb","fr","es","pt"],"languages":{"gb":{"title":true,"content":true,"excerpt":false},"fr":{"title":false,"content":false,"excerpt":false},"es":{"title":false,"content":false,"excerpt":false},"pt":{"title":false,"content":false,"excerpt":false}}},"acf":[],"yoast_head":"<!-- This site is optimized with the Yoast SEO plugin v27.4 - https:\/\/yoast.com\/product\/yoast-seo-wordpress\/ -->\n<title>[04.10.2024] \u2013 Carbon Sequestration in Plantations - Institut Europ\u00e9en de la For\u00eat Cultiv\u00e9e - IEFC<\/title>\n<meta name=\"robots\" content=\"index, follow, max-snippet:-1, max-image-preview:large, max-video-preview:-1\" \/>\n<link rel=\"canonical\" href=\"https:\/\/www.plantedforests.org\/webinars-replays\/04-10-2024-carbon-sequestration-in-plantations\/\" \/>\n<meta property=\"og:locale\" content=\"fr_FR\" \/>\n<meta property=\"og:type\" content=\"article\" \/>\n<meta property=\"og:title\" content=\"[04.10.2024] \u2013 Carbon Sequestration in Plantations - Institut Europ\u00e9en de la For\u00eat Cultiv\u00e9e - IEFC\" \/>\n<meta property=\"og:url\" content=\"https:\/\/www.plantedforests.org\/webinars-replays\/04-10-2024-carbon-sequestration-in-plantations\/\" \/>\n<meta property=\"og:site_name\" content=\"Institut Europ\u00e9en de la For\u00eat Cultiv\u00e9e - IEFC\" \/>\n<meta property=\"article:modified_time\" content=\"2025-05-15T11:44:54+00:00\" \/>\n<meta property=\"og:image\" content=\"https:\/\/www.plantedforests.org\/wp-content\/uploads\/2024\/10\/LTAPF-Carbon-Sequestration-in-Plantations-1024x183.png\" \/>\n<meta name=\"twitter:card\" content=\"summary_large_image\" \/>\n<meta name=\"twitter:site\" content=\"@IEFCPlantForest\" \/>\n<meta name=\"twitter:label1\" content=\"Dur\u00e9e de lecture estim\u00e9e\" \/>\n\t<meta name=\"twitter:data1\" content=\"3 minutes\" \/>\n<script type=\"application\/ld+json\" class=\"yoast-schema-graph\">{\"@context\":\"https:\\\/\\\/schema.org\",\"@graph\":[{\"@type\":\"WebPage\",\"@id\":\"https:\\\/\\\/www.plantedforests.org\\\/webinars-replays\\\/04-10-2024-carbon-sequestration-in-plantations\\\/\",\"url\":\"https:\\\/\\\/www.plantedforests.org\\\/webinars-replays\\\/04-10-2024-carbon-sequestration-in-plantations\\\/\",\"name\":\"[04.10.2024] \u2013 Carbon Sequestration in Plantations - Institut Europ\u00e9en de la For\u00eat Cultiv\u00e9e - IEFC\",\"isPartOf\":{\"@id\":\"https:\\\/\\\/www.plantedforests.org\\\/fr\\\/#website\"},\"primaryImageOfPage\":{\"@id\":\"https:\\\/\\\/www.plantedforests.org\\\/webinars-replays\\\/04-10-2024-carbon-sequestration-in-plantations\\\/#primaryimage\"},\"image\":{\"@id\":\"https:\\\/\\\/www.plantedforests.org\\\/webinars-replays\\\/04-10-2024-carbon-sequestration-in-plantations\\\/#primaryimage\"},\"thumbnailUrl\":\"https:\\\/\\\/www.plantedforests.org\\\/wp-content\\\/uploads\\\/2024\\\/10\\\/LTAPF-Carbon-Sequestration-in-Plantations-1024x183.png\",\"datePublished\":\"2024-10-22T08:22:54+00:00\",\"dateModified\":\"2025-05-15T11:44:54+00:00\",\"breadcrumb\":{\"@id\":\"https:\\\/\\\/www.plantedforests.org\\\/webinars-replays\\\/04-10-2024-carbon-sequestration-in-plantations\\\/#breadcrumb\"},\"inLanguage\":\"fr-FR\",\"potentialAction\":[{\"@type\":\"ReadAction\",\"target\":[\"https:\\\/\\\/www.plantedforests.org\\\/webinars-replays\\\/04-10-2024-carbon-sequestration-in-plantations\\\/\"]}]},{\"@type\":\"ImageObject\",\"inLanguage\":\"fr-FR\",\"@id\":\"https:\\\/\\\/www.plantedforests.org\\\/webinars-replays\\\/04-10-2024-carbon-sequestration-in-plantations\\\/#primaryimage\",\"url\":\"https:\\\/\\\/www.plantedforests.org\\\/wp-content\\\/uploads\\\/2024\\\/10\\\/LTAPF-Carbon-Sequestration-in-Plantations-1024x183.png\",\"contentUrl\":\"https:\\\/\\\/www.plantedforests.org\\\/wp-content\\\/uploads\\\/2024\\\/10\\\/LTAPF-Carbon-Sequestration-in-Plantations-1024x183.png\"},{\"@type\":\"BreadcrumbList\",\"@id\":\"https:\\\/\\\/www.plantedforests.org\\\/webinars-replays\\\/04-10-2024-carbon-sequestration-in-plantations\\\/#breadcrumb\",\"itemListElement\":[{\"@type\":\"ListItem\",\"position\":1,\"name\":\"Accueil\",\"item\":\"https:\\\/\\\/www.plantedforests.org\\\/\"},{\"@type\":\"ListItem\",\"position\":2,\"name\":\"Webinars Replays\",\"item\":\"https:\\\/\\\/www.plantedforests.org\\\/webinars-replays\\\/\"},{\"@type\":\"ListItem\",\"position\":3,\"name\":\"[04.10.2024] \u2013 Carbon Sequestration in Plantations\"}]},{\"@type\":\"WebSite\",\"@id\":\"https:\\\/\\\/www.plantedforests.org\\\/fr\\\/#website\",\"url\":\"https:\\\/\\\/www.plantedforests.org\\\/fr\\\/\",\"name\":\"Institut Europ\u00e9en de la For\u00eat Cultiv\u00e9e - IEFC\",\"description\":\"Le r\u00e9seau multi-acteur pour la gestion durable et la r\u00e9silience des for\u00eats cultiv\u00e9es\",\"publisher\":{\"@id\":\"https:\\\/\\\/www.plantedforests.org\\\/fr\\\/#organization\"},\"potentialAction\":[{\"@type\":\"SearchAction\",\"target\":{\"@type\":\"EntryPoint\",\"urlTemplate\":\"https:\\\/\\\/www.plantedforests.org\\\/fr\\\/?s={search_term_string}\"},\"query-input\":{\"@type\":\"PropertyValueSpecification\",\"valueRequired\":true,\"valueName\":\"search_term_string\"}}],\"inLanguage\":\"fr-FR\"},{\"@type\":\"Organization\",\"@id\":\"https:\\\/\\\/www.plantedforests.org\\\/fr\\\/#organization\",\"name\":\"Institut Europ\u00e9en de la For\u00eat Cultiv\u00e9e - Plantedforests.org\",\"url\":\"https:\\\/\\\/www.plantedforests.org\\\/fr\\\/\",\"logo\":{\"@type\":\"ImageObject\",\"inLanguage\":\"fr-FR\",\"@id\":\"https:\\\/\\\/www.plantedforests.org\\\/fr\\\/#\\\/schema\\\/logo\\\/image\\\/\",\"url\":\"https:\\\/\\\/www.plantedforests.org\\\/wp-content\\\/uploads\\\/2022\\\/07\\\/Logo_iefc__FR.png\",\"contentUrl\":\"https:\\\/\\\/www.plantedforests.org\\\/wp-content\\\/uploads\\\/2022\\\/07\\\/Logo_iefc__FR.png\",\"width\":2031,\"height\":1001,\"caption\":\"Institut Europ\u00e9en de la For\u00eat Cultiv\u00e9e - Plantedforests.org\"},\"image\":{\"@id\":\"https:\\\/\\\/www.plantedforests.org\\\/fr\\\/#\\\/schema\\\/logo\\\/image\\\/\"},\"sameAs\":[\"https:\\\/\\\/x.com\\\/IEFCPlantForest\",\"https:\\\/\\\/www.linkedin.com\\\/company\\\/71728047\\\/\"]}]}<\/script>\n<!-- \/ Yoast SEO plugin. -->","yoast_head_json":{"title":"[04.10.2024] \u2013 Carbon Sequestration in Plantations - Institut Europ\u00e9en de la For\u00eat Cultiv\u00e9e - IEFC","robots":{"index":"index","follow":"follow","max-snippet":"max-snippet:-1","max-image-preview":"max-image-preview:large","max-video-preview":"max-video-preview:-1"},"canonical":"https:\/\/www.plantedforests.org\/webinars-replays\/04-10-2024-carbon-sequestration-in-plantations\/","og_locale":"fr_FR","og_type":"article","og_title":"[04.10.2024] \u2013 Carbon Sequestration in Plantations - Institut Europ\u00e9en de la For\u00eat Cultiv\u00e9e - IEFC","og_url":"https:\/\/www.plantedforests.org\/webinars-replays\/04-10-2024-carbon-sequestration-in-plantations\/","og_site_name":"Institut Europ\u00e9en de la For\u00eat Cultiv\u00e9e - IEFC","article_modified_time":"2025-05-15T11:44:54+00:00","og_image":[{"url":"https:\/\/www.plantedforests.org\/wp-content\/uploads\/2024\/10\/LTAPF-Carbon-Sequestration-in-Plantations-1024x183.png","type":"","width":"","height":""}],"twitter_card":"summary_large_image","twitter_site":"@IEFCPlantForest","twitter_misc":{"Dur\u00e9e de lecture estim\u00e9e":"3 minutes"},"schema":{"@context":"https:\/\/schema.org","@graph":[{"@type":"WebPage","@id":"https:\/\/www.plantedforests.org\/webinars-replays\/04-10-2024-carbon-sequestration-in-plantations\/","url":"https:\/\/www.plantedforests.org\/webinars-replays\/04-10-2024-carbon-sequestration-in-plantations\/","name":"[04.10.2024] \u2013 Carbon Sequestration in Plantations - Institut Europ\u00e9en de la For\u00eat Cultiv\u00e9e - IEFC","isPartOf":{"@id":"https:\/\/www.plantedforests.org\/fr\/#website"},"primaryImageOfPage":{"@id":"https:\/\/www.plantedforests.org\/webinars-replays\/04-10-2024-carbon-sequestration-in-plantations\/#primaryimage"},"image":{"@id":"https:\/\/www.plantedforests.org\/webinars-replays\/04-10-2024-carbon-sequestration-in-plantations\/#primaryimage"},"thumbnailUrl":"https:\/\/www.plantedforests.org\/wp-content\/uploads\/2024\/10\/LTAPF-Carbon-Sequestration-in-Plantations-1024x183.png","datePublished":"2024-10-22T08:22:54+00:00","dateModified":"2025-05-15T11:44:54+00:00","breadcrumb":{"@id":"https:\/\/www.plantedforests.org\/webinars-replays\/04-10-2024-carbon-sequestration-in-plantations\/#breadcrumb"},"inLanguage":"fr-FR","potentialAction":[{"@type":"ReadAction","target":["https:\/\/www.plantedforests.org\/webinars-replays\/04-10-2024-carbon-sequestration-in-plantations\/"]}]},{"@type":"ImageObject","inLanguage":"fr-FR","@id":"https:\/\/www.plantedforests.org\/webinars-replays\/04-10-2024-carbon-sequestration-in-plantations\/#primaryimage","url":"https:\/\/www.plantedforests.org\/wp-content\/uploads\/2024\/10\/LTAPF-Carbon-Sequestration-in-Plantations-1024x183.png","contentUrl":"https:\/\/www.plantedforests.org\/wp-content\/uploads\/2024\/10\/LTAPF-Carbon-Sequestration-in-Plantations-1024x183.png"},{"@type":"BreadcrumbList","@id":"https:\/\/www.plantedforests.org\/webinars-replays\/04-10-2024-carbon-sequestration-in-plantations\/#breadcrumb","itemListElement":[{"@type":"ListItem","position":1,"name":"Accueil","item":"https:\/\/www.plantedforests.org\/"},{"@type":"ListItem","position":2,"name":"Webinars Replays","item":"https:\/\/www.plantedforests.org\/webinars-replays\/"},{"@type":"ListItem","position":3,"name":"[04.10.2024] \u2013 Carbon Sequestration in Plantations"}]},{"@type":"WebSite","@id":"https:\/\/www.plantedforests.org\/fr\/#website","url":"https:\/\/www.plantedforests.org\/fr\/","name":"Institut Europ\u00e9en de la For\u00eat Cultiv\u00e9e - IEFC","description":"Le r\u00e9seau multi-acteur pour la gestion durable et la r\u00e9silience des for\u00eats cultiv\u00e9es","publisher":{"@id":"https:\/\/www.plantedforests.org\/fr\/#organization"},"potentialAction":[{"@type":"SearchAction","target":{"@type":"EntryPoint","urlTemplate":"https:\/\/www.plantedforests.org\/fr\/?s={search_term_string}"},"query-input":{"@type":"PropertyValueSpecification","valueRequired":true,"valueName":"search_term_string"}}],"inLanguage":"fr-FR"},{"@type":"Organization","@id":"https:\/\/www.plantedforests.org\/fr\/#organization","name":"Institut Europ\u00e9en de la For\u00eat Cultiv\u00e9e - Plantedforests.org","url":"https:\/\/www.plantedforests.org\/fr\/","logo":{"@type":"ImageObject","inLanguage":"fr-FR","@id":"https:\/\/www.plantedforests.org\/fr\/#\/schema\/logo\/image\/","url":"https:\/\/www.plantedforests.org\/wp-content\/uploads\/2022\/07\/Logo_iefc__FR.png","contentUrl":"https:\/\/www.plantedforests.org\/wp-content\/uploads\/2022\/07\/Logo_iefc__FR.png","width":2031,"height":1001,"caption":"Institut Europ\u00e9en de la For\u00eat Cultiv\u00e9e - Plantedforests.org"},"image":{"@id":"https:\/\/www.plantedforests.org\/fr\/#\/schema\/logo\/image\/"},"sameAs":["https:\/\/x.com\/IEFCPlantForest","https:\/\/www.linkedin.com\/company\/71728047\/"]}]}},"_links":{"self":[{"href":"https:\/\/www.plantedforests.org\/fr\/wp-json\/wp\/v2\/pages\/20445","targetHints":{"allow":["GET"]}}],"collection":[{"href":"https:\/\/www.plantedforests.org\/fr\/wp-json\/wp\/v2\/pages"}],"about":[{"href":"https:\/\/www.plantedforests.org\/fr\/wp-json\/wp\/v2\/types\/page"}],"author":[{"embeddable":true,"href":"https:\/\/www.plantedforests.org\/fr\/wp-json\/wp\/v2\/users\/101"}],"replies":[{"embeddable":true,"href":"https:\/\/www.plantedforests.org\/fr\/wp-json\/wp\/v2\/comments?post=20445"}],"version-history":[{"count":20,"href":"https:\/\/www.plantedforests.org\/fr\/wp-json\/wp\/v2\/pages\/20445\/revisions"}],"predecessor-version":[{"id":23642,"href":"https:\/\/www.plantedforests.org\/fr\/wp-json\/wp\/v2\/pages\/20445\/revisions\/23642"}],"up":[{"embeddable":true,"href":"https:\/\/www.plantedforests.org\/fr\/wp-json\/wp\/v2\/pages\/7809"}],"wp:attachment":[{"href":"https:\/\/www.plantedforests.org\/fr\/wp-json\/wp\/v2\/media?parent=20445"}],"curies":[{"name":"wp","href":"https:\/\/api.w.org\/{rel}","templated":true}]}}