
{"id":19795,"date":"2024-08-29T15:21:15","date_gmt":"2024-08-29T13:21:15","guid":{"rendered":"https:\/\/www.plantedforests.org\/?page_id=19795"},"modified":"2025-11-25T16:17:54","modified_gmt":"2025-11-25T15:17:54","slug":"factsheets","status":"publish","type":"page","link":"https:\/\/www.plantedforests.org\/fr\/factsheets\/","title":{"rendered":"Factsheets"},"content":{"rendered":"<p>Cette s\u00e9rie de fiches d&rsquo;information porte sur les for\u00eats plant\u00e9es et fournit des informations essentielles au grand public, aux m\u00e9dias et aux parties prenantes du secteur forestier.<\/p>\n<p>Ces ressources visent \u00e0 fournir des chiffres valid\u00e9s sur les plantations foresti\u00e8res et les for\u00eats plant\u00e9es, en analysant les sources d&rsquo;information les plus fiables afin de pr\u00e9senter des faits et des chiffres faciles \u00e0 lire.<\/p>\n<p>Nous invitons les lecteurs \u00e0 consulter ces documents pour approfondir leur compr\u00e9hension de l&rsquo;\u00e9tat actuel des for\u00eats plant\u00e9es, de leur contribution \u00e0 un avenir durable et de leur r\u00f4le dans notre environnement.<\/p>\n<p>\t\t\t\t\t\t\t\t\t\t\t\t\t\t\t<img fetchpriority=\"high\" decoding=\"async\" width=\"525\" height=\"743\" src=\"https:\/\/www.plantedforests.org\/wp-content\/uploads\/2024\/11\/Visuel-Factsheet-1-FR-724x1024.jpg\" alt=\"\" srcset=\"https:\/\/www.plantedforests.org\/wp-content\/uploads\/2024\/11\/Visuel-Factsheet-1-FR-724x1024.jpg 724w, https:\/\/www.plantedforests.org\/wp-content\/uploads\/2024\/11\/Visuel-Factsheet-1-FR-212x300.jpg 212w, https:\/\/www.plantedforests.org\/wp-content\/uploads\/2024\/11\/Visuel-Factsheet-1-FR-106x150.jpg 106w, https:\/\/www.plantedforests.org\/wp-content\/uploads\/2024\/11\/Visuel-Factsheet-1-FR-768x1086.jpg 768w, https:\/\/www.plantedforests.org\/wp-content\/uploads\/2024\/11\/Visuel-Factsheet-1-FR-1086x1536.jpg 1086w, https:\/\/www.plantedforests.org\/wp-content\/uploads\/2024\/11\/Visuel-Factsheet-1-FR-1448x2048.jpg 1448w, https:\/\/www.plantedforests.org\/wp-content\/uploads\/2024\/11\/Visuel-Factsheet-1-FR-1320x1867.jpg 1320w, https:\/\/www.plantedforests.org\/wp-content\/uploads\/2024\/11\/Visuel-Factsheet-1-FR-scaled.jpg 1810w\" sizes=\"(max-width: 525px) 100vw, 525px\" \/>\t\t\t\t\t\t\t\t\t\t\t\t\t\t\t<\/p>\n<h4><strong><a rel=\"tag\" class=\"hashtag u-tag u-category\" href=\"https:\/\/www.plantedforests.org\/fr\/tag\/1\/\">#1<\/a> &#8211; For\u00eats plant\u00e9es, les<br \/>ordres de grandeur &#8211; FRANCE<\/strong><\/h4>\n<p><a href=\"https:\/\/doi.org\/10.57745\/ZUEXJP\" target=\"_blank\" rel=\"noopener\">doi.org\/10.57745\/ZUEXJP<\/a><\/p>\n<p>\t\t\t\t\t<a href=\"https:\/\/www.plantedforests.org\/fr\/factsheets\/planted-forest-general-figures-france\/\" target=\"_blank\"><br \/>\n\t\t\t\t\t\t\t\t\tConsulter<br \/>\n\t\t\t\t\t<\/a><br \/>\n\t\t\t\t\t\t\t\t\t\t\t\t\t\t\t<img decoding=\"async\" width=\"525\" height=\"743\" src=\"https:\/\/www.plantedforests.org\/wp-content\/uploads\/2024\/11\/Visuel-Factsheet-2-FR-724x1024.jpg\" alt=\"\" srcset=\"https:\/\/www.plantedforests.org\/wp-content\/uploads\/2024\/11\/Visuel-Factsheet-2-FR-724x1024.jpg 724w, https:\/\/www.plantedforests.org\/wp-content\/uploads\/2024\/11\/Visuel-Factsheet-2-FR-212x300.jpg 212w, https:\/\/www.plantedforests.org\/wp-content\/uploads\/2024\/11\/Visuel-Factsheet-2-FR-106x150.jpg 106w, https:\/\/www.plantedforests.org\/wp-content\/uploads\/2024\/11\/Visuel-Factsheet-2-FR-768x1086.jpg 768w, https:\/\/www.plantedforests.org\/wp-content\/uploads\/2024\/11\/Visuel-Factsheet-2-FR-1086x1536.jpg 1086w, https:\/\/www.plantedforests.org\/wp-content\/uploads\/2024\/11\/Visuel-Factsheet-2-FR-1448x2048.jpg 1448w, https:\/\/www.plantedforests.org\/wp-content\/uploads\/2024\/11\/Visuel-Factsheet-2-FR-1320x1867.jpg 1320w, https:\/\/www.plantedforests.org\/wp-content\/uploads\/2024\/11\/Visuel-Factsheet-2-FR-scaled.jpg 1810w\" sizes=\"(max-width: 525px) 100vw, 525px\" \/>\t\t\t\t\t\t\t\t\t\t\t\t\t\t\t<\/p>\n<h4><strong><a rel=\"tag\" class=\"hashtag u-tag u-category\" href=\"https:\/\/www.plantedforests.org\/fr\/tag\/2\/\">#2<\/a> &#8211; Histoire des for\u00eats plant\u00e9es en France<br \/><\/strong><\/h4>\n<p><a href=\"https:\/\/doi.org\/10.57745\/0ZKC9I\" target=\"_blank\" rel=\"noopener\">doi.org\/10.57745\/0ZKC9I<\/a><\/p>\n<p>\t\t\t\t\t<a href=\"https:\/\/www.plantedforests.org\/fr\/factsheets\/factsheet-2-histoire-des-forets-plantees-en-france\/\" target=\"_blank\"><br \/>\n\t\t\t\t\t\t\t\t\tConsulter<br \/>\n\t\t\t\t\t<\/a><br \/>\n\t\t\t\t\t\t\t\t\t\t\t\t\t\t\t<img decoding=\"async\" width=\"525\" height=\"743\" src=\"https:\/\/www.plantedforests.org\/wp-content\/uploads\/2025\/11\/Page-de-garde-Factsheet-3-Douglas-724x1024.png\" alt=\"\" srcset=\"https:\/\/www.plantedforests.org\/wp-content\/uploads\/2025\/11\/Page-de-garde-Factsheet-3-Douglas-724x1024.png 724w, https:\/\/www.plantedforests.org\/wp-content\/uploads\/2025\/11\/Page-de-garde-Factsheet-3-Douglas-212x300.png 212w, https:\/\/www.plantedforests.org\/wp-content\/uploads\/2025\/11\/Page-de-garde-Factsheet-3-Douglas-106x150.png 106w, https:\/\/www.plantedforests.org\/wp-content\/uploads\/2025\/11\/Page-de-garde-Factsheet-3-Douglas-768x1086.png 768w, https:\/\/www.plantedforests.org\/wp-content\/uploads\/2025\/11\/Page-de-garde-Factsheet-3-Douglas-1086x1536.png 1086w, https:\/\/www.plantedforests.org\/wp-content\/uploads\/2025\/11\/Page-de-garde-Factsheet-3-Douglas-1320x1867.png 1320w, https:\/\/www.plantedforests.org\/wp-content\/uploads\/2025\/11\/Page-de-garde-Factsheet-3-Douglas.png 1414w\" sizes=\"(max-width: 525px) 100vw, 525px\" \/>\t\t\t\t\t\t\t\t\t\t\t\t\t\t\t<\/p>\n<h4><strong><a rel=\"tag\" class=\"hashtag u-tag u-category\" href=\"https:\/\/www.plantedforests.org\/fr\/tag\/3\/\">#3<\/a> &#8211; Essence des for\u00eats plant\u00e9es : le Douglas \u2013 MONDE<\/strong><\/h4>\n<p><a href=\"https:\/\/doi.org\/10.57745\/V3O9FD\">doi.org\/10.57745\/V3O9FD<\/a><\/p>\n<p>\t\t\t\t\t<a href=\"https:\/\/www.plantedforests.org\/fr\/factsheet-3-essence-des-forets-plantees-le-douglas-monde\/\" target=\"_blank\"><br \/>\n\t\t\t\t\t\t\t\t\tConsulter<br \/>\n\t\t\t\t\t<\/a><\/p>\n","protected":false},"excerpt":{"rendered":"<p>Cette s\u00e9rie de fiches d&rsquo;information porte sur les for\u00eats plant\u00e9es et fournit des informations essentielles au grand public, aux m\u00e9dias et aux parties prenantes du secteur forestier. Ces ressources visent [&hellip;]<\/p>\n","protected":false},"author":101,"featured_media":0,"parent":0,"menu_order":0,"comment_status":"closed","ping_status":"closed","template":"","meta":{"_acf_changed":false,"_eb_attr":"","_EventAllDay":false,"_EventTimezone":"","_EventStartDate":"","_EventEndDate":"","_EventStartDateUTC":"","_EventEndDateUTC":"","_EventShowMap":false,"_EventShowMapLink":false,"_EventURL":"","_EventCost":"","_EventCostDescription":"","_EventCurrencySymbol":"","_EventCurrencyCode":"","_EventCurrencyPosition":"","_EventDateTimeSeparator":"","_EventTimeRangeSeparator":"","_EventOrganizerID":[],"_EventVenueID":[],"_OrganizerEmail":"","_OrganizerPhone":"","_OrganizerWebsite":"","_VenueAddress":"","_VenueCity":"","_VenueCountry":"","_VenueProvince":"","_VenueState":"","_VenueZip":"","_VenuePhone":"","_VenueURL":"","_VenueStateProvince":"","_VenueLat":"","_VenueLng":"","_VenueShowMap":false,"_VenueShowMapLink":false,"activitypub_content_warning":"","activitypub_content_visibility":"","activitypub_max_image_attachments":4,"activitypub_interaction_policy_quote":"anyone","activitypub_status":"federated","footnotes":""},"class_list":["post-19795","page","type-page","status-publish","hentry"],"translation":{"provider":"WPGlobus","version":"3.0.2","language":"fr","enabled_languages":["gb","fr","es","pt"],"languages":{"gb":{"title":true,"content":true,"excerpt":false},"fr":{"title":true,"content":true,"excerpt":false},"es":{"title":false,"content":false,"excerpt":false},"pt":{"title":false,"content":false,"excerpt":false}}},"acf":[],"yoast_head":"<!-- This site is optimized with the Yoast SEO plugin v27.3 - https:\/\/yoast.com\/product\/yoast-seo-wordpress\/ -->\n<title>Factsheets - Institut Europ\u00e9en de la For\u00eat Cultiv\u00e9e - IEFC<\/title>\n<meta name=\"robots\" content=\"index, follow, max-snippet:-1, max-image-preview:large, max-video-preview:-1\" \/>\n<link rel=\"canonical\" href=\"https:\/\/www.plantedforests.org\/factsheets\/\" \/>\n<meta property=\"og:locale\" content=\"fr_FR\" \/>\n<meta property=\"og:type\" content=\"article\" \/>\n<meta property=\"og:title\" content=\"Factsheets - Institut Europ\u00e9en de la For\u00eat Cultiv\u00e9e - IEFC\" \/>\n<meta property=\"og:url\" content=\"https:\/\/www.plantedforests.org\/factsheets\/\" \/>\n<meta property=\"og:site_name\" content=\"Institut Europ\u00e9en de la For\u00eat Cultiv\u00e9e - IEFC\" \/>\n<meta property=\"article:modified_time\" content=\"2025-11-25T15:17:54+00:00\" \/>\n<meta property=\"og:image\" content=\"https:\/\/www.plantedforests.org\/wp-content\/uploads\/2024\/11\/Visuel-Factsheet-1-EN-724x1024.jpg\" \/>\n<meta name=\"twitter:card\" content=\"summary_large_image\" \/>\n<meta name=\"twitter:site\" content=\"@IEFCPlantForest\" \/>\n<meta name=\"twitter:label1\" content=\"Dur\u00e9e de lecture estim\u00e9e\" \/>\n\t<meta name=\"twitter:data1\" content=\"2 minutes\" \/>\n<script type=\"application\/ld+json\" class=\"yoast-schema-graph\">{\"@context\":\"https:\\\/\\\/schema.org\",\"@graph\":[{\"@type\":\"WebPage\",\"@id\":\"https:\\\/\\\/www.plantedforests.org\\\/factsheets\\\/\",\"url\":\"https:\\\/\\\/www.plantedforests.org\\\/factsheets\\\/\",\"name\":\"Factsheets - Institut Europ\u00e9en de la For\u00eat Cultiv\u00e9e - IEFC\",\"isPartOf\":{\"@id\":\"https:\\\/\\\/www.plantedforests.org\\\/fr\\\/#website\"},\"primaryImageOfPage\":{\"@id\":\"https:\\\/\\\/www.plantedforests.org\\\/factsheets\\\/#primaryimage\"},\"image\":{\"@id\":\"https:\\\/\\\/www.plantedforests.org\\\/factsheets\\\/#primaryimage\"},\"thumbnailUrl\":\"https:\\\/\\\/www.plantedforests.org\\\/wp-content\\\/uploads\\\/2024\\\/11\\\/Visuel-Factsheet-1-EN-724x1024.jpg\",\"datePublished\":\"2024-08-29T13:21:15+00:00\",\"dateModified\":\"2025-11-25T15:17:54+00:00\",\"breadcrumb\":{\"@id\":\"https:\\\/\\\/www.plantedforests.org\\\/factsheets\\\/#breadcrumb\"},\"inLanguage\":\"fr-FR\",\"potentialAction\":[{\"@type\":\"ReadAction\",\"target\":[\"https:\\\/\\\/www.plantedforests.org\\\/factsheets\\\/\"]}]},{\"@type\":\"ImageObject\",\"inLanguage\":\"fr-FR\",\"@id\":\"https:\\\/\\\/www.plantedforests.org\\\/factsheets\\\/#primaryimage\",\"url\":\"https:\\\/\\\/www.plantedforests.org\\\/wp-content\\\/uploads\\\/2024\\\/11\\\/Visuel-Factsheet-1-EN-724x1024.jpg\",\"contentUrl\":\"https:\\\/\\\/www.plantedforests.org\\\/wp-content\\\/uploads\\\/2024\\\/11\\\/Visuel-Factsheet-1-EN-724x1024.jpg\"},{\"@type\":\"BreadcrumbList\",\"@id\":\"https:\\\/\\\/www.plantedforests.org\\\/factsheets\\\/#breadcrumb\",\"itemListElement\":[{\"@type\":\"ListItem\",\"position\":1,\"name\":\"Accueil\",\"item\":\"https:\\\/\\\/www.plantedforests.org\\\/\"},{\"@type\":\"ListItem\",\"position\":2,\"name\":\"Factsheets\"}]},{\"@type\":\"WebSite\",\"@id\":\"https:\\\/\\\/www.plantedforests.org\\\/fr\\\/#website\",\"url\":\"https:\\\/\\\/www.plantedforests.org\\\/fr\\\/\",\"name\":\"Institut Europ\u00e9en de la For\u00eat Cultiv\u00e9e - IEFC\",\"description\":\"Le r\u00e9seau multi-acteur pour la gestion durable et la r\u00e9silience des for\u00eats cultiv\u00e9es\",\"publisher\":{\"@id\":\"https:\\\/\\\/www.plantedforests.org\\\/fr\\\/#organization\"},\"potentialAction\":[{\"@type\":\"SearchAction\",\"target\":{\"@type\":\"EntryPoint\",\"urlTemplate\":\"https:\\\/\\\/www.plantedforests.org\\\/fr\\\/?s={search_term_string}\"},\"query-input\":{\"@type\":\"PropertyValueSpecification\",\"valueRequired\":true,\"valueName\":\"search_term_string\"}}],\"inLanguage\":\"fr-FR\"},{\"@type\":\"Organization\",\"@id\":\"https:\\\/\\\/www.plantedforests.org\\\/fr\\\/#organization\",\"name\":\"Institut Europ\u00e9en de la For\u00eat Cultiv\u00e9e - Plantedforests.org\",\"url\":\"https:\\\/\\\/www.plantedforests.org\\\/fr\\\/\",\"logo\":{\"@type\":\"ImageObject\",\"inLanguage\":\"fr-FR\",\"@id\":\"https:\\\/\\\/www.plantedforests.org\\\/fr\\\/#\\\/schema\\\/logo\\\/image\\\/\",\"url\":\"https:\\\/\\\/www.plantedforests.org\\\/wp-content\\\/uploads\\\/2022\\\/07\\\/Logo_iefc__FR.png\",\"contentUrl\":\"https:\\\/\\\/www.plantedforests.org\\\/wp-content\\\/uploads\\\/2022\\\/07\\\/Logo_iefc__FR.png\",\"width\":2031,\"height\":1001,\"caption\":\"Institut Europ\u00e9en de la For\u00eat Cultiv\u00e9e - Plantedforests.org\"},\"image\":{\"@id\":\"https:\\\/\\\/www.plantedforests.org\\\/fr\\\/#\\\/schema\\\/logo\\\/image\\\/\"},\"sameAs\":[\"https:\\\/\\\/x.com\\\/IEFCPlantForest\",\"https:\\\/\\\/www.linkedin.com\\\/company\\\/71728047\\\/\"]}]}<\/script>\n<!-- \/ Yoast SEO plugin. -->","yoast_head_json":{"title":"Factsheets - Institut Europ\u00e9en de la For\u00eat Cultiv\u00e9e - IEFC","robots":{"index":"index","follow":"follow","max-snippet":"max-snippet:-1","max-image-preview":"max-image-preview:large","max-video-preview":"max-video-preview:-1"},"canonical":"https:\/\/www.plantedforests.org\/factsheets\/","og_locale":"fr_FR","og_type":"article","og_title":"Factsheets - Institut Europ\u00e9en de la For\u00eat Cultiv\u00e9e - IEFC","og_url":"https:\/\/www.plantedforests.org\/factsheets\/","og_site_name":"Institut Europ\u00e9en de la For\u00eat Cultiv\u00e9e - IEFC","article_modified_time":"2025-11-25T15:17:54+00:00","og_image":[{"url":"https:\/\/www.plantedforests.org\/wp-content\/uploads\/2024\/11\/Visuel-Factsheet-1-EN-724x1024.jpg","type":"","width":"","height":""}],"twitter_card":"summary_large_image","twitter_site":"@IEFCPlantForest","twitter_misc":{"Dur\u00e9e de lecture estim\u00e9e":"2 minutes"},"schema":{"@context":"https:\/\/schema.org","@graph":[{"@type":"WebPage","@id":"https:\/\/www.plantedforests.org\/factsheets\/","url":"https:\/\/www.plantedforests.org\/factsheets\/","name":"Factsheets - Institut Europ\u00e9en de la For\u00eat Cultiv\u00e9e - IEFC","isPartOf":{"@id":"https:\/\/www.plantedforests.org\/fr\/#website"},"primaryImageOfPage":{"@id":"https:\/\/www.plantedforests.org\/factsheets\/#primaryimage"},"image":{"@id":"https:\/\/www.plantedforests.org\/factsheets\/#primaryimage"},"thumbnailUrl":"https:\/\/www.plantedforests.org\/wp-content\/uploads\/2024\/11\/Visuel-Factsheet-1-EN-724x1024.jpg","datePublished":"2024-08-29T13:21:15+00:00","dateModified":"2025-11-25T15:17:54+00:00","breadcrumb":{"@id":"https:\/\/www.plantedforests.org\/factsheets\/#breadcrumb"},"inLanguage":"fr-FR","potentialAction":[{"@type":"ReadAction","target":["https:\/\/www.plantedforests.org\/factsheets\/"]}]},{"@type":"ImageObject","inLanguage":"fr-FR","@id":"https:\/\/www.plantedforests.org\/factsheets\/#primaryimage","url":"https:\/\/www.plantedforests.org\/wp-content\/uploads\/2024\/11\/Visuel-Factsheet-1-EN-724x1024.jpg","contentUrl":"https:\/\/www.plantedforests.org\/wp-content\/uploads\/2024\/11\/Visuel-Factsheet-1-EN-724x1024.jpg"},{"@type":"BreadcrumbList","@id":"https:\/\/www.plantedforests.org\/factsheets\/#breadcrumb","itemListElement":[{"@type":"ListItem","position":1,"name":"Accueil","item":"https:\/\/www.plantedforests.org\/"},{"@type":"ListItem","position":2,"name":"Factsheets"}]},{"@type":"WebSite","@id":"https:\/\/www.plantedforests.org\/fr\/#website","url":"https:\/\/www.plantedforests.org\/fr\/","name":"Institut Europ\u00e9en de la For\u00eat Cultiv\u00e9e - IEFC","description":"Le r\u00e9seau multi-acteur pour la gestion durable et la r\u00e9silience des for\u00eats cultiv\u00e9es","publisher":{"@id":"https:\/\/www.plantedforests.org\/fr\/#organization"},"potentialAction":[{"@type":"SearchAction","target":{"@type":"EntryPoint","urlTemplate":"https:\/\/www.plantedforests.org\/fr\/?s={search_term_string}"},"query-input":{"@type":"PropertyValueSpecification","valueRequired":true,"valueName":"search_term_string"}}],"inLanguage":"fr-FR"},{"@type":"Organization","@id":"https:\/\/www.plantedforests.org\/fr\/#organization","name":"Institut Europ\u00e9en de la For\u00eat Cultiv\u00e9e - Plantedforests.org","url":"https:\/\/www.plantedforests.org\/fr\/","logo":{"@type":"ImageObject","inLanguage":"fr-FR","@id":"https:\/\/www.plantedforests.org\/fr\/#\/schema\/logo\/image\/","url":"https:\/\/www.plantedforests.org\/wp-content\/uploads\/2022\/07\/Logo_iefc__FR.png","contentUrl":"https:\/\/www.plantedforests.org\/wp-content\/uploads\/2022\/07\/Logo_iefc__FR.png","width":2031,"height":1001,"caption":"Institut Europ\u00e9en de la For\u00eat Cultiv\u00e9e - Plantedforests.org"},"image":{"@id":"https:\/\/www.plantedforests.org\/fr\/#\/schema\/logo\/image\/"},"sameAs":["https:\/\/x.com\/IEFCPlantForest","https:\/\/www.linkedin.com\/company\/71728047\/"]}]}},"_links":{"self":[{"href":"https:\/\/www.plantedforests.org\/fr\/wp-json\/wp\/v2\/pages\/19795","targetHints":{"allow":["GET"]}}],"collection":[{"href":"https:\/\/www.plantedforests.org\/fr\/wp-json\/wp\/v2\/pages"}],"about":[{"href":"https:\/\/www.plantedforests.org\/fr\/wp-json\/wp\/v2\/types\/page"}],"author":[{"embeddable":true,"href":"https:\/\/www.plantedforests.org\/fr\/wp-json\/wp\/v2\/users\/101"}],"replies":[{"embeddable":true,"href":"https:\/\/www.plantedforests.org\/fr\/wp-json\/wp\/v2\/comments?post=19795"}],"version-history":[{"count":149,"href":"https:\/\/www.plantedforests.org\/fr\/wp-json\/wp\/v2\/pages\/19795\/revisions"}],"predecessor-version":[{"id":28902,"href":"https:\/\/www.plantedforests.org\/fr\/wp-json\/wp\/v2\/pages\/19795\/revisions\/28902"}],"wp:attachment":[{"href":"https:\/\/www.plantedforests.org\/fr\/wp-json\/wp\/v2\/media?parent=19795"}],"curies":[{"name":"wp","href":"https:\/\/api.w.org\/{rel}","templated":true}]}}