
{"id":19768,"date":"2024-09-06T16:26:41","date_gmt":"2024-09-06T14:26:41","guid":{"rendered":"https:\/\/www.plantedforests.org\/?page_id=19768"},"modified":"2025-08-11T10:06:12","modified_gmt":"2025-08-11T08:06:12","slug":"press-releases","status":"publish","type":"page","link":"https:\/\/www.plantedforests.org\/fr\/press-releases\/","title":{"rendered":"Communiqu\u00e9s de Presse"},"content":{"rendered":"<p>Retrouvez dans cette rubrique des annonces et initiatives de l&rsquo;Institut. Nos communiqu\u00e9s de presse fournissent un aper\u00e7u des activit\u00e9s, \u00e9v\u00e9nements \u00e0 venir, principales r\u00e9alisations et collaborations de l&rsquo;IEFC.<\/p>\n<h5>8 AO\u00dbT 2025<\/h5>\n<p><strong>FIRES-RES (2021-2025): un projet europ\u00e9en du green deal proposant des innovations pour la gestion des feux extr\u00eames comme ceux observ\u00e9s dans l\u2019Aude <\/strong><\/p>\n<p>\t\t\t\t\t<a href=\"https:\/\/www.plantedforests.org\/communique-de-presse-fires-res-2021-2025-un-projet-europeen-du-green-deal-proposant-des-innovations-pour-la-gestion-des-feux-extremes-comme-ceux-observes-dans-laude\/\" target=\"_blank\"><br \/>\n\t\t\t\t\t\t\t\t\tLire le communiqu\u00e9<br \/>\n\t\t\t\t\t<\/a><\/p>\n<h5>14 MAI 2025<\/h5>\n<p><strong>Coop\u00e9rer, participer et diffuser : l&rsquo;Institut Europ\u00e9en de la For\u00eat Cultiv\u00e9e &#8211; IEFC, un acteur europ\u00e9en pour les for\u00eats plant\u00e9es<\/strong><\/p>\n<p>\t\t\t\t\t<a href=\"https:\/\/www.plantedforests.org\/cooperer-participer-et-diffuser-linstitut-europeen-de-la-foret-cultivee-iefc-un-acteur-europeen-pour-les-forets-plantees\/\" target=\"_blank\"><br \/>\n\t\t\t\t\t\t\t\t\tLire le communiqu\u00e9<br \/>\n\t\t\t\t\t<\/a><\/p>\n<h5>17 MARS 2025<\/h5>\n<p><strong>Journ\u00e9e Internationale des For\u00eats &#8211; L&rsquo; Institut Europ\u00e9en de la For\u00eat Cultiv\u00e9e (IEFC) valorise l&rsquo;importance des for\u00eats plant\u00e9es avec une vid\u00e9o \u00e9ducative<br \/><\/strong><\/p>\n<p>\t\t\t\t\t<a href=\"https:\/\/www.plantedforests.org\/fr\/press-release-international-day-of-forests-2025\/\" target=\"_blank\"><br \/>\n\t\t\t\t\t\t\t\t\tLire le communiqu\u00e9<br \/>\n\t\t\t\t\t<\/a><\/p>\n<h5>16 SEPTEMBRE 2024<\/h5>\n<p><strong>Signature officielle d\u2019une Convention de partenariat entre l\u2019Institut Europ\u00e9en de la For\u00eat Cultiv\u00e9e et le Pays Barval dans le cadre du Projet Alimentaire Territorial (PAT)<\/strong><\/p>\n<p>\t\t\t\t\t<a href=\"https:\/\/www.plantedforests.org\/communique-de-presse-signature-officielle-dune-convention-de-partenariat-entre-linstitut-europeen-de-la-foret-cultivee-et-le-pays-barval-dans-le-cadre-du-projet-alimentaire\/\" target=\"_blank\"><br \/>\n\t\t\t\t\t\t\t\t\tLire le communiqu\u00e9<br \/>\n\t\t\t\t\t<\/a><\/p>\n<h5>12 SEPTEMBRE 2024<\/h5>\n<p><strong>\u00c9v\u00e9nement sur l&rsquo;innovation au service de la pr\u00e9vention et de la lutte contre le risque incendie en Nouvelle-Aquitaine &#8211; Bordeaux et Mimizan &#8211; 8-9 Octobre 2024<\/strong><\/p>\n<p>\t\t\t\t\t<a href=\"https:\/\/www.plantedforests.org\/communique-de-presse-evenement-sur-linnovation-au-service-de-la-prevention-et-de-la-lutte-contre-le-risque-incendie-en-nouvelle-aquitaine\/\" target=\"_blank\"><br \/>\n\t\t\t\t\t\t\t\t\tLire le communiqu\u00e9<br \/>\n\t\t\t\t\t<\/a><\/p>\n","protected":false},"excerpt":{"rendered":"<p>Retrouvez dans cette rubrique des annonces et initiatives de l&rsquo;Institut. Nos communiqu\u00e9s de presse fournissent un aper\u00e7u des activit\u00e9s, \u00e9v\u00e9nements \u00e0 venir, principales r\u00e9alisations et collaborations de l&rsquo;IEFC. 8 AO\u00dbT [&hellip;]<\/p>\n","protected":false},"author":101,"featured_media":0,"parent":0,"menu_order":0,"comment_status":"closed","ping_status":"closed","template":"","meta":{"_acf_changed":false,"_eb_attr":"","_EventAllDay":false,"_EventTimezone":"","_EventStartDate":"","_EventEndDate":"","_EventStartDateUTC":"","_EventEndDateUTC":"","_EventShowMap":false,"_EventShowMapLink":false,"_EventURL":"","_EventCost":"","_EventCostDescription":"","_EventCurrencySymbol":"","_EventCurrencyCode":"","_EventCurrencyPosition":"","_EventDateTimeSeparator":"","_EventTimeRangeSeparator":"","_EventOrganizerID":[],"_EventVenueID":[],"_OrganizerEmail":"","_OrganizerPhone":"","_OrganizerWebsite":"","_VenueAddress":"","_VenueCity":"","_VenueCountry":"","_VenueProvince":"","_VenueState":"","_VenueZip":"","_VenuePhone":"","_VenueURL":"","_VenueStateProvince":"","_VenueLat":"","_VenueLng":"","_VenueShowMap":false,"_VenueShowMapLink":false,"activitypub_content_warning":null,"activitypub_content_visibility":"","activitypub_max_image_attachments":4,"activitypub_interaction_policy_quote":"anyone","activitypub_status":"federated","footnotes":""},"class_list":["post-19768","page","type-page","status-publish","hentry"],"translation":{"provider":"WPGlobus","version":"3.0.2","language":"fr","enabled_languages":["gb","fr","es","pt"],"languages":{"gb":{"title":true,"content":true,"excerpt":false},"fr":{"title":true,"content":true,"excerpt":false},"es":{"title":false,"content":false,"excerpt":false},"pt":{"title":false,"content":false,"excerpt":false}}},"acf":[],"yoast_head":"<!-- This site is optimized with the Yoast SEO plugin v27.3 - https:\/\/yoast.com\/product\/yoast-seo-wordpress\/ -->\n<title>Communiqu\u00e9s de Presse - Institut Europ\u00e9en de la For\u00eat Cultiv\u00e9e - IEFC<\/title>\n<meta name=\"robots\" content=\"index, follow, max-snippet:-1, max-image-preview:large, max-video-preview:-1\" \/>\n<link rel=\"canonical\" href=\"https:\/\/www.plantedforests.org\/press-releases\/\" \/>\n<meta property=\"og:locale\" content=\"fr_FR\" \/>\n<meta property=\"og:type\" content=\"article\" \/>\n<meta property=\"og:title\" content=\"Communiqu\u00e9s de Presse - Institut Europ\u00e9en de la For\u00eat Cultiv\u00e9e - IEFC\" \/>\n<meta property=\"og:url\" content=\"https:\/\/www.plantedforests.org\/press-releases\/\" \/>\n<meta property=\"og:site_name\" content=\"Institut Europ\u00e9en de la For\u00eat Cultiv\u00e9e - IEFC\" \/>\n<meta property=\"article:modified_time\" content=\"2025-08-11T08:06:12+00:00\" \/>\n<meta name=\"twitter:card\" content=\"summary_large_image\" \/>\n<meta name=\"twitter:site\" content=\"@IEFCPlantForest\" \/>\n<meta name=\"twitter:label1\" content=\"Dur\u00e9e de lecture estim\u00e9e\" \/>\n\t<meta name=\"twitter:data1\" content=\"1 minute\" \/>\n<script type=\"application\/ld+json\" class=\"yoast-schema-graph\">{\"@context\":\"https:\\\/\\\/schema.org\",\"@graph\":[{\"@type\":\"WebPage\",\"@id\":\"https:\\\/\\\/www.plantedforests.org\\\/press-releases\\\/\",\"url\":\"https:\\\/\\\/www.plantedforests.org\\\/press-releases\\\/\",\"name\":\"Communiqu\u00e9s de Presse - Institut Europ\u00e9en de la For\u00eat Cultiv\u00e9e - IEFC\",\"isPartOf\":{\"@id\":\"https:\\\/\\\/www.plantedforests.org\\\/fr\\\/#website\"},\"datePublished\":\"2024-09-06T14:26:41+00:00\",\"dateModified\":\"2025-08-11T08:06:12+00:00\",\"breadcrumb\":{\"@id\":\"https:\\\/\\\/www.plantedforests.org\\\/press-releases\\\/#breadcrumb\"},\"inLanguage\":\"fr-FR\",\"potentialAction\":[{\"@type\":\"ReadAction\",\"target\":[\"https:\\\/\\\/www.plantedforests.org\\\/press-releases\\\/\"]}]},{\"@type\":\"BreadcrumbList\",\"@id\":\"https:\\\/\\\/www.plantedforests.org\\\/press-releases\\\/#breadcrumb\",\"itemListElement\":[{\"@type\":\"ListItem\",\"position\":1,\"name\":\"Accueil\",\"item\":\"https:\\\/\\\/www.plantedforests.org\\\/\"},{\"@type\":\"ListItem\",\"position\":2,\"name\":\"Press Releases\"}]},{\"@type\":\"WebSite\",\"@id\":\"https:\\\/\\\/www.plantedforests.org\\\/fr\\\/#website\",\"url\":\"https:\\\/\\\/www.plantedforests.org\\\/fr\\\/\",\"name\":\"Institut Europ\u00e9en de la For\u00eat Cultiv\u00e9e - IEFC\",\"description\":\"Le r\u00e9seau multi-acteur pour la gestion durable et la r\u00e9silience des for\u00eats cultiv\u00e9es\",\"publisher\":{\"@id\":\"https:\\\/\\\/www.plantedforests.org\\\/fr\\\/#organization\"},\"potentialAction\":[{\"@type\":\"SearchAction\",\"target\":{\"@type\":\"EntryPoint\",\"urlTemplate\":\"https:\\\/\\\/www.plantedforests.org\\\/fr\\\/?s={search_term_string}\"},\"query-input\":{\"@type\":\"PropertyValueSpecification\",\"valueRequired\":true,\"valueName\":\"search_term_string\"}}],\"inLanguage\":\"fr-FR\"},{\"@type\":\"Organization\",\"@id\":\"https:\\\/\\\/www.plantedforests.org\\\/fr\\\/#organization\",\"name\":\"Institut Europ\u00e9en de la For\u00eat Cultiv\u00e9e - Plantedforests.org\",\"url\":\"https:\\\/\\\/www.plantedforests.org\\\/fr\\\/\",\"logo\":{\"@type\":\"ImageObject\",\"inLanguage\":\"fr-FR\",\"@id\":\"https:\\\/\\\/www.plantedforests.org\\\/fr\\\/#\\\/schema\\\/logo\\\/image\\\/\",\"url\":\"https:\\\/\\\/www.plantedforests.org\\\/wp-content\\\/uploads\\\/2022\\\/07\\\/Logo_iefc__FR.png\",\"contentUrl\":\"https:\\\/\\\/www.plantedforests.org\\\/wp-content\\\/uploads\\\/2022\\\/07\\\/Logo_iefc__FR.png\",\"width\":2031,\"height\":1001,\"caption\":\"Institut Europ\u00e9en de la For\u00eat Cultiv\u00e9e - Plantedforests.org\"},\"image\":{\"@id\":\"https:\\\/\\\/www.plantedforests.org\\\/fr\\\/#\\\/schema\\\/logo\\\/image\\\/\"},\"sameAs\":[\"https:\\\/\\\/x.com\\\/IEFCPlantForest\",\"https:\\\/\\\/www.linkedin.com\\\/company\\\/71728047\\\/\"]}]}<\/script>\n<!-- \/ Yoast SEO plugin. -->","yoast_head_json":{"title":"Communiqu\u00e9s de Presse - Institut Europ\u00e9en de la For\u00eat Cultiv\u00e9e - IEFC","robots":{"index":"index","follow":"follow","max-snippet":"max-snippet:-1","max-image-preview":"max-image-preview:large","max-video-preview":"max-video-preview:-1"},"canonical":"https:\/\/www.plantedforests.org\/press-releases\/","og_locale":"fr_FR","og_type":"article","og_title":"Communiqu\u00e9s de Presse - Institut Europ\u00e9en de la For\u00eat Cultiv\u00e9e - IEFC","og_url":"https:\/\/www.plantedforests.org\/press-releases\/","og_site_name":"Institut Europ\u00e9en de la For\u00eat Cultiv\u00e9e - IEFC","article_modified_time":"2025-08-11T08:06:12+00:00","twitter_card":"summary_large_image","twitter_site":"@IEFCPlantForest","twitter_misc":{"Dur\u00e9e de lecture estim\u00e9e":"1 minute"},"schema":{"@context":"https:\/\/schema.org","@graph":[{"@type":"WebPage","@id":"https:\/\/www.plantedforests.org\/press-releases\/","url":"https:\/\/www.plantedforests.org\/press-releases\/","name":"Communiqu\u00e9s de Presse - Institut Europ\u00e9en de la For\u00eat Cultiv\u00e9e - IEFC","isPartOf":{"@id":"https:\/\/www.plantedforests.org\/fr\/#website"},"datePublished":"2024-09-06T14:26:41+00:00","dateModified":"2025-08-11T08:06:12+00:00","breadcrumb":{"@id":"https:\/\/www.plantedforests.org\/press-releases\/#breadcrumb"},"inLanguage":"fr-FR","potentialAction":[{"@type":"ReadAction","target":["https:\/\/www.plantedforests.org\/press-releases\/"]}]},{"@type":"BreadcrumbList","@id":"https:\/\/www.plantedforests.org\/press-releases\/#breadcrumb","itemListElement":[{"@type":"ListItem","position":1,"name":"Accueil","item":"https:\/\/www.plantedforests.org\/"},{"@type":"ListItem","position":2,"name":"Press Releases"}]},{"@type":"WebSite","@id":"https:\/\/www.plantedforests.org\/fr\/#website","url":"https:\/\/www.plantedforests.org\/fr\/","name":"Institut Europ\u00e9en de la For\u00eat Cultiv\u00e9e - IEFC","description":"Le r\u00e9seau multi-acteur pour la gestion durable et la r\u00e9silience des for\u00eats cultiv\u00e9es","publisher":{"@id":"https:\/\/www.plantedforests.org\/fr\/#organization"},"potentialAction":[{"@type":"SearchAction","target":{"@type":"EntryPoint","urlTemplate":"https:\/\/www.plantedforests.org\/fr\/?s={search_term_string}"},"query-input":{"@type":"PropertyValueSpecification","valueRequired":true,"valueName":"search_term_string"}}],"inLanguage":"fr-FR"},{"@type":"Organization","@id":"https:\/\/www.plantedforests.org\/fr\/#organization","name":"Institut Europ\u00e9en de la For\u00eat Cultiv\u00e9e - Plantedforests.org","url":"https:\/\/www.plantedforests.org\/fr\/","logo":{"@type":"ImageObject","inLanguage":"fr-FR","@id":"https:\/\/www.plantedforests.org\/fr\/#\/schema\/logo\/image\/","url":"https:\/\/www.plantedforests.org\/wp-content\/uploads\/2022\/07\/Logo_iefc__FR.png","contentUrl":"https:\/\/www.plantedforests.org\/wp-content\/uploads\/2022\/07\/Logo_iefc__FR.png","width":2031,"height":1001,"caption":"Institut Europ\u00e9en de la For\u00eat Cultiv\u00e9e - Plantedforests.org"},"image":{"@id":"https:\/\/www.plantedforests.org\/fr\/#\/schema\/logo\/image\/"},"sameAs":["https:\/\/x.com\/IEFCPlantForest","https:\/\/www.linkedin.com\/company\/71728047\/"]}]}},"_links":{"self":[{"href":"https:\/\/www.plantedforests.org\/fr\/wp-json\/wp\/v2\/pages\/19768","targetHints":{"allow":["GET"]}}],"collection":[{"href":"https:\/\/www.plantedforests.org\/fr\/wp-json\/wp\/v2\/pages"}],"about":[{"href":"https:\/\/www.plantedforests.org\/fr\/wp-json\/wp\/v2\/types\/page"}],"author":[{"embeddable":true,"href":"https:\/\/www.plantedforests.org\/fr\/wp-json\/wp\/v2\/users\/101"}],"replies":[{"embeddable":true,"href":"https:\/\/www.plantedforests.org\/fr\/wp-json\/wp\/v2\/comments?post=19768"}],"version-history":[{"count":118,"href":"https:\/\/www.plantedforests.org\/fr\/wp-json\/wp\/v2\/pages\/19768\/revisions"}],"predecessor-version":[{"id":26929,"href":"https:\/\/www.plantedforests.org\/fr\/wp-json\/wp\/v2\/pages\/19768\/revisions\/26929"}],"wp:attachment":[{"href":"https:\/\/www.plantedforests.org\/fr\/wp-json\/wp\/v2\/media?parent=19768"}],"curies":[{"name":"wp","href":"https:\/\/api.w.org\/{rel}","templated":true}]}}