
{"id":18780,"date":"2024-06-14T14:56:03","date_gmt":"2024-06-14T12:56:03","guid":{"rendered":"https:\/\/www.plantedforests.org\/?page_id=18780"},"modified":"2025-10-09T11:24:08","modified_gmt":"2025-10-09T09:24:08","slug":"fire-res-innovation-actions","status":"publish","type":"page","link":"https:\/\/www.plantedforests.org\/fr\/fire-res-innovation-actions\/","title":{"rendered":"FIRE-RES &#8211; Innovation Actions"},"content":{"rendered":"\t\t<div data-elementor-type=\"wp-page\" data-elementor-id=\"18780\" class=\"elementor elementor-18780\" data-elementor-post-type=\"page\">\n\t\t\t\t<div class=\"elementor-element elementor-element-f97b0b0 e-flex e-con-boxed e-con e-parent\" data-id=\"f97b0b0\" data-element_type=\"container\" data-e-type=\"container\">\n\t\t\t\t\t<div class=\"e-con-inner\">\n\t\t\t\t<div class=\"elementor-element elementor-element-c2926bf elementor-widget elementor-widget-text-editor\" data-id=\"c2926bf\" data-element_type=\"widget\" data-e-type=\"widget\" data-widget_type=\"text-editor.default\">\n\t\t\t\t<div class=\"elementor-widget-container\">\n\t\t\t\t\t\t\t\t\t<p>Welcome to our webinar series on Innovation Actions in the European FIRE-RES project!<\/p><p>These webinars are intended to share the exciting Innovation Actions (IAs) developed by FIRE-RES. These actions include steps for fire prevention, preparedness, detection, response, and recovery. Each 2-hour session will focus on five different IAs, giving you a closer look at the innovative ideas and solutions we are working on.<\/p><p>Our goal is to share these results with a wide audience, including firefighters, researchers, students, and landowners who are interested in solving fire risk challenges. Join us to learn from the leaders of these Innovation Actions, see the latest in fire management techniques, and find out how these ideas can be applied in different situations.<\/p><p>Don&rsquo;t miss this opportunity to network with experts and others in the field and access presentations from our IA leaders. Check out our <a href=\"https:\/\/www.plantedforests.org\/infrastructures\/living-labs\/\" target=\"_blank\" rel=\"noopener\">Living Labs<\/a> section to see where and how these Innovation Actions are making a difference in Aquitaine !<\/p>\t\t\t\t\t\t\t\t<\/div>\n\t\t\t\t<\/div>\n\t\t\t\t\t<\/div>\n\t\t\t\t<\/div>\n\t\t<div class=\"elementor-element elementor-element-4f1302c e-flex e-con-boxed e-con e-parent\" data-id=\"4f1302c\" data-element_type=\"container\" data-e-type=\"container\">\n\t\t\t\t\t<div class=\"e-con-inner\">\n\t\t\t\t<div class=\"elementor-element elementor-element-eae3b25 elementor-widget elementor-widget-text-editor\" data-id=\"eae3b25\" data-element_type=\"widget\" data-e-type=\"widget\" data-widget_type=\"text-editor.default\">\n\t\t\t\t<div class=\"elementor-widget-container\">\n\t\t\t\t\t\t\t\t\t<p><span style=\"text-decoration: underline;\"><strong>Webinar 1:<\/strong><\/span><\/p><p class=\"has-black-color has-text-color has-link-color wp-elements-b7434b9b8aa5b74360d87474d54a8bf6\">FIRE-RES first webinar on Innovation actions highlights and results with a focus on fire risk prevention innovative tools.<\/p><p><a href=\"https:\/\/www.plantedforests.org\/fire-res-innovation-actions\/presentations\/\" target=\"_blank\" rel=\"noopener\">Access to the presentations<\/a><\/p>\t\t\t\t\t\t\t\t<\/div>\n\t\t\t\t<\/div>\n\t\t\t\t\t<\/div>\n\t\t\t\t<\/div>\n\t\t<div class=\"elementor-element elementor-element-70e7456 e-flex e-con-boxed e-con e-parent\" data-id=\"70e7456\" data-element_type=\"container\" data-e-type=\"container\">\n\t\t\t\t\t<div class=\"e-con-inner\">\n\t\t\t\t<div class=\"elementor-element elementor-element-707014e elementor-widget elementor-widget-text-editor\" data-id=\"707014e\" data-element_type=\"widget\" data-e-type=\"widget\" data-widget_type=\"text-editor.default\">\n\t\t\t\t<div class=\"elementor-widget-container\">\n\t\t\t\t\t\t\t\t\t<p><span style=\"text-decoration: underline;\"><strong>Webinar 2:<\/strong><\/span><\/p><p class=\"has-black-color has-text-color has-link-color wp-elements-b7434b9b8aa5b74360d87474d54a8bf6\">After the successful kick-off in May, we are thrilled to announce our upcoming webinar focused on <strong>Innovation Actions<\/strong> that are paving the way for more effective wildfire prevention and early response.\u00a0 \u201c<strong>Enhancing wildfire prevention: Innovative tools and strategies for preparedness and early response<\/strong><\/p><p><a href=\"https:\/\/fire-res.eu\/event\/fire-res-innovation-actions-webinar-n2\/\" target=\"_blank\" rel=\"noopener\">Access to the presentations<\/a><\/p>\t\t\t\t\t\t\t\t<\/div>\n\t\t\t\t<\/div>\n\t\t\t\t\t<\/div>\n\t\t\t\t<\/div>\n\t\t<div class=\"elementor-element elementor-element-a905934 e-flex e-con-boxed e-con e-parent\" data-id=\"a905934\" data-element_type=\"container\" data-e-type=\"container\">\n\t\t\t\t\t<div class=\"e-con-inner\">\n\t\t\t\t<div class=\"elementor-element elementor-element-cd1046b elementor-widget elementor-widget-text-editor\" data-id=\"cd1046b\" data-element_type=\"widget\" data-e-type=\"widget\" data-widget_type=\"text-editor.default\">\n\t\t\t\t<div class=\"elementor-widget-container\">\n\t\t\t\t\t\t\t\t\t<p><span style=\"text-decoration: underline;\"><strong>Webinar 3:<\/strong><\/span><\/p><p class=\"has-black-color has-text-color has-link-color wp-elements-b7434b9b8aa5b74360d87474d54a8bf6\">The third session will showcase highlights and results of I.A.s with a focus on fire risk prevention innovative tools.<\/p><p><a href=\"https:\/\/fire-res.eu\/event\/fire-res-innovation-actions-webinar-n3\/\" target=\"_blank\" rel=\"noopener\">Access to the presentations <\/a><\/p><p><a href=\"https:\/\/www.dailymotion.com\/video\/k7aRnliUeZzOVgCuYbs\" target=\"_blank\" rel=\"noopener\">Access to the replay<\/a><\/p>\t\t\t\t\t\t\t\t<\/div>\n\t\t\t\t<\/div>\n\t\t\t\t<div class=\"elementor-element elementor-element-3e20754 elementor-widget elementor-widget-text-editor\" data-id=\"3e20754\" data-element_type=\"widget\" data-e-type=\"widget\" data-widget_type=\"text-editor.default\">\n\t\t\t\t<div class=\"elementor-widget-container\">\n\t\t\t\t\t\t\t\t\t<p><span style=\"text-decoration: underline;\"><strong>Webinar 4:<\/strong><\/span><\/p><p class=\"has-black-color has-text-color has-link-color wp-elements-b7434b9b8aa5b74360d87474d54a8bf6\">The fourth session, \u201c<strong>Next generation tools for predicting, simulating &amp; managing wildfire risks<\/strong>\u201d, will showcase highlights and results of I.A.s with a focus on advanced technology solutions to improve integrated wildfire risk management.<\/p><p><a href=\"https:\/\/fire-res.eu\/event\/fire-res-innovation-actions-webinar-n4\/\" target=\"_blank\" rel=\"noopener\">Access to the presentations <\/a><\/p><p><a href=\"https:\/\/dai.ly\/x9rvmv0\" target=\"_blank\" rel=\"noopener\">Access to the replay &#8211; part 1<\/a><\/p><p><a href=\"https:\/\/dai.ly\/x9rvnxo\">Access to the replay &#8211; part 2<\/a><\/p>\t\t\t\t\t\t\t\t<\/div>\n\t\t\t\t<\/div>\n\t\t\t\t\t<\/div>\n\t\t\t\t<\/div>\n\t\t\t\t<\/div>\n\t\t","protected":false},"excerpt":{"rendered":"<p>Welcome to our webinar series on Innovation Actions in the European FIRE-RES project! These webinars are intended to share the exciting Innovation Actions (IAs) developed by FIRE-RES. These actions include [&hellip;]<\/p>\n","protected":false},"author":101,"featured_media":0,"parent":0,"menu_order":0,"comment_status":"closed","ping_status":"closed","template":"","meta":{"_acf_changed":false,"_eb_attr":"","_EventAllDay":false,"_EventTimezone":"","_EventStartDate":"","_EventEndDate":"","_EventStartDateUTC":"","_EventEndDateUTC":"","_EventShowMap":false,"_EventShowMapLink":false,"_EventURL":"","_EventCost":"","_EventCostDescription":"","_EventCurrencySymbol":"","_EventCurrencyCode":"","_EventCurrencyPosition":"","_EventDateTimeSeparator":"","_EventTimeRangeSeparator":"","_EventOrganizerID":[],"_EventVenueID":[],"_OrganizerEmail":"","_OrganizerPhone":"","_OrganizerWebsite":"","_VenueAddress":"","_VenueCity":"","_VenueCountry":"","_VenueProvince":"","_VenueState":"","_VenueZip":"","_VenuePhone":"","_VenueURL":"","_VenueStateProvince":"","_VenueLat":"","_VenueLng":"","_VenueShowMap":false,"_VenueShowMapLink":false,"activitypub_content_warning":"","activitypub_content_visibility":"","activitypub_max_image_attachments":4,"activitypub_interaction_policy_quote":"anyone","activitypub_status":"federated","footnotes":""},"class_list":["post-18780","page","type-page","status-publish","hentry"],"translation":{"provider":"WPGlobus","version":"3.0.2","language":"fr","enabled_languages":["gb","fr","es","pt"],"languages":{"gb":{"title":true,"content":true,"excerpt":false},"fr":{"title":false,"content":false,"excerpt":false},"es":{"title":false,"content":false,"excerpt":false},"pt":{"title":false,"content":false,"excerpt":false}}},"acf":[],"yoast_head":"<!-- This site is optimized with the Yoast SEO plugin v27.3 - https:\/\/yoast.com\/product\/yoast-seo-wordpress\/ -->\n<title>FIRE-RES - Innovation Actions - Institut Europ\u00e9en de la For\u00eat Cultiv\u00e9e - IEFC<\/title>\n<meta name=\"robots\" content=\"index, follow, max-snippet:-1, max-image-preview:large, max-video-preview:-1\" \/>\n<link rel=\"canonical\" href=\"https:\/\/www.plantedforests.org\/fire-res-innovation-actions\/\" \/>\n<meta property=\"og:locale\" content=\"fr_FR\" \/>\n<meta property=\"og:type\" content=\"article\" \/>\n<meta property=\"og:title\" content=\"FIRE-RES - Innovation Actions - Institut Europ\u00e9en de la For\u00eat Cultiv\u00e9e - IEFC\" \/>\n<meta property=\"og:url\" content=\"https:\/\/www.plantedforests.org\/fire-res-innovation-actions\/\" \/>\n<meta property=\"og:site_name\" content=\"Institut Europ\u00e9en de la For\u00eat Cultiv\u00e9e - IEFC\" \/>\n<meta property=\"article:modified_time\" content=\"2025-10-09T09:24:08+00:00\" \/>\n<meta name=\"twitter:card\" content=\"summary_large_image\" \/>\n<meta name=\"twitter:site\" content=\"@IEFCPlantForest\" \/>\n<meta name=\"twitter:label1\" content=\"Dur\u00e9e de lecture estim\u00e9e\" \/>\n\t<meta name=\"twitter:data1\" content=\"2 minutes\" \/>\n<script type=\"application\/ld+json\" class=\"yoast-schema-graph\">{\"@context\":\"https:\\\/\\\/schema.org\",\"@graph\":[{\"@type\":\"WebPage\",\"@id\":\"https:\\\/\\\/www.plantedforests.org\\\/fire-res-innovation-actions\\\/\",\"url\":\"https:\\\/\\\/www.plantedforests.org\\\/fire-res-innovation-actions\\\/\",\"name\":\"FIRE-RES - Innovation Actions - Institut Europ\u00e9en de la For\u00eat Cultiv\u00e9e - IEFC\",\"isPartOf\":{\"@id\":\"https:\\\/\\\/www.plantedforests.org\\\/fr\\\/#website\"},\"datePublished\":\"2024-06-14T12:56:03+00:00\",\"dateModified\":\"2025-10-09T09:24:08+00:00\",\"breadcrumb\":{\"@id\":\"https:\\\/\\\/www.plantedforests.org\\\/fire-res-innovation-actions\\\/#breadcrumb\"},\"inLanguage\":\"fr-FR\",\"potentialAction\":[{\"@type\":\"ReadAction\",\"target\":[\"https:\\\/\\\/www.plantedforests.org\\\/fire-res-innovation-actions\\\/\"]}]},{\"@type\":\"BreadcrumbList\",\"@id\":\"https:\\\/\\\/www.plantedforests.org\\\/fire-res-innovation-actions\\\/#breadcrumb\",\"itemListElement\":[{\"@type\":\"ListItem\",\"position\":1,\"name\":\"Accueil\",\"item\":\"https:\\\/\\\/www.plantedforests.org\\\/\"},{\"@type\":\"ListItem\",\"position\":2,\"name\":\"FIRE-RES &#8211; Innovation Actions\"}]},{\"@type\":\"WebSite\",\"@id\":\"https:\\\/\\\/www.plantedforests.org\\\/fr\\\/#website\",\"url\":\"https:\\\/\\\/www.plantedforests.org\\\/fr\\\/\",\"name\":\"Institut Europ\u00e9en de la For\u00eat Cultiv\u00e9e - IEFC\",\"description\":\"Le r\u00e9seau multi-acteur pour la gestion durable et la r\u00e9silience des for\u00eats cultiv\u00e9es\",\"publisher\":{\"@id\":\"https:\\\/\\\/www.plantedforests.org\\\/fr\\\/#organization\"},\"potentialAction\":[{\"@type\":\"SearchAction\",\"target\":{\"@type\":\"EntryPoint\",\"urlTemplate\":\"https:\\\/\\\/www.plantedforests.org\\\/fr\\\/?s={search_term_string}\"},\"query-input\":{\"@type\":\"PropertyValueSpecification\",\"valueRequired\":true,\"valueName\":\"search_term_string\"}}],\"inLanguage\":\"fr-FR\"},{\"@type\":\"Organization\",\"@id\":\"https:\\\/\\\/www.plantedforests.org\\\/fr\\\/#organization\",\"name\":\"Institut Europ\u00e9en de la For\u00eat Cultiv\u00e9e - Plantedforests.org\",\"url\":\"https:\\\/\\\/www.plantedforests.org\\\/fr\\\/\",\"logo\":{\"@type\":\"ImageObject\",\"inLanguage\":\"fr-FR\",\"@id\":\"https:\\\/\\\/www.plantedforests.org\\\/fr\\\/#\\\/schema\\\/logo\\\/image\\\/\",\"url\":\"https:\\\/\\\/www.plantedforests.org\\\/wp-content\\\/uploads\\\/2022\\\/07\\\/Logo_iefc__FR.png\",\"contentUrl\":\"https:\\\/\\\/www.plantedforests.org\\\/wp-content\\\/uploads\\\/2022\\\/07\\\/Logo_iefc__FR.png\",\"width\":2031,\"height\":1001,\"caption\":\"Institut Europ\u00e9en de la For\u00eat Cultiv\u00e9e - Plantedforests.org\"},\"image\":{\"@id\":\"https:\\\/\\\/www.plantedforests.org\\\/fr\\\/#\\\/schema\\\/logo\\\/image\\\/\"},\"sameAs\":[\"https:\\\/\\\/x.com\\\/IEFCPlantForest\",\"https:\\\/\\\/www.linkedin.com\\\/company\\\/71728047\\\/\"]}]}<\/script>\n<!-- \/ Yoast SEO plugin. -->","yoast_head_json":{"title":"FIRE-RES - Innovation Actions - Institut Europ\u00e9en de la For\u00eat Cultiv\u00e9e - IEFC","robots":{"index":"index","follow":"follow","max-snippet":"max-snippet:-1","max-image-preview":"max-image-preview:large","max-video-preview":"max-video-preview:-1"},"canonical":"https:\/\/www.plantedforests.org\/fire-res-innovation-actions\/","og_locale":"fr_FR","og_type":"article","og_title":"FIRE-RES - Innovation Actions - Institut Europ\u00e9en de la For\u00eat Cultiv\u00e9e - IEFC","og_url":"https:\/\/www.plantedforests.org\/fire-res-innovation-actions\/","og_site_name":"Institut Europ\u00e9en de la For\u00eat Cultiv\u00e9e - IEFC","article_modified_time":"2025-10-09T09:24:08+00:00","twitter_card":"summary_large_image","twitter_site":"@IEFCPlantForest","twitter_misc":{"Dur\u00e9e de lecture estim\u00e9e":"2 minutes"},"schema":{"@context":"https:\/\/schema.org","@graph":[{"@type":"WebPage","@id":"https:\/\/www.plantedforests.org\/fire-res-innovation-actions\/","url":"https:\/\/www.plantedforests.org\/fire-res-innovation-actions\/","name":"FIRE-RES - Innovation Actions - Institut Europ\u00e9en de la For\u00eat Cultiv\u00e9e - IEFC","isPartOf":{"@id":"https:\/\/www.plantedforests.org\/fr\/#website"},"datePublished":"2024-06-14T12:56:03+00:00","dateModified":"2025-10-09T09:24:08+00:00","breadcrumb":{"@id":"https:\/\/www.plantedforests.org\/fire-res-innovation-actions\/#breadcrumb"},"inLanguage":"fr-FR","potentialAction":[{"@type":"ReadAction","target":["https:\/\/www.plantedforests.org\/fire-res-innovation-actions\/"]}]},{"@type":"BreadcrumbList","@id":"https:\/\/www.plantedforests.org\/fire-res-innovation-actions\/#breadcrumb","itemListElement":[{"@type":"ListItem","position":1,"name":"Accueil","item":"https:\/\/www.plantedforests.org\/"},{"@type":"ListItem","position":2,"name":"FIRE-RES &#8211; Innovation Actions"}]},{"@type":"WebSite","@id":"https:\/\/www.plantedforests.org\/fr\/#website","url":"https:\/\/www.plantedforests.org\/fr\/","name":"Institut Europ\u00e9en de la For\u00eat Cultiv\u00e9e - IEFC","description":"Le r\u00e9seau multi-acteur pour la gestion durable et la r\u00e9silience des for\u00eats cultiv\u00e9es","publisher":{"@id":"https:\/\/www.plantedforests.org\/fr\/#organization"},"potentialAction":[{"@type":"SearchAction","target":{"@type":"EntryPoint","urlTemplate":"https:\/\/www.plantedforests.org\/fr\/?s={search_term_string}"},"query-input":{"@type":"PropertyValueSpecification","valueRequired":true,"valueName":"search_term_string"}}],"inLanguage":"fr-FR"},{"@type":"Organization","@id":"https:\/\/www.plantedforests.org\/fr\/#organization","name":"Institut Europ\u00e9en de la For\u00eat Cultiv\u00e9e - Plantedforests.org","url":"https:\/\/www.plantedforests.org\/fr\/","logo":{"@type":"ImageObject","inLanguage":"fr-FR","@id":"https:\/\/www.plantedforests.org\/fr\/#\/schema\/logo\/image\/","url":"https:\/\/www.plantedforests.org\/wp-content\/uploads\/2022\/07\/Logo_iefc__FR.png","contentUrl":"https:\/\/www.plantedforests.org\/wp-content\/uploads\/2022\/07\/Logo_iefc__FR.png","width":2031,"height":1001,"caption":"Institut Europ\u00e9en de la For\u00eat Cultiv\u00e9e - Plantedforests.org"},"image":{"@id":"https:\/\/www.plantedforests.org\/fr\/#\/schema\/logo\/image\/"},"sameAs":["https:\/\/x.com\/IEFCPlantForest","https:\/\/www.linkedin.com\/company\/71728047\/"]}]}},"_links":{"self":[{"href":"https:\/\/www.plantedforests.org\/fr\/wp-json\/wp\/v2\/pages\/18780","targetHints":{"allow":["GET"]}}],"collection":[{"href":"https:\/\/www.plantedforests.org\/fr\/wp-json\/wp\/v2\/pages"}],"about":[{"href":"https:\/\/www.plantedforests.org\/fr\/wp-json\/wp\/v2\/types\/page"}],"author":[{"embeddable":true,"href":"https:\/\/www.plantedforests.org\/fr\/wp-json\/wp\/v2\/users\/101"}],"replies":[{"embeddable":true,"href":"https:\/\/www.plantedforests.org\/fr\/wp-json\/wp\/v2\/comments?post=18780"}],"version-history":[{"count":26,"href":"https:\/\/www.plantedforests.org\/fr\/wp-json\/wp\/v2\/pages\/18780\/revisions"}],"predecessor-version":[{"id":27651,"href":"https:\/\/www.plantedforests.org\/fr\/wp-json\/wp\/v2\/pages\/18780\/revisions\/27651"}],"wp:attachment":[{"href":"https:\/\/www.plantedforests.org\/fr\/wp-json\/wp\/v2\/media?parent=18780"}],"curies":[{"name":"wp","href":"https:\/\/api.w.org\/{rel}","templated":true}]}}