
{"id":16925,"date":"2024-02-13T15:31:46","date_gmt":"2024-02-13T14:31:46","guid":{"rendered":"https:\/\/www.plantedforests.org\/?page_id=16925"},"modified":"2025-11-24T14:35:27","modified_gmt":"2025-11-24T13:35:27","slug":"living-labs","status":"publish","type":"page","link":"https:\/\/www.plantedforests.org\/fr\/infrastructures\/living-labs\/","title":{"rendered":"Living Labs"},"content":{"rendered":"<p>Living Labs<\/p>\n<h2>Living lab FIRE-RES<\/h2>\n<p>\t\t\t\t\t\t\t\t\t\t\t\t\t\t\t<img fetchpriority=\"high\" decoding=\"async\" width=\"525\" height=\"132\" src=\"https:\/\/www.plantedforests.org\/wp-content\/uploads\/2024\/02\/FireRes_logo_txt_HIGH_color-1024x257.jpg\" alt=\"\" srcset=\"https:\/\/www.plantedforests.org\/wp-content\/uploads\/2024\/02\/FireRes_logo_txt_HIGH_color-1024x257.jpg 1024w, https:\/\/www.plantedforests.org\/wp-content\/uploads\/2024\/02\/FireRes_logo_txt_HIGH_color-300x75.jpg 300w, https:\/\/www.plantedforests.org\/wp-content\/uploads\/2024\/02\/FireRes_logo_txt_HIGH_color-150x38.jpg 150w, https:\/\/www.plantedforests.org\/wp-content\/uploads\/2024\/02\/FireRes_logo_txt_HIGH_color-768x193.jpg 768w, https:\/\/www.plantedforests.org\/wp-content\/uploads\/2024\/02\/FireRes_logo_txt_HIGH_color-1536x386.jpg 1536w, https:\/\/www.plantedforests.org\/wp-content\/uploads\/2024\/02\/FireRes_logo_txt_HIGH_color-2048x515.jpg 2048w, https:\/\/www.plantedforests.org\/wp-content\/uploads\/2024\/02\/FireRes_logo_txt_HIGH_color-1320x332.jpg 1320w\" sizes=\"(max-width: 525px) 100vw, 525px\" \/>\t\t\t\t\t\t\t\t\t\t\t\t\t\t\t<\/p>\n<p>Les feux de for\u00eat extr\u00eames qui d\u00e9passent les capacit\u00e9s de lutte repr\u00e9sentent une menace majeure sur le plan environnemental, \u00e9conomique et social \u00e0 l&rsquo;\u00e9chelle mondiale.<\/p>\n<p>\u00c0 travers 11 laboratoires vivants, le projet FIRE-RES a pour objectif de mettre en place une Approche de Gestion Int\u00e9gr\u00e9e des Incendies et de soutenir la transition vers des paysages et des communaut\u00e9s plus r\u00e9sistants aux incendies de for\u00eat extr\u00eames en Europe. Pour avancer dans cette approche, FIRE-RES se base sur quatre piliers principaux : l&rsquo;analyse des incendies de for\u00eat extr\u00eames pass\u00e9s, l&rsquo;organisation des paysages et l&rsquo;\u00e9conomie terrtoriale associ\u00e9e dans un but de pr\u00e9vention, la gestion des crises, ainsi que la communication et la sensibilisation aux risques.<\/p>\n<p>Explorez le laboratoire vivant de Nouvelle-Aquitaine.<\/p>\n<p>\t\t\t\t\t<a href=\"https:\/\/www.plantedforests.org\/fr\/presentation-of-the-fire-res-project\/\"><br \/>\n\t\t\t\t\t\t\t\t\tPlus d&rsquo;informations<br \/>\n\t\t\t\t\t<\/a><\/p>\n<h2>Living lab SUPERB &#8211; Bocage Forestier<\/h2>\n<p>\t\t\t\t\t\t\t\t\t\t\t\t\t\t\t<img decoding=\"async\" width=\"525\" height=\"102\" src=\"https:\/\/www.plantedforests.org\/wp-content\/uploads\/2024\/02\/SUPERB_EUROPE_V2.png\" alt=\"\" srcset=\"https:\/\/www.plantedforests.org\/wp-content\/uploads\/2024\/02\/SUPERB_EUROPE_V2.png 868w, https:\/\/www.plantedforests.org\/wp-content\/uploads\/2024\/02\/SUPERB_EUROPE_V2-300x58.png 300w, https:\/\/www.plantedforests.org\/wp-content\/uploads\/2024\/02\/SUPERB_EUROPE_V2-150x29.png 150w, https:\/\/www.plantedforests.org\/wp-content\/uploads\/2024\/02\/SUPERB_EUROPE_V2-768x149.png 768w\" sizes=\"(max-width: 525px) 100vw, 525px\" \/>\t\t\t\t\t\t\t\t\t\t\t\t\t\t\t<\/p>\n<p>SUPERB, BOCAGE-FORESTIER &#8211; Un laboratoire vivant pour la cr\u00e9ation d&rsquo;un bocage forestier dans les Landes de Gascogne.<\/p>\n<p>Avec la collaboration de 36 partenaires r\u00e9partis dans 16 pays, sous la direction de l&rsquo;EFI (<a href=\"https:\/\/efi.int\/\">European Forest Institute<\/a>) et la coordination assur\u00e9e par <a href=\"https:\/\/www.wur.nl\/en\/Research-Results\/Research-Institutes\/Environmental-Research.htm\">Wageningen Environmental Research<\/a>, le projet Europ\u00e9en SUPERB a pour but de recenser, d&rsquo;\u00e9tudier et de mettre en \u0153uvre des solutions syst\u00e9miques pour la restauration des \u00e9cosyst\u00e8mes forestiers et ainsi pr\u00e9server leur valeur environnementale et leurs nombreux services \u00e9cosyst\u00e9miques. Le projet se d\u00e9roule \u00e0 travers 12 d\u00e9monstrations \u00e0 grande \u00e9chelle, r\u00e9parties dans 12 pays, repr\u00e9sentant une diversit\u00e9 de d\u00e9fis pour les for\u00eats europ\u00e9ennes.<\/p>\n<p>En Nouvelle-Aquitaine, l&rsquo;une des r\u00e9gions les plus chaudes de France, les plantations de pins sont menac\u00e9es par des perturbations climatiques telles que le vent, les incendies de for\u00eat et les invasions de ravageurs.<\/p>\n<p>Bocage-Forestier en est la d\u00e9clinaison fran\u00e7aise parmi une s\u00e9rie de zones de d\u00e9monstration de nouvelles pratiques de restauration en Europe. Il s&rsquo;agit, sur une zone repr\u00e9sentative des Landes de Gascogne, de promouvoir l&rsquo;installation de lisi\u00e8res feuillues en bordure de plantations de pins pour accro\u00eetre la diversit\u00e9 et augmenter la r\u00e9silience \u00e0 l&rsquo;\u00e9chelle du paysage. Ce volet technique s&rsquo;accompagne d&rsquo;importantes recherches scientifiques sur la biodiversit\u00e9 associ\u00e9e \u00e0 ces espaces, tout en adoptant une d\u00e9marche int\u00e9grative par une animation sous la forme d&rsquo;un laboratoire vivant.<\/p>\n<p>D\u00e9couvrez le laboratoire vivant.<\/p>\n<p>\t\t\t\t\t<a href=\"https:\/\/www.plantedforests.org\/fr\/infrastructures\/superb-bocage-forestier\/\"><br \/>\n\t\t\t\t\t\t\t\t\tPlus d&rsquo;informations<br \/>\n\t\t\t\t\t<\/a><br \/>\n\t\t\t\t\t<a href=\"https:\/\/www.plantedforests.org\/fr\/infrastructures\/\"><br \/>\n\t\t\t\t<svg aria-hidden=\"true\" viewBox=\"0 0 448 512\" xmlns=\"http:\/\/www.w3.org\/2000\/svg\"><path d=\"M257.5 445.1l-22.2 22.2c-9.4 9.4-24.6 9.4-33.9 0L7 273c-9.4-9.4-9.4-24.6 0-33.9L201.4 44.7c9.4-9.4 24.6-9.4 33.9 0l22.2 22.2c9.5 9.5 9.3 25-.4 34.3L136.6 216H424c13.3 0 24 10.7 24 24v32c0 13.3-10.7 24-24 24H136.6l120.5 114.8c9.8 9.3 10 24.8.4 34.3z\"><\/path><\/svg><br \/>\n\t\t\t\t\t\t\t\t\tInfrastructures<br \/>\n\t\t\t\t\t<\/a><\/p>\n<h2>\n\t\t\t\t\t\t\u00c0 PROPOS<br \/>\n\t\t\t\t\t<\/h2>\n<p>\t\t\t\t\t\t<a href=\"https:\/\/www.plantedforests.org\/fr\/our-mission-2\/\" target=\"_blank\" rel=\"nofollow\"><br \/>\n\t\t\t\t\t\t\t\t\tMission<br \/>\n\t\t\t\t\t\t\t\t\t\t\t\t\t<\/a><br \/>\n\t\t\t\t\t\t<a href=\"https:\/\/www.plantedforests.org\/fr\/our-history\/\" target=\"_blank\" rel=\"nofollow\"><br \/>\n\t\t\t\t\t\t\t\t\tNotre histoire<br \/>\n\t\t\t\t\t\t\t\t\t\t\t\t\t<\/a><br \/>\n\t\t\t\t\t\t<a href=\"https:\/\/www.plantedforests.org\/fr\/donation\/\" target=\"_blank\" rel=\"nofollow\"><br \/>\n\t\t\t\t\t\t\t\t\tSoutenir l\u2019IEFC \u2013 Faire un don<br \/>\n\t\t\t\t\t\t\t\t\t\t\t\t\t<\/a><br \/>\n\t\t\t\t\t\t<a href=\"https:\/\/www.plantedforests.org\/fr\/membership\/\" target=\"_blank\" rel=\"nofollow\"><br \/>\n\t\t\t\t\t\t\t\t\tDevenir membre<br \/>\n\t\t\t\t\t\t\t\t\t\t\t\t\t<\/a><br \/>\n\t\t\t\t\t\t<a href=\"https:\/\/www.plantedforests.org\/fr\/status-and-governance-2\/\" target=\"_blank\" rel=\"nofollow\"><br \/>\n\t\t\t\t\t\t\t\t\tStatuts et gouvernance<br \/>\n\t\t\t\t\t\t\t\t\t\t\t\t\t<\/a><br \/>\n\t\t\t\t\t\t<a href=\"https:\/\/www.plantedforests.org\/fr\/events\/\" target=\"_blank\" rel=\"nofollow\"><br \/>\n\t\t\t\t\t\t\t\t\tEv\u00e9nements<br \/>\n\t\t\t\t\t\t\t\t\t\t\t\t\t<\/a><br \/>\n\t\t\t\t\t\t<a href=\"https:\/\/www.plantedforests.org\/equality-diversity-and-inclusion\/\"><br \/>\n\t\t\t\t\t\t\t\t\t\u00c9galit\u00e9, diversit\u00e9 et inclusion<br \/>\n\t\t\t\t\t\t\t\t\t\t\t\t\t<\/a><br \/>\n\t\t\t\t\t\t<a href=\"https:\/\/www.plantedforests.org\/appels-doffres-2024\/\"><br \/>\n\t\t\t\t\t\t\t\t\tAppels d&#039;offres<br \/>\n\t\t\t\t\t\t\t\t\t\t\t\t\t<\/a><br \/>\n\t\t\t\t\t\t<a href=\"https:\/\/www.plantedforests.org\/fr\/terms-of-use\/\" target=\"_blank\" rel=\"nofollow\"><br \/>\n\t\t\t\t\t\t\t\t\tMentions L\u00e9gales<br \/>\n\t\t\t\t\t\t\t\t\t\t\t\t\t<\/a><\/p>\n<h2>\n\t\t\t\t\t\tProjets<br \/>\n\t\t\t\t\t<\/h2>\n<p>\t\t\t\t\t\t<a href=\"https:\/\/homed-project.eu\/\" target=\"_blank\" rel=\"nofollow\"><br \/>\n\t\t\t\t\t\t\t\t\tHOMED<br \/>\n\t\t\t\t\t\t\t\t\t\t\t\t\t<\/a><br \/>\n\t\t\t\t\t\t<a href=\"https:\/\/kebbe.iefc.net\/\" target=\"_blank\" rel=\"nofollow\"><br \/>\n\t\t\t\t\t\t\t\t\tKEBBE<br \/>\n\t\t\t\t\t\t\t\t\t\t\t\t\t<\/a><br \/>\n\t\t\t\t\t\t<a href=\"https:\/\/reinfforce.iefc.net\/\" target=\"_blank\" rel=\"nofollow\"><br \/>\n\t\t\t\t\t\t\t\t\tREEINFORCE<br \/>\n\t\t\t\t\t\t\t\t\t\t\t\t\t<\/a><br \/>\n\t\t\t\t\t\t<a href=\"https:\/\/b4est.eu\/\" target=\"_blank\" rel=\"nofollow\"><br \/>\n\t\t\t\t\t\t\t\t\tB4EST<br \/>\n\t\t\t\t\t\t\t\t\t\t\t\t\t<\/a><\/p>\n<h2>\n\t\t\t\t\t\tInfrastructures<br \/>\n\t\t\t\t\t<\/h2>\n<p>\t\t\t\t\t\t<a href=\"https:\/\/www.plantedforests.org\/fr\/infrastructures\/reseaux-de-parcelles\/\" target=\"_blank\" rel=\"nofollow\"><br \/>\n\t\t\t\t\t\t\t\t\tR\u00e9seaux de parcelles<br \/>\n\t\t\t\t\t\t\t\t\t\t\t\t\t<\/a><br \/>\n\t\t\t\t\t\t<a href=\"https:\/\/www.plantedforests.org\/fr\/infrastructures\/infrastructures-numeriques\/\" target=\"_blank\" rel=\"nofollow\"><br \/>\n\t\t\t\t\t\t\t\t\tInfrastructures num\u00e9riques<br \/>\n\t\t\t\t\t\t\t\t\t\t\t\t\t<\/a><br \/>\n\t\t\t\t\t\t<a href=\"https:\/\/www.plantedforests.org\/fr\/infrastructures\/living-labs\/\" target=\"_blank\" rel=\"nofollow\"><br \/>\n\t\t\t\t\t\t\t\t\tLiving Labs<br \/>\n\t\t\t\t\t\t\t\t\t\t\t\t\t<\/a><\/p>\n<h2>\n\t\t\t\t\t\tr\u00e9seaux<br \/>\n\t\t\t\t\t<\/h2>\n<p>\t\t\t\t\t\t<a href=\"https:\/\/www.plantedforests.org\/fr\/our-members\/\" target=\"_blank\" rel=\"nofollow\"><br \/>\n\t\t\t\t\t\t\t\t\tLe R\u00e9seau IEFC<br \/>\n\t\t\t\t\t\t\t\t\t\t\t\t\t<\/a><br \/>\n\t\t\t\t\t\t<a href=\"https:\/\/www.plantedforests.org\/fr\/networking\/\" target=\"_blank\" rel=\"nofollow\"><br \/>\n\t\t\t\t\t\t\t\t\tNetworking<br \/>\n\t\t\t\t\t\t\t\t\t\t\t\t\t<\/a><\/p>\n<h2>\n\t\t\t\t\t\tPRESSE<br \/>\n\t\t\t\t\t<\/h2>\n<p>\t\t\t\t\t\t<a href=\"https:\/\/www.plantedforests.org\/fr\/press\/\" target=\"_blank\" rel=\"nofollow\"><br \/>\n\t\t\t\t\t\t\t\t\tDossier de presse<br \/>\n\t\t\t\t\t\t\t\t\t\t\t\t\t<\/a><br \/>\n\t\t\t\t\t\t<a href=\"https:\/\/www.plantedforests.org\/fr\/press\/press-reviews\/\" target=\"_blank\" rel=\"nofollow\"><br \/>\n\t\t\t\t\t\t\t\t\tLa presse parle de l\u2019IEFC<br \/>\n\t\t\t\t\t\t\t\t\t\t\t\t\t<\/a><\/p>\n<h2>\n\t\t\t\t\t\tCentre de ressources<br \/>\n\t\t\t\t\t<\/h2>\n<p>\t\t\t\t\t\t<a href=\"https:\/\/www.plantedforests.org\/fr\/resources-center-2\/\" target=\"_blank\" rel=\"nofollow\"><br \/>\n\t\t\t\t\t\t\t\t\tExplorer notre centre de ressources<br \/>\n\t\t\t\t\t\t\t\t\t\t\t\t\t<\/a><\/p>\n<h4>Nous suivre<\/h4>\n<p>\t\t\t\t\t<a href=\"https:\/\/www.linkedin.com\/company\/instituteuropeendelaforetcultivee\/\" target=\"_blank\"><br \/>\n\t\t\t\t\t\tLinkedin<br \/>\n\t\t\t\t\t\t<svg aria-hidden=\"true\" viewBox=\"0 0 448 512\" xmlns=\"http:\/\/www.w3.org\/2000\/svg\"><path d=\"M416 32H31.9C14.3 32 0 46.5 0 64.3v383.4C0 465.5 14.3 480 31.9 480H416c17.6 0 32-14.5 32-32.3V64.3c0-17.8-14.4-32.3-32-32.3zM135.4 416H69V202.2h66.5V416zm-33.2-243c-21.3 0-38.5-17.3-38.5-38.5S80.9 96 102.2 96c21.2 0 38.5 17.3 38.5 38.5 0 21.3-17.2 38.5-38.5 38.5zm282.1 243h-66.4V312c0-24.8-.5-56.7-34.5-56.7-34.6 0-39.9 27-39.9 54.9V416h-66.4V202.2h63.7v29.2h.9c8.9-16.8 30.6-34.5 62.9-34.5 67.2 0 79.7 44.3 79.7 101.9V416z\"><\/path><\/svg>\t\t\t\t\t<\/a><br \/>\n\t\t\t\t\t<a href=\"https:\/\/www.dailymotion.com\/IEFCPlantedForests\" target=\"_blank\"><br \/>\n\t\t\t\t\t\t<svg xmlns=\"http:\/\/www.w3.org\/2000\/svg\" xmlns:xlink=\"http:\/\/www.w3.org\/1999\/xlink\" id=\"Dailymotion\" x=\"0px\" y=\"0px\" viewBox=\"0 0 96 96\" style=\"enable-background:new 0 0 96 96;\" xml:space=\"preserve\"><\/p>\n<style type=\"text\/css\">\t.st0{fill:#0E0E0E;}\t.st1{fill:none;}<\/style>\n<p><g>\t<path id=\"Medium_00000036224591124208101180000008332054064288928391_\" d=\"M44,10H16c-1.1,0-2,0.9-2,2v12  c0,0.5,0.2,1,0.6,1.4l12,12C27,37.8,27.5,38,28,38h16c5.5,0,10,4.5,10,10s-4.5,10-10,10H22c-1.1,0-2,0.9-2,2v12  c0,0.5,0.2,1,0.6,1.4l12,12C33,85.8,33.5,86,34,86h10c21,0,38-17,38-38S65,10,44,10z M18,16.8l8,8v6.3l-8-8V16.8z M58,48  c0-7.7-6.3-14-14-14H30v-8h14c12.1,0,22,9.9,22,22s-9.9,22-22,22h-9.2l-8-8H44C51.7,62,58,55.7,58,48z M24,64.8l8,8v6.3l-8-8V64.8z   M44,82h-8v-8h8c14.3,0,26-11.7,26-26S58.3,22,44,22H28.8l-8-8H44c18.7,0,34,15.3,34,34S62.7,82,44,82z\"><\/path>\t<rect x=\"0\" width=\"96\" height=\"96\"><\/rect><\/g><\/svg>\t\t\t\t\t<\/a><\/p>\n","protected":false},"excerpt":{"rendered":"<p>Living Labs Living lab FIRE-RES Les feux de for\u00eat extr\u00eames qui d\u00e9passent les capacit\u00e9s de lutte repr\u00e9sentent une menace majeure sur le plan environnemental, \u00e9conomique et social \u00e0 l&rsquo;\u00e9chelle mondiale. [&hellip;]<\/p>\n","protected":false},"author":101,"featured_media":0,"parent":16404,"menu_order":0,"comment_status":"closed","ping_status":"closed","template":"","meta":{"_acf_changed":false,"_eb_attr":"","_EventAllDay":false,"_EventTimezone":"","_EventStartDate":"","_EventEndDate":"","_EventStartDateUTC":"","_EventEndDateUTC":"","_EventShowMap":false,"_EventShowMapLink":false,"_EventURL":"","_EventCost":"","_EventCostDescription":"","_EventCurrencySymbol":"","_EventCurrencyCode":"","_EventCurrencyPosition":"","_EventDateTimeSeparator":"","_EventTimeRangeSeparator":"","_EventOrganizerID":[],"_EventVenueID":[],"_OrganizerEmail":"","_OrganizerPhone":"","_OrganizerWebsite":"","_VenueAddress":"","_VenueCity":"","_VenueCountry":"","_VenueProvince":"","_VenueState":"","_VenueZip":"","_VenuePhone":"","_VenueURL":"","_VenueStateProvince":"","_VenueLat":"","_VenueLng":"","_VenueShowMap":false,"_VenueShowMapLink":false,"activitypub_content_warning":"","activitypub_content_visibility":"","activitypub_max_image_attachments":4,"activitypub_interaction_policy_quote":"anyone","activitypub_status":"federated","footnotes":""},"class_list":["post-16925","page","type-page","status-publish","hentry"],"translation":{"provider":"WPGlobus","version":"3.0.2","language":"fr","enabled_languages":["gb","fr","es","pt"],"languages":{"gb":{"title":true,"content":true,"excerpt":false},"fr":{"title":true,"content":true,"excerpt":false},"es":{"title":false,"content":false,"excerpt":false},"pt":{"title":false,"content":false,"excerpt":false}}},"acf":[],"yoast_head":"<!-- This site is optimized with the Yoast SEO plugin v27.3 - https:\/\/yoast.com\/product\/yoast-seo-wordpress\/ -->\n<title>Living Labs - Institut Europ\u00e9en de la For\u00eat Cultiv\u00e9e - IEFC<\/title>\n<meta name=\"robots\" content=\"index, follow, max-snippet:-1, max-image-preview:large, max-video-preview:-1\" \/>\n<link rel=\"canonical\" href=\"https:\/\/www.plantedforests.org\/infrastructures\/living-labs\/\" \/>\n<meta property=\"og:locale\" content=\"fr_FR\" \/>\n<meta property=\"og:type\" content=\"article\" \/>\n<meta property=\"og:title\" content=\"Living Labs - Institut Europ\u00e9en de la For\u00eat Cultiv\u00e9e - IEFC\" \/>\n<meta property=\"og:url\" content=\"https:\/\/www.plantedforests.org\/infrastructures\/living-labs\/\" \/>\n<meta property=\"og:site_name\" content=\"Institut Europ\u00e9en de la For\u00eat Cultiv\u00e9e - IEFC\" \/>\n<meta property=\"article:modified_time\" content=\"2025-11-24T13:35:27+00:00\" \/>\n<meta property=\"og:image\" content=\"https:\/\/www.plantedforests.org\/wp-content\/uploads\/2024\/02\/FireRes_logo_txt_HIGH_color-1024x257.jpg\" \/>\n<meta name=\"twitter:card\" content=\"summary_large_image\" \/>\n<meta name=\"twitter:site\" content=\"@IEFCPlantForest\" \/>\n<meta name=\"twitter:label1\" content=\"Dur\u00e9e de lecture estim\u00e9e\" \/>\n\t<meta name=\"twitter:data1\" content=\"3 minutes\" \/>\n<script type=\"application\/ld+json\" class=\"yoast-schema-graph\">{\"@context\":\"https:\\\/\\\/schema.org\",\"@graph\":[{\"@type\":\"WebPage\",\"@id\":\"https:\\\/\\\/www.plantedforests.org\\\/infrastructures\\\/living-labs\\\/\",\"url\":\"https:\\\/\\\/www.plantedforests.org\\\/infrastructures\\\/living-labs\\\/\",\"name\":\"Living Labs - Institut Europ\u00e9en de la For\u00eat Cultiv\u00e9e - IEFC\",\"isPartOf\":{\"@id\":\"https:\\\/\\\/www.plantedforests.org\\\/fr\\\/#website\"},\"primaryImageOfPage\":{\"@id\":\"https:\\\/\\\/www.plantedforests.org\\\/infrastructures\\\/living-labs\\\/#primaryimage\"},\"image\":{\"@id\":\"https:\\\/\\\/www.plantedforests.org\\\/infrastructures\\\/living-labs\\\/#primaryimage\"},\"thumbnailUrl\":\"https:\\\/\\\/www.plantedforests.org\\\/wp-content\\\/uploads\\\/2024\\\/02\\\/FireRes_logo_txt_HIGH_color-1024x257.jpg\",\"datePublished\":\"2024-02-13T14:31:46+00:00\",\"dateModified\":\"2025-11-24T13:35:27+00:00\",\"breadcrumb\":{\"@id\":\"https:\\\/\\\/www.plantedforests.org\\\/infrastructures\\\/living-labs\\\/#breadcrumb\"},\"inLanguage\":\"fr-FR\",\"potentialAction\":[{\"@type\":\"ReadAction\",\"target\":[\"https:\\\/\\\/www.plantedforests.org\\\/infrastructures\\\/living-labs\\\/\"]}]},{\"@type\":\"ImageObject\",\"inLanguage\":\"fr-FR\",\"@id\":\"https:\\\/\\\/www.plantedforests.org\\\/infrastructures\\\/living-labs\\\/#primaryimage\",\"url\":\"https:\\\/\\\/www.plantedforests.org\\\/wp-content\\\/uploads\\\/2024\\\/02\\\/FireRes_logo_txt_HIGH_color-1024x257.jpg\",\"contentUrl\":\"https:\\\/\\\/www.plantedforests.org\\\/wp-content\\\/uploads\\\/2024\\\/02\\\/FireRes_logo_txt_HIGH_color-1024x257.jpg\"},{\"@type\":\"BreadcrumbList\",\"@id\":\"https:\\\/\\\/www.plantedforests.org\\\/infrastructures\\\/living-labs\\\/#breadcrumb\",\"itemListElement\":[{\"@type\":\"ListItem\",\"position\":1,\"name\":\"Accueil\",\"item\":\"https:\\\/\\\/www.plantedforests.org\\\/\"},{\"@type\":\"ListItem\",\"position\":2,\"name\":\"Infrastructures\",\"item\":\"https:\\\/\\\/www.plantedforests.org\\\/infrastructures\\\/\"},{\"@type\":\"ListItem\",\"position\":3,\"name\":\"Living Labs\"}]},{\"@type\":\"WebSite\",\"@id\":\"https:\\\/\\\/www.plantedforests.org\\\/fr\\\/#website\",\"url\":\"https:\\\/\\\/www.plantedforests.org\\\/fr\\\/\",\"name\":\"Institut Europ\u00e9en de la For\u00eat Cultiv\u00e9e - IEFC\",\"description\":\"Le r\u00e9seau multi-acteur pour la gestion durable et la r\u00e9silience des for\u00eats cultiv\u00e9es\",\"publisher\":{\"@id\":\"https:\\\/\\\/www.plantedforests.org\\\/fr\\\/#organization\"},\"potentialAction\":[{\"@type\":\"SearchAction\",\"target\":{\"@type\":\"EntryPoint\",\"urlTemplate\":\"https:\\\/\\\/www.plantedforests.org\\\/fr\\\/?s={search_term_string}\"},\"query-input\":{\"@type\":\"PropertyValueSpecification\",\"valueRequired\":true,\"valueName\":\"search_term_string\"}}],\"inLanguage\":\"fr-FR\"},{\"@type\":\"Organization\",\"@id\":\"https:\\\/\\\/www.plantedforests.org\\\/fr\\\/#organization\",\"name\":\"Institut Europ\u00e9en de la For\u00eat Cultiv\u00e9e - Plantedforests.org\",\"url\":\"https:\\\/\\\/www.plantedforests.org\\\/fr\\\/\",\"logo\":{\"@type\":\"ImageObject\",\"inLanguage\":\"fr-FR\",\"@id\":\"https:\\\/\\\/www.plantedforests.org\\\/fr\\\/#\\\/schema\\\/logo\\\/image\\\/\",\"url\":\"https:\\\/\\\/www.plantedforests.org\\\/wp-content\\\/uploads\\\/2022\\\/07\\\/Logo_iefc__FR.png\",\"contentUrl\":\"https:\\\/\\\/www.plantedforests.org\\\/wp-content\\\/uploads\\\/2022\\\/07\\\/Logo_iefc__FR.png\",\"width\":2031,\"height\":1001,\"caption\":\"Institut Europ\u00e9en de la For\u00eat Cultiv\u00e9e - Plantedforests.org\"},\"image\":{\"@id\":\"https:\\\/\\\/www.plantedforests.org\\\/fr\\\/#\\\/schema\\\/logo\\\/image\\\/\"},\"sameAs\":[\"https:\\\/\\\/x.com\\\/IEFCPlantForest\",\"https:\\\/\\\/www.linkedin.com\\\/company\\\/71728047\\\/\"]}]}<\/script>\n<!-- \/ Yoast SEO plugin. -->","yoast_head_json":{"title":"Living Labs - Institut Europ\u00e9en de la For\u00eat Cultiv\u00e9e - IEFC","robots":{"index":"index","follow":"follow","max-snippet":"max-snippet:-1","max-image-preview":"max-image-preview:large","max-video-preview":"max-video-preview:-1"},"canonical":"https:\/\/www.plantedforests.org\/infrastructures\/living-labs\/","og_locale":"fr_FR","og_type":"article","og_title":"Living Labs - Institut Europ\u00e9en de la For\u00eat Cultiv\u00e9e - IEFC","og_url":"https:\/\/www.plantedforests.org\/infrastructures\/living-labs\/","og_site_name":"Institut Europ\u00e9en de la For\u00eat Cultiv\u00e9e - IEFC","article_modified_time":"2025-11-24T13:35:27+00:00","og_image":[{"url":"https:\/\/www.plantedforests.org\/wp-content\/uploads\/2024\/02\/FireRes_logo_txt_HIGH_color-1024x257.jpg","type":"","width":"","height":""}],"twitter_card":"summary_large_image","twitter_site":"@IEFCPlantForest","twitter_misc":{"Dur\u00e9e de lecture estim\u00e9e":"3 minutes"},"schema":{"@context":"https:\/\/schema.org","@graph":[{"@type":"WebPage","@id":"https:\/\/www.plantedforests.org\/infrastructures\/living-labs\/","url":"https:\/\/www.plantedforests.org\/infrastructures\/living-labs\/","name":"Living Labs - Institut Europ\u00e9en de la For\u00eat Cultiv\u00e9e - IEFC","isPartOf":{"@id":"https:\/\/www.plantedforests.org\/fr\/#website"},"primaryImageOfPage":{"@id":"https:\/\/www.plantedforests.org\/infrastructures\/living-labs\/#primaryimage"},"image":{"@id":"https:\/\/www.plantedforests.org\/infrastructures\/living-labs\/#primaryimage"},"thumbnailUrl":"https:\/\/www.plantedforests.org\/wp-content\/uploads\/2024\/02\/FireRes_logo_txt_HIGH_color-1024x257.jpg","datePublished":"2024-02-13T14:31:46+00:00","dateModified":"2025-11-24T13:35:27+00:00","breadcrumb":{"@id":"https:\/\/www.plantedforests.org\/infrastructures\/living-labs\/#breadcrumb"},"inLanguage":"fr-FR","potentialAction":[{"@type":"ReadAction","target":["https:\/\/www.plantedforests.org\/infrastructures\/living-labs\/"]}]},{"@type":"ImageObject","inLanguage":"fr-FR","@id":"https:\/\/www.plantedforests.org\/infrastructures\/living-labs\/#primaryimage","url":"https:\/\/www.plantedforests.org\/wp-content\/uploads\/2024\/02\/FireRes_logo_txt_HIGH_color-1024x257.jpg","contentUrl":"https:\/\/www.plantedforests.org\/wp-content\/uploads\/2024\/02\/FireRes_logo_txt_HIGH_color-1024x257.jpg"},{"@type":"BreadcrumbList","@id":"https:\/\/www.plantedforests.org\/infrastructures\/living-labs\/#breadcrumb","itemListElement":[{"@type":"ListItem","position":1,"name":"Accueil","item":"https:\/\/www.plantedforests.org\/"},{"@type":"ListItem","position":2,"name":"Infrastructures","item":"https:\/\/www.plantedforests.org\/infrastructures\/"},{"@type":"ListItem","position":3,"name":"Living Labs"}]},{"@type":"WebSite","@id":"https:\/\/www.plantedforests.org\/fr\/#website","url":"https:\/\/www.plantedforests.org\/fr\/","name":"Institut Europ\u00e9en de la For\u00eat Cultiv\u00e9e - IEFC","description":"Le r\u00e9seau multi-acteur pour la gestion durable et la r\u00e9silience des for\u00eats cultiv\u00e9es","publisher":{"@id":"https:\/\/www.plantedforests.org\/fr\/#organization"},"potentialAction":[{"@type":"SearchAction","target":{"@type":"EntryPoint","urlTemplate":"https:\/\/www.plantedforests.org\/fr\/?s={search_term_string}"},"query-input":{"@type":"PropertyValueSpecification","valueRequired":true,"valueName":"search_term_string"}}],"inLanguage":"fr-FR"},{"@type":"Organization","@id":"https:\/\/www.plantedforests.org\/fr\/#organization","name":"Institut Europ\u00e9en de la For\u00eat Cultiv\u00e9e - Plantedforests.org","url":"https:\/\/www.plantedforests.org\/fr\/","logo":{"@type":"ImageObject","inLanguage":"fr-FR","@id":"https:\/\/www.plantedforests.org\/fr\/#\/schema\/logo\/image\/","url":"https:\/\/www.plantedforests.org\/wp-content\/uploads\/2022\/07\/Logo_iefc__FR.png","contentUrl":"https:\/\/www.plantedforests.org\/wp-content\/uploads\/2022\/07\/Logo_iefc__FR.png","width":2031,"height":1001,"caption":"Institut Europ\u00e9en de la For\u00eat Cultiv\u00e9e - Plantedforests.org"},"image":{"@id":"https:\/\/www.plantedforests.org\/fr\/#\/schema\/logo\/image\/"},"sameAs":["https:\/\/x.com\/IEFCPlantForest","https:\/\/www.linkedin.com\/company\/71728047\/"]}]}},"_links":{"self":[{"href":"https:\/\/www.plantedforests.org\/fr\/wp-json\/wp\/v2\/pages\/16925","targetHints":{"allow":["GET"]}}],"collection":[{"href":"https:\/\/www.plantedforests.org\/fr\/wp-json\/wp\/v2\/pages"}],"about":[{"href":"https:\/\/www.plantedforests.org\/fr\/wp-json\/wp\/v2\/types\/page"}],"author":[{"embeddable":true,"href":"https:\/\/www.plantedforests.org\/fr\/wp-json\/wp\/v2\/users\/101"}],"replies":[{"embeddable":true,"href":"https:\/\/www.plantedforests.org\/fr\/wp-json\/wp\/v2\/comments?post=16925"}],"version-history":[{"count":46,"href":"https:\/\/www.plantedforests.org\/fr\/wp-json\/wp\/v2\/pages\/16925\/revisions"}],"predecessor-version":[{"id":28865,"href":"https:\/\/www.plantedforests.org\/fr\/wp-json\/wp\/v2\/pages\/16925\/revisions\/28865"}],"up":[{"embeddable":true,"href":"https:\/\/www.plantedforests.org\/fr\/wp-json\/wp\/v2\/pages\/16404"}],"wp:attachment":[{"href":"https:\/\/www.plantedforests.org\/fr\/wp-json\/wp\/v2\/media?parent=16925"}],"curies":[{"name":"wp","href":"https:\/\/api.w.org\/{rel}","templated":true}]}}