
{"id":16270,"date":"2024-02-08T11:10:41","date_gmt":"2024-02-08T10:10:41","guid":{"rendered":"https:\/\/www.plantedforests.org\/?page_id=16270"},"modified":"2025-08-26T11:33:42","modified_gmt":"2025-08-26T09:33:42","slug":"fire-res","status":"publish","type":"page","link":"https:\/\/www.plantedforests.org\/fr\/infrastructures\/fire-res\/","title":{"rendered":"FIRE-RES"},"content":{"rendered":"<p><img fetchpriority=\"high\" decoding=\"async\" width=\"2560\" height=\"643\" src=\"https:\/\/www.plantedforests.org\/wp-content\/uploads\/2024\/02\/FireRes_logo_txt_HIGH_color-scaled.jpg\" alt=\"\" srcset=\"https:\/\/www.plantedforests.org\/wp-content\/uploads\/2024\/02\/FireRes_logo_txt_HIGH_color-scaled.jpg 2560w, https:\/\/www.plantedforests.org\/wp-content\/uploads\/2024\/02\/FireRes_logo_txt_HIGH_color-300x75.jpg 300w, https:\/\/www.plantedforests.org\/wp-content\/uploads\/2024\/02\/FireRes_logo_txt_HIGH_color-1024x257.jpg 1024w, https:\/\/www.plantedforests.org\/wp-content\/uploads\/2024\/02\/FireRes_logo_txt_HIGH_color-150x38.jpg 150w, https:\/\/www.plantedforests.org\/wp-content\/uploads\/2024\/02\/FireRes_logo_txt_HIGH_color-768x193.jpg 768w, https:\/\/www.plantedforests.org\/wp-content\/uploads\/2024\/02\/FireRes_logo_txt_HIGH_color-1536x386.jpg 1536w, https:\/\/www.plantedforests.org\/wp-content\/uploads\/2024\/02\/FireRes_logo_txt_HIGH_color-2048x515.jpg 2048w, https:\/\/www.plantedforests.org\/wp-content\/uploads\/2024\/02\/FireRes_logo_txt_HIGH_color-1320x332.jpg 1320w\" sizes=\"(max-width: 2560px) 100vw, 2560px\" \/>\t\t\t\t\t\t\t\t\t\t\t\t\t\t\t<\/p>\n<p>\u00a0<a href=\"http:\/\/www.fire-res.eu\/\">www.fire-res.eu<\/a><\/p>\n<p>FIRE-RES est un projet de recherche europ\u00e9en (Horizon 2020, 2021-2025, 35 partenaires) visant \u00e0 d\u00e9velopper une\u00a0<strong>strat\u00e9gie de gestion int\u00e9gr\u00e9e face aux incendies de for\u00eat extr\u00eames en Europe.<\/strong><\/p>\n<p>L\u2019objectif est de rendre les territoires <strong>plus r\u00e9sistants et r\u00e9silients<\/strong> face \u00e0 ce risque, en agissant au niveau \u00e0 diff\u00e9rents niveau, de la pr\u00e9vention \u00e0 de l\u2019adaptation en passant par la d\u00e9tection. Des <strong>innovations technologiques et socio-\u00e9conomiques<\/strong> (aussi appel\u00e9es Innovation Actions ou IA) sont d\u00e9ploy\u00e9es dans les 11 Laboratoires Vivants du projet.<\/p>\n<p>L\u2019Institut Europ\u00e9en de la For\u00eat Cultiv\u00e9e, impliqu\u00e9 en tant que partenaire du projet, est aussi en charge de la <strong>coordination du Laboratoire Vivant Nouvelle-Aquitaine.<\/strong><\/p>\n<p>Les Laboratoires Vivants du projet<\/p>\n<p>\t\t\t\t\t\t\t\t\t\t\t\t\t\t\t<img decoding=\"async\" width=\"525\" height=\"381\" src=\"https:\/\/www.plantedforests.org\/wp-content\/uploads\/2025\/07\/fire-res-interactive-map-1536x1114.jpg\" alt=\"\" srcset=\"https:\/\/www.plantedforests.org\/wp-content\/uploads\/2025\/07\/fire-res-interactive-map-1536x1114.jpg 1536w, https:\/\/www.plantedforests.org\/wp-content\/uploads\/2025\/07\/fire-res-interactive-map-300x217.jpg 300w, https:\/\/www.plantedforests.org\/wp-content\/uploads\/2025\/07\/fire-res-interactive-map-1024x742.jpg 1024w, https:\/\/www.plantedforests.org\/wp-content\/uploads\/2025\/07\/fire-res-interactive-map-150x109.jpg 150w, https:\/\/www.plantedforests.org\/wp-content\/uploads\/2025\/07\/fire-res-interactive-map-768x557.jpg 768w, https:\/\/www.plantedforests.org\/wp-content\/uploads\/2025\/07\/fire-res-interactive-map-2048x1485.jpg 2048w, https:\/\/www.plantedforests.org\/wp-content\/uploads\/2025\/07\/fire-res-interactive-map-1320x957.jpg 1320w\" sizes=\"(max-width: 525px) 100vw, 525px\" \/>\t\t\t\t\t\t\t\t\t\t\t\t\t\t\t<\/p>\n<p>Qu&rsquo;est-ce qu&rsquo;un laboratoire vivant ?<\/p>\n<p>Un Laboratoire Vivant (ou Living Lab en anglais) est une <strong>d\u00e9marche d\u2019innovation participative<\/strong> qui cherche \u00e0 inclure les communaut\u00e9s locales, citoyens et acteurs traditionnels \u00e0 chaque \u00e9tape du projet depuis sa conception jusqu\u2019\u00e0 son d\u00e9ploiement. C\u2019est par cette d\u00e9marche combinant exp\u00e9rimentation scientifique et concertation des parties prenantes que nous esp\u00e9rons cr\u00e9er une dynamique partag\u00e9e pour la <strong>diffusion d\u2019une innovation.<\/strong><\/p>\n<p>Le Laboratoire Vivant Nouvelle-Aquitaine<\/p>\n<p>Il couvre l\u2019ensemble du <strong>massif des Landes de Gascogne<\/strong> et r\u00e9unit organismes publics, acteurs forestiers, experts du risque feu de for\u00eat et structures de recherche.<\/p>\n<p>Dans le cas de FIRE-RES, des innovations avaient \u00e9t\u00e9 identifi\u00e9es en amont du projet. Une feuille de route et un diagnostic de la zone d\u2019\u00e9tude avaient \u00e9t\u00e9 r\u00e9alis\u00e9s afin de choisir les<strong> innovations les plus pertinentes \u00e0 tester sur le territoire<\/strong>. Le programme de travail est r\u00e9guli\u00e8rement actualis\u00e9 au fur et \u00e0 mesure du d\u00e9ploiement des activit\u00e9s et de l\u2019int\u00e9r\u00eat des diff\u00e9rentes innovations.<\/p>\n<p>\t\t\t\t\t\t\t\t\t\t\t\t\t\t\t<img decoding=\"async\" width=\"1920\" height=\"1080\" src=\"https:\/\/www.plantedforests.org\/wp-content\/uploads\/2024\/03\/Map-Living-Lab-NA-detaille.jpg\" alt=\"\" srcset=\"https:\/\/www.plantedforests.org\/wp-content\/uploads\/2024\/03\/Map-Living-Lab-NA-detaille.jpg 1920w, https:\/\/www.plantedforests.org\/wp-content\/uploads\/2024\/03\/Map-Living-Lab-NA-detaille-300x169.jpg 300w, https:\/\/www.plantedforests.org\/wp-content\/uploads\/2024\/03\/Map-Living-Lab-NA-detaille-1024x576.jpg 1024w, https:\/\/www.plantedforests.org\/wp-content\/uploads\/2024\/03\/Map-Living-Lab-NA-detaille-150x84.jpg 150w, https:\/\/www.plantedforests.org\/wp-content\/uploads\/2024\/03\/Map-Living-Lab-NA-detaille-768x432.jpg 768w, https:\/\/www.plantedforests.org\/wp-content\/uploads\/2024\/03\/Map-Living-Lab-NA-detaille-1536x864.jpg 1536w, https:\/\/www.plantedforests.org\/wp-content\/uploads\/2024\/03\/Map-Living-Lab-NA-detaille-1320x743.jpg 1320w\" sizes=\"(max-width: 1920px) 100vw, 1920px\" \/>\t\t\t\t\t\t\t\t\t\t\t\t\t\t\t<\/p>\n<p>Organigramme du Laboratoire Vivant Nouvelle-Aquitaine<\/p>\n<p>Activit\u00e9s de l\u2019Institut Europ\u00e9en de la For\u00eat Cultiv\u00e9e<\/p>\n<p>Les travaux men\u00e9s par l\u2019IEFC et l\u2019INRAe avec l\u2019aide de membre du Laboratoire Vivant dans le cadre du projet visent \u00e0 am\u00e9liorer les strat\u00e9gies de pr\u00e9vention des feux de for\u00eat. Exploration de sc\u00e9narios d\u2019am\u00e9nagement territorial, nouveaux outils informatiques, formations, dialogue avec les acteurs locaux et strat\u00e9gie de communication innovante sont d\u00e9ploy\u00e9s pour repenser la notion de paysages r\u00e9silients. En tant que coordinateur du Laboratoire Vivant, l\u2019Institut est charge de promouvoir l\u2019innovation et les \u00e9changes entre les acteurs qui le composent.<\/p>\n<p>Ces activit\u00e9s s\u2019inscrivent dans les groupes de t\u00e2ches (Work Package) suivants:<\/p>\n<p><strong>WP 1\u00a0 &#8211; <\/strong><strong>Une approche int\u00e9gr\u00e9e des incendies de for\u00eat extr\u00eames:<\/strong><\/p>\n<p>D\u00e9veloppement d\u2019un cadre partag\u00e9 sur les connaissances li\u00e9es aux feux de for\u00eat extr\u00eames, construction de sc\u00e9narios futurs et d\u2019alternatives \u00e0 partir de donn\u00e9es climatiques et biophysiques.<\/p>\n<p><strong>WP2 &#8211; Gestion territoriale adaptative: <\/strong><\/p>\n<p>\u00a0<\/p>\n<p>Evaluation de la capacit\u00e9 de mod\u00e8les de gestion des incendies et de strat\u00e9gies de gestion adaptative \u00e0 att\u00e9nuer les impacts des feux de for\u00eat extr\u00eames sur les \u00e9cosyst\u00e8mes forestiers, conception de mosa\u00efques de paysages avant et apr\u00e8s le feu<\/p>\n<p><strong>WP3 &#8211; Moteurs \u00e9conomiques des paysages r\u00e9sistants aux incendies:<\/strong> <\/p>\n<p>\u00a0<\/p>\n<p>Exploration, \u00e9valuation et d\u00e9veloppement de politiques et d\u2019interventions \u00e9conomiques.<\/p>\n<p><strong>WP4 &#8211; Gouvernance proactive, communaut\u00e9s engag\u00e9es et culture europ\u00e9enne du risque :<\/strong> <\/p>\n<p>\u00a0<\/p>\n<p>Conception et test de nouvelles solutions en mati\u00e8re de gouvernance des feux de for\u00eat, d&rsquo;engagement de la soci\u00e9t\u00e9, ainsi que sa culture du risque d&rsquo;incendie de for\u00eat.<\/p>\n<p><strong>WP6 &#8211; Programme d&rsquo;innovation et d&rsquo;exploitation acc\u00e9l\u00e9r\u00e9es<\/strong><strong> :<\/strong> <\/p>\n<p>\u00a0<\/p>\n<p>Exploitation de solutions innovantes d&rsquo;att\u00e9nuation des risques d&rsquo;incendie de for\u00eat, en augmentant l&rsquo;adoption et l&rsquo;impact des IA de FIRE-RES<\/p>\n<p><strong>WP7 &#8211; Communication, diffusion et engagement avec les parties prenantes:<\/strong> <\/p>\n<p>\u00a0<\/p>\n<p>Maximisation de la visibilit\u00e9 du projet, communication et diffusion de ses r\u00e9sultats aupr\u00e8s des groupes cibles identifi\u00e9s<\/p>\n<p><strong>WP8 &#8211; Coordination de la mise en \u0153uvre des Living Labs et des Actions d&rsquo;Innovation <\/strong><strong>:<\/strong> <\/p>\n<p>\u00a0<\/p>\n<p>Cr\u00e9ation et maintien des conditions pour une mise en \u0153uvre r\u00e9ussie des Living Labs et des Actions d&rsquo;Innovation.<\/p>\n<p><strong>WP9 &#8211; Coordination et gestion du projet.<\/strong><\/p>\n<p>Ressources Compl\u00e9mentaires<\/p>\n<p><strong>Paysages M\u00e9diterran\u00e9ens Sous Influences &#8211;\u00a0 Comprendre . S&rsquo;adapter . Modeler &#8211; <\/strong>Colloque scientifique 2023 <strong>&#8211; <\/strong><em>Eric Rigolot, Jean-Luc Dupuy, Fran\u00e7ois Pimont &#8211; <strong><a href=\"https:\/\/hal.inrae.fr\/hal-04100037v1\/document\" target=\"_blank\" rel=\"noopener\">Article<\/a><\/strong><\/em><\/p>\n<p>\t\t\t\t\t\t\t\t\t\t\t\t\t\t\t<img loading=\"lazy\" decoding=\"async\" width=\"525\" height=\"80\" src=\"https:\/\/www.plantedforests.org\/wp-content\/uploads\/2025\/08\/EU-emblem-FIRE-RES-V2.png\" alt=\"\" srcset=\"https:\/\/www.plantedforests.org\/wp-content\/uploads\/2025\/08\/EU-emblem-FIRE-RES-V2.png 675w, https:\/\/www.plantedforests.org\/wp-content\/uploads\/2025\/08\/EU-emblem-FIRE-RES-V2-300x46.png 300w, https:\/\/www.plantedforests.org\/wp-content\/uploads\/2025\/08\/EU-emblem-FIRE-RES-V2-150x23.png 150w\" sizes=\"(max-width: 525px) 100vw, 525px\" \/><br \/>\n            <a href=\"https:\/\/www.plantedforests.org\/fr\/fire-res-ongoing-activities-in-the-nouvelle-aquitaine-living-lab\/\" target=\"_blank\" data-text=\"Plus d&#039;informations !\"><br \/>\n                    Actions en cours dans le living lab Nouvelle-Aquitaine<br \/>\n\t                        <\/a><br \/>\n            <a href=\"https:\/\/www.plantedforests.org\/fr\/fire-res-resources-and-partners\/\" target=\"_blank\" data-text=\"Plus d&#039;informations !\"><br \/>\n                    Ressources et Partenaires<br \/>\n\t                        <\/a><br \/>\n\t\t\t\t\t<a href=\"https:\/\/www.plantedforests.org\/infrastructures\/\"><br \/>\n\t\t\t\t<svg aria-hidden=\"true\" viewBox=\"0 0 448 512\" xmlns=\"http:\/\/www.w3.org\/2000\/svg\"><path d=\"M257.5 445.1l-22.2 22.2c-9.4 9.4-24.6 9.4-33.9 0L7 273c-9.4-9.4-9.4-24.6 0-33.9L201.4 44.7c9.4-9.4 24.6-9.4 33.9 0l22.2 22.2c9.5 9.5 9.3 25-.4 34.3L136.6 216H424c13.3 0 24 10.7 24 24v32c0 13.3-10.7 24-24 24H136.6l120.5 114.8c9.8 9.3 10 24.8.4 34.3z\"><\/path><\/svg><br \/>\n\t\t\t\t\t\t\t\t\tInfrastructures<br \/>\n\t\t\t\t\t<\/a><br \/>\n\t\t\t\t\t<a href=\"https:\/\/www.plantedforests.org\/infrastructures\/living-labs\/\"><br \/>\n\t\t\t\t<svg aria-hidden=\"true\" viewBox=\"0 0 448 512\" xmlns=\"http:\/\/www.w3.org\/2000\/svg\"><path d=\"M190.5 66.9l22.2-22.2c9.4-9.4 24.6-9.4 33.9 0L441 239c9.4 9.4 9.4 24.6 0 33.9L246.6 467.3c-9.4 9.4-24.6 9.4-33.9 0l-22.2-22.2c-9.5-9.5-9.3-25 .4-34.3L311.4 296H24c-13.3 0-24-10.7-24-24v-32c0-13.3 10.7-24 24-24h287.4L190.9 101.2c-9.8-9.3-10-24.8-.4-34.3z\"><\/path><\/svg><br \/>\n\t\t\t\t\t\t\t\t\tLiving Labs<br \/>\n\t\t\t\t\t<\/a><\/p>\n","protected":false},"excerpt":{"rendered":"<p>\u00a0www.fire-res.eu FIRE-RES est un projet de recherche europ\u00e9en (Horizon 2020, 2021-2025, 35 partenaires) visant \u00e0 d\u00e9velopper une\u00a0strat\u00e9gie de gestion int\u00e9gr\u00e9e face aux incendies de for\u00eat extr\u00eames en Europe. L\u2019objectif est [&hellip;]<\/p>\n","protected":false},"author":101,"featured_media":0,"parent":16404,"menu_order":0,"comment_status":"closed","ping_status":"closed","template":"","meta":{"_acf_changed":false,"_eb_attr":"","_EventAllDay":false,"_EventTimezone":"","_EventStartDate":"","_EventEndDate":"","_EventStartDateUTC":"","_EventEndDateUTC":"","_EventShowMap":false,"_EventShowMapLink":false,"_EventURL":"","_EventCost":"","_EventCostDescription":"","_EventCurrencySymbol":"","_EventCurrencyCode":"","_EventCurrencyPosition":"","_EventDateTimeSeparator":"","_EventTimeRangeSeparator":"","_EventOrganizerID":[],"_EventVenueID":[],"_OrganizerEmail":"","_OrganizerPhone":"","_OrganizerWebsite":"","_VenueAddress":"","_VenueCity":"","_VenueCountry":"","_VenueProvince":"","_VenueState":"","_VenueZip":"","_VenuePhone":"","_VenueURL":"","_VenueStateProvince":"","_VenueLat":"","_VenueLng":"","_VenueShowMap":false,"_VenueShowMapLink":false,"activitypub_content_warning":"","activitypub_content_visibility":"","activitypub_max_image_attachments":4,"activitypub_interaction_policy_quote":"anyone","activitypub_status":"federated","footnotes":""},"class_list":["post-16270","page","type-page","status-publish","hentry"],"translation":{"provider":"WPGlobus","version":"3.0.2","language":"fr","enabled_languages":["gb","fr","es","pt"],"languages":{"gb":{"title":true,"content":true,"excerpt":false},"fr":{"title":true,"content":true,"excerpt":false},"es":{"title":false,"content":false,"excerpt":false},"pt":{"title":false,"content":false,"excerpt":false}}},"acf":[],"yoast_head":"<!-- This site is optimized with the Yoast SEO plugin v27.3 - https:\/\/yoast.com\/product\/yoast-seo-wordpress\/ -->\n<title>FIRE-RES - Institut Europ\u00e9en de la For\u00eat Cultiv\u00e9e - IEFC<\/title>\n<meta name=\"robots\" content=\"index, follow, max-snippet:-1, max-image-preview:large, max-video-preview:-1\" \/>\n<link rel=\"canonical\" href=\"https:\/\/www.plantedforests.org\/pt\/infrastructures\/fire-res\/\" \/>\n<meta property=\"og:locale\" content=\"fr_FR\" \/>\n<meta property=\"og:type\" content=\"article\" \/>\n<meta property=\"og:title\" content=\"FIRE-RES - Institut Europ\u00e9en de la For\u00eat Cultiv\u00e9e - IEFC\" \/>\n<meta property=\"og:url\" content=\"https:\/\/www.plantedforests.org\/pt\/infrastructures\/fire-res\/\" \/>\n<meta property=\"og:site_name\" content=\"Institut Europ\u00e9en de la For\u00eat Cultiv\u00e9e - IEFC\" \/>\n<meta property=\"article:modified_time\" content=\"2025-08-26T09:33:42+00:00\" \/>\n<meta property=\"og:image\" content=\"https:\/\/www.plantedforests.org\/wp-content\/uploads\/2024\/02\/FireRes_logo_txt_HIGH_color-scaled.jpg\" \/>\n<meta name=\"twitter:card\" content=\"summary_large_image\" \/>\n<meta name=\"twitter:site\" content=\"@IEFCPlantForest\" \/>\n<meta name=\"twitter:label1\" content=\"Dur\u00e9e de lecture estim\u00e9e\" \/>\n\t<meta name=\"twitter:data1\" content=\"5 minutes\" \/>\n<script type=\"application\/ld+json\" class=\"yoast-schema-graph\">{\"@context\":\"https:\\\/\\\/schema.org\",\"@graph\":[{\"@type\":\"WebPage\",\"@id\":\"https:\\\/\\\/www.plantedforests.org\\\/pt\\\/infrastructures\\\/fire-res\\\/\",\"url\":\"https:\\\/\\\/www.plantedforests.org\\\/pt\\\/infrastructures\\\/fire-res\\\/\",\"name\":\"FIRE-RES - Institut Europ\u00e9en de la For\u00eat Cultiv\u00e9e - IEFC\",\"isPartOf\":{\"@id\":\"https:\\\/\\\/www.plantedforests.org\\\/fr\\\/#website\"},\"primaryImageOfPage\":{\"@id\":\"https:\\\/\\\/www.plantedforests.org\\\/pt\\\/infrastructures\\\/fire-res\\\/#primaryimage\"},\"image\":{\"@id\":\"https:\\\/\\\/www.plantedforests.org\\\/pt\\\/infrastructures\\\/fire-res\\\/#primaryimage\"},\"thumbnailUrl\":\"https:\\\/\\\/www.plantedforests.org\\\/wp-content\\\/uploads\\\/2024\\\/02\\\/FireRes_logo_txt_HIGH_color-scaled.jpg\",\"datePublished\":\"2024-02-08T10:10:41+00:00\",\"dateModified\":\"2025-08-26T09:33:42+00:00\",\"breadcrumb\":{\"@id\":\"https:\\\/\\\/www.plantedforests.org\\\/pt\\\/infrastructures\\\/fire-res\\\/#breadcrumb\"},\"inLanguage\":\"fr-FR\",\"potentialAction\":[{\"@type\":\"ReadAction\",\"target\":[\"https:\\\/\\\/www.plantedforests.org\\\/pt\\\/infrastructures\\\/fire-res\\\/\"]}]},{\"@type\":\"ImageObject\",\"inLanguage\":\"fr-FR\",\"@id\":\"https:\\\/\\\/www.plantedforests.org\\\/pt\\\/infrastructures\\\/fire-res\\\/#primaryimage\",\"url\":\"https:\\\/\\\/www.plantedforests.org\\\/wp-content\\\/uploads\\\/2024\\\/02\\\/FireRes_logo_txt_HIGH_color-scaled.jpg\",\"contentUrl\":\"https:\\\/\\\/www.plantedforests.org\\\/wp-content\\\/uploads\\\/2024\\\/02\\\/FireRes_logo_txt_HIGH_color-scaled.jpg\"},{\"@type\":\"BreadcrumbList\",\"@id\":\"https:\\\/\\\/www.plantedforests.org\\\/pt\\\/infrastructures\\\/fire-res\\\/#breadcrumb\",\"itemListElement\":[{\"@type\":\"ListItem\",\"position\":1,\"name\":\"Accueil\",\"item\":\"https:\\\/\\\/www.plantedforests.org\\\/\"},{\"@type\":\"ListItem\",\"position\":2,\"name\":\"Infrastructures\",\"item\":\"https:\\\/\\\/www.plantedforests.org\\\/infrastructures\\\/\"},{\"@type\":\"ListItem\",\"position\":3,\"name\":\"FIRE-RES\"}]},{\"@type\":\"WebSite\",\"@id\":\"https:\\\/\\\/www.plantedforests.org\\\/fr\\\/#website\",\"url\":\"https:\\\/\\\/www.plantedforests.org\\\/fr\\\/\",\"name\":\"Institut Europ\u00e9en de la For\u00eat Cultiv\u00e9e - IEFC\",\"description\":\"Le r\u00e9seau multi-acteur pour la gestion durable et la r\u00e9silience des for\u00eats cultiv\u00e9es\",\"publisher\":{\"@id\":\"https:\\\/\\\/www.plantedforests.org\\\/fr\\\/#organization\"},\"potentialAction\":[{\"@type\":\"SearchAction\",\"target\":{\"@type\":\"EntryPoint\",\"urlTemplate\":\"https:\\\/\\\/www.plantedforests.org\\\/fr\\\/?s={search_term_string}\"},\"query-input\":{\"@type\":\"PropertyValueSpecification\",\"valueRequired\":true,\"valueName\":\"search_term_string\"}}],\"inLanguage\":\"fr-FR\"},{\"@type\":\"Organization\",\"@id\":\"https:\\\/\\\/www.plantedforests.org\\\/fr\\\/#organization\",\"name\":\"Institut Europ\u00e9en de la For\u00eat Cultiv\u00e9e - Plantedforests.org\",\"url\":\"https:\\\/\\\/www.plantedforests.org\\\/fr\\\/\",\"logo\":{\"@type\":\"ImageObject\",\"inLanguage\":\"fr-FR\",\"@id\":\"https:\\\/\\\/www.plantedforests.org\\\/fr\\\/#\\\/schema\\\/logo\\\/image\\\/\",\"url\":\"https:\\\/\\\/www.plantedforests.org\\\/wp-content\\\/uploads\\\/2022\\\/07\\\/Logo_iefc__FR.png\",\"contentUrl\":\"https:\\\/\\\/www.plantedforests.org\\\/wp-content\\\/uploads\\\/2022\\\/07\\\/Logo_iefc__FR.png\",\"width\":2031,\"height\":1001,\"caption\":\"Institut Europ\u00e9en de la For\u00eat Cultiv\u00e9e - Plantedforests.org\"},\"image\":{\"@id\":\"https:\\\/\\\/www.plantedforests.org\\\/fr\\\/#\\\/schema\\\/logo\\\/image\\\/\"},\"sameAs\":[\"https:\\\/\\\/x.com\\\/IEFCPlantForest\",\"https:\\\/\\\/www.linkedin.com\\\/company\\\/71728047\\\/\"]}]}<\/script>\n<!-- \/ Yoast SEO plugin. -->","yoast_head_json":{"title":"FIRE-RES - Institut Europ\u00e9en de la For\u00eat Cultiv\u00e9e - IEFC","robots":{"index":"index","follow":"follow","max-snippet":"max-snippet:-1","max-image-preview":"max-image-preview:large","max-video-preview":"max-video-preview:-1"},"canonical":"https:\/\/www.plantedforests.org\/pt\/infrastructures\/fire-res\/","og_locale":"fr_FR","og_type":"article","og_title":"FIRE-RES - Institut Europ\u00e9en de la For\u00eat Cultiv\u00e9e - IEFC","og_url":"https:\/\/www.plantedforests.org\/pt\/infrastructures\/fire-res\/","og_site_name":"Institut Europ\u00e9en de la For\u00eat Cultiv\u00e9e - IEFC","article_modified_time":"2025-08-26T09:33:42+00:00","og_image":[{"url":"https:\/\/www.plantedforests.org\/wp-content\/uploads\/2024\/02\/FireRes_logo_txt_HIGH_color-scaled.jpg","type":"","width":"","height":""}],"twitter_card":"summary_large_image","twitter_site":"@IEFCPlantForest","twitter_misc":{"Dur\u00e9e de lecture estim\u00e9e":"5 minutes"},"schema":{"@context":"https:\/\/schema.org","@graph":[{"@type":"WebPage","@id":"https:\/\/www.plantedforests.org\/pt\/infrastructures\/fire-res\/","url":"https:\/\/www.plantedforests.org\/pt\/infrastructures\/fire-res\/","name":"FIRE-RES - Institut Europ\u00e9en de la For\u00eat Cultiv\u00e9e - IEFC","isPartOf":{"@id":"https:\/\/www.plantedforests.org\/fr\/#website"},"primaryImageOfPage":{"@id":"https:\/\/www.plantedforests.org\/pt\/infrastructures\/fire-res\/#primaryimage"},"image":{"@id":"https:\/\/www.plantedforests.org\/pt\/infrastructures\/fire-res\/#primaryimage"},"thumbnailUrl":"https:\/\/www.plantedforests.org\/wp-content\/uploads\/2024\/02\/FireRes_logo_txt_HIGH_color-scaled.jpg","datePublished":"2024-02-08T10:10:41+00:00","dateModified":"2025-08-26T09:33:42+00:00","breadcrumb":{"@id":"https:\/\/www.plantedforests.org\/pt\/infrastructures\/fire-res\/#breadcrumb"},"inLanguage":"fr-FR","potentialAction":[{"@type":"ReadAction","target":["https:\/\/www.plantedforests.org\/pt\/infrastructures\/fire-res\/"]}]},{"@type":"ImageObject","inLanguage":"fr-FR","@id":"https:\/\/www.plantedforests.org\/pt\/infrastructures\/fire-res\/#primaryimage","url":"https:\/\/www.plantedforests.org\/wp-content\/uploads\/2024\/02\/FireRes_logo_txt_HIGH_color-scaled.jpg","contentUrl":"https:\/\/www.plantedforests.org\/wp-content\/uploads\/2024\/02\/FireRes_logo_txt_HIGH_color-scaled.jpg"},{"@type":"BreadcrumbList","@id":"https:\/\/www.plantedforests.org\/pt\/infrastructures\/fire-res\/#breadcrumb","itemListElement":[{"@type":"ListItem","position":1,"name":"Accueil","item":"https:\/\/www.plantedforests.org\/"},{"@type":"ListItem","position":2,"name":"Infrastructures","item":"https:\/\/www.plantedforests.org\/infrastructures\/"},{"@type":"ListItem","position":3,"name":"FIRE-RES"}]},{"@type":"WebSite","@id":"https:\/\/www.plantedforests.org\/fr\/#website","url":"https:\/\/www.plantedforests.org\/fr\/","name":"Institut Europ\u00e9en de la For\u00eat Cultiv\u00e9e - IEFC","description":"Le r\u00e9seau multi-acteur pour la gestion durable et la r\u00e9silience des for\u00eats cultiv\u00e9es","publisher":{"@id":"https:\/\/www.plantedforests.org\/fr\/#organization"},"potentialAction":[{"@type":"SearchAction","target":{"@type":"EntryPoint","urlTemplate":"https:\/\/www.plantedforests.org\/fr\/?s={search_term_string}"},"query-input":{"@type":"PropertyValueSpecification","valueRequired":true,"valueName":"search_term_string"}}],"inLanguage":"fr-FR"},{"@type":"Organization","@id":"https:\/\/www.plantedforests.org\/fr\/#organization","name":"Institut Europ\u00e9en de la For\u00eat Cultiv\u00e9e - Plantedforests.org","url":"https:\/\/www.plantedforests.org\/fr\/","logo":{"@type":"ImageObject","inLanguage":"fr-FR","@id":"https:\/\/www.plantedforests.org\/fr\/#\/schema\/logo\/image\/","url":"https:\/\/www.plantedforests.org\/wp-content\/uploads\/2022\/07\/Logo_iefc__FR.png","contentUrl":"https:\/\/www.plantedforests.org\/wp-content\/uploads\/2022\/07\/Logo_iefc__FR.png","width":2031,"height":1001,"caption":"Institut Europ\u00e9en de la For\u00eat Cultiv\u00e9e - Plantedforests.org"},"image":{"@id":"https:\/\/www.plantedforests.org\/fr\/#\/schema\/logo\/image\/"},"sameAs":["https:\/\/x.com\/IEFCPlantForest","https:\/\/www.linkedin.com\/company\/71728047\/"]}]}},"_links":{"self":[{"href":"https:\/\/www.plantedforests.org\/fr\/wp-json\/wp\/v2\/pages\/16270","targetHints":{"allow":["GET"]}}],"collection":[{"href":"https:\/\/www.plantedforests.org\/fr\/wp-json\/wp\/v2\/pages"}],"about":[{"href":"https:\/\/www.plantedforests.org\/fr\/wp-json\/wp\/v2\/types\/page"}],"author":[{"embeddable":true,"href":"https:\/\/www.plantedforests.org\/fr\/wp-json\/wp\/v2\/users\/101"}],"replies":[{"embeddable":true,"href":"https:\/\/www.plantedforests.org\/fr\/wp-json\/wp\/v2\/comments?post=16270"}],"version-history":[{"count":160,"href":"https:\/\/www.plantedforests.org\/fr\/wp-json\/wp\/v2\/pages\/16270\/revisions"}],"predecessor-version":[{"id":27428,"href":"https:\/\/www.plantedforests.org\/fr\/wp-json\/wp\/v2\/pages\/16270\/revisions\/27428"}],"up":[{"embeddable":true,"href":"https:\/\/www.plantedforests.org\/fr\/wp-json\/wp\/v2\/pages\/16404"}],"wp:attachment":[{"href":"https:\/\/www.plantedforests.org\/fr\/wp-json\/wp\/v2\/media?parent=16270"}],"curies":[{"name":"wp","href":"https:\/\/api.w.org\/{rel}","templated":true}]}}