
{"id":14275,"date":"2022-11-17T14:30:40","date_gmt":"2022-11-17T13:30:40","guid":{"rendered":"https:\/\/www.plantedforests.org\/?page_id=14275"},"modified":"2024-04-08T09:39:01","modified_gmt":"2024-04-08T07:39:01","slug":"ipc2024-abstracts-management","status":"publish","type":"page","link":"https:\/\/www.plantedforests.org\/fr\/ipc27\/abstracts\/ipc2024-abstracts-management\/","title":{"rendered":"IPC 27th SESSION &#8211; Abstracts management"},"content":{"rendered":"\n<p class=\"has-text-align-center\" style=\"font-size:25px\"><strong><span style=\"text-decoration: underline;\">Poplars and other fast-growing trees for climate change mitigation and adaptation \u2013 Pathways to climate resilience and carbon neutral societies<\/span><\/strong><\/p>\n\n\n<div class=\"wp-block-image\">\n<figure class=\"aligncenter size-large is-resized\"><a href=\"https:\/\/www.fao.org\/ipc\" target=\"_blank\" rel=\"noreferrer noopener\"><img fetchpriority=\"high\" decoding=\"async\" width=\"1024\" height=\"576\" src=\"https:\/\/www.plantedforests.org\/wp-content\/uploads\/2023\/12\/IPC-COLOR-01-1024x576.png\" alt=\"\" class=\"wp-image-14975\" style=\"width:499px;height:auto\" srcset=\"https:\/\/www.plantedforests.org\/wp-content\/uploads\/2023\/12\/IPC-COLOR-01-1024x576.png 1024w, https:\/\/www.plantedforests.org\/wp-content\/uploads\/2023\/12\/IPC-COLOR-01-300x169.png 300w, https:\/\/www.plantedforests.org\/wp-content\/uploads\/2023\/12\/IPC-COLOR-01-150x84.png 150w, https:\/\/www.plantedforests.org\/wp-content\/uploads\/2023\/12\/IPC-COLOR-01-768x432.png 768w, https:\/\/www.plantedforests.org\/wp-content\/uploads\/2023\/12\/IPC-COLOR-01-1536x864.png 1536w, https:\/\/www.plantedforests.org\/wp-content\/uploads\/2023\/12\/IPC-COLOR-01-2048x1152.png 2048w, https:\/\/www.plantedforests.org\/wp-content\/uploads\/2023\/12\/IPC-COLOR-01-1320x743.png 1320w\" sizes=\"(max-width: 1024px) 100vw, 1024px\" \/><\/a><\/figure>\n<\/div>","protected":false},"excerpt":{"rendered":"<p>Poplars and other fast-growing trees for climate change mitigation and adaptation \u2013 Pathways to climate resilience and carbon neutral societies<\/p>\n","protected":false},"author":3,"featured_media":0,"parent":14273,"menu_order":0,"comment_status":"closed","ping_status":"closed","template":"","meta":{"_acf_changed":false,"_eb_attr":"","_EventAllDay":false,"_EventTimezone":"","_EventStartDate":"","_EventEndDate":"","_EventStartDateUTC":"","_EventEndDateUTC":"","_EventShowMap":false,"_EventShowMapLink":false,"_EventURL":"","_EventCost":"","_EventCostDescription":"","_EventCurrencySymbol":"","_EventCurrencyCode":"","_EventCurrencyPosition":"","_EventDateTimeSeparator":"","_EventTimeRangeSeparator":"","_EventOrganizerID":[],"_EventVenueID":[],"_OrganizerEmail":"","_OrganizerPhone":"","_OrganizerWebsite":"","_VenueAddress":"","_VenueCity":"","_VenueCountry":"","_VenueProvince":"","_VenueState":"","_VenueZip":"","_VenuePhone":"","_VenueURL":"","_VenueStateProvince":"","_VenueLat":"","_VenueLng":"","_VenueShowMap":false,"_VenueShowMapLink":false,"activitypub_content_warning":"","activitypub_content_visibility":"","activitypub_max_image_attachments":4,"activitypub_interaction_policy_quote":"anyone","activitypub_status":"","footnotes":""},"class_list":["post-14275","page","type-page","status-publish","hentry"],"translation":{"provider":"WPGlobus","version":"3.0.2","language":"fr","enabled_languages":["gb","fr","es","pt"],"languages":{"gb":{"title":true,"content":true,"excerpt":false},"fr":{"title":false,"content":true,"excerpt":false},"es":{"title":false,"content":false,"excerpt":false},"pt":{"title":false,"content":false,"excerpt":false}}},"acf":[],"yoast_head":"<!-- This site is optimized with the Yoast SEO plugin v27.3 - https:\/\/yoast.com\/product\/yoast-seo-wordpress\/ -->\n<title>IPC 27th SESSION - Abstracts management - Institut Europ\u00e9en de la For\u00eat Cultiv\u00e9e - IEFC<\/title>\n<meta name=\"robots\" content=\"index, follow, max-snippet:-1, max-image-preview:large, max-video-preview:-1\" \/>\n<link rel=\"canonical\" href=\"https:\/\/www.plantedforests.org\/es\/ipc27\/abstracts\/ipc2024-abstracts-management\/\" \/>\n<meta property=\"og:locale\" content=\"fr_FR\" \/>\n<meta property=\"og:type\" content=\"article\" \/>\n<meta property=\"og:title\" content=\"IPC 27th SESSION - Abstracts management - Institut Europ\u00e9en de la For\u00eat Cultiv\u00e9e - IEFC\" \/>\n<meta property=\"og:url\" content=\"https:\/\/www.plantedforests.org\/es\/ipc27\/abstracts\/ipc2024-abstracts-management\/\" \/>\n<meta property=\"og:site_name\" content=\"Institut Europ\u00e9en de la For\u00eat Cultiv\u00e9e - IEFC\" \/>\n<meta property=\"article:modified_time\" content=\"2024-04-08T07:39:01+00:00\" \/>\n<meta property=\"og:image\" content=\"https:\/\/www.plantedforests.org\/wp-content\/uploads\/2023\/12\/IPC-COLOR-01-1024x576.png\" \/>\n<meta name=\"twitter:card\" content=\"summary_large_image\" \/>\n<meta name=\"twitter:site\" content=\"@IEFCPlantForest\" \/>\n<meta name=\"twitter:label1\" content=\"Dur\u00e9e de lecture estim\u00e9e\" \/>\n\t<meta name=\"twitter:data1\" content=\"1 minute\" \/>\n<script type=\"application\/ld+json\" class=\"yoast-schema-graph\">{\"@context\":\"https:\\\/\\\/schema.org\",\"@graph\":[{\"@type\":\"WebPage\",\"@id\":\"https:\\\/\\\/www.plantedforests.org\\\/es\\\/ipc27\\\/abstracts\\\/ipc2024-abstracts-management\\\/\",\"url\":\"https:\\\/\\\/www.plantedforests.org\\\/es\\\/ipc27\\\/abstracts\\\/ipc2024-abstracts-management\\\/\",\"name\":\"IPC 27th SESSION - Abstracts management - Institut Europ\u00e9en de la For\u00eat Cultiv\u00e9e - IEFC\",\"isPartOf\":{\"@id\":\"https:\\\/\\\/www.plantedforests.org\\\/fr\\\/#website\"},\"primaryImageOfPage\":{\"@id\":\"https:\\\/\\\/www.plantedforests.org\\\/es\\\/ipc27\\\/abstracts\\\/ipc2024-abstracts-management\\\/#primaryimage\"},\"image\":{\"@id\":\"https:\\\/\\\/www.plantedforests.org\\\/es\\\/ipc27\\\/abstracts\\\/ipc2024-abstracts-management\\\/#primaryimage\"},\"thumbnailUrl\":\"https:\\\/\\\/www.plantedforests.org\\\/wp-content\\\/uploads\\\/2023\\\/12\\\/IPC-COLOR-01-1024x576.png\",\"datePublished\":\"2022-11-17T13:30:40+00:00\",\"dateModified\":\"2024-04-08T07:39:01+00:00\",\"breadcrumb\":{\"@id\":\"https:\\\/\\\/www.plantedforests.org\\\/es\\\/ipc27\\\/abstracts\\\/ipc2024-abstracts-management\\\/#breadcrumb\"},\"inLanguage\":\"fr-FR\",\"potentialAction\":[{\"@type\":\"ReadAction\",\"target\":[\"https:\\\/\\\/www.plantedforests.org\\\/es\\\/ipc27\\\/abstracts\\\/ipc2024-abstracts-management\\\/\"]}]},{\"@type\":\"ImageObject\",\"inLanguage\":\"fr-FR\",\"@id\":\"https:\\\/\\\/www.plantedforests.org\\\/es\\\/ipc27\\\/abstracts\\\/ipc2024-abstracts-management\\\/#primaryimage\",\"url\":\"https:\\\/\\\/www.plantedforests.org\\\/wp-content\\\/uploads\\\/2023\\\/12\\\/IPC-COLOR-01-1024x576.png\",\"contentUrl\":\"https:\\\/\\\/www.plantedforests.org\\\/wp-content\\\/uploads\\\/2023\\\/12\\\/IPC-COLOR-01-1024x576.png\"},{\"@type\":\"BreadcrumbList\",\"@id\":\"https:\\\/\\\/www.plantedforests.org\\\/es\\\/ipc27\\\/abstracts\\\/ipc2024-abstracts-management\\\/#breadcrumb\",\"itemListElement\":[{\"@type\":\"ListItem\",\"position\":1,\"name\":\"Accueil\",\"item\":\"https:\\\/\\\/www.plantedforests.org\\\/\"},{\"@type\":\"ListItem\",\"position\":2,\"name\":\"IPC 27th Session\",\"item\":\"https:\\\/\\\/www.plantedforests.org\\\/ipc27\\\/\"},{\"@type\":\"ListItem\",\"position\":3,\"name\":\"IPC 27th SESSION &#8211; Abstracts Submission\",\"item\":\"https:\\\/\\\/www.plantedforests.org\\\/ipc27\\\/abstracts\\\/\"},{\"@type\":\"ListItem\",\"position\":4,\"name\":\"IPC 27th SESSION &#8211; Abstracts management\"}]},{\"@type\":\"WebSite\",\"@id\":\"https:\\\/\\\/www.plantedforests.org\\\/fr\\\/#website\",\"url\":\"https:\\\/\\\/www.plantedforests.org\\\/fr\\\/\",\"name\":\"Institut Europ\u00e9en de la For\u00eat Cultiv\u00e9e - IEFC\",\"description\":\"Le r\u00e9seau multi-acteur pour la gestion durable et la r\u00e9silience des for\u00eats cultiv\u00e9es\",\"publisher\":{\"@id\":\"https:\\\/\\\/www.plantedforests.org\\\/fr\\\/#organization\"},\"potentialAction\":[{\"@type\":\"SearchAction\",\"target\":{\"@type\":\"EntryPoint\",\"urlTemplate\":\"https:\\\/\\\/www.plantedforests.org\\\/fr\\\/?s={search_term_string}\"},\"query-input\":{\"@type\":\"PropertyValueSpecification\",\"valueRequired\":true,\"valueName\":\"search_term_string\"}}],\"inLanguage\":\"fr-FR\"},{\"@type\":\"Organization\",\"@id\":\"https:\\\/\\\/www.plantedforests.org\\\/fr\\\/#organization\",\"name\":\"Institut Europ\u00e9en de la For\u00eat Cultiv\u00e9e - Plantedforests.org\",\"url\":\"https:\\\/\\\/www.plantedforests.org\\\/fr\\\/\",\"logo\":{\"@type\":\"ImageObject\",\"inLanguage\":\"fr-FR\",\"@id\":\"https:\\\/\\\/www.plantedforests.org\\\/fr\\\/#\\\/schema\\\/logo\\\/image\\\/\",\"url\":\"https:\\\/\\\/www.plantedforests.org\\\/wp-content\\\/uploads\\\/2022\\\/07\\\/Logo_iefc__FR.png\",\"contentUrl\":\"https:\\\/\\\/www.plantedforests.org\\\/wp-content\\\/uploads\\\/2022\\\/07\\\/Logo_iefc__FR.png\",\"width\":2031,\"height\":1001,\"caption\":\"Institut Europ\u00e9en de la For\u00eat Cultiv\u00e9e - Plantedforests.org\"},\"image\":{\"@id\":\"https:\\\/\\\/www.plantedforests.org\\\/fr\\\/#\\\/schema\\\/logo\\\/image\\\/\"},\"sameAs\":[\"https:\\\/\\\/x.com\\\/IEFCPlantForest\",\"https:\\\/\\\/www.linkedin.com\\\/company\\\/71728047\\\/\"]}]}<\/script>\n<!-- \/ Yoast SEO plugin. -->","yoast_head_json":{"title":"IPC 27th SESSION - Abstracts management - Institut Europ\u00e9en de la For\u00eat Cultiv\u00e9e - IEFC","robots":{"index":"index","follow":"follow","max-snippet":"max-snippet:-1","max-image-preview":"max-image-preview:large","max-video-preview":"max-video-preview:-1"},"canonical":"https:\/\/www.plantedforests.org\/es\/ipc27\/abstracts\/ipc2024-abstracts-management\/","og_locale":"fr_FR","og_type":"article","og_title":"IPC 27th SESSION - Abstracts management - Institut Europ\u00e9en de la For\u00eat Cultiv\u00e9e - IEFC","og_url":"https:\/\/www.plantedforests.org\/es\/ipc27\/abstracts\/ipc2024-abstracts-management\/","og_site_name":"Institut Europ\u00e9en de la For\u00eat Cultiv\u00e9e - IEFC","article_modified_time":"2024-04-08T07:39:01+00:00","og_image":[{"url":"https:\/\/www.plantedforests.org\/wp-content\/uploads\/2023\/12\/IPC-COLOR-01-1024x576.png","type":"","width":"","height":""}],"twitter_card":"summary_large_image","twitter_site":"@IEFCPlantForest","twitter_misc":{"Dur\u00e9e de lecture estim\u00e9e":"1 minute"},"schema":{"@context":"https:\/\/schema.org","@graph":[{"@type":"WebPage","@id":"https:\/\/www.plantedforests.org\/es\/ipc27\/abstracts\/ipc2024-abstracts-management\/","url":"https:\/\/www.plantedforests.org\/es\/ipc27\/abstracts\/ipc2024-abstracts-management\/","name":"IPC 27th SESSION - Abstracts management - Institut Europ\u00e9en de la For\u00eat Cultiv\u00e9e - IEFC","isPartOf":{"@id":"https:\/\/www.plantedforests.org\/fr\/#website"},"primaryImageOfPage":{"@id":"https:\/\/www.plantedforests.org\/es\/ipc27\/abstracts\/ipc2024-abstracts-management\/#primaryimage"},"image":{"@id":"https:\/\/www.plantedforests.org\/es\/ipc27\/abstracts\/ipc2024-abstracts-management\/#primaryimage"},"thumbnailUrl":"https:\/\/www.plantedforests.org\/wp-content\/uploads\/2023\/12\/IPC-COLOR-01-1024x576.png","datePublished":"2022-11-17T13:30:40+00:00","dateModified":"2024-04-08T07:39:01+00:00","breadcrumb":{"@id":"https:\/\/www.plantedforests.org\/es\/ipc27\/abstracts\/ipc2024-abstracts-management\/#breadcrumb"},"inLanguage":"fr-FR","potentialAction":[{"@type":"ReadAction","target":["https:\/\/www.plantedforests.org\/es\/ipc27\/abstracts\/ipc2024-abstracts-management\/"]}]},{"@type":"ImageObject","inLanguage":"fr-FR","@id":"https:\/\/www.plantedforests.org\/es\/ipc27\/abstracts\/ipc2024-abstracts-management\/#primaryimage","url":"https:\/\/www.plantedforests.org\/wp-content\/uploads\/2023\/12\/IPC-COLOR-01-1024x576.png","contentUrl":"https:\/\/www.plantedforests.org\/wp-content\/uploads\/2023\/12\/IPC-COLOR-01-1024x576.png"},{"@type":"BreadcrumbList","@id":"https:\/\/www.plantedforests.org\/es\/ipc27\/abstracts\/ipc2024-abstracts-management\/#breadcrumb","itemListElement":[{"@type":"ListItem","position":1,"name":"Accueil","item":"https:\/\/www.plantedforests.org\/"},{"@type":"ListItem","position":2,"name":"IPC 27th Session","item":"https:\/\/www.plantedforests.org\/ipc27\/"},{"@type":"ListItem","position":3,"name":"IPC 27th SESSION &#8211; Abstracts Submission","item":"https:\/\/www.plantedforests.org\/ipc27\/abstracts\/"},{"@type":"ListItem","position":4,"name":"IPC 27th SESSION &#8211; Abstracts management"}]},{"@type":"WebSite","@id":"https:\/\/www.plantedforests.org\/fr\/#website","url":"https:\/\/www.plantedforests.org\/fr\/","name":"Institut Europ\u00e9en de la For\u00eat Cultiv\u00e9e - IEFC","description":"Le r\u00e9seau multi-acteur pour la gestion durable et la r\u00e9silience des for\u00eats cultiv\u00e9es","publisher":{"@id":"https:\/\/www.plantedforests.org\/fr\/#organization"},"potentialAction":[{"@type":"SearchAction","target":{"@type":"EntryPoint","urlTemplate":"https:\/\/www.plantedforests.org\/fr\/?s={search_term_string}"},"query-input":{"@type":"PropertyValueSpecification","valueRequired":true,"valueName":"search_term_string"}}],"inLanguage":"fr-FR"},{"@type":"Organization","@id":"https:\/\/www.plantedforests.org\/fr\/#organization","name":"Institut Europ\u00e9en de la For\u00eat Cultiv\u00e9e - Plantedforests.org","url":"https:\/\/www.plantedforests.org\/fr\/","logo":{"@type":"ImageObject","inLanguage":"fr-FR","@id":"https:\/\/www.plantedforests.org\/fr\/#\/schema\/logo\/image\/","url":"https:\/\/www.plantedforests.org\/wp-content\/uploads\/2022\/07\/Logo_iefc__FR.png","contentUrl":"https:\/\/www.plantedforests.org\/wp-content\/uploads\/2022\/07\/Logo_iefc__FR.png","width":2031,"height":1001,"caption":"Institut Europ\u00e9en de la For\u00eat Cultiv\u00e9e - Plantedforests.org"},"image":{"@id":"https:\/\/www.plantedforests.org\/fr\/#\/schema\/logo\/image\/"},"sameAs":["https:\/\/x.com\/IEFCPlantForest","https:\/\/www.linkedin.com\/company\/71728047\/"]}]}},"_links":{"self":[{"href":"https:\/\/www.plantedforests.org\/fr\/wp-json\/wp\/v2\/pages\/14275","targetHints":{"allow":["GET"]}}],"collection":[{"href":"https:\/\/www.plantedforests.org\/fr\/wp-json\/wp\/v2\/pages"}],"about":[{"href":"https:\/\/www.plantedforests.org\/fr\/wp-json\/wp\/v2\/types\/page"}],"author":[{"embeddable":true,"href":"https:\/\/www.plantedforests.org\/fr\/wp-json\/wp\/v2\/users\/3"}],"replies":[{"embeddable":true,"href":"https:\/\/www.plantedforests.org\/fr\/wp-json\/wp\/v2\/comments?post=14275"}],"version-history":[{"count":4,"href":"https:\/\/www.plantedforests.org\/fr\/wp-json\/wp\/v2\/pages\/14275\/revisions"}],"predecessor-version":[{"id":17953,"href":"https:\/\/www.plantedforests.org\/fr\/wp-json\/wp\/v2\/pages\/14275\/revisions\/17953"}],"up":[{"embeddable":true,"href":"https:\/\/www.plantedforests.org\/fr\/wp-json\/wp\/v2\/pages\/14273"}],"wp:attachment":[{"href":"https:\/\/www.plantedforests.org\/fr\/wp-json\/wp\/v2\/media?parent=14275"}],"curies":[{"name":"wp","href":"https:\/\/api.w.org\/{rel}","templated":true}]}}