
{"id":13991,"date":"2023-10-04T14:52:50","date_gmt":"2023-10-04T12:52:50","guid":{"rendered":"https:\/\/www.plantedforests.org\/?page_id=13991"},"modified":"2025-05-15T13:45:33","modified_gmt":"2025-05-15T11:45:33","slug":"29-09-2023-lets-talk-about-planted-forests-virtual-forests","status":"publish","type":"page","link":"https:\/\/www.plantedforests.org\/fr\/webinars-replays\/29-09-2023-lets-talk-about-planted-forests-virtual-forests\/","title":{"rendered":"[29.09.2023] \u2013 Let\u2019s Talk About Planted Forests \u2013 Virtual Forests"},"content":{"rendered":"<div class=\"wp-block-image\">\n<figure class=\"aligncenter size-large is-resized\"><img fetchpriority=\"high\" decoding=\"async\" src=\"https:\/\/www.plantedforests.org\/wp-content\/uploads\/2023\/10\/Webinar-replay-Page-1024x183.png\" alt=\"\" class=\"wp-image-13992\" style=\"width:936px;height:167px\" width=\"936\" height=\"167\" srcset=\"https:\/\/www.plantedforests.org\/wp-content\/uploads\/2023\/10\/Webinar-replay-Page-1024x183.png 1024w, https:\/\/www.plantedforests.org\/wp-content\/uploads\/2023\/10\/Webinar-replay-Page-300x54.png 300w, https:\/\/www.plantedforests.org\/wp-content\/uploads\/2023\/10\/Webinar-replay-Page-150x27.png 150w, https:\/\/www.plantedforests.org\/wp-content\/uploads\/2023\/10\/Webinar-replay-Page-768x137.png 768w, https:\/\/www.plantedforests.org\/wp-content\/uploads\/2023\/10\/Webinar-replay-Page-1536x274.png 1536w, https:\/\/www.plantedforests.org\/wp-content\/uploads\/2023\/10\/Webinar-replay-Page-2048x366.png 2048w, https:\/\/www.plantedforests.org\/wp-content\/uploads\/2023\/10\/Webinar-replay-Page-1320x236.png 1320w\" sizes=\"(max-width: 936px) 100vw, 936px\" \/><\/figure>\n<\/div>\n\n\n<div style=\"height:38px\" aria-hidden=\"true\" class=\"wp-block-spacer\"><\/div>\n\n\n\n<h3 class=\"wp-block-heading has-text-align-left has-black-color has-text-color\"><strong>Webinar: Let\u2019s Talk About Planted Forests will focus on Virtual Forests project results: new IT tools for forests education.<\/strong><\/h3>\n\n\n\n<p class=\"has-black-color has-text-color\">The project: Virtual Forests is co-funded by the Erasmus+ Programme of the European Union. This project was coordinated by a member of the IEFC and the University of Valladolid and aims to develop educational resources for university students, professionals and the general public based on the virtual tools available to foresters. The diversity of resources included educational data sets (LIDAR, field, etc.), MOOCs, test plots and virtual forests allowing 3D immersion in a wide variety of forestry contexts in the temperate and tropical zone.<\/p>\n\n\n\n<p class=\"has-black-color has-text-color\">To discuss this subject, and particularly, IO the IEFC invited 4 experts from the University of Valladoid \u2013 UVa. <\/p>\n\n\n\n<div style=\"height:9px\" aria-hidden=\"true\" class=\"wp-block-spacer\"><\/div>\n\n\n\n<p class=\"has-text-color\" style=\"color:#006633\"><strong><span style=\"text-decoration: underline;\">Watch the replay below and download presentation at the bottom of the page:<\/span><\/strong><\/p>\n\n\n\n<figure class=\"wp-block-embed is-type-video is-provider-dailymotion wp-block-embed-dailymotion wp-embed-aspect-16-9 wp-has-aspect-ratio\"><div class=\"wp-block-embed__wrapper\">\n<iframe title=\"IEFC_Webinar_Virtual Forests\" frameborder=\"0\" width=\"525\" height=\"295\" src=\"https:\/\/geo.dailymotion.com\/player.html?video=k6gPgoKNauuZ1HzwxTo&#038;\" allowfullscreen allow=\"autoplay; fullscreen; picture-in-picture; web-share\"><\/iframe>\n<\/div><\/figure>\n\n\n\n<div style=\"height:47px\" aria-hidden=\"true\" class=\"wp-block-spacer\"><\/div>\n\n\n\n<h2 class=\"wp-block-heading has-text-align-left has-text-color\" style=\"color:#006633;font-size:18px\"><span style=\"text-decoration: underline;\"><strong>Speakers &amp; Presentations<\/strong><\/span> <\/h2>\n\n\n\n<p><\/p>\n\n\n\n<p class=\"has-text-align-left has-black-color has-text-color\" style=\"font-size:16px\">\ud83d\udfe6 Guillermo Vega Gorgojo<\/p>\n\n\n\n<p class=\"has-text-align-left has-black-color has-text-color\" style=\"font-size:16px\"><strong>\u27a1 <\/strong><a href=\"https:\/\/www.plantedforests.org\/webinars-replays\/guillermo-vega-gorgojo-linked-open-data-in-modelling-and-simulation-platforms\/\" target=\"_blank\" rel=\"noreferrer noopener\">Linked Open Data in modelling and simulation platforms<\/a><\/p>\n\n\n\n<div style=\"height:15px\" aria-hidden=\"true\" class=\"wp-block-spacer\"><\/div>\n\n\n\n<p class=\"has-text-align-left has-black-color has-text-color\" style=\"font-size:16px\">\ud83d\udfe6<strong><strong>Pilar Valbuena Perez &amp; Eduardo G\u00f3mez S\u00e1nchez<\/strong><\/strong><\/p>\n\n\n\n<p class=\"has-text-align-left has-black-color has-text-color\" style=\"font-size:16px\"><strong>\u27a1<\/strong> <a href=\"https:\/\/www.plantedforests.org\/webinars-replays\/pilar-valbuena-perez-eduardo-gomez-sanchez\/\" target=\"_blank\" rel=\"noreferrer noopener\">Enhancing Forest Education through Conversational Agents: A Chatbot for Educational Activities in the Context of the Virtual Forests Project<\/a><\/p>\n\n\n\n<div style=\"height:15px\" aria-hidden=\"true\" class=\"wp-block-spacer\"><\/div>\n\n\n\n<p class=\"has-text-align-left has-black-color has-text-color\" style=\"font-size:16px\">\ud83d\udfe6 <strong>Jose Arturo Reque Kilchenmann:<\/strong><\/p>\n\n\n\n<p class=\"has-text-align-left has-black-color has-text-color\" style=\"font-size:16px\"><strong>\u27a1 <\/strong><a href=\"https:\/\/www.plantedforests.org\/webinars-replays\/jose-arturo-reque-kilchenmann-integrated-marteloscopes-virtual-tourjose-arturo-reque-kilchenmann\/\" target=\"_blank\" rel=\"noreferrer noopener\">Integrated marteloscopes virtual tour<\/a><\/p>\n\n\n\n<div style=\"height:18px\" aria-hidden=\"true\" class=\"wp-block-spacer\"><\/div>\n\n\n\n<hr class=\"wp-block-separator has-alpha-channel-opacity is-style-wide\"\/>\n\n\n\n<p class=\"has-text-align-center has-black-color has-text-color has-medium-font-size\"><strong>This event is co-organized by the IEFC, the IUFRO task force \u201cResilient Planted Forest Serving Society &amp; Bioeconomy\u201d and the EFI Research Network on Planted Forests<\/strong><\/p>\n\n\n\n<div class=\"wp-block-columns is-layout-flex wp-container-core-columns-is-layout-9d6595d7 wp-block-columns-is-layout-flex\">\n<div class=\"wp-block-column is-layout-flow wp-block-column-is-layout-flow\"><div class=\"wp-block-image\">\n<figure class=\"aligncenter size-large is-resized\"><a href=\"https:\/\/www.iufro.org\/\" target=\"_blank\" rel=\"noreferrer noopener\"><img decoding=\"async\" src=\"https:\/\/www.plantedforests.org\/wp-content\/uploads\/2022\/02\/iufro-claim_150dpi_a-1024x355.jpg\" alt=\"\" class=\"wp-image-5659\" style=\"width:312px;height:108px\" width=\"312\" height=\"108\" srcset=\"https:\/\/www.plantedforests.org\/wp-content\/uploads\/2022\/02\/iufro-claim_150dpi_a-1024x355.jpg 1024w, https:\/\/www.plantedforests.org\/wp-content\/uploads\/2022\/02\/iufro-claim_150dpi_a-300x104.jpg 300w, https:\/\/www.plantedforests.org\/wp-content\/uploads\/2022\/02\/iufro-claim_150dpi_a-150x52.jpg 150w, https:\/\/www.plantedforests.org\/wp-content\/uploads\/2022\/02\/iufro-claim_150dpi_a-768x266.jpg 768w, https:\/\/www.plantedforests.org\/wp-content\/uploads\/2022\/02\/iufro-claim_150dpi_a.jpg 1142w\" sizes=\"(max-width: 312px) 100vw, 312px\" \/><\/a><\/figure>\n<\/div><\/div>\n\n\n\n<div class=\"wp-block-column is-layout-flow wp-block-column-is-layout-flow\"><div class=\"wp-block-image\">\n<figure class=\"aligncenter size-large is-resized\"><a href=\"https:\/\/efi.int\/\" target=\"_blank\" rel=\"noreferrer noopener\"><img decoding=\"async\" src=\"https:\/\/www.plantedforests.org\/wp-content\/uploads\/2022\/02\/EFI-logo_black-811x1024.png\" alt=\"\" class=\"wp-image-5660\" style=\"width:116px;height:145px\" width=\"116\" height=\"145\" srcset=\"https:\/\/www.plantedforests.org\/wp-content\/uploads\/2022\/02\/EFI-logo_black-811x1024.png 811w, https:\/\/www.plantedforests.org\/wp-content\/uploads\/2022\/02\/EFI-logo_black-238x300.png 238w, https:\/\/www.plantedforests.org\/wp-content\/uploads\/2022\/02\/EFI-logo_black-119x150.png 119w, https:\/\/www.plantedforests.org\/wp-content\/uploads\/2022\/02\/EFI-logo_black.png 1122w\" sizes=\"(max-width: 116px) 100vw, 116px\" \/><\/a><\/figure>\n<\/div><\/div>\n<\/div>\n\n\n\n<hr class=\"wp-block-separator has-alpha-channel-opacity is-style-wide\"\/>\n\n\n\n<p><\/p>\n\n\n\n<p class=\"has-text-align-center has-black-color has-text-color has-medium-font-size\"><strong>Main sponsors of IEFC<\/strong><br><a href=\"https:\/\/www.google.com\/url?sa=t&amp;rct=j&amp;q=&amp;esrc=s&amp;source=web&amp;cd=&amp;ved=2ahUKEwiEs6eluNj6AhWXSfEDHSmEAIkQFnoECBQQAQ&amp;url=https%3A%2F%2Fwww.nouvelle-aquitaine.fr%2F&amp;usg=AOvVaw3ZeeWt52gQiiv0gl17635U\" target=\"_blank\" rel=\"noreferrer noopener\">R\u00e9gion Nouvelle Aquitaine France<\/a>, <a href=\"https:\/\/www.euskadi.eus\/gobierno-vasco\/inicio\/\" target=\"_blank\" rel=\"noreferrer noopener\">Gobierno Vasco Spain<\/a>, <a href=\"https:\/\/www.forestresearch.gov.uk\/\" target=\"_blank\" rel=\"noreferrer noopener\">Forest Research <\/a><\/p>\n\n\n\n<figure class=\"wp-block-image size-large\"><img loading=\"lazy\" decoding=\"async\" width=\"1024\" height=\"183\" src=\"https:\/\/www.plantedforests.org\/wp-content\/uploads\/2022\/10\/Webinar-Replay-1024x183.png\" alt=\"\" class=\"wp-image-7367\" srcset=\"https:\/\/www.plantedforests.org\/wp-content\/uploads\/2022\/10\/Webinar-Replay-1024x183.png 1024w, https:\/\/www.plantedforests.org\/wp-content\/uploads\/2022\/10\/Webinar-Replay-300x54.png 300w, https:\/\/www.plantedforests.org\/wp-content\/uploads\/2022\/10\/Webinar-Replay-150x27.png 150w, https:\/\/www.plantedforests.org\/wp-content\/uploads\/2022\/10\/Webinar-Replay-768x137.png 768w, https:\/\/www.plantedforests.org\/wp-content\/uploads\/2022\/10\/Webinar-Replay-1536x274.png 1536w, https:\/\/www.plantedforests.org\/wp-content\/uploads\/2022\/10\/Webinar-Replay-2048x366.png 2048w, https:\/\/www.plantedforests.org\/wp-content\/uploads\/2022\/10\/Webinar-Replay-1320x236.png 1320w\" sizes=\"(max-width: 1024px) 100vw, 1024px\" \/><\/figure>\n","protected":false},"excerpt":{"rendered":"<p>Webinar: Let\u2019s Talk About Planted Forests will focus on Virtual Forests project results: new IT tools for forests education. The project: Virtual Forests is co-funded by the Erasmus+ Programme of [&hellip;]<\/p>\n","protected":false},"author":101,"featured_media":0,"parent":7809,"menu_order":0,"comment_status":"closed","ping_status":"closed","template":"","meta":{"_acf_changed":false,"_eb_attr":"","_EventAllDay":false,"_EventTimezone":"","_EventStartDate":"","_EventEndDate":"","_EventStartDateUTC":"","_EventEndDateUTC":"","_EventShowMap":false,"_EventShowMapLink":false,"_EventURL":"","_EventCost":"","_EventCostDescription":"","_EventCurrencySymbol":"","_EventCurrencyCode":"","_EventCurrencyPosition":"","_EventDateTimeSeparator":"","_EventTimeRangeSeparator":"","_EventOrganizerID":[],"_EventVenueID":[],"_OrganizerEmail":"","_OrganizerPhone":"","_OrganizerWebsite":"","_VenueAddress":"","_VenueCity":"","_VenueCountry":"","_VenueProvince":"","_VenueState":"","_VenueZip":"","_VenuePhone":"","_VenueURL":"","_VenueStateProvince":"","_VenueLat":"","_VenueLng":"","_VenueShowMap":false,"_VenueShowMapLink":false,"activitypub_content_warning":"","activitypub_content_visibility":"","activitypub_max_image_attachments":4,"activitypub_interaction_policy_quote":"anyone","activitypub_status":"federated","footnotes":""},"class_list":["post-13991","page","type-page","status-publish","hentry"],"translation":{"provider":"WPGlobus","version":"3.0.2","language":"fr","enabled_languages":["gb","fr","es","pt"],"languages":{"gb":{"title":true,"content":true,"excerpt":false},"fr":{"title":false,"content":false,"excerpt":false},"es":{"title":false,"content":false,"excerpt":false},"pt":{"title":false,"content":false,"excerpt":false}}},"acf":[],"yoast_head":"<!-- This site is optimized with the Yoast SEO plugin v27.4 - https:\/\/yoast.com\/product\/yoast-seo-wordpress\/ -->\n<title>[29.09.2023] \u2013 Let\u2019s Talk About Planted Forests \u2013 Virtual Forests - Institut Europ\u00e9en de la For\u00eat Cultiv\u00e9e - IEFC<\/title>\n<meta name=\"robots\" content=\"index, follow, max-snippet:-1, max-image-preview:large, max-video-preview:-1\" \/>\n<link rel=\"canonical\" href=\"https:\/\/www.plantedforests.org\/fr\/webinars-replays\/29-09-2023-lets-talk-about-planted-forests-virtual-forests\/\" \/>\n<meta property=\"og:locale\" content=\"fr_FR\" \/>\n<meta property=\"og:type\" content=\"article\" \/>\n<meta property=\"og:title\" content=\"[29.09.2023] \u2013 Let\u2019s Talk About Planted Forests \u2013 Virtual Forests - Institut Europ\u00e9en de la For\u00eat Cultiv\u00e9e - IEFC\" \/>\n<meta property=\"og:url\" content=\"https:\/\/www.plantedforests.org\/fr\/webinars-replays\/29-09-2023-lets-talk-about-planted-forests-virtual-forests\/\" \/>\n<meta property=\"og:site_name\" content=\"Institut Europ\u00e9en de la For\u00eat Cultiv\u00e9e - IEFC\" \/>\n<meta property=\"article:modified_time\" content=\"2025-05-15T11:45:33+00:00\" \/>\n<meta property=\"og:image\" content=\"https:\/\/www.plantedforests.org\/wp-content\/uploads\/2023\/10\/Webinar-replay-Page-1024x183.png\" \/>\n<meta name=\"twitter:card\" content=\"summary_large_image\" \/>\n<meta name=\"twitter:site\" content=\"@IEFCPlantForest\" \/>\n<meta name=\"twitter:label1\" content=\"Dur\u00e9e de lecture estim\u00e9e\" \/>\n\t<meta name=\"twitter:data1\" content=\"2 minutes\" \/>\n<script type=\"application\/ld+json\" class=\"yoast-schema-graph\">{\"@context\":\"https:\\\/\\\/schema.org\",\"@graph\":[{\"@type\":\"WebPage\",\"@id\":\"https:\\\/\\\/www.plantedforests.org\\\/fr\\\/webinars-replays\\\/29-09-2023-lets-talk-about-planted-forests-virtual-forests\\\/\",\"url\":\"https:\\\/\\\/www.plantedforests.org\\\/fr\\\/webinars-replays\\\/29-09-2023-lets-talk-about-planted-forests-virtual-forests\\\/\",\"name\":\"[29.09.2023] \u2013 Let\u2019s Talk About Planted Forests \u2013 Virtual Forests - Institut Europ\u00e9en de la For\u00eat Cultiv\u00e9e - IEFC\",\"isPartOf\":{\"@id\":\"https:\\\/\\\/www.plantedforests.org\\\/fr\\\/#website\"},\"primaryImageOfPage\":{\"@id\":\"https:\\\/\\\/www.plantedforests.org\\\/fr\\\/webinars-replays\\\/29-09-2023-lets-talk-about-planted-forests-virtual-forests\\\/#primaryimage\"},\"image\":{\"@id\":\"https:\\\/\\\/www.plantedforests.org\\\/fr\\\/webinars-replays\\\/29-09-2023-lets-talk-about-planted-forests-virtual-forests\\\/#primaryimage\"},\"thumbnailUrl\":\"https:\\\/\\\/www.plantedforests.org\\\/wp-content\\\/uploads\\\/2023\\\/10\\\/Webinar-replay-Page-1024x183.png\",\"datePublished\":\"2023-10-04T12:52:50+00:00\",\"dateModified\":\"2025-05-15T11:45:33+00:00\",\"breadcrumb\":{\"@id\":\"https:\\\/\\\/www.plantedforests.org\\\/fr\\\/webinars-replays\\\/29-09-2023-lets-talk-about-planted-forests-virtual-forests\\\/#breadcrumb\"},\"inLanguage\":\"fr-FR\",\"potentialAction\":[{\"@type\":\"ReadAction\",\"target\":[\"https:\\\/\\\/www.plantedforests.org\\\/fr\\\/webinars-replays\\\/29-09-2023-lets-talk-about-planted-forests-virtual-forests\\\/\"]}]},{\"@type\":\"ImageObject\",\"inLanguage\":\"fr-FR\",\"@id\":\"https:\\\/\\\/www.plantedforests.org\\\/fr\\\/webinars-replays\\\/29-09-2023-lets-talk-about-planted-forests-virtual-forests\\\/#primaryimage\",\"url\":\"https:\\\/\\\/www.plantedforests.org\\\/wp-content\\\/uploads\\\/2023\\\/10\\\/Webinar-replay-Page-1024x183.png\",\"contentUrl\":\"https:\\\/\\\/www.plantedforests.org\\\/wp-content\\\/uploads\\\/2023\\\/10\\\/Webinar-replay-Page-1024x183.png\"},{\"@type\":\"BreadcrumbList\",\"@id\":\"https:\\\/\\\/www.plantedforests.org\\\/fr\\\/webinars-replays\\\/29-09-2023-lets-talk-about-planted-forests-virtual-forests\\\/#breadcrumb\",\"itemListElement\":[{\"@type\":\"ListItem\",\"position\":1,\"name\":\"Accueil\",\"item\":\"https:\\\/\\\/www.plantedforests.org\\\/\"},{\"@type\":\"ListItem\",\"position\":2,\"name\":\"Webinars Replays\",\"item\":\"https:\\\/\\\/www.plantedforests.org\\\/webinars-replays\\\/\"},{\"@type\":\"ListItem\",\"position\":3,\"name\":\"[29.09.2023] \u2013 Let\u2019s Talk About Planted Forests \u2013 Virtual Forests\"}]},{\"@type\":\"WebSite\",\"@id\":\"https:\\\/\\\/www.plantedforests.org\\\/fr\\\/#website\",\"url\":\"https:\\\/\\\/www.plantedforests.org\\\/fr\\\/\",\"name\":\"Institut Europ\u00e9en de la For\u00eat Cultiv\u00e9e - IEFC\",\"description\":\"Le r\u00e9seau multi-acteur pour la gestion durable et la r\u00e9silience des for\u00eats cultiv\u00e9es\",\"publisher\":{\"@id\":\"https:\\\/\\\/www.plantedforests.org\\\/fr\\\/#organization\"},\"potentialAction\":[{\"@type\":\"SearchAction\",\"target\":{\"@type\":\"EntryPoint\",\"urlTemplate\":\"https:\\\/\\\/www.plantedforests.org\\\/fr\\\/?s={search_term_string}\"},\"query-input\":{\"@type\":\"PropertyValueSpecification\",\"valueRequired\":true,\"valueName\":\"search_term_string\"}}],\"inLanguage\":\"fr-FR\"},{\"@type\":\"Organization\",\"@id\":\"https:\\\/\\\/www.plantedforests.org\\\/fr\\\/#organization\",\"name\":\"Institut Europ\u00e9en de la For\u00eat Cultiv\u00e9e - Plantedforests.org\",\"url\":\"https:\\\/\\\/www.plantedforests.org\\\/fr\\\/\",\"logo\":{\"@type\":\"ImageObject\",\"inLanguage\":\"fr-FR\",\"@id\":\"https:\\\/\\\/www.plantedforests.org\\\/fr\\\/#\\\/schema\\\/logo\\\/image\\\/\",\"url\":\"https:\\\/\\\/www.plantedforests.org\\\/wp-content\\\/uploads\\\/2022\\\/07\\\/Logo_iefc__FR.png\",\"contentUrl\":\"https:\\\/\\\/www.plantedforests.org\\\/wp-content\\\/uploads\\\/2022\\\/07\\\/Logo_iefc__FR.png\",\"width\":2031,\"height\":1001,\"caption\":\"Institut Europ\u00e9en de la For\u00eat Cultiv\u00e9e - Plantedforests.org\"},\"image\":{\"@id\":\"https:\\\/\\\/www.plantedforests.org\\\/fr\\\/#\\\/schema\\\/logo\\\/image\\\/\"},\"sameAs\":[\"https:\\\/\\\/x.com\\\/IEFCPlantForest\",\"https:\\\/\\\/www.linkedin.com\\\/company\\\/71728047\\\/\"]}]}<\/script>\n<!-- \/ Yoast SEO plugin. -->","yoast_head_json":{"title":"[29.09.2023] \u2013 Let\u2019s Talk About Planted Forests \u2013 Virtual Forests - Institut Europ\u00e9en de la For\u00eat Cultiv\u00e9e - IEFC","robots":{"index":"index","follow":"follow","max-snippet":"max-snippet:-1","max-image-preview":"max-image-preview:large","max-video-preview":"max-video-preview:-1"},"canonical":"https:\/\/www.plantedforests.org\/fr\/webinars-replays\/29-09-2023-lets-talk-about-planted-forests-virtual-forests\/","og_locale":"fr_FR","og_type":"article","og_title":"[29.09.2023] \u2013 Let\u2019s Talk About Planted Forests \u2013 Virtual Forests - Institut Europ\u00e9en de la For\u00eat Cultiv\u00e9e - IEFC","og_url":"https:\/\/www.plantedforests.org\/fr\/webinars-replays\/29-09-2023-lets-talk-about-planted-forests-virtual-forests\/","og_site_name":"Institut Europ\u00e9en de la For\u00eat Cultiv\u00e9e - IEFC","article_modified_time":"2025-05-15T11:45:33+00:00","og_image":[{"url":"https:\/\/www.plantedforests.org\/wp-content\/uploads\/2023\/10\/Webinar-replay-Page-1024x183.png","type":"","width":"","height":""}],"twitter_card":"summary_large_image","twitter_site":"@IEFCPlantForest","twitter_misc":{"Dur\u00e9e de lecture estim\u00e9e":"2 minutes"},"schema":{"@context":"https:\/\/schema.org","@graph":[{"@type":"WebPage","@id":"https:\/\/www.plantedforests.org\/fr\/webinars-replays\/29-09-2023-lets-talk-about-planted-forests-virtual-forests\/","url":"https:\/\/www.plantedforests.org\/fr\/webinars-replays\/29-09-2023-lets-talk-about-planted-forests-virtual-forests\/","name":"[29.09.2023] \u2013 Let\u2019s Talk About Planted Forests \u2013 Virtual Forests - Institut Europ\u00e9en de la For\u00eat Cultiv\u00e9e - IEFC","isPartOf":{"@id":"https:\/\/www.plantedforests.org\/fr\/#website"},"primaryImageOfPage":{"@id":"https:\/\/www.plantedforests.org\/fr\/webinars-replays\/29-09-2023-lets-talk-about-planted-forests-virtual-forests\/#primaryimage"},"image":{"@id":"https:\/\/www.plantedforests.org\/fr\/webinars-replays\/29-09-2023-lets-talk-about-planted-forests-virtual-forests\/#primaryimage"},"thumbnailUrl":"https:\/\/www.plantedforests.org\/wp-content\/uploads\/2023\/10\/Webinar-replay-Page-1024x183.png","datePublished":"2023-10-04T12:52:50+00:00","dateModified":"2025-05-15T11:45:33+00:00","breadcrumb":{"@id":"https:\/\/www.plantedforests.org\/fr\/webinars-replays\/29-09-2023-lets-talk-about-planted-forests-virtual-forests\/#breadcrumb"},"inLanguage":"fr-FR","potentialAction":[{"@type":"ReadAction","target":["https:\/\/www.plantedforests.org\/fr\/webinars-replays\/29-09-2023-lets-talk-about-planted-forests-virtual-forests\/"]}]},{"@type":"ImageObject","inLanguage":"fr-FR","@id":"https:\/\/www.plantedforests.org\/fr\/webinars-replays\/29-09-2023-lets-talk-about-planted-forests-virtual-forests\/#primaryimage","url":"https:\/\/www.plantedforests.org\/wp-content\/uploads\/2023\/10\/Webinar-replay-Page-1024x183.png","contentUrl":"https:\/\/www.plantedforests.org\/wp-content\/uploads\/2023\/10\/Webinar-replay-Page-1024x183.png"},{"@type":"BreadcrumbList","@id":"https:\/\/www.plantedforests.org\/fr\/webinars-replays\/29-09-2023-lets-talk-about-planted-forests-virtual-forests\/#breadcrumb","itemListElement":[{"@type":"ListItem","position":1,"name":"Accueil","item":"https:\/\/www.plantedforests.org\/"},{"@type":"ListItem","position":2,"name":"Webinars Replays","item":"https:\/\/www.plantedforests.org\/webinars-replays\/"},{"@type":"ListItem","position":3,"name":"[29.09.2023] \u2013 Let\u2019s Talk About Planted Forests \u2013 Virtual Forests"}]},{"@type":"WebSite","@id":"https:\/\/www.plantedforests.org\/fr\/#website","url":"https:\/\/www.plantedforests.org\/fr\/","name":"Institut Europ\u00e9en de la For\u00eat Cultiv\u00e9e - IEFC","description":"Le r\u00e9seau multi-acteur pour la gestion durable et la r\u00e9silience des for\u00eats cultiv\u00e9es","publisher":{"@id":"https:\/\/www.plantedforests.org\/fr\/#organization"},"potentialAction":[{"@type":"SearchAction","target":{"@type":"EntryPoint","urlTemplate":"https:\/\/www.plantedforests.org\/fr\/?s={search_term_string}"},"query-input":{"@type":"PropertyValueSpecification","valueRequired":true,"valueName":"search_term_string"}}],"inLanguage":"fr-FR"},{"@type":"Organization","@id":"https:\/\/www.plantedforests.org\/fr\/#organization","name":"Institut Europ\u00e9en de la For\u00eat Cultiv\u00e9e - Plantedforests.org","url":"https:\/\/www.plantedforests.org\/fr\/","logo":{"@type":"ImageObject","inLanguage":"fr-FR","@id":"https:\/\/www.plantedforests.org\/fr\/#\/schema\/logo\/image\/","url":"https:\/\/www.plantedforests.org\/wp-content\/uploads\/2022\/07\/Logo_iefc__FR.png","contentUrl":"https:\/\/www.plantedforests.org\/wp-content\/uploads\/2022\/07\/Logo_iefc__FR.png","width":2031,"height":1001,"caption":"Institut Europ\u00e9en de la For\u00eat Cultiv\u00e9e - Plantedforests.org"},"image":{"@id":"https:\/\/www.plantedforests.org\/fr\/#\/schema\/logo\/image\/"},"sameAs":["https:\/\/x.com\/IEFCPlantForest","https:\/\/www.linkedin.com\/company\/71728047\/"]}]}},"_links":{"self":[{"href":"https:\/\/www.plantedforests.org\/fr\/wp-json\/wp\/v2\/pages\/13991","targetHints":{"allow":["GET"]}}],"collection":[{"href":"https:\/\/www.plantedforests.org\/fr\/wp-json\/wp\/v2\/pages"}],"about":[{"href":"https:\/\/www.plantedforests.org\/fr\/wp-json\/wp\/v2\/types\/page"}],"author":[{"embeddable":true,"href":"https:\/\/www.plantedforests.org\/fr\/wp-json\/wp\/v2\/users\/101"}],"replies":[{"embeddable":true,"href":"https:\/\/www.plantedforests.org\/fr\/wp-json\/wp\/v2\/comments?post=13991"}],"version-history":[{"count":11,"href":"https:\/\/www.plantedforests.org\/fr\/wp-json\/wp\/v2\/pages\/13991\/revisions"}],"predecessor-version":[{"id":14020,"href":"https:\/\/www.plantedforests.org\/fr\/wp-json\/wp\/v2\/pages\/13991\/revisions\/14020"}],"up":[{"embeddable":true,"href":"https:\/\/www.plantedforests.org\/fr\/wp-json\/wp\/v2\/pages\/7809"}],"wp:attachment":[{"href":"https:\/\/www.plantedforests.org\/fr\/wp-json\/wp\/v2\/media?parent=13991"}],"curies":[{"name":"wp","href":"https:\/\/api.w.org\/{rel}","templated":true}]}}