
{"id":10648,"date":"2023-03-07T09:58:45","date_gmt":"2023-03-07T08:58:45","guid":{"rendered":"https:\/\/www.plantedforests.org\/?page_id=10648"},"modified":"2025-12-08T16:23:54","modified_gmt":"2025-12-08T15:23:54","slug":"insectes-ravageurs-et-maladies-des-forets-du-sud-de-leurope","status":"publish","type":"page","link":"https:\/\/www.plantedforests.org\/fr\/infrastructures\/infrastructures-numeriques\/insectes-ravageurs-et-maladies-des-forets-du-sud-de-leurope\/","title":{"rendered":"Insectes ravageurs et maladies des for\u00eats du sud de l\u2019Europe"},"content":{"rendered":"\n<p>\u2013 \u00c9dition IEFC 2002 &#8211; Mise \u00e0 jour en 2022<\/p>\n\n\n\n<p><br>Ce guide a \u00e9t\u00e9 con\u00e7u pour les forestiers du sud de l\u2019Europe, par un groupe d\u2019experts fran\u00e7ais, espagnols et portugais. Il contient des fiches amovibles, richement illustr\u00e9es, sur chacun des principaux insectes et champignons affectant les cinq essences les plus courantes de nos r\u00e9gions: pins, ch\u00eanes, peupliers, eucalyptus et ch\u00e2taignier. Chaque fiche pr\u00e9sente des informations pratiques pour identifier l\u2019insecte ou le champignon pathog\u00e8ne, conna\u00eetre ses d\u00e9g\u00e2ts, rappeler les facteurs de risques et proposer des m\u00e9thodes de lutte. Le guide dresse aussi la liste des produits phytosanitaires autoris\u00e9s en for\u00eat et propose des adresses de sp\u00e9cialistes \u00e0 consulter.<\/p>\n\n\n\n<p><br>Projet EUROSILVASUR co-financ\u00e9 par l\u2019Union Europ\u00e9enne \u2013 Programme RECITE II<br>Disponible en fran\u00e7ais, portugais et espagnol.<br>Contacter l\u2019IEFC ou NEIKER ou ISA<br><a href=\"https:\/\/www.plantedforests.org\/fr\/patho_liste\/\" target=\"_blank\" rel=\"noreferrer noopener\">Consultation en ligne<\/a><\/p>\n","protected":false},"excerpt":{"rendered":"<p>\u2013 \u00c9dition IEFC 2002 &#8211; Mise \u00e0 jour en 2022 Ce guide a \u00e9t\u00e9 con\u00e7u pour les forestiers du sud de l\u2019Europe, par un groupe d\u2019experts fran\u00e7ais, espagnols et portugais. [&hellip;]<\/p>\n","protected":false},"author":101,"featured_media":0,"parent":16917,"menu_order":0,"comment_status":"closed","ping_status":"closed","template":"","meta":{"_acf_changed":false,"_eb_attr":"","_EventAllDay":false,"_EventTimezone":"","_EventStartDate":"","_EventEndDate":"","_EventStartDateUTC":"","_EventEndDateUTC":"","_EventShowMap":false,"_EventShowMapLink":false,"_EventURL":"","_EventCost":"","_EventCostDescription":"","_EventCurrencySymbol":"","_EventCurrencyCode":"","_EventCurrencyPosition":"","_EventDateTimeSeparator":"","_EventTimeRangeSeparator":"","_EventOrganizerID":[],"_EventVenueID":[],"_OrganizerEmail":"","_OrganizerPhone":"","_OrganizerWebsite":"","_VenueAddress":"","_VenueCity":"","_VenueCountry":"","_VenueProvince":"","_VenueState":"","_VenueZip":"","_VenuePhone":"","_VenueURL":"","_VenueStateProvince":"","_VenueLat":"","_VenueLng":"","_VenueShowMap":false,"_VenueShowMapLink":false,"activitypub_content_warning":"","activitypub_content_visibility":"","activitypub_max_image_attachments":4,"activitypub_interaction_policy_quote":"anyone","activitypub_status":"federated","footnotes":""},"class_list":["post-10648","page","type-page","status-publish","hentry"],"translation":{"provider":"WPGlobus","version":"3.0.2","language":"fr","enabled_languages":["gb","fr","es","pt"],"languages":{"gb":{"title":true,"content":true,"excerpt":false},"fr":{"title":false,"content":true,"excerpt":false},"es":{"title":false,"content":false,"excerpt":false},"pt":{"title":false,"content":false,"excerpt":false}}},"acf":[],"yoast_head":"<!-- This site is optimized with the Yoast SEO plugin v27.4 - https:\/\/yoast.com\/product\/yoast-seo-wordpress\/ -->\n<title>Insectes ravageurs et maladies des for\u00eats du sud de l\u2019Europe - Institut Europ\u00e9en de la For\u00eat Cultiv\u00e9e - IEFC<\/title>\n<meta name=\"robots\" content=\"index, follow, max-snippet:-1, max-image-preview:large, max-video-preview:-1\" \/>\n<link rel=\"canonical\" href=\"https:\/\/www.plantedforests.org\/es\/infrastructures\/infrastructures-numeriques\/insectes-ravageurs-et-maladies-des-forets-du-sud-de-leurope\/\" \/>\n<meta property=\"og:locale\" content=\"fr_FR\" \/>\n<meta property=\"og:type\" content=\"article\" \/>\n<meta property=\"og:title\" content=\"Insectes ravageurs et maladies des for\u00eats du sud de l\u2019Europe - Institut Europ\u00e9en de la For\u00eat Cultiv\u00e9e - IEFC\" \/>\n<meta property=\"og:url\" content=\"https:\/\/www.plantedforests.org\/es\/infrastructures\/infrastructures-numeriques\/insectes-ravageurs-et-maladies-des-forets-du-sud-de-leurope\/\" \/>\n<meta property=\"og:site_name\" content=\"Institut Europ\u00e9en de la For\u00eat Cultiv\u00e9e - IEFC\" \/>\n<meta property=\"article:modified_time\" content=\"2025-12-08T15:23:54+00:00\" \/>\n<meta name=\"twitter:card\" content=\"summary_large_image\" \/>\n<meta name=\"twitter:site\" content=\"@IEFCPlantForest\" \/>\n<meta name=\"twitter:label1\" content=\"Dur\u00e9e de lecture estim\u00e9e\" \/>\n\t<meta name=\"twitter:data1\" content=\"1 minute\" \/>\n<script type=\"application\/ld+json\" class=\"yoast-schema-graph\">{\"@context\":\"https:\\\/\\\/schema.org\",\"@graph\":[{\"@type\":\"WebPage\",\"@id\":\"https:\\\/\\\/www.plantedforests.org\\\/es\\\/infrastructures\\\/infrastructures-numeriques\\\/insectes-ravageurs-et-maladies-des-forets-du-sud-de-leurope\\\/\",\"url\":\"https:\\\/\\\/www.plantedforests.org\\\/es\\\/infrastructures\\\/infrastructures-numeriques\\\/insectes-ravageurs-et-maladies-des-forets-du-sud-de-leurope\\\/\",\"name\":\"Insectes ravageurs et maladies des for\u00eats du sud de l\u2019Europe - Institut Europ\u00e9en de la For\u00eat Cultiv\u00e9e - IEFC\",\"isPartOf\":{\"@id\":\"https:\\\/\\\/www.plantedforests.org\\\/fr\\\/#website\"},\"datePublished\":\"2023-03-07T08:58:45+00:00\",\"dateModified\":\"2025-12-08T15:23:54+00:00\",\"breadcrumb\":{\"@id\":\"https:\\\/\\\/www.plantedforests.org\\\/es\\\/infrastructures\\\/infrastructures-numeriques\\\/insectes-ravageurs-et-maladies-des-forets-du-sud-de-leurope\\\/#breadcrumb\"},\"inLanguage\":\"fr-FR\",\"potentialAction\":[{\"@type\":\"ReadAction\",\"target\":[\"https:\\\/\\\/www.plantedforests.org\\\/es\\\/infrastructures\\\/infrastructures-numeriques\\\/insectes-ravageurs-et-maladies-des-forets-du-sud-de-leurope\\\/\"]}]},{\"@type\":\"BreadcrumbList\",\"@id\":\"https:\\\/\\\/www.plantedforests.org\\\/es\\\/infrastructures\\\/infrastructures-numeriques\\\/insectes-ravageurs-et-maladies-des-forets-du-sud-de-leurope\\\/#breadcrumb\",\"itemListElement\":[{\"@type\":\"ListItem\",\"position\":1,\"name\":\"Accueil\",\"item\":\"https:\\\/\\\/www.plantedforests.org\\\/\"},{\"@type\":\"ListItem\",\"position\":2,\"name\":\"Infrastructures\",\"item\":\"https:\\\/\\\/www.plantedforests.org\\\/infrastructures\\\/\"},{\"@type\":\"ListItem\",\"position\":3,\"name\":\"Digital Infrastructures\",\"item\":\"https:\\\/\\\/www.plantedforests.org\\\/infrastructures\\\/infrastructures-numeriques\\\/\"},{\"@type\":\"ListItem\",\"position\":4,\"name\":\"Insectes ravageurs et maladies des for\u00eats du sud de l\u2019Europe\"}]},{\"@type\":\"WebSite\",\"@id\":\"https:\\\/\\\/www.plantedforests.org\\\/fr\\\/#website\",\"url\":\"https:\\\/\\\/www.plantedforests.org\\\/fr\\\/\",\"name\":\"Institut Europ\u00e9en de la For\u00eat Cultiv\u00e9e - IEFC\",\"description\":\"Le r\u00e9seau multi-acteur pour la gestion durable et la r\u00e9silience des for\u00eats cultiv\u00e9es\",\"publisher\":{\"@id\":\"https:\\\/\\\/www.plantedforests.org\\\/fr\\\/#organization\"},\"potentialAction\":[{\"@type\":\"SearchAction\",\"target\":{\"@type\":\"EntryPoint\",\"urlTemplate\":\"https:\\\/\\\/www.plantedforests.org\\\/fr\\\/?s={search_term_string}\"},\"query-input\":{\"@type\":\"PropertyValueSpecification\",\"valueRequired\":true,\"valueName\":\"search_term_string\"}}],\"inLanguage\":\"fr-FR\"},{\"@type\":\"Organization\",\"@id\":\"https:\\\/\\\/www.plantedforests.org\\\/fr\\\/#organization\",\"name\":\"Institut Europ\u00e9en de la For\u00eat Cultiv\u00e9e - Plantedforests.org\",\"url\":\"https:\\\/\\\/www.plantedforests.org\\\/fr\\\/\",\"logo\":{\"@type\":\"ImageObject\",\"inLanguage\":\"fr-FR\",\"@id\":\"https:\\\/\\\/www.plantedforests.org\\\/fr\\\/#\\\/schema\\\/logo\\\/image\\\/\",\"url\":\"https:\\\/\\\/www.plantedforests.org\\\/wp-content\\\/uploads\\\/2022\\\/07\\\/Logo_iefc__FR.png\",\"contentUrl\":\"https:\\\/\\\/www.plantedforests.org\\\/wp-content\\\/uploads\\\/2022\\\/07\\\/Logo_iefc__FR.png\",\"width\":2031,\"height\":1001,\"caption\":\"Institut Europ\u00e9en de la For\u00eat Cultiv\u00e9e - Plantedforests.org\"},\"image\":{\"@id\":\"https:\\\/\\\/www.plantedforests.org\\\/fr\\\/#\\\/schema\\\/logo\\\/image\\\/\"},\"sameAs\":[\"https:\\\/\\\/x.com\\\/IEFCPlantForest\",\"https:\\\/\\\/www.linkedin.com\\\/company\\\/71728047\\\/\"]}]}<\/script>\n<!-- \/ Yoast SEO plugin. -->","yoast_head_json":{"title":"Insectes ravageurs et maladies des for\u00eats du sud de l\u2019Europe - Institut Europ\u00e9en de la For\u00eat Cultiv\u00e9e - IEFC","robots":{"index":"index","follow":"follow","max-snippet":"max-snippet:-1","max-image-preview":"max-image-preview:large","max-video-preview":"max-video-preview:-1"},"canonical":"https:\/\/www.plantedforests.org\/es\/infrastructures\/infrastructures-numeriques\/insectes-ravageurs-et-maladies-des-forets-du-sud-de-leurope\/","og_locale":"fr_FR","og_type":"article","og_title":"Insectes ravageurs et maladies des for\u00eats du sud de l\u2019Europe - Institut Europ\u00e9en de la For\u00eat Cultiv\u00e9e - IEFC","og_url":"https:\/\/www.plantedforests.org\/es\/infrastructures\/infrastructures-numeriques\/insectes-ravageurs-et-maladies-des-forets-du-sud-de-leurope\/","og_site_name":"Institut Europ\u00e9en de la For\u00eat Cultiv\u00e9e - IEFC","article_modified_time":"2025-12-08T15:23:54+00:00","twitter_card":"summary_large_image","twitter_site":"@IEFCPlantForest","twitter_misc":{"Dur\u00e9e de lecture estim\u00e9e":"1 minute"},"schema":{"@context":"https:\/\/schema.org","@graph":[{"@type":"WebPage","@id":"https:\/\/www.plantedforests.org\/es\/infrastructures\/infrastructures-numeriques\/insectes-ravageurs-et-maladies-des-forets-du-sud-de-leurope\/","url":"https:\/\/www.plantedforests.org\/es\/infrastructures\/infrastructures-numeriques\/insectes-ravageurs-et-maladies-des-forets-du-sud-de-leurope\/","name":"Insectes ravageurs et maladies des for\u00eats du sud de l\u2019Europe - Institut Europ\u00e9en de la For\u00eat Cultiv\u00e9e - IEFC","isPartOf":{"@id":"https:\/\/www.plantedforests.org\/fr\/#website"},"datePublished":"2023-03-07T08:58:45+00:00","dateModified":"2025-12-08T15:23:54+00:00","breadcrumb":{"@id":"https:\/\/www.plantedforests.org\/es\/infrastructures\/infrastructures-numeriques\/insectes-ravageurs-et-maladies-des-forets-du-sud-de-leurope\/#breadcrumb"},"inLanguage":"fr-FR","potentialAction":[{"@type":"ReadAction","target":["https:\/\/www.plantedforests.org\/es\/infrastructures\/infrastructures-numeriques\/insectes-ravageurs-et-maladies-des-forets-du-sud-de-leurope\/"]}]},{"@type":"BreadcrumbList","@id":"https:\/\/www.plantedforests.org\/es\/infrastructures\/infrastructures-numeriques\/insectes-ravageurs-et-maladies-des-forets-du-sud-de-leurope\/#breadcrumb","itemListElement":[{"@type":"ListItem","position":1,"name":"Accueil","item":"https:\/\/www.plantedforests.org\/"},{"@type":"ListItem","position":2,"name":"Infrastructures","item":"https:\/\/www.plantedforests.org\/infrastructures\/"},{"@type":"ListItem","position":3,"name":"Digital Infrastructures","item":"https:\/\/www.plantedforests.org\/infrastructures\/infrastructures-numeriques\/"},{"@type":"ListItem","position":4,"name":"Insectes ravageurs et maladies des for\u00eats du sud de l\u2019Europe"}]},{"@type":"WebSite","@id":"https:\/\/www.plantedforests.org\/fr\/#website","url":"https:\/\/www.plantedforests.org\/fr\/","name":"Institut Europ\u00e9en de la For\u00eat Cultiv\u00e9e - IEFC","description":"Le r\u00e9seau multi-acteur pour la gestion durable et la r\u00e9silience des for\u00eats cultiv\u00e9es","publisher":{"@id":"https:\/\/www.plantedforests.org\/fr\/#organization"},"potentialAction":[{"@type":"SearchAction","target":{"@type":"EntryPoint","urlTemplate":"https:\/\/www.plantedforests.org\/fr\/?s={search_term_string}"},"query-input":{"@type":"PropertyValueSpecification","valueRequired":true,"valueName":"search_term_string"}}],"inLanguage":"fr-FR"},{"@type":"Organization","@id":"https:\/\/www.plantedforests.org\/fr\/#organization","name":"Institut Europ\u00e9en de la For\u00eat Cultiv\u00e9e - Plantedforests.org","url":"https:\/\/www.plantedforests.org\/fr\/","logo":{"@type":"ImageObject","inLanguage":"fr-FR","@id":"https:\/\/www.plantedforests.org\/fr\/#\/schema\/logo\/image\/","url":"https:\/\/www.plantedforests.org\/wp-content\/uploads\/2022\/07\/Logo_iefc__FR.png","contentUrl":"https:\/\/www.plantedforests.org\/wp-content\/uploads\/2022\/07\/Logo_iefc__FR.png","width":2031,"height":1001,"caption":"Institut Europ\u00e9en de la For\u00eat Cultiv\u00e9e - Plantedforests.org"},"image":{"@id":"https:\/\/www.plantedforests.org\/fr\/#\/schema\/logo\/image\/"},"sameAs":["https:\/\/x.com\/IEFCPlantForest","https:\/\/www.linkedin.com\/company\/71728047\/"]}]}},"_links":{"self":[{"href":"https:\/\/www.plantedforests.org\/fr\/wp-json\/wp\/v2\/pages\/10648","targetHints":{"allow":["GET"]}}],"collection":[{"href":"https:\/\/www.plantedforests.org\/fr\/wp-json\/wp\/v2\/pages"}],"about":[{"href":"https:\/\/www.plantedforests.org\/fr\/wp-json\/wp\/v2\/types\/page"}],"author":[{"embeddable":true,"href":"https:\/\/www.plantedforests.org\/fr\/wp-json\/wp\/v2\/users\/101"}],"replies":[{"embeddable":true,"href":"https:\/\/www.plantedforests.org\/fr\/wp-json\/wp\/v2\/comments?post=10648"}],"version-history":[{"count":8,"href":"https:\/\/www.plantedforests.org\/fr\/wp-json\/wp\/v2\/pages\/10648\/revisions"}],"predecessor-version":[{"id":29114,"href":"https:\/\/www.plantedforests.org\/fr\/wp-json\/wp\/v2\/pages\/10648\/revisions\/29114"}],"up":[{"embeddable":true,"href":"https:\/\/www.plantedforests.org\/fr\/wp-json\/wp\/v2\/pages\/16917"}],"wp:attachment":[{"href":"https:\/\/www.plantedforests.org\/fr\/wp-json\/wp\/v2\/media?parent=10648"}],"curies":[{"name":"wp","href":"https:\/\/api.w.org\/{rel}","templated":true}]}}