
{"id":10590,"date":"2023-03-06T16:44:18","date_gmt":"2023-03-06T15:44:18","guid":{"rendered":"https:\/\/www.plantedforests.org\/?page_id=10590"},"modified":"2023-03-06T16:47:37","modified_gmt":"2023-03-06T15:47:37","slug":"iefc-strategic-plan-2021-2026","status":"publish","type":"page","link":"https:\/\/www.plantedforests.org\/fr\/iefc-strategic-plan-2021-2026\/","title":{"rendered":"IEFC Strategic Plan 2021-2026"},"content":{"rendered":"<h2>Plan Strat\u00e9gique 2021-2026<\/h2>\t\t\n\t\t<p><\/p><p><strong>VISION<\/strong><\/p><p> <\/p><p>L\u2019IEFC abordera des sujets scientifiques et techniques essentiels pour am\u00e9liorer la gestion durable des for\u00eats cultiv\u00e9es dans le cadre du changement climatique.<\/p><p> <\/p><p><strong>MISSION<\/strong><\/p><p> <\/p><p>L\u2019Institut Europ\u00e9en des for\u00eats cultiv\u00e9es (IEFC) est un r\u00e9seau multi-acteurs de propri\u00e9taires forestiers, de professionnels, de chercheurs et d\u2019enseignants collaborateurs de toute l\u2019Europe qui vise \u00e0 coordonner les initiatives r\u00e9pondant aux probl\u00e9matiques des propri\u00e9taires et des professionnels forestiers, \u00e0 promouvoir, faciliter et am\u00e9liorer, par la recherche, la mise en r\u00e9seau et la communication, la r\u00e9silience et la durabilit\u00e9 futures des for\u00eats plant\u00e9es en Europe dans un contexte de changement climatique.<br \/>La production de telles solutions n\u00e9cessitera une collaboration \u00e9troite et la recherche de synergies avec d\u2019autres secteurs ou domaines li\u00e9s \u00e0 la bio\u00e9conomie et aux services \u00e9cosyst\u00e9miques qui garantissent que les trois piliers du d\u00e9veloppement durable (\u00e9conomique, social et environnemental) soient abord\u00e9s.<\/p><p>Domaines d\u2019int\u00e9r\u00eat : Ressources g\u00e9n\u00e9tiques foresti\u00e8res, am\u00e9lioration de la r\u00e9silience des for\u00eats plant\u00e9es, bio\u00e9conomie, compromis dans les services \u00e9cosyst\u00e9miques et valorisation du capital naturel.<\/p><p> <\/p><p style=\"text-align: center;\"><a style=\"color: #006633;\" href=\"https:\/\/www.plantedforests.org\/wp-content\/uploads\/2022\/10\/Plan-Strategique-IEFC-FR.pdf\" target=\"_blank\" rel=\"noreferrer noopener\">Plan Strat\u00e9gique 2021 \u2013 2026<\/a><\/p><p><\/p>","protected":false},"excerpt":{"rendered":"<p>Plan Strat\u00e9gique 2021-2026 VISION L\u2019IEFC abordera des sujets scientifiques et techniques essentiels pour am\u00e9liorer la gestion durable des for\u00eats cultiv\u00e9es dans le cadre du changement climatique. MISSION L\u2019Institut Europ\u00e9en des [&hellip;]<\/p>\n","protected":false},"author":101,"featured_media":0,"parent":0,"menu_order":0,"comment_status":"closed","ping_status":"closed","template":"","meta":{"_acf_changed":false,"_eb_attr":"","_EventAllDay":false,"_EventTimezone":"","_EventStartDate":"","_EventEndDate":"","_EventStartDateUTC":"","_EventEndDateUTC":"","_EventShowMap":false,"_EventShowMapLink":false,"_EventURL":"","_EventCost":"","_EventCostDescription":"","_EventCurrencySymbol":"","_EventCurrencyCode":"","_EventCurrencyPosition":"","_EventDateTimeSeparator":"","_EventTimeRangeSeparator":"","_EventOrganizerID":[],"_EventVenueID":[],"_OrganizerEmail":"","_OrganizerPhone":"","_OrganizerWebsite":"","_VenueAddress":"","_VenueCity":"","_VenueCountry":"","_VenueProvince":"","_VenueState":"","_VenueZip":"","_VenuePhone":"","_VenueURL":"","_VenueStateProvince":"","_VenueLat":"","_VenueLng":"","_VenueShowMap":false,"_VenueShowMapLink":false,"activitypub_content_warning":"","activitypub_content_visibility":"","activitypub_max_image_attachments":4,"activitypub_interaction_policy_quote":"anyone","activitypub_status":"","footnotes":""},"class_list":["post-10590","page","type-page","status-publish","hentry"],"translation":{"provider":"WPGlobus","version":"3.0.2","language":"fr","enabled_languages":["gb","fr","es","pt"],"languages":{"gb":{"title":true,"content":true,"excerpt":false},"fr":{"title":true,"content":true,"excerpt":false},"es":{"title":false,"content":false,"excerpt":false},"pt":{"title":false,"content":false,"excerpt":false}}},"acf":[],"yoast_head":"<!-- This site is optimized with the Yoast SEO plugin v27.4 - https:\/\/yoast.com\/product\/yoast-seo-wordpress\/ -->\n<title>IEFC Strategic Plan 2021-2026 - Institut Europ\u00e9en de la For\u00eat Cultiv\u00e9e - IEFC<\/title>\n<meta name=\"robots\" content=\"index, follow, max-snippet:-1, max-image-preview:large, max-video-preview:-1\" \/>\n<link rel=\"canonical\" href=\"https:\/\/www.plantedforests.org\/iefc-strategic-plan-2021-2026\/\" \/>\n<meta property=\"og:locale\" content=\"fr_FR\" \/>\n<meta property=\"og:type\" content=\"article\" \/>\n<meta property=\"og:title\" content=\"IEFC Strategic Plan 2021-2026 - Institut Europ\u00e9en de la For\u00eat Cultiv\u00e9e - IEFC\" \/>\n<meta property=\"og:url\" content=\"https:\/\/www.plantedforests.org\/iefc-strategic-plan-2021-2026\/\" \/>\n<meta property=\"og:site_name\" content=\"Institut Europ\u00e9en de la For\u00eat Cultiv\u00e9e - IEFC\" \/>\n<meta property=\"article:modified_time\" content=\"2023-03-06T15:47:37+00:00\" \/>\n<meta name=\"twitter:card\" content=\"summary_large_image\" \/>\n<meta name=\"twitter:site\" content=\"@IEFCPlantForest\" \/>\n<meta name=\"twitter:label1\" content=\"Dur\u00e9e de lecture estim\u00e9e\" \/>\n\t<meta name=\"twitter:data1\" content=\"1 minute\" \/>\n<script type=\"application\/ld+json\" class=\"yoast-schema-graph\">{\"@context\":\"https:\\\/\\\/schema.org\",\"@graph\":[{\"@type\":\"WebPage\",\"@id\":\"https:\\\/\\\/www.plantedforests.org\\\/iefc-strategic-plan-2021-2026\\\/\",\"url\":\"https:\\\/\\\/www.plantedforests.org\\\/iefc-strategic-plan-2021-2026\\\/\",\"name\":\"IEFC Strategic Plan 2021-2026 - Institut Europ\u00e9en de la For\u00eat Cultiv\u00e9e - IEFC\",\"isPartOf\":{\"@id\":\"https:\\\/\\\/www.plantedforests.org\\\/fr\\\/#website\"},\"datePublished\":\"2023-03-06T15:44:18+00:00\",\"dateModified\":\"2023-03-06T15:47:37+00:00\",\"breadcrumb\":{\"@id\":\"https:\\\/\\\/www.plantedforests.org\\\/iefc-strategic-plan-2021-2026\\\/#breadcrumb\"},\"inLanguage\":\"fr-FR\",\"potentialAction\":[{\"@type\":\"ReadAction\",\"target\":[\"https:\\\/\\\/www.plantedforests.org\\\/iefc-strategic-plan-2021-2026\\\/\"]}]},{\"@type\":\"BreadcrumbList\",\"@id\":\"https:\\\/\\\/www.plantedforests.org\\\/iefc-strategic-plan-2021-2026\\\/#breadcrumb\",\"itemListElement\":[{\"@type\":\"ListItem\",\"position\":1,\"name\":\"Accueil\",\"item\":\"https:\\\/\\\/www.plantedforests.org\\\/\"},{\"@type\":\"ListItem\",\"position\":2,\"name\":\"IEFC Strategic Plan 2021-2026\"}]},{\"@type\":\"WebSite\",\"@id\":\"https:\\\/\\\/www.plantedforests.org\\\/fr\\\/#website\",\"url\":\"https:\\\/\\\/www.plantedforests.org\\\/fr\\\/\",\"name\":\"Institut Europ\u00e9en de la For\u00eat Cultiv\u00e9e - IEFC\",\"description\":\"Le r\u00e9seau multi-acteur pour la gestion durable et la r\u00e9silience des for\u00eats cultiv\u00e9es\",\"publisher\":{\"@id\":\"https:\\\/\\\/www.plantedforests.org\\\/fr\\\/#organization\"},\"potentialAction\":[{\"@type\":\"SearchAction\",\"target\":{\"@type\":\"EntryPoint\",\"urlTemplate\":\"https:\\\/\\\/www.plantedforests.org\\\/fr\\\/?s={search_term_string}\"},\"query-input\":{\"@type\":\"PropertyValueSpecification\",\"valueRequired\":true,\"valueName\":\"search_term_string\"}}],\"inLanguage\":\"fr-FR\"},{\"@type\":\"Organization\",\"@id\":\"https:\\\/\\\/www.plantedforests.org\\\/fr\\\/#organization\",\"name\":\"Institut Europ\u00e9en de la For\u00eat Cultiv\u00e9e - Plantedforests.org\",\"url\":\"https:\\\/\\\/www.plantedforests.org\\\/fr\\\/\",\"logo\":{\"@type\":\"ImageObject\",\"inLanguage\":\"fr-FR\",\"@id\":\"https:\\\/\\\/www.plantedforests.org\\\/fr\\\/#\\\/schema\\\/logo\\\/image\\\/\",\"url\":\"https:\\\/\\\/www.plantedforests.org\\\/wp-content\\\/uploads\\\/2022\\\/07\\\/Logo_iefc__FR.png\",\"contentUrl\":\"https:\\\/\\\/www.plantedforests.org\\\/wp-content\\\/uploads\\\/2022\\\/07\\\/Logo_iefc__FR.png\",\"width\":2031,\"height\":1001,\"caption\":\"Institut Europ\u00e9en de la For\u00eat Cultiv\u00e9e - Plantedforests.org\"},\"image\":{\"@id\":\"https:\\\/\\\/www.plantedforests.org\\\/fr\\\/#\\\/schema\\\/logo\\\/image\\\/\"},\"sameAs\":[\"https:\\\/\\\/x.com\\\/IEFCPlantForest\",\"https:\\\/\\\/www.linkedin.com\\\/company\\\/71728047\\\/\"]}]}<\/script>\n<!-- \/ Yoast SEO plugin. -->","yoast_head_json":{"title":"IEFC Strategic Plan 2021-2026 - Institut Europ\u00e9en de la For\u00eat Cultiv\u00e9e - IEFC","robots":{"index":"index","follow":"follow","max-snippet":"max-snippet:-1","max-image-preview":"max-image-preview:large","max-video-preview":"max-video-preview:-1"},"canonical":"https:\/\/www.plantedforests.org\/iefc-strategic-plan-2021-2026\/","og_locale":"fr_FR","og_type":"article","og_title":"IEFC Strategic Plan 2021-2026 - Institut Europ\u00e9en de la For\u00eat Cultiv\u00e9e - IEFC","og_url":"https:\/\/www.plantedforests.org\/iefc-strategic-plan-2021-2026\/","og_site_name":"Institut Europ\u00e9en de la For\u00eat Cultiv\u00e9e - IEFC","article_modified_time":"2023-03-06T15:47:37+00:00","twitter_card":"summary_large_image","twitter_site":"@IEFCPlantForest","twitter_misc":{"Dur\u00e9e de lecture estim\u00e9e":"1 minute"},"schema":{"@context":"https:\/\/schema.org","@graph":[{"@type":"WebPage","@id":"https:\/\/www.plantedforests.org\/iefc-strategic-plan-2021-2026\/","url":"https:\/\/www.plantedforests.org\/iefc-strategic-plan-2021-2026\/","name":"IEFC Strategic Plan 2021-2026 - Institut Europ\u00e9en de la For\u00eat Cultiv\u00e9e - IEFC","isPartOf":{"@id":"https:\/\/www.plantedforests.org\/fr\/#website"},"datePublished":"2023-03-06T15:44:18+00:00","dateModified":"2023-03-06T15:47:37+00:00","breadcrumb":{"@id":"https:\/\/www.plantedforests.org\/iefc-strategic-plan-2021-2026\/#breadcrumb"},"inLanguage":"fr-FR","potentialAction":[{"@type":"ReadAction","target":["https:\/\/www.plantedforests.org\/iefc-strategic-plan-2021-2026\/"]}]},{"@type":"BreadcrumbList","@id":"https:\/\/www.plantedforests.org\/iefc-strategic-plan-2021-2026\/#breadcrumb","itemListElement":[{"@type":"ListItem","position":1,"name":"Accueil","item":"https:\/\/www.plantedforests.org\/"},{"@type":"ListItem","position":2,"name":"IEFC Strategic Plan 2021-2026"}]},{"@type":"WebSite","@id":"https:\/\/www.plantedforests.org\/fr\/#website","url":"https:\/\/www.plantedforests.org\/fr\/","name":"Institut Europ\u00e9en de la For\u00eat Cultiv\u00e9e - IEFC","description":"Le r\u00e9seau multi-acteur pour la gestion durable et la r\u00e9silience des for\u00eats cultiv\u00e9es","publisher":{"@id":"https:\/\/www.plantedforests.org\/fr\/#organization"},"potentialAction":[{"@type":"SearchAction","target":{"@type":"EntryPoint","urlTemplate":"https:\/\/www.plantedforests.org\/fr\/?s={search_term_string}"},"query-input":{"@type":"PropertyValueSpecification","valueRequired":true,"valueName":"search_term_string"}}],"inLanguage":"fr-FR"},{"@type":"Organization","@id":"https:\/\/www.plantedforests.org\/fr\/#organization","name":"Institut Europ\u00e9en de la For\u00eat Cultiv\u00e9e - Plantedforests.org","url":"https:\/\/www.plantedforests.org\/fr\/","logo":{"@type":"ImageObject","inLanguage":"fr-FR","@id":"https:\/\/www.plantedforests.org\/fr\/#\/schema\/logo\/image\/","url":"https:\/\/www.plantedforests.org\/wp-content\/uploads\/2022\/07\/Logo_iefc__FR.png","contentUrl":"https:\/\/www.plantedforests.org\/wp-content\/uploads\/2022\/07\/Logo_iefc__FR.png","width":2031,"height":1001,"caption":"Institut Europ\u00e9en de la For\u00eat Cultiv\u00e9e - Plantedforests.org"},"image":{"@id":"https:\/\/www.plantedforests.org\/fr\/#\/schema\/logo\/image\/"},"sameAs":["https:\/\/x.com\/IEFCPlantForest","https:\/\/www.linkedin.com\/company\/71728047\/"]}]}},"_links":{"self":[{"href":"https:\/\/www.plantedforests.org\/fr\/wp-json\/wp\/v2\/pages\/10590","targetHints":{"allow":["GET"]}}],"collection":[{"href":"https:\/\/www.plantedforests.org\/fr\/wp-json\/wp\/v2\/pages"}],"about":[{"href":"https:\/\/www.plantedforests.org\/fr\/wp-json\/wp\/v2\/types\/page"}],"author":[{"embeddable":true,"href":"https:\/\/www.plantedforests.org\/fr\/wp-json\/wp\/v2\/users\/101"}],"replies":[{"embeddable":true,"href":"https:\/\/www.plantedforests.org\/fr\/wp-json\/wp\/v2\/comments?post=10590"}],"version-history":[{"count":15,"href":"https:\/\/www.plantedforests.org\/fr\/wp-json\/wp\/v2\/pages\/10590\/revisions"}],"predecessor-version":[{"id":10608,"href":"https:\/\/www.plantedforests.org\/fr\/wp-json\/wp\/v2\/pages\/10590\/revisions\/10608"}],"wp:attachment":[{"href":"https:\/\/www.plantedforests.org\/fr\/wp-json\/wp\/v2\/media?parent=10590"}],"curies":[{"name":"wp","href":"https:\/\/api.w.org\/{rel}","templated":true}]}}