
{"id":10358,"date":"2023-03-01T16:30:46","date_gmt":"2023-03-01T15:30:46","guid":{"rendered":"https:\/\/www.plantedforests.org\/?page_id=10358"},"modified":"2025-12-16T11:33:38","modified_gmt":"2025-12-16T10:33:38","slug":"status-and-governance-2","status":"publish","type":"page","link":"https:\/\/www.plantedforests.org\/fr\/status-and-governance-2\/","title":{"rendered":"Statuts et Gouvernance"},"content":{"rendered":"<h2> Statuts et Gouvernance<\/h2>\n<p>\t\t\t\t\t\t\t\t\t\t\t\t\t\t\t<img fetchpriority=\"high\" decoding=\"async\" width=\"6912\" height=\"3456\" src=\"https:\/\/www.plantedforests.org\/wp-content\/uploads\/2023\/02\/Status-and-governance_FR.png\" alt=\"\" srcset=\"https:\/\/www.plantedforests.org\/wp-content\/uploads\/2023\/02\/Status-and-governance_FR.png 6912w, https:\/\/www.plantedforests.org\/wp-content\/uploads\/2023\/02\/Status-and-governance_FR-300x150.png 300w, https:\/\/www.plantedforests.org\/wp-content\/uploads\/2023\/02\/Status-and-governance_FR-1024x512.png 1024w, https:\/\/www.plantedforests.org\/wp-content\/uploads\/2023\/02\/Status-and-governance_FR-150x75.png 150w, https:\/\/www.plantedforests.org\/wp-content\/uploads\/2023\/02\/Status-and-governance_FR-768x384.png 768w, https:\/\/www.plantedforests.org\/wp-content\/uploads\/2023\/02\/Status-and-governance_FR-1536x768.png 1536w, https:\/\/www.plantedforests.org\/wp-content\/uploads\/2023\/02\/Status-and-governance_FR-2048x1024.png 2048w, https:\/\/www.plantedforests.org\/wp-content\/uploads\/2023\/02\/Status-and-governance_FR-1320x660.png 1320w\" sizes=\"(max-width: 6912px) 100vw, 6912px\" \/>\t\t\t\t\t\t\t\t\t\t\t\t\t\t\t<\/p>\n<p style=\"text-align: center;\"><strong>Conseil d&rsquo;Administration (2022-2026)<\/strong><\/p>\n<section>Notre Conseil d&rsquo;Administration d\u00e9finit nos orientations strat\u00e9giques et veille \u00e0 leur mise en \u0153uvre.<\/section>\n<p>\t\t\t\t\t\t\t\t\t\t\t\t\t\t\t<img decoding=\"async\" width=\"525\" height=\"525\" src=\"https:\/\/www.plantedforests.org\/wp-content\/uploads\/2023\/03\/Susana-Barreiro_president.png\" alt=\"\" srcset=\"https:\/\/www.plantedforests.org\/wp-content\/uploads\/2023\/03\/Susana-Barreiro_president.png 690w, https:\/\/www.plantedforests.org\/wp-content\/uploads\/2023\/03\/Susana-Barreiro_president-300x300.png 300w, https:\/\/www.plantedforests.org\/wp-content\/uploads\/2023\/03\/Susana-Barreiro_president-150x150.png 150w, https:\/\/www.plantedforests.org\/wp-content\/uploads\/2023\/03\/Susana-Barreiro_president-100x100.png 100w\" sizes=\"(max-width: 525px) 100vw, 525px\" \/><br \/>\n\t\t\t\t\t\t\t\t\t\t\t\t\t\t\t<img decoding=\"async\" width=\"525\" height=\"525\" src=\"https:\/\/www.plantedforests.org\/wp-content\/uploads\/2023\/03\/FRB-CS-Herve-Jactel_Webinar-IEFC.png\" alt=\"\" srcset=\"https:\/\/www.plantedforests.org\/wp-content\/uploads\/2023\/03\/FRB-CS-Herve-Jactel_Webinar-IEFC.png 690w, https:\/\/www.plantedforests.org\/wp-content\/uploads\/2023\/03\/FRB-CS-Herve-Jactel_Webinar-IEFC-300x300.png 300w, https:\/\/www.plantedforests.org\/wp-content\/uploads\/2023\/03\/FRB-CS-Herve-Jactel_Webinar-IEFC-150x150.png 150w, https:\/\/www.plantedforests.org\/wp-content\/uploads\/2023\/03\/FRB-CS-Herve-Jactel_Webinar-IEFC-100x100.png 100w\" sizes=\"(max-width: 525px) 100vw, 525px\" \/><br \/>\n\t\t\t\t\t\t\t\t\t\t\t\t\t\t\t<img loading=\"lazy\" decoding=\"async\" width=\"525\" height=\"525\" src=\"https:\/\/www.plantedforests.org\/wp-content\/uploads\/2023\/03\/Ander-Arias-Gonzalez-NEIKER-Spain.png\" alt=\"\" srcset=\"https:\/\/www.plantedforests.org\/wp-content\/uploads\/2023\/03\/Ander-Arias-Gonzalez-NEIKER-Spain.png 690w, https:\/\/www.plantedforests.org\/wp-content\/uploads\/2023\/03\/Ander-Arias-Gonzalez-NEIKER-Spain-300x300.png 300w, https:\/\/www.plantedforests.org\/wp-content\/uploads\/2023\/03\/Ander-Arias-Gonzalez-NEIKER-Spain-150x150.png 150w, https:\/\/www.plantedforests.org\/wp-content\/uploads\/2023\/03\/Ander-Arias-Gonzalez-NEIKER-Spain-100x100.png 100w\" sizes=\"(max-width: 525px) 100vw, 525px\" \/><br \/>\n\t\t\t\t\t\t\t\t\t\t\t\t\t\t\t<img loading=\"lazy\" decoding=\"async\" width=\"525\" height=\"525\" src=\"https:\/\/www.plantedforests.org\/wp-content\/uploads\/2023\/03\/Roland-de-Lary.png\" alt=\"\" srcset=\"https:\/\/www.plantedforests.org\/wp-content\/uploads\/2023\/03\/Roland-de-Lary.png 690w, https:\/\/www.plantedforests.org\/wp-content\/uploads\/2023\/03\/Roland-de-Lary-300x300.png 300w, https:\/\/www.plantedforests.org\/wp-content\/uploads\/2023\/03\/Roland-de-Lary-150x150.png 150w, https:\/\/www.plantedforests.org\/wp-content\/uploads\/2023\/03\/Roland-de-Lary-100x100.png 100w\" sizes=\"(max-width: 525px) 100vw, 525px\" \/>\t\t\t\t\t\t\t\t\t\t\t\t\t\t\t<\/p>\n<p style=\"text-align: center;\"><strong>Pr\u00e9sidente<\/strong><\/p>\n<p style=\"text-align: center;\">Susana Barreiro (ISA, Portugal)<\/p>\n<p style=\"text-align: center;\"><strong>Vice-pr\u00e9sident<\/strong><\/p>\n<p style=\"text-align: center;\">Herv\u00e9 Jactel (INRAE, France)<\/p>\n<p style=\"text-align: center;\"><strong>Secr\u00e9taire<\/strong><\/p>\n<p style=\"text-align: center;\">Ander Arias Gonzalez (NEIKER,\u00a0 Espagne)<strong><br \/><\/strong><\/p>\n<p style=\"text-align: center;\"><strong>Tr\u00e9sorier<\/strong><\/p>\n<p style=\"text-align: center;\">Roland de Lary (CNPF, France)<\/p>\n<h2>Autres membres<\/h2>\n<ul>\n<li>Nick McCarthy, (WIT, SETU, Irlande)<\/li>\n<li>Leire Salaberria (USSE, Espagne)<\/li>\n<li>Felipe Bravo (Universit\u00e9 de Valladolid, Espagne)<\/li>\n<li>James Pendlebury (Forest Research, UK)<\/li>\n<li>Alain Bailly (FCBA, France)<\/li>\n<li>Marc Hanewinkel (Universit\u00e9 de Fribourg, Allemagne)<\/li>\n<\/ul>\n<h2>Pr\u00e9sidents honoraires<\/h2>\n<ul>\n<li>Ted Farrell (WIT, SETU, Irlande)<\/li>\n<li>Jean-Michel Carnus (France)<\/li>\n<\/ul>\n<h2>Documents<\/h2>\n<h2>\n\t\t\t\t\t\t\u00c0 PROPOS<br \/>\n\t\t\t\t\t<\/h2>\n<p>\t\t\t\t\t\t<a href=\"https:\/\/www.plantedforests.org\/fr\/our-mission-2\/\" target=\"_blank\" rel=\"nofollow\"><br \/>\n\t\t\t\t\t\t\t\t\tMission<br \/>\n\t\t\t\t\t\t\t\t\t\t\t\t\t<\/a><br \/>\n\t\t\t\t\t\t<a href=\"https:\/\/www.plantedforests.org\/fr\/our-history\/\" target=\"_blank\" rel=\"nofollow\"><br \/>\n\t\t\t\t\t\t\t\t\tNotre histoire<br \/>\n\t\t\t\t\t\t\t\t\t\t\t\t\t<\/a><br \/>\n\t\t\t\t\t\t<a href=\"https:\/\/www.plantedforests.org\/fr\/donation\/\" target=\"_blank\" rel=\"nofollow\"><br \/>\n\t\t\t\t\t\t\t\t\tSoutenir l\u2019IEFC \u2013 Faire un don<br \/>\n\t\t\t\t\t\t\t\t\t\t\t\t\t<\/a><br \/>\n\t\t\t\t\t\t<a href=\"https:\/\/www.plantedforests.org\/fr\/membership\/\" target=\"_blank\" rel=\"nofollow\"><br \/>\n\t\t\t\t\t\t\t\t\tDevenir membre<br \/>\n\t\t\t\t\t\t\t\t\t\t\t\t\t<\/a><br \/>\n\t\t\t\t\t\t<a href=\"https:\/\/www.plantedforests.org\/fr\/status-and-governance-2\/\" target=\"_blank\" rel=\"nofollow\"><br \/>\n\t\t\t\t\t\t\t\t\tStatuts et gouvernance<br \/>\n\t\t\t\t\t\t\t\t\t\t\t\t\t<\/a><br \/>\n\t\t\t\t\t\t<a href=\"https:\/\/www.plantedforests.org\/fr\/events\/\" target=\"_blank\" rel=\"nofollow\"><br \/>\n\t\t\t\t\t\t\t\t\tEv\u00e9nements<br \/>\n\t\t\t\t\t\t\t\t\t\t\t\t\t<\/a><br \/>\n\t\t\t\t\t\t<a href=\"https:\/\/www.plantedforests.org\/equality-diversity-and-inclusion\/\"><br \/>\n\t\t\t\t\t\t\t\t\t\u00c9galit\u00e9, diversit\u00e9 et inclusion<br \/>\n\t\t\t\t\t\t\t\t\t\t\t\t\t<\/a><br \/>\n\t\t\t\t\t\t<a href=\"https:\/\/www.plantedforests.org\/appels-doffres-2024\/\"><br \/>\n\t\t\t\t\t\t\t\t\tAppels d&#039;offres<br \/>\n\t\t\t\t\t\t\t\t\t\t\t\t\t<\/a><br \/>\n\t\t\t\t\t\t<a href=\"https:\/\/www.plantedforests.org\/fr\/terms-of-use\/\" target=\"_blank\" rel=\"nofollow\"><br \/>\n\t\t\t\t\t\t\t\t\tMentions L\u00e9gales<br \/>\n\t\t\t\t\t\t\t\t\t\t\t\t\t<\/a><\/p>\n<h2>\n\t\t\t\t\t\tProjets<br \/>\n\t\t\t\t\t<\/h2>\n<p>\t\t\t\t\t\t<a href=\"https:\/\/homed-project.eu\/\" target=\"_blank\" rel=\"nofollow\"><br \/>\n\t\t\t\t\t\t\t\t\tHOMED<br \/>\n\t\t\t\t\t\t\t\t\t\t\t\t\t<\/a><br \/>\n\t\t\t\t\t\t<a href=\"https:\/\/kebbe.iefc.net\/\" target=\"_blank\" rel=\"nofollow\"><br \/>\n\t\t\t\t\t\t\t\t\tKEBBE<br \/>\n\t\t\t\t\t\t\t\t\t\t\t\t\t<\/a><br \/>\n\t\t\t\t\t\t<a href=\"https:\/\/reinfforce.iefc.net\/\" target=\"_blank\" rel=\"nofollow\"><br \/>\n\t\t\t\t\t\t\t\t\tREEINFORCE<br \/>\n\t\t\t\t\t\t\t\t\t\t\t\t\t<\/a><br \/>\n\t\t\t\t\t\t<a href=\"https:\/\/b4est.eu\/\" target=\"_blank\" rel=\"nofollow\"><br \/>\n\t\t\t\t\t\t\t\t\tB4EST<br \/>\n\t\t\t\t\t\t\t\t\t\t\t\t\t<\/a><\/p>\n<h2>\n\t\t\t\t\t\tInfrastructures<br \/>\n\t\t\t\t\t<\/h2>\n<p>\t\t\t\t\t\t<a href=\"https:\/\/www.plantedforests.org\/fr\/infrastructures\/reseaux-de-parcelles\/\" target=\"_blank\" rel=\"nofollow\"><br \/>\n\t\t\t\t\t\t\t\t\tR\u00e9seaux de parcelles<br \/>\n\t\t\t\t\t\t\t\t\t\t\t\t\t<\/a><br \/>\n\t\t\t\t\t\t<a href=\"https:\/\/www.plantedforests.org\/fr\/infrastructures\/infrastructures-numeriques\/\" target=\"_blank\" rel=\"nofollow\"><br \/>\n\t\t\t\t\t\t\t\t\tInfrastructures num\u00e9riques<br \/>\n\t\t\t\t\t\t\t\t\t\t\t\t\t<\/a><br \/>\n\t\t\t\t\t\t<a href=\"https:\/\/www.plantedforests.org\/fr\/infrastructures\/living-labs\/\" target=\"_blank\" rel=\"nofollow\"><br \/>\n\t\t\t\t\t\t\t\t\tLiving Labs<br \/>\n\t\t\t\t\t\t\t\t\t\t\t\t\t<\/a><\/p>\n<h2>\n\t\t\t\t\t\tr\u00e9seaux<br \/>\n\t\t\t\t\t<\/h2>\n<p>\t\t\t\t\t\t<a href=\"https:\/\/www.plantedforests.org\/fr\/our-members\/\" target=\"_blank\" rel=\"nofollow\"><br \/>\n\t\t\t\t\t\t\t\t\tLe R\u00e9seau IEFC<br \/>\n\t\t\t\t\t\t\t\t\t\t\t\t\t<\/a><br \/>\n\t\t\t\t\t\t<a href=\"https:\/\/www.plantedforests.org\/fr\/networking\/\" target=\"_blank\" rel=\"nofollow\"><br \/>\n\t\t\t\t\t\t\t\t\tNetworking<br \/>\n\t\t\t\t\t\t\t\t\t\t\t\t\t<\/a><\/p>\n<h2>\n\t\t\t\t\t\tPRESSE<br \/>\n\t\t\t\t\t<\/h2>\n<p>\t\t\t\t\t\t<a href=\"https:\/\/www.plantedforests.org\/fr\/press\/\" target=\"_blank\" rel=\"nofollow\"><br \/>\n\t\t\t\t\t\t\t\t\tDossier de presse<br \/>\n\t\t\t\t\t\t\t\t\t\t\t\t\t<\/a><br \/>\n\t\t\t\t\t\t<a href=\"https:\/\/www.plantedforests.org\/fr\/press\/press-reviews\/\" target=\"_blank\" rel=\"nofollow\"><br \/>\n\t\t\t\t\t\t\t\t\tLa presse parle de l\u2019IEFC<br \/>\n\t\t\t\t\t\t\t\t\t\t\t\t\t<\/a><\/p>\n<h2>\n\t\t\t\t\t\tCentre de ressources<br \/>\n\t\t\t\t\t<\/h2>\n<p>\t\t\t\t\t\t<a href=\"https:\/\/www.plantedforests.org\/fr\/resources-center-2\/\" target=\"_blank\" rel=\"nofollow\"><br \/>\n\t\t\t\t\t\t\t\t\tExplorer notre centre de ressources<br \/>\n\t\t\t\t\t\t\t\t\t\t\t\t\t<\/a><\/p>\n<h4>Nous suivre<\/h4>\n<p>\t\t\t\t\t<a href=\"https:\/\/www.linkedin.com\/company\/instituteuropeendelaforetcultivee\/\" target=\"_blank\"><br \/>\n\t\t\t\t\t\tLinkedin<br \/>\n\t\t\t\t\t\t<svg aria-hidden=\"true\" viewBox=\"0 0 448 512\" xmlns=\"http:\/\/www.w3.org\/2000\/svg\"><path d=\"M416 32H31.9C14.3 32 0 46.5 0 64.3v383.4C0 465.5 14.3 480 31.9 480H416c17.6 0 32-14.5 32-32.3V64.3c0-17.8-14.4-32.3-32-32.3zM135.4 416H69V202.2h66.5V416zm-33.2-243c-21.3 0-38.5-17.3-38.5-38.5S80.9 96 102.2 96c21.2 0 38.5 17.3 38.5 38.5 0 21.3-17.2 38.5-38.5 38.5zm282.1 243h-66.4V312c0-24.8-.5-56.7-34.5-56.7-34.6 0-39.9 27-39.9 54.9V416h-66.4V202.2h63.7v29.2h.9c8.9-16.8 30.6-34.5 62.9-34.5 67.2 0 79.7 44.3 79.7 101.9V416z\"><\/path><\/svg>\t\t\t\t\t<\/a><br \/>\n\t\t\t\t\t<a href=\"https:\/\/www.dailymotion.com\/IEFCPlantedForests\" target=\"_blank\"><br \/>\n\t\t\t\t\t\t<svg xmlns=\"http:\/\/www.w3.org\/2000\/svg\" xmlns:xlink=\"http:\/\/www.w3.org\/1999\/xlink\" id=\"Dailymotion\" x=\"0px\" y=\"0px\" viewBox=\"0 0 96 96\" style=\"enable-background:new 0 0 96 96;\" xml:space=\"preserve\"><\/p>\n<style type=\"text\/css\">\t.st0{fill:#0E0E0E;}\t.st1{fill:none;}<\/style>\n<p><g>\t<path id=\"Medium_00000036224591124208101180000008332054064288928391_\" d=\"M44,10H16c-1.1,0-2,0.9-2,2v12  c0,0.5,0.2,1,0.6,1.4l12,12C27,37.8,27.5,38,28,38h16c5.5,0,10,4.5,10,10s-4.5,10-10,10H22c-1.1,0-2,0.9-2,2v12  c0,0.5,0.2,1,0.6,1.4l12,12C33,85.8,33.5,86,34,86h10c21,0,38-17,38-38S65,10,44,10z M18,16.8l8,8v6.3l-8-8V16.8z M58,48  c0-7.7-6.3-14-14-14H30v-8h14c12.1,0,22,9.9,22,22s-9.9,22-22,22h-9.2l-8-8H44C51.7,62,58,55.7,58,48z M24,64.8l8,8v6.3l-8-8V64.8z   M44,82h-8v-8h8c14.3,0,26-11.7,26-26S58.3,22,44,22H28.8l-8-8H44c18.7,0,34,15.3,34,34S62.7,82,44,82z\"><\/path>\t<rect x=\"0\" width=\"96\" height=\"96\"><\/rect><\/g><\/svg>\t\t\t\t\t<\/a><\/p>\n","protected":false},"excerpt":{"rendered":"<p>Statuts et Gouvernance Conseil d&rsquo;Administration (2022-2026) Notre Conseil d&rsquo;Administration d\u00e9finit nos orientations strat\u00e9giques et veille \u00e0 leur mise en \u0153uvre. Pr\u00e9sidente Susana Barreiro (ISA, Portugal) Vice-pr\u00e9sident Herv\u00e9 Jactel (INRAE, France) [&hellip;]<\/p>\n","protected":false},"author":101,"featured_media":0,"parent":0,"menu_order":0,"comment_status":"closed","ping_status":"closed","template":"","meta":{"_acf_changed":false,"_eb_attr":"","_EventAllDay":false,"_EventTimezone":"","_EventStartDate":"","_EventEndDate":"","_EventStartDateUTC":"","_EventEndDateUTC":"","_EventShowMap":false,"_EventShowMapLink":false,"_EventURL":"","_EventCost":"","_EventCostDescription":"","_EventCurrencySymbol":"","_EventCurrencyCode":"","_EventCurrencyPosition":"","_EventDateTimeSeparator":"","_EventTimeRangeSeparator":"","_EventOrganizerID":[],"_EventVenueID":[],"_OrganizerEmail":"","_OrganizerPhone":"","_OrganizerWebsite":"","_VenueAddress":"","_VenueCity":"","_VenueCountry":"","_VenueProvince":"","_VenueState":"","_VenueZip":"","_VenuePhone":"","_VenueURL":"","_VenueStateProvince":"","_VenueLat":"","_VenueLng":"","_VenueShowMap":false,"_VenueShowMapLink":false,"activitypub_content_warning":"","activitypub_content_visibility":"","activitypub_max_image_attachments":4,"activitypub_interaction_policy_quote":"anyone","activitypub_status":"federated","footnotes":""},"class_list":["post-10358","page","type-page","status-publish","hentry"],"translation":{"provider":"WPGlobus","version":"3.0.2","language":"fr","enabled_languages":["gb","fr","es","pt"],"languages":{"gb":{"title":true,"content":true,"excerpt":false},"fr":{"title":true,"content":true,"excerpt":false},"es":{"title":true,"content":true,"excerpt":false},"pt":{"title":true,"content":true,"excerpt":false}}},"acf":[],"yoast_head":"<!-- This site is optimized with the Yoast SEO plugin v27.3 - https:\/\/yoast.com\/product\/yoast-seo-wordpress\/ -->\n<title>Statuts et Gouvernance - Institut Europ\u00e9en de la For\u00eat Cultiv\u00e9e - IEFC<\/title>\n<meta name=\"robots\" content=\"index, follow, max-snippet:-1, max-image-preview:large, max-video-preview:-1\" \/>\n<link rel=\"canonical\" href=\"https:\/\/www.plantedforests.org\/status-and-governance-2\/\" \/>\n<meta property=\"og:locale\" content=\"fr_FR\" \/>\n<meta property=\"og:type\" content=\"article\" \/>\n<meta property=\"og:title\" content=\"Statuts et Gouvernance - Institut Europ\u00e9en de la For\u00eat Cultiv\u00e9e - IEFC\" \/>\n<meta property=\"og:url\" content=\"https:\/\/www.plantedforests.org\/status-and-governance-2\/\" \/>\n<meta property=\"og:site_name\" content=\"Institut Europ\u00e9en de la For\u00eat Cultiv\u00e9e - IEFC\" \/>\n<meta property=\"article:modified_time\" content=\"2025-12-16T10:33:38+00:00\" \/>\n<meta property=\"og:image\" content=\"https:\/\/www.plantedforests.org\/wp-content\/uploads\/2023\/02\/Status-and-governance_IEFC-EN.png\" \/>\n<meta name=\"twitter:card\" content=\"summary_large_image\" \/>\n<meta name=\"twitter:site\" content=\"@IEFCPlantForest\" \/>\n<meta name=\"twitter:label1\" content=\"Dur\u00e9e de lecture estim\u00e9e\" \/>\n\t<meta name=\"twitter:data1\" content=\"2 minutes\" \/>\n<script type=\"application\/ld+json\" class=\"yoast-schema-graph\">{\"@context\":\"https:\\\/\\\/schema.org\",\"@graph\":[{\"@type\":\"WebPage\",\"@id\":\"https:\\\/\\\/www.plantedforests.org\\\/status-and-governance-2\\\/\",\"url\":\"https:\\\/\\\/www.plantedforests.org\\\/status-and-governance-2\\\/\",\"name\":\"Statuts et Gouvernance - Institut Europ\u00e9en de la For\u00eat Cultiv\u00e9e - IEFC\",\"isPartOf\":{\"@id\":\"https:\\\/\\\/www.plantedforests.org\\\/fr\\\/#website\"},\"primaryImageOfPage\":{\"@id\":\"https:\\\/\\\/www.plantedforests.org\\\/status-and-governance-2\\\/#primaryimage\"},\"image\":{\"@id\":\"https:\\\/\\\/www.plantedforests.org\\\/status-and-governance-2\\\/#primaryimage\"},\"thumbnailUrl\":\"https:\\\/\\\/www.plantedforests.org\\\/wp-content\\\/uploads\\\/2023\\\/02\\\/Status-and-governance_IEFC-EN.png\",\"datePublished\":\"2023-03-01T15:30:46+00:00\",\"dateModified\":\"2025-12-16T10:33:38+00:00\",\"breadcrumb\":{\"@id\":\"https:\\\/\\\/www.plantedforests.org\\\/status-and-governance-2\\\/#breadcrumb\"},\"inLanguage\":\"fr-FR\",\"potentialAction\":[{\"@type\":\"ReadAction\",\"target\":[\"https:\\\/\\\/www.plantedforests.org\\\/status-and-governance-2\\\/\"]}]},{\"@type\":\"ImageObject\",\"inLanguage\":\"fr-FR\",\"@id\":\"https:\\\/\\\/www.plantedforests.org\\\/status-and-governance-2\\\/#primaryimage\",\"url\":\"https:\\\/\\\/www.plantedforests.org\\\/wp-content\\\/uploads\\\/2023\\\/02\\\/Status-and-governance_IEFC-EN.png\",\"contentUrl\":\"https:\\\/\\\/www.plantedforests.org\\\/wp-content\\\/uploads\\\/2023\\\/02\\\/Status-and-governance_IEFC-EN.png\"},{\"@type\":\"BreadcrumbList\",\"@id\":\"https:\\\/\\\/www.plantedforests.org\\\/status-and-governance-2\\\/#breadcrumb\",\"itemListElement\":[{\"@type\":\"ListItem\",\"position\":1,\"name\":\"Accueil\",\"item\":\"https:\\\/\\\/www.plantedforests.org\\\/\"},{\"@type\":\"ListItem\",\"position\":2,\"name\":\"Status and Governance\"}]},{\"@type\":\"WebSite\",\"@id\":\"https:\\\/\\\/www.plantedforests.org\\\/fr\\\/#website\",\"url\":\"https:\\\/\\\/www.plantedforests.org\\\/fr\\\/\",\"name\":\"Institut Europ\u00e9en de la For\u00eat Cultiv\u00e9e - IEFC\",\"description\":\"Le r\u00e9seau multi-acteur pour la gestion durable et la r\u00e9silience des for\u00eats cultiv\u00e9es\",\"publisher\":{\"@id\":\"https:\\\/\\\/www.plantedforests.org\\\/fr\\\/#organization\"},\"potentialAction\":[{\"@type\":\"SearchAction\",\"target\":{\"@type\":\"EntryPoint\",\"urlTemplate\":\"https:\\\/\\\/www.plantedforests.org\\\/fr\\\/?s={search_term_string}\"},\"query-input\":{\"@type\":\"PropertyValueSpecification\",\"valueRequired\":true,\"valueName\":\"search_term_string\"}}],\"inLanguage\":\"fr-FR\"},{\"@type\":\"Organization\",\"@id\":\"https:\\\/\\\/www.plantedforests.org\\\/fr\\\/#organization\",\"name\":\"Institut Europ\u00e9en de la For\u00eat Cultiv\u00e9e - Plantedforests.org\",\"url\":\"https:\\\/\\\/www.plantedforests.org\\\/fr\\\/\",\"logo\":{\"@type\":\"ImageObject\",\"inLanguage\":\"fr-FR\",\"@id\":\"https:\\\/\\\/www.plantedforests.org\\\/fr\\\/#\\\/schema\\\/logo\\\/image\\\/\",\"url\":\"https:\\\/\\\/www.plantedforests.org\\\/wp-content\\\/uploads\\\/2022\\\/07\\\/Logo_iefc__FR.png\",\"contentUrl\":\"https:\\\/\\\/www.plantedforests.org\\\/wp-content\\\/uploads\\\/2022\\\/07\\\/Logo_iefc__FR.png\",\"width\":2031,\"height\":1001,\"caption\":\"Institut Europ\u00e9en de la For\u00eat Cultiv\u00e9e - Plantedforests.org\"},\"image\":{\"@id\":\"https:\\\/\\\/www.plantedforests.org\\\/fr\\\/#\\\/schema\\\/logo\\\/image\\\/\"},\"sameAs\":[\"https:\\\/\\\/x.com\\\/IEFCPlantForest\",\"https:\\\/\\\/www.linkedin.com\\\/company\\\/71728047\\\/\"]}]}<\/script>\n<!-- \/ Yoast SEO plugin. -->","yoast_head_json":{"title":"Statuts et Gouvernance - Institut Europ\u00e9en de la For\u00eat Cultiv\u00e9e - IEFC","robots":{"index":"index","follow":"follow","max-snippet":"max-snippet:-1","max-image-preview":"max-image-preview:large","max-video-preview":"max-video-preview:-1"},"canonical":"https:\/\/www.plantedforests.org\/status-and-governance-2\/","og_locale":"fr_FR","og_type":"article","og_title":"Statuts et Gouvernance - Institut Europ\u00e9en de la For\u00eat Cultiv\u00e9e - IEFC","og_url":"https:\/\/www.plantedforests.org\/status-and-governance-2\/","og_site_name":"Institut Europ\u00e9en de la For\u00eat Cultiv\u00e9e - IEFC","article_modified_time":"2025-12-16T10:33:38+00:00","og_image":[{"url":"https:\/\/www.plantedforests.org\/wp-content\/uploads\/2023\/02\/Status-and-governance_IEFC-EN.png","type":"","width":"","height":""}],"twitter_card":"summary_large_image","twitter_site":"@IEFCPlantForest","twitter_misc":{"Dur\u00e9e de lecture estim\u00e9e":"2 minutes"},"schema":{"@context":"https:\/\/schema.org","@graph":[{"@type":"WebPage","@id":"https:\/\/www.plantedforests.org\/status-and-governance-2\/","url":"https:\/\/www.plantedforests.org\/status-and-governance-2\/","name":"Statuts et Gouvernance - Institut Europ\u00e9en de la For\u00eat Cultiv\u00e9e - IEFC","isPartOf":{"@id":"https:\/\/www.plantedforests.org\/fr\/#website"},"primaryImageOfPage":{"@id":"https:\/\/www.plantedforests.org\/status-and-governance-2\/#primaryimage"},"image":{"@id":"https:\/\/www.plantedforests.org\/status-and-governance-2\/#primaryimage"},"thumbnailUrl":"https:\/\/www.plantedforests.org\/wp-content\/uploads\/2023\/02\/Status-and-governance_IEFC-EN.png","datePublished":"2023-03-01T15:30:46+00:00","dateModified":"2025-12-16T10:33:38+00:00","breadcrumb":{"@id":"https:\/\/www.plantedforests.org\/status-and-governance-2\/#breadcrumb"},"inLanguage":"fr-FR","potentialAction":[{"@type":"ReadAction","target":["https:\/\/www.plantedforests.org\/status-and-governance-2\/"]}]},{"@type":"ImageObject","inLanguage":"fr-FR","@id":"https:\/\/www.plantedforests.org\/status-and-governance-2\/#primaryimage","url":"https:\/\/www.plantedforests.org\/wp-content\/uploads\/2023\/02\/Status-and-governance_IEFC-EN.png","contentUrl":"https:\/\/www.plantedforests.org\/wp-content\/uploads\/2023\/02\/Status-and-governance_IEFC-EN.png"},{"@type":"BreadcrumbList","@id":"https:\/\/www.plantedforests.org\/status-and-governance-2\/#breadcrumb","itemListElement":[{"@type":"ListItem","position":1,"name":"Accueil","item":"https:\/\/www.plantedforests.org\/"},{"@type":"ListItem","position":2,"name":"Status and Governance"}]},{"@type":"WebSite","@id":"https:\/\/www.plantedforests.org\/fr\/#website","url":"https:\/\/www.plantedforests.org\/fr\/","name":"Institut Europ\u00e9en de la For\u00eat Cultiv\u00e9e - IEFC","description":"Le r\u00e9seau multi-acteur pour la gestion durable et la r\u00e9silience des for\u00eats cultiv\u00e9es","publisher":{"@id":"https:\/\/www.plantedforests.org\/fr\/#organization"},"potentialAction":[{"@type":"SearchAction","target":{"@type":"EntryPoint","urlTemplate":"https:\/\/www.plantedforests.org\/fr\/?s={search_term_string}"},"query-input":{"@type":"PropertyValueSpecification","valueRequired":true,"valueName":"search_term_string"}}],"inLanguage":"fr-FR"},{"@type":"Organization","@id":"https:\/\/www.plantedforests.org\/fr\/#organization","name":"Institut Europ\u00e9en de la For\u00eat Cultiv\u00e9e - Plantedforests.org","url":"https:\/\/www.plantedforests.org\/fr\/","logo":{"@type":"ImageObject","inLanguage":"fr-FR","@id":"https:\/\/www.plantedforests.org\/fr\/#\/schema\/logo\/image\/","url":"https:\/\/www.plantedforests.org\/wp-content\/uploads\/2022\/07\/Logo_iefc__FR.png","contentUrl":"https:\/\/www.plantedforests.org\/wp-content\/uploads\/2022\/07\/Logo_iefc__FR.png","width":2031,"height":1001,"caption":"Institut Europ\u00e9en de la For\u00eat Cultiv\u00e9e - Plantedforests.org"},"image":{"@id":"https:\/\/www.plantedforests.org\/fr\/#\/schema\/logo\/image\/"},"sameAs":["https:\/\/x.com\/IEFCPlantForest","https:\/\/www.linkedin.com\/company\/71728047\/"]}]}},"_links":{"self":[{"href":"https:\/\/www.plantedforests.org\/fr\/wp-json\/wp\/v2\/pages\/10358","targetHints":{"allow":["GET"]}}],"collection":[{"href":"https:\/\/www.plantedforests.org\/fr\/wp-json\/wp\/v2\/pages"}],"about":[{"href":"https:\/\/www.plantedforests.org\/fr\/wp-json\/wp\/v2\/types\/page"}],"author":[{"embeddable":true,"href":"https:\/\/www.plantedforests.org\/fr\/wp-json\/wp\/v2\/users\/101"}],"replies":[{"embeddable":true,"href":"https:\/\/www.plantedforests.org\/fr\/wp-json\/wp\/v2\/comments?post=10358"}],"version-history":[{"count":191,"href":"https:\/\/www.plantedforests.org\/fr\/wp-json\/wp\/v2\/pages\/10358\/revisions"}],"predecessor-version":[{"id":29332,"href":"https:\/\/www.plantedforests.org\/fr\/wp-json\/wp\/v2\/pages\/10358\/revisions\/29332"}],"wp:attachment":[{"href":"https:\/\/www.plantedforests.org\/fr\/wp-json\/wp\/v2\/media?parent=10358"}],"curies":[{"name":"wp","href":"https:\/\/api.w.org\/{rel}","templated":true}]}}