
{"id":9681,"date":"2023-02-22T10:54:56","date_gmt":"2023-02-22T09:54:56","guid":{"rendered":"https:\/\/www.plantedforests.org\/?page_id=9681"},"modified":"2025-05-21T13:41:17","modified_gmt":"2025-05-21T11:41:17","slug":"networking","status":"publish","type":"page","link":"https:\/\/www.plantedforests.org\/es\/networking\/","title":{"rendered":"Networking"},"content":{"rendered":"<h2> Networking<\/h2>\n<p>\t\t\t        <!-- link opening --><br \/>\n                <!-- end link opening --><\/p>\n<h3>\n                    IEFC Members and Associates                <\/h3>\n<p>Are you interested in sharing knowledge on sustainable management or resilience of planted forests? Join IEFC as a member and participate in our work.<\/p>\n<p>                                                            <a href=\"https:\/\/www.plantedforests.org\/membership\/\" target=\"_self\" rel=\"noopener\"><br \/>\n                                                                                Read More                                    <\/a><br \/>\n\t\t\t        <!-- link opening --><br \/>\n                <!-- end link opening --><\/p>\n<h3>\n                    IUFRO Task Force on Planted Forest                <\/h3>\n<p>IUFRO Task Forces are established on a temporary basis during each 5-year IUFRO Board term to advance inter\u2010disciplinary cooperation in forest research fields that span two or more IUFRO Divisions. <\/p>\n<p>                                                            <a href=\"https:\/\/www.iufro.org\/science\/task-forces\/\" target=\"_self\" rel=\"noopener\"><br \/>\n                                                                                Read More                                    <\/a><br \/>\n\t\t\t        <!-- link opening --><br \/>\n                <!-- end link opening --><\/p>\n<h3>\n                    EFI Research Network on Planted Forest                <\/h3>\n<p>The European Forest Institute is an international organisation established by European States. We conduct research and provide policy support on forest-related issues, connecting knowledge to action.<\/p>\n<p>                                                            <a href=\"https:\/\/efi.int\/\" target=\"_self\" rel=\"noopener\"><br \/>\n                                                                                Read More                                    <\/a><br \/>\n\t\t\t        <!-- link opening --><br \/>\n                <!-- end link opening --><\/p>\n<h3>\n                    RTE network on resin                <\/h3>\n<p>The European Network of Resin Regions aims at being the reference organization in the natural resin sector at European level.<\/p>\n<p>                                                            <a href=\"https:\/\/www.sust-forest.eu\/en\/contenido\/european-network-resin-regions\" target=\"_self\" rel=\"noopener\"><br \/>\n                                                                                Read More                                    <\/a><br \/>\n\t\t\t        <!-- link opening --><br \/>\n                <!-- end link opening --><\/p>\n<h3>\n                    Comittee list                <\/h3>\n<p>Find out which organisations the IEFC is affiliated to.<\/p>\n<p>                                                            <a href=\"https:\/\/www.plantedforests.org\/committee-list\/\" target=\"_self\" rel=\"noopener\"><br \/>\n                                                                                Read More                                    <\/a><br \/>\n\t\t\t        <!-- link opening --><br \/>\n                <!-- end link opening --><\/p>\n<h3>\n                    Board of Administrators                <\/h3>\n<p>Discover the board members<\/p>\n<p>                                                            <a href=\"https:\/\/www.plantedforests.org\/status-and-governance-2\/\" target=\"_self\" rel=\"noopener\"><br \/>\n                                                                                Read More                                    <\/a><\/p>\n<h2>\n\t\t\t\t\t\tABOUT<br \/>\n\t\t\t\t\t<\/h2>\n<p>\t\t\t\t\t<a target=\"_blank\" rel=\"noopener\" href=\"https:\/\/www.plantedforests.org\/our-mission-2\/\"><br \/>\n\t\t\t\t\t\t\t\tMission<br \/>\n\t\t\t\t\t\t\t\t\t\t\t<\/a><br \/>\n\t\t\t\t\t<a target=\"_blank\" rel=\"noopener\" href=\"https:\/\/www.plantedforests.org\/our-history\/\"><br \/>\n\t\t\t\t\t\t\t\tOur history<br \/>\n\t\t\t\t\t\t\t\t\t\t\t<\/a><br \/>\n\t\t\t\t\t<a target=\"_blank\" rel=\"noopener\" href=\"https:\/\/www.plantedforests.org\/membership\/\"><br \/>\n\t\t\t\t\t\t\t\tBecome a member<br \/>\n\t\t\t\t\t\t\t\t\t\t\t<\/a><br \/>\n\t\t\t\t\t<a target=\"_blank\" rel=\"noopener\" href=\"https:\/\/www.plantedforests.org\/status-and-governance-2\/\"><br \/>\n\t\t\t\t\t\t\t\tStatus et gouvernance<br \/>\n\t\t\t\t\t\t\t\t\t\t\t<\/a><br \/>\n\t\t\t\t\t<a target=\"_blank\" rel=\"noopener\" href=\"https:\/\/www.plantedforests.org\/events\/\"><br \/>\n\t\t\t\t\t\t\t\tEvents<br \/>\n\t\t\t\t\t\t\t\t\t\t\t<\/a><\/p>\n<h2>\n\t\t\t\t\t\tProjects<br \/>\n\t\t\t\t\t<\/h2>\n<p>\t\t\t\t\t<a target=\"_blank\" rel=\"noopener\" href=\"https:\/\/homed-project.eu\/\"><br \/>\n\t\t\t\t\t\t\t\tHOMED<br \/>\n\t\t\t\t\t\t\t\t\t\t\t<\/a><br \/>\n\t\t\t\t\t<a target=\"_blank\" rel=\"noopener\" href=\"https:\/\/kebbe.iefc.net\/\"><br \/>\n\t\t\t\t\t\t\t\tKEBBE<br \/>\n\t\t\t\t\t\t\t\t\t\t\t<\/a><br \/>\n\t\t\t\t\t<a target=\"_blank\" rel=\"noopener\" href=\"https:\/\/reinfforce.iefc.net\/en\/\"><br \/>\n\t\t\t\t\t\t\t\tREEINFORCE<br \/>\n\t\t\t\t\t\t\t\t\t\t\t<\/a><br \/>\n\t\t\t\t\t<a target=\"_blank\" rel=\"noopener\" href=\"https:\/\/b4est.eu\/\"><br \/>\n\t\t\t\t\t\t\t\tB4EST<br \/>\n\t\t\t\t\t\t\t\t\t\t\t<\/a><\/p>\n<h2>\n\t\t\t\t\t\tTools and Infrastructure<br \/>\n\t\t\t\t\t<\/h2>\n<p>\t\t\t\t\t<a target=\"_blank\" rel=\"noopener\" href=\"https:\/\/silvalert.net\/\"><br \/>\n\t\t\t\t\t\t\t\tSILVALERT<br \/>\n\t\t\t\t\t\t\t\t\t\t\t<\/a><br \/>\n\t\t\t\t\t<a target=\"_blank\" rel=\"noopener\" href=\"https:\/\/www.plantedforests.org\/formodels_database_forest_modeles_liste\/\"><br \/>\n\t\t\t\t\t\t\t\tFORMODELS<br \/>\n\t\t\t\t\t\t\t\t\t\t\t<\/a><br \/>\n\t\t\t\t\t<a target=\"_blank\" rel=\"noopener\" href=\"https:\/\/www.plantedforests.org\/patho_liste\/\"><br \/>\n\t\t\t\t\t\t\t\tGuide Phytosanitaire<br \/>\n\t\t\t\t\t\t\t\t\t\t\t<\/a><br \/>\n\t\t\t\t\t<a target=\"_blank\" rel=\"noopener\" href=\"https:\/\/www.plantedforests.org\/forestrials\/\"><br \/>\n\t\t\t\t\t\t\t\tForestrials<br \/>\n\t\t\t\t\t\t\t\t\t\t\t<\/a><\/p>\n<h2>\n\t\t\t\t\t\tNetworking<br \/>\n\t\t\t\t\t<\/h2>\n<p>\t\t\t\t\t<a target=\"_blank\" rel=\"noopener\" href=\"https:\/\/www.plantedforests.org\/our-members\/\"><br \/>\n\t\t\t\t\t\t\t\tThe IEFC Network<br \/>\n\t\t\t\t\t\t\t\t\t\t\t<\/a><br \/>\n\t\t\t\t\t<a target=\"_blank\" rel=\"noopener\" href=\"https:\/\/www.plantedforests.org\/networking\/\"><br \/>\n\t\t\t\t\t\t\t\tNetworking<br \/>\n\t\t\t\t\t\t\t\t\t\t\t<\/a><\/p>\n<h2>\n\t\t\t\t\t\tResources Center<br \/>\n\t\t\t\t\t<\/h2>\n<p>\t\t\t\t\t<a target=\"_blank\" rel=\"noopener\" href=\"https:\/\/www.plantedforests.org\/resources-center-2\/\"><br \/>\n\t\t\t\t\t\t\t\tExplore our Resources center<br \/>\n\t\t\t\t\t\t\t\t\t\t\t<\/a><\/p>\n<h4>Follow us<\/h4>\n<p>\t\t\t\t\t<a href=\"https:\/\/www.linkedin.com\/company\/instituteuropeendelaforetcultivee\/\" target=\"_blank\" rel=\"noopener\"><br \/>\n\t\t\t\t\t\tLinkedin<br \/>\n\t\t\t\t\t\t<svg viewBox=\"0 0 448 512\" xmlns=\"http:\/\/www.w3.org\/2000\/svg\"><path d=\"M416 32H31.9C14.3 32 0 46.5 0 64.3v383.4C0 465.5 14.3 480 31.9 480H416c17.6 0 32-14.5 32-32.3V64.3c0-17.8-14.4-32.3-32-32.3zM135.4 416H69V202.2h66.5V416zm-33.2-243c-21.3 0-38.5-17.3-38.5-38.5S80.9 96 102.2 96c21.2 0 38.5 17.3 38.5 38.5 0 21.3-17.2 38.5-38.5 38.5zm282.1 243h-66.4V312c0-24.8-.5-56.7-34.5-56.7-34.6 0-39.9 27-39.9 54.9V416h-66.4V202.2h63.7v29.2h.9c8.9-16.8 30.6-34.5 62.9-34.5 67.2 0 79.7 44.3 79.7 101.9V416z\"><\/path><\/svg>\t\t\t\t\t<\/a><br \/>\n\t\t\t\t\t<a href=\"https:\/\/twitter.com\/IEFCPlantForest\" target=\"_blank\" rel=\"noopener\"><br \/>\n\t\t\t\t\t\tTwitter<br \/>\n\t\t\t\t\t\t<svg viewBox=\"0 0 512 512\" xmlns=\"http:\/\/www.w3.org\/2000\/svg\"><path d=\"M459.37 151.716c.325 4.548.325 9.097.325 13.645 0 138.72-105.583 298.558-298.558 298.558-59.452 0-114.68-17.219-161.137-47.106 8.447.974 16.568 1.299 25.34 1.299 49.055 0 94.213-16.568 130.274-44.832-46.132-.975-84.792-31.188-98.112-72.772 6.498.974 12.995 1.624 19.818 1.624 9.421 0 18.843-1.3 27.614-3.573-48.081-9.747-84.143-51.98-84.143-102.985v-1.299c13.969 7.797 30.214 12.67 47.431 13.319-28.264-18.843-46.781-51.005-46.781-87.391 0-19.492 5.197-37.36 14.294-52.954 51.655 63.675 129.3 105.258 216.365 109.807-1.624-7.797-2.599-15.918-2.599-24.04 0-57.828 46.782-104.934 104.934-104.934 30.213 0 57.502 12.67 76.67 33.137 23.715-4.548 46.456-13.32 66.599-25.34-7.798 24.366-24.366 44.833-46.132 57.827 21.117-2.273 41.584-8.122 60.426-16.243-14.292 20.791-32.161 39.308-52.628 54.253z\"><\/path><\/svg>\t\t\t\t\t<\/a><\/p>\n","protected":false},"excerpt":{"rendered":"<p>Networking IEFC Members and Associates Are you interested in sharing knowledge on sustainable management or resilience of planted forests? Join IEFC as a member and participate in our work. Read [&hellip;]<\/p>\n","protected":false},"author":101,"featured_media":0,"parent":0,"menu_order":0,"comment_status":"closed","ping_status":"closed","template":"","meta":{"_acf_changed":false,"_eb_attr":"","_EventAllDay":false,"_EventTimezone":"","_EventStartDate":"","_EventEndDate":"","_EventStartDateUTC":"","_EventEndDateUTC":"","_EventShowMap":false,"_EventShowMapLink":false,"_EventURL":"","_EventCost":"","_EventCostDescription":"","_EventCurrencySymbol":"","_EventCurrencyCode":"","_EventCurrencyPosition":"","_EventDateTimeSeparator":"","_EventTimeRangeSeparator":"","_EventOrganizerID":[],"_EventVenueID":[],"_OrganizerEmail":"","_OrganizerPhone":"","_OrganizerWebsite":"","_VenueAddress":"","_VenueCity":"","_VenueCountry":"","_VenueProvince":"","_VenueState":"","_VenueZip":"","_VenuePhone":"","_VenueURL":"","_VenueStateProvince":"","_VenueLat":"","_VenueLng":"","_VenueShowMap":false,"_VenueShowMapLink":false,"activitypub_content_warning":"","activitypub_content_visibility":"","activitypub_max_image_attachments":4,"activitypub_interaction_policy_quote":"anyone","activitypub_status":"federated","footnotes":""},"class_list":["post-9681","page","type-page","status-publish","hentry"],"translation":{"provider":"WPGlobus","version":"3.0.2","language":"es","enabled_languages":["gb","fr","es","pt"],"languages":{"gb":{"title":true,"content":true,"excerpt":false},"fr":{"title":true,"content":true,"excerpt":false},"es":{"title":false,"content":false,"excerpt":false},"pt":{"title":false,"content":false,"excerpt":false}}},"acf":[],"yoast_head":"<!-- This site is optimized with the Yoast SEO plugin v27.4 - https:\/\/yoast.com\/product\/yoast-seo-wordpress\/ -->\n<title>- Instituto Europeo Del Bosque Cultivado - IEFC<\/title>\n<meta name=\"robots\" content=\"index, follow, max-snippet:-1, max-image-preview:large, max-video-preview:-1\" \/>\n<link rel=\"canonical\" href=\"https:\/\/www.plantedforests.org\/fr\/networking\/\" \/>\n<meta property=\"og:locale\" content=\"es_ES\" \/>\n<meta property=\"og:type\" content=\"article\" \/>\n<meta property=\"og:title\" content=\"- Instituto Europeo Del Bosque Cultivado - IEFC\" \/>\n<meta property=\"og:url\" content=\"https:\/\/www.plantedforests.org\/fr\/networking\/\" \/>\n<meta property=\"og:site_name\" content=\"Instituto Europeo Del Bosque Cultivado - IEFC\" \/>\n<meta property=\"article:modified_time\" content=\"2025-05-21T11:41:17+00:00\" \/>\n<meta name=\"twitter:card\" content=\"summary_large_image\" \/>\n<meta name=\"twitter:site\" content=\"@IEFCPlantForest\" \/>\n<meta name=\"twitter:label1\" content=\"Tiempo de lectura\" \/>\n\t<meta name=\"twitter:data1\" content=\"2 minutos\" \/>\n<script type=\"application\/ld+json\" class=\"yoast-schema-graph\">{\"@context\":\"https:\\\/\\\/schema.org\",\"@graph\":[{\"@type\":\"WebPage\",\"@id\":\"https:\\\/\\\/www.plantedforests.org\\\/fr\\\/networking\\\/\",\"url\":\"https:\\\/\\\/www.plantedforests.org\\\/fr\\\/networking\\\/\",\"name\":\"- Instituto Europeo Del Bosque Cultivado - IEFC\",\"isPartOf\":{\"@id\":\"https:\\\/\\\/www.plantedforests.org\\\/fr\\\/#website\"},\"datePublished\":\"2023-02-22T09:54:56+00:00\",\"dateModified\":\"2025-05-21T11:41:17+00:00\",\"breadcrumb\":{\"@id\":\"https:\\\/\\\/www.plantedforests.org\\\/fr\\\/networking\\\/#breadcrumb\"},\"inLanguage\":\"es\",\"potentialAction\":[{\"@type\":\"ReadAction\",\"target\":[\"https:\\\/\\\/www.plantedforests.org\\\/fr\\\/networking\\\/\"]}]},{\"@type\":\"BreadcrumbList\",\"@id\":\"https:\\\/\\\/www.plantedforests.org\\\/fr\\\/networking\\\/#breadcrumb\",\"itemListElement\":[{\"@type\":\"ListItem\",\"position\":1,\"name\":\"Accueil\",\"item\":\"https:\\\/\\\/www.plantedforests.org\\\/\"},{\"@type\":\"ListItem\",\"position\":2,\"name\":\"Networking\"}]},{\"@type\":\"WebSite\",\"@id\":\"https:\\\/\\\/www.plantedforests.org\\\/fr\\\/#website\",\"url\":\"https:\\\/\\\/www.plantedforests.org\\\/fr\\\/\",\"name\":\"Instituto Europeo Del Bosque Cultivado - IEFC\",\"description\":\"La red para la gesti\u00f3n sostenible y la resiliencia de los bosques cultivados \",\"publisher\":{\"@id\":\"https:\\\/\\\/www.plantedforests.org\\\/fr\\\/#organization\"},\"potentialAction\":[{\"@type\":\"SearchAction\",\"target\":{\"@type\":\"EntryPoint\",\"urlTemplate\":\"https:\\\/\\\/www.plantedforests.org\\\/fr\\\/?s={search_term_string}\"},\"query-input\":{\"@type\":\"PropertyValueSpecification\",\"valueRequired\":true,\"valueName\":\"search_term_string\"}}],\"inLanguage\":\"es\"},{\"@type\":\"Organization\",\"@id\":\"https:\\\/\\\/www.plantedforests.org\\\/fr\\\/#organization\",\"name\":\"Institut Europ\u00e9en de la For\u00eat Cultiv\u00e9e - Plantedforests.org\",\"url\":\"https:\\\/\\\/www.plantedforests.org\\\/fr\\\/\",\"logo\":{\"@type\":\"ImageObject\",\"inLanguage\":\"es\",\"@id\":\"https:\\\/\\\/www.plantedforests.org\\\/fr\\\/#\\\/schema\\\/logo\\\/image\\\/\",\"url\":\"https:\\\/\\\/www.plantedforests.org\\\/wp-content\\\/uploads\\\/2022\\\/07\\\/Logo_iefc__FR.png\",\"contentUrl\":\"https:\\\/\\\/www.plantedforests.org\\\/wp-content\\\/uploads\\\/2022\\\/07\\\/Logo_iefc__FR.png\",\"width\":2031,\"height\":1001,\"caption\":\"Institut Europ\u00e9en de la For\u00eat Cultiv\u00e9e - Plantedforests.org\"},\"image\":{\"@id\":\"https:\\\/\\\/www.plantedforests.org\\\/fr\\\/#\\\/schema\\\/logo\\\/image\\\/\"},\"sameAs\":[\"https:\\\/\\\/x.com\\\/IEFCPlantForest\",\"https:\\\/\\\/www.linkedin.com\\\/company\\\/71728047\\\/\"]}]}<\/script>\n<!-- \/ Yoast SEO plugin. -->","yoast_head_json":{"title":"- Instituto Europeo Del Bosque Cultivado - IEFC","robots":{"index":"index","follow":"follow","max-snippet":"max-snippet:-1","max-image-preview":"max-image-preview:large","max-video-preview":"max-video-preview:-1"},"canonical":"https:\/\/www.plantedforests.org\/fr\/networking\/","og_locale":"es_ES","og_type":"article","og_title":"- Instituto Europeo Del Bosque Cultivado - IEFC","og_url":"https:\/\/www.plantedforests.org\/fr\/networking\/","og_site_name":"Instituto Europeo Del Bosque Cultivado - IEFC","article_modified_time":"2025-05-21T11:41:17+00:00","twitter_card":"summary_large_image","twitter_site":"@IEFCPlantForest","twitter_misc":{"Tiempo de lectura":"2 minutos"},"schema":{"@context":"https:\/\/schema.org","@graph":[{"@type":"WebPage","@id":"https:\/\/www.plantedforests.org\/fr\/networking\/","url":"https:\/\/www.plantedforests.org\/fr\/networking\/","name":"- Instituto Europeo Del Bosque Cultivado - IEFC","isPartOf":{"@id":"https:\/\/www.plantedforests.org\/fr\/#website"},"datePublished":"2023-02-22T09:54:56+00:00","dateModified":"2025-05-21T11:41:17+00:00","breadcrumb":{"@id":"https:\/\/www.plantedforests.org\/fr\/networking\/#breadcrumb"},"inLanguage":"es","potentialAction":[{"@type":"ReadAction","target":["https:\/\/www.plantedforests.org\/fr\/networking\/"]}]},{"@type":"BreadcrumbList","@id":"https:\/\/www.plantedforests.org\/fr\/networking\/#breadcrumb","itemListElement":[{"@type":"ListItem","position":1,"name":"Accueil","item":"https:\/\/www.plantedforests.org\/"},{"@type":"ListItem","position":2,"name":"Networking"}]},{"@type":"WebSite","@id":"https:\/\/www.plantedforests.org\/fr\/#website","url":"https:\/\/www.plantedforests.org\/fr\/","name":"Instituto Europeo Del Bosque Cultivado - IEFC","description":"La red para la gesti\u00f3n sostenible y la resiliencia de los bosques cultivados ","publisher":{"@id":"https:\/\/www.plantedforests.org\/fr\/#organization"},"potentialAction":[{"@type":"SearchAction","target":{"@type":"EntryPoint","urlTemplate":"https:\/\/www.plantedforests.org\/fr\/?s={search_term_string}"},"query-input":{"@type":"PropertyValueSpecification","valueRequired":true,"valueName":"search_term_string"}}],"inLanguage":"es"},{"@type":"Organization","@id":"https:\/\/www.plantedforests.org\/fr\/#organization","name":"Institut Europ\u00e9en de la For\u00eat Cultiv\u00e9e - Plantedforests.org","url":"https:\/\/www.plantedforests.org\/fr\/","logo":{"@type":"ImageObject","inLanguage":"es","@id":"https:\/\/www.plantedforests.org\/fr\/#\/schema\/logo\/image\/","url":"https:\/\/www.plantedforests.org\/wp-content\/uploads\/2022\/07\/Logo_iefc__FR.png","contentUrl":"https:\/\/www.plantedforests.org\/wp-content\/uploads\/2022\/07\/Logo_iefc__FR.png","width":2031,"height":1001,"caption":"Institut Europ\u00e9en de la For\u00eat Cultiv\u00e9e - Plantedforests.org"},"image":{"@id":"https:\/\/www.plantedforests.org\/fr\/#\/schema\/logo\/image\/"},"sameAs":["https:\/\/x.com\/IEFCPlantForest","https:\/\/www.linkedin.com\/company\/71728047\/"]}]}},"_links":{"self":[{"href":"https:\/\/www.plantedforests.org\/es\/wp-json\/wp\/v2\/pages\/9681","targetHints":{"allow":["GET"]}}],"collection":[{"href":"https:\/\/www.plantedforests.org\/es\/wp-json\/wp\/v2\/pages"}],"about":[{"href":"https:\/\/www.plantedforests.org\/es\/wp-json\/wp\/v2\/types\/page"}],"author":[{"embeddable":true,"href":"https:\/\/www.plantedforests.org\/es\/wp-json\/wp\/v2\/users\/101"}],"replies":[{"embeddable":true,"href":"https:\/\/www.plantedforests.org\/es\/wp-json\/wp\/v2\/comments?post=9681"}],"version-history":[{"count":102,"href":"https:\/\/www.plantedforests.org\/es\/wp-json\/wp\/v2\/pages\/9681\/revisions"}],"predecessor-version":[{"id":23577,"href":"https:\/\/www.plantedforests.org\/es\/wp-json\/wp\/v2\/pages\/9681\/revisions\/23577"}],"wp:attachment":[{"href":"https:\/\/www.plantedforests.org\/es\/wp-json\/wp\/v2\/media?parent=9681"}],"curies":[{"name":"wp","href":"https:\/\/api.w.org\/{rel}","templated":true}]}}