
{"id":9162,"date":"2023-02-20T12:14:58","date_gmt":"2023-02-20T11:14:58","guid":{"rendered":"https:\/\/www.plantedforests.org\/?page_id=9162"},"modified":"2025-06-24T08:08:34","modified_gmt":"2025-06-24T06:08:34","slug":"about","status":"publish","type":"page","link":"https:\/\/www.plantedforests.org\/es\/about\/","title":{"rendered":"Sobre nosotros"},"content":{"rendered":"<h2>Sobre nosotros<\/h2>\n<p>El IEBC se fund\u00f3 en 1998 y, desde entonces, nuestro objetivo ha sido facilitar y coordinar los intercambios entre las partes interesadas en la ense\u00f1anza, en la investigaci\u00f3n y en el sector forestal en general.<\/p>\n<p>Hace veinte a\u00f1os, una iniciativa conjunta entre la USSE y el INRA condujo a la creaci\u00f3n y puesta en marcha del Instituto Europeo del Bosque Cultivado (IEBC). El nacimiento del instituto corri\u00f3 a cargo de Yves Lesgourgues, entonces Director del CRPF de Aquitania, y de Michel Arbez, entonces Director del centro INRA de Pierroton.<\/p>\n<p>La idea de esta red surgi\u00f3 en 1987, cuando el esp\u00edritu pionero de los silvicultores de Aquitania, Galicia y Pa\u00eds Vasco les llev\u00f3 a explorar los bosques de sus pa\u00edses vecinos, al tiempo que entablaban amistad por el camino, sembrando as\u00ed la semilla de dos fruct\u00edferas d\u00e9cadas de colaboraci\u00f3n y trabajo en red.<\/p>\n<p>\t\t\t\t\t<a href=\"https:\/\/www.plantedforests.org\/es\/our-history\/\"><br \/>\n\t\t\t\t\t\t\t\t\tLeer m\u00e1s<br \/>\n\t\t\t\t\t<\/a><br \/>\n\t\t\t\t\t\t\t\t\t\t\t\t\t\t\t<img fetchpriority=\"high\" decoding=\"async\" width=\"768\" height=\"960\" src=\"https:\/\/www.plantedforests.org\/wp-content\/uploads\/2023\/02\/pexels-project-lakbay-15328460-768x960-1.jpg\" alt=\"\" srcset=\"https:\/\/www.plantedforests.org\/wp-content\/uploads\/2023\/02\/pexels-project-lakbay-15328460-768x960-1.jpg 768w, https:\/\/www.plantedforests.org\/wp-content\/uploads\/2023\/02\/pexels-project-lakbay-15328460-768x960-1-240x300.jpg 240w, https:\/\/www.plantedforests.org\/wp-content\/uploads\/2023\/02\/pexels-project-lakbay-15328460-768x960-1-120x150.jpg 120w\" sizes=\"(max-width: 768px) 100vw, 768px\" \/><br \/>\n\t\t\t\t\t\t\t\t\t\t\t\t\t\t\t<img decoding=\"async\" width=\"525\" height=\"350\" src=\"https:\/\/www.plantedforests.org\/wp-content\/uploads\/2023\/02\/lake-g96bfcf160_1920-1024x683.jpg\" alt=\"\" srcset=\"https:\/\/www.plantedforests.org\/wp-content\/uploads\/2023\/02\/lake-g96bfcf160_1920-1024x683.jpg 1024w, https:\/\/www.plantedforests.org\/wp-content\/uploads\/2023\/02\/lake-g96bfcf160_1920-300x200.jpg 300w, https:\/\/www.plantedforests.org\/wp-content\/uploads\/2023\/02\/lake-g96bfcf160_1920-150x100.jpg 150w, https:\/\/www.plantedforests.org\/wp-content\/uploads\/2023\/02\/lake-g96bfcf160_1920-768x512.jpg 768w, https:\/\/www.plantedforests.org\/wp-content\/uploads\/2023\/02\/lake-g96bfcf160_1920-1536x1024.jpg 1536w, https:\/\/www.plantedforests.org\/wp-content\/uploads\/2023\/02\/lake-g96bfcf160_1920-1320x880.jpg 1320w, https:\/\/www.plantedforests.org\/wp-content\/uploads\/2023\/02\/lake-g96bfcf160_1920.jpg 1920w\" sizes=\"(max-width: 525px) 100vw, 525px\" \/>\t\t\t\t\t\t\t\t\t\t\t\t\t\t\t<\/p>\n<h1>Nuestra misi\u00f3n<\/h1>\n<p>Nuestra misi\u00f3n es utilizar un enfoque de abajo-arriba a trav\u00e9s de la colaboraci\u00f3n impulsada por los propietarios y profesionales de los bosques plantados y la vinculaci\u00f3n de investigadores y educadores para Promover, Facilitar, Mejorar, Coordinar y Difundir soluciones para ayudar a los propietarios y profesionales forestales a gestionar y garantizar la Gesti\u00f3n Sostenible de los Bosques Plantados en Europa.<\/p>\n<p>\t\t\t\t\t<a href=\"https:\/\/www.plantedforests.org\/es\/our-mission-2\/\"><br \/>\n\t\t\t\t\t\t\t\t\tLeer m\u00e1s<br \/>\n\t\t\t\t\t<\/a><\/p>\n<h2>Por qu\u00e9 existimos<\/h2>\n<p>Los expertos, los estudios y documentos cient\u00edficos, las pol\u00edticas y las estrategias siguen insistiendo en el enorme potencial y los beneficios de los bosques plantados. Dado que cada vez m\u00e1s bosques plantados son de propiedad privada, hay que tener en cuenta a los propietarios y gestores forestales. De hecho, los propietarios y gestores forestales privados, as\u00ed como sus bosques y arboledas, se ven sometidos progresivamente a la presi\u00f3n de una normativa m\u00e1s estricta, de las normas de gesti\u00f3n forestal sostenible, de las demandas de la sociedad, unidas a los problemas provocados por el cambio clim\u00e1tico, como el aumento de las amenazas del viento, los incendios, las plagas y las enfermedades.<\/p>\n<p>\t\t\t\t\t<a href=\"https:\/\/www.plantedforests.org\/es\/our-purpose\/\"><br \/>\n\t\t\t\t\t\t\t\t\tLeer m\u00e1s<br \/>\n\t\t\t\t\t<\/a><br \/>\n\t\t\t\t\t\t\t\t\t\t\t\t\t\t\t<img decoding=\"async\" width=\"525\" height=\"528\" src=\"https:\/\/www.plantedforests.org\/wp-content\/uploads\/2023\/02\/Norway-Spruce-768x772-1.jpg\" alt=\"\" srcset=\"https:\/\/www.plantedforests.org\/wp-content\/uploads\/2023\/02\/Norway-Spruce-768x772-1.jpg 768w, https:\/\/www.plantedforests.org\/wp-content\/uploads\/2023\/02\/Norway-Spruce-768x772-1-298x300.jpg 298w, https:\/\/www.plantedforests.org\/wp-content\/uploads\/2023\/02\/Norway-Spruce-768x772-1-150x150.jpg 150w, https:\/\/www.plantedforests.org\/wp-content\/uploads\/2023\/02\/Norway-Spruce-768x772-1-100x100.jpg 100w\" sizes=\"(max-width: 525px) 100vw, 525px\" \/><br \/>\n\t\t\t\t\t\t\t\t\t\t\t\t\t\t\t<img loading=\"lazy\" decoding=\"async\" width=\"525\" height=\"350\" src=\"https:\/\/www.plantedforests.org\/wp-content\/uploads\/2023\/02\/coniferous-g365735a34_1920-1024x683.jpg\" alt=\"\" srcset=\"https:\/\/www.plantedforests.org\/wp-content\/uploads\/2023\/02\/coniferous-g365735a34_1920-1024x683.jpg 1024w, https:\/\/www.plantedforests.org\/wp-content\/uploads\/2023\/02\/coniferous-g365735a34_1920-300x200.jpg 300w, https:\/\/www.plantedforests.org\/wp-content\/uploads\/2023\/02\/coniferous-g365735a34_1920-150x100.jpg 150w, https:\/\/www.plantedforests.org\/wp-content\/uploads\/2023\/02\/coniferous-g365735a34_1920-768x512.jpg 768w, https:\/\/www.plantedforests.org\/wp-content\/uploads\/2023\/02\/coniferous-g365735a34_1920-1536x1024.jpg 1536w, https:\/\/www.plantedforests.org\/wp-content\/uploads\/2023\/02\/coniferous-g365735a34_1920-1320x880.jpg 1320w, https:\/\/www.plantedforests.org\/wp-content\/uploads\/2023\/02\/coniferous-g365735a34_1920.jpg 1920w\" sizes=\"(max-width: 525px) 100vw, 525px\" \/>\t\t\t\t\t\t\t\t\t\t\t\t\t\t\t<\/p>\n<h1>Nuestros objetivos<\/h1>\n<p>El IEBC tiene como objetivo promover, facilitar y mejorar la futura resiliencia y sostenibilidad de los bosques plantados en Europa en el contexto del cambio global.<\/p>\n<p>Las \u00e1reas de inter\u00e9s del IEBC coinciden con muchos de los importantes retos y estrategias descritos en la Estrategia Forestal Europea. Estas \u00e1reas de enfoque abordan el desarrollo de bosques plantados sostenibles adaptados para satisfacer las demandas en una bioeconom\u00eda creciente, as\u00ed como mantener y aumentar el valor de los servicios de los ecosistemas.<\/p>\n<p>\t\t\t\t\t<a href=\"https:\/\/www.plantedforests.org\/es\/our-objectives\/\"><br \/>\n\t\t\t\t\t\t\t\t\tLeer m\u00e1s<br \/>\n\t\t\t\t\t<\/a><\/p>\n<h2>Cont\u00e1ctenos<\/h2>\n<p>69 route d&#8217;Arcachon 33610 CESTAS<\/p>\n<p>Env\u00edanos un mensaje<\/p>\n<p>\t\t\t\t\t<a href=\"https:\/\/www.plantedforests.org\/contact-us\/\"><br \/>\n\t\t\t\t\t\t\t\t\tCont\u00e1ctenos<br \/>\n\t\t\t\t\t<\/a><br \/>\n\t\t\t<iframe loading=\"lazy\"\n\t\t\t\t\tsrc=\"https:\/\/maps.google.com\/maps?q=69%2C%20route%20d%E2%80%99arcachon%2033610%20CESTAS&#038;t=m&#038;z=10&#038;output=embed&#038;iwloc=near\"\n\t\t\t\t\ttitle=\"69, route d\u2019arcachon 33610 CESTAS\"\n\t\t\t\t\taria-label=\"69, route d\u2019arcachon 33610 CESTAS\"\n\t\t\t><\/iframe><\/p>\n<h2>\n\t\t\t\t\t\tSOBRE NOSOTROS<br \/>\n\t\t\t\t\t<\/h2>\n<p>\t\t\t\t\t\t<a href=\"https:\/\/www.plantedforests.org\/es\/our-mission-2\/\" target=\"_blank\" rel=\"nofollow\"><br \/>\n\t\t\t\t\t\t\t\t\tMisi\u00f3n<br \/>\n\t\t\t\t\t\t\t\t\t\t\t\t\t<\/a><br \/>\n\t\t\t\t\t\t<a href=\"https:\/\/www.plantedforests.org\/es\/our-history\/\" target=\"_blank\" rel=\"nofollow\"><br \/>\n\t\t\t\t\t\t\t\t\t Historia<br \/>\n\t\t\t\t\t\t\t\t\t\t\t\t\t<\/a><br \/>\n\t\t\t\t\t\t<a href=\"https:\/\/www.plantedforests.org\/es\/membership\/\" target=\"_blank\" rel=\"nofollow\"><br \/>\n\t\t\t\t\t\t\t\t\tVolverse miembro<br \/>\n\t\t\t\t\t\t\t\t\t\t\t\t\t<\/a><br \/>\n\t\t\t\t\t\t<a href=\"https:\/\/www.plantedforests.org\/es\/status-and-governance-2\/\" target=\"_blank\" rel=\"nofollow\"><br \/>\n\t\t\t\t\t\t\t\t\tEstatuto y gobernancia<br \/>\n\t\t\t\t\t\t\t\t\t\t\t\t\t<\/a><br \/>\n\t\t\t\t\t\t<a href=\"https:\/\/www.plantedforests.org\/es\/events\/\" target=\"_blank\" rel=\"nofollow\"><br \/>\n\t\t\t\t\t\t\t\t\tEventos<br \/>\n\t\t\t\t\t\t\t\t\t\t\t\t\t<\/a><br \/>\n\t\t\t\t\t\t<a href=\"https:\/\/www.plantedforests.org\/equality-diversity-and-inclusion\/\"><br \/>\n\t\t\t\t\t\t\t\t\tIgualdad, Diversidad e Inclusi\u00f3n<br \/>\n\t\t\t\t\t\t\t\t\t\t\t\t\t<\/a><br \/>\n\t\t\t\t\t\t<a href=\"https:\/\/www.plantedforests.org\/terms-of-use\/\" target=\"_blank\" rel=\"nofollow\"><br \/>\n\t\t\t\t\t\t\t\t\tPol\u00edtica de privacidad<br \/>\n\t\t\t\t\t\t\t\t\t\t\t\t\t<\/a><\/p>\n<h2>\n\t\t\t\t\t\tProyectos<br \/>\n\t\t\t\t\t<\/h2>\n<p>\t\t\t\t\t\t<a href=\"https:\/\/homed-project.eu\/\" target=\"_blank\" rel=\"nofollow\"><br \/>\n\t\t\t\t\t\t\t\t\tHOMED<br \/>\n\t\t\t\t\t\t\t\t\t\t\t\t\t<\/a><br \/>\n\t\t\t\t\t\t<a href=\"https:\/\/kebbe.iefc.net\/\" target=\"_blank\" rel=\"nofollow\"><br \/>\n\t\t\t\t\t\t\t\t\tKEBBE<br \/>\n\t\t\t\t\t\t\t\t\t\t\t\t\t<\/a><br \/>\n\t\t\t\t\t\t<a href=\"https:\/\/reinfforce.iefc.net\/en\/\" target=\"_blank\" rel=\"nofollow\"><br \/>\n\t\t\t\t\t\t\t\t\tREEINFORCE<br \/>\n\t\t\t\t\t\t\t\t\t\t\t\t\t<\/a><br \/>\n\t\t\t\t\t\t<a href=\"https:\/\/b4est.eu\/\" target=\"_blank\" rel=\"nofollow\"><br \/>\n\t\t\t\t\t\t\t\t\tB4EST<br \/>\n\t\t\t\t\t\t\t\t\t\t\t\t\t<\/a><\/p>\n<h2>\n\t\t\t\t\t\tInfraestructuras<br \/>\n\t\t\t\t\t<\/h2>\n<p>\t\t\t\t\t\t<a href=\"https:\/\/www.plantedforests.org\/es\/infrastructures\/reseaux-de-parcelles\/\" target=\"_blank\" rel=\"nofollow\"><br \/>\n\t\t\t\t\t\t\t\t\tRedes de parcelas<br \/>\n\t\t\t\t\t\t\t\t\t\t\t\t\t<\/a><br \/>\n\t\t\t\t\t\t<a href=\"https:\/\/www.plantedforests.org\/es\/infrastructures\/infrastructures-numeriques\/\" target=\"_blank\" rel=\"nofollow\"><br \/>\n\t\t\t\t\t\t\t\t\tInfraestructuras digitales<br \/>\n\t\t\t\t\t\t\t\t\t\t\t\t\t<\/a><br \/>\n\t\t\t\t\t\t<a href=\"https:\/\/www.plantedforests.org\/es\/infrastructures\/living-labs\/\" target=\"_blank\" rel=\"nofollow\"><br \/>\n\t\t\t\t\t\t\t\t\tLaboratorios vivos<br \/>\n\t\t\t\t\t\t\t\t\t\t\t\t\t<\/a><\/p>\n<h2>\n\t\t\t\t\t\tRed<br \/>\n\t\t\t\t\t<\/h2>\n<p>\t\t\t\t\t\t<a href=\"https:\/\/www.plantedforests.org\/es\/our-members\/\" target=\"_blank\" rel=\"nofollow\"><br \/>\n\t\t\t\t\t\t\t\t\tLa Red IEBC<br \/>\n\t\t\t\t\t\t\t\t\t\t\t\t\t<\/a><br \/>\n\t\t\t\t\t\t<a href=\"https:\/\/www.plantedforests.org\/es\/networking\/\" target=\"_blank\" rel=\"nofollow\"><br \/>\n\t\t\t\t\t\t\t\t\tNetworking<br \/>\n\t\t\t\t\t\t\t\t\t\t\t\t\t<\/a><\/p>\n<h2>\n\t\t\t\t\t\tPRENSA<br \/>\n\t\t\t\t\t<\/h2>\n<p>\t\t\t\t\t\t<a href=\"https:\/\/www.plantedforests.org\/es\/press\/\" target=\"_blank\" rel=\"nofollow\"><br \/>\n\t\t\t\t\t\t\t\t\tDossier de prensa<br \/>\n\t\t\t\t\t\t\t\t\t\t\t\t\t<\/a><br \/>\n\t\t\t\t\t\t<a href=\"https:\/\/www.plantedforests.org\/es\/press\/press-reviews\/\" target=\"_blank\" rel=\"nofollow\"><br \/>\n\t\t\t\t\t\t\t\t\tLa prensa habla del IEBC<br \/>\n\t\t\t\t\t\t\t\t\t\t\t\t\t<\/a><\/p>\n<h2>\n\t\t\t\t\t\tCentro de Recursos<br \/>\n\t\t\t\t\t<\/h2>\n<p>\t\t\t\t\t\t<a href=\"https:\/\/www.plantedforests.org\/es\/resources-center-2\/\" target=\"_blank\" rel=\"nofollow\"><br \/>\n\t\t\t\t\t\t\t\t\tExplorar nuestro Centro de Recursos<br \/>\n\t\t\t\t\t\t\t\t\t\t\t\t\t<\/a><\/p>\n<h4>Siguenos en<\/h4>\n<p>\t\t\t\t\t<a href=\"https:\/\/www.linkedin.com\/company\/instituteuropeendelaforetcultivee\/\" target=\"_blank\"><br \/>\n\t\t\t\t\t\tLinkedin<br \/>\n\t\t\t\t\t\t<svg viewBox=\"0 0 448 512\" xmlns=\"http:\/\/www.w3.org\/2000\/svg\"><path d=\"M416 32H31.9C14.3 32 0 46.5 0 64.3v383.4C0 465.5 14.3 480 31.9 480H416c17.6 0 32-14.5 32-32.3V64.3c0-17.8-14.4-32.3-32-32.3zM135.4 416H69V202.2h66.5V416zm-33.2-243c-21.3 0-38.5-17.3-38.5-38.5S80.9 96 102.2 96c21.2 0 38.5 17.3 38.5 38.5 0 21.3-17.2 38.5-38.5 38.5zm282.1 243h-66.4V312c0-24.8-.5-56.7-34.5-56.7-34.6 0-39.9 27-39.9 54.9V416h-66.4V202.2h63.7v29.2h.9c8.9-16.8 30.6-34.5 62.9-34.5 67.2 0 79.7 44.3 79.7 101.9V416z\"><\/path><\/svg>\t\t\t\t\t<\/a><br \/>\n\t\t\t\t\t<a href=\"https:\/\/www.dailymotion.com\/IEFCPlantedForests\" target=\"_blank\"><br \/>\n\t\t\t\t\t\t<svg xmlns=\"http:\/\/www.w3.org\/2000\/svg\" xmlns:xlink=\"http:\/\/www.w3.org\/1999\/xlink\" id=\"Dailymotion\" x=\"0px\" y=\"0px\" viewBox=\"0 0 96 96\" style=\"enable-background:new 0 0 96 96;\" xml:space=\"preserve\"><\/p>\n<style type=\"text\/css\">\t.st0{fill:#0E0E0E;}\t.st1{fill:none;}<\/style>\n<p><g>\t<path id=\"Medium_00000036224591124208101180000008332054064288928391_\" d=\"M44,10H16c-1.1,0-2,0.9-2,2v12  c0,0.5,0.2,1,0.6,1.4l12,12C27,37.8,27.5,38,28,38h16c5.5,0,10,4.5,10,10s-4.5,10-10,10H22c-1.1,0-2,0.9-2,2v12  c0,0.5,0.2,1,0.6,1.4l12,12C33,85.8,33.5,86,34,86h10c21,0,38-17,38-38S65,10,44,10z M18,16.8l8,8v6.3l-8-8V16.8z M58,48  c0-7.7-6.3-14-14-14H30v-8h14c12.1,0,22,9.9,22,22s-9.9,22-22,22h-9.2l-8-8H44C51.7,62,58,55.7,58,48z M24,64.8l8,8v6.3l-8-8V64.8z   M44,82h-8v-8h8c14.3,0,26-11.7,26-26S58.3,22,44,22H28.8l-8-8H44c18.7,0,34,15.3,34,34S62.7,82,44,82z\"><\/path>\t<rect x=\"0\" width=\"96\" height=\"96\"><\/rect><\/g><\/svg>\t\t\t\t\t<\/a><\/p>\n","protected":false},"excerpt":{"rendered":"<p>Sobre nosotros El IEBC se fund\u00f3 en 1998 y, desde entonces, nuestro objetivo ha sido facilitar y coordinar los intercambios entre las partes interesadas en la ense\u00f1anza, en la investigaci\u00f3n [&hellip;]<\/p>\n","protected":false},"author":101,"featured_media":0,"parent":0,"menu_order":0,"comment_status":"closed","ping_status":"closed","template":"","meta":{"_acf_changed":false,"_eb_attr":"","_EventAllDay":false,"_EventTimezone":"","_EventStartDate":"","_EventEndDate":"","_EventStartDateUTC":"","_EventEndDateUTC":"","_EventShowMap":false,"_EventShowMapLink":false,"_EventURL":"","_EventCost":"","_EventCostDescription":"","_EventCurrencySymbol":"","_EventCurrencyCode":"","_EventCurrencyPosition":"","_EventDateTimeSeparator":"","_EventTimeRangeSeparator":"","_EventOrganizerID":[],"_EventVenueID":[],"_OrganizerEmail":"","_OrganizerPhone":"","_OrganizerWebsite":"","_VenueAddress":"","_VenueCity":"","_VenueCountry":"","_VenueProvince":"","_VenueState":"","_VenueZip":"","_VenuePhone":"","_VenueURL":"","_VenueStateProvince":"","_VenueLat":"","_VenueLng":"","_VenueShowMap":false,"_VenueShowMapLink":false,"activitypub_content_warning":"","activitypub_content_visibility":"","activitypub_max_image_attachments":4,"activitypub_interaction_policy_quote":"anyone","activitypub_status":"federated","footnotes":""},"class_list":["post-9162","page","type-page","status-publish","hentry"],"translation":{"provider":"WPGlobus","version":"3.0.2","language":"es","enabled_languages":["gb","fr","es","pt"],"languages":{"gb":{"title":true,"content":true,"excerpt":false},"fr":{"title":true,"content":true,"excerpt":false},"es":{"title":true,"content":true,"excerpt":false},"pt":{"title":false,"content":false,"excerpt":false}}},"acf":[],"yoast_head":"<!-- This site is optimized with the Yoast SEO plugin v27.4 - https:\/\/yoast.com\/product\/yoast-seo-wordpress\/ -->\n<title>Sobre nosotros - Instituto Europeo Del Bosque Cultivado - IEFC<\/title>\n<meta name=\"robots\" content=\"index, follow, max-snippet:-1, max-image-preview:large, max-video-preview:-1\" \/>\n<link rel=\"canonical\" href=\"https:\/\/www.plantedforests.org\/about\/\" \/>\n<meta property=\"og:locale\" content=\"es_ES\" \/>\n<meta property=\"og:type\" content=\"article\" \/>\n<meta property=\"og:title\" content=\"Sobre nosotros - Instituto Europeo Del Bosque Cultivado - IEFC\" \/>\n<meta property=\"og:url\" content=\"https:\/\/www.plantedforests.org\/about\/\" \/>\n<meta property=\"og:site_name\" content=\"Instituto Europeo Del Bosque Cultivado - IEFC\" \/>\n<meta property=\"article:modified_time\" content=\"2025-06-24T06:08:34+00:00\" \/>\n<meta property=\"og:image\" content=\"https:\/\/www.plantedforests.org\/wp-content\/uploads\/2023\/02\/pexels-project-lakbay-15328460-768x960-1.jpg\" \/>\n<meta name=\"twitter:card\" content=\"summary_large_image\" \/>\n<meta name=\"twitter:site\" content=\"@IEFCPlantForest\" \/>\n<meta name=\"twitter:label1\" content=\"Tiempo de lectura\" \/>\n\t<meta name=\"twitter:data1\" content=\"4 minutos\" \/>\n<script type=\"application\/ld+json\" class=\"yoast-schema-graph\">{\"@context\":\"https:\\\/\\\/schema.org\",\"@graph\":[{\"@type\":\"WebPage\",\"@id\":\"https:\\\/\\\/www.plantedforests.org\\\/about\\\/\",\"url\":\"https:\\\/\\\/www.plantedforests.org\\\/about\\\/\",\"name\":\"Sobre nosotros - Instituto Europeo Del Bosque Cultivado - IEFC\",\"isPartOf\":{\"@id\":\"https:\\\/\\\/www.plantedforests.org\\\/fr\\\/#website\"},\"primaryImageOfPage\":{\"@id\":\"https:\\\/\\\/www.plantedforests.org\\\/about\\\/#primaryimage\"},\"image\":{\"@id\":\"https:\\\/\\\/www.plantedforests.org\\\/about\\\/#primaryimage\"},\"thumbnailUrl\":\"https:\\\/\\\/www.plantedforests.org\\\/wp-content\\\/uploads\\\/2023\\\/02\\\/pexels-project-lakbay-15328460-768x960-1.jpg\",\"datePublished\":\"2023-02-20T11:14:58+00:00\",\"dateModified\":\"2025-06-24T06:08:34+00:00\",\"breadcrumb\":{\"@id\":\"https:\\\/\\\/www.plantedforests.org\\\/about\\\/#breadcrumb\"},\"inLanguage\":\"es\",\"potentialAction\":[{\"@type\":\"ReadAction\",\"target\":[\"https:\\\/\\\/www.plantedforests.org\\\/about\\\/\"]}]},{\"@type\":\"ImageObject\",\"inLanguage\":\"es\",\"@id\":\"https:\\\/\\\/www.plantedforests.org\\\/about\\\/#primaryimage\",\"url\":\"https:\\\/\\\/www.plantedforests.org\\\/wp-content\\\/uploads\\\/2023\\\/02\\\/pexels-project-lakbay-15328460-768x960-1.jpg\",\"contentUrl\":\"https:\\\/\\\/www.plantedforests.org\\\/wp-content\\\/uploads\\\/2023\\\/02\\\/pexels-project-lakbay-15328460-768x960-1.jpg\"},{\"@type\":\"BreadcrumbList\",\"@id\":\"https:\\\/\\\/www.plantedforests.org\\\/about\\\/#breadcrumb\",\"itemListElement\":[{\"@type\":\"ListItem\",\"position\":1,\"name\":\"Accueil\",\"item\":\"https:\\\/\\\/www.plantedforests.org\\\/\"},{\"@type\":\"ListItem\",\"position\":2,\"name\":\"A propos\"}]},{\"@type\":\"WebSite\",\"@id\":\"https:\\\/\\\/www.plantedforests.org\\\/fr\\\/#website\",\"url\":\"https:\\\/\\\/www.plantedforests.org\\\/fr\\\/\",\"name\":\"Instituto Europeo Del Bosque Cultivado - IEFC\",\"description\":\"La red para la gesti\u00f3n sostenible y la resiliencia de los bosques cultivados \",\"publisher\":{\"@id\":\"https:\\\/\\\/www.plantedforests.org\\\/fr\\\/#organization\"},\"potentialAction\":[{\"@type\":\"SearchAction\",\"target\":{\"@type\":\"EntryPoint\",\"urlTemplate\":\"https:\\\/\\\/www.plantedforests.org\\\/fr\\\/?s={search_term_string}\"},\"query-input\":{\"@type\":\"PropertyValueSpecification\",\"valueRequired\":true,\"valueName\":\"search_term_string\"}}],\"inLanguage\":\"es\"},{\"@type\":\"Organization\",\"@id\":\"https:\\\/\\\/www.plantedforests.org\\\/fr\\\/#organization\",\"name\":\"Institut Europ\u00e9en de la For\u00eat Cultiv\u00e9e - Plantedforests.org\",\"url\":\"https:\\\/\\\/www.plantedforests.org\\\/fr\\\/\",\"logo\":{\"@type\":\"ImageObject\",\"inLanguage\":\"es\",\"@id\":\"https:\\\/\\\/www.plantedforests.org\\\/fr\\\/#\\\/schema\\\/logo\\\/image\\\/\",\"url\":\"https:\\\/\\\/www.plantedforests.org\\\/wp-content\\\/uploads\\\/2022\\\/07\\\/Logo_iefc__FR.png\",\"contentUrl\":\"https:\\\/\\\/www.plantedforests.org\\\/wp-content\\\/uploads\\\/2022\\\/07\\\/Logo_iefc__FR.png\",\"width\":2031,\"height\":1001,\"caption\":\"Institut Europ\u00e9en de la For\u00eat Cultiv\u00e9e - Plantedforests.org\"},\"image\":{\"@id\":\"https:\\\/\\\/www.plantedforests.org\\\/fr\\\/#\\\/schema\\\/logo\\\/image\\\/\"},\"sameAs\":[\"https:\\\/\\\/x.com\\\/IEFCPlantForest\",\"https:\\\/\\\/www.linkedin.com\\\/company\\\/71728047\\\/\"]}]}<\/script>\n<!-- \/ Yoast SEO plugin. -->","yoast_head_json":{"title":"Sobre nosotros - Instituto Europeo Del Bosque Cultivado - IEFC","robots":{"index":"index","follow":"follow","max-snippet":"max-snippet:-1","max-image-preview":"max-image-preview:large","max-video-preview":"max-video-preview:-1"},"canonical":"https:\/\/www.plantedforests.org\/about\/","og_locale":"es_ES","og_type":"article","og_title":"Sobre nosotros - Instituto Europeo Del Bosque Cultivado - IEFC","og_url":"https:\/\/www.plantedforests.org\/about\/","og_site_name":"Instituto Europeo Del Bosque Cultivado - IEFC","article_modified_time":"2025-06-24T06:08:34+00:00","og_image":[{"url":"https:\/\/www.plantedforests.org\/wp-content\/uploads\/2023\/02\/pexels-project-lakbay-15328460-768x960-1.jpg","type":"","width":"","height":""}],"twitter_card":"summary_large_image","twitter_site":"@IEFCPlantForest","twitter_misc":{"Tiempo de lectura":"4 minutos"},"schema":{"@context":"https:\/\/schema.org","@graph":[{"@type":"WebPage","@id":"https:\/\/www.plantedforests.org\/about\/","url":"https:\/\/www.plantedforests.org\/about\/","name":"Sobre nosotros - Instituto Europeo Del Bosque Cultivado - IEFC","isPartOf":{"@id":"https:\/\/www.plantedforests.org\/fr\/#website"},"primaryImageOfPage":{"@id":"https:\/\/www.plantedforests.org\/about\/#primaryimage"},"image":{"@id":"https:\/\/www.plantedforests.org\/about\/#primaryimage"},"thumbnailUrl":"https:\/\/www.plantedforests.org\/wp-content\/uploads\/2023\/02\/pexels-project-lakbay-15328460-768x960-1.jpg","datePublished":"2023-02-20T11:14:58+00:00","dateModified":"2025-06-24T06:08:34+00:00","breadcrumb":{"@id":"https:\/\/www.plantedforests.org\/about\/#breadcrumb"},"inLanguage":"es","potentialAction":[{"@type":"ReadAction","target":["https:\/\/www.plantedforests.org\/about\/"]}]},{"@type":"ImageObject","inLanguage":"es","@id":"https:\/\/www.plantedforests.org\/about\/#primaryimage","url":"https:\/\/www.plantedforests.org\/wp-content\/uploads\/2023\/02\/pexels-project-lakbay-15328460-768x960-1.jpg","contentUrl":"https:\/\/www.plantedforests.org\/wp-content\/uploads\/2023\/02\/pexels-project-lakbay-15328460-768x960-1.jpg"},{"@type":"BreadcrumbList","@id":"https:\/\/www.plantedforests.org\/about\/#breadcrumb","itemListElement":[{"@type":"ListItem","position":1,"name":"Accueil","item":"https:\/\/www.plantedforests.org\/"},{"@type":"ListItem","position":2,"name":"A propos"}]},{"@type":"WebSite","@id":"https:\/\/www.plantedforests.org\/fr\/#website","url":"https:\/\/www.plantedforests.org\/fr\/","name":"Instituto Europeo Del Bosque Cultivado - IEFC","description":"La red para la gesti\u00f3n sostenible y la resiliencia de los bosques cultivados ","publisher":{"@id":"https:\/\/www.plantedforests.org\/fr\/#organization"},"potentialAction":[{"@type":"SearchAction","target":{"@type":"EntryPoint","urlTemplate":"https:\/\/www.plantedforests.org\/fr\/?s={search_term_string}"},"query-input":{"@type":"PropertyValueSpecification","valueRequired":true,"valueName":"search_term_string"}}],"inLanguage":"es"},{"@type":"Organization","@id":"https:\/\/www.plantedforests.org\/fr\/#organization","name":"Institut Europ\u00e9en de la For\u00eat Cultiv\u00e9e - Plantedforests.org","url":"https:\/\/www.plantedforests.org\/fr\/","logo":{"@type":"ImageObject","inLanguage":"es","@id":"https:\/\/www.plantedforests.org\/fr\/#\/schema\/logo\/image\/","url":"https:\/\/www.plantedforests.org\/wp-content\/uploads\/2022\/07\/Logo_iefc__FR.png","contentUrl":"https:\/\/www.plantedforests.org\/wp-content\/uploads\/2022\/07\/Logo_iefc__FR.png","width":2031,"height":1001,"caption":"Institut Europ\u00e9en de la For\u00eat Cultiv\u00e9e - Plantedforests.org"},"image":{"@id":"https:\/\/www.plantedforests.org\/fr\/#\/schema\/logo\/image\/"},"sameAs":["https:\/\/x.com\/IEFCPlantForest","https:\/\/www.linkedin.com\/company\/71728047\/"]}]}},"_links":{"self":[{"href":"https:\/\/www.plantedforests.org\/es\/wp-json\/wp\/v2\/pages\/9162","targetHints":{"allow":["GET"]}}],"collection":[{"href":"https:\/\/www.plantedforests.org\/es\/wp-json\/wp\/v2\/pages"}],"about":[{"href":"https:\/\/www.plantedforests.org\/es\/wp-json\/wp\/v2\/types\/page"}],"author":[{"embeddable":true,"href":"https:\/\/www.plantedforests.org\/es\/wp-json\/wp\/v2\/users\/101"}],"replies":[{"embeddable":true,"href":"https:\/\/www.plantedforests.org\/es\/wp-json\/wp\/v2\/comments?post=9162"}],"version-history":[{"count":217,"href":"https:\/\/www.plantedforests.org\/es\/wp-json\/wp\/v2\/pages\/9162\/revisions"}],"predecessor-version":[{"id":26493,"href":"https:\/\/www.plantedforests.org\/es\/wp-json\/wp\/v2\/pages\/9162\/revisions\/26493"}],"wp:attachment":[{"href":"https:\/\/www.plantedforests.org\/es\/wp-json\/wp\/v2\/media?parent=9162"}],"curies":[{"name":"wp","href":"https:\/\/api.w.org\/{rel}","templated":true}]}}