
{"id":8423,"date":"2023-02-02T14:00:49","date_gmt":"2023-02-02T13:00:49","guid":{"rendered":"https:\/\/www.iefc.net\/?page_id=8423"},"modified":"2023-02-02T14:40:42","modified_gmt":"2023-02-02T13:40:42","slug":"geff-2021-presentations","status":"publish","type":"page","link":"https:\/\/www.plantedforests.org\/es\/geff-2021-presentations\/","title":{"rendered":"GEFF 2021"},"content":{"rendered":"\n<div class=\"wp-block-group is-vertical is-layout-flex wp-container-core-group-is-layout-8cf370e7 wp-block-group-is-layout-flex\">\n<p><strong><span style=\"text-decoration: underline;\">T\u00e9l\u00e9charger les pr\u00e9sentations<\/span><\/strong><\/p>\n\n\n\n<ol class=\"wp-block-list\">\n<li>Claude Husson \u2013<em> Minist\u00e8re de l&#8217;Agriculture et de l&#8217;Alimentation \u2013<\/em> <em>D\u00e9partement de la sant\u00e9 des for\u00eats<\/em> &#8211; <a href=\"https:\/\/www.plantedforests.org\/geff-2021-bilan-dsf-des-problemes-pathologiques\/\" target=\"_blank\" rel=\"noreferrer noopener\">Bilan DSF des probl\u00e8mes pathologiques en 2020-21<\/a><\/li>\n\n\n\n<li>F-Xavier Saintonge \u2013 <em>D\u00e9partement de la sant\u00e9 des for\u00eats<\/em> \u2013 <a href=\"https:\/\/www.plantedforests.org\/geff-2021-actualite-entomologique-en-foret-en-2021\/\" target=\"_blank\" rel=\"noreferrer noopener\">Actualit\u00e9 entomologique en for\u00eat en 2021<\/a><\/li>\n\n\n\n<li>Valentin Queloz &amp; Co \u2013 <em>WSS-WSS<\/em> \u2013 <a href=\"https:\/\/www.plantedforests.org\/geff-2021-protection-de-la-foret-suisse-actualites-2021-et-projets-chalarose\/\" target=\"_blank\" rel=\"noreferrer noopener\">Protection de la for\u00eat suisse &#8211; Actualit\u00e9s 2021 et projets chalarose<\/a><\/li>\n\n\n\n<li>Q. Leroy \u2013 <a href=\"https:\/\/www.plantedforests.org\/geff-2021-wallonie-environnement-spw\/\" target=\"_blank\" rel=\"noreferrer noopener\">Info Sant\u00e9 des for\u00eats 2021<\/a> &#8211;  Wallonie environnement SPW \u2013 Observatoire des for\u00eats<\/li>\n\n\n\n<li>C. Orazio  \u2013<em> IEFC<\/em> \u2013 <a href=\"https:\/\/www.plantedforests.org\/geff-2021-premiers-resultats-dutilisation-du-reseau-reeinfforce-comme-sentinelle-pour-la-detection-de-problemes-emergents\/\" target=\"_blank\" rel=\"noreferrer noopener\">Premiers r\u00e9sultats d&#8217;utilisation du r\u00e9seau REEINFFORCE comme sentinelle pour la d\u00e9tection de probl\u00e8mes \u00e9mergents<\/a><\/li>\n\n\n\n<li>UMR BIOGECO, UMR SAVE, DSF  \u2013  <a href=\"https:\/\/www.plantedforests.org\/geff-2021-epidemiosurveillance-de-lencre-du-chataignier\/\" target=\"_blank\" rel=\"noreferrer noopener\">Epid\u00e9miosurveillance de l&#8217;encre du ch\u00e2taignier<\/a><\/li>\n\n\n\n<li>Marylise Marchand \u2013 <a href=\"https:\/\/www.plantedforests.org\/geff-2021-la-competence-des-arbres-son-role-dans-les-epidemies-le-cas-de-phytophthora-cinnamomi\/\" target=\"_blank\" rel=\"noreferrer noopener\">La comp\u00e9tence des arbres, son r\u00f4le dans les \u00e9pid\u00e9mies : le cas de Phytophthora Cinnamomi<\/a><\/li>\n\n\n\n<li>Pascale Frey, CLaude Husson, Jaime Aguayo, Renaud Ioos \u2013 <a href=\"https:\/\/www.plantedforests.org\/geff-2021-2\/\" target=\"_blank\" rel=\"noreferrer noopener\">Le cycle biologique des rouilles v\u00e9siculeuses des pins \u00e0 Cronartium ribicola et C. pini : pourquoi faire simple quand on peut faire compliqu\u00e9 ?<\/a><\/li>\n\n\n\n<li>Mireia Gomez-Gallego \u2013 <a href=\"https:\/\/www.plantedforests.org\/geff-2021-interaction-entre-secheresse-et-fomes-sur-pin-sylvestre-et-epicea\/\" target=\"_blank\" rel=\"noreferrer noopener\">Interaction entre s\u00e9cheresse et FOMES sur pin sylvestre et \u00e9pic\u00e9a<\/a><\/li>\n\n\n\n<li>Thomas Barnouin &amp; Fabien Soldati \u2013 Office national des For\u00eats \u2013 <a href=\"https:\/\/www.plantedforests.org\/geff-2021-3\/\" target=\"_blank\" rel=\"noreferrer noopener\">Les esp\u00e8ces de Scolytinae et Platypodinae exotiques en France : expansions et nouveaux arrivants.<\/a><\/li>\n\n\n\n<li>Thomas BOIVIN, Pilar FERNANDEZ CONRADI, Jo\u00ebl CHADOEUF, Teddy URVOIS, Marie Anne AUGER ROZENBERG, Carole KERDELHU\u00c9, Alain ROQUES, Jean Baptiste DAUBR\u00c9E \u2013 <a href=\"https:\/\/www.plantedforests.org\/geff-2021-dynamique-dexpansion-dune-population-introduite-de-xylosandrus-crassiusculus-curculionidae-en-france\/\" target=\"_blank\" rel=\"noreferrer noopener\">Dynamique d&#8217;expansion d&#8217;une population introduite de Xylosandrus crassiusculus: Curculionidae) en France<\/a><\/li>\n\n\n\n<li>Pilar Fernandez-Conradi, Thomas Boivin, Nicolas Martin, Marion Parizat, Benjamin Penaud, Julie Faivre d\u2019Acier, Emilie Chancerel, Xavier Capedvielle, Gilles Saint-Jean, Martine Martin-Clotte, Teddy Urvois, Marie-Anne Auger-Rozenberg, Alain Roques et C\u00e9cile Robin  \u2013 <a href=\"https:\/\/www.plantedforests.org\/geff-2021-les-allies-de-nos-ennemis-sont-ils-nos-ennemis\/\" target=\"_blank\" rel=\"noreferrer noopener\">Les alli\u00e9s de nos ennemis sont-ils nos ennemis ? Caract\u00e9risation des champignons associ\u00e9s aux Xylosandrus spp<\/a><\/li>\n\n\n\n<li>Jean-Claude Gr\u00e9goire \u2013 <em>Universit\u00e9 libre de Bruxelles<\/em> \u2013 <a href=\"https:\/\/www.plantedforests.org\/geff-2021-scolytes-cosmopolites-quels-facteurs-conditionnent-leur-mobilite-et-leur-impact\/\" target=\"_blank\" rel=\"noreferrer noopener\">Scolytes cosmopolites: quels facteurs conditionnent leur mobilit\u00e9 et leur impact ?<\/a><\/li>\n\n\n\n<li>Bastien Castagneyrol, Alex Stemmelen, Alexandre Albo, Firgil Fievet \u2013 <a href=\"https:\/\/www.plantedforests.org\/geff-2021-la-punaise-reticulee-du-chene-faut-il-sen-inquieter\/\" target=\"_blank\" rel=\"noreferrer noopener\">La punaise r\u00e9ticul\u00e9e du ch\u00eane Faut il s\u2019en inqui\u00e9ter ? <\/a><\/li>\n\n\n\n<li>Lo\u00efs VEILLAT \u2013 <a href=\"https:\/\/www.plantedforests.org\/geff-2021-le-metabarcoding-pour-la-detection-et-lidentification-de-cerambycidae-invasifs\/\" target=\"_blank\" rel=\"noreferrer noopener\">Le m\u00e9tabarcoding pour la d\u00e9tection et l&#8217;identification de Cerambycidae invasifs<\/a><\/li>\n\n\n\n<li>Arielle Beltran, Benoit Mar\u00e7ais, Renaud Ioos &#8211; <a href=\"https:\/\/www.plantedforests.org\/geff-2021-phytophthora-ramorum-persiste-dans-les-peuplements-forestiers-apres-eradication\/\" target=\"_blank\" rel=\"noreferrer noopener\">Phytophthora ramorum persiste dans les peuplements forestiers apr\u00e8s \u00e9radication.<\/a><\/li>\n\n\n\n<li>MULLER ELODIE &#8211; <a href=\"https:\/\/www.plantedforests.org\/geff-2021-utilisation-du-reseau-national-de-surveillance-aerobiologique-pour-le-suivi-de-cryptostroma-corticale-en-france\/\" target=\"_blank\" rel=\"noreferrer noopener\">Utilisation du r\u00e9seau national de surveillance a\u00e9robiologique pour le suivi de Cryptostroma corticale en France.<\/a><\/li>\n\n\n\n<li>Thierry B\u00e9louard, DSF, Rapha\u00ebl Dutrieux, INRAE Montpellier, Jean-Baptiste F\u00e9ret, INRAE Montpellier<\/li>\n\n\n\n<li>Kenji Ose, INRAE Montpellier, Florian Delecroix, INRAE Cestas-Pierroton &#8211; <a href=\"https:\/\/www.plantedforests.org\/geff-2021-4\/\" target=\"_blank\" rel=\"noreferrer noopener\">Suivi des d\u00e9g\u00e2ts dus aux scolytes dans les pessi\u00e8res et sapini\u00e8res du Nord-Est de la France \u00e0 l&#8217;aide de la t\u00e9l\u00e9d\u00e9tection<\/a><\/li>\n\n\n\n<li>Lisa Eichenlaub,C\u00e9cile Robin &#8211;<a href=\"https:\/\/www.plantedforests.org\/geff-2021-5\/\" target=\"_blank\" rel=\"noreferrer noopener\"> L&#8217;Acute Oak Decline, une cause importante des d\u00e9p\u00e9rissement des ch\u00eanaies anglaises.<\/a><\/li>\n\n\n\n<li>J\u00e9r\u00e9my Cours INRAE UR EFNO Nogent sur Vernisson, Christophe Bouget (UR EFNO), Aur\u00e9lien Sall\u00e9 (LBLGC) &#8211; <a href=\"https:\/\/www.plantedforests.org\/geff-2021-6\/\" target=\"_blank\" rel=\"noreferrer noopener\">R\u00e9ponses taxonomiques, phylog\u00e9n\u00e9tiques et fonctionnelles des col\u00e9opt\u00e8res saproxyliques au d\u00e9p\u00e9rissement forestier \u00e0 l&#8217;\u00e9chelle locale et du paysage dans les montagnes pyr\u00e9n\u00e9ennes fran\u00e7aises<\/a><\/li>\n\n\n\n<li>Sall\u00e9, G. Parmain, C. Moliard, O. Denux, X. Pineau, E. Le Souchu, A. Chr\u00e9tien, D. Williams, A. Roques, C. Bouget &#8211; <a href=\"https:\/\/www.plantedforests.org\/geff-2021-les-pieges-lindgren-verts-en-canopee-efficaces-voire-un-peu-trop\/\" target=\"_blank\" rel=\"noreferrer noopener\">Les pi\u00e8ges Lindgren verts en canop\u00e9e : efficaces, voire un peu trop ?<\/a><\/li>\n\n\n\n<li>E. Le Souchu , T. Cochenille, S Bankhead , C. Bouget A Sall\u00e9 &#8211; <a href=\"https:\/\/www.plantedforests.org\/geff-2021-7\/\" target=\"_blank\" rel=\"noreferrer noopener\">Effets des d\u00e9p\u00e9rissements de ch\u00eanes sur les communaut\u00e9s d\u2019Hym\u00e9nopt\u00e8res des canop\u00e9es<\/a><\/li>\n\n\n\n<li>Bouget, C., Cours, J., Moliard, C., Ndiaye, A., Nusillard , B., Parmain, G., Rose, O., Speckens &#8211; <a href=\"https:\/\/www.plantedforests.org\/geff-2021-8\/\" target=\"_blank\" rel=\"noreferrer noopener\">Quelques analyses \u00e9cologiques de l&#8217; entomofaune de l&#8217;amadouvier <em>(Fomes fomentarius sur h\u00eatre)<\/em><\/a><\/li>\n\n\n\n<li>G. Parmain &#8211; <a href=\"https:\/\/www.plantedforests.org\/geff-2021-9\/\" target=\"_blank\" rel=\"noreferrer noopener\">Les outils d\u2019intelligence artificielle (IA) au service de l\u2019automatisation des suivis de l\u2019entomofaune foresti\u00e8re<\/a><\/li>\n\n\n\n<li>Alex Stemmelen, Bastien Castagneyrol &amp; Herv\u00e9 Jactel &#8211; <a href=\"https:\/\/www.plantedforests.org\/geff-2021-10\/\" target=\"_blank\" rel=\"noreferrer noopener\">Effet de la diversit\u00e9 et de la densit\u00e9 des arbres sur les d\u00e9g\u00e2ts de la mineuse du marronnier<\/a><\/li>\n\n\n\n<li>Audrey Bourdin, PhD, Damien Bouic, Yannick Mellerin, S\u00e9verine Bord, Sara, Moutailler , Alex Stemmelen, Jonas Durand &#8211; <a href=\"https:\/\/www.plantedforests.org\/geff-2021-la-diversite-des-arbres-influence-t-elle-les-tiques-et-les-pathogenes-quelles-portent\/\" target=\"_blank\" rel=\"noreferrer noopener\">La diversit\u00e9 des arbres influence t-elle les tiques et les pathog\u00e8nes qu\u2019elles portent ?<\/a><\/li>\n\n\n\n<li>Herv\u00e9 Jactel &#8211; <a href=\"https:\/\/www.plantedforests.org\/geff-2021-les-outils-dintelligence-artificielle-ia-au-service-de-lautomatisation-des-suivis-de-lentomofaune-forestiere\/\" target=\"_blank\" rel=\"noreferrer noopener\">Les outils d\u2019intelligence artificielle (IA) au service de l\u2019automatisation des suivis de l\u2019entomofaune foresti\u00e8re<\/a><\/li>\n<\/ol>\n<\/div>\n","protected":false},"excerpt":{"rendered":"<p>T\u00e9l\u00e9charger les pr\u00e9sentations<\/p>\n","protected":false},"author":101,"featured_media":0,"parent":0,"menu_order":0,"comment_status":"closed","ping_status":"closed","template":"","meta":{"_acf_changed":false,"_eb_attr":"","_EventAllDay":false,"_EventTimezone":"","_EventStartDate":"","_EventEndDate":"","_EventStartDateUTC":"","_EventEndDateUTC":"","_EventShowMap":false,"_EventShowMapLink":false,"_EventURL":"","_EventCost":"","_EventCostDescription":"","_EventCurrencySymbol":"","_EventCurrencyCode":"","_EventCurrencyPosition":"","_EventDateTimeSeparator":"","_EventTimeRangeSeparator":"","_EventOrganizerID":[],"_EventVenueID":[],"_OrganizerEmail":"","_OrganizerPhone":"","_OrganizerWebsite":"","_VenueAddress":"","_VenueCity":"","_VenueCountry":"","_VenueProvince":"","_VenueState":"","_VenueZip":"","_VenuePhone":"","_VenueURL":"","_VenueStateProvince":"","_VenueLat":"","_VenueLng":"","_VenueShowMap":false,"_VenueShowMapLink":false,"activitypub_content_warning":"","activitypub_content_visibility":"","activitypub_max_image_attachments":4,"activitypub_interaction_policy_quote":"anyone","activitypub_status":"","footnotes":""},"class_list":["post-8423","page","type-page","status-publish","hentry"],"translation":{"provider":"WPGlobus","version":"3.0.2","language":"es","enabled_languages":["gb","fr","es","pt"],"languages":{"gb":{"title":true,"content":true,"excerpt":false},"fr":{"title":false,"content":false,"excerpt":false},"es":{"title":false,"content":false,"excerpt":false},"pt":{"title":false,"content":false,"excerpt":false}}},"acf":[],"yoast_head":"<!-- This site is optimized with the Yoast SEO plugin v27.3 - https:\/\/yoast.com\/product\/yoast-seo-wordpress\/ -->\n<title>GEFF 2021 - Instituto Europeo Del Bosque Cultivado - IEFC<\/title>\n<meta name=\"robots\" content=\"index, follow, max-snippet:-1, max-image-preview:large, max-video-preview:-1\" \/>\n<link rel=\"canonical\" href=\"https:\/\/www.plantedforests.org\/pt\/geff-2021-presentations\/\" \/>\n<meta property=\"og:locale\" content=\"es_ES\" \/>\n<meta property=\"og:type\" content=\"article\" \/>\n<meta property=\"og:title\" content=\"GEFF 2021 - Instituto Europeo Del Bosque Cultivado - IEFC\" \/>\n<meta property=\"og:url\" content=\"https:\/\/www.plantedforests.org\/pt\/geff-2021-presentations\/\" \/>\n<meta property=\"og:site_name\" content=\"Instituto Europeo Del Bosque Cultivado - IEFC\" \/>\n<meta property=\"article:modified_time\" content=\"2023-02-02T13:40:42+00:00\" \/>\n<meta name=\"twitter:card\" content=\"summary_large_image\" \/>\n<meta name=\"twitter:site\" content=\"@IEFCPlantForest\" \/>\n<meta name=\"twitter:label1\" content=\"Tiempo de lectura\" \/>\n\t<meta name=\"twitter:data1\" content=\"3 minutos\" \/>\n<script type=\"application\/ld+json\" class=\"yoast-schema-graph\">{\"@context\":\"https:\\\/\\\/schema.org\",\"@graph\":[{\"@type\":\"WebPage\",\"@id\":\"https:\\\/\\\/www.plantedforests.org\\\/pt\\\/geff-2021-presentations\\\/\",\"url\":\"https:\\\/\\\/www.plantedforests.org\\\/pt\\\/geff-2021-presentations\\\/\",\"name\":\"GEFF 2021 - Instituto Europeo Del Bosque Cultivado - IEFC\",\"isPartOf\":{\"@id\":\"https:\\\/\\\/www.plantedforests.org\\\/fr\\\/#website\"},\"datePublished\":\"2023-02-02T13:00:49+00:00\",\"dateModified\":\"2023-02-02T13:40:42+00:00\",\"breadcrumb\":{\"@id\":\"https:\\\/\\\/www.plantedforests.org\\\/pt\\\/geff-2021-presentations\\\/#breadcrumb\"},\"inLanguage\":\"es\",\"potentialAction\":[{\"@type\":\"ReadAction\",\"target\":[\"https:\\\/\\\/www.plantedforests.org\\\/pt\\\/geff-2021-presentations\\\/\"]}]},{\"@type\":\"BreadcrumbList\",\"@id\":\"https:\\\/\\\/www.plantedforests.org\\\/pt\\\/geff-2021-presentations\\\/#breadcrumb\",\"itemListElement\":[{\"@type\":\"ListItem\",\"position\":1,\"name\":\"Accueil\",\"item\":\"https:\\\/\\\/www.plantedforests.org\\\/\"},{\"@type\":\"ListItem\",\"position\":2,\"name\":\"GEFF 2021\"}]},{\"@type\":\"WebSite\",\"@id\":\"https:\\\/\\\/www.plantedforests.org\\\/fr\\\/#website\",\"url\":\"https:\\\/\\\/www.plantedforests.org\\\/fr\\\/\",\"name\":\"Instituto Europeo Del Bosque Cultivado - IEFC\",\"description\":\"La red para la gesti\u00f3n sostenible y la resiliencia de los bosques cultivados \",\"publisher\":{\"@id\":\"https:\\\/\\\/www.plantedforests.org\\\/fr\\\/#organization\"},\"potentialAction\":[{\"@type\":\"SearchAction\",\"target\":{\"@type\":\"EntryPoint\",\"urlTemplate\":\"https:\\\/\\\/www.plantedforests.org\\\/fr\\\/?s={search_term_string}\"},\"query-input\":{\"@type\":\"PropertyValueSpecification\",\"valueRequired\":true,\"valueName\":\"search_term_string\"}}],\"inLanguage\":\"es\"},{\"@type\":\"Organization\",\"@id\":\"https:\\\/\\\/www.plantedforests.org\\\/fr\\\/#organization\",\"name\":\"Institut Europ\u00e9en de la For\u00eat Cultiv\u00e9e - Plantedforests.org\",\"url\":\"https:\\\/\\\/www.plantedforests.org\\\/fr\\\/\",\"logo\":{\"@type\":\"ImageObject\",\"inLanguage\":\"es\",\"@id\":\"https:\\\/\\\/www.plantedforests.org\\\/fr\\\/#\\\/schema\\\/logo\\\/image\\\/\",\"url\":\"https:\\\/\\\/www.plantedforests.org\\\/wp-content\\\/uploads\\\/2022\\\/07\\\/Logo_iefc__FR.png\",\"contentUrl\":\"https:\\\/\\\/www.plantedforests.org\\\/wp-content\\\/uploads\\\/2022\\\/07\\\/Logo_iefc__FR.png\",\"width\":2031,\"height\":1001,\"caption\":\"Institut Europ\u00e9en de la For\u00eat Cultiv\u00e9e - Plantedforests.org\"},\"image\":{\"@id\":\"https:\\\/\\\/www.plantedforests.org\\\/fr\\\/#\\\/schema\\\/logo\\\/image\\\/\"},\"sameAs\":[\"https:\\\/\\\/x.com\\\/IEFCPlantForest\",\"https:\\\/\\\/www.linkedin.com\\\/company\\\/71728047\\\/\"]}]}<\/script>\n<!-- \/ Yoast SEO plugin. -->","yoast_head_json":{"title":"GEFF 2021 - Instituto Europeo Del Bosque Cultivado - IEFC","robots":{"index":"index","follow":"follow","max-snippet":"max-snippet:-1","max-image-preview":"max-image-preview:large","max-video-preview":"max-video-preview:-1"},"canonical":"https:\/\/www.plantedforests.org\/pt\/geff-2021-presentations\/","og_locale":"es_ES","og_type":"article","og_title":"GEFF 2021 - Instituto Europeo Del Bosque Cultivado - IEFC","og_url":"https:\/\/www.plantedforests.org\/pt\/geff-2021-presentations\/","og_site_name":"Instituto Europeo Del Bosque Cultivado - IEFC","article_modified_time":"2023-02-02T13:40:42+00:00","twitter_card":"summary_large_image","twitter_site":"@IEFCPlantForest","twitter_misc":{"Tiempo de lectura":"3 minutos"},"schema":{"@context":"https:\/\/schema.org","@graph":[{"@type":"WebPage","@id":"https:\/\/www.plantedforests.org\/pt\/geff-2021-presentations\/","url":"https:\/\/www.plantedforests.org\/pt\/geff-2021-presentations\/","name":"GEFF 2021 - Instituto Europeo Del Bosque Cultivado - IEFC","isPartOf":{"@id":"https:\/\/www.plantedforests.org\/fr\/#website"},"datePublished":"2023-02-02T13:00:49+00:00","dateModified":"2023-02-02T13:40:42+00:00","breadcrumb":{"@id":"https:\/\/www.plantedforests.org\/pt\/geff-2021-presentations\/#breadcrumb"},"inLanguage":"es","potentialAction":[{"@type":"ReadAction","target":["https:\/\/www.plantedforests.org\/pt\/geff-2021-presentations\/"]}]},{"@type":"BreadcrumbList","@id":"https:\/\/www.plantedforests.org\/pt\/geff-2021-presentations\/#breadcrumb","itemListElement":[{"@type":"ListItem","position":1,"name":"Accueil","item":"https:\/\/www.plantedforests.org\/"},{"@type":"ListItem","position":2,"name":"GEFF 2021"}]},{"@type":"WebSite","@id":"https:\/\/www.plantedforests.org\/fr\/#website","url":"https:\/\/www.plantedforests.org\/fr\/","name":"Instituto Europeo Del Bosque Cultivado - IEFC","description":"La red para la gesti\u00f3n sostenible y la resiliencia de los bosques cultivados ","publisher":{"@id":"https:\/\/www.plantedforests.org\/fr\/#organization"},"potentialAction":[{"@type":"SearchAction","target":{"@type":"EntryPoint","urlTemplate":"https:\/\/www.plantedforests.org\/fr\/?s={search_term_string}"},"query-input":{"@type":"PropertyValueSpecification","valueRequired":true,"valueName":"search_term_string"}}],"inLanguage":"es"},{"@type":"Organization","@id":"https:\/\/www.plantedforests.org\/fr\/#organization","name":"Institut Europ\u00e9en de la For\u00eat Cultiv\u00e9e - Plantedforests.org","url":"https:\/\/www.plantedforests.org\/fr\/","logo":{"@type":"ImageObject","inLanguage":"es","@id":"https:\/\/www.plantedforests.org\/fr\/#\/schema\/logo\/image\/","url":"https:\/\/www.plantedforests.org\/wp-content\/uploads\/2022\/07\/Logo_iefc__FR.png","contentUrl":"https:\/\/www.plantedforests.org\/wp-content\/uploads\/2022\/07\/Logo_iefc__FR.png","width":2031,"height":1001,"caption":"Institut Europ\u00e9en de la For\u00eat Cultiv\u00e9e - Plantedforests.org"},"image":{"@id":"https:\/\/www.plantedforests.org\/fr\/#\/schema\/logo\/image\/"},"sameAs":["https:\/\/x.com\/IEFCPlantForest","https:\/\/www.linkedin.com\/company\/71728047\/"]}]}},"_links":{"self":[{"href":"https:\/\/www.plantedforests.org\/es\/wp-json\/wp\/v2\/pages\/8423","targetHints":{"allow":["GET"]}}],"collection":[{"href":"https:\/\/www.plantedforests.org\/es\/wp-json\/wp\/v2\/pages"}],"about":[{"href":"https:\/\/www.plantedforests.org\/es\/wp-json\/wp\/v2\/types\/page"}],"author":[{"embeddable":true,"href":"https:\/\/www.plantedforests.org\/es\/wp-json\/wp\/v2\/users\/101"}],"replies":[{"embeddable":true,"href":"https:\/\/www.plantedforests.org\/es\/wp-json\/wp\/v2\/comments?post=8423"}],"version-history":[{"count":45,"href":"https:\/\/www.plantedforests.org\/es\/wp-json\/wp\/v2\/pages\/8423\/revisions"}],"predecessor-version":[{"id":8894,"href":"https:\/\/www.plantedforests.org\/es\/wp-json\/wp\/v2\/pages\/8423\/revisions\/8894"}],"wp:attachment":[{"href":"https:\/\/www.plantedforests.org\/es\/wp-json\/wp\/v2\/media?parent=8423"}],"curies":[{"name":"wp","href":"https:\/\/api.w.org\/{rel}","templated":true}]}}