
{"id":8268,"date":"2022-12-20T15:07:27","date_gmt":"2022-12-20T14:07:27","guid":{"rendered":"https:\/\/www.iefc.net\/?page_id=8268"},"modified":"2024-08-27T14:35:14","modified_gmt":"2024-08-27T12:35:14","slug":"committee-list","status":"publish","type":"page","link":"https:\/\/www.plantedforests.org\/es\/committee-list\/","title":{"rendered":"Committee list"},"content":{"rendered":"<h2> Comittee list<\/h2>\t\t\n\t\t<p><strong>The IEFC is member of<\/strong><\/p>\n\n\n<p class=\"is-vertical is-layout-flex wp-container-core-group-is-layout-8cf370e7 wp-block-group-is-layout-flex\"><a href=\"https:\/\/www.iufro.org\/science\/task-forces\/resilient-planted-forests\/\" target=\"_blank\" rel=\"noreferrer noopener\">IUFRO <\/a>(International Union of Forest Research Organizations)<a href=\"https:\/\/www.iufro.org\/science\/task-forces\/resilient-planted-forests\/\" target=\"_blank\" rel=\"noreferrer noopener\">:<\/a> <a href=\"http:\/\/&quot;https:\/\/www.iufro.org\/science\/task-forces\/resilient-planted-forests\/&quot;\" target=\"_blank\" rel=\"noreferrer noopener\">Coordination task force IUFRO<\/a> et de <a href=\"https:\/\/www.iufro.org\/science\/divisions\/division-8\/80000\/80300\/80306\/activities\/\" target=\"_blank\" rel=\"noreferrer noopener\">l&#8217;unit\u00e9 Unit 8.03.0<\/a><\/p>\n\n<p><a href=\"https:\/\/www.fao.org\/home\/en\/\" target=\"_blank\" rel=\"noreferrer noopener\">FAO<\/a> (Food and Agriculture Organization) : Comittee on Forestry<\/p>\n\n<p><a href=\"https:\/\/efi.int\/\" target=\"_blank\" rel=\"noreferrer noopener\">EFI <\/a>(European forest Institute)<\/p>\n\n<p><a href=\"https:\/\/forext.eu\/\" target=\"_blank\" rel=\"noreferrer noopener\">FOREXT<\/a>\u00a0(Forest Extension network)<\/p>\n\n<p><a href=\"http:\/\/xylofutur.fr\/\" target=\"_blank\" rel=\"noreferrer noopener\">Xylofutur<\/a><\/p>\n\n<p><a href=\"https:\/\/www.france-douglas.com\/\" target=\"_blank\" rel=\"noreferrer noopener\">France Douglas<\/a><\/p>\n\n\n\u00a0\n\n<p><strong>List of committees in which IEFC is involved<\/strong><\/p>\n\n<p style=\"color: #006633;\"><strong>IUFRO :<\/strong><\/p>\n<p><strong>2018\u00a0:<\/strong> Scientific Committee and Organising Committee of the World Forestry Congress for planted forests<\/p>\n<p><strong>2019-2024 :<\/strong> Coordination task force Resilient planted forests serving society and bioeconomy<\/p>\n\n<p style=\"color: #006633;\"><strong>Scientific &amp; Technical<\/strong><\/p>\n\n\n<p class=\"is-vertical is-layout-flex wp-container-core-group-is-layout-8cf370e7 wp-block-group-is-layout-flex\"><strong><strong>Since<\/strong><\/strong> <strong>2010 :<\/strong> Publisher associated with the Spanish Journal of Rural Development<\/p>\n\n<p><strong><strong>Since<\/strong> 2014 :<\/strong> Scientific Committee of the competitiveness cluster <a href=\"http:\/\/xylofutur.fr\/\" target=\"_blank\" rel=\"noreferrer noopener\">XYLOFUTUR<\/a><\/p>\n\n<p><strong><strong>Since<\/strong> 2015 : <\/strong>Scientific Committee of <a href=\"https:\/\/www.parc-landes-de-gascogne.fr\/P\" target=\"_blank\" rel=\"noreferrer noopener\">parc naturel r\u00e9gional des Landes de Gascogne<\/a><\/p>\n\n<p><strong><strong>Since<\/strong> 2016 : <\/strong>Associate editor of \u00abAnnales des Sciences Foresti\u00e8res\u00bb<\/p>\n\n<p><strong><strong>Since <\/strong>2020 :<\/strong> Scientific Committee <a href=\"https:\/\/groupama-forets.com\/\" target=\"_blank\" rel=\"noreferrer noopener\">MISSO GROUPAMA<\/a><\/p>\n\n<p><strong>Since 2021\u00a0:<\/strong> Publisher associated with <a href=\"https:\/\/www.frontiersin.org\/\" target=\"_blank\" rel=\"noreferrer noopener\">Frontier<\/a><\/p>\n\n\n<p style=\"color: #006633;\"><strong>Steering Committee<\/strong><\/p>\n\n<p><strong><strong><strong>Since<\/strong><\/strong><\/strong> <strong>2015 : <\/strong>Sustainable management indicators &#8211; French forests 2020 &#8211; IFN.<\/p>\n\n\n<!-- \/wp:post-content --><!-- wp:spacer {\"height\":\"26px\"} \/--><!-- wp:paragraph {\"style\":{\"color\":{\"text\":\"#006633\"}}} -->\n<p style=\"color: #006633;\"><strong>Actions COST<\/strong><\/p>\n<p>PEN-CAFoRR \u2013 COST Action CA19128 : Pan-European Network<\/p>\n<p><a href=\"https:\/\/www.cost.eu\/actions\/CA22141\/\" target=\"_blank\" rel=\"noopener\">CA22141 &#8211; Integrated DSS for delivery of ecosystem services based on EU forest policies (DSS4ES)<\/a><\/p>\n<!-- \/wp:paragraph --><!-- wp:paragraph {\"style\":{\"color\":{\"text\":\"#006633\"}}} -->\n<p style=\"color: #006633;\"><strong>Communication<\/strong><\/p>\n<!-- \/wp:paragraph --><!-- wp:paragraph {\"textColor\":\"black\"} -->\n<p>L&#8217;IEFC est membre de :<\/p>\n<p><a href=\"https:\/\/www.apacom.fr\/\" target=\"_blank\" rel=\"noopener\">APACOM<\/a> (Association des Professionnels de la Communication)<\/p>\n<p><a href=\"https:\/\/www.club-presse-bordeaux.fr\/\" target=\"_blank\" rel=\"noopener\">Club de la Presse de Bordeaux<\/a><\/p>\n<!-- \/wp:paragraph -->","protected":false},"excerpt":{"rendered":"<p>Comittee list The IEFC is member of IUFRO (International Union of Forest Research Organizations): Coordination task force IUFRO et de l&#8217;unit\u00e9 Unit 8.03.0 FAO (Food and Agriculture Organization) : Comittee [&hellip;]<\/p>\n","protected":false},"author":101,"featured_media":0,"parent":0,"menu_order":0,"comment_status":"closed","ping_status":"closed","template":"","meta":{"_acf_changed":false,"_eb_attr":"","_EventAllDay":false,"_EventTimezone":"","_EventStartDate":"","_EventEndDate":"","_EventStartDateUTC":"","_EventEndDateUTC":"","_EventShowMap":false,"_EventShowMapLink":false,"_EventURL":"","_EventCost":"","_EventCostDescription":"","_EventCurrencySymbol":"","_EventCurrencyCode":"","_EventCurrencyPosition":"","_EventDateTimeSeparator":"","_EventTimeRangeSeparator":"","_EventOrganizerID":[],"_EventVenueID":[],"_OrganizerEmail":"","_OrganizerPhone":"","_OrganizerWebsite":"","_VenueAddress":"","_VenueCity":"","_VenueCountry":"","_VenueProvince":"","_VenueState":"","_VenueZip":"","_VenuePhone":"","_VenueURL":"","_VenueStateProvince":"","_VenueLat":"","_VenueLng":"","_VenueShowMap":false,"_VenueShowMapLink":false,"activitypub_content_warning":"","activitypub_content_visibility":"","activitypub_max_image_attachments":4,"activitypub_interaction_policy_quote":"anyone","activitypub_status":"","footnotes":""},"class_list":["post-8268","page","type-page","status-publish","hentry"],"translation":{"provider":"WPGlobus","version":"3.0.2","language":"es","enabled_languages":["gb","fr","es","pt"],"languages":{"gb":{"title":true,"content":true,"excerpt":false},"fr":{"title":true,"content":true,"excerpt":false},"es":{"title":false,"content":false,"excerpt":false},"pt":{"title":false,"content":false,"excerpt":false}}},"acf":[],"yoast_head":"<!-- This site is optimized with the Yoast SEO plugin v27.4 - https:\/\/yoast.com\/product\/yoast-seo-wordpress\/ -->\n<title>- Instituto Europeo Del Bosque Cultivado - IEFC<\/title>\n<meta name=\"robots\" content=\"index, follow, max-snippet:-1, max-image-preview:large, max-video-preview:-1\" \/>\n<link rel=\"canonical\" href=\"https:\/\/www.plantedforests.org\/es\/committee-list\/\" \/>\n<meta property=\"og:locale\" content=\"es_ES\" \/>\n<meta property=\"og:type\" content=\"article\" \/>\n<meta property=\"og:title\" content=\"- Instituto Europeo Del Bosque Cultivado - IEFC\" \/>\n<meta property=\"og:url\" content=\"https:\/\/www.plantedforests.org\/es\/committee-list\/\" \/>\n<meta property=\"og:site_name\" content=\"Instituto Europeo Del Bosque Cultivado - IEFC\" \/>\n<meta property=\"article:modified_time\" content=\"2024-08-27T12:35:14+00:00\" \/>\n<meta name=\"twitter:card\" content=\"summary_large_image\" \/>\n<meta name=\"twitter:site\" content=\"@IEFCPlantForest\" \/>\n<meta name=\"twitter:label1\" content=\"Tiempo de lectura\" \/>\n\t<meta name=\"twitter:data1\" content=\"1 minuto\" \/>\n<script type=\"application\/ld+json\" class=\"yoast-schema-graph\">{\"@context\":\"https:\\\/\\\/schema.org\",\"@graph\":[{\"@type\":\"WebPage\",\"@id\":\"https:\\\/\\\/www.plantedforests.org\\\/es\\\/committee-list\\\/\",\"url\":\"https:\\\/\\\/www.plantedforests.org\\\/es\\\/committee-list\\\/\",\"name\":\"- Instituto Europeo Del Bosque Cultivado - IEFC\",\"isPartOf\":{\"@id\":\"https:\\\/\\\/www.plantedforests.org\\\/fr\\\/#website\"},\"datePublished\":\"2022-12-20T14:07:27+00:00\",\"dateModified\":\"2024-08-27T12:35:14+00:00\",\"description\":\"L'IEFC collabore avec de nombreux partenaires.\",\"breadcrumb\":{\"@id\":\"https:\\\/\\\/www.plantedforests.org\\\/es\\\/committee-list\\\/#breadcrumb\"},\"inLanguage\":\"es\",\"potentialAction\":[{\"@type\":\"ReadAction\",\"target\":[\"https:\\\/\\\/www.plantedforests.org\\\/es\\\/committee-list\\\/\"]}]},{\"@type\":\"BreadcrumbList\",\"@id\":\"https:\\\/\\\/www.plantedforests.org\\\/es\\\/committee-list\\\/#breadcrumb\",\"itemListElement\":[{\"@type\":\"ListItem\",\"position\":1,\"name\":\"Accueil\",\"item\":\"https:\\\/\\\/www.plantedforests.org\\\/\"},{\"@type\":\"ListItem\",\"position\":2,\"name\":\"Committee list\"}]},{\"@type\":\"WebSite\",\"@id\":\"https:\\\/\\\/www.plantedforests.org\\\/fr\\\/#website\",\"url\":\"https:\\\/\\\/www.plantedforests.org\\\/fr\\\/\",\"name\":\"Instituto Europeo Del Bosque Cultivado - IEFC\",\"description\":\"La red para la gesti\u00f3n sostenible y la resiliencia de los bosques cultivados \",\"publisher\":{\"@id\":\"https:\\\/\\\/www.plantedforests.org\\\/fr\\\/#organization\"},\"potentialAction\":[{\"@type\":\"SearchAction\",\"target\":{\"@type\":\"EntryPoint\",\"urlTemplate\":\"https:\\\/\\\/www.plantedforests.org\\\/fr\\\/?s={search_term_string}\"},\"query-input\":{\"@type\":\"PropertyValueSpecification\",\"valueRequired\":true,\"valueName\":\"search_term_string\"}}],\"inLanguage\":\"es\"},{\"@type\":\"Organization\",\"@id\":\"https:\\\/\\\/www.plantedforests.org\\\/fr\\\/#organization\",\"name\":\"Institut Europ\u00e9en de la For\u00eat Cultiv\u00e9e - Plantedforests.org\",\"url\":\"https:\\\/\\\/www.plantedforests.org\\\/fr\\\/\",\"logo\":{\"@type\":\"ImageObject\",\"inLanguage\":\"es\",\"@id\":\"https:\\\/\\\/www.plantedforests.org\\\/fr\\\/#\\\/schema\\\/logo\\\/image\\\/\",\"url\":\"https:\\\/\\\/www.plantedforests.org\\\/wp-content\\\/uploads\\\/2022\\\/07\\\/Logo_iefc__FR.png\",\"contentUrl\":\"https:\\\/\\\/www.plantedforests.org\\\/wp-content\\\/uploads\\\/2022\\\/07\\\/Logo_iefc__FR.png\",\"width\":2031,\"height\":1001,\"caption\":\"Institut Europ\u00e9en de la For\u00eat Cultiv\u00e9e - Plantedforests.org\"},\"image\":{\"@id\":\"https:\\\/\\\/www.plantedforests.org\\\/fr\\\/#\\\/schema\\\/logo\\\/image\\\/\"},\"sameAs\":[\"https:\\\/\\\/x.com\\\/IEFCPlantForest\",\"https:\\\/\\\/www.linkedin.com\\\/company\\\/71728047\\\/\"]}]}<\/script>\n<!-- \/ Yoast SEO plugin. -->","yoast_head_json":{"title":"- Instituto Europeo Del Bosque Cultivado - IEFC","robots":{"index":"index","follow":"follow","max-snippet":"max-snippet:-1","max-image-preview":"max-image-preview:large","max-video-preview":"max-video-preview:-1"},"canonical":"https:\/\/www.plantedforests.org\/es\/committee-list\/","og_locale":"es_ES","og_type":"article","og_title":"- Instituto Europeo Del Bosque Cultivado - IEFC","og_url":"https:\/\/www.plantedforests.org\/es\/committee-list\/","og_site_name":"Instituto Europeo Del Bosque Cultivado - IEFC","article_modified_time":"2024-08-27T12:35:14+00:00","twitter_card":"summary_large_image","twitter_site":"@IEFCPlantForest","twitter_misc":{"Tiempo de lectura":"1 minuto"},"schema":{"@context":"https:\/\/schema.org","@graph":[{"@type":"WebPage","@id":"https:\/\/www.plantedforests.org\/es\/committee-list\/","url":"https:\/\/www.plantedforests.org\/es\/committee-list\/","name":"- Instituto Europeo Del Bosque Cultivado - IEFC","isPartOf":{"@id":"https:\/\/www.plantedforests.org\/fr\/#website"},"datePublished":"2022-12-20T14:07:27+00:00","dateModified":"2024-08-27T12:35:14+00:00","description":"L'IEFC collabore avec de nombreux partenaires.","breadcrumb":{"@id":"https:\/\/www.plantedforests.org\/es\/committee-list\/#breadcrumb"},"inLanguage":"es","potentialAction":[{"@type":"ReadAction","target":["https:\/\/www.plantedforests.org\/es\/committee-list\/"]}]},{"@type":"BreadcrumbList","@id":"https:\/\/www.plantedforests.org\/es\/committee-list\/#breadcrumb","itemListElement":[{"@type":"ListItem","position":1,"name":"Accueil","item":"https:\/\/www.plantedforests.org\/"},{"@type":"ListItem","position":2,"name":"Committee list"}]},{"@type":"WebSite","@id":"https:\/\/www.plantedforests.org\/fr\/#website","url":"https:\/\/www.plantedforests.org\/fr\/","name":"Instituto Europeo Del Bosque Cultivado - IEFC","description":"La red para la gesti\u00f3n sostenible y la resiliencia de los bosques cultivados ","publisher":{"@id":"https:\/\/www.plantedforests.org\/fr\/#organization"},"potentialAction":[{"@type":"SearchAction","target":{"@type":"EntryPoint","urlTemplate":"https:\/\/www.plantedforests.org\/fr\/?s={search_term_string}"},"query-input":{"@type":"PropertyValueSpecification","valueRequired":true,"valueName":"search_term_string"}}],"inLanguage":"es"},{"@type":"Organization","@id":"https:\/\/www.plantedforests.org\/fr\/#organization","name":"Institut Europ\u00e9en de la For\u00eat Cultiv\u00e9e - Plantedforests.org","url":"https:\/\/www.plantedforests.org\/fr\/","logo":{"@type":"ImageObject","inLanguage":"es","@id":"https:\/\/www.plantedforests.org\/fr\/#\/schema\/logo\/image\/","url":"https:\/\/www.plantedforests.org\/wp-content\/uploads\/2022\/07\/Logo_iefc__FR.png","contentUrl":"https:\/\/www.plantedforests.org\/wp-content\/uploads\/2022\/07\/Logo_iefc__FR.png","width":2031,"height":1001,"caption":"Institut Europ\u00e9en de la For\u00eat Cultiv\u00e9e - Plantedforests.org"},"image":{"@id":"https:\/\/www.plantedforests.org\/fr\/#\/schema\/logo\/image\/"},"sameAs":["https:\/\/x.com\/IEFCPlantForest","https:\/\/www.linkedin.com\/company\/71728047\/"]}]}},"_links":{"self":[{"href":"https:\/\/www.plantedforests.org\/es\/wp-json\/wp\/v2\/pages\/8268","targetHints":{"allow":["GET"]}}],"collection":[{"href":"https:\/\/www.plantedforests.org\/es\/wp-json\/wp\/v2\/pages"}],"about":[{"href":"https:\/\/www.plantedforests.org\/es\/wp-json\/wp\/v2\/types\/page"}],"author":[{"embeddable":true,"href":"https:\/\/www.plantedforests.org\/es\/wp-json\/wp\/v2\/users\/101"}],"replies":[{"embeddable":true,"href":"https:\/\/www.plantedforests.org\/es\/wp-json\/wp\/v2\/comments?post=8268"}],"version-history":[{"count":69,"href":"https:\/\/www.plantedforests.org\/es\/wp-json\/wp\/v2\/pages\/8268\/revisions"}],"predecessor-version":[{"id":19766,"href":"https:\/\/www.plantedforests.org\/es\/wp-json\/wp\/v2\/pages\/8268\/revisions\/19766"}],"wp:attachment":[{"href":"https:\/\/www.plantedforests.org\/es\/wp-json\/wp\/v2\/media?parent=8268"}],"curies":[{"name":"wp","href":"https:\/\/api.w.org\/{rel}","templated":true}]}}