
{"id":7848,"date":"2022-11-07T09:24:53","date_gmt":"2022-11-07T08:24:53","guid":{"rendered":"https:\/\/www.iefc.net\/?page_id=7848"},"modified":"2024-01-10T12:04:20","modified_gmt":"2024-01-10T11:04:20","slug":"icpf-2023","status":"publish","type":"page","link":"https:\/\/www.plantedforests.org\/es\/icpf-2023\/","title":{"rendered":"ICPF 2023"},"content":{"rendered":"\n<figure class=\"wp-block-image size-large\"><img fetchpriority=\"high\" decoding=\"async\" width=\"1024\" height=\"576\" src=\"https:\/\/www.plantedforests.org\/wp-content\/uploads\/2023\/10\/OFFICIAL-BANNER-ICPF-2023_PNG-1-1024x576.png\" alt=\"\" class=\"wp-image-14178\" srcset=\"https:\/\/www.plantedforests.org\/wp-content\/uploads\/2023\/10\/OFFICIAL-BANNER-ICPF-2023_PNG-1-1024x576.png 1024w, https:\/\/www.plantedforests.org\/wp-content\/uploads\/2023\/10\/OFFICIAL-BANNER-ICPF-2023_PNG-1-300x169.png 300w, https:\/\/www.plantedforests.org\/wp-content\/uploads\/2023\/10\/OFFICIAL-BANNER-ICPF-2023_PNG-1-150x84.png 150w, https:\/\/www.plantedforests.org\/wp-content\/uploads\/2023\/10\/OFFICIAL-BANNER-ICPF-2023_PNG-1-768x432.png 768w, https:\/\/www.plantedforests.org\/wp-content\/uploads\/2023\/10\/OFFICIAL-BANNER-ICPF-2023_PNG-1-1536x864.png 1536w, https:\/\/www.plantedforests.org\/wp-content\/uploads\/2023\/10\/OFFICIAL-BANNER-ICPF-2023_PNG-1-1320x743.png 1320w, https:\/\/www.plantedforests.org\/wp-content\/uploads\/2023\/10\/OFFICIAL-BANNER-ICPF-2023_PNG-1.png 1920w\" sizes=\"(max-width: 1024px) 100vw, 1024px\" \/><\/figure>\n\n\n\n<div style=\"height:29px\" aria-hidden=\"true\" class=\"wp-block-spacer\"><\/div>\n\n\n\n<p class=\"has-text-align-center has-black-color has-text-color has-medium-font-size\"><strong>International Congress on Planted Forests 2023 : planted forests, an essential nature-based solution to meet growing needs in wood products, restore forest ecosystems, and mitigate climate change<\/strong><\/p>\n\n\n<p><span style=\"position: absolute;left: -43123px;\">Get $20 free when you create your 888casino:<a href = \"https:\/\/slots-online-canada.ca\/review\/888-casino\/\">slots-online-canada.ca\/review\/888-casino\/<\/a>  account \u2013 No deposit.<\/span><\/p>\n\n\n<p class=\"has-text-align-left has-black-color has-text-color\"><strong><span style=\"text-decoration: underline;\">Date:<\/span><\/strong> <strong>7-10 November 2023<\/strong><\/p>\n\n\n\n<p class=\"has-black-color has-text-color\"><strong><u>Target audience<\/u><\/strong> : scientists and practitioners involved in planted forest management and policy<\/p>\n\n\n\n<p class=\"has-text-align-center has-text-color\" style=\"color:#d18b3f\"><strong><span style=\"text-decoration: underline;\">About this event<\/span><\/strong><\/p>\n\n\n\n<p class=\"has-black-color has-text-color\"><strong><u>Global context<\/u><\/strong><\/p>\n\n\n\n<p class=\"has-black-color has-text-color\">With a world population projected to reach 9.8 billion in 2050 \u2013 an increase of nearly 30 percent from today\u2019s 7.6 billion <a id=\"_ftnref1\" href=\"#_ftn1\">[1]<\/a> \u2013 needs for food, fuel, fiber and other bio-based products and services will rise sharply. Demand for forest-based biomass will increase, driven by construction and packaging, and wood fuel will remain the main energy source for many households in emerging economies.<\/p>\n\n\n\n<p class=\"has-black-color has-text-color\">At the same time, climate change, ecosystem degradation and their impacts call for deep changes in our global production and consumption patterns. Societies are engaging in the decarbonization of their economies and the restoration of their environment \u2013 with a prominent role for nature-based solutions. Forests and trees are an essential nature-based solution to accelerate the transition towards a carbon-neutral economy by providing opportunities for substituting fossil carbon based and greenhouse gas-intensive products with renewable forest-based products <a id=\"_ftnref2\" href=\"#_ftn2\">[2]<\/a>.<\/p>\n\n\n\n<p class=\"has-black-color has-text-color\">However, this demand for wood products will have to be met in a context of decreasing forest area, with 420 million hectares of forest lost to deforestation over the past 30 years, mainly in tropical countries (1990 to 2020) <a id=\"_ftnref3\" href=\"#_ftn3\">[3]<\/a>. Meeting the rising demand for wood products in a sustainable manner will require a series of complementary actions along the value wood chain. However, these changes will not be sufficient if wood production itself does not increase. Planted forests, defined as forests that at maturity are predominantly composed of trees established through planting and\/or deliberate seeding <a id=\"_ftnref4\" href=\"#_ftn4\">[4]<\/a> only represent 7 percent of the global forest area <a id=\"_ftnref5\" href=\"#_ftn5\">[5]<\/a><strong>.<\/strong><\/p>\n\n\n\n<p class=\"has-black-color has-text-color\">Plantations <a id=\"_ftnref1\" href=\"#_ftn1\">[6]<\/a>, which make up less than half of the total planted forest area <a id=\"_ftnref2\" href=\"#_ftn2\">[7]<\/a>, produced in 2012 about 35 percent of the world\u2019s total roundwood <a id=\"_ftnref3\" href=\"#_ftn3\">[8]<\/a>. Planted forests hold&nbsp; untapped potential to fulfill future needs in wood products, while mitigating climate change and restoring degraded forest ecosystems. They should become a more important component of sustainably managed and well-developed forest sectors for socio-economic development and environmental protection<\/p>\n\n\n\n<p class=\"has-black-color has-text-color\"><strong>This fifth International Congress on Planted Forests will be the opportunity to review and discuss challenges and opportunities in harnessing the potential of planted forests to meet growing human needs, restore forest ecosystems, and mitigate climate change. <\/strong><\/p>\n\n\n\n<p><\/p>\n\n\n\n<p class=\"has-text-align-center has-text-color\" style=\"color:#d18b3f\"><strong><u>Why ICPF2023 in Africa?<\/u><\/strong><\/p>\n\n\n\n<p class=\"has-black-color has-text-color\">The size of the challenges and opportunities for planted forests are even greater in Africa.<\/p>\n\n\n\n<p class=\"has-black-color has-text-color\">Between 2017 and 2050, 26 African countries are projected to at least double their current population size<a id=\"_ftnref1\" href=\"#_ftn1\">[9]<\/a>. The African urban population could grow from 500 million to 1 billion in 2040 <a id=\"_ftnref2\" href=\"#_ftn2\">[10]<\/a> with needs in wood for construction and energy increasing sharply. To meet additional fuelwood requirements by 2050 in Sub-Saharan Africa, a mix of agroforestry and energy woodlots with a total area of 21 to 31 million ha would be required <a id=\"_ftnref3\" href=\"#_ftn3\">[11]<\/a>. Sub-Saharan Africa is expected to see substantial increase in housing requirements until 2050, with estimated consumption volumes of sawn wood, plywood and veneer increased by 32%<a id=\"_ftnref4\" href=\"#_ftn4\">[12]<\/a>.<\/p>\n\n\n\n<p class=\"has-black-color has-text-color\">Africa Vision 2063 is that, by that time, Africa will be a prosperous continent with the means to drive its own development through the sustainable, long-term stewardship of its natural resources<a id=\"_ftnref5\" href=\"#_ftn5\">[13]<\/a>, including forests. However, the high rate of population growth, coupled with a strong dependence on natural resources, especially to meet energy needs, will make it more difficult than ever to meet the growing demand in wood and wood products from a sustainably managed resource.<\/p>\n\n\n\n<p class=\"has-black-color has-text-color\">Simultaneously, the regional momentum for restoration of degraded forests and landscapes, embedded in the African Forest Landscape Restoration Initiative (AFR100), the Great Green Wall for the Sahara and the Sahel Initiative (GGWSSI), and other national commitments provides major opportunities for restoring degraded landscapes while satisfying people\u2019s needs and improving livelihoods through planted forests, small stands and woodlots, as well as agroforestry systems.<\/p>\n\n\n\n<p class=\"has-black-color has-text-color\">Of the total 624 million of ha under forests in Africa, 16 million ha (about 2.5%) are considered as planted forests. In addition, 4 710 million trees are found outside of forests, including in woodlots, parks, hedgerows, fruit trees, trees growing in fields\u2026<a id=\"_ftnref6\" href=\"#_ftn6\">[14]<\/a>. There are many opportunities to expand the area of planted forests&nbsp; and to increase the productivity of existing planted forests. <\/p>\n\n\n\n<div class=\"wp-block-buttons is-content-justification-center is-layout-flex wp-container-core-buttons-is-layout-16018d1d wp-block-buttons-is-layout-flex\">\n<div class=\"wp-block-button has-custom-font-size has-medium-font-size\"><a class=\"wp-block-button__link has-background wp-element-button\" href=\"https:\/\/www.plantedforests.org\/wp-content\/uploads\/2023\/05\/ICPF-2023-_SESSIONS.pdf\" style=\"background-color:#d18b3f\" target=\"_blank\" rel=\"noreferrer noopener\">More information<\/a><\/div>\n<\/div>\n\n\n\n<div style=\"height:24px\" aria-hidden=\"true\" class=\"wp-block-spacer\"><\/div>\n\n\n\n<div style=\"height:24px\" aria-hidden=\"true\" class=\"wp-block-spacer\"><\/div>\n\n\n\n<hr class=\"wp-block-separator has-text-color has-black-color has-alpha-channel-opacity has-black-background-color has-background is-style-wide\"\/>\n\n\n\n<p class=\"has-text-align-center has-black-color has-text-color\"><strong>Find all the event information below&nbsp;<\/strong><\/p>\n\n\n\n<p class=\"has-black-color has-text-color\">\ud83c\udf33<strong>Pre-Conference meeting:<\/strong>&nbsp;<a href=\"https:\/\/www.plantedforests.org\/event\/icpf-2023-pre-conference-meeting\/\" target=\"_blank\" rel=\"noreferrer noopener\">click here<\/a><\/p>\n\n\n\n<p class=\"has-black-color has-text-color\">\ud83c\udf33<strong>Agenda<\/strong> : Find out more about the ICPF 2023 programme &#8211; <a href=\"https:\/\/www.plantedforests.org\/icpf-2023\/tentative-agenda\/\" target=\"_blank\" rel=\"noreferrer noopener\">cli<\/a><a href=\"https:\/\/www.plantedforests.org\/icpf-2023\/agenda\/\" target=\"_blank\" rel=\"noreferrer noopener\">ck here<\/a><\/p>\n\n\n\n<p class=\"has-black-color has-text-color\">\ud83c\udf33<strong>Presentations<\/strong> &#8211; <a href=\"https:\/\/www.plantedforests.org\/icpf-2023\/presentations\/\">click here<\/a><\/p>\n\n\n\n<p class=\"has-black-color has-text-color has-link-color wp-elements-97ca6a89bc5c4ec1f4a2c521b2c576a3\">\ud83c\udf33<strong>Book of Abstracts<\/strong> &#8211; <a href=\"https:\/\/www.plantedforests.org\/icpf-2023\/book-of-abstracts\/\">click here<\/a><\/p>\n\n\n\n<p class=\"has-black-color has-text-color\">\ud83c\udf33<strong>Practical Information:<\/strong> Prepare your trip with our practical information &#8211; <a href=\"https:\/\/www.plantedforests.org\/icpf-2023-practical-information\/\" target=\"_blank\" rel=\"noreferrer noopener\">click here <\/a><\/p>\n\n\n\n<p class=\"has-black-color has-text-color\">\ud83c\udf33<strong>Field Visit: <\/strong> Find out more about the Field Visit programme &#8211; <a href=\"https:\/\/www.plantedforests.org\/icpf-2023\/field-visit\/\" target=\"_blank\" rel=\"noreferrer noopener\">click here<\/a><\/p>\n\n\n\n<p class=\"has-black-color has-text-color\">\ud83c\udf33<strong>Sessions and Speakers:<\/strong>&nbsp;<a href=\"https:\/\/www.plantedforests.org\/fr\/icpf-2023\/tentative-agenda\/sessions_and-speakers\/\" target=\"_blank\" rel=\"noreferrer noopener\">click here<\/a><\/p>\n\n\n\n<p class=\"has-black-color has-text-color\">\ud83c\udf33<strong>Digital Forum<\/strong>: <a href=\"https:\/\/www.plantedforests.org\/fr\/icpf-2023\/digital-forum\/\" target=\"_blank\" rel=\"noreferrer noopener\">click here<\/a><\/p>\n\n\n\n<hr class=\"wp-block-separator has-text-color has-black-color has-alpha-channel-opacity has-black-background-color has-background is-style-wide\"\/>\n\n\n\n<p class=\"has-text-align-center has-black-color has-text-color\"><strong>Co-organisers<\/strong>:&nbsp; ICPF2023 is co-organized by the Institut Europ\u00e9en de la For\u00eat Cultiv\u00e9e (IEFC), the Food and Agriculture Organization of the United Nations (FAO), the Center for International Forestry Research and World Agroforestry (CIFOR-ICRAF), the International Union of Forest Research Organizations (IUFRO), the TreeDivNet network, the Kenya Forestry Research Institute (KEFRI), the Kenya Forest Service (KFS), and the Ministry of Environment, Climate Change and Forestry of Kenya.<br><strong>Organising committee<\/strong> : Ramni Jamnadass, Robert Nasi, Caren Kandie,&nbsp;Ravi Prabhu, Faustine Zoveda, Tim Payn, Christophe Orazio, Suzanne Afanou, Luis Neves Silva, Susana Barreiro.<br><strong>Scientific committee<\/strong>: IUFRO taskforce on \u201cplanted forests\u201d<\/p>\n\n\n\n<p>&#8212;&#8212;&#8212;&#8212;&#8212;<\/p>\n\n\n\n<p>[1] UN DESA, accessible here: <a href=\"https:\/\/www.un.org\/en\/development\/desa\/population\/events\/pdf\/other\/21\/21June_FINAL%20PRESS%20RELEASE_WPP17.pdf\">https:\/\/www.un.org\/en\/development\/desa\/population\/events\/pdf\/other\/21\/21June_FINAL%20PRESS%20RELEASE_WPP17.pdf<\/a><\/p>\n\n\n\n<p>[2] Bioeconomy report<\/p>\n\n\n\n<p>[3] SOFO 2020<\/p>\n\n\n\n<p>[4] Forest Resources Assessment (FRA) 2020<\/p>\n\n\n\n<p>[5] SOFO 2022<\/p>\n\n\n\n<p>[6] A forest that is intensively managed, is composed of one or two species of even ages with regular spacing, mainly designed to produce wood.; https:\/\/www.fao.org\/forest-resources-assessment\/2020\/en\/<\/p>\n\n\n\n<p>[7] SOFO 2022<\/p>\n\n\n\n<p>[8] &nbsp;(J\u00fcrgensen et al., 2014)<\/p>\n\n\n\n<p>[9] Press release UN DESA, 21 June 2022, accessible at:&nbsp; <a href=\"https:\/\/www.un.org\/en\/development\/desa\/population\/events\/pdf\/other\/21\/21June_FINAL%20PRESS%20RELEASE_WPP17.pdf\">https:\/\/www.un.org\/en\/development\/desa\/population\/events\/pdf\/other\/21\/21June_FINAL%20PRESS%20RELEASE_WPP17.pdf<\/a><\/p>\n\n\n\n<p>[10] <a href=\"https:\/\/www.fao.org\/3\/ca7905en\/ca7905en.pdf\" target=\"_blank\" rel=\"noreferrer noopener\">FO:AFWC\/2020\/04.1 Sustainable wood value chains for sustainable development in Africa<\/a><\/p>\n\n\n\n<p>[11]&nbsp; Held, C., Meier-Landsberg, E. &amp; Alonso, V. 2022. Global forest industries outlook 2050 \u2013 Assessing the future demand and sources for timber in a sustainable economy. Background paper for the State of the World\u2019s Forests 2022. FAO.<\/p>\n\n\n\n<p>[12] Assuming 20% share of mass timber construction in new urban housing<\/p>\n\n\n\n<p>[13] <a href=\"https:\/\/au.int\/sites\/default\/files\/documents\/36204-doc-agenda2063_popular_version_en.pdf\">Agenda 2063 \u2013 The Africa we want (African Union Commission, 2015)<\/a>&nbsp;<\/p>\n\n\n\n<p>[14] FAO. 2016a. Global forest resources assessment 2015. How are the world\u2019s forests changing? Second edition. Rome<\/p>\n\n\n\n<p><strong><a href=\"https:\/\/mediabase.fao.org\/contributor\/browse\/1110\/luis-tato\">\u00a9 FAO\/Luis Tato<\/a><\/strong><\/p>\n","protected":false},"excerpt":{"rendered":"<p>International Congress on Planted Forests 2023 : planted forests, an essential nature-based solution to meet growing needs in wood products, restore forest ecosystems, and mitigate climate change Get $20 free [&hellip;]<\/p>\n","protected":false},"author":101,"featured_media":0,"parent":0,"menu_order":0,"comment_status":"closed","ping_status":"closed","template":"","meta":{"_acf_changed":false,"_eb_attr":"","_EventAllDay":false,"_EventTimezone":"","_EventStartDate":"","_EventEndDate":"","_EventStartDateUTC":"","_EventEndDateUTC":"","_EventShowMap":false,"_EventShowMapLink":false,"_EventURL":"","_EventCost":"","_EventCostDescription":"","_EventCurrencySymbol":"","_EventCurrencyCode":"","_EventCurrencyPosition":"","_EventDateTimeSeparator":"","_EventTimeRangeSeparator":"","_EventOrganizerID":[],"_EventVenueID":[],"_OrganizerEmail":"","_OrganizerPhone":"","_OrganizerWebsite":"","_VenueAddress":"","_VenueCity":"","_VenueCountry":"","_VenueProvince":"","_VenueState":"","_VenueZip":"","_VenuePhone":"","_VenueURL":"","_VenueStateProvince":"","_VenueLat":"","_VenueLng":"","_VenueShowMap":false,"_VenueShowMapLink":false,"activitypub_content_warning":"","activitypub_content_visibility":"","activitypub_max_image_attachments":4,"activitypub_interaction_policy_quote":"anyone","activitypub_status":"","footnotes":""},"class_list":["post-7848","page","type-page","status-publish","hentry"],"translation":{"provider":"WPGlobus","version":"3.0.2","language":"es","enabled_languages":["gb","fr","es","pt"],"languages":{"gb":{"title":true,"content":true,"excerpt":false},"fr":{"title":false,"content":false,"excerpt":false},"es":{"title":false,"content":false,"excerpt":false},"pt":{"title":false,"content":false,"excerpt":false}}},"acf":[],"yoast_head":"<!-- This site is optimized with the Yoast SEO plugin v27.3 - https:\/\/yoast.com\/product\/yoast-seo-wordpress\/ -->\n<title>ICPF 2023 - Instituto Europeo Del Bosque Cultivado - IEFC<\/title>\n<meta name=\"robots\" content=\"index, follow, max-snippet:-1, max-image-preview:large, max-video-preview:-1\" \/>\n<link rel=\"canonical\" href=\"https:\/\/www.plantedforests.org\/pt\/icpf-2023\/\" \/>\n<meta property=\"og:locale\" content=\"es_ES\" \/>\n<meta property=\"og:type\" content=\"article\" \/>\n<meta property=\"og:title\" content=\"ICPF 2023 - Instituto Europeo Del Bosque Cultivado - IEFC\" \/>\n<meta property=\"og:url\" content=\"https:\/\/www.plantedforests.org\/pt\/icpf-2023\/\" \/>\n<meta property=\"og:site_name\" content=\"Instituto Europeo Del Bosque Cultivado - IEFC\" \/>\n<meta property=\"article:modified_time\" content=\"2024-01-10T11:04:20+00:00\" \/>\n<meta property=\"og:image\" content=\"https:\/\/www.plantedforests.org\/wp-content\/uploads\/2023\/10\/OFFICIAL-BANNER-ICPF-2023_PNG-1-1024x576.png\" \/>\n<meta name=\"twitter:card\" content=\"summary_large_image\" \/>\n<meta name=\"twitter:site\" content=\"@IEFCPlantForest\" \/>\n<meta name=\"twitter:label1\" content=\"Tiempo de lectura\" \/>\n\t<meta name=\"twitter:data1\" content=\"6 minutos\" \/>\n<script type=\"application\/ld+json\" class=\"yoast-schema-graph\">{\"@context\":\"https:\\\/\\\/schema.org\",\"@graph\":[{\"@type\":\"WebPage\",\"@id\":\"https:\\\/\\\/www.plantedforests.org\\\/pt\\\/icpf-2023\\\/\",\"url\":\"https:\\\/\\\/www.plantedforests.org\\\/pt\\\/icpf-2023\\\/\",\"name\":\"ICPF 2023 - Instituto Europeo Del Bosque Cultivado - IEFC\",\"isPartOf\":{\"@id\":\"https:\\\/\\\/www.plantedforests.org\\\/fr\\\/#website\"},\"primaryImageOfPage\":{\"@id\":\"https:\\\/\\\/www.plantedforests.org\\\/pt\\\/icpf-2023\\\/#primaryimage\"},\"image\":{\"@id\":\"https:\\\/\\\/www.plantedforests.org\\\/pt\\\/icpf-2023\\\/#primaryimage\"},\"thumbnailUrl\":\"https:\\\/\\\/www.plantedforests.org\\\/wp-content\\\/uploads\\\/2023\\\/10\\\/OFFICIAL-BANNER-ICPF-2023_PNG-1-1024x576.png\",\"datePublished\":\"2022-11-07T08:24:53+00:00\",\"dateModified\":\"2024-01-10T11:04:20+00:00\",\"description\":\"This fifth International Congress on Planted Forests will be the opportunity to review and discuss challenges and opportunities...\",\"breadcrumb\":{\"@id\":\"https:\\\/\\\/www.plantedforests.org\\\/pt\\\/icpf-2023\\\/#breadcrumb\"},\"inLanguage\":\"es\",\"potentialAction\":[{\"@type\":\"ReadAction\",\"target\":[\"https:\\\/\\\/www.plantedforests.org\\\/pt\\\/icpf-2023\\\/\"]}]},{\"@type\":\"ImageObject\",\"inLanguage\":\"es\",\"@id\":\"https:\\\/\\\/www.plantedforests.org\\\/pt\\\/icpf-2023\\\/#primaryimage\",\"url\":\"https:\\\/\\\/www.plantedforests.org\\\/wp-content\\\/uploads\\\/2023\\\/10\\\/OFFICIAL-BANNER-ICPF-2023_PNG-1-1024x576.png\",\"contentUrl\":\"https:\\\/\\\/www.plantedforests.org\\\/wp-content\\\/uploads\\\/2023\\\/10\\\/OFFICIAL-BANNER-ICPF-2023_PNG-1-1024x576.png\"},{\"@type\":\"BreadcrumbList\",\"@id\":\"https:\\\/\\\/www.plantedforests.org\\\/pt\\\/icpf-2023\\\/#breadcrumb\",\"itemListElement\":[{\"@type\":\"ListItem\",\"position\":1,\"name\":\"Accueil\",\"item\":\"https:\\\/\\\/www.plantedforests.org\\\/\"},{\"@type\":\"ListItem\",\"position\":2,\"name\":\"ICPF 2023\"}]},{\"@type\":\"WebSite\",\"@id\":\"https:\\\/\\\/www.plantedforests.org\\\/fr\\\/#website\",\"url\":\"https:\\\/\\\/www.plantedforests.org\\\/fr\\\/\",\"name\":\"Instituto Europeo Del Bosque Cultivado - IEFC\",\"description\":\"La red para la gesti\u00f3n sostenible y la resiliencia de los bosques cultivados \",\"publisher\":{\"@id\":\"https:\\\/\\\/www.plantedforests.org\\\/fr\\\/#organization\"},\"potentialAction\":[{\"@type\":\"SearchAction\",\"target\":{\"@type\":\"EntryPoint\",\"urlTemplate\":\"https:\\\/\\\/www.plantedforests.org\\\/fr\\\/?s={search_term_string}\"},\"query-input\":{\"@type\":\"PropertyValueSpecification\",\"valueRequired\":true,\"valueName\":\"search_term_string\"}}],\"inLanguage\":\"es\"},{\"@type\":\"Organization\",\"@id\":\"https:\\\/\\\/www.plantedforests.org\\\/fr\\\/#organization\",\"name\":\"Institut Europ\u00e9en de la For\u00eat Cultiv\u00e9e - Plantedforests.org\",\"url\":\"https:\\\/\\\/www.plantedforests.org\\\/fr\\\/\",\"logo\":{\"@type\":\"ImageObject\",\"inLanguage\":\"es\",\"@id\":\"https:\\\/\\\/www.plantedforests.org\\\/fr\\\/#\\\/schema\\\/logo\\\/image\\\/\",\"url\":\"https:\\\/\\\/www.plantedforests.org\\\/wp-content\\\/uploads\\\/2022\\\/07\\\/Logo_iefc__FR.png\",\"contentUrl\":\"https:\\\/\\\/www.plantedforests.org\\\/wp-content\\\/uploads\\\/2022\\\/07\\\/Logo_iefc__FR.png\",\"width\":2031,\"height\":1001,\"caption\":\"Institut Europ\u00e9en de la For\u00eat Cultiv\u00e9e - Plantedforests.org\"},\"image\":{\"@id\":\"https:\\\/\\\/www.plantedforests.org\\\/fr\\\/#\\\/schema\\\/logo\\\/image\\\/\"},\"sameAs\":[\"https:\\\/\\\/x.com\\\/IEFCPlantForest\",\"https:\\\/\\\/www.linkedin.com\\\/company\\\/71728047\\\/\"]}]}<\/script>\n<!-- \/ Yoast SEO plugin. -->","yoast_head_json":{"title":"ICPF 2023 - Instituto Europeo Del Bosque Cultivado - IEFC","robots":{"index":"index","follow":"follow","max-snippet":"max-snippet:-1","max-image-preview":"max-image-preview:large","max-video-preview":"max-video-preview:-1"},"canonical":"https:\/\/www.plantedforests.org\/pt\/icpf-2023\/","og_locale":"es_ES","og_type":"article","og_title":"ICPF 2023 - Instituto Europeo Del Bosque Cultivado - IEFC","og_url":"https:\/\/www.plantedforests.org\/pt\/icpf-2023\/","og_site_name":"Instituto Europeo Del Bosque Cultivado - IEFC","article_modified_time":"2024-01-10T11:04:20+00:00","og_image":[{"url":"https:\/\/www.plantedforests.org\/wp-content\/uploads\/2023\/10\/OFFICIAL-BANNER-ICPF-2023_PNG-1-1024x576.png","type":"","width":"","height":""}],"twitter_card":"summary_large_image","twitter_site":"@IEFCPlantForest","twitter_misc":{"Tiempo de lectura":"6 minutos"},"schema":{"@context":"https:\/\/schema.org","@graph":[{"@type":"WebPage","@id":"https:\/\/www.plantedforests.org\/pt\/icpf-2023\/","url":"https:\/\/www.plantedforests.org\/pt\/icpf-2023\/","name":"ICPF 2023 - Instituto Europeo Del Bosque Cultivado - IEFC","isPartOf":{"@id":"https:\/\/www.plantedforests.org\/fr\/#website"},"primaryImageOfPage":{"@id":"https:\/\/www.plantedforests.org\/pt\/icpf-2023\/#primaryimage"},"image":{"@id":"https:\/\/www.plantedforests.org\/pt\/icpf-2023\/#primaryimage"},"thumbnailUrl":"https:\/\/www.plantedforests.org\/wp-content\/uploads\/2023\/10\/OFFICIAL-BANNER-ICPF-2023_PNG-1-1024x576.png","datePublished":"2022-11-07T08:24:53+00:00","dateModified":"2024-01-10T11:04:20+00:00","description":"This fifth International Congress on Planted Forests will be the opportunity to review and discuss challenges and opportunities...","breadcrumb":{"@id":"https:\/\/www.plantedforests.org\/pt\/icpf-2023\/#breadcrumb"},"inLanguage":"es","potentialAction":[{"@type":"ReadAction","target":["https:\/\/www.plantedforests.org\/pt\/icpf-2023\/"]}]},{"@type":"ImageObject","inLanguage":"es","@id":"https:\/\/www.plantedforests.org\/pt\/icpf-2023\/#primaryimage","url":"https:\/\/www.plantedforests.org\/wp-content\/uploads\/2023\/10\/OFFICIAL-BANNER-ICPF-2023_PNG-1-1024x576.png","contentUrl":"https:\/\/www.plantedforests.org\/wp-content\/uploads\/2023\/10\/OFFICIAL-BANNER-ICPF-2023_PNG-1-1024x576.png"},{"@type":"BreadcrumbList","@id":"https:\/\/www.plantedforests.org\/pt\/icpf-2023\/#breadcrumb","itemListElement":[{"@type":"ListItem","position":1,"name":"Accueil","item":"https:\/\/www.plantedforests.org\/"},{"@type":"ListItem","position":2,"name":"ICPF 2023"}]},{"@type":"WebSite","@id":"https:\/\/www.plantedforests.org\/fr\/#website","url":"https:\/\/www.plantedforests.org\/fr\/","name":"Instituto Europeo Del Bosque Cultivado - IEFC","description":"La red para la gesti\u00f3n sostenible y la resiliencia de los bosques cultivados ","publisher":{"@id":"https:\/\/www.plantedforests.org\/fr\/#organization"},"potentialAction":[{"@type":"SearchAction","target":{"@type":"EntryPoint","urlTemplate":"https:\/\/www.plantedforests.org\/fr\/?s={search_term_string}"},"query-input":{"@type":"PropertyValueSpecification","valueRequired":true,"valueName":"search_term_string"}}],"inLanguage":"es"},{"@type":"Organization","@id":"https:\/\/www.plantedforests.org\/fr\/#organization","name":"Institut Europ\u00e9en de la For\u00eat Cultiv\u00e9e - Plantedforests.org","url":"https:\/\/www.plantedforests.org\/fr\/","logo":{"@type":"ImageObject","inLanguage":"es","@id":"https:\/\/www.plantedforests.org\/fr\/#\/schema\/logo\/image\/","url":"https:\/\/www.plantedforests.org\/wp-content\/uploads\/2022\/07\/Logo_iefc__FR.png","contentUrl":"https:\/\/www.plantedforests.org\/wp-content\/uploads\/2022\/07\/Logo_iefc__FR.png","width":2031,"height":1001,"caption":"Institut Europ\u00e9en de la For\u00eat Cultiv\u00e9e - Plantedforests.org"},"image":{"@id":"https:\/\/www.plantedforests.org\/fr\/#\/schema\/logo\/image\/"},"sameAs":["https:\/\/x.com\/IEFCPlantForest","https:\/\/www.linkedin.com\/company\/71728047\/"]}]}},"_links":{"self":[{"href":"https:\/\/www.plantedforests.org\/es\/wp-json\/wp\/v2\/pages\/7848","targetHints":{"allow":["GET"]}}],"collection":[{"href":"https:\/\/www.plantedforests.org\/es\/wp-json\/wp\/v2\/pages"}],"about":[{"href":"https:\/\/www.plantedforests.org\/es\/wp-json\/wp\/v2\/types\/page"}],"author":[{"embeddable":true,"href":"https:\/\/www.plantedforests.org\/es\/wp-json\/wp\/v2\/users\/101"}],"replies":[{"embeddable":true,"href":"https:\/\/www.plantedforests.org\/es\/wp-json\/wp\/v2\/comments?post=7848"}],"version-history":[{"count":78,"href":"https:\/\/www.plantedforests.org\/es\/wp-json\/wp\/v2\/pages\/7848\/revisions"}],"predecessor-version":[{"id":15198,"href":"https:\/\/www.plantedforests.org\/es\/wp-json\/wp\/v2\/pages\/7848\/revisions\/15198"}],"wp:attachment":[{"href":"https:\/\/www.plantedforests.org\/es\/wp-json\/wp\/v2\/media?parent=7848"}],"curies":[{"name":"wp","href":"https:\/\/api.w.org\/{rel}","templated":true}]}}