
{"id":6525,"date":"2022-08-17T15:15:57","date_gmt":"2022-08-17T13:15:57","guid":{"rendered":"https:\/\/www.iefc.net\/?page_id=6525"},"modified":"2025-08-27T09:50:41","modified_gmt":"2025-08-27T07:50:41","slug":"terms-of-use","status":"publish","type":"page","link":"https:\/\/www.plantedforests.org\/es\/terms-of-use\/","title":{"rendered":"Terms of Use"},"content":{"rendered":"\n<p class=\"has-black-color has-text-color\"><strong><span style=\"text-decoration: underline;\">Site&#8217;s owner<\/span><\/strong><\/p>\n\n\n\n<p class=\"has-black-color has-text-color\"><strong>Head Office: <\/strong>INSTITUT EUROP\u00c9EN DE LA FORET CULTIV\u00c9E (I.E.F.C)<\/p>\n\n\n\n<p class=\"has-black-color has-text-color\"><strong>Registration in the National Directory of Associations:<\/strong> Reference no. W332001670 (First official publication in the Official Journal of 25 April 1998 &#8211; Announcement 758)<\/p>\n\n\n\n<div class=\"wp-block-group is-vertical is-layout-flex wp-container-core-group-is-layout-8cf370e7 wp-block-group-is-layout-flex\">\n<p class=\"has-black-color has-text-color\"><strong>SIRET:<\/strong> 422 480 293 00022<\/p>\n\n\n\n<p class=\"has-black-color has-text-color has-link-color wp-elements-17cd4400b0f7935e382a6510558e2e64\"><strong>EORI :<\/strong> FR42248029300022<\/p>\n\n\n\n<p class=\"has-black-color has-text-color has-link-color wp-elements-5d4db3a4de5c1012fa7a63b9b6fbff35\"><strong>D-U-N-S\u00ae Number: <\/strong>504461711<\/p>\n\n\n\n<p class=\"has-black-color has-text-color has-link-color wp-elements-a1ef5c3af255f53140ed0aad0333c1ab\"><strong>Intra-Community VAT number: <\/strong>FR 91422480293<\/p>\n\n\n\n<p class=\"has-black-color has-text-color has-link-color wp-elements-020c1c49df7def52759e0967917c8a01\">Association not subject to VAT<\/p>\n<\/div>\n\n\n\n<div style=\"height:8px\" aria-hidden=\"true\" class=\"wp-block-spacer\"><\/div>\n\n\n\n<div class=\"wp-block-group is-vertical is-layout-flex wp-container-core-group-is-layout-8cf370e7 wp-block-group-is-layout-flex\">\n<p class=\"has-black-color has-text-color\"><strong>Address :<\/strong><\/p>\n\n\n\n<div class=\"wp-block-group is-vertical is-layout-flex wp-container-core-group-is-layout-8cf370e7 wp-block-group-is-layout-flex\">\n<p class=\"has-black-color has-text-color\">Site de Recherche For\u00eat Bois, Pierroton, <\/p>\n\n\n\n<p class=\"has-black-color has-text-color\">69, route d&#8217;Arcachon,<\/p>\n\n\n\n<p class=\"has-black-color has-text-color\">F-33610 Cestas France<\/p>\n<\/div>\n<\/div>\n\n\n\n<div style=\"height:15px\" aria-hidden=\"true\" class=\"wp-block-spacer\"><\/div>\n\n\n\n<p class=\"has-black-color has-text-color\"><strong>Contact :<\/strong> +33 5 35 38 52 74<\/p>\n\n\n\n<p class=\"has-black-color has-text-color\"><strong>Publication Director&nbsp;:<\/strong> Christophe Orazio<\/p>\n\n\n\n<p class=\"has-black-color has-text-color\"><strong>Hosting provider<\/strong>: <a href=\"https:\/\/www.ovhcloud.com\/fr\/\" target=\"_blank\" rel=\"noreferrer noopener\">OVH Cloud<\/a> &#8211; 2, rue Kellermann, 59100 Roubaix<\/p>\n\n\n\n<p class=\"has-black-color has-text-color\"><strong>IEFC Dataverse:<\/strong> <a href=\"https:\/\/entrepot.recherche.data.gouv.fr\/dataverse\/iefc\">https:\/\/entrepot.recherche.data.gouv.fr\/dataverse\/iefc<\/a><\/p>\n\n\n\n<p class=\"has-black-color has-text-color\">The IEFC has signed the <a href=\"https:\/\/www.plantedforests.org\/contrat-dengagement-republicain-des-associations-et-fondationsbeneficiant-de-subventions-publiques-ou-dun-agrement-de-letat\/\" target=\"_blank\" rel=\"noreferrer noopener\">REPUBLICAN COMMITMENT CONTRACT FOR ASSOCIATIONS AND FOUNDATIONS<br>RECEIVING PUBLIC SUBSIDIES OR STATE APPROVAL<\/a><\/p>\n\n\n\n<p class=\"has-black-color has-text-color has-link-color wp-elements-27941d8702cf30e070a04237bb2343cc\"><strong>Protection and processing of personal data<\/strong><\/p>\n\n\n\n<p class=\"has-black-color has-text-color has-link-color wp-elements-e2f398705875dd2943e5c810bcdaa26b\">The website <a href=\"https:\/\/www.plantedforests.org\">www.plantedforests.org<\/a> respects the privacy of its users and strictly complies with the laws in force on the protection of privacy and individual freedoms. No personal information is collected without your knowledge. No personal information is transferred to third parties.<\/p>\n\n\n\n<p class=\"has-black-color has-text-color has-link-color wp-elements-52c2291937ed73a481a3e0f1637c2a44\">The data collected will only be communicated to the following recipients: IEFC<\/p>\n\n\n\n<p class=\"has-black-color has-text-color has-link-color wp-elements-506fe0fed16d2652288e625f35c03873\"><strong>Internet users&#8217; rights: right of access and rectification<\/strong><\/p>\n\n\n\n<p class=\"has-black-color has-text-color has-link-color wp-elements-5c914adea16156c7f7765f2513166f7e\">We undertake to ensure that the collection and processing of your data, carried out from the website, complies with the General Data Protection Regulation (GDPR) and the French Data Protection Act.<\/p>\n\n\n\n<p class=\"has-black-color has-text-color has-link-color wp-elements-c3c5f9692faebfd88ff89c48fbf83b13\">You may access your personal data, rectify it, request its deletion or exercise your right to restrict the processing of your data. f you have any questions about the processing of your data in this system, you can contact us by email at dpo[at]iefc.net.<\/p>\n\n\n\n<p class=\"has-black-color has-text-color has-link-color wp-elements-d90e1021799da2f252191b92a80935e0\">Visit cnil.fr for more information about your rights.<\/p>\n\n\n\n<p class=\"has-black-color has-text-color has-link-color wp-elements-13f2c8b61179a85e0a00c9754cd7d635\"><strong>Credits Images and photos used on this website:<\/strong><br>\u00a9IEFC \u00a9Pixabay @Pexels<\/p>\n\n\n\n<p class=\"has-black-color has-text-color has-link-color wp-elements-343ce549770f7a45232603a34a250f24\"><strong>Link to this site<\/strong><\/p>\n\n\n\n<p class=\"has-black-color has-text-color has-link-color wp-elements-54bf8a37551a33e0bac7428c4be9c326\">The site authorises any website or other medium to cite it or to set up a hypertext link to its content.<\/p>\n\n\n\n<p class=\"has-black-color has-text-color has-link-color wp-elements-e95ca6ec067e9c211fffaf1dc88ffa65\">Permission to set up a link is valid for any medium, with the exception of those disseminating information of a controversial, pornographic or xenophobic nature or which may, to a greater extent, offend the sensibilities of the general public.<\/p>\n\n\n\n<p class=\"has-black-color has-text-color has-link-color wp-elements-9806509a1bb6cf0191d7c034c8d0acd8\">The entire content of a page may also be reproduced, provided that a clear link to its source is established.<\/p>\n\n\n\n<p><\/p>\n","protected":false},"excerpt":{"rendered":"<p>Site&#8217;s owner Head Office: INSTITUT EUROP\u00c9EN DE LA FORET CULTIV\u00c9E (I.E.F.C) Registration in the National Directory of Associations: Reference no. W332001670 (First official publication in the Official Journal of 25 [&hellip;]<\/p>\n","protected":false},"author":101,"featured_media":0,"parent":0,"menu_order":0,"comment_status":"closed","ping_status":"closed","template":"","meta":{"_acf_changed":false,"_eb_attr":"","_EventAllDay":false,"_EventTimezone":"","_EventStartDate":"","_EventEndDate":"","_EventStartDateUTC":"","_EventEndDateUTC":"","_EventShowMap":false,"_EventShowMapLink":false,"_EventURL":"","_EventCost":"","_EventCostDescription":"","_EventCurrencySymbol":"","_EventCurrencyCode":"","_EventCurrencyPosition":"","_EventDateTimeSeparator":"","_EventTimeRangeSeparator":"","_EventOrganizerID":[],"_EventVenueID":[],"_OrganizerEmail":"","_OrganizerPhone":"","_OrganizerWebsite":"","_VenueAddress":"","_VenueCity":"","_VenueCountry":"","_VenueProvince":"","_VenueState":"","_VenueZip":"","_VenuePhone":"","_VenueURL":"","_VenueStateProvince":"","_VenueLat":"","_VenueLng":"","_VenueShowMap":false,"_VenueShowMapLink":false,"activitypub_content_warning":"","activitypub_content_visibility":"","activitypub_max_image_attachments":4,"activitypub_interaction_policy_quote":"anyone","activitypub_status":"federated","footnotes":""},"class_list":["post-6525","page","type-page","status-publish","hentry"],"translation":{"provider":"WPGlobus","version":"3.0.2","language":"es","enabled_languages":["gb","fr","es","pt"],"languages":{"gb":{"title":true,"content":true,"excerpt":false},"fr":{"title":true,"content":true,"excerpt":false},"es":{"title":false,"content":false,"excerpt":false},"pt":{"title":false,"content":false,"excerpt":false}}},"acf":[],"yoast_head":"<!-- This site is optimized with the Yoast SEO plugin v27.4 - https:\/\/yoast.com\/product\/yoast-seo-wordpress\/ -->\n<title>- Instituto Europeo Del Bosque Cultivado - IEFC<\/title>\n<meta name=\"robots\" content=\"index, follow, max-snippet:-1, max-image-preview:large, max-video-preview:-1\" \/>\n<link rel=\"canonical\" href=\"https:\/\/www.plantedforests.org\/pt\/terms-of-use\/\" \/>\n<meta property=\"og:locale\" content=\"es_ES\" \/>\n<meta property=\"og:type\" content=\"article\" \/>\n<meta property=\"og:title\" content=\"- Instituto Europeo Del Bosque Cultivado - IEFC\" \/>\n<meta property=\"og:url\" content=\"https:\/\/www.plantedforests.org\/pt\/terms-of-use\/\" \/>\n<meta property=\"og:site_name\" content=\"Instituto Europeo Del Bosque Cultivado - IEFC\" \/>\n<meta property=\"article:modified_time\" content=\"2025-08-27T07:50:41+00:00\" \/>\n<meta name=\"twitter:card\" content=\"summary_large_image\" \/>\n<meta name=\"twitter:site\" content=\"@IEFCPlantForest\" \/>\n<meta name=\"twitter:label1\" content=\"Tiempo de lectura\" \/>\n\t<meta name=\"twitter:data1\" content=\"2 minutos\" \/>\n<script type=\"application\/ld+json\" class=\"yoast-schema-graph\">{\"@context\":\"https:\\\/\\\/schema.org\",\"@graph\":[{\"@type\":\"WebPage\",\"@id\":\"https:\\\/\\\/www.plantedforests.org\\\/pt\\\/terms-of-use\\\/\",\"url\":\"https:\\\/\\\/www.plantedforests.org\\\/pt\\\/terms-of-use\\\/\",\"name\":\"- Instituto Europeo Del Bosque Cultivado - IEFC\",\"isPartOf\":{\"@id\":\"https:\\\/\\\/www.plantedforests.org\\\/fr\\\/#website\"},\"datePublished\":\"2022-08-17T13:15:57+00:00\",\"dateModified\":\"2025-08-27T07:50:41+00:00\",\"breadcrumb\":{\"@id\":\"https:\\\/\\\/www.plantedforests.org\\\/pt\\\/terms-of-use\\\/#breadcrumb\"},\"inLanguage\":\"es\",\"potentialAction\":[{\"@type\":\"ReadAction\",\"target\":[\"https:\\\/\\\/www.plantedforests.org\\\/pt\\\/terms-of-use\\\/\"]}]},{\"@type\":\"BreadcrumbList\",\"@id\":\"https:\\\/\\\/www.plantedforests.org\\\/pt\\\/terms-of-use\\\/#breadcrumb\",\"itemListElement\":[{\"@type\":\"ListItem\",\"position\":1,\"name\":\"Accueil\",\"item\":\"https:\\\/\\\/www.plantedforests.org\\\/\"},{\"@type\":\"ListItem\",\"position\":2,\"name\":\"Terms of Use\"}]},{\"@type\":\"WebSite\",\"@id\":\"https:\\\/\\\/www.plantedforests.org\\\/fr\\\/#website\",\"url\":\"https:\\\/\\\/www.plantedforests.org\\\/fr\\\/\",\"name\":\"Instituto Europeo Del Bosque Cultivado - IEFC\",\"description\":\"La red para la gesti\u00f3n sostenible y la resiliencia de los bosques cultivados \",\"publisher\":{\"@id\":\"https:\\\/\\\/www.plantedforests.org\\\/fr\\\/#organization\"},\"potentialAction\":[{\"@type\":\"SearchAction\",\"target\":{\"@type\":\"EntryPoint\",\"urlTemplate\":\"https:\\\/\\\/www.plantedforests.org\\\/fr\\\/?s={search_term_string}\"},\"query-input\":{\"@type\":\"PropertyValueSpecification\",\"valueRequired\":true,\"valueName\":\"search_term_string\"}}],\"inLanguage\":\"es\"},{\"@type\":\"Organization\",\"@id\":\"https:\\\/\\\/www.plantedforests.org\\\/fr\\\/#organization\",\"name\":\"Institut Europ\u00e9en de la For\u00eat Cultiv\u00e9e - Plantedforests.org\",\"url\":\"https:\\\/\\\/www.plantedforests.org\\\/fr\\\/\",\"logo\":{\"@type\":\"ImageObject\",\"inLanguage\":\"es\",\"@id\":\"https:\\\/\\\/www.plantedforests.org\\\/fr\\\/#\\\/schema\\\/logo\\\/image\\\/\",\"url\":\"https:\\\/\\\/www.plantedforests.org\\\/wp-content\\\/uploads\\\/2022\\\/07\\\/Logo_iefc__FR.png\",\"contentUrl\":\"https:\\\/\\\/www.plantedforests.org\\\/wp-content\\\/uploads\\\/2022\\\/07\\\/Logo_iefc__FR.png\",\"width\":2031,\"height\":1001,\"caption\":\"Institut Europ\u00e9en de la For\u00eat Cultiv\u00e9e - Plantedforests.org\"},\"image\":{\"@id\":\"https:\\\/\\\/www.plantedforests.org\\\/fr\\\/#\\\/schema\\\/logo\\\/image\\\/\"},\"sameAs\":[\"https:\\\/\\\/x.com\\\/IEFCPlantForest\",\"https:\\\/\\\/www.linkedin.com\\\/company\\\/71728047\\\/\"]}]}<\/script>\n<!-- \/ Yoast SEO plugin. -->","yoast_head_json":{"title":"- Instituto Europeo Del Bosque Cultivado - IEFC","robots":{"index":"index","follow":"follow","max-snippet":"max-snippet:-1","max-image-preview":"max-image-preview:large","max-video-preview":"max-video-preview:-1"},"canonical":"https:\/\/www.plantedforests.org\/pt\/terms-of-use\/","og_locale":"es_ES","og_type":"article","og_title":"- Instituto Europeo Del Bosque Cultivado - IEFC","og_url":"https:\/\/www.plantedforests.org\/pt\/terms-of-use\/","og_site_name":"Instituto Europeo Del Bosque Cultivado - IEFC","article_modified_time":"2025-08-27T07:50:41+00:00","twitter_card":"summary_large_image","twitter_site":"@IEFCPlantForest","twitter_misc":{"Tiempo de lectura":"2 minutos"},"schema":{"@context":"https:\/\/schema.org","@graph":[{"@type":"WebPage","@id":"https:\/\/www.plantedforests.org\/pt\/terms-of-use\/","url":"https:\/\/www.plantedforests.org\/pt\/terms-of-use\/","name":"- Instituto Europeo Del Bosque Cultivado - IEFC","isPartOf":{"@id":"https:\/\/www.plantedforests.org\/fr\/#website"},"datePublished":"2022-08-17T13:15:57+00:00","dateModified":"2025-08-27T07:50:41+00:00","breadcrumb":{"@id":"https:\/\/www.plantedforests.org\/pt\/terms-of-use\/#breadcrumb"},"inLanguage":"es","potentialAction":[{"@type":"ReadAction","target":["https:\/\/www.plantedforests.org\/pt\/terms-of-use\/"]}]},{"@type":"BreadcrumbList","@id":"https:\/\/www.plantedforests.org\/pt\/terms-of-use\/#breadcrumb","itemListElement":[{"@type":"ListItem","position":1,"name":"Accueil","item":"https:\/\/www.plantedforests.org\/"},{"@type":"ListItem","position":2,"name":"Terms of Use"}]},{"@type":"WebSite","@id":"https:\/\/www.plantedforests.org\/fr\/#website","url":"https:\/\/www.plantedforests.org\/fr\/","name":"Instituto Europeo Del Bosque Cultivado - IEFC","description":"La red para la gesti\u00f3n sostenible y la resiliencia de los bosques cultivados ","publisher":{"@id":"https:\/\/www.plantedforests.org\/fr\/#organization"},"potentialAction":[{"@type":"SearchAction","target":{"@type":"EntryPoint","urlTemplate":"https:\/\/www.plantedforests.org\/fr\/?s={search_term_string}"},"query-input":{"@type":"PropertyValueSpecification","valueRequired":true,"valueName":"search_term_string"}}],"inLanguage":"es"},{"@type":"Organization","@id":"https:\/\/www.plantedforests.org\/fr\/#organization","name":"Institut Europ\u00e9en de la For\u00eat Cultiv\u00e9e - Plantedforests.org","url":"https:\/\/www.plantedforests.org\/fr\/","logo":{"@type":"ImageObject","inLanguage":"es","@id":"https:\/\/www.plantedforests.org\/fr\/#\/schema\/logo\/image\/","url":"https:\/\/www.plantedforests.org\/wp-content\/uploads\/2022\/07\/Logo_iefc__FR.png","contentUrl":"https:\/\/www.plantedforests.org\/wp-content\/uploads\/2022\/07\/Logo_iefc__FR.png","width":2031,"height":1001,"caption":"Institut Europ\u00e9en de la For\u00eat Cultiv\u00e9e - Plantedforests.org"},"image":{"@id":"https:\/\/www.plantedforests.org\/fr\/#\/schema\/logo\/image\/"},"sameAs":["https:\/\/x.com\/IEFCPlantForest","https:\/\/www.linkedin.com\/company\/71728047\/"]}]}},"_links":{"self":[{"href":"https:\/\/www.plantedforests.org\/es\/wp-json\/wp\/v2\/pages\/6525","targetHints":{"allow":["GET"]}}],"collection":[{"href":"https:\/\/www.plantedforests.org\/es\/wp-json\/wp\/v2\/pages"}],"about":[{"href":"https:\/\/www.plantedforests.org\/es\/wp-json\/wp\/v2\/types\/page"}],"author":[{"embeddable":true,"href":"https:\/\/www.plantedforests.org\/es\/wp-json\/wp\/v2\/users\/101"}],"replies":[{"embeddable":true,"href":"https:\/\/www.plantedforests.org\/es\/wp-json\/wp\/v2\/comments?post=6525"}],"version-history":[{"count":82,"href":"https:\/\/www.plantedforests.org\/es\/wp-json\/wp\/v2\/pages\/6525\/revisions"}],"predecessor-version":[{"id":27497,"href":"https:\/\/www.plantedforests.org\/es\/wp-json\/wp\/v2\/pages\/6525\/revisions\/27497"}],"wp:attachment":[{"href":"https:\/\/www.plantedforests.org\/es\/wp-json\/wp\/v2\/media?parent=6525"}],"curies":[{"name":"wp","href":"https:\/\/api.w.org\/{rel}","templated":true}]}}