
{"id":4043,"date":"2020-11-09T09:50:48","date_gmt":"2020-11-09T08:50:48","guid":{"rendered":"https:\/\/www.iefc.net\/?page_id=4043"},"modified":"2022-02-07T13:50:35","modified_gmt":"2022-02-07T12:50:35","slug":"project-marcsman","status":"publish","type":"page","link":"https:\/\/www.plantedforests.org\/es\/project-marcsman\/","title":{"rendered":"Project MARCSMAN"},"content":{"rendered":"\n<div class=\"wp-block-image\"><figure class=\"aligncenter\"><a href=\"https:\/\/www.plantedforests.org\/marcsman-norsk\/\"><img decoding=\"async\" width=\"150\" height=\"109\" src=\"https:\/\/www.plantedforests.org\/wp-content\/uploads\/2021\/02\/norwegian-flag-small-150x109.jpg\" alt=\"\" class=\"wp-image-4574\" srcset=\"https:\/\/www.plantedforests.org\/wp-content\/uploads\/2021\/02\/norwegian-flag-small-150x109.jpg 150w, https:\/\/www.plantedforests.org\/wp-content\/uploads\/2021\/02\/norwegian-flag-small.jpg 200w\" sizes=\"(max-width: 150px) 100vw, 150px\" \/><\/a><figcaption><a href=\"https:\/\/www.plantedforests.org\/marcsman-norsk\/\">Nettside p\u00e5 norsk<\/a><\/figcaption><\/figure><\/div>\n\n\n\n<div class=\"wp-block-image\"><figure class=\"aligncenter\"><img decoding=\"async\" width=\"150\" height=\"150\" src=\"https:\/\/www.plantedforests.org\/wp-content\/uploads\/2021\/01\/MARCSMAN_logo2_small-150x150.png\" alt=\"\" class=\"wp-image-4525\" srcset=\"https:\/\/www.plantedforests.org\/wp-content\/uploads\/2021\/01\/MARCSMAN_logo2_small-150x150.png 150w, https:\/\/www.plantedforests.org\/wp-content\/uploads\/2021\/01\/MARCSMAN_logo2_small-298x300.png 298w, https:\/\/www.plantedforests.org\/wp-content\/uploads\/2021\/01\/MARCSMAN_logo2_small.png 600w\" sizes=\"(max-width: 150px) 100vw, 150px\" \/><\/figure><\/div>\n\n\n\n<div class=\"wp-block-image\"><figure class=\"aligncenter\"><img fetchpriority=\"high\" decoding=\"async\" width=\"1024\" height=\"682\" src=\"https:\/\/www.plantedforests.org\/wp-content\/uploads\/2021\/01\/Gammelskog-i-t\u00e5ke2-1024x682.jpg\" alt=\"\" class=\"wp-image-4445\" srcset=\"https:\/\/www.plantedforests.org\/wp-content\/uploads\/2021\/01\/Gammelskog-i-t\u00e5ke2-1024x682.jpg 1024w, https:\/\/www.plantedforests.org\/wp-content\/uploads\/2021\/01\/Gammelskog-i-t\u00e5ke2-150x100.jpg 150w, https:\/\/www.plantedforests.org\/wp-content\/uploads\/2021\/01\/Gammelskog-i-t\u00e5ke2-300x200.jpg 300w, https:\/\/www.plantedforests.org\/wp-content\/uploads\/2021\/01\/Gammelskog-i-t\u00e5ke2-768x512.jpg 768w, https:\/\/www.plantedforests.org\/wp-content\/uploads\/2021\/01\/Gammelskog-i-t\u00e5ke2-600x400.jpg 600w, https:\/\/www.plantedforests.org\/wp-content\/uploads\/2021\/01\/Gammelskog-i-t\u00e5ke2.jpg 1076w\" sizes=\"(max-width: 1024px) 100vw, 1024px\" \/><figcaption>Norwegian Forest. Image by  <br>John Yngvar Larsson of NIBIO <\/figcaption><\/figure><\/div>\n\n\n\n<h2 class=\"wp-block-heading\">Background<\/h2>\n\n\n\n<p style=\"font-size:18px\">While warmer growing season temperatures associated with climate change are likely to be beneficial for the growth of Norway spruce (<em>Picea<\/em><em> abies<\/em> (L.) Karst) forests across much of its range in the boreal biome, climate change may also render spruce more susceptible to biotic and abiotic damage. Major concerns are the risks of extensive windthrow and snow breakage during wet snow events, which may cause substantial economic losses and turn forests from being net carbon sinks into net carbon sources. The probability of such damage is dependent on the local climatic and site factors, as well as on stability-related tree properties that are largely determined by silvicultural actions. To maximize timber yield and the potential of managed spruce forest to capture as much carbon as possible and the same time maintain and\/or increase their resilience, there is a need to understand the interactions between tree growth, silvicultural decisions, damage risk and climatic factors.&nbsp;&nbsp;<\/p>\n\n\n\n<div class=\"wp-block-image\"><figure class=\"aligncenter\"><a href=\"#\"><img loading=\"lazy\" decoding=\"async\" width=\"1072\" height=\"712\" src=\"https:\/\/www.plantedforests.org\/wp-content\/uploads\/2020\/11\/DAL-031011-1508592.jpg\" alt=\"\" class=\"wp-image-4085\" srcset=\"https:\/\/www.plantedforests.org\/wp-content\/uploads\/2020\/11\/DAL-031011-1508592.jpg 1072w, https:\/\/www.plantedforests.org\/wp-content\/uploads\/2020\/11\/DAL-031011-1508592-150x100.jpg 150w, https:\/\/www.plantedforests.org\/wp-content\/uploads\/2020\/11\/DAL-031011-1508592-300x199.jpg 300w, https:\/\/www.plantedforests.org\/wp-content\/uploads\/2020\/11\/DAL-031011-1508592-768x510.jpg 768w, https:\/\/www.plantedforests.org\/wp-content\/uploads\/2020\/11\/DAL-031011-1508592-1024x680.jpg 1024w, https:\/\/www.plantedforests.org\/wp-content\/uploads\/2020\/11\/DAL-031011-1508592-600x399.jpg 600w\" sizes=\"(max-width: 1072px) 100vw, 1072px\" \/><\/a><figcaption>Broken Norway spruce tree. Image by  <br>Lars Sandved Dalen of NIBIO<\/figcaption><\/figure><\/div>\n\n\n\n<p class=\"has-medium-font-size\">MARCSMAN aims to provide forest managers with knowledge and tools needed to optimally adapt the management of spruce forests in a changing climate while accounting for risks of wind- and snow damage. This includes tools and models to: <br>(1) update productivity estimates for Norway spruce stands under changing growing condition with a novel site index estimation method; <br>(2) map the risks of wind- and snow damage at the individual-tree and stand level; and <br>(3) project growth and damage risk under alternative spacing and thinning scenarios in a changing climate. <\/p>\n\n\n\n<h2 class=\"wp-block-heading\">Workpackages<\/h2>\n\n\n\n<p class=\"has-medium-font-size\"><a href=\"https:\/\/www.plantedforests.org\/?page_id=4449&amp;preview=true\">WP 1 &#8211; Site Index<\/a><br><a href=\"https:\/\/www.plantedforests.org\/wp2-growth-of-young-stands-lead-kjersti-holt-hanssen-nibio\/\">WP2 &#8211; Growth of Young Stands<\/a><br><a href=\"https:\/\/www.plantedforests.org\/wp3-thinning-lead-christian-kuehne-nibio\/\">WP3 &#8211; Thinning<\/a><br><a href=\"https:\/\/www.plantedforests.org\/wp4-risk-lead-barry-gardiner-iefc\/\">WP4 &#8211; Snow and Wind Risk<\/a><br><a href=\"https:\/\/www.plantedforests.org\/wp5-decision-support-lead-tron-eid-nmbu\/\">WP5 &#8211; Decision Support<\/a><\/p>\n\n\n\n<div class=\"wp-block-image\"><figure class=\"aligncenter\"><img loading=\"lazy\" decoding=\"async\" width=\"608\" height=\"608\" src=\"https:\/\/www.plantedforests.org\/wp-content\/uploads\/2021\/01\/MARCSMAN-WPs.png\" alt=\"\" class=\"wp-image-4498\" srcset=\"https:\/\/www.plantedforests.org\/wp-content\/uploads\/2021\/01\/MARCSMAN-WPs.png 608w, https:\/\/www.plantedforests.org\/wp-content\/uploads\/2021\/01\/MARCSMAN-WPs-150x150.png 150w, https:\/\/www.plantedforests.org\/wp-content\/uploads\/2021\/01\/MARCSMAN-WPs-300x300.png 300w, https:\/\/www.plantedforests.org\/wp-content\/uploads\/2021\/01\/MARCSMAN-WPs-600x600.png 600w\" sizes=\"(max-width: 608px) 100vw, 608px\" \/><figcaption>Connections between WorkPackages<\/figcaption><\/figure><\/div>\n\n\n<p><!--StartFragment--><\/p>\n<p><!--EndFragment--><\/p>\n<h2>Member Organisations<\/h2>\n<h4><a href=\"http:\/\/www.nibio.no\"> <span class=\"fontstyle0\">NIBIO &#8211; Norwegian Institute of Bioeconomy Research<\/span><\/a><\/h4>\n<h4><a href=\"https:\/\/www.nmbu.no\">NMBU <span class=\"fontstyle0\">&#8211; Norwegian University of Life Sciences<\/span><\/a><\/h4>\n<h4><a href=\"https:\/\/www.met.no\/\"> <span class=\"fontstyle0\">The Norwegian Meteorological Institute<\/span><\/a><\/h4>\n<h4><a href=\"https:\/\/www.statskog.no\/\">STATSKOG SF &#8211; <span class=\"fontstyle0\">The Norwegian State Forest Service<\/span> <\/a><\/h4>\n<h4><a href=\"https:\/\/www.slu.se\/en\/\">SLU- <span class=\"fontstyle0\">Swedish University of Agricultural Sciences<\/span> <\/a><\/h4>\n<h4><a href=\"https:\/\/www.plantedforests.org\">IEFC &#8211; Institut Europ\u00e9en de la For\u00eat Cultiv\u00e9e<\/a><\/h4>\n<h4><a href=\"https:\/\/www.fritzoeskoger.no\">Fritz\u00f8e Skoger AS<\/a><\/h4>\n<p>\u00a0<\/p>\n<h2>Leaflet<\/h2>\n<h4><a href=\"https:\/\/nextcloud.iefc.net\/index.php\/s\/ezjp3TMGeeajrdr\" target=\"_blank\" rel=\"noopener noreferrer\">A5 leaflet to view<\/a><\/h4>\n<h4><a href=\"https:\/\/nextcloud.iefc.net\/index.php\/s\/rxptki4CfXjgjit\" target=\"_blank\" rel=\"noopener noreferrer\">A5 leaflet for printing<\/a><\/h4>\n<p><!--StartFragment--><\/p>","protected":false},"excerpt":{"rendered":"<p>Background While warmer growing season temperatures associated with climate change are likely to be beneficial for the growth of Norway spruce (Picea abies (L.) Karst) forests across much of its [&hellip;]<\/p>\n","protected":false},"author":3,"featured_media":0,"parent":0,"menu_order":0,"comment_status":"closed","ping_status":"closed","template":"","meta":{"_acf_changed":false,"_eb_attr":"","_EventAllDay":false,"_EventTimezone":"","_EventStartDate":"","_EventEndDate":"","_EventStartDateUTC":"","_EventEndDateUTC":"","_EventShowMap":false,"_EventShowMapLink":false,"_EventURL":"","_EventCost":"","_EventCostDescription":"","_EventCurrencySymbol":"","_EventCurrencyCode":"","_EventCurrencyPosition":"","_EventDateTimeSeparator":"","_EventTimeRangeSeparator":"","_EventOrganizerID":[],"_EventVenueID":[],"_OrganizerEmail":"","_OrganizerPhone":"","_OrganizerWebsite":"","_VenueAddress":"","_VenueCity":"","_VenueCountry":"","_VenueProvince":"","_VenueState":"","_VenueZip":"","_VenuePhone":"","_VenueURL":"","_VenueStateProvince":"","_VenueLat":"","_VenueLng":"","_VenueShowMap":false,"_VenueShowMapLink":false,"activitypub_content_warning":"","activitypub_content_visibility":"","activitypub_max_image_attachments":4,"activitypub_interaction_policy_quote":"anyone","activitypub_status":"","footnotes":""},"class_list":["post-4043","page","type-page","status-publish","hentry"],"translation":{"provider":"WPGlobus","version":"3.0.2","language":"es","enabled_languages":["gb","fr","es","pt"],"languages":{"gb":{"title":true,"content":true,"excerpt":false},"fr":{"title":false,"content":false,"excerpt":false},"es":{"title":false,"content":false,"excerpt":false},"pt":{"title":false,"content":false,"excerpt":false}}},"acf":[],"yoast_head":"<!-- This site is optimized with the Yoast SEO plugin v27.4 - https:\/\/yoast.com\/product\/yoast-seo-wordpress\/ -->\n<title>Project MARCSMAN - Instituto Europeo Del Bosque Cultivado - IEFC<\/title>\n<meta name=\"robots\" content=\"index, follow, max-snippet:-1, max-image-preview:large, max-video-preview:-1\" \/>\n<link rel=\"canonical\" href=\"https:\/\/www.plantedforests.org\/project-marcsman\/\" \/>\n<meta property=\"og:locale\" content=\"es_ES\" \/>\n<meta property=\"og:type\" content=\"article\" \/>\n<meta property=\"og:title\" content=\"Project MARCSMAN - Instituto Europeo Del Bosque Cultivado - IEFC\" \/>\n<meta property=\"og:url\" content=\"https:\/\/www.plantedforests.org\/project-marcsman\/\" \/>\n<meta property=\"og:site_name\" content=\"Instituto Europeo Del Bosque Cultivado - IEFC\" \/>\n<meta property=\"article:modified_time\" content=\"2022-02-07T12:50:35+00:00\" \/>\n<meta property=\"og:image\" content=\"https:\/\/www.plantedforests.org\/wp-content\/uploads\/2021\/02\/norwegian-flag-small-150x109.jpg\" \/>\n<meta name=\"twitter:card\" content=\"summary_large_image\" \/>\n<meta name=\"twitter:site\" content=\"@IEFCPlantForest\" \/>\n<meta name=\"twitter:label1\" content=\"Tiempo de lectura\" \/>\n\t<meta name=\"twitter:data1\" content=\"2 minutos\" \/>\n<script type=\"application\/ld+json\" class=\"yoast-schema-graph\">{\"@context\":\"https:\\\/\\\/schema.org\",\"@graph\":[{\"@type\":\"WebPage\",\"@id\":\"https:\\\/\\\/www.plantedforests.org\\\/project-marcsman\\\/\",\"url\":\"https:\\\/\\\/www.plantedforests.org\\\/project-marcsman\\\/\",\"name\":\"Project MARCSMAN - Instituto Europeo Del Bosque Cultivado - IEFC\",\"isPartOf\":{\"@id\":\"https:\\\/\\\/www.plantedforests.org\\\/fr\\\/#website\"},\"primaryImageOfPage\":{\"@id\":\"https:\\\/\\\/www.plantedforests.org\\\/project-marcsman\\\/#primaryimage\"},\"image\":{\"@id\":\"https:\\\/\\\/www.plantedforests.org\\\/project-marcsman\\\/#primaryimage\"},\"thumbnailUrl\":\"https:\\\/\\\/www.plantedforests.org\\\/wp-content\\\/uploads\\\/2021\\\/02\\\/norwegian-flag-small-150x109.jpg\",\"datePublished\":\"2020-11-09T08:50:48+00:00\",\"dateModified\":\"2022-02-07T12:50:35+00:00\",\"breadcrumb\":{\"@id\":\"https:\\\/\\\/www.plantedforests.org\\\/project-marcsman\\\/#breadcrumb\"},\"inLanguage\":\"es\",\"potentialAction\":[{\"@type\":\"ReadAction\",\"target\":[\"https:\\\/\\\/www.plantedforests.org\\\/project-marcsman\\\/\"]}]},{\"@type\":\"ImageObject\",\"inLanguage\":\"es\",\"@id\":\"https:\\\/\\\/www.plantedforests.org\\\/project-marcsman\\\/#primaryimage\",\"url\":\"https:\\\/\\\/www.plantedforests.org\\\/wp-content\\\/uploads\\\/2021\\\/02\\\/norwegian-flag-small-150x109.jpg\",\"contentUrl\":\"https:\\\/\\\/www.plantedforests.org\\\/wp-content\\\/uploads\\\/2021\\\/02\\\/norwegian-flag-small-150x109.jpg\"},{\"@type\":\"BreadcrumbList\",\"@id\":\"https:\\\/\\\/www.plantedforests.org\\\/project-marcsman\\\/#breadcrumb\",\"itemListElement\":[{\"@type\":\"ListItem\",\"position\":1,\"name\":\"Accueil\",\"item\":\"https:\\\/\\\/www.plantedforests.org\\\/\"},{\"@type\":\"ListItem\",\"position\":2,\"name\":\"Project MARCSMAN\"}]},{\"@type\":\"WebSite\",\"@id\":\"https:\\\/\\\/www.plantedforests.org\\\/fr\\\/#website\",\"url\":\"https:\\\/\\\/www.plantedforests.org\\\/fr\\\/\",\"name\":\"Instituto Europeo Del Bosque Cultivado - IEFC\",\"description\":\"La red para la gesti\u00f3n sostenible y la resiliencia de los bosques cultivados \",\"publisher\":{\"@id\":\"https:\\\/\\\/www.plantedforests.org\\\/fr\\\/#organization\"},\"potentialAction\":[{\"@type\":\"SearchAction\",\"target\":{\"@type\":\"EntryPoint\",\"urlTemplate\":\"https:\\\/\\\/www.plantedforests.org\\\/fr\\\/?s={search_term_string}\"},\"query-input\":{\"@type\":\"PropertyValueSpecification\",\"valueRequired\":true,\"valueName\":\"search_term_string\"}}],\"inLanguage\":\"es\"},{\"@type\":\"Organization\",\"@id\":\"https:\\\/\\\/www.plantedforests.org\\\/fr\\\/#organization\",\"name\":\"Institut Europ\u00e9en de la For\u00eat Cultiv\u00e9e - Plantedforests.org\",\"url\":\"https:\\\/\\\/www.plantedforests.org\\\/fr\\\/\",\"logo\":{\"@type\":\"ImageObject\",\"inLanguage\":\"es\",\"@id\":\"https:\\\/\\\/www.plantedforests.org\\\/fr\\\/#\\\/schema\\\/logo\\\/image\\\/\",\"url\":\"https:\\\/\\\/www.plantedforests.org\\\/wp-content\\\/uploads\\\/2022\\\/07\\\/Logo_iefc__FR.png\",\"contentUrl\":\"https:\\\/\\\/www.plantedforests.org\\\/wp-content\\\/uploads\\\/2022\\\/07\\\/Logo_iefc__FR.png\",\"width\":2031,\"height\":1001,\"caption\":\"Institut Europ\u00e9en de la For\u00eat Cultiv\u00e9e - Plantedforests.org\"},\"image\":{\"@id\":\"https:\\\/\\\/www.plantedforests.org\\\/fr\\\/#\\\/schema\\\/logo\\\/image\\\/\"},\"sameAs\":[\"https:\\\/\\\/x.com\\\/IEFCPlantForest\",\"https:\\\/\\\/www.linkedin.com\\\/company\\\/71728047\\\/\"]}]}<\/script>\n<!-- \/ Yoast SEO plugin. -->","yoast_head_json":{"title":"Project MARCSMAN - Instituto Europeo Del Bosque Cultivado - IEFC","robots":{"index":"index","follow":"follow","max-snippet":"max-snippet:-1","max-image-preview":"max-image-preview:large","max-video-preview":"max-video-preview:-1"},"canonical":"https:\/\/www.plantedforests.org\/project-marcsman\/","og_locale":"es_ES","og_type":"article","og_title":"Project MARCSMAN - Instituto Europeo Del Bosque Cultivado - IEFC","og_url":"https:\/\/www.plantedforests.org\/project-marcsman\/","og_site_name":"Instituto Europeo Del Bosque Cultivado - IEFC","article_modified_time":"2022-02-07T12:50:35+00:00","og_image":[{"url":"https:\/\/www.plantedforests.org\/wp-content\/uploads\/2021\/02\/norwegian-flag-small-150x109.jpg","type":"","width":"","height":""}],"twitter_card":"summary_large_image","twitter_site":"@IEFCPlantForest","twitter_misc":{"Tiempo de lectura":"2 minutos"},"schema":{"@context":"https:\/\/schema.org","@graph":[{"@type":"WebPage","@id":"https:\/\/www.plantedforests.org\/project-marcsman\/","url":"https:\/\/www.plantedforests.org\/project-marcsman\/","name":"Project MARCSMAN - Instituto Europeo Del Bosque Cultivado - IEFC","isPartOf":{"@id":"https:\/\/www.plantedforests.org\/fr\/#website"},"primaryImageOfPage":{"@id":"https:\/\/www.plantedforests.org\/project-marcsman\/#primaryimage"},"image":{"@id":"https:\/\/www.plantedforests.org\/project-marcsman\/#primaryimage"},"thumbnailUrl":"https:\/\/www.plantedforests.org\/wp-content\/uploads\/2021\/02\/norwegian-flag-small-150x109.jpg","datePublished":"2020-11-09T08:50:48+00:00","dateModified":"2022-02-07T12:50:35+00:00","breadcrumb":{"@id":"https:\/\/www.plantedforests.org\/project-marcsman\/#breadcrumb"},"inLanguage":"es","potentialAction":[{"@type":"ReadAction","target":["https:\/\/www.plantedforests.org\/project-marcsman\/"]}]},{"@type":"ImageObject","inLanguage":"es","@id":"https:\/\/www.plantedforests.org\/project-marcsman\/#primaryimage","url":"https:\/\/www.plantedforests.org\/wp-content\/uploads\/2021\/02\/norwegian-flag-small-150x109.jpg","contentUrl":"https:\/\/www.plantedforests.org\/wp-content\/uploads\/2021\/02\/norwegian-flag-small-150x109.jpg"},{"@type":"BreadcrumbList","@id":"https:\/\/www.plantedforests.org\/project-marcsman\/#breadcrumb","itemListElement":[{"@type":"ListItem","position":1,"name":"Accueil","item":"https:\/\/www.plantedforests.org\/"},{"@type":"ListItem","position":2,"name":"Project MARCSMAN"}]},{"@type":"WebSite","@id":"https:\/\/www.plantedforests.org\/fr\/#website","url":"https:\/\/www.plantedforests.org\/fr\/","name":"Instituto Europeo Del Bosque Cultivado - IEFC","description":"La red para la gesti\u00f3n sostenible y la resiliencia de los bosques cultivados ","publisher":{"@id":"https:\/\/www.plantedforests.org\/fr\/#organization"},"potentialAction":[{"@type":"SearchAction","target":{"@type":"EntryPoint","urlTemplate":"https:\/\/www.plantedforests.org\/fr\/?s={search_term_string}"},"query-input":{"@type":"PropertyValueSpecification","valueRequired":true,"valueName":"search_term_string"}}],"inLanguage":"es"},{"@type":"Organization","@id":"https:\/\/www.plantedforests.org\/fr\/#organization","name":"Institut Europ\u00e9en de la For\u00eat Cultiv\u00e9e - Plantedforests.org","url":"https:\/\/www.plantedforests.org\/fr\/","logo":{"@type":"ImageObject","inLanguage":"es","@id":"https:\/\/www.plantedforests.org\/fr\/#\/schema\/logo\/image\/","url":"https:\/\/www.plantedforests.org\/wp-content\/uploads\/2022\/07\/Logo_iefc__FR.png","contentUrl":"https:\/\/www.plantedforests.org\/wp-content\/uploads\/2022\/07\/Logo_iefc__FR.png","width":2031,"height":1001,"caption":"Institut Europ\u00e9en de la For\u00eat Cultiv\u00e9e - Plantedforests.org"},"image":{"@id":"https:\/\/www.plantedforests.org\/fr\/#\/schema\/logo\/image\/"},"sameAs":["https:\/\/x.com\/IEFCPlantForest","https:\/\/www.linkedin.com\/company\/71728047\/"]}]}},"_links":{"self":[{"href":"https:\/\/www.plantedforests.org\/es\/wp-json\/wp\/v2\/pages\/4043","targetHints":{"allow":["GET"]}}],"collection":[{"href":"https:\/\/www.plantedforests.org\/es\/wp-json\/wp\/v2\/pages"}],"about":[{"href":"https:\/\/www.plantedforests.org\/es\/wp-json\/wp\/v2\/types\/page"}],"author":[{"embeddable":true,"href":"https:\/\/www.plantedforests.org\/es\/wp-json\/wp\/v2\/users\/3"}],"replies":[{"embeddable":true,"href":"https:\/\/www.plantedforests.org\/es\/wp-json\/wp\/v2\/comments?post=4043"}],"version-history":[{"count":70,"href":"https:\/\/www.plantedforests.org\/es\/wp-json\/wp\/v2\/pages\/4043\/revisions"}],"predecessor-version":[{"id":5648,"href":"https:\/\/www.plantedforests.org\/es\/wp-json\/wp\/v2\/pages\/4043\/revisions\/5648"}],"wp:attachment":[{"href":"https:\/\/www.plantedforests.org\/es\/wp-json\/wp\/v2\/media?parent=4043"}],"curies":[{"name":"wp","href":"https:\/\/api.w.org\/{rel}","templated":true}]}}