
{"id":3053,"date":"2018-06-05T23:42:21","date_gmt":"2018-06-05T21:42:21","guid":{"rendered":"https:\/\/www.iefc.net\/?page_id=3053"},"modified":"2023-08-24T16:27:49","modified_gmt":"2023-08-24T14:27:49","slug":"mise-en-place-dun-reseau-de-zones-pilotes-pour-tester-les-indicateurs-de-gestion-durable","status":"publish","type":"page","link":"https:\/\/www.plantedforests.org\/es\/mise-en-place-dun-reseau-de-zones-pilotes-pour-tester-les-indicateurs-de-gestion-durable\/","title":{"rendered":"Poner en marcha una red de puntos claves(zonas piloto) para testar los indicadores de gesti\u00f3n sostenible"},"content":{"rendered":"<p class=\"titre\">\n<p>La comunidad de trabajadores de los Pirineos ha financiado la constituci\u00f3n de una red de testores de los indicadores de gesti\u00f3n sostenible de los bosques. La concertaci\u00f3n entre los puntos claves del arco atl\u00e1ntico se desarrolla sobretodo en el seno del proyecto EUROSILVASUR, pero la integraci\u00f3n de nuevas regiones como Midi-Pyr\u00e9n\u00e9es y Catalu\u00f1a a necesitado el apoyo de la CTP<br \/>\nConcretamente, la constituci\u00f3n de esta red pasa por la realizaci\u00f3n de 4 reuniones sobre cada uno de llas zonas que ser\u00e1n retenidas como enclaves o zonas piloto. Estas visitas dan la ocasi\u00f3n de poner en claro: las competencias disponibles en cada regi\u00f3n , el avance de la certificaci\u00f3n y los objetivos a asignar en la red y en su conjunto.<\/p>\n<p class=\"vert\">Visitade la zona de Catalu\u00f1a (CTP) : le 25 et 26 abril 2002<\/p>\n<p>Auditor\u00eda en curso<\/p>\n<p class=\"vert\">Visit de la zona de Aquitaine (CTP) : le 13 et 14 juin<\/p>\n<p>El 13 : visita de las diapositivas del estudio de la biodiversidad, reencuentro con el comit\u00e9 que comanda (comit\u00e9 de pilotaje) de la zona- cita a10h30 en <a href=\"http:\/\/www.mappy.fr\/PlanPerso\/AAAA7juE80zAqAEYAAALRQ==\/1\">Pontenx<\/a> centre).<br \/>\nMa\u00f1ana de trabajo sobre la organizaci\u00f3n y el presupuesto del proyecto (<a href=\"http:\/\/w3.pierroton.inra.fr\/Acces\/plan.html\">Inra Pierroton<\/a>).<\/p>\n<p class=\"vert\">Vista de las p\u00e1ginas de Midi-Pyr\u00e9n\u00e9es (CTP): el 20-21 Junio<\/p>\n<p>El 20 de junio ser\u00e1 consagrado a la visita de la p\u00e1gina del Gar-Cagire, organizado por la ONF. Esta visita nos permeter\u00e1 descubrir un pino de haya con sus particularidades patrimoniales y el reencuentro con los participantes del PEFC en Midi-Pyr\u00e9n\u00e9es:<br \/>\nVisita del terreno: dos estaciones previstas<\/p>\n<ul>\n<li>presentaci\u00f3n de la gesti\u00f3n forestal en el bosque del dominio de Gar-Cagire- situaci\u00f3n, indicaciones u obligaciones(Patrick De meerleer)<\/li>\n<li>problem\u00e1tica \u00abh\u00e1bitats de inter\u00e9s comunal\u00bb(Fran\u00e7ois Pru&#8217;homme)<br \/>\nAlmuerzo a las 12h30 a Aspet en la pensi\u00f3n \u00abLe bois brul\u00e9\u00bb Despu\u00e9s, reuni\u00f3n en la sala sur:<br \/>\n\u00abEl estado de las ideas a t\u00edtulo del PEFC en Midi-Pyr\u00e9n\u00e9es\u00bb<br \/>\nEl estado adelantado del programa que pone en marcha una red de p\u00e1ginas de atelieres (talleres) par evaluar la adaptaci\u00f3n y coste del estudio de los indicadores de gesti\u00f3n sostenible.<br \/>\nCita a las 10h al <a href=\"http:\/\/www.viamichelin.com\/viamichelin\/fra\/dyn\/controller\/savedMapGet?mapId=153655\"> Col de Buret<\/a>, pr\u00f3ximo a Aspet<\/p>\n<p>La noche del 20 al 21 en Carcassone o en Castre seg\u00fan el n\u00famero de participantes.(contactar C.Orazio)<\/p>\n<p>El 21 de junio ser\u00e1 consagrado a la visita de la p\u00e1gina de los montes de Lacune que ha servido ya a un estudio sobre los indicadores en el marco del proyecto LIFE que finaliza este a\u00f1o. Presentaci\u00f3n de los resultados obtenidos de los indicadores de la biodiversidad y auditor\u00eda de los trabajos efectuados en el marco del proyecto LIFE.<br \/>\nCita a las 9h30 en <a href=\"http:\/\/www.viamichelin.com\/viamichelin\/fra\/dyn\/controller\/savedMapGet?mapId=153764\"> Angl\u00e9s<\/a> en la plaza de la iglesia.<\/p>\n<p>Itinerario Aspet-Angl\u00e9s <a href=\"http:\/\/www.viamichelin.com\/viamichelin\/fra\/dyn\/controller\/savedMapGet?mapId=153773\">aqu\u00ed<\/a><\/p>\n<p class=\"vert\">Visita de la p\u00e1gina de Euskadi (CTP): Atrasada a septiembre<\/p>\n<p><br clear=\"all\" \/><\/p>\n<div align=\"right\">\n<table id=\"CTP\" class=\"piedpage\" border=\"0\" summary=\"\">\n<tbody>\n<tr>\n<td colspan=\"9\" align=\"center\"><span style=\"font-size: xx-small;\">Projet Subventionn\u00e9 par<br \/>\nla Communaut\u00e9 de travail pyr\u00e9n\u00e9enne<\/span><\/td>\n<\/tr>\n<tr>\n<td><img decoding=\"async\" src=\"https:\/\/www.plantedforests.org\/old_resources\/images\/CRaquitaine.jpg\" alt=\"\" height=\"80\" border=\"0\" \/><\/td>\n<\/tr>\n<\/tbody>\n<\/table>\n<\/div>\n<\/li>\n<\/ul>\n<p>&nbsp;<\/p>\n","protected":false},"excerpt":{"rendered":"<p>La comunidad de trabajadores de los Pirineos ha financiado la constituci\u00f3n de una red de testores de los indicadores de gesti\u00f3n sostenible de los bosques. La concertaci\u00f3n entre los puntos [&hellip;]<\/p>\n","protected":false},"author":3,"featured_media":0,"parent":0,"menu_order":0,"comment_status":"closed","ping_status":"closed","template":"","meta":{"_acf_changed":false,"_eb_attr":"","_EventAllDay":false,"_EventTimezone":"","_EventStartDate":"","_EventEndDate":"","_EventStartDateUTC":"","_EventEndDateUTC":"","_EventShowMap":false,"_EventShowMapLink":false,"_EventURL":"","_EventCost":"","_EventCostDescription":"","_EventCurrencySymbol":"","_EventCurrencyCode":"","_EventCurrencyPosition":"","_EventDateTimeSeparator":"","_EventTimeRangeSeparator":"","_EventOrganizerID":[],"_EventVenueID":[],"_OrganizerEmail":"","_OrganizerPhone":"","_OrganizerWebsite":"","_VenueAddress":"","_VenueCity":"","_VenueCountry":"","_VenueProvince":"","_VenueState":"","_VenueZip":"","_VenuePhone":"","_VenueURL":"","_VenueStateProvince":"","_VenueLat":"","_VenueLng":"","_VenueShowMap":false,"_VenueShowMapLink":false,"activitypub_content_warning":"","activitypub_content_visibility":"","activitypub_max_image_attachments":4,"activitypub_interaction_policy_quote":"anyone","activitypub_status":"","footnotes":""},"class_list":["post-3053","page","type-page","status-publish","hentry"],"translation":{"provider":"WPGlobus","version":"3.0.2","language":"es","enabled_languages":["gb","fr","es","pt"],"languages":{"gb":{"title":true,"content":true,"excerpt":false},"fr":{"title":true,"content":true,"excerpt":false},"es":{"title":true,"content":true,"excerpt":false},"pt":{"title":true,"content":true,"excerpt":false}}},"acf":[],"yoast_head":"<!-- This site is optimized with the Yoast SEO plugin v27.3 - https:\/\/yoast.com\/product\/yoast-seo-wordpress\/ -->\n<title>Poner en marcha una red de puntos claves(zonas piloto) para testar los indicadores de gesti\u00f3n sostenible - Instituto Europeo Del Bosque Cultivado - IEFC<\/title>\n<meta name=\"robots\" content=\"index, follow, max-snippet:-1, max-image-preview:large, max-video-preview:-1\" \/>\n<link rel=\"canonical\" href=\"https:\/\/www.plantedforests.org\/mise-en-place-dun-reseau-de-zones-pilotes-pour-tester-les-indicateurs-de-gestion-durable\/\" \/>\n<meta property=\"og:locale\" content=\"es_ES\" \/>\n<meta property=\"og:type\" content=\"article\" \/>\n<meta property=\"og:title\" content=\"Poner en marcha una red de puntos claves(zonas piloto) para testar los indicadores de gesti\u00f3n sostenible - Instituto Europeo Del Bosque Cultivado - IEFC\" \/>\n<meta property=\"og:url\" content=\"https:\/\/www.plantedforests.org\/mise-en-place-dun-reseau-de-zones-pilotes-pour-tester-les-indicateurs-de-gestion-durable\/\" \/>\n<meta property=\"og:site_name\" content=\"Instituto Europeo Del Bosque Cultivado - IEFC\" \/>\n<meta property=\"article:modified_time\" content=\"2023-08-24T14:27:49+00:00\" \/>\n<meta property=\"og:image\" content=\"https:\/\/www.plantedforests.org\/old_resources\/images\/CRaquitaine.jpg\" \/>\n<meta name=\"twitter:card\" content=\"summary_large_image\" \/>\n<meta name=\"twitter:site\" content=\"@IEFCPlantForest\" \/>\n<meta name=\"twitter:label1\" content=\"Tiempo de lectura\" \/>\n\t<meta name=\"twitter:data1\" content=\"9 minutos\" \/>\n<script type=\"application\/ld+json\" class=\"yoast-schema-graph\">{\"@context\":\"https:\\\/\\\/schema.org\",\"@graph\":[{\"@type\":\"WebPage\",\"@id\":\"https:\\\/\\\/www.plantedforests.org\\\/mise-en-place-dun-reseau-de-zones-pilotes-pour-tester-les-indicateurs-de-gestion-durable\\\/\",\"url\":\"https:\\\/\\\/www.plantedforests.org\\\/mise-en-place-dun-reseau-de-zones-pilotes-pour-tester-les-indicateurs-de-gestion-durable\\\/\",\"name\":\"Poner en marcha una red de puntos claves(zonas piloto) para testar los indicadores de gesti\u00f3n sostenible - Instituto Europeo Del Bosque Cultivado - IEFC\",\"isPartOf\":{\"@id\":\"https:\\\/\\\/www.plantedforests.org\\\/fr\\\/#website\"},\"primaryImageOfPage\":{\"@id\":\"https:\\\/\\\/www.plantedforests.org\\\/mise-en-place-dun-reseau-de-zones-pilotes-pour-tester-les-indicateurs-de-gestion-durable\\\/#primaryimage\"},\"image\":{\"@id\":\"https:\\\/\\\/www.plantedforests.org\\\/mise-en-place-dun-reseau-de-zones-pilotes-pour-tester-les-indicateurs-de-gestion-durable\\\/#primaryimage\"},\"thumbnailUrl\":\"https:\\\/\\\/www.plantedforests.org\\\/old_resources\\\/images\\\/CRaquitaine.jpg\",\"datePublished\":\"2018-06-05T21:42:21+00:00\",\"dateModified\":\"2023-08-24T14:27:49+00:00\",\"breadcrumb\":{\"@id\":\"https:\\\/\\\/www.plantedforests.org\\\/mise-en-place-dun-reseau-de-zones-pilotes-pour-tester-les-indicateurs-de-gestion-durable\\\/#breadcrumb\"},\"inLanguage\":\"es\",\"potentialAction\":[{\"@type\":\"ReadAction\",\"target\":[\"https:\\\/\\\/www.plantedforests.org\\\/mise-en-place-dun-reseau-de-zones-pilotes-pour-tester-les-indicateurs-de-gestion-durable\\\/\"]}]},{\"@type\":\"ImageObject\",\"inLanguage\":\"es\",\"@id\":\"https:\\\/\\\/www.plantedforests.org\\\/mise-en-place-dun-reseau-de-zones-pilotes-pour-tester-les-indicateurs-de-gestion-durable\\\/#primaryimage\",\"url\":\"https:\\\/\\\/www.plantedforests.org\\\/old_resources\\\/images\\\/CRaquitaine.jpg\",\"contentUrl\":\"https:\\\/\\\/www.plantedforests.org\\\/old_resources\\\/images\\\/CRaquitaine.jpg\"},{\"@type\":\"BreadcrumbList\",\"@id\":\"https:\\\/\\\/www.plantedforests.org\\\/mise-en-place-dun-reseau-de-zones-pilotes-pour-tester-les-indicateurs-de-gestion-durable\\\/#breadcrumb\",\"itemListElement\":[{\"@type\":\"ListItem\",\"position\":1,\"name\":\"Accueil\",\"item\":\"https:\\\/\\\/www.plantedforests.org\\\/\"},{\"@type\":\"ListItem\",\"position\":2,\"name\":\"Mise en place d&rsquo;un r\u00e9seau de zones pilotes pour tester les indicateurs de gestion durable\"}]},{\"@type\":\"WebSite\",\"@id\":\"https:\\\/\\\/www.plantedforests.org\\\/fr\\\/#website\",\"url\":\"https:\\\/\\\/www.plantedforests.org\\\/fr\\\/\",\"name\":\"Instituto Europeo Del Bosque Cultivado - IEFC\",\"description\":\"La red para la gesti\u00f3n sostenible y la resiliencia de los bosques cultivados \",\"publisher\":{\"@id\":\"https:\\\/\\\/www.plantedforests.org\\\/fr\\\/#organization\"},\"potentialAction\":[{\"@type\":\"SearchAction\",\"target\":{\"@type\":\"EntryPoint\",\"urlTemplate\":\"https:\\\/\\\/www.plantedforests.org\\\/fr\\\/?s={search_term_string}\"},\"query-input\":{\"@type\":\"PropertyValueSpecification\",\"valueRequired\":true,\"valueName\":\"search_term_string\"}}],\"inLanguage\":\"es\"},{\"@type\":\"Organization\",\"@id\":\"https:\\\/\\\/www.plantedforests.org\\\/fr\\\/#organization\",\"name\":\"Institut Europ\u00e9en de la For\u00eat Cultiv\u00e9e - Plantedforests.org\",\"url\":\"https:\\\/\\\/www.plantedforests.org\\\/fr\\\/\",\"logo\":{\"@type\":\"ImageObject\",\"inLanguage\":\"es\",\"@id\":\"https:\\\/\\\/www.plantedforests.org\\\/fr\\\/#\\\/schema\\\/logo\\\/image\\\/\",\"url\":\"https:\\\/\\\/www.plantedforests.org\\\/wp-content\\\/uploads\\\/2022\\\/07\\\/Logo_iefc__FR.png\",\"contentUrl\":\"https:\\\/\\\/www.plantedforests.org\\\/wp-content\\\/uploads\\\/2022\\\/07\\\/Logo_iefc__FR.png\",\"width\":2031,\"height\":1001,\"caption\":\"Institut Europ\u00e9en de la For\u00eat Cultiv\u00e9e - Plantedforests.org\"},\"image\":{\"@id\":\"https:\\\/\\\/www.plantedforests.org\\\/fr\\\/#\\\/schema\\\/logo\\\/image\\\/\"},\"sameAs\":[\"https:\\\/\\\/x.com\\\/IEFCPlantForest\",\"https:\\\/\\\/www.linkedin.com\\\/company\\\/71728047\\\/\"]}]}<\/script>\n<!-- \/ Yoast SEO plugin. -->","yoast_head_json":{"title":"Poner en marcha una red de puntos claves(zonas piloto) para testar los indicadores de gesti\u00f3n sostenible - Instituto Europeo Del Bosque Cultivado - IEFC","robots":{"index":"index","follow":"follow","max-snippet":"max-snippet:-1","max-image-preview":"max-image-preview:large","max-video-preview":"max-video-preview:-1"},"canonical":"https:\/\/www.plantedforests.org\/mise-en-place-dun-reseau-de-zones-pilotes-pour-tester-les-indicateurs-de-gestion-durable\/","og_locale":"es_ES","og_type":"article","og_title":"Poner en marcha una red de puntos claves(zonas piloto) para testar los indicadores de gesti\u00f3n sostenible - Instituto Europeo Del Bosque Cultivado - IEFC","og_url":"https:\/\/www.plantedforests.org\/mise-en-place-dun-reseau-de-zones-pilotes-pour-tester-les-indicateurs-de-gestion-durable\/","og_site_name":"Instituto Europeo Del Bosque Cultivado - IEFC","article_modified_time":"2023-08-24T14:27:49+00:00","og_image":[{"url":"https:\/\/www.plantedforests.org\/old_resources\/images\/CRaquitaine.jpg","type":"","width":"","height":""}],"twitter_card":"summary_large_image","twitter_site":"@IEFCPlantForest","twitter_misc":{"Tiempo de lectura":"9 minutos"},"schema":{"@context":"https:\/\/schema.org","@graph":[{"@type":"WebPage","@id":"https:\/\/www.plantedforests.org\/mise-en-place-dun-reseau-de-zones-pilotes-pour-tester-les-indicateurs-de-gestion-durable\/","url":"https:\/\/www.plantedforests.org\/mise-en-place-dun-reseau-de-zones-pilotes-pour-tester-les-indicateurs-de-gestion-durable\/","name":"Poner en marcha una red de puntos claves(zonas piloto) para testar los indicadores de gesti\u00f3n sostenible - Instituto Europeo Del Bosque Cultivado - IEFC","isPartOf":{"@id":"https:\/\/www.plantedforests.org\/fr\/#website"},"primaryImageOfPage":{"@id":"https:\/\/www.plantedforests.org\/mise-en-place-dun-reseau-de-zones-pilotes-pour-tester-les-indicateurs-de-gestion-durable\/#primaryimage"},"image":{"@id":"https:\/\/www.plantedforests.org\/mise-en-place-dun-reseau-de-zones-pilotes-pour-tester-les-indicateurs-de-gestion-durable\/#primaryimage"},"thumbnailUrl":"https:\/\/www.plantedforests.org\/old_resources\/images\/CRaquitaine.jpg","datePublished":"2018-06-05T21:42:21+00:00","dateModified":"2023-08-24T14:27:49+00:00","breadcrumb":{"@id":"https:\/\/www.plantedforests.org\/mise-en-place-dun-reseau-de-zones-pilotes-pour-tester-les-indicateurs-de-gestion-durable\/#breadcrumb"},"inLanguage":"es","potentialAction":[{"@type":"ReadAction","target":["https:\/\/www.plantedforests.org\/mise-en-place-dun-reseau-de-zones-pilotes-pour-tester-les-indicateurs-de-gestion-durable\/"]}]},{"@type":"ImageObject","inLanguage":"es","@id":"https:\/\/www.plantedforests.org\/mise-en-place-dun-reseau-de-zones-pilotes-pour-tester-les-indicateurs-de-gestion-durable\/#primaryimage","url":"https:\/\/www.plantedforests.org\/old_resources\/images\/CRaquitaine.jpg","contentUrl":"https:\/\/www.plantedforests.org\/old_resources\/images\/CRaquitaine.jpg"},{"@type":"BreadcrumbList","@id":"https:\/\/www.plantedforests.org\/mise-en-place-dun-reseau-de-zones-pilotes-pour-tester-les-indicateurs-de-gestion-durable\/#breadcrumb","itemListElement":[{"@type":"ListItem","position":1,"name":"Accueil","item":"https:\/\/www.plantedforests.org\/"},{"@type":"ListItem","position":2,"name":"Mise en place d&rsquo;un r\u00e9seau de zones pilotes pour tester les indicateurs de gestion durable"}]},{"@type":"WebSite","@id":"https:\/\/www.plantedforests.org\/fr\/#website","url":"https:\/\/www.plantedforests.org\/fr\/","name":"Instituto Europeo Del Bosque Cultivado - IEFC","description":"La red para la gesti\u00f3n sostenible y la resiliencia de los bosques cultivados ","publisher":{"@id":"https:\/\/www.plantedforests.org\/fr\/#organization"},"potentialAction":[{"@type":"SearchAction","target":{"@type":"EntryPoint","urlTemplate":"https:\/\/www.plantedforests.org\/fr\/?s={search_term_string}"},"query-input":{"@type":"PropertyValueSpecification","valueRequired":true,"valueName":"search_term_string"}}],"inLanguage":"es"},{"@type":"Organization","@id":"https:\/\/www.plantedforests.org\/fr\/#organization","name":"Institut Europ\u00e9en de la For\u00eat Cultiv\u00e9e - Plantedforests.org","url":"https:\/\/www.plantedforests.org\/fr\/","logo":{"@type":"ImageObject","inLanguage":"es","@id":"https:\/\/www.plantedforests.org\/fr\/#\/schema\/logo\/image\/","url":"https:\/\/www.plantedforests.org\/wp-content\/uploads\/2022\/07\/Logo_iefc__FR.png","contentUrl":"https:\/\/www.plantedforests.org\/wp-content\/uploads\/2022\/07\/Logo_iefc__FR.png","width":2031,"height":1001,"caption":"Institut Europ\u00e9en de la For\u00eat Cultiv\u00e9e - Plantedforests.org"},"image":{"@id":"https:\/\/www.plantedforests.org\/fr\/#\/schema\/logo\/image\/"},"sameAs":["https:\/\/x.com\/IEFCPlantForest","https:\/\/www.linkedin.com\/company\/71728047\/"]}]}},"_links":{"self":[{"href":"https:\/\/www.plantedforests.org\/es\/wp-json\/wp\/v2\/pages\/3053","targetHints":{"allow":["GET"]}}],"collection":[{"href":"https:\/\/www.plantedforests.org\/es\/wp-json\/wp\/v2\/pages"}],"about":[{"href":"https:\/\/www.plantedforests.org\/es\/wp-json\/wp\/v2\/types\/page"}],"author":[{"embeddable":true,"href":"https:\/\/www.plantedforests.org\/es\/wp-json\/wp\/v2\/users\/3"}],"replies":[{"embeddable":true,"href":"https:\/\/www.plantedforests.org\/es\/wp-json\/wp\/v2\/comments?post=3053"}],"version-history":[{"count":2,"href":"https:\/\/www.plantedforests.org\/es\/wp-json\/wp\/v2\/pages\/3053\/revisions"}],"predecessor-version":[{"id":3055,"href":"https:\/\/www.plantedforests.org\/es\/wp-json\/wp\/v2\/pages\/3053\/revisions\/3055"}],"wp:attachment":[{"href":"https:\/\/www.plantedforests.org\/es\/wp-json\/wp\/v2\/media?parent=3053"}],"curies":[{"name":"wp","href":"https:\/\/api.w.org\/{rel}","templated":true}]}}